{"id":34687,"date":"2025-07-15T12:49:50","date_gmt":"2025-07-15T12:49:50","guid":{"rendered":"https:\/\/curiosidadesedicas.com\/loja\/?post_type=product&#038;p=34687"},"modified":"2026-04-22T11:58:47","modified_gmt":"2026-04-22T11:58:47","slug":"ventilador-de-ar-c-humificador-e-comando-200w-60-litros-40-52m2","status":"publish","type":"product","link":"https:\/\/curiosidadesedicas.com\/loja\/produto\/ventilador-de-ar-c-humificador-e-comando-200w-60-litros-40-52m2\/","title":{"rendered":"VENTILADOR DE AR \u200b\u200bC\/ HUMIFICADOR E COMANDO 200W 60 LITROS | 40-52M2"},"content":{"rendered":"<p>Ventilador Humidificador 200W e com capacidade de 60 litros.<\/p>\n<ul>\n<li>3 Velocidades: Alta, m\u00e9dia e baixa.<\/li>\n<li>Controle t\u00e1til. Oscila\u00e7\u00e3o: Horizontal: 60\u00b0, Vertical: 120\u00b0. Temporizador de at\u00e9 12 horas.<\/li>\n<li>Capacidade do reservat\u00f3rio de \u00e1gua: 60L.<\/li>\n<li>Pot\u00eancia: 200W.<\/li>\n<li>Fluxo de ar:\n<ul>\n<li>Velocidade alta: 9 m\/s,<\/li>\n<li>Velocidade m\u00e9dia: 8 m\/s,<\/li>\n<li>Velocidade baixa: 7 m\/s.<\/li>\n<\/ul>\n<\/li>\n<li>Volume de fluxo de ar: 6500 m\u00b3\/h.<\/li>\n<li>Adequado para espa\u00e7os de 40-50 m\u00b2.<\/li>\n<li>N\u00edvel de ru\u00eddo: \u2264 65dB.<\/li>\n<li>Rodas para facilitar o transporte.<\/li>\n<li>Placas de gelo: 4.<\/li>\n<li>Controle remoto.<\/li>\n<li>Tamanho: 580x400x1180 mm.<\/li>\n<li>Peso l\u00edquido: 15,6 kg.<\/li>\n<\/ul>\n<p><img decoding=\"async\" src=\"https:\/\/curiosidadesedicas.com\/loja\/wp-content\/uploads\/2025\/07\/Ventilador-GRANDE-200W.png\" \/><\/p>\n<p>&nbsp;<\/p>\n","protected":false},"excerpt":{"rendered":"<p>Desfrute de um ambiente fresco e confort\u00e1vel com o ventilador humidificador. Com 3 velocidades ajust\u00e1veis (alta, m\u00e9dia e baixa), este climatizador \u00e9 perfeito para regular a temperatura em espa\u00e7os de at\u00e9 52 m\u00b2. Sua grande capacidade de 60 litros garante um funcionamento cont\u00ednuo, e sua oscila\u00e7\u00e3o horizontal e vertical de 60\u00b0 e 120\u00b0 distribui o ar de forma eficiente.<\/p>\n<ul>\n<li>3 Velocidades: Ajuste a intensidade do fluxo de ar conforme suas necessidades.<\/li>\n<li>Oscila\u00e7\u00e3o Horizontal e Vertical: Cobertura ampla para distribuir o ar fresco em todo o ambiente.<\/li>\n<li>Capacidade do reservat\u00f3rio de \u00e1gua de 60L, ou seja, mais potencia, mais capacidade de dep\u00f3sito, capacidade para mais metros quadrados: Ideal para manter um fluxo constante de ar fresco por mais tempo.<\/li>\n<li>Controle t\u00e1til e controle remoto: Conforto ao alcance de suas m\u00e3os com controle f\u00e1cil e intuitivo.<\/li>\n<li>Rodas de transporte: F\u00e1cil de mover para qualquer c\u00f4modo.<\/li>\n<li>Baixo n\u00edvel de ru\u00eddo (\u2264 65dB): Aproveite um ambiente tranquilo e relaxante.<\/li>\n<\/ul>\n<p>Este climatizador \u00e9 uma solu\u00e7\u00e3o eficaz e econ\u00f4mica para manter sua casa ou escrit\u00f3rio na temperatura ideal nos dias quentes.<\/p>\n<p>https:\/\/youtu.be\/j0tzp1nb518<\/p>\n<p>Este ventilador de ar tamb\u00e9m inclui 4 placas de gelo que refor\u00e7am sua capacidade de resfriamento e possui rodas para facilitar o transporte. Com um design compacto e elegante, \u00e9 o aparelho perfeito para desfrutar de ar fresco e limpo durante os dias mais quentes do ano.<\/p>\n","protected":false},"featured_media":35314,"comment_status":"open","ping_status":"closed","template":"","meta":{"_glsr_average":0,"_glsr_ranking":0,"_glsr_reviews":0},"product_brand":[],"product_cat":[533,474,365,484,369],"product_tag":[],"class_list":{"0":"post-34687","1":"product","2":"type-product","3":"status-publish","4":"has-post-thumbnail","6":"product_cat-climatizacao","7":"product_cat-ventilacao","8":"product_cat-para-o-lar","9":"product_cat-evaporativos","10":"product_cat-ventoinhas","12":"first","13":"instock","14":"taxable","15":"shipping-taxable","16":"purchasable","17":"product-type-simple"},"yoast_head":"<!-- This site is optimized with the Yoast SEO plugin v26.8 - https:\/\/yoast.com\/product\/yoast-seo-wordpress\/ -->\n<title>VENTILADOR DE AR \u200b\u200bC\/ HUMIFICADOR E COMANDO 200W 60 LITROS | 40-52M2 - Curiosidades &amp; Dicas, Lda<\/title>\n<meta name=\"robots\" content=\"index, follow, max-snippet:-1, max-image-preview:large, max-video-preview:-1\" \/>\n<link rel=\"canonical\" href=\"https:\/\/curiosidadesedicas.com\/loja\/produto\/ventilador-de-ar-c-humificador-e-comando-200w-60-litros-40-52m2\/\" \/>\n<meta property=\"og:locale\" content=\"pt_PT\" \/>\n<meta property=\"og:type\" content=\"article\" \/>\n<meta property=\"og:title\" content=\"VENTILADOR DE AR \u200b\u200bC\/ HUMIFICADOR E COMANDO 200W 60 LITROS | 40-52M2 - Curiosidades &amp; Dicas, Lda\" \/>\n<meta property=\"og:description\" content=\"Desfrute de um ambiente fresco e confort\u00e1vel com o ventilador humidificador. Com 3 velocidades ajust\u00e1veis (alta, m\u00e9dia e baixa), este climatizador \u00e9 perfeito para regular a temperatura em espa\u00e7os de at\u00e9 52 m\u00b2. Sua grande capacidade de 60 litros garante um funcionamento cont\u00ednuo, e sua oscila\u00e7\u00e3o horizontal e vertical de 60\u00b0 e 120\u00b0 distribui o ar de forma eficiente.   3 Velocidades: Ajuste a intensidade do fluxo de ar conforme suas necessidades.  Oscila\u00e7\u00e3o Horizontal e Vertical: Cobertura ampla para distribuir o ar fresco em todo o ambiente.  Capacidade do reservat\u00f3rio de \u00e1gua de 60L, ou seja, mais potencia, mais capacidade de dep\u00f3sito, capacidade para mais metros quadrados: Ideal para manter um fluxo constante de ar fresco por mais tempo.  Controle t\u00e1til e controle remoto: Conforto ao alcance de suas m\u00e3os com controle f\u00e1cil e intuitivo.  Rodas de transporte: F\u00e1cil de mover para qualquer c\u00f4modo.  Baixo n\u00edvel de ru\u00eddo (\u2264 65dB): Aproveite um ambiente tranquilo e relaxante.  Este climatizador \u00e9 uma solu\u00e7\u00e3o eficaz e econ\u00f4mica para manter sua casa ou escrit\u00f3rio na temperatura ideal nos dias quentes.  https:\/\/youtu.be\/j0tzp1nb518  Este ventilador de ar tamb\u00e9m inclui 4 placas de gelo que refor\u00e7am sua capacidade de resfriamento e possui rodas para facilitar o transporte. Com um design compacto e elegante, \u00e9 o aparelho perfeito para desfrutar de ar fresco e limpo durante os dias mais quentes do ano.\" \/>\n<meta property=\"og:url\" content=\"https:\/\/curiosidadesedicas.com\/loja\/produto\/ventilador-de-ar-c-humificador-e-comando-200w-60-litros-40-52m2\/\" \/>\n<meta property=\"og:site_name\" content=\"Curiosidades &amp; Dicas, Lda\" \/>\n<meta property=\"article:modified_time\" content=\"2026-04-22T11:58:47+00:00\" \/>\n<meta property=\"og:image\" content=\"https:\/\/curiosidadesedicas.com\/loja\/wp-content\/uploads\/2025\/07\/1-1.webp\" \/>\n\t<meta property=\"og:image:width\" content=\"800\" \/>\n\t<meta property=\"og:image:height\" content=\"800\" \/>\n\t<meta property=\"og:image:type\" content=\"image\/webp\" \/>\n<meta name=\"twitter:card\" content=\"summary_large_image\" \/>\n<meta name=\"twitter:label1\" content=\"Tempo estimado de leitura\" \/>\n\t<meta name=\"twitter:data1\" content=\"1 minuto\" \/>\n<script type=\"application\/ld+json\" class=\"yoast-schema-graph\">{\"@context\":\"https:\/\/schema.org\",\"@graph\":[{\"@type\":\"WebPage\",\"@id\":\"https:\/\/curiosidadesedicas.com\/loja\/produto\/ventilador-de-ar-c-humificador-e-comando-200w-60-litros-40-52m2\/\",\"url\":\"https:\/\/curiosidadesedicas.com\/loja\/produto\/ventilador-de-ar-c-humificador-e-comando-200w-60-litros-40-52m2\/\",\"name\":\"VENTILADOR DE AR \u200b\u200bC\/ HUMIFICADOR E COMANDO 200W 60 LITROS | 40-52M2 - Curiosidades &amp; Dicas, Lda\",\"isPartOf\":{\"@id\":\"https:\/\/curiosidadesedicas.com\/loja\/#website\"},\"primaryImageOfPage\":{\"@id\":\"https:\/\/curiosidadesedicas.com\/loja\/produto\/ventilador-de-ar-c-humificador-e-comando-200w-60-litros-40-52m2\/#primaryimage\"},\"image\":{\"@id\":\"https:\/\/curiosidadesedicas.com\/loja\/produto\/ventilador-de-ar-c-humificador-e-comando-200w-60-litros-40-52m2\/#primaryimage\"},\"thumbnailUrl\":\"https:\/\/curiosidadesedicas.com\/loja\/wp-content\/uploads\/2025\/07\/1-1.webp\",\"datePublished\":\"2025-07-15T12:49:50+00:00\",\"dateModified\":\"2026-04-22T11:58:47+00:00\",\"breadcrumb\":{\"@id\":\"https:\/\/curiosidadesedicas.com\/loja\/produto\/ventilador-de-ar-c-humificador-e-comando-200w-60-litros-40-52m2\/#breadcrumb\"},\"inLanguage\":\"pt-PT\",\"potentialAction\":[{\"@type\":\"ReadAction\",\"target\":[\"https:\/\/curiosidadesedicas.com\/loja\/produto\/ventilador-de-ar-c-humificador-e-comando-200w-60-litros-40-52m2\/\"]}]},{\"@type\":\"ImageObject\",\"inLanguage\":\"pt-PT\",\"@id\":\"https:\/\/curiosidadesedicas.com\/loja\/produto\/ventilador-de-ar-c-humificador-e-comando-200w-60-litros-40-52m2\/#primaryimage\",\"url\":\"https:\/\/curiosidadesedicas.com\/loja\/wp-content\/uploads\/2025\/07\/1-1.webp\",\"contentUrl\":\"https:\/\/curiosidadesedicas.com\/loja\/wp-content\/uploads\/2025\/07\/1-1.webp\",\"width\":800,\"height\":800},{\"@type\":\"BreadcrumbList\",\"@id\":\"https:\/\/curiosidadesedicas.com\/loja\/produto\/ventilador-de-ar-c-humificador-e-comando-200w-60-litros-40-52m2\/#breadcrumb\",\"itemListElement\":[{\"@type\":\"ListItem\",\"position\":1,\"name\":\"In\u00edcio\",\"item\":\"https:\/\/curiosidadesedicas.com\/loja\/\"},{\"@type\":\"ListItem\",\"position\":2,\"name\":\"Produtos\",\"item\":\"https:\/\/curiosidadesedicas.com\/loja\/produtos\/\"},{\"@type\":\"ListItem\",\"position\":3,\"name\":\"VENTILADOR DE AR \u200b\u200bC\/ HUMIFICADOR E COMANDO 200W 60 LITROS | 40-52M2\"}]},{\"@type\":\"WebSite\",\"@id\":\"https:\/\/curiosidadesedicas.com\/loja\/#website\",\"url\":\"https:\/\/curiosidadesedicas.com\/loja\/\",\"name\":\"Curiosidades &amp; Dicas, Lda\",\"description\":\"Apaixonados Por Inova\u00e7\u00e3o\",\"publisher\":{\"@id\":\"https:\/\/curiosidadesedicas.com\/loja\/#organization\"},\"potentialAction\":[{\"@type\":\"SearchAction\",\"target\":{\"@type\":\"EntryPoint\",\"urlTemplate\":\"https:\/\/curiosidadesedicas.com\/loja\/?s={search_term_string}\"},\"query-input\":{\"@type\":\"PropertyValueSpecification\",\"valueRequired\":true,\"valueName\":\"search_term_string\"}}],\"inLanguage\":\"pt-PT\"},{\"@type\":\"Organization\",\"@id\":\"https:\/\/curiosidadesedicas.com\/loja\/#organization\",\"name\":\"Curiosidades & Dicas\",\"url\":\"https:\/\/curiosidadesedicas.com\/loja\/\",\"logo\":{\"@type\":\"ImageObject\",\"inLanguage\":\"pt-PT\",\"@id\":\"https:\/\/curiosidadesedicas.com\/loja\/#\/schema\/logo\/image\/\",\"url\":\"https:\/\/curiosidadesedicas.com\/loja\/wp-content\/uploads\/2020\/05\/LogoCuriosidadesSimples.png\",\"contentUrl\":\"https:\/\/curiosidadesedicas.com\/loja\/wp-content\/uploads\/2020\/05\/LogoCuriosidadesSimples.png\",\"width\":3528,\"height\":804,\"caption\":\"Curiosidades & Dicas\"},\"image\":{\"@id\":\"https:\/\/curiosidadesedicas.com\/loja\/#\/schema\/logo\/image\/\"}}]}<\/script>\n<!-- \/ Yoast SEO plugin. -->","yoast_head_json":{"title":"VENTILADOR DE AR \u200b\u200bC\/ HUMIFICADOR E COMANDO 200W 60 LITROS | 40-52M2 - Curiosidades &amp; Dicas, Lda","robots":{"index":"index","follow":"follow","max-snippet":"max-snippet:-1","max-image-preview":"max-image-preview:large","max-video-preview":"max-video-preview:-1"},"canonical":"https:\/\/curiosidadesedicas.com\/loja\/produto\/ventilador-de-ar-c-humificador-e-comando-200w-60-litros-40-52m2\/","og_locale":"pt_PT","og_type":"article","og_title":"VENTILADOR DE AR \u200b\u200bC\/ HUMIFICADOR E COMANDO 200W 60 LITROS | 40-52M2 - Curiosidades &amp; Dicas, Lda","og_description":"Desfrute de um ambiente fresco e confort\u00e1vel com o ventilador humidificador. Com 3 velocidades ajust\u00e1veis (alta, m\u00e9dia e baixa), este climatizador \u00e9 perfeito para regular a temperatura em espa\u00e7os de at\u00e9 52 m\u00b2. Sua grande capacidade de 60 litros garante um funcionamento cont\u00ednuo, e sua oscila\u00e7\u00e3o horizontal e vertical de 60\u00b0 e 120\u00b0 distribui o ar de forma eficiente.   3 Velocidades: Ajuste a intensidade do fluxo de ar conforme suas necessidades.  Oscila\u00e7\u00e3o Horizontal e Vertical: Cobertura ampla para distribuir o ar fresco em todo o ambiente.  Capacidade do reservat\u00f3rio de \u00e1gua de 60L, ou seja, mais potencia, mais capacidade de dep\u00f3sito, capacidade para mais metros quadrados: Ideal para manter um fluxo constante de ar fresco por mais tempo.  Controle t\u00e1til e controle remoto: Conforto ao alcance de suas m\u00e3os com controle f\u00e1cil e intuitivo.  Rodas de transporte: F\u00e1cil de mover para qualquer c\u00f4modo.  Baixo n\u00edvel de ru\u00eddo (\u2264 65dB): Aproveite um ambiente tranquilo e relaxante.  Este climatizador \u00e9 uma solu\u00e7\u00e3o eficaz e econ\u00f4mica para manter sua casa ou escrit\u00f3rio na temperatura ideal nos dias quentes.  https:\/\/youtu.be\/j0tzp1nb518  Este ventilador de ar tamb\u00e9m inclui 4 placas de gelo que refor\u00e7am sua capacidade de resfriamento e possui rodas para facilitar o transporte. Com um design compacto e elegante, \u00e9 o aparelho perfeito para desfrutar de ar fresco e limpo durante os dias mais quentes do ano.","og_url":"https:\/\/curiosidadesedicas.com\/loja\/produto\/ventilador-de-ar-c-humificador-e-comando-200w-60-litros-40-52m2\/","og_site_name":"Curiosidades &amp; Dicas, Lda","article_modified_time":"2026-04-22T11:58:47+00:00","og_image":[{"width":800,"height":800,"url":"https:\/\/curiosidadesedicas.com\/loja\/wp-content\/uploads\/2025\/07\/1-1.webp","type":"image\/webp"}],"twitter_card":"summary_large_image","twitter_misc":{"Tempo estimado de leitura":"1 minuto"},"schema":{"@context":"https:\/\/schema.org","@graph":[{"@type":"WebPage","@id":"https:\/\/curiosidadesedicas.com\/loja\/produto\/ventilador-de-ar-c-humificador-e-comando-200w-60-litros-40-52m2\/","url":"https:\/\/curiosidadesedicas.com\/loja\/produto\/ventilador-de-ar-c-humificador-e-comando-200w-60-litros-40-52m2\/","name":"VENTILADOR DE AR \u200b\u200bC\/ HUMIFICADOR E COMANDO 200W 60 LITROS | 40-52M2 - Curiosidades &amp; Dicas, Lda","isPartOf":{"@id":"https:\/\/curiosidadesedicas.com\/loja\/#website"},"primaryImageOfPage":{"@id":"https:\/\/curiosidadesedicas.com\/loja\/produto\/ventilador-de-ar-c-humificador-e-comando-200w-60-litros-40-52m2\/#primaryimage"},"image":{"@id":"https:\/\/curiosidadesedicas.com\/loja\/produto\/ventilador-de-ar-c-humificador-e-comando-200w-60-litros-40-52m2\/#primaryimage"},"thumbnailUrl":"https:\/\/curiosidadesedicas.com\/loja\/wp-content\/uploads\/2025\/07\/1-1.webp","datePublished":"2025-07-15T12:49:50+00:00","dateModified":"2026-04-22T11:58:47+00:00","breadcrumb":{"@id":"https:\/\/curiosidadesedicas.com\/loja\/produto\/ventilador-de-ar-c-humificador-e-comando-200w-60-litros-40-52m2\/#breadcrumb"},"inLanguage":"pt-PT","potentialAction":[{"@type":"ReadAction","target":["https:\/\/curiosidadesedicas.com\/loja\/produto\/ventilador-de-ar-c-humificador-e-comando-200w-60-litros-40-52m2\/"]}]},{"@type":"ImageObject","inLanguage":"pt-PT","@id":"https:\/\/curiosidadesedicas.com\/loja\/produto\/ventilador-de-ar-c-humificador-e-comando-200w-60-litros-40-52m2\/#primaryimage","url":"https:\/\/curiosidadesedicas.com\/loja\/wp-content\/uploads\/2025\/07\/1-1.webp","contentUrl":"https:\/\/curiosidadesedicas.com\/loja\/wp-content\/uploads\/2025\/07\/1-1.webp","width":800,"height":800},{"@type":"BreadcrumbList","@id":"https:\/\/curiosidadesedicas.com\/loja\/produto\/ventilador-de-ar-c-humificador-e-comando-200w-60-litros-40-52m2\/#breadcrumb","itemListElement":[{"@type":"ListItem","position":1,"name":"In\u00edcio","item":"https:\/\/curiosidadesedicas.com\/loja\/"},{"@type":"ListItem","position":2,"name":"Produtos","item":"https:\/\/curiosidadesedicas.com\/loja\/produtos\/"},{"@type":"ListItem","position":3,"name":"VENTILADOR DE AR \u200b\u200bC\/ HUMIFICADOR E COMANDO 200W 60 LITROS | 40-52M2"}]},{"@type":"WebSite","@id":"https:\/\/curiosidadesedicas.com\/loja\/#website","url":"https:\/\/curiosidadesedicas.com\/loja\/","name":"Curiosidades &amp; Dicas, Lda","description":"Apaixonados Por Inova\u00e7\u00e3o","publisher":{"@id":"https:\/\/curiosidadesedicas.com\/loja\/#organization"},"potentialAction":[{"@type":"SearchAction","target":{"@type":"EntryPoint","urlTemplate":"https:\/\/curiosidadesedicas.com\/loja\/?s={search_term_string}"},"query-input":{"@type":"PropertyValueSpecification","valueRequired":true,"valueName":"search_term_string"}}],"inLanguage":"pt-PT"},{"@type":"Organization","@id":"https:\/\/curiosidadesedicas.com\/loja\/#organization","name":"Curiosidades & Dicas","url":"https:\/\/curiosidadesedicas.com\/loja\/","logo":{"@type":"ImageObject","inLanguage":"pt-PT","@id":"https:\/\/curiosidadesedicas.com\/loja\/#\/schema\/logo\/image\/","url":"https:\/\/curiosidadesedicas.com\/loja\/wp-content\/uploads\/2020\/05\/LogoCuriosidadesSimples.png","contentUrl":"https:\/\/curiosidadesedicas.com\/loja\/wp-content\/uploads\/2020\/05\/LogoCuriosidadesSimples.png","width":3528,"height":804,"caption":"Curiosidades & Dicas"},"image":{"@id":"https:\/\/curiosidadesedicas.com\/loja\/#\/schema\/logo\/image\/"}}]}},"_links":{"self":[{"href":"https:\/\/curiosidadesedicas.com\/loja\/wp-json\/wp\/v2\/product\/34687","targetHints":{"allow":["GET"]}}],"collection":[{"href":"https:\/\/curiosidadesedicas.com\/loja\/wp-json\/wp\/v2\/product"}],"about":[{"href":"https:\/\/curiosidadesedicas.com\/loja\/wp-json\/wp\/v2\/types\/product"}],"replies":[{"embeddable":true,"href":"https:\/\/curiosidadesedicas.com\/loja\/wp-json\/wp\/v2\/comments?post=34687"}],"wp:featuredmedia":[{"embeddable":true,"href":"https:\/\/curiosidadesedicas.com\/loja\/wp-json\/wp\/v2\/media\/35314"}],"wp:attachment":[{"href":"https:\/\/curiosidadesedicas.com\/loja\/wp-json\/wp\/v2\/media?parent=34687"}],"wp:term":[{"taxonomy":"product_brand","embeddable":true,"href":"https:\/\/curiosidadesedicas.com\/loja\/wp-json\/wp\/v2\/product_brand?post=34687"},{"taxonomy":"product_cat","embeddable":true,"href":"https:\/\/curiosidadesedicas.com\/loja\/wp-json\/wp\/v2\/product_cat?post=34687"},{"taxonomy":"product_tag","embeddable":true,"href":"https:\/\/curiosidadesedicas.com\/loja\/wp-json\/wp\/v2\/product_tag?post=34687"}],"curies":[{"name":"wp","href":"https:\/\/api.w.org\/{rel}","templated":true}]}}