{"id":34634,"date":"2025-06-12T14:56:34","date_gmt":"2025-06-12T14:56:34","guid":{"rendered":"https:\/\/curiosidadesedicas.com\/loja\/?post_type=product&#038;p=34634"},"modified":"2025-06-12T14:58:38","modified_gmt":"2025-06-12T14:58:38","slug":"lanterna-led-20w-1800lm-longo-alcance","status":"publish","type":"product","link":"https:\/\/curiosidadesedicas.com\/loja\/produto\/lanterna-led-20w-1800lm-longo-alcance\/","title":{"rendered":"LANTERNA LED 20W 1800LM LONGO ALCANCE"},"content":{"rendered":"<table>\n<tbody>\n<tr>\n<td>Potencia (w):<\/td>\n<td>20W<\/td>\n<\/tr>\n<tr>\n<td>Peso:<\/td>\n<td>0,447 kg<\/td>\n<\/tr>\n<tr>\n<td>\u00cdndice de prote\u00e7\u00e3o:<\/td>\n<td>IP65<\/td>\n<\/tr>\n<tr>\n<td>Autonomia:<\/td>\n<td>At\u00e9 10h<\/td>\n<\/tr>\n<tr>\n<td>Bateria:<\/td>\n<td>Inclu\u00ed 1 bateria 4.000 mAh de l\u00edtio<\/td>\n<\/tr>\n<tr>\n<td>Acess\u00f3rios:<\/td>\n<td>Cabo USB tipo C inclu\u00eddo<\/td>\n<\/tr>\n<tr>\n<td>Carga:<\/td>\n<td>Tempo de carga aproximado 6h<\/td>\n<\/tr>\n<tr>\n<td>Temperatura da luz:<\/td>\n<td>9.000 K<\/td>\n<\/tr>\n<tr>\n<td>Tipo:<\/td>\n<td>Lanterna Led\u00a0 de longa dist\u00e2ncia<\/td>\n<\/tr>\n<tr>\n<td>Alcance:<\/td>\n<td>At\u00e9 600m<\/td>\n<\/tr>\n<tr>\n<td>3 Modos de luz:<\/td>\n<td>1800 lm \/ 800 lm \/ 150 lm<\/td>\n<\/tr>\n<tr>\n<td>Caracter\u00edsticas:<\/td>\n<td>Fun\u00e7\u00e3o de Zoom<\/td>\n<\/tr>\n<tr>\n<td>Medida:<\/td>\n<td>\u00f8 43.5 x 159 mm<\/td>\n<\/tr>\n<\/tbody>\n<\/table>\n","protected":false},"excerpt":{"rendered":"<p>Lanterna Led de longa dist\u00e2ncia, com foco at\u00e9 600 m<\/p>\n<ul>\n<li>IP65<\/li>\n<li>20 W<\/li>\n<li>9000K<\/li>\n<li>3 modos: 1800 lm \/ 800 lm \/ 150 lm<\/li>\n<li>Fun\u00e7\u00e3o zoom<\/li>\n<li>Corpo de alum\u00ednio<\/li>\n<li>Carga de 6 horas<\/li>\n<li>Inclui bateria de 4000 mah<\/li>\n<li>Inclui cabo USB-C<\/li>\n<li>Autonomia 3 h \/ 5 h \/ 10 h<\/li>\n<li>Dimens\u00f5es: \u00f8 43,5 x 159 mm<\/li>\n<\/ul>\n<p>https:\/\/youtu.be\/sOnvLaGhbtA<\/p>\n","protected":false},"featured_media":34638,"comment_status":"open","ping_status":"closed","template":"","meta":{"_glsr_average":0,"_glsr_ranking":0,"_glsr_reviews":0},"product_brand":[],"product_cat":[345,349],"product_tag":[],"class_list":{"0":"post-34634","1":"product","2":"type-product","3":"status-publish","4":"has-post-thumbnail","6":"product_cat-gadgets-led","7":"product_cat-lanternas-led","9":"first","10":"instock","11":"taxable","12":"shipping-taxable","13":"purchasable","14":"product-type-simple"},"yoast_head":"<!-- This site is optimized with the Yoast SEO plugin v26.8 - https:\/\/yoast.com\/product\/yoast-seo-wordpress\/ -->\n<title>LANTERNA LED 20W 1800LM LONGO ALCANCE - Curiosidades &amp; Dicas, Lda<\/title>\n<meta name=\"robots\" content=\"index, follow, max-snippet:-1, max-image-preview:large, max-video-preview:-1\" \/>\n<link rel=\"canonical\" href=\"https:\/\/curiosidadesedicas.com\/loja\/produto\/lanterna-led-20w-1800lm-longo-alcance\/\" \/>\n<meta property=\"og:locale\" content=\"pt_PT\" \/>\n<meta property=\"og:type\" content=\"article\" \/>\n<meta property=\"og:title\" content=\"LANTERNA LED 20W 1800LM LONGO ALCANCE - Curiosidades &amp; Dicas, Lda\" \/>\n<meta property=\"og:description\" content=\"Lanterna Led de longa dist\u00e2ncia, com foco at\u00e9 600 m   IP65  20 W  9000K  3 modos: 1800 lm \/ 800 lm \/ 150 lm  Fun\u00e7\u00e3o zoom  Corpo de alum\u00ednio  Carga de 6 horas  Inclui bateria de 4000 mah  Inclui cabo USB-C  Autonomia 3 h \/ 5 h \/ 10 h  Dimens\u00f5es: \u00f8 43,5 x 159 mm  https:\/\/youtu.be\/sOnvLaGhbtA\" \/>\n<meta property=\"og:url\" content=\"https:\/\/curiosidadesedicas.com\/loja\/produto\/lanterna-led-20w-1800lm-longo-alcance\/\" \/>\n<meta property=\"og:site_name\" content=\"Curiosidades &amp; Dicas, Lda\" \/>\n<meta property=\"article:modified_time\" content=\"2025-06-12T14:58:38+00:00\" \/>\n<meta property=\"og:image\" content=\"https:\/\/curiosidadesedicas.com\/loja\/wp-content\/uploads\/2025\/06\/4.jpg\" \/>\n\t<meta property=\"og:image:width\" content=\"1000\" \/>\n\t<meta property=\"og:image:height\" content=\"1000\" \/>\n\t<meta property=\"og:image:type\" content=\"image\/jpeg\" \/>\n<meta name=\"twitter:card\" content=\"summary_large_image\" \/>\n<meta name=\"twitter:label1\" content=\"Tempo estimado de leitura\" \/>\n\t<meta name=\"twitter:data1\" content=\"1 minuto\" \/>\n<script type=\"application\/ld+json\" class=\"yoast-schema-graph\">{\"@context\":\"https:\/\/schema.org\",\"@graph\":[{\"@type\":\"WebPage\",\"@id\":\"https:\/\/curiosidadesedicas.com\/loja\/produto\/lanterna-led-20w-1800lm-longo-alcance\/\",\"url\":\"https:\/\/curiosidadesedicas.com\/loja\/produto\/lanterna-led-20w-1800lm-longo-alcance\/\",\"name\":\"LANTERNA LED 20W 1800LM LONGO ALCANCE - Curiosidades &amp; Dicas, Lda\",\"isPartOf\":{\"@id\":\"https:\/\/curiosidadesedicas.com\/loja\/#website\"},\"primaryImageOfPage\":{\"@id\":\"https:\/\/curiosidadesedicas.com\/loja\/produto\/lanterna-led-20w-1800lm-longo-alcance\/#primaryimage\"},\"image\":{\"@id\":\"https:\/\/curiosidadesedicas.com\/loja\/produto\/lanterna-led-20w-1800lm-longo-alcance\/#primaryimage\"},\"thumbnailUrl\":\"https:\/\/curiosidadesedicas.com\/loja\/wp-content\/uploads\/2025\/06\/4.jpg\",\"datePublished\":\"2025-06-12T14:56:34+00:00\",\"dateModified\":\"2025-06-12T14:58:38+00:00\",\"breadcrumb\":{\"@id\":\"https:\/\/curiosidadesedicas.com\/loja\/produto\/lanterna-led-20w-1800lm-longo-alcance\/#breadcrumb\"},\"inLanguage\":\"pt-PT\",\"potentialAction\":[{\"@type\":\"ReadAction\",\"target\":[\"https:\/\/curiosidadesedicas.com\/loja\/produto\/lanterna-led-20w-1800lm-longo-alcance\/\"]}]},{\"@type\":\"ImageObject\",\"inLanguage\":\"pt-PT\",\"@id\":\"https:\/\/curiosidadesedicas.com\/loja\/produto\/lanterna-led-20w-1800lm-longo-alcance\/#primaryimage\",\"url\":\"https:\/\/curiosidadesedicas.com\/loja\/wp-content\/uploads\/2025\/06\/4.jpg\",\"contentUrl\":\"https:\/\/curiosidadesedicas.com\/loja\/wp-content\/uploads\/2025\/06\/4.jpg\",\"width\":1000,\"height\":1000},{\"@type\":\"BreadcrumbList\",\"@id\":\"https:\/\/curiosidadesedicas.com\/loja\/produto\/lanterna-led-20w-1800lm-longo-alcance\/#breadcrumb\",\"itemListElement\":[{\"@type\":\"ListItem\",\"position\":1,\"name\":\"In\u00edcio\",\"item\":\"https:\/\/curiosidadesedicas.com\/loja\/\"},{\"@type\":\"ListItem\",\"position\":2,\"name\":\"Produtos\",\"item\":\"https:\/\/curiosidadesedicas.com\/loja\/produtos\/\"},{\"@type\":\"ListItem\",\"position\":3,\"name\":\"LANTERNA LED 20W 1800LM LONGO ALCANCE\"}]},{\"@type\":\"WebSite\",\"@id\":\"https:\/\/curiosidadesedicas.com\/loja\/#website\",\"url\":\"https:\/\/curiosidadesedicas.com\/loja\/\",\"name\":\"Curiosidades &amp; Dicas, Lda\",\"description\":\"Apaixonados Por Inova\u00e7\u00e3o\",\"publisher\":{\"@id\":\"https:\/\/curiosidadesedicas.com\/loja\/#organization\"},\"potentialAction\":[{\"@type\":\"SearchAction\",\"target\":{\"@type\":\"EntryPoint\",\"urlTemplate\":\"https:\/\/curiosidadesedicas.com\/loja\/?s={search_term_string}\"},\"query-input\":{\"@type\":\"PropertyValueSpecification\",\"valueRequired\":true,\"valueName\":\"search_term_string\"}}],\"inLanguage\":\"pt-PT\"},{\"@type\":\"Organization\",\"@id\":\"https:\/\/curiosidadesedicas.com\/loja\/#organization\",\"name\":\"Curiosidades & Dicas\",\"url\":\"https:\/\/curiosidadesedicas.com\/loja\/\",\"logo\":{\"@type\":\"ImageObject\",\"inLanguage\":\"pt-PT\",\"@id\":\"https:\/\/curiosidadesedicas.com\/loja\/#\/schema\/logo\/image\/\",\"url\":\"https:\/\/curiosidadesedicas.com\/loja\/wp-content\/uploads\/2020\/05\/LogoCuriosidadesSimples.png\",\"contentUrl\":\"https:\/\/curiosidadesedicas.com\/loja\/wp-content\/uploads\/2020\/05\/LogoCuriosidadesSimples.png\",\"width\":3528,\"height\":804,\"caption\":\"Curiosidades & Dicas\"},\"image\":{\"@id\":\"https:\/\/curiosidadesedicas.com\/loja\/#\/schema\/logo\/image\/\"}}]}<\/script>\n<!-- \/ Yoast SEO plugin. -->","yoast_head_json":{"title":"LANTERNA LED 20W 1800LM LONGO ALCANCE - Curiosidades &amp; Dicas, Lda","robots":{"index":"index","follow":"follow","max-snippet":"max-snippet:-1","max-image-preview":"max-image-preview:large","max-video-preview":"max-video-preview:-1"},"canonical":"https:\/\/curiosidadesedicas.com\/loja\/produto\/lanterna-led-20w-1800lm-longo-alcance\/","og_locale":"pt_PT","og_type":"article","og_title":"LANTERNA LED 20W 1800LM LONGO ALCANCE - Curiosidades &amp; Dicas, Lda","og_description":"Lanterna Led de longa dist\u00e2ncia, com foco at\u00e9 600 m   IP65  20 W  9000K  3 modos: 1800 lm \/ 800 lm \/ 150 lm  Fun\u00e7\u00e3o zoom  Corpo de alum\u00ednio  Carga de 6 horas  Inclui bateria de 4000 mah  Inclui cabo USB-C  Autonomia 3 h \/ 5 h \/ 10 h  Dimens\u00f5es: \u00f8 43,5 x 159 mm  https:\/\/youtu.be\/sOnvLaGhbtA","og_url":"https:\/\/curiosidadesedicas.com\/loja\/produto\/lanterna-led-20w-1800lm-longo-alcance\/","og_site_name":"Curiosidades &amp; Dicas, Lda","article_modified_time":"2025-06-12T14:58:38+00:00","og_image":[{"width":1000,"height":1000,"url":"https:\/\/curiosidadesedicas.com\/loja\/wp-content\/uploads\/2025\/06\/4.jpg","type":"image\/jpeg"}],"twitter_card":"summary_large_image","twitter_misc":{"Tempo estimado de leitura":"1 minuto"},"schema":{"@context":"https:\/\/schema.org","@graph":[{"@type":"WebPage","@id":"https:\/\/curiosidadesedicas.com\/loja\/produto\/lanterna-led-20w-1800lm-longo-alcance\/","url":"https:\/\/curiosidadesedicas.com\/loja\/produto\/lanterna-led-20w-1800lm-longo-alcance\/","name":"LANTERNA LED 20W 1800LM LONGO ALCANCE - Curiosidades &amp; Dicas, Lda","isPartOf":{"@id":"https:\/\/curiosidadesedicas.com\/loja\/#website"},"primaryImageOfPage":{"@id":"https:\/\/curiosidadesedicas.com\/loja\/produto\/lanterna-led-20w-1800lm-longo-alcance\/#primaryimage"},"image":{"@id":"https:\/\/curiosidadesedicas.com\/loja\/produto\/lanterna-led-20w-1800lm-longo-alcance\/#primaryimage"},"thumbnailUrl":"https:\/\/curiosidadesedicas.com\/loja\/wp-content\/uploads\/2025\/06\/4.jpg","datePublished":"2025-06-12T14:56:34+00:00","dateModified":"2025-06-12T14:58:38+00:00","breadcrumb":{"@id":"https:\/\/curiosidadesedicas.com\/loja\/produto\/lanterna-led-20w-1800lm-longo-alcance\/#breadcrumb"},"inLanguage":"pt-PT","potentialAction":[{"@type":"ReadAction","target":["https:\/\/curiosidadesedicas.com\/loja\/produto\/lanterna-led-20w-1800lm-longo-alcance\/"]}]},{"@type":"ImageObject","inLanguage":"pt-PT","@id":"https:\/\/curiosidadesedicas.com\/loja\/produto\/lanterna-led-20w-1800lm-longo-alcance\/#primaryimage","url":"https:\/\/curiosidadesedicas.com\/loja\/wp-content\/uploads\/2025\/06\/4.jpg","contentUrl":"https:\/\/curiosidadesedicas.com\/loja\/wp-content\/uploads\/2025\/06\/4.jpg","width":1000,"height":1000},{"@type":"BreadcrumbList","@id":"https:\/\/curiosidadesedicas.com\/loja\/produto\/lanterna-led-20w-1800lm-longo-alcance\/#breadcrumb","itemListElement":[{"@type":"ListItem","position":1,"name":"In\u00edcio","item":"https:\/\/curiosidadesedicas.com\/loja\/"},{"@type":"ListItem","position":2,"name":"Produtos","item":"https:\/\/curiosidadesedicas.com\/loja\/produtos\/"},{"@type":"ListItem","position":3,"name":"LANTERNA LED 20W 1800LM LONGO ALCANCE"}]},{"@type":"WebSite","@id":"https:\/\/curiosidadesedicas.com\/loja\/#website","url":"https:\/\/curiosidadesedicas.com\/loja\/","name":"Curiosidades &amp; Dicas, Lda","description":"Apaixonados Por Inova\u00e7\u00e3o","publisher":{"@id":"https:\/\/curiosidadesedicas.com\/loja\/#organization"},"potentialAction":[{"@type":"SearchAction","target":{"@type":"EntryPoint","urlTemplate":"https:\/\/curiosidadesedicas.com\/loja\/?s={search_term_string}"},"query-input":{"@type":"PropertyValueSpecification","valueRequired":true,"valueName":"search_term_string"}}],"inLanguage":"pt-PT"},{"@type":"Organization","@id":"https:\/\/curiosidadesedicas.com\/loja\/#organization","name":"Curiosidades & Dicas","url":"https:\/\/curiosidadesedicas.com\/loja\/","logo":{"@type":"ImageObject","inLanguage":"pt-PT","@id":"https:\/\/curiosidadesedicas.com\/loja\/#\/schema\/logo\/image\/","url":"https:\/\/curiosidadesedicas.com\/loja\/wp-content\/uploads\/2020\/05\/LogoCuriosidadesSimples.png","contentUrl":"https:\/\/curiosidadesedicas.com\/loja\/wp-content\/uploads\/2020\/05\/LogoCuriosidadesSimples.png","width":3528,"height":804,"caption":"Curiosidades & Dicas"},"image":{"@id":"https:\/\/curiosidadesedicas.com\/loja\/#\/schema\/logo\/image\/"}}]}},"_links":{"self":[{"href":"https:\/\/curiosidadesedicas.com\/loja\/wp-json\/wp\/v2\/product\/34634","targetHints":{"allow":["GET"]}}],"collection":[{"href":"https:\/\/curiosidadesedicas.com\/loja\/wp-json\/wp\/v2\/product"}],"about":[{"href":"https:\/\/curiosidadesedicas.com\/loja\/wp-json\/wp\/v2\/types\/product"}],"replies":[{"embeddable":true,"href":"https:\/\/curiosidadesedicas.com\/loja\/wp-json\/wp\/v2\/comments?post=34634"}],"wp:featuredmedia":[{"embeddable":true,"href":"https:\/\/curiosidadesedicas.com\/loja\/wp-json\/wp\/v2\/media\/34638"}],"wp:attachment":[{"href":"https:\/\/curiosidadesedicas.com\/loja\/wp-json\/wp\/v2\/media?parent=34634"}],"wp:term":[{"taxonomy":"product_brand","embeddable":true,"href":"https:\/\/curiosidadesedicas.com\/loja\/wp-json\/wp\/v2\/product_brand?post=34634"},{"taxonomy":"product_cat","embeddable":true,"href":"https:\/\/curiosidadesedicas.com\/loja\/wp-json\/wp\/v2\/product_cat?post=34634"},{"taxonomy":"product_tag","embeddable":true,"href":"https:\/\/curiosidadesedicas.com\/loja\/wp-json\/wp\/v2\/product_tag?post=34634"}],"curies":[{"name":"wp","href":"https:\/\/api.w.org\/{rel}","templated":true}]}}