{"id":34594,"date":"2025-05-21T13:05:16","date_gmt":"2025-05-21T13:05:16","guid":{"rendered":"https:\/\/curiosidadesedicas.com\/loja\/?post_type=product&#038;p=34594"},"modified":"2025-05-21T16:25:54","modified_gmt":"2025-05-21T16:25:54","slug":"chuveiro-de-alta-pressao-c-filtro-e-minerais-moshol","status":"publish","type":"product","link":"https:\/\/curiosidadesedicas.com\/loja\/produto\/chuveiro-de-alta-pressao-c-filtro-e-minerais-moshol\/","title":{"rendered":"CHUVEIRO DE ALTA PRESS\u00c3O C\/ FILTRO E MINERAIS MOSHOL"},"content":{"rendered":"<p>Este<b>\u00a0chuveiro de alta press\u00e3o com filtro e minerais<\/b>\u00a0proporciona uma agrad\u00e1vel sensa\u00e7\u00e3o de limpeza, suavidade e descontra\u00e7\u00e3o. Tem cinco tipos de jato e dois filtros anticalc\u00e1rio. Cont\u00e9m maifan, zeolita e turmalina. Favorece\u00a0a poupan\u00e7a de \u00e1gua.<\/p>\n<p>Um\u00a0<b>chuveiro ecol\u00f3gico mineral multifun\u00e7\u00f5es<\/b>\u00a0com diversos benef\u00edcios para a pele e o cabelo. Purifica e melhora a qualidade da \u00e1gua, aumenta a press\u00e3o e ajuda a reduzir a utiliza\u00e7\u00e3o de g\u00e9is e cremes.<\/p>\n<ul>\n<li><b>Design ergon\u00f3mico e multifun\u00e7\u00f5es<\/b>: o chuveiro de alta press\u00e3o com filtro e minerais permite desfrutar de uma experi\u00eancia de banho mais agrad\u00e1vel e relaxante com v\u00e1rios benef\u00edcios. A cabe\u00e7a ampla cria uma sensa\u00e7\u00e3o envolvente. Fabricado em TPR e BS cromado com qualidade, duradouro e resistente \u00e0 corros\u00e3o, com pontos de sa\u00edda de \u00e1gua em silicone.<\/li>\n<li><b>Cinco tipos de jato de \u00e1gua<\/b>: este chuveiro com filtro e minerais converte o banho em spa. Al\u00e9m disso, ajuda a melhorar a higiene, a hidrata\u00e7\u00e3o e a suavidade da pele e do cabelo. Tem cinco modos de fluxo de \u00e1gua: rain, massage, atomizing, massage+rain, massage+atomizing.<\/li>\n<li><b>Tr\u00eas tipos de p\u00e9rolas minerais<\/b>: o chuveiro de alta press\u00e3o tem pedras minerais antibacterianas (maifan, zeolita, turmalina) que atuam como um filtro i\u00f3nico ecol\u00f3gico para purificar e melhorar a qualidade da \u00e1gua: filtra as subst\u00e2ncias nocivas, metais pesados e impurezas, suaviza a dureza, reduz o cloro e regula o pH.<\/li>\n<li><b>Filtros purificadores<\/b>: este chuveiro ecol\u00f3gico mineral multifun\u00e7\u00f5es inclui dois filtros anticalc\u00e1rio no cabo, ambos com rede em a\u00e7o inoxid\u00e1vel e rebordo antigotejamento em borracha e silicone. Apto para todos os tipos de pele e ideal para peles sens\u00edveis.<\/li>\n<li><b>Poupan\u00e7a de \u00e1gua e instala\u00e7\u00e3o f\u00e1cil<\/b>: este chuveiro com minerais permite poupar \u00e1gua ao aumentar a press\u00e3o e ajuda a reduzir o uso de g\u00e9is e cremes. Instala-se facilmente, desenroscando a tampa do cabo e enroscando-a a mangueira do chuveiro (n\u00e3o inclu\u00eddo).<\/li>\n<\/ul>\n<p>&nbsp;<\/p>\n<p><img decoding=\"async\" class=\"aligncenter\" src=\"https:\/\/curiosidadesedicas.com\/loja\/wp-content\/uploads\/2025\/05\/cabeca-de-chuveiro-de-alta-pressao-com-filtro-e-minerais-moshol-innovagoods_877777.jpg\" \/><\/p>\n","protected":false},"excerpt":{"rendered":"<ul>\n<li>Material:\n<ul>\n<li>ABS<\/li>\n<li>TPR<\/li>\n<li>Silicone<\/li>\n<\/ul>\n<\/li>\n<li>Cor:\n<ul>\n<li>Prateado<\/li>\n<li>Preto<\/li>\n<li>Transparente<\/li>\n<\/ul>\n<\/li>\n<li>Tipo: Ralo de duche<\/li>\n<li>Design moderno: Ergon\u00f3mico<\/li>\n<li>Fluxo de \u00e1gua: 5 tipos de jato<\/li>\n<li>3 tipos de minerais (pedras naturais): turmalina, maifan, zeolite<\/li>\n<li>Multifun\u00e7\u00e3o: Cuidado e prote\u00e7\u00e3o da pele e do cabelo<\/li>\n<li>Propriedades: Suaviza\/amacia a dureza da \u00e1gua<\/li>\n<li>\u00c1gua purificada: Filtra cloro e impurezas da \u00e1gua e melhora a sa\u00fade da pele<\/li>\n<li>Experi\u00eancia de banho mais agrad\u00e1vel: Al\u00edvio, descanso, relaxamento e bem-estar<\/li>\n<li>Melhora o aspeto e estado da pele: Utiliza\u00e7\u00e3o recomendada para peles sens\u00edveis<\/li>\n<li>Ecol\u00f3gico: Poupan\u00e7a de \u00e1gua por press\u00e3o<\/li>\n<li>Caracter\u00edsticas: Reduz a utiliza\u00e7\u00e3o de g\u00e9is e cremes<\/li>\n<li>Universal: F\u00e1cil instala\u00e7\u00e3o<\/li>\n<li>Medidas aprox.: 12 x 28 x 5 cm<\/li>\n<\/ul>\n<p>https:\/\/youtu.be\/tVXk1FRenvc<\/p>\n","protected":false},"featured_media":34595,"comment_status":"open","ping_status":"closed","template":"","meta":{"_glsr_average":0,"_glsr_ranking":0,"_glsr_reviews":0},"product_brand":[],"product_cat":[357,359,391],"product_tag":[],"class_list":{"0":"post-34594","1":"product","2":"type-product","3":"status-publish","4":"has-post-thumbnail","6":"product_cat-bem-estar","7":"product_cat-relax","8":"product_cat-poupanca-de-agua","10":"first","11":"outofstock","12":"taxable","13":"shipping-taxable","14":"purchasable","15":"product-type-simple"},"yoast_head":"<!-- This site is optimized with the Yoast SEO plugin v26.8 - https:\/\/yoast.com\/product\/yoast-seo-wordpress\/ -->\n<title>CHUVEIRO DE ALTA PRESS\u00c3O C\/ FILTRO E MINERAIS MOSHOL - Curiosidades &amp; Dicas, Lda<\/title>\n<meta name=\"robots\" content=\"index, follow, max-snippet:-1, max-image-preview:large, max-video-preview:-1\" \/>\n<link rel=\"canonical\" href=\"https:\/\/curiosidadesedicas.com\/loja\/produto\/chuveiro-de-alta-pressao-c-filtro-e-minerais-moshol\/\" \/>\n<meta property=\"og:locale\" content=\"pt_PT\" \/>\n<meta property=\"og:type\" content=\"article\" \/>\n<meta property=\"og:title\" content=\"CHUVEIRO DE ALTA PRESS\u00c3O C\/ FILTRO E MINERAIS MOSHOL - Curiosidades &amp; Dicas, Lda\" \/>\n<meta property=\"og:description\" content=\"Material:   ABS  TPR  Silicone    Cor:   Prateado  Preto  Transparente    Tipo: Ralo de duche  Design moderno: Ergon\u00f3mico  Fluxo de \u00e1gua: 5 tipos de jato  3 tipos de minerais (pedras naturais): turmalina, maifan, zeolite  Multifun\u00e7\u00e3o: Cuidado e prote\u00e7\u00e3o da pele e do cabelo  Propriedades: Suaviza\/amacia a dureza da \u00e1gua  \u00c1gua purificada: Filtra cloro e impurezas da \u00e1gua e melhora a sa\u00fade da pele  Experi\u00eancia de banho mais agrad\u00e1vel: Al\u00edvio, descanso, relaxamento e bem-estar  Melhora o aspeto e estado da pele: Utiliza\u00e7\u00e3o recomendada para peles sens\u00edveis  Ecol\u00f3gico: Poupan\u00e7a de \u00e1gua por press\u00e3o  Caracter\u00edsticas: Reduz a utiliza\u00e7\u00e3o de g\u00e9is e cremes  Universal: F\u00e1cil instala\u00e7\u00e3o  Medidas aprox.: 12 x 28 x 5 cm  https:\/\/youtu.be\/tVXk1FRenvc\" \/>\n<meta property=\"og:url\" content=\"https:\/\/curiosidadesedicas.com\/loja\/produto\/chuveiro-de-alta-pressao-c-filtro-e-minerais-moshol\/\" \/>\n<meta property=\"og:site_name\" content=\"Curiosidades &amp; Dicas, Lda\" \/>\n<meta property=\"article:modified_time\" content=\"2025-05-21T16:25:54+00:00\" \/>\n<meta property=\"og:image\" content=\"https:\/\/curiosidadesedicas.com\/loja\/wp-content\/uploads\/2025\/05\/cabeca-de-chuveiro-de-alta-pressao-com-filtro-e-minerais-moshol-innovagoods_877777-1.jpg\" \/>\n\t<meta property=\"og:image:width\" content=\"600\" \/>\n\t<meta property=\"og:image:height\" content=\"600\" \/>\n\t<meta property=\"og:image:type\" content=\"image\/jpeg\" \/>\n<meta name=\"twitter:card\" content=\"summary_large_image\" \/>\n<meta name=\"twitter:label1\" content=\"Tempo estimado de leitura\" \/>\n\t<meta name=\"twitter:data1\" content=\"3 minutos\" \/>\n<script type=\"application\/ld+json\" class=\"yoast-schema-graph\">{\"@context\":\"https:\/\/schema.org\",\"@graph\":[{\"@type\":\"WebPage\",\"@id\":\"https:\/\/curiosidadesedicas.com\/loja\/produto\/chuveiro-de-alta-pressao-c-filtro-e-minerais-moshol\/\",\"url\":\"https:\/\/curiosidadesedicas.com\/loja\/produto\/chuveiro-de-alta-pressao-c-filtro-e-minerais-moshol\/\",\"name\":\"CHUVEIRO DE ALTA PRESS\u00c3O C\/ FILTRO E MINERAIS MOSHOL - Curiosidades &amp; Dicas, Lda\",\"isPartOf\":{\"@id\":\"https:\/\/curiosidadesedicas.com\/loja\/#website\"},\"primaryImageOfPage\":{\"@id\":\"https:\/\/curiosidadesedicas.com\/loja\/produto\/chuveiro-de-alta-pressao-c-filtro-e-minerais-moshol\/#primaryimage\"},\"image\":{\"@id\":\"https:\/\/curiosidadesedicas.com\/loja\/produto\/chuveiro-de-alta-pressao-c-filtro-e-minerais-moshol\/#primaryimage\"},\"thumbnailUrl\":\"https:\/\/curiosidadesedicas.com\/loja\/wp-content\/uploads\/2025\/05\/cabeca-de-chuveiro-de-alta-pressao-com-filtro-e-minerais-moshol-innovagoods_877777-1.jpg\",\"datePublished\":\"2025-05-21T13:05:16+00:00\",\"dateModified\":\"2025-05-21T16:25:54+00:00\",\"breadcrumb\":{\"@id\":\"https:\/\/curiosidadesedicas.com\/loja\/produto\/chuveiro-de-alta-pressao-c-filtro-e-minerais-moshol\/#breadcrumb\"},\"inLanguage\":\"pt-PT\",\"potentialAction\":[{\"@type\":\"ReadAction\",\"target\":[\"https:\/\/curiosidadesedicas.com\/loja\/produto\/chuveiro-de-alta-pressao-c-filtro-e-minerais-moshol\/\"]}]},{\"@type\":\"ImageObject\",\"inLanguage\":\"pt-PT\",\"@id\":\"https:\/\/curiosidadesedicas.com\/loja\/produto\/chuveiro-de-alta-pressao-c-filtro-e-minerais-moshol\/#primaryimage\",\"url\":\"https:\/\/curiosidadesedicas.com\/loja\/wp-content\/uploads\/2025\/05\/cabeca-de-chuveiro-de-alta-pressao-com-filtro-e-minerais-moshol-innovagoods_877777-1.jpg\",\"contentUrl\":\"https:\/\/curiosidadesedicas.com\/loja\/wp-content\/uploads\/2025\/05\/cabeca-de-chuveiro-de-alta-pressao-com-filtro-e-minerais-moshol-innovagoods_877777-1.jpg\",\"width\":600,\"height\":600},{\"@type\":\"BreadcrumbList\",\"@id\":\"https:\/\/curiosidadesedicas.com\/loja\/produto\/chuveiro-de-alta-pressao-c-filtro-e-minerais-moshol\/#breadcrumb\",\"itemListElement\":[{\"@type\":\"ListItem\",\"position\":1,\"name\":\"In\u00edcio\",\"item\":\"https:\/\/curiosidadesedicas.com\/loja\/\"},{\"@type\":\"ListItem\",\"position\":2,\"name\":\"Produtos\",\"item\":\"https:\/\/curiosidadesedicas.com\/loja\/produtos\/\"},{\"@type\":\"ListItem\",\"position\":3,\"name\":\"CHUVEIRO DE ALTA PRESS\u00c3O C\/ FILTRO E MINERAIS MOSHOL\"}]},{\"@type\":\"WebSite\",\"@id\":\"https:\/\/curiosidadesedicas.com\/loja\/#website\",\"url\":\"https:\/\/curiosidadesedicas.com\/loja\/\",\"name\":\"Curiosidades &amp; Dicas, Lda\",\"description\":\"Apaixonados Por Inova\u00e7\u00e3o\",\"publisher\":{\"@id\":\"https:\/\/curiosidadesedicas.com\/loja\/#organization\"},\"potentialAction\":[{\"@type\":\"SearchAction\",\"target\":{\"@type\":\"EntryPoint\",\"urlTemplate\":\"https:\/\/curiosidadesedicas.com\/loja\/?s={search_term_string}\"},\"query-input\":{\"@type\":\"PropertyValueSpecification\",\"valueRequired\":true,\"valueName\":\"search_term_string\"}}],\"inLanguage\":\"pt-PT\"},{\"@type\":\"Organization\",\"@id\":\"https:\/\/curiosidadesedicas.com\/loja\/#organization\",\"name\":\"Curiosidades & Dicas\",\"url\":\"https:\/\/curiosidadesedicas.com\/loja\/\",\"logo\":{\"@type\":\"ImageObject\",\"inLanguage\":\"pt-PT\",\"@id\":\"https:\/\/curiosidadesedicas.com\/loja\/#\/schema\/logo\/image\/\",\"url\":\"https:\/\/curiosidadesedicas.com\/loja\/wp-content\/uploads\/2020\/05\/LogoCuriosidadesSimples.png\",\"contentUrl\":\"https:\/\/curiosidadesedicas.com\/loja\/wp-content\/uploads\/2020\/05\/LogoCuriosidadesSimples.png\",\"width\":3528,\"height\":804,\"caption\":\"Curiosidades & Dicas\"},\"image\":{\"@id\":\"https:\/\/curiosidadesedicas.com\/loja\/#\/schema\/logo\/image\/\"}}]}<\/script>\n<!-- \/ Yoast SEO plugin. -->","yoast_head_json":{"title":"CHUVEIRO DE ALTA PRESS\u00c3O C\/ FILTRO E MINERAIS MOSHOL - Curiosidades &amp; Dicas, Lda","robots":{"index":"index","follow":"follow","max-snippet":"max-snippet:-1","max-image-preview":"max-image-preview:large","max-video-preview":"max-video-preview:-1"},"canonical":"https:\/\/curiosidadesedicas.com\/loja\/produto\/chuveiro-de-alta-pressao-c-filtro-e-minerais-moshol\/","og_locale":"pt_PT","og_type":"article","og_title":"CHUVEIRO DE ALTA PRESS\u00c3O C\/ FILTRO E MINERAIS MOSHOL - Curiosidades &amp; Dicas, Lda","og_description":"Material:   ABS  TPR  Silicone    Cor:   Prateado  Preto  Transparente    Tipo: Ralo de duche  Design moderno: Ergon\u00f3mico  Fluxo de \u00e1gua: 5 tipos de jato  3 tipos de minerais (pedras naturais): turmalina, maifan, zeolite  Multifun\u00e7\u00e3o: Cuidado e prote\u00e7\u00e3o da pele e do cabelo  Propriedades: Suaviza\/amacia a dureza da \u00e1gua  \u00c1gua purificada: Filtra cloro e impurezas da \u00e1gua e melhora a sa\u00fade da pele  Experi\u00eancia de banho mais agrad\u00e1vel: Al\u00edvio, descanso, relaxamento e bem-estar  Melhora o aspeto e estado da pele: Utiliza\u00e7\u00e3o recomendada para peles sens\u00edveis  Ecol\u00f3gico: Poupan\u00e7a de \u00e1gua por press\u00e3o  Caracter\u00edsticas: Reduz a utiliza\u00e7\u00e3o de g\u00e9is e cremes  Universal: F\u00e1cil instala\u00e7\u00e3o  Medidas aprox.: 12 x 28 x 5 cm  https:\/\/youtu.be\/tVXk1FRenvc","og_url":"https:\/\/curiosidadesedicas.com\/loja\/produto\/chuveiro-de-alta-pressao-c-filtro-e-minerais-moshol\/","og_site_name":"Curiosidades &amp; Dicas, Lda","article_modified_time":"2025-05-21T16:25:54+00:00","og_image":[{"width":600,"height":600,"url":"https:\/\/curiosidadesedicas.com\/loja\/wp-content\/uploads\/2025\/05\/cabeca-de-chuveiro-de-alta-pressao-com-filtro-e-minerais-moshol-innovagoods_877777-1.jpg","type":"image\/jpeg"}],"twitter_card":"summary_large_image","twitter_misc":{"Tempo estimado de leitura":"3 minutos"},"schema":{"@context":"https:\/\/schema.org","@graph":[{"@type":"WebPage","@id":"https:\/\/curiosidadesedicas.com\/loja\/produto\/chuveiro-de-alta-pressao-c-filtro-e-minerais-moshol\/","url":"https:\/\/curiosidadesedicas.com\/loja\/produto\/chuveiro-de-alta-pressao-c-filtro-e-minerais-moshol\/","name":"CHUVEIRO DE ALTA PRESS\u00c3O C\/ FILTRO E MINERAIS MOSHOL - Curiosidades &amp; Dicas, Lda","isPartOf":{"@id":"https:\/\/curiosidadesedicas.com\/loja\/#website"},"primaryImageOfPage":{"@id":"https:\/\/curiosidadesedicas.com\/loja\/produto\/chuveiro-de-alta-pressao-c-filtro-e-minerais-moshol\/#primaryimage"},"image":{"@id":"https:\/\/curiosidadesedicas.com\/loja\/produto\/chuveiro-de-alta-pressao-c-filtro-e-minerais-moshol\/#primaryimage"},"thumbnailUrl":"https:\/\/curiosidadesedicas.com\/loja\/wp-content\/uploads\/2025\/05\/cabeca-de-chuveiro-de-alta-pressao-com-filtro-e-minerais-moshol-innovagoods_877777-1.jpg","datePublished":"2025-05-21T13:05:16+00:00","dateModified":"2025-05-21T16:25:54+00:00","breadcrumb":{"@id":"https:\/\/curiosidadesedicas.com\/loja\/produto\/chuveiro-de-alta-pressao-c-filtro-e-minerais-moshol\/#breadcrumb"},"inLanguage":"pt-PT","potentialAction":[{"@type":"ReadAction","target":["https:\/\/curiosidadesedicas.com\/loja\/produto\/chuveiro-de-alta-pressao-c-filtro-e-minerais-moshol\/"]}]},{"@type":"ImageObject","inLanguage":"pt-PT","@id":"https:\/\/curiosidadesedicas.com\/loja\/produto\/chuveiro-de-alta-pressao-c-filtro-e-minerais-moshol\/#primaryimage","url":"https:\/\/curiosidadesedicas.com\/loja\/wp-content\/uploads\/2025\/05\/cabeca-de-chuveiro-de-alta-pressao-com-filtro-e-minerais-moshol-innovagoods_877777-1.jpg","contentUrl":"https:\/\/curiosidadesedicas.com\/loja\/wp-content\/uploads\/2025\/05\/cabeca-de-chuveiro-de-alta-pressao-com-filtro-e-minerais-moshol-innovagoods_877777-1.jpg","width":600,"height":600},{"@type":"BreadcrumbList","@id":"https:\/\/curiosidadesedicas.com\/loja\/produto\/chuveiro-de-alta-pressao-c-filtro-e-minerais-moshol\/#breadcrumb","itemListElement":[{"@type":"ListItem","position":1,"name":"In\u00edcio","item":"https:\/\/curiosidadesedicas.com\/loja\/"},{"@type":"ListItem","position":2,"name":"Produtos","item":"https:\/\/curiosidadesedicas.com\/loja\/produtos\/"},{"@type":"ListItem","position":3,"name":"CHUVEIRO DE ALTA PRESS\u00c3O C\/ FILTRO E MINERAIS MOSHOL"}]},{"@type":"WebSite","@id":"https:\/\/curiosidadesedicas.com\/loja\/#website","url":"https:\/\/curiosidadesedicas.com\/loja\/","name":"Curiosidades &amp; Dicas, Lda","description":"Apaixonados Por Inova\u00e7\u00e3o","publisher":{"@id":"https:\/\/curiosidadesedicas.com\/loja\/#organization"},"potentialAction":[{"@type":"SearchAction","target":{"@type":"EntryPoint","urlTemplate":"https:\/\/curiosidadesedicas.com\/loja\/?s={search_term_string}"},"query-input":{"@type":"PropertyValueSpecification","valueRequired":true,"valueName":"search_term_string"}}],"inLanguage":"pt-PT"},{"@type":"Organization","@id":"https:\/\/curiosidadesedicas.com\/loja\/#organization","name":"Curiosidades & Dicas","url":"https:\/\/curiosidadesedicas.com\/loja\/","logo":{"@type":"ImageObject","inLanguage":"pt-PT","@id":"https:\/\/curiosidadesedicas.com\/loja\/#\/schema\/logo\/image\/","url":"https:\/\/curiosidadesedicas.com\/loja\/wp-content\/uploads\/2020\/05\/LogoCuriosidadesSimples.png","contentUrl":"https:\/\/curiosidadesedicas.com\/loja\/wp-content\/uploads\/2020\/05\/LogoCuriosidadesSimples.png","width":3528,"height":804,"caption":"Curiosidades & Dicas"},"image":{"@id":"https:\/\/curiosidadesedicas.com\/loja\/#\/schema\/logo\/image\/"}}]}},"_links":{"self":[{"href":"https:\/\/curiosidadesedicas.com\/loja\/wp-json\/wp\/v2\/product\/34594","targetHints":{"allow":["GET"]}}],"collection":[{"href":"https:\/\/curiosidadesedicas.com\/loja\/wp-json\/wp\/v2\/product"}],"about":[{"href":"https:\/\/curiosidadesedicas.com\/loja\/wp-json\/wp\/v2\/types\/product"}],"replies":[{"embeddable":true,"href":"https:\/\/curiosidadesedicas.com\/loja\/wp-json\/wp\/v2\/comments?post=34594"}],"wp:featuredmedia":[{"embeddable":true,"href":"https:\/\/curiosidadesedicas.com\/loja\/wp-json\/wp\/v2\/media\/34595"}],"wp:attachment":[{"href":"https:\/\/curiosidadesedicas.com\/loja\/wp-json\/wp\/v2\/media?parent=34594"}],"wp:term":[{"taxonomy":"product_brand","embeddable":true,"href":"https:\/\/curiosidadesedicas.com\/loja\/wp-json\/wp\/v2\/product_brand?post=34594"},{"taxonomy":"product_cat","embeddable":true,"href":"https:\/\/curiosidadesedicas.com\/loja\/wp-json\/wp\/v2\/product_cat?post=34594"},{"taxonomy":"product_tag","embeddable":true,"href":"https:\/\/curiosidadesedicas.com\/loja\/wp-json\/wp\/v2\/product_tag?post=34594"}],"curies":[{"name":"wp","href":"https:\/\/api.w.org\/{rel}","templated":true}]}}