{"id":34401,"date":"2024-12-31T14:40:25","date_gmt":"2024-12-31T14:40:25","guid":{"rendered":"https:\/\/curiosidadesedicas.com\/loja\/?post_type=product&#038;p=34401"},"modified":"2025-06-25T13:18:09","modified_gmt":"2025-06-25T13:18:09","slug":"limpa-vidros-magnetico-klinduo","status":"publish","type":"product","link":"https:\/\/curiosidadesedicas.com\/loja\/produto\/limpa-vidros-magnetico-klinduo\/","title":{"rendered":"LIMPA VIDROS MAGN\u00c9TICO KLINDUO"},"content":{"rendered":"<p>O\u00a0limpa-vidros magn\u00e9tico Klinduo permite limpar de forma mais f\u00e1cil e pr\u00e1tica as superf\u00edcies de vidro, como janelas, separadores, portas corredi\u00e7as, etc. Com o seu original design magn\u00e9tico de dupla superf\u00edcie, \u00e9 uma grande ajuda nas tarefas de limpeza, poupando tempo e esfor\u00e7os. Este\u00a0limpa-vidros magn\u00e9tico\u00a0desliza simultaneamente pela superf\u00edcie de vidro frontal e traseira, facilitando uma limpeza completa e eficaz.<\/p>\n<ul>\n<li>Design moderno, inovador e funcional<\/li>\n<li>Limpa-vidros magnetizado de superf\u00edcie dupla<\/li>\n<li>Magn\u00e9tico, \u00edmanes potentes: neod\u00edmio, ferrite<\/li>\n<li>Apto para vidros duplos com um m\u00e1ximo de 20 mm.<\/li>\n<li>Limpeza de vidros mais r\u00e1pida, segura e eficaz<\/li>\n<li>Multiusos: janelas, separadores, portas de vidro, etc.<\/li>\n<li>Confort\u00e1vel pega ergon\u00f3mica de agarre e manipula\u00e7\u00e3o<\/li>\n<li>Corda de seguran\u00e7a antiqueda com mais de 2 m<\/li>\n<li>Borracha de limpeza amov\u00edvel e separador de \u00edmanes<\/li>\n<li>Duas esponjas de microfibra amov\u00edveis: lav\u00e1veis e reutiliz\u00e1veis<\/li>\n<li>Inclui duas borrachas sobresselentes e duas esponjas sobresselentes<\/li>\n<li>F\u00e1cil coloca\u00e7\u00e3o\/extra\u00e7\u00e3o da borracha e das esponjas<\/li>\n<li>F\u00e1cil de utilizar, suporte firme, poupan\u00e7a de tempo e esfor\u00e7o<\/li>\n<li>Resistente, compacto, desmont\u00e1vel, f\u00e1cil de transportar e de guardar<\/li>\n<\/ul>\n<p><img decoding=\"async\" class=\"aligncenter\" src=\"https:\/\/curiosidadesedicas.com\/loja\/wp-content\/uploads\/2024\/12\/limpa-vidros-magnetico-klinduo-innovagoods_409669-3.jpg\" \/><\/p>\n","protected":false},"excerpt":{"rendered":"<p>Um\u00a0limpa-vidros com \u00edmanes\u00a0muito pr\u00e1tico que evita a dificuldade de limpar vidros pouco acess\u00edveis. O funcionamento \u00e9 muito simples, basta seguir atentamente as instru\u00e7\u00f5es no manual inclu\u00eddo. Recomenda-se aplicar \u00e1gua e detergente no vidro e nas esponjas de limpeza para facilitar a sua utiliza\u00e7\u00e3o.<\/p>\n<p>As esponjas de limpeza s\u00e3o lav\u00e1veis e reutiliz\u00e1veis. F\u00e1ceis de colocar com v\u00e1rios clipes de fixa\u00e7\u00e3o. A borracha de limpeza pode ser facilmente extra\u00edda. O conjunto inclui tr\u00eas borrachas (duas sobresselentes) e quatro esponjas (duas sobresselentes). A corda de seguran\u00e7a evita danos em caso de queda. O separador de \u00edmanes ajuda a utilizar e a guardar o produto com seguran\u00e7a.<\/p>\n<ul>\n<li>Material:\n<ul>\n<li>ABS<\/li>\n<li>\u00cdmanes<\/li>\n<\/ul>\n<\/li>\n<li>Cor:\n<ul>\n<li>Branco<\/li>\n<li>Cinzento<\/li>\n<\/ul>\n<\/li>\n<li>Tipo: Limpa-Vidros<\/li>\n<li>Propriedades: Magn\u00e9tico<\/li>\n<li>Inclui: Separador magn\u00e9tico<\/li>\n<li>For\u00e7a de campo magn\u00e9tico: N30 \/ 2600 + 900 Gauss (+\/- 200)<\/li>\n<li>Design de frente e verso: Apoio est\u00e1vel<\/li>\n<li>Adequado para vidros duplos: 8-20 mm<\/li>\n<li>Pega para segurar e manipular: Ergon\u00f3mico<\/li>\n<li>Corda de seguran\u00e7a anti-queda: 2,15 m<\/li>\n<li>Borracha natural: x1 (+2 pe\u00e7as de reposi\u00e7\u00e3o)<\/li>\n<li>4 esponjas de limpeza (2 de reserva): Reutiliz\u00e1vel<\/li>\n<li>Fixa\u00e7\u00f5es para as esponjas: F\u00e1cil de colocar e de remover<\/li>\n<li>Limpeza mais r\u00e1pida e eficaz: Poupan\u00e7a de tempo e de esfor\u00e7o<\/li>\n<li>Multiuso: janelas, ecr\u00e3s, portas de vidro, etc.<\/li>\n<li>Desmont\u00e1vel: F\u00e1cil limpeza<\/li>\n<li>Medidas aprox.: 15 x 9,5 x 8,8 cm<\/li>\n<\/ul>\n","protected":false},"featured_media":34412,"comment_status":"open","ping_status":"closed","template":"","meta":{"_glsr_average":0,"_glsr_ranking":0,"_glsr_reviews":0},"product_brand":[],"product_cat":[365,394],"product_tag":[],"class_list":{"0":"post-34401","1":"product","2":"type-product","3":"status-publish","4":"has-post-thumbnail","6":"product_cat-para-o-lar","7":"product_cat-limpeza","9":"first","10":"outofstock","11":"taxable","12":"shipping-taxable","13":"purchasable","14":"product-type-simple"},"yoast_head":"<!-- This site is optimized with the Yoast SEO plugin v26.8 - https:\/\/yoast.com\/product\/yoast-seo-wordpress\/ -->\n<title>LIMPA VIDROS MAGN\u00c9TICO KLINDUO - Curiosidades &amp; Dicas, Lda<\/title>\n<meta name=\"robots\" content=\"index, follow, max-snippet:-1, max-image-preview:large, max-video-preview:-1\" \/>\n<link rel=\"canonical\" href=\"https:\/\/curiosidadesedicas.com\/loja\/produto\/limpa-vidros-magnetico-klinduo\/\" \/>\n<meta property=\"og:locale\" content=\"pt_PT\" \/>\n<meta property=\"og:type\" content=\"article\" \/>\n<meta property=\"og:title\" content=\"LIMPA VIDROS MAGN\u00c9TICO KLINDUO - Curiosidades &amp; Dicas, Lda\" \/>\n<meta property=\"og:description\" content=\"Um\u00a0limpa-vidros com \u00edmanes\u00a0muito pr\u00e1tico que evita a dificuldade de limpar vidros pouco acess\u00edveis. O funcionamento \u00e9 muito simples, basta seguir atentamente as instru\u00e7\u00f5es no manual inclu\u00eddo. Recomenda-se aplicar \u00e1gua e detergente no vidro e nas esponjas de limpeza para facilitar a sua utiliza\u00e7\u00e3o.  As esponjas de limpeza s\u00e3o lav\u00e1veis e reutiliz\u00e1veis. F\u00e1ceis de colocar com v\u00e1rios clipes de fixa\u00e7\u00e3o. A borracha de limpeza pode ser facilmente extra\u00edda. O conjunto inclui tr\u00eas borrachas (duas sobresselentes) e quatro esponjas (duas sobresselentes). A corda de seguran\u00e7a evita danos em caso de queda. O separador de \u00edmanes ajuda a utilizar e a guardar o produto com seguran\u00e7a.   Material:   ABS  \u00cdmanes    Cor:   Branco  Cinzento    Tipo: Limpa-Vidros  Propriedades: Magn\u00e9tico  Inclui: Separador magn\u00e9tico  For\u00e7a de campo magn\u00e9tico: N30 \/ 2600 + 900 Gauss (+\/- 200)  Design de frente e verso: Apoio est\u00e1vel  Adequado para vidros duplos: 8-20 mm  Pega para segurar e manipular: Ergon\u00f3mico  Corda de seguran\u00e7a anti-queda: 2,15 m  Borracha natural: x1 (+2 pe\u00e7as de reposi\u00e7\u00e3o)  4 esponjas de limpeza (2 de reserva): Reutiliz\u00e1vel  Fixa\u00e7\u00f5es para as esponjas: F\u00e1cil de colocar e de remover  Limpeza mais r\u00e1pida e eficaz: Poupan\u00e7a de tempo e de esfor\u00e7o  Multiuso: janelas, ecr\u00e3s, portas de vidro, etc.  Desmont\u00e1vel: F\u00e1cil limpeza  Medidas aprox.: 15 x 9,5 x 8,8 cm\" \/>\n<meta property=\"og:url\" content=\"https:\/\/curiosidadesedicas.com\/loja\/produto\/limpa-vidros-magnetico-klinduo\/\" \/>\n<meta property=\"og:site_name\" content=\"Curiosidades &amp; Dicas, Lda\" \/>\n<meta property=\"article:modified_time\" content=\"2025-06-25T13:18:09+00:00\" \/>\n<meta property=\"og:image\" content=\"https:\/\/curiosidadesedicas.com\/loja\/wp-content\/uploads\/2024\/12\/limpa-vidros-magnetico-klinduo-innovagoods_409669.jpg\" \/>\n\t<meta property=\"og:image:width\" content=\"600\" \/>\n\t<meta property=\"og:image:height\" content=\"600\" \/>\n\t<meta property=\"og:image:type\" content=\"image\/jpeg\" \/>\n<meta name=\"twitter:card\" content=\"summary_large_image\" \/>\n<meta name=\"twitter:label1\" content=\"Tempo estimado de leitura\" \/>\n\t<meta name=\"twitter:data1\" content=\"2 minutos\" \/>\n<script type=\"application\/ld+json\" class=\"yoast-schema-graph\">{\"@context\":\"https:\/\/schema.org\",\"@graph\":[{\"@type\":\"WebPage\",\"@id\":\"https:\/\/curiosidadesedicas.com\/loja\/produto\/limpa-vidros-magnetico-klinduo\/\",\"url\":\"https:\/\/curiosidadesedicas.com\/loja\/produto\/limpa-vidros-magnetico-klinduo\/\",\"name\":\"LIMPA VIDROS MAGN\u00c9TICO KLINDUO - Curiosidades &amp; Dicas, Lda\",\"isPartOf\":{\"@id\":\"https:\/\/curiosidadesedicas.com\/loja\/#website\"},\"primaryImageOfPage\":{\"@id\":\"https:\/\/curiosidadesedicas.com\/loja\/produto\/limpa-vidros-magnetico-klinduo\/#primaryimage\"},\"image\":{\"@id\":\"https:\/\/curiosidadesedicas.com\/loja\/produto\/limpa-vidros-magnetico-klinduo\/#primaryimage\"},\"thumbnailUrl\":\"https:\/\/curiosidadesedicas.com\/loja\/wp-content\/uploads\/2024\/12\/limpa-vidros-magnetico-klinduo-innovagoods_409669.jpg\",\"datePublished\":\"2024-12-31T14:40:25+00:00\",\"dateModified\":\"2025-06-25T13:18:09+00:00\",\"breadcrumb\":{\"@id\":\"https:\/\/curiosidadesedicas.com\/loja\/produto\/limpa-vidros-magnetico-klinduo\/#breadcrumb\"},\"inLanguage\":\"pt-PT\",\"potentialAction\":[{\"@type\":\"ReadAction\",\"target\":[\"https:\/\/curiosidadesedicas.com\/loja\/produto\/limpa-vidros-magnetico-klinduo\/\"]}]},{\"@type\":\"ImageObject\",\"inLanguage\":\"pt-PT\",\"@id\":\"https:\/\/curiosidadesedicas.com\/loja\/produto\/limpa-vidros-magnetico-klinduo\/#primaryimage\",\"url\":\"https:\/\/curiosidadesedicas.com\/loja\/wp-content\/uploads\/2024\/12\/limpa-vidros-magnetico-klinduo-innovagoods_409669.jpg\",\"contentUrl\":\"https:\/\/curiosidadesedicas.com\/loja\/wp-content\/uploads\/2024\/12\/limpa-vidros-magnetico-klinduo-innovagoods_409669.jpg\",\"width\":600,\"height\":600},{\"@type\":\"BreadcrumbList\",\"@id\":\"https:\/\/curiosidadesedicas.com\/loja\/produto\/limpa-vidros-magnetico-klinduo\/#breadcrumb\",\"itemListElement\":[{\"@type\":\"ListItem\",\"position\":1,\"name\":\"In\u00edcio\",\"item\":\"https:\/\/curiosidadesedicas.com\/loja\/\"},{\"@type\":\"ListItem\",\"position\":2,\"name\":\"Produtos\",\"item\":\"https:\/\/curiosidadesedicas.com\/loja\/produtos\/\"},{\"@type\":\"ListItem\",\"position\":3,\"name\":\"LIMPA VIDROS MAGN\u00c9TICO KLINDUO\"}]},{\"@type\":\"WebSite\",\"@id\":\"https:\/\/curiosidadesedicas.com\/loja\/#website\",\"url\":\"https:\/\/curiosidadesedicas.com\/loja\/\",\"name\":\"Curiosidades &amp; Dicas, Lda\",\"description\":\"Apaixonados Por Inova\u00e7\u00e3o\",\"publisher\":{\"@id\":\"https:\/\/curiosidadesedicas.com\/loja\/#organization\"},\"potentialAction\":[{\"@type\":\"SearchAction\",\"target\":{\"@type\":\"EntryPoint\",\"urlTemplate\":\"https:\/\/curiosidadesedicas.com\/loja\/?s={search_term_string}\"},\"query-input\":{\"@type\":\"PropertyValueSpecification\",\"valueRequired\":true,\"valueName\":\"search_term_string\"}}],\"inLanguage\":\"pt-PT\"},{\"@type\":\"Organization\",\"@id\":\"https:\/\/curiosidadesedicas.com\/loja\/#organization\",\"name\":\"Curiosidades & Dicas\",\"url\":\"https:\/\/curiosidadesedicas.com\/loja\/\",\"logo\":{\"@type\":\"ImageObject\",\"inLanguage\":\"pt-PT\",\"@id\":\"https:\/\/curiosidadesedicas.com\/loja\/#\/schema\/logo\/image\/\",\"url\":\"https:\/\/curiosidadesedicas.com\/loja\/wp-content\/uploads\/2020\/05\/LogoCuriosidadesSimples.png\",\"contentUrl\":\"https:\/\/curiosidadesedicas.com\/loja\/wp-content\/uploads\/2020\/05\/LogoCuriosidadesSimples.png\",\"width\":3528,\"height\":804,\"caption\":\"Curiosidades & Dicas\"},\"image\":{\"@id\":\"https:\/\/curiosidadesedicas.com\/loja\/#\/schema\/logo\/image\/\"}}]}<\/script>\n<!-- \/ Yoast SEO plugin. -->","yoast_head_json":{"title":"LIMPA VIDROS MAGN\u00c9TICO KLINDUO - Curiosidades &amp; Dicas, Lda","robots":{"index":"index","follow":"follow","max-snippet":"max-snippet:-1","max-image-preview":"max-image-preview:large","max-video-preview":"max-video-preview:-1"},"canonical":"https:\/\/curiosidadesedicas.com\/loja\/produto\/limpa-vidros-magnetico-klinduo\/","og_locale":"pt_PT","og_type":"article","og_title":"LIMPA VIDROS MAGN\u00c9TICO KLINDUO - Curiosidades &amp; Dicas, Lda","og_description":"Um\u00a0limpa-vidros com \u00edmanes\u00a0muito pr\u00e1tico que evita a dificuldade de limpar vidros pouco acess\u00edveis. O funcionamento \u00e9 muito simples, basta seguir atentamente as instru\u00e7\u00f5es no manual inclu\u00eddo. Recomenda-se aplicar \u00e1gua e detergente no vidro e nas esponjas de limpeza para facilitar a sua utiliza\u00e7\u00e3o.  As esponjas de limpeza s\u00e3o lav\u00e1veis e reutiliz\u00e1veis. F\u00e1ceis de colocar com v\u00e1rios clipes de fixa\u00e7\u00e3o. A borracha de limpeza pode ser facilmente extra\u00edda. O conjunto inclui tr\u00eas borrachas (duas sobresselentes) e quatro esponjas (duas sobresselentes). A corda de seguran\u00e7a evita danos em caso de queda. O separador de \u00edmanes ajuda a utilizar e a guardar o produto com seguran\u00e7a.   Material:   ABS  \u00cdmanes    Cor:   Branco  Cinzento    Tipo: Limpa-Vidros  Propriedades: Magn\u00e9tico  Inclui: Separador magn\u00e9tico  For\u00e7a de campo magn\u00e9tico: N30 \/ 2600 + 900 Gauss (+\/- 200)  Design de frente e verso: Apoio est\u00e1vel  Adequado para vidros duplos: 8-20 mm  Pega para segurar e manipular: Ergon\u00f3mico  Corda de seguran\u00e7a anti-queda: 2,15 m  Borracha natural: x1 (+2 pe\u00e7as de reposi\u00e7\u00e3o)  4 esponjas de limpeza (2 de reserva): Reutiliz\u00e1vel  Fixa\u00e7\u00f5es para as esponjas: F\u00e1cil de colocar e de remover  Limpeza mais r\u00e1pida e eficaz: Poupan\u00e7a de tempo e de esfor\u00e7o  Multiuso: janelas, ecr\u00e3s, portas de vidro, etc.  Desmont\u00e1vel: F\u00e1cil limpeza  Medidas aprox.: 15 x 9,5 x 8,8 cm","og_url":"https:\/\/curiosidadesedicas.com\/loja\/produto\/limpa-vidros-magnetico-klinduo\/","og_site_name":"Curiosidades &amp; Dicas, Lda","article_modified_time":"2025-06-25T13:18:09+00:00","og_image":[{"width":600,"height":600,"url":"https:\/\/curiosidadesedicas.com\/loja\/wp-content\/uploads\/2024\/12\/limpa-vidros-magnetico-klinduo-innovagoods_409669.jpg","type":"image\/jpeg"}],"twitter_card":"summary_large_image","twitter_misc":{"Tempo estimado de leitura":"2 minutos"},"schema":{"@context":"https:\/\/schema.org","@graph":[{"@type":"WebPage","@id":"https:\/\/curiosidadesedicas.com\/loja\/produto\/limpa-vidros-magnetico-klinduo\/","url":"https:\/\/curiosidadesedicas.com\/loja\/produto\/limpa-vidros-magnetico-klinduo\/","name":"LIMPA VIDROS MAGN\u00c9TICO KLINDUO - Curiosidades &amp; Dicas, Lda","isPartOf":{"@id":"https:\/\/curiosidadesedicas.com\/loja\/#website"},"primaryImageOfPage":{"@id":"https:\/\/curiosidadesedicas.com\/loja\/produto\/limpa-vidros-magnetico-klinduo\/#primaryimage"},"image":{"@id":"https:\/\/curiosidadesedicas.com\/loja\/produto\/limpa-vidros-magnetico-klinduo\/#primaryimage"},"thumbnailUrl":"https:\/\/curiosidadesedicas.com\/loja\/wp-content\/uploads\/2024\/12\/limpa-vidros-magnetico-klinduo-innovagoods_409669.jpg","datePublished":"2024-12-31T14:40:25+00:00","dateModified":"2025-06-25T13:18:09+00:00","breadcrumb":{"@id":"https:\/\/curiosidadesedicas.com\/loja\/produto\/limpa-vidros-magnetico-klinduo\/#breadcrumb"},"inLanguage":"pt-PT","potentialAction":[{"@type":"ReadAction","target":["https:\/\/curiosidadesedicas.com\/loja\/produto\/limpa-vidros-magnetico-klinduo\/"]}]},{"@type":"ImageObject","inLanguage":"pt-PT","@id":"https:\/\/curiosidadesedicas.com\/loja\/produto\/limpa-vidros-magnetico-klinduo\/#primaryimage","url":"https:\/\/curiosidadesedicas.com\/loja\/wp-content\/uploads\/2024\/12\/limpa-vidros-magnetico-klinduo-innovagoods_409669.jpg","contentUrl":"https:\/\/curiosidadesedicas.com\/loja\/wp-content\/uploads\/2024\/12\/limpa-vidros-magnetico-klinduo-innovagoods_409669.jpg","width":600,"height":600},{"@type":"BreadcrumbList","@id":"https:\/\/curiosidadesedicas.com\/loja\/produto\/limpa-vidros-magnetico-klinduo\/#breadcrumb","itemListElement":[{"@type":"ListItem","position":1,"name":"In\u00edcio","item":"https:\/\/curiosidadesedicas.com\/loja\/"},{"@type":"ListItem","position":2,"name":"Produtos","item":"https:\/\/curiosidadesedicas.com\/loja\/produtos\/"},{"@type":"ListItem","position":3,"name":"LIMPA VIDROS MAGN\u00c9TICO KLINDUO"}]},{"@type":"WebSite","@id":"https:\/\/curiosidadesedicas.com\/loja\/#website","url":"https:\/\/curiosidadesedicas.com\/loja\/","name":"Curiosidades &amp; Dicas, Lda","description":"Apaixonados Por Inova\u00e7\u00e3o","publisher":{"@id":"https:\/\/curiosidadesedicas.com\/loja\/#organization"},"potentialAction":[{"@type":"SearchAction","target":{"@type":"EntryPoint","urlTemplate":"https:\/\/curiosidadesedicas.com\/loja\/?s={search_term_string}"},"query-input":{"@type":"PropertyValueSpecification","valueRequired":true,"valueName":"search_term_string"}}],"inLanguage":"pt-PT"},{"@type":"Organization","@id":"https:\/\/curiosidadesedicas.com\/loja\/#organization","name":"Curiosidades & Dicas","url":"https:\/\/curiosidadesedicas.com\/loja\/","logo":{"@type":"ImageObject","inLanguage":"pt-PT","@id":"https:\/\/curiosidadesedicas.com\/loja\/#\/schema\/logo\/image\/","url":"https:\/\/curiosidadesedicas.com\/loja\/wp-content\/uploads\/2020\/05\/LogoCuriosidadesSimples.png","contentUrl":"https:\/\/curiosidadesedicas.com\/loja\/wp-content\/uploads\/2020\/05\/LogoCuriosidadesSimples.png","width":3528,"height":804,"caption":"Curiosidades & Dicas"},"image":{"@id":"https:\/\/curiosidadesedicas.com\/loja\/#\/schema\/logo\/image\/"}}]}},"_links":{"self":[{"href":"https:\/\/curiosidadesedicas.com\/loja\/wp-json\/wp\/v2\/product\/34401","targetHints":{"allow":["GET"]}}],"collection":[{"href":"https:\/\/curiosidadesedicas.com\/loja\/wp-json\/wp\/v2\/product"}],"about":[{"href":"https:\/\/curiosidadesedicas.com\/loja\/wp-json\/wp\/v2\/types\/product"}],"replies":[{"embeddable":true,"href":"https:\/\/curiosidadesedicas.com\/loja\/wp-json\/wp\/v2\/comments?post=34401"}],"wp:featuredmedia":[{"embeddable":true,"href":"https:\/\/curiosidadesedicas.com\/loja\/wp-json\/wp\/v2\/media\/34412"}],"wp:attachment":[{"href":"https:\/\/curiosidadesedicas.com\/loja\/wp-json\/wp\/v2\/media?parent=34401"}],"wp:term":[{"taxonomy":"product_brand","embeddable":true,"href":"https:\/\/curiosidadesedicas.com\/loja\/wp-json\/wp\/v2\/product_brand?post=34401"},{"taxonomy":"product_cat","embeddable":true,"href":"https:\/\/curiosidadesedicas.com\/loja\/wp-json\/wp\/v2\/product_cat?post=34401"},{"taxonomy":"product_tag","embeddable":true,"href":"https:\/\/curiosidadesedicas.com\/loja\/wp-json\/wp\/v2\/product_tag?post=34401"}],"curies":[{"name":"wp","href":"https:\/\/api.w.org\/{rel}","templated":true}]}}