{"id":34314,"date":"2024-12-02T15:11:33","date_gmt":"2024-12-02T15:11:33","guid":{"rendered":"https:\/\/curiosidadesedicas.com\/loja\/?post_type=product&#038;p=34314"},"modified":"2025-03-11T14:43:34","modified_gmt":"2025-03-11T14:43:34","slug":"aquece-camas-eletrico-duplo-blewarm-6060w-branco-140-x-160-cm","status":"publish","type":"product","link":"https:\/\/curiosidadesedicas.com\/loja\/produto\/aquece-camas-eletrico-duplo-blewarm-6060w-branco-140-x-160-cm\/","title":{"rendered":"AQUECE CAMAS EL\u00c9TRICO DUPLO BLEWARM 60+60W BRANCO | 140 X 160 CM"},"content":{"rendered":"<p>Este\u00a0<b>aquecedor de camas el\u00e9trico\u00a0<\/b>\u00e9 ideal para manter a cama a uma temperatura quente e agrad\u00e1vel durante a noite, o que favorece o relaxamento e proporciona um sono reconfortante e reparador. Comando com cabo remov\u00edvel, 3 n\u00edveis de temperatura. P: 2 x 60 W.<\/p>\n<p>Um\u00a0<b>protetor de colch\u00e3o t\u00e9rmico<\/b>\u00a0para desfrutar dos benef\u00edcios do calor durante o sono. Lava-se facilmente \u00e0 m\u00e3o ou \u00e0 m\u00e1quina gra\u00e7as ao seu comando com cabo remov\u00edvel.<\/p>\n<ul>\n<li><b>Aquecedor de camas duplo<\/b>: o nosso aquecedor de camas el\u00e9trico proporciona uma sensa\u00e7\u00e3o de calor agrad\u00e1vel e reconfortante ao deitar. Ideal para desfrutar dos benef\u00edcios que o calor proporciona. \u00c9 colocado diretamente sobre o colch\u00e3o e, em seguida, coloca-se por cima o len\u00e7ol de baixo. Recomenda-se lig\u00e1-lo ao deitar. \u00c9 fabricado em poli\u00e9ster e as suas medidas de 160 x 140 cm s\u00e3o perfeitas para uma cama de casal.<\/li>\n<li><b>Temperatura regul\u00e1vel, aquecimento r\u00e1pido<\/b>: este protetor de colch\u00e3o el\u00e9trico disp\u00f5e de 3 n\u00edveis de temperatura que podem ser selecionados com o comando inclu\u00eddo. Gra\u00e7as \u00e0 sua tecnologia avan\u00e7ada, aquece rapidamente. Pot\u00eancia: 2 x 60 W. Baixo consumo. Prote\u00e7\u00e3o contra o sobreaquecimento.<\/li>\n<li><b>Melhora o sono e o descanso<\/b>: o nosso protetor de colch\u00e3o t\u00e9rmico permite-lhe desfrutar de um sono mais reconfortante e reparador, pois proporciona um calor suave e leve que ajuda a adormecer e promove o relaxamento, mantendo uma temperatura agrad\u00e1vel e constante na cama.<\/li>\n<li><b>Dois comandos de controlo com cabos remov\u00edveis<\/b>: o nosso aquecedor de camas el\u00e9trico duplo inclui 2 comandos independentes para cada pessoa poder selecionar o n\u00edvel de temperatura desejado na sua zona de utiliza\u00e7\u00e3o. Ambos os comandos possuem indicador LED. Funcionamento atrav\u00e9s de liga\u00e7\u00e3o \u00e0 rede el\u00e9trica.<\/li>\n<li><b>F\u00e1cil limpeza, lavagem \u00e0 m\u00e3o ou \u00e0 m\u00e1quina<\/b>: esta manta el\u00e9trica protetora de colch\u00e3o \u00e9 f\u00e1cil de limpar, pois pode ser lavada \u00e0 m\u00e3o ou \u00e0 m\u00e1quina (30\u00ba C m\u00e1x.) seguindo as instru\u00e7\u00f5es do manual inclu\u00eddo.<br \/>\n<img decoding=\"async\" class=\"aligncenter\" src=\"https:\/\/curiosidadesedicas.com\/loja\/wp-content\/uploads\/2024\/12\/aquecedor-de-camas-eletrico-duplo-blewarm-innovagoods-60-60-w-140-x-160-cm-branco_969427-6.jpg\" \/><\/li>\n<\/ul>\n","protected":false},"excerpt":{"rendered":"<ul>\n<li>Material:\n<ul>\n<li>Poli\u00e9ster<\/li>\n<li>ABS<\/li>\n<li>PTC<\/li>\n<\/ul>\n<\/li>\n<li>Cor: Branco<\/li>\n<li>Tipo: Capa para colch\u00e3o el\u00e9trico<\/li>\n<li>Caracter\u00edsticas: Ajuda a dormir e descansar<\/li>\n<li>Tecnologia PTC: Aquecimento r\u00e1pido<\/li>\n<li>Temperatura regul\u00e1vel: 3 n\u00edveis de temperatura<\/li>\n<li>Telecomando com cabo:\n<ul>\n<li>x2<\/li>\n<li>Extra\u00edvel<\/li>\n<\/ul>\n<\/li>\n<li>Inclui: Tira de fixa\u00e7\u00e3o<\/li>\n<li>Grossura aprox.: 0,5 cm<\/li>\n<li>Prote\u00e7\u00e3o contra sobreaquecimento: Sim<\/li>\n<li>Baixo consumo: Poupan\u00e7a de Energia<\/li>\n<li>F\u00e1cil limpeza:\n<ul>\n<li>Lavagem \u00e0 m\u00e3o<\/li>\n<li>Lavagem \u00e0 m\u00e1quina<\/li>\n<\/ul>\n<\/li>\n<li>Temperatura m\u00e1xima de lavagem: 30 \u00baC<\/li>\n<li>Tipo de tomada: C<\/li>\n<li>Comprimento do cabo: 165 cm<\/li>\n<li>Pot\u00eancia: 60+60 W<\/li>\n<li>AC In: 220-240 V \/ 50 Hz<\/li>\n<li>Medidas aprox.: 140 x 160 cm<\/li>\n<\/ul>\n","protected":false},"featured_media":34322,"comment_status":"open","ping_status":"closed","template":"","meta":{"_glsr_average":0,"_glsr_ranking":0,"_glsr_reviews":0},"product_brand":[],"product_cat":[357,359,533,368,479],"product_tag":[],"class_list":{"0":"post-34314","1":"product","2":"type-product","3":"status-publish","4":"has-post-thumbnail","6":"product_cat-bem-estar","7":"product_cat-relax","8":"product_cat-climatizacao","9":"product_cat-aquecimento","10":"product_cat-casa","12":"first","13":"instock","14":"taxable","15":"shipping-taxable","16":"purchasable","17":"product-type-simple"},"yoast_head":"<!-- This site is optimized with the Yoast SEO plugin v26.8 - https:\/\/yoast.com\/product\/yoast-seo-wordpress\/ -->\n<title>AQUECE CAMAS EL\u00c9TRICO DUPLO BLEWARM 60+60W BRANCO | 140 X 160 CM - Curiosidades &amp; Dicas, Lda<\/title>\n<meta name=\"robots\" content=\"index, follow, max-snippet:-1, max-image-preview:large, max-video-preview:-1\" \/>\n<link rel=\"canonical\" href=\"https:\/\/curiosidadesedicas.com\/loja\/produto\/aquece-camas-eletrico-duplo-blewarm-6060w-branco-140-x-160-cm\/\" \/>\n<meta property=\"og:locale\" content=\"pt_PT\" \/>\n<meta property=\"og:type\" content=\"article\" \/>\n<meta property=\"og:title\" content=\"AQUECE CAMAS EL\u00c9TRICO DUPLO BLEWARM 60+60W BRANCO | 140 X 160 CM - Curiosidades &amp; Dicas, Lda\" \/>\n<meta property=\"og:description\" content=\"Material:   Poli\u00e9ster  ABS  PTC    Cor: Branco  Tipo: Capa para colch\u00e3o el\u00e9trico  Caracter\u00edsticas: Ajuda a dormir e descansar  Tecnologia PTC: Aquecimento r\u00e1pido  Temperatura regul\u00e1vel: 3 n\u00edveis de temperatura  Telecomando com cabo:   x2  Extra\u00edvel    Inclui: Tira de fixa\u00e7\u00e3o  Grossura aprox.: 0,5 cm  Prote\u00e7\u00e3o contra sobreaquecimento: Sim  Baixo consumo: Poupan\u00e7a de Energia  F\u00e1cil limpeza:   Lavagem \u00e0 m\u00e3o  Lavagem \u00e0 m\u00e1quina    Temperatura m\u00e1xima de lavagem: 30 \u00baC  Tipo de tomada: C  Comprimento do cabo: 165 cm  Pot\u00eancia: 60+60 W  AC In: 220-240 V \/ 50 Hz  Medidas aprox.: 140 x 160 cm\" \/>\n<meta property=\"og:url\" content=\"https:\/\/curiosidadesedicas.com\/loja\/produto\/aquece-camas-eletrico-duplo-blewarm-6060w-branco-140-x-160-cm\/\" \/>\n<meta property=\"og:site_name\" content=\"Curiosidades &amp; Dicas, Lda\" \/>\n<meta property=\"article:modified_time\" content=\"2025-03-11T14:43:34+00:00\" \/>\n<meta property=\"og:image\" content=\"https:\/\/curiosidadesedicas.com\/loja\/wp-content\/uploads\/2024\/12\/aquecedor-de-camas-eletrico-duplo-blewarm-innovagoods-60-60-w-140-x-160-cm-branco_969427.jpg\" \/>\n\t<meta property=\"og:image:width\" content=\"600\" \/>\n\t<meta property=\"og:image:height\" content=\"600\" \/>\n\t<meta property=\"og:image:type\" content=\"image\/jpeg\" \/>\n<meta name=\"twitter:card\" content=\"summary_large_image\" \/>\n<meta name=\"twitter:label1\" content=\"Tempo estimado de leitura\" \/>\n\t<meta name=\"twitter:data1\" content=\"2 minutos\" \/>\n<script type=\"application\/ld+json\" class=\"yoast-schema-graph\">{\"@context\":\"https:\/\/schema.org\",\"@graph\":[{\"@type\":\"WebPage\",\"@id\":\"https:\/\/curiosidadesedicas.com\/loja\/produto\/aquece-camas-eletrico-duplo-blewarm-6060w-branco-140-x-160-cm\/\",\"url\":\"https:\/\/curiosidadesedicas.com\/loja\/produto\/aquece-camas-eletrico-duplo-blewarm-6060w-branco-140-x-160-cm\/\",\"name\":\"AQUECE CAMAS EL\u00c9TRICO DUPLO BLEWARM 60+60W BRANCO | 140 X 160 CM - Curiosidades &amp; Dicas, Lda\",\"isPartOf\":{\"@id\":\"https:\/\/curiosidadesedicas.com\/loja\/#website\"},\"primaryImageOfPage\":{\"@id\":\"https:\/\/curiosidadesedicas.com\/loja\/produto\/aquece-camas-eletrico-duplo-blewarm-6060w-branco-140-x-160-cm\/#primaryimage\"},\"image\":{\"@id\":\"https:\/\/curiosidadesedicas.com\/loja\/produto\/aquece-camas-eletrico-duplo-blewarm-6060w-branco-140-x-160-cm\/#primaryimage\"},\"thumbnailUrl\":\"https:\/\/curiosidadesedicas.com\/loja\/wp-content\/uploads\/2024\/12\/aquecedor-de-camas-eletrico-duplo-blewarm-innovagoods-60-60-w-140-x-160-cm-branco_969427.jpg\",\"datePublished\":\"2024-12-02T15:11:33+00:00\",\"dateModified\":\"2025-03-11T14:43:34+00:00\",\"breadcrumb\":{\"@id\":\"https:\/\/curiosidadesedicas.com\/loja\/produto\/aquece-camas-eletrico-duplo-blewarm-6060w-branco-140-x-160-cm\/#breadcrumb\"},\"inLanguage\":\"pt-PT\",\"potentialAction\":[{\"@type\":\"ReadAction\",\"target\":[\"https:\/\/curiosidadesedicas.com\/loja\/produto\/aquece-camas-eletrico-duplo-blewarm-6060w-branco-140-x-160-cm\/\"]}]},{\"@type\":\"ImageObject\",\"inLanguage\":\"pt-PT\",\"@id\":\"https:\/\/curiosidadesedicas.com\/loja\/produto\/aquece-camas-eletrico-duplo-blewarm-6060w-branco-140-x-160-cm\/#primaryimage\",\"url\":\"https:\/\/curiosidadesedicas.com\/loja\/wp-content\/uploads\/2024\/12\/aquecedor-de-camas-eletrico-duplo-blewarm-innovagoods-60-60-w-140-x-160-cm-branco_969427.jpg\",\"contentUrl\":\"https:\/\/curiosidadesedicas.com\/loja\/wp-content\/uploads\/2024\/12\/aquecedor-de-camas-eletrico-duplo-blewarm-innovagoods-60-60-w-140-x-160-cm-branco_969427.jpg\",\"width\":600,\"height\":600},{\"@type\":\"BreadcrumbList\",\"@id\":\"https:\/\/curiosidadesedicas.com\/loja\/produto\/aquece-camas-eletrico-duplo-blewarm-6060w-branco-140-x-160-cm\/#breadcrumb\",\"itemListElement\":[{\"@type\":\"ListItem\",\"position\":1,\"name\":\"In\u00edcio\",\"item\":\"https:\/\/curiosidadesedicas.com\/loja\/\"},{\"@type\":\"ListItem\",\"position\":2,\"name\":\"Produtos\",\"item\":\"https:\/\/curiosidadesedicas.com\/loja\/produtos\/\"},{\"@type\":\"ListItem\",\"position\":3,\"name\":\"AQUECE CAMAS EL\u00c9TRICO DUPLO BLEWARM 60+60W BRANCO | 140 X 160 CM\"}]},{\"@type\":\"WebSite\",\"@id\":\"https:\/\/curiosidadesedicas.com\/loja\/#website\",\"url\":\"https:\/\/curiosidadesedicas.com\/loja\/\",\"name\":\"Curiosidades &amp; Dicas, Lda\",\"description\":\"Apaixonados Por Inova\u00e7\u00e3o\",\"publisher\":{\"@id\":\"https:\/\/curiosidadesedicas.com\/loja\/#organization\"},\"potentialAction\":[{\"@type\":\"SearchAction\",\"target\":{\"@type\":\"EntryPoint\",\"urlTemplate\":\"https:\/\/curiosidadesedicas.com\/loja\/?s={search_term_string}\"},\"query-input\":{\"@type\":\"PropertyValueSpecification\",\"valueRequired\":true,\"valueName\":\"search_term_string\"}}],\"inLanguage\":\"pt-PT\"},{\"@type\":\"Organization\",\"@id\":\"https:\/\/curiosidadesedicas.com\/loja\/#organization\",\"name\":\"Curiosidades & Dicas\",\"url\":\"https:\/\/curiosidadesedicas.com\/loja\/\",\"logo\":{\"@type\":\"ImageObject\",\"inLanguage\":\"pt-PT\",\"@id\":\"https:\/\/curiosidadesedicas.com\/loja\/#\/schema\/logo\/image\/\",\"url\":\"https:\/\/curiosidadesedicas.com\/loja\/wp-content\/uploads\/2020\/05\/LogoCuriosidadesSimples.png\",\"contentUrl\":\"https:\/\/curiosidadesedicas.com\/loja\/wp-content\/uploads\/2020\/05\/LogoCuriosidadesSimples.png\",\"width\":3528,\"height\":804,\"caption\":\"Curiosidades & Dicas\"},\"image\":{\"@id\":\"https:\/\/curiosidadesedicas.com\/loja\/#\/schema\/logo\/image\/\"}}]}<\/script>\n<!-- \/ Yoast SEO plugin. -->","yoast_head_json":{"title":"AQUECE CAMAS EL\u00c9TRICO DUPLO BLEWARM 60+60W BRANCO | 140 X 160 CM - Curiosidades &amp; Dicas, Lda","robots":{"index":"index","follow":"follow","max-snippet":"max-snippet:-1","max-image-preview":"max-image-preview:large","max-video-preview":"max-video-preview:-1"},"canonical":"https:\/\/curiosidadesedicas.com\/loja\/produto\/aquece-camas-eletrico-duplo-blewarm-6060w-branco-140-x-160-cm\/","og_locale":"pt_PT","og_type":"article","og_title":"AQUECE CAMAS EL\u00c9TRICO DUPLO BLEWARM 60+60W BRANCO | 140 X 160 CM - Curiosidades &amp; Dicas, Lda","og_description":"Material:   Poli\u00e9ster  ABS  PTC    Cor: Branco  Tipo: Capa para colch\u00e3o el\u00e9trico  Caracter\u00edsticas: Ajuda a dormir e descansar  Tecnologia PTC: Aquecimento r\u00e1pido  Temperatura regul\u00e1vel: 3 n\u00edveis de temperatura  Telecomando com cabo:   x2  Extra\u00edvel    Inclui: Tira de fixa\u00e7\u00e3o  Grossura aprox.: 0,5 cm  Prote\u00e7\u00e3o contra sobreaquecimento: Sim  Baixo consumo: Poupan\u00e7a de Energia  F\u00e1cil limpeza:   Lavagem \u00e0 m\u00e3o  Lavagem \u00e0 m\u00e1quina    Temperatura m\u00e1xima de lavagem: 30 \u00baC  Tipo de tomada: C  Comprimento do cabo: 165 cm  Pot\u00eancia: 60+60 W  AC In: 220-240 V \/ 50 Hz  Medidas aprox.: 140 x 160 cm","og_url":"https:\/\/curiosidadesedicas.com\/loja\/produto\/aquece-camas-eletrico-duplo-blewarm-6060w-branco-140-x-160-cm\/","og_site_name":"Curiosidades &amp; Dicas, Lda","article_modified_time":"2025-03-11T14:43:34+00:00","og_image":[{"width":600,"height":600,"url":"https:\/\/curiosidadesedicas.com\/loja\/wp-content\/uploads\/2024\/12\/aquecedor-de-camas-eletrico-duplo-blewarm-innovagoods-60-60-w-140-x-160-cm-branco_969427.jpg","type":"image\/jpeg"}],"twitter_card":"summary_large_image","twitter_misc":{"Tempo estimado de leitura":"2 minutos"},"schema":{"@context":"https:\/\/schema.org","@graph":[{"@type":"WebPage","@id":"https:\/\/curiosidadesedicas.com\/loja\/produto\/aquece-camas-eletrico-duplo-blewarm-6060w-branco-140-x-160-cm\/","url":"https:\/\/curiosidadesedicas.com\/loja\/produto\/aquece-camas-eletrico-duplo-blewarm-6060w-branco-140-x-160-cm\/","name":"AQUECE CAMAS EL\u00c9TRICO DUPLO BLEWARM 60+60W BRANCO | 140 X 160 CM - Curiosidades &amp; Dicas, Lda","isPartOf":{"@id":"https:\/\/curiosidadesedicas.com\/loja\/#website"},"primaryImageOfPage":{"@id":"https:\/\/curiosidadesedicas.com\/loja\/produto\/aquece-camas-eletrico-duplo-blewarm-6060w-branco-140-x-160-cm\/#primaryimage"},"image":{"@id":"https:\/\/curiosidadesedicas.com\/loja\/produto\/aquece-camas-eletrico-duplo-blewarm-6060w-branco-140-x-160-cm\/#primaryimage"},"thumbnailUrl":"https:\/\/curiosidadesedicas.com\/loja\/wp-content\/uploads\/2024\/12\/aquecedor-de-camas-eletrico-duplo-blewarm-innovagoods-60-60-w-140-x-160-cm-branco_969427.jpg","datePublished":"2024-12-02T15:11:33+00:00","dateModified":"2025-03-11T14:43:34+00:00","breadcrumb":{"@id":"https:\/\/curiosidadesedicas.com\/loja\/produto\/aquece-camas-eletrico-duplo-blewarm-6060w-branco-140-x-160-cm\/#breadcrumb"},"inLanguage":"pt-PT","potentialAction":[{"@type":"ReadAction","target":["https:\/\/curiosidadesedicas.com\/loja\/produto\/aquece-camas-eletrico-duplo-blewarm-6060w-branco-140-x-160-cm\/"]}]},{"@type":"ImageObject","inLanguage":"pt-PT","@id":"https:\/\/curiosidadesedicas.com\/loja\/produto\/aquece-camas-eletrico-duplo-blewarm-6060w-branco-140-x-160-cm\/#primaryimage","url":"https:\/\/curiosidadesedicas.com\/loja\/wp-content\/uploads\/2024\/12\/aquecedor-de-camas-eletrico-duplo-blewarm-innovagoods-60-60-w-140-x-160-cm-branco_969427.jpg","contentUrl":"https:\/\/curiosidadesedicas.com\/loja\/wp-content\/uploads\/2024\/12\/aquecedor-de-camas-eletrico-duplo-blewarm-innovagoods-60-60-w-140-x-160-cm-branco_969427.jpg","width":600,"height":600},{"@type":"BreadcrumbList","@id":"https:\/\/curiosidadesedicas.com\/loja\/produto\/aquece-camas-eletrico-duplo-blewarm-6060w-branco-140-x-160-cm\/#breadcrumb","itemListElement":[{"@type":"ListItem","position":1,"name":"In\u00edcio","item":"https:\/\/curiosidadesedicas.com\/loja\/"},{"@type":"ListItem","position":2,"name":"Produtos","item":"https:\/\/curiosidadesedicas.com\/loja\/produtos\/"},{"@type":"ListItem","position":3,"name":"AQUECE CAMAS EL\u00c9TRICO DUPLO BLEWARM 60+60W BRANCO | 140 X 160 CM"}]},{"@type":"WebSite","@id":"https:\/\/curiosidadesedicas.com\/loja\/#website","url":"https:\/\/curiosidadesedicas.com\/loja\/","name":"Curiosidades &amp; Dicas, Lda","description":"Apaixonados Por Inova\u00e7\u00e3o","publisher":{"@id":"https:\/\/curiosidadesedicas.com\/loja\/#organization"},"potentialAction":[{"@type":"SearchAction","target":{"@type":"EntryPoint","urlTemplate":"https:\/\/curiosidadesedicas.com\/loja\/?s={search_term_string}"},"query-input":{"@type":"PropertyValueSpecification","valueRequired":true,"valueName":"search_term_string"}}],"inLanguage":"pt-PT"},{"@type":"Organization","@id":"https:\/\/curiosidadesedicas.com\/loja\/#organization","name":"Curiosidades & Dicas","url":"https:\/\/curiosidadesedicas.com\/loja\/","logo":{"@type":"ImageObject","inLanguage":"pt-PT","@id":"https:\/\/curiosidadesedicas.com\/loja\/#\/schema\/logo\/image\/","url":"https:\/\/curiosidadesedicas.com\/loja\/wp-content\/uploads\/2020\/05\/LogoCuriosidadesSimples.png","contentUrl":"https:\/\/curiosidadesedicas.com\/loja\/wp-content\/uploads\/2020\/05\/LogoCuriosidadesSimples.png","width":3528,"height":804,"caption":"Curiosidades & Dicas"},"image":{"@id":"https:\/\/curiosidadesedicas.com\/loja\/#\/schema\/logo\/image\/"}}]}},"_links":{"self":[{"href":"https:\/\/curiosidadesedicas.com\/loja\/wp-json\/wp\/v2\/product\/34314","targetHints":{"allow":["GET"]}}],"collection":[{"href":"https:\/\/curiosidadesedicas.com\/loja\/wp-json\/wp\/v2\/product"}],"about":[{"href":"https:\/\/curiosidadesedicas.com\/loja\/wp-json\/wp\/v2\/types\/product"}],"replies":[{"embeddable":true,"href":"https:\/\/curiosidadesedicas.com\/loja\/wp-json\/wp\/v2\/comments?post=34314"}],"wp:featuredmedia":[{"embeddable":true,"href":"https:\/\/curiosidadesedicas.com\/loja\/wp-json\/wp\/v2\/media\/34322"}],"wp:attachment":[{"href":"https:\/\/curiosidadesedicas.com\/loja\/wp-json\/wp\/v2\/media?parent=34314"}],"wp:term":[{"taxonomy":"product_brand","embeddable":true,"href":"https:\/\/curiosidadesedicas.com\/loja\/wp-json\/wp\/v2\/product_brand?post=34314"},{"taxonomy":"product_cat","embeddable":true,"href":"https:\/\/curiosidadesedicas.com\/loja\/wp-json\/wp\/v2\/product_cat?post=34314"},{"taxonomy":"product_tag","embeddable":true,"href":"https:\/\/curiosidadesedicas.com\/loja\/wp-json\/wp\/v2\/product_tag?post=34314"}],"curies":[{"name":"wp","href":"https:\/\/api.w.org\/{rel}","templated":true}]}}