{"id":34215,"date":"2024-11-06T11:59:01","date_gmt":"2024-11-06T11:59:01","guid":{"rendered":"https:\/\/curiosidadesedicas.com\/loja\/?post_type=product&#038;p=34215"},"modified":"2024-11-06T12:43:07","modified_gmt":"2024-11-06T12:43:07","slug":"lanterna-de-seguranca-6-em-1","status":"publish","type":"product","link":"https:\/\/curiosidadesedicas.com\/loja\/produto\/lanterna-de-seguranca-6-em-1\/","title":{"rendered":"LANTERNA DE SEGURAN\u00c7A 6 EM 1"},"content":{"rendered":"<table>\n<tbody>\n<tr>\n<td>Alimenta\u00e7\u00e3o:<\/td>\n<td>Bateria<\/td>\n<\/tr>\n<tr>\n<td>Autonomia:<\/td>\n<td>At\u00e9 2h<\/td>\n<\/tr>\n<tr>\n<td>Material:<\/td>\n<td>Abs + alum\u00ednio<\/td>\n<\/tr>\n<tr>\n<td>Temperatura de luz.:<\/td>\n<td>7.500K<\/td>\n<\/tr>\n<tr>\n<td>Bateria:<\/td>\n<td>Inclui 1 bateria de 300 mAh l\u00edtio<\/td>\n<\/tr>\n<tr>\n<td>Volts e amperes m\u00e1ximos de carga:<\/td>\n<td>5 V &#8211; 0.32 A<\/td>\n<\/tr>\n<tr>\n<td>Acess\u00f3rios:<\/td>\n<td>Cabo USB tipo C<\/td>\n<\/tr>\n<tr>\n<td>Tipo:<\/td>\n<td>Lanterna de seguran\u00e7a<\/td>\n<\/tr>\n<tr>\n<td>Pot\u00eancia:<\/td>\n<td>LED principal 7W + LED frontal 2,5W<\/td>\n<\/tr>\n<tr>\n<td>Modos de luz:<\/td>\n<td>3 modos LED frontal 120\/40Lm\/flash vermelho e azul<\/td>\n<\/tr>\n<tr>\n<td>Carga:<\/td>\n<td>Tempo de carga aprox.: 2h<\/td>\n<\/tr>\n<tr>\n<td>\u00cdndice de Prote\u00e7\u00e3o:<\/td>\n<td>IP65<\/td>\n<\/tr>\n<tr>\n<td>Fun\u00e7\u00f5es:<\/td>\n<td>Com clipe, abridor de garrafas, cortador de cinto<\/td>\n<\/tr>\n<tr>\n<td>Fun\u00e7\u00f5es:<\/td>\n<td>Com apito, martelo quebra vidro<\/td>\n<\/tr>\n<tr>\n<td>Fun\u00e7\u00f5es:<\/td>\n<td>Com chave de fenda 3.0 (2 pontas)<\/td>\n<\/tr>\n<tr>\n<td>Medida:<\/td>\n<td>39 x 21 x 92 mm<\/td>\n<\/tr>\n<tr>\n<td>Peso:<\/td>\n<td>0,065 kg<\/td>\n<\/tr>\n<\/tbody>\n<\/table>\n","protected":false},"excerpt":{"rendered":"<p>Lanterna de seguran\u00e7a 6 em 1 7w + 2,5w 400lm edm. Inclui LED principal 7w + LED adicional 2,5w. V\u00e1rios modos de funcionamento: 100%, 50% flash vermelho-azul. Bateria de 300mah recarreg\u00e1vel. Conex\u00e3o tipo c, ip65, inclui saca-rolhas, x-ato, ponta para partir vidros, apito de emerg\u00eancia e chave de parafusos.<\/p>\n","protected":false},"featured_media":34222,"comment_status":"open","ping_status":"closed","template":"","meta":{"_glsr_average":0,"_glsr_ranking":0,"_glsr_reviews":0},"product_brand":[],"product_cat":[345,349],"product_tag":[],"class_list":{"0":"post-34215","1":"product","2":"type-product","3":"status-publish","4":"has-post-thumbnail","6":"product_cat-gadgets-led","7":"product_cat-lanternas-led","9":"first","10":"instock","11":"taxable","12":"shipping-taxable","13":"purchasable","14":"product-type-simple"},"yoast_head":"<!-- This site is optimized with the Yoast SEO plugin v26.8 - https:\/\/yoast.com\/product\/yoast-seo-wordpress\/ -->\n<title>LANTERNA DE SEGURAN\u00c7A 6 EM 1 - Curiosidades &amp; Dicas, Lda<\/title>\n<meta name=\"robots\" content=\"index, follow, max-snippet:-1, max-image-preview:large, max-video-preview:-1\" \/>\n<link rel=\"canonical\" href=\"https:\/\/curiosidadesedicas.com\/loja\/produto\/lanterna-de-seguranca-6-em-1\/\" \/>\n<meta property=\"og:locale\" content=\"pt_PT\" \/>\n<meta property=\"og:type\" content=\"article\" \/>\n<meta property=\"og:title\" content=\"LANTERNA DE SEGURAN\u00c7A 6 EM 1 - Curiosidades &amp; Dicas, Lda\" \/>\n<meta property=\"og:description\" content=\"Lanterna de seguran\u00e7a 6 em 1 7w + 2,5w 400lm edm. Inclui LED principal 7w + LED adicional 2,5w. V\u00e1rios modos de funcionamento: 100%, 50% flash vermelho-azul. Bateria de 300mah recarreg\u00e1vel. Conex\u00e3o tipo c, ip65, inclui saca-rolhas, x-ato, ponta para partir vidros, apito de emerg\u00eancia e chave de parafusos.\" \/>\n<meta property=\"og:url\" content=\"https:\/\/curiosidadesedicas.com\/loja\/produto\/lanterna-de-seguranca-6-em-1\/\" \/>\n<meta property=\"og:site_name\" content=\"Curiosidades &amp; Dicas, Lda\" \/>\n<meta property=\"article:modified_time\" content=\"2024-11-06T12:43:07+00:00\" \/>\n<meta property=\"og:image\" content=\"https:\/\/curiosidadesedicas.com\/loja\/wp-content\/uploads\/2024\/11\/1.png\" \/>\n\t<meta property=\"og:image:width\" content=\"1080\" \/>\n\t<meta property=\"og:image:height\" content=\"1080\" \/>\n\t<meta property=\"og:image:type\" content=\"image\/png\" \/>\n<meta name=\"twitter:card\" content=\"summary_large_image\" \/>\n<meta name=\"twitter:label1\" content=\"Tempo estimado de leitura\" \/>\n\t<meta name=\"twitter:data1\" content=\"1 minuto\" \/>\n<script type=\"application\/ld+json\" class=\"yoast-schema-graph\">{\"@context\":\"https:\/\/schema.org\",\"@graph\":[{\"@type\":\"WebPage\",\"@id\":\"https:\/\/curiosidadesedicas.com\/loja\/produto\/lanterna-de-seguranca-6-em-1\/\",\"url\":\"https:\/\/curiosidadesedicas.com\/loja\/produto\/lanterna-de-seguranca-6-em-1\/\",\"name\":\"LANTERNA DE SEGURAN\u00c7A 6 EM 1 - Curiosidades &amp; Dicas, Lda\",\"isPartOf\":{\"@id\":\"https:\/\/curiosidadesedicas.com\/loja\/#website\"},\"primaryImageOfPage\":{\"@id\":\"https:\/\/curiosidadesedicas.com\/loja\/produto\/lanterna-de-seguranca-6-em-1\/#primaryimage\"},\"image\":{\"@id\":\"https:\/\/curiosidadesedicas.com\/loja\/produto\/lanterna-de-seguranca-6-em-1\/#primaryimage\"},\"thumbnailUrl\":\"https:\/\/curiosidadesedicas.com\/loja\/wp-content\/uploads\/2024\/11\/1.png\",\"datePublished\":\"2024-11-06T11:59:01+00:00\",\"dateModified\":\"2024-11-06T12:43:07+00:00\",\"breadcrumb\":{\"@id\":\"https:\/\/curiosidadesedicas.com\/loja\/produto\/lanterna-de-seguranca-6-em-1\/#breadcrumb\"},\"inLanguage\":\"pt-PT\",\"potentialAction\":[{\"@type\":\"ReadAction\",\"target\":[\"https:\/\/curiosidadesedicas.com\/loja\/produto\/lanterna-de-seguranca-6-em-1\/\"]}]},{\"@type\":\"ImageObject\",\"inLanguage\":\"pt-PT\",\"@id\":\"https:\/\/curiosidadesedicas.com\/loja\/produto\/lanterna-de-seguranca-6-em-1\/#primaryimage\",\"url\":\"https:\/\/curiosidadesedicas.com\/loja\/wp-content\/uploads\/2024\/11\/1.png\",\"contentUrl\":\"https:\/\/curiosidadesedicas.com\/loja\/wp-content\/uploads\/2024\/11\/1.png\",\"width\":1080,\"height\":1080},{\"@type\":\"BreadcrumbList\",\"@id\":\"https:\/\/curiosidadesedicas.com\/loja\/produto\/lanterna-de-seguranca-6-em-1\/#breadcrumb\",\"itemListElement\":[{\"@type\":\"ListItem\",\"position\":1,\"name\":\"In\u00edcio\",\"item\":\"https:\/\/curiosidadesedicas.com\/loja\/\"},{\"@type\":\"ListItem\",\"position\":2,\"name\":\"Produtos\",\"item\":\"https:\/\/curiosidadesedicas.com\/loja\/produtos\/\"},{\"@type\":\"ListItem\",\"position\":3,\"name\":\"LANTERNA DE SEGURAN\u00c7A 6 EM 1\"}]},{\"@type\":\"WebSite\",\"@id\":\"https:\/\/curiosidadesedicas.com\/loja\/#website\",\"url\":\"https:\/\/curiosidadesedicas.com\/loja\/\",\"name\":\"Curiosidades &amp; Dicas, Lda\",\"description\":\"Apaixonados Por Inova\u00e7\u00e3o\",\"publisher\":{\"@id\":\"https:\/\/curiosidadesedicas.com\/loja\/#organization\"},\"potentialAction\":[{\"@type\":\"SearchAction\",\"target\":{\"@type\":\"EntryPoint\",\"urlTemplate\":\"https:\/\/curiosidadesedicas.com\/loja\/?s={search_term_string}\"},\"query-input\":{\"@type\":\"PropertyValueSpecification\",\"valueRequired\":true,\"valueName\":\"search_term_string\"}}],\"inLanguage\":\"pt-PT\"},{\"@type\":\"Organization\",\"@id\":\"https:\/\/curiosidadesedicas.com\/loja\/#organization\",\"name\":\"Curiosidades & Dicas\",\"url\":\"https:\/\/curiosidadesedicas.com\/loja\/\",\"logo\":{\"@type\":\"ImageObject\",\"inLanguage\":\"pt-PT\",\"@id\":\"https:\/\/curiosidadesedicas.com\/loja\/#\/schema\/logo\/image\/\",\"url\":\"https:\/\/curiosidadesedicas.com\/loja\/wp-content\/uploads\/2020\/05\/LogoCuriosidadesSimples.png\",\"contentUrl\":\"https:\/\/curiosidadesedicas.com\/loja\/wp-content\/uploads\/2020\/05\/LogoCuriosidadesSimples.png\",\"width\":3528,\"height\":804,\"caption\":\"Curiosidades & Dicas\"},\"image\":{\"@id\":\"https:\/\/curiosidadesedicas.com\/loja\/#\/schema\/logo\/image\/\"}}]}<\/script>\n<!-- \/ Yoast SEO plugin. -->","yoast_head_json":{"title":"LANTERNA DE SEGURAN\u00c7A 6 EM 1 - Curiosidades &amp; Dicas, Lda","robots":{"index":"index","follow":"follow","max-snippet":"max-snippet:-1","max-image-preview":"max-image-preview:large","max-video-preview":"max-video-preview:-1"},"canonical":"https:\/\/curiosidadesedicas.com\/loja\/produto\/lanterna-de-seguranca-6-em-1\/","og_locale":"pt_PT","og_type":"article","og_title":"LANTERNA DE SEGURAN\u00c7A 6 EM 1 - Curiosidades &amp; Dicas, Lda","og_description":"Lanterna de seguran\u00e7a 6 em 1 7w + 2,5w 400lm edm. Inclui LED principal 7w + LED adicional 2,5w. V\u00e1rios modos de funcionamento: 100%, 50% flash vermelho-azul. Bateria de 300mah recarreg\u00e1vel. Conex\u00e3o tipo c, ip65, inclui saca-rolhas, x-ato, ponta para partir vidros, apito de emerg\u00eancia e chave de parafusos.","og_url":"https:\/\/curiosidadesedicas.com\/loja\/produto\/lanterna-de-seguranca-6-em-1\/","og_site_name":"Curiosidades &amp; Dicas, Lda","article_modified_time":"2024-11-06T12:43:07+00:00","og_image":[{"width":1080,"height":1080,"url":"https:\/\/curiosidadesedicas.com\/loja\/wp-content\/uploads\/2024\/11\/1.png","type":"image\/png"}],"twitter_card":"summary_large_image","twitter_misc":{"Tempo estimado de leitura":"1 minuto"},"schema":{"@context":"https:\/\/schema.org","@graph":[{"@type":"WebPage","@id":"https:\/\/curiosidadesedicas.com\/loja\/produto\/lanterna-de-seguranca-6-em-1\/","url":"https:\/\/curiosidadesedicas.com\/loja\/produto\/lanterna-de-seguranca-6-em-1\/","name":"LANTERNA DE SEGURAN\u00c7A 6 EM 1 - Curiosidades &amp; Dicas, Lda","isPartOf":{"@id":"https:\/\/curiosidadesedicas.com\/loja\/#website"},"primaryImageOfPage":{"@id":"https:\/\/curiosidadesedicas.com\/loja\/produto\/lanterna-de-seguranca-6-em-1\/#primaryimage"},"image":{"@id":"https:\/\/curiosidadesedicas.com\/loja\/produto\/lanterna-de-seguranca-6-em-1\/#primaryimage"},"thumbnailUrl":"https:\/\/curiosidadesedicas.com\/loja\/wp-content\/uploads\/2024\/11\/1.png","datePublished":"2024-11-06T11:59:01+00:00","dateModified":"2024-11-06T12:43:07+00:00","breadcrumb":{"@id":"https:\/\/curiosidadesedicas.com\/loja\/produto\/lanterna-de-seguranca-6-em-1\/#breadcrumb"},"inLanguage":"pt-PT","potentialAction":[{"@type":"ReadAction","target":["https:\/\/curiosidadesedicas.com\/loja\/produto\/lanterna-de-seguranca-6-em-1\/"]}]},{"@type":"ImageObject","inLanguage":"pt-PT","@id":"https:\/\/curiosidadesedicas.com\/loja\/produto\/lanterna-de-seguranca-6-em-1\/#primaryimage","url":"https:\/\/curiosidadesedicas.com\/loja\/wp-content\/uploads\/2024\/11\/1.png","contentUrl":"https:\/\/curiosidadesedicas.com\/loja\/wp-content\/uploads\/2024\/11\/1.png","width":1080,"height":1080},{"@type":"BreadcrumbList","@id":"https:\/\/curiosidadesedicas.com\/loja\/produto\/lanterna-de-seguranca-6-em-1\/#breadcrumb","itemListElement":[{"@type":"ListItem","position":1,"name":"In\u00edcio","item":"https:\/\/curiosidadesedicas.com\/loja\/"},{"@type":"ListItem","position":2,"name":"Produtos","item":"https:\/\/curiosidadesedicas.com\/loja\/produtos\/"},{"@type":"ListItem","position":3,"name":"LANTERNA DE SEGURAN\u00c7A 6 EM 1"}]},{"@type":"WebSite","@id":"https:\/\/curiosidadesedicas.com\/loja\/#website","url":"https:\/\/curiosidadesedicas.com\/loja\/","name":"Curiosidades &amp; Dicas, Lda","description":"Apaixonados Por Inova\u00e7\u00e3o","publisher":{"@id":"https:\/\/curiosidadesedicas.com\/loja\/#organization"},"potentialAction":[{"@type":"SearchAction","target":{"@type":"EntryPoint","urlTemplate":"https:\/\/curiosidadesedicas.com\/loja\/?s={search_term_string}"},"query-input":{"@type":"PropertyValueSpecification","valueRequired":true,"valueName":"search_term_string"}}],"inLanguage":"pt-PT"},{"@type":"Organization","@id":"https:\/\/curiosidadesedicas.com\/loja\/#organization","name":"Curiosidades & Dicas","url":"https:\/\/curiosidadesedicas.com\/loja\/","logo":{"@type":"ImageObject","inLanguage":"pt-PT","@id":"https:\/\/curiosidadesedicas.com\/loja\/#\/schema\/logo\/image\/","url":"https:\/\/curiosidadesedicas.com\/loja\/wp-content\/uploads\/2020\/05\/LogoCuriosidadesSimples.png","contentUrl":"https:\/\/curiosidadesedicas.com\/loja\/wp-content\/uploads\/2020\/05\/LogoCuriosidadesSimples.png","width":3528,"height":804,"caption":"Curiosidades & Dicas"},"image":{"@id":"https:\/\/curiosidadesedicas.com\/loja\/#\/schema\/logo\/image\/"}}]}},"_links":{"self":[{"href":"https:\/\/curiosidadesedicas.com\/loja\/wp-json\/wp\/v2\/product\/34215","targetHints":{"allow":["GET"]}}],"collection":[{"href":"https:\/\/curiosidadesedicas.com\/loja\/wp-json\/wp\/v2\/product"}],"about":[{"href":"https:\/\/curiosidadesedicas.com\/loja\/wp-json\/wp\/v2\/types\/product"}],"replies":[{"embeddable":true,"href":"https:\/\/curiosidadesedicas.com\/loja\/wp-json\/wp\/v2\/comments?post=34215"}],"wp:featuredmedia":[{"embeddable":true,"href":"https:\/\/curiosidadesedicas.com\/loja\/wp-json\/wp\/v2\/media\/34222"}],"wp:attachment":[{"href":"https:\/\/curiosidadesedicas.com\/loja\/wp-json\/wp\/v2\/media?parent=34215"}],"wp:term":[{"taxonomy":"product_brand","embeddable":true,"href":"https:\/\/curiosidadesedicas.com\/loja\/wp-json\/wp\/v2\/product_brand?post=34215"},{"taxonomy":"product_cat","embeddable":true,"href":"https:\/\/curiosidadesedicas.com\/loja\/wp-json\/wp\/v2\/product_cat?post=34215"},{"taxonomy":"product_tag","embeddable":true,"href":"https:\/\/curiosidadesedicas.com\/loja\/wp-json\/wp\/v2\/product_tag?post=34215"}],"curies":[{"name":"wp","href":"https:\/\/api.w.org\/{rel}","templated":true}]}}