{"id":33867,"date":"2024-06-03T14:19:24","date_gmt":"2024-06-03T14:19:24","guid":{"rendered":"https:\/\/curiosidadesedicas.com\/loja\/?post_type=product&#038;p=33867"},"modified":"2025-03-11T14:47:35","modified_gmt":"2025-03-11T14:47:35","slug":"ferro-a-vapor-vertical-e-horizontal-2-em-1-velyron-800w","status":"publish","type":"product","link":"https:\/\/curiosidadesedicas.com\/loja\/produto\/ferro-a-vapor-vertical-e-horizontal-2-em-1-velyron-800w\/","title":{"rendered":"FERRO A VAPOR VERTICAL E HORIZONTAL 2 EM 1 VELYRON 800W"},"content":{"rendered":"<p>Um ferro a vapor compacto e port\u00e1til com um original desenho 2 em 1 que pode ser utilizado para engomar na horizontal e na vertical, bastando rodar o cabo para a posi\u00e7\u00e3o pretendida (180\u00b0). Este ferro de viagem \u00e9 muito confort\u00e1vel e f\u00e1cil de utilizar, transportar e guardar. Tem fun\u00e7\u00e3o de vapor e temperatura regul\u00e1vel (80-200 \u00b0C). Tem capacidade para 80 ml e 800 W de pot\u00eancia. Inclui diversos acess\u00f3rios de grande utilidade, como um copo de medi\u00e7\u00e3o para encher o dep\u00f3sito de \u00e1gua, uma pequena escova de limpeza e uma cabe\u00e7a para retirar borbotos amov\u00edvel, ideal para roupa, tape\u00e7arias, etc.<\/p>\n<p><img decoding=\"async\" class=\"aligncenter\" src=\"https:\/\/curiosidadesedicas.com\/loja\/wp-content\/uploads\/2024\/06\/mini-ferro-a-vapor-vertical-e-horizontal-2-em-1-velyron-innovagoods-800-w_170534-1.jpg\" \/><\/p>\n","protected":false},"excerpt":{"rendered":"<ul>\n<li>Material:\n<ul>\n<li>PBT<\/li>\n<li>PC<\/li>\n<\/ul>\n<\/li>\n<li>Cor:\n<ul>\n<li>Cinzento<\/li>\n<li>Amarelo<\/li>\n<\/ul>\n<\/li>\n<li>Design inovador e funcional: 2-in-1<\/li>\n<li>Tipo: El\u00e9trico<\/li>\n<li>Capacidade: 80 ml<\/li>\n<li>Ferro de roupa: Fun\u00e7\u00e3o de vapor<\/li>\n<li>M\u00faltiplas posi\u00e7\u00f5es: horizontal-vertical<\/li>\n<li>Temperatura regul\u00e1vel: 80-200 \u00baC<\/li>\n<li>Cabo rotativo: 180\u00ba<\/li>\n<li>Inclui acess\u00f3rios:\n<ul>\n<li>Copo medidor<\/li>\n<li>Cabe\u00e7a amov\u00edvel para remover borbotos<\/li>\n<li>Pequena escova de limpeza<\/li>\n<\/ul>\n<\/li>\n<li>Leve e male\u00e1vel: Utiliza\u00e7\u00e3o c\u00f3moda e simples<\/li>\n<li>Tamanho Reduzido Compacto: Ocupa pouco espa\u00e7o<\/li>\n<li>Ferro de viagem: F\u00e1cil de transportar e de guardar<\/li>\n<li>Pot\u00eancia: 800 W<\/li>\n<li>Tipo de tomada: F<\/li>\n<li>Comprimento do cabo: 138 cm<\/li>\n<li>AC In: 230 V \/ 50 Hz<\/li>\n<li>Medidas aprox.: 26 x 14 x 9,5 cm<\/li>\n<\/ul>\n","protected":false},"featured_media":33882,"comment_status":"open","ping_status":"closed","template":"","meta":{"_glsr_average":0,"_glsr_ranking":0,"_glsr_reviews":0},"product_brand":[],"product_cat":[365,421,394],"product_tag":[],"class_list":{"0":"post-33867","1":"product","2":"type-product","3":"status-publish","4":"has-post-thumbnail","6":"product_cat-para-o-lar","7":"product_cat-arrumacao","8":"product_cat-limpeza","10":"first","11":"instock","12":"taxable","13":"shipping-taxable","14":"purchasable","15":"product-type-simple"},"yoast_head":"<!-- This site is optimized with the Yoast SEO plugin v26.8 - https:\/\/yoast.com\/product\/yoast-seo-wordpress\/ -->\n<title>FERRO A VAPOR VERTICAL E HORIZONTAL 2 EM 1 VELYRON 800W - Curiosidades &amp; Dicas, Lda<\/title>\n<meta name=\"robots\" content=\"index, follow, max-snippet:-1, max-image-preview:large, max-video-preview:-1\" \/>\n<link rel=\"canonical\" href=\"https:\/\/curiosidadesedicas.com\/loja\/produto\/ferro-a-vapor-vertical-e-horizontal-2-em-1-velyron-800w\/\" \/>\n<meta property=\"og:locale\" content=\"pt_PT\" \/>\n<meta property=\"og:type\" content=\"article\" \/>\n<meta property=\"og:title\" content=\"FERRO A VAPOR VERTICAL E HORIZONTAL 2 EM 1 VELYRON 800W - Curiosidades &amp; Dicas, Lda\" \/>\n<meta property=\"og:description\" content=\"Material:   PBT  PC    Cor:   Cinzento  Amarelo    Design inovador e funcional: 2-in-1  Tipo: El\u00e9trico  Capacidade: 80 ml  Ferro de roupa: Fun\u00e7\u00e3o de vapor  M\u00faltiplas posi\u00e7\u00f5es: horizontal-vertical  Temperatura regul\u00e1vel: 80-200 \u00baC  Cabo rotativo: 180\u00ba  Inclui acess\u00f3rios:   Copo medidor  Cabe\u00e7a amov\u00edvel para remover borbotos  Pequena escova de limpeza    Leve e male\u00e1vel: Utiliza\u00e7\u00e3o c\u00f3moda e simples  Tamanho Reduzido Compacto: Ocupa pouco espa\u00e7o  Ferro de viagem: F\u00e1cil de transportar e de guardar  Pot\u00eancia: 800 W  Tipo de tomada: F  Comprimento do cabo: 138 cm  AC In: 230 V \/ 50 Hz  Medidas aprox.: 26 x 14 x 9,5 cm\" \/>\n<meta property=\"og:url\" content=\"https:\/\/curiosidadesedicas.com\/loja\/produto\/ferro-a-vapor-vertical-e-horizontal-2-em-1-velyron-800w\/\" \/>\n<meta property=\"og:site_name\" content=\"Curiosidades &amp; Dicas, Lda\" \/>\n<meta property=\"article:modified_time\" content=\"2025-03-11T14:47:35+00:00\" \/>\n<meta property=\"og:image\" content=\"https:\/\/curiosidadesedicas.com\/loja\/wp-content\/uploads\/2024\/06\/mini-ferro-a-vapor-vertical-e-horizontal-2-em-1-velyron-innovagoods-800-w_170534.jpg\" \/>\n\t<meta property=\"og:image:width\" content=\"600\" \/>\n\t<meta property=\"og:image:height\" content=\"600\" \/>\n\t<meta property=\"og:image:type\" content=\"image\/jpeg\" \/>\n<meta name=\"twitter:card\" content=\"summary_large_image\" \/>\n<meta name=\"twitter:label1\" content=\"Tempo estimado de leitura\" \/>\n\t<meta name=\"twitter:data1\" content=\"1 minuto\" \/>\n<script type=\"application\/ld+json\" class=\"yoast-schema-graph\">{\"@context\":\"https:\/\/schema.org\",\"@graph\":[{\"@type\":\"WebPage\",\"@id\":\"https:\/\/curiosidadesedicas.com\/loja\/produto\/ferro-a-vapor-vertical-e-horizontal-2-em-1-velyron-800w\/\",\"url\":\"https:\/\/curiosidadesedicas.com\/loja\/produto\/ferro-a-vapor-vertical-e-horizontal-2-em-1-velyron-800w\/\",\"name\":\"FERRO A VAPOR VERTICAL E HORIZONTAL 2 EM 1 VELYRON 800W - Curiosidades &amp; Dicas, Lda\",\"isPartOf\":{\"@id\":\"https:\/\/curiosidadesedicas.com\/loja\/#website\"},\"primaryImageOfPage\":{\"@id\":\"https:\/\/curiosidadesedicas.com\/loja\/produto\/ferro-a-vapor-vertical-e-horizontal-2-em-1-velyron-800w\/#primaryimage\"},\"image\":{\"@id\":\"https:\/\/curiosidadesedicas.com\/loja\/produto\/ferro-a-vapor-vertical-e-horizontal-2-em-1-velyron-800w\/#primaryimage\"},\"thumbnailUrl\":\"https:\/\/curiosidadesedicas.com\/loja\/wp-content\/uploads\/2024\/06\/mini-ferro-a-vapor-vertical-e-horizontal-2-em-1-velyron-innovagoods-800-w_170534.jpg\",\"datePublished\":\"2024-06-03T14:19:24+00:00\",\"dateModified\":\"2025-03-11T14:47:35+00:00\",\"breadcrumb\":{\"@id\":\"https:\/\/curiosidadesedicas.com\/loja\/produto\/ferro-a-vapor-vertical-e-horizontal-2-em-1-velyron-800w\/#breadcrumb\"},\"inLanguage\":\"pt-PT\",\"potentialAction\":[{\"@type\":\"ReadAction\",\"target\":[\"https:\/\/curiosidadesedicas.com\/loja\/produto\/ferro-a-vapor-vertical-e-horizontal-2-em-1-velyron-800w\/\"]}]},{\"@type\":\"ImageObject\",\"inLanguage\":\"pt-PT\",\"@id\":\"https:\/\/curiosidadesedicas.com\/loja\/produto\/ferro-a-vapor-vertical-e-horizontal-2-em-1-velyron-800w\/#primaryimage\",\"url\":\"https:\/\/curiosidadesedicas.com\/loja\/wp-content\/uploads\/2024\/06\/mini-ferro-a-vapor-vertical-e-horizontal-2-em-1-velyron-innovagoods-800-w_170534.jpg\",\"contentUrl\":\"https:\/\/curiosidadesedicas.com\/loja\/wp-content\/uploads\/2024\/06\/mini-ferro-a-vapor-vertical-e-horizontal-2-em-1-velyron-innovagoods-800-w_170534.jpg\",\"width\":600,\"height\":600},{\"@type\":\"BreadcrumbList\",\"@id\":\"https:\/\/curiosidadesedicas.com\/loja\/produto\/ferro-a-vapor-vertical-e-horizontal-2-em-1-velyron-800w\/#breadcrumb\",\"itemListElement\":[{\"@type\":\"ListItem\",\"position\":1,\"name\":\"In\u00edcio\",\"item\":\"https:\/\/curiosidadesedicas.com\/loja\/\"},{\"@type\":\"ListItem\",\"position\":2,\"name\":\"Produtos\",\"item\":\"https:\/\/curiosidadesedicas.com\/loja\/produtos\/\"},{\"@type\":\"ListItem\",\"position\":3,\"name\":\"FERRO A VAPOR VERTICAL E HORIZONTAL 2 EM 1 VELYRON 800W\"}]},{\"@type\":\"WebSite\",\"@id\":\"https:\/\/curiosidadesedicas.com\/loja\/#website\",\"url\":\"https:\/\/curiosidadesedicas.com\/loja\/\",\"name\":\"Curiosidades &amp; Dicas, Lda\",\"description\":\"Apaixonados Por Inova\u00e7\u00e3o\",\"publisher\":{\"@id\":\"https:\/\/curiosidadesedicas.com\/loja\/#organization\"},\"potentialAction\":[{\"@type\":\"SearchAction\",\"target\":{\"@type\":\"EntryPoint\",\"urlTemplate\":\"https:\/\/curiosidadesedicas.com\/loja\/?s={search_term_string}\"},\"query-input\":{\"@type\":\"PropertyValueSpecification\",\"valueRequired\":true,\"valueName\":\"search_term_string\"}}],\"inLanguage\":\"pt-PT\"},{\"@type\":\"Organization\",\"@id\":\"https:\/\/curiosidadesedicas.com\/loja\/#organization\",\"name\":\"Curiosidades & Dicas\",\"url\":\"https:\/\/curiosidadesedicas.com\/loja\/\",\"logo\":{\"@type\":\"ImageObject\",\"inLanguage\":\"pt-PT\",\"@id\":\"https:\/\/curiosidadesedicas.com\/loja\/#\/schema\/logo\/image\/\",\"url\":\"https:\/\/curiosidadesedicas.com\/loja\/wp-content\/uploads\/2020\/05\/LogoCuriosidadesSimples.png\",\"contentUrl\":\"https:\/\/curiosidadesedicas.com\/loja\/wp-content\/uploads\/2020\/05\/LogoCuriosidadesSimples.png\",\"width\":3528,\"height\":804,\"caption\":\"Curiosidades & Dicas\"},\"image\":{\"@id\":\"https:\/\/curiosidadesedicas.com\/loja\/#\/schema\/logo\/image\/\"}}]}<\/script>\n<!-- \/ Yoast SEO plugin. -->","yoast_head_json":{"title":"FERRO A VAPOR VERTICAL E HORIZONTAL 2 EM 1 VELYRON 800W - Curiosidades &amp; Dicas, Lda","robots":{"index":"index","follow":"follow","max-snippet":"max-snippet:-1","max-image-preview":"max-image-preview:large","max-video-preview":"max-video-preview:-1"},"canonical":"https:\/\/curiosidadesedicas.com\/loja\/produto\/ferro-a-vapor-vertical-e-horizontal-2-em-1-velyron-800w\/","og_locale":"pt_PT","og_type":"article","og_title":"FERRO A VAPOR VERTICAL E HORIZONTAL 2 EM 1 VELYRON 800W - Curiosidades &amp; Dicas, Lda","og_description":"Material:   PBT  PC    Cor:   Cinzento  Amarelo    Design inovador e funcional: 2-in-1  Tipo: El\u00e9trico  Capacidade: 80 ml  Ferro de roupa: Fun\u00e7\u00e3o de vapor  M\u00faltiplas posi\u00e7\u00f5es: horizontal-vertical  Temperatura regul\u00e1vel: 80-200 \u00baC  Cabo rotativo: 180\u00ba  Inclui acess\u00f3rios:   Copo medidor  Cabe\u00e7a amov\u00edvel para remover borbotos  Pequena escova de limpeza    Leve e male\u00e1vel: Utiliza\u00e7\u00e3o c\u00f3moda e simples  Tamanho Reduzido Compacto: Ocupa pouco espa\u00e7o  Ferro de viagem: F\u00e1cil de transportar e de guardar  Pot\u00eancia: 800 W  Tipo de tomada: F  Comprimento do cabo: 138 cm  AC In: 230 V \/ 50 Hz  Medidas aprox.: 26 x 14 x 9,5 cm","og_url":"https:\/\/curiosidadesedicas.com\/loja\/produto\/ferro-a-vapor-vertical-e-horizontal-2-em-1-velyron-800w\/","og_site_name":"Curiosidades &amp; Dicas, Lda","article_modified_time":"2025-03-11T14:47:35+00:00","og_image":[{"width":600,"height":600,"url":"https:\/\/curiosidadesedicas.com\/loja\/wp-content\/uploads\/2024\/06\/mini-ferro-a-vapor-vertical-e-horizontal-2-em-1-velyron-innovagoods-800-w_170534.jpg","type":"image\/jpeg"}],"twitter_card":"summary_large_image","twitter_misc":{"Tempo estimado de leitura":"1 minuto"},"schema":{"@context":"https:\/\/schema.org","@graph":[{"@type":"WebPage","@id":"https:\/\/curiosidadesedicas.com\/loja\/produto\/ferro-a-vapor-vertical-e-horizontal-2-em-1-velyron-800w\/","url":"https:\/\/curiosidadesedicas.com\/loja\/produto\/ferro-a-vapor-vertical-e-horizontal-2-em-1-velyron-800w\/","name":"FERRO A VAPOR VERTICAL E HORIZONTAL 2 EM 1 VELYRON 800W - Curiosidades &amp; Dicas, Lda","isPartOf":{"@id":"https:\/\/curiosidadesedicas.com\/loja\/#website"},"primaryImageOfPage":{"@id":"https:\/\/curiosidadesedicas.com\/loja\/produto\/ferro-a-vapor-vertical-e-horizontal-2-em-1-velyron-800w\/#primaryimage"},"image":{"@id":"https:\/\/curiosidadesedicas.com\/loja\/produto\/ferro-a-vapor-vertical-e-horizontal-2-em-1-velyron-800w\/#primaryimage"},"thumbnailUrl":"https:\/\/curiosidadesedicas.com\/loja\/wp-content\/uploads\/2024\/06\/mini-ferro-a-vapor-vertical-e-horizontal-2-em-1-velyron-innovagoods-800-w_170534.jpg","datePublished":"2024-06-03T14:19:24+00:00","dateModified":"2025-03-11T14:47:35+00:00","breadcrumb":{"@id":"https:\/\/curiosidadesedicas.com\/loja\/produto\/ferro-a-vapor-vertical-e-horizontal-2-em-1-velyron-800w\/#breadcrumb"},"inLanguage":"pt-PT","potentialAction":[{"@type":"ReadAction","target":["https:\/\/curiosidadesedicas.com\/loja\/produto\/ferro-a-vapor-vertical-e-horizontal-2-em-1-velyron-800w\/"]}]},{"@type":"ImageObject","inLanguage":"pt-PT","@id":"https:\/\/curiosidadesedicas.com\/loja\/produto\/ferro-a-vapor-vertical-e-horizontal-2-em-1-velyron-800w\/#primaryimage","url":"https:\/\/curiosidadesedicas.com\/loja\/wp-content\/uploads\/2024\/06\/mini-ferro-a-vapor-vertical-e-horizontal-2-em-1-velyron-innovagoods-800-w_170534.jpg","contentUrl":"https:\/\/curiosidadesedicas.com\/loja\/wp-content\/uploads\/2024\/06\/mini-ferro-a-vapor-vertical-e-horizontal-2-em-1-velyron-innovagoods-800-w_170534.jpg","width":600,"height":600},{"@type":"BreadcrumbList","@id":"https:\/\/curiosidadesedicas.com\/loja\/produto\/ferro-a-vapor-vertical-e-horizontal-2-em-1-velyron-800w\/#breadcrumb","itemListElement":[{"@type":"ListItem","position":1,"name":"In\u00edcio","item":"https:\/\/curiosidadesedicas.com\/loja\/"},{"@type":"ListItem","position":2,"name":"Produtos","item":"https:\/\/curiosidadesedicas.com\/loja\/produtos\/"},{"@type":"ListItem","position":3,"name":"FERRO A VAPOR VERTICAL E HORIZONTAL 2 EM 1 VELYRON 800W"}]},{"@type":"WebSite","@id":"https:\/\/curiosidadesedicas.com\/loja\/#website","url":"https:\/\/curiosidadesedicas.com\/loja\/","name":"Curiosidades &amp; Dicas, Lda","description":"Apaixonados Por Inova\u00e7\u00e3o","publisher":{"@id":"https:\/\/curiosidadesedicas.com\/loja\/#organization"},"potentialAction":[{"@type":"SearchAction","target":{"@type":"EntryPoint","urlTemplate":"https:\/\/curiosidadesedicas.com\/loja\/?s={search_term_string}"},"query-input":{"@type":"PropertyValueSpecification","valueRequired":true,"valueName":"search_term_string"}}],"inLanguage":"pt-PT"},{"@type":"Organization","@id":"https:\/\/curiosidadesedicas.com\/loja\/#organization","name":"Curiosidades & Dicas","url":"https:\/\/curiosidadesedicas.com\/loja\/","logo":{"@type":"ImageObject","inLanguage":"pt-PT","@id":"https:\/\/curiosidadesedicas.com\/loja\/#\/schema\/logo\/image\/","url":"https:\/\/curiosidadesedicas.com\/loja\/wp-content\/uploads\/2020\/05\/LogoCuriosidadesSimples.png","contentUrl":"https:\/\/curiosidadesedicas.com\/loja\/wp-content\/uploads\/2020\/05\/LogoCuriosidadesSimples.png","width":3528,"height":804,"caption":"Curiosidades & Dicas"},"image":{"@id":"https:\/\/curiosidadesedicas.com\/loja\/#\/schema\/logo\/image\/"}}]}},"_links":{"self":[{"href":"https:\/\/curiosidadesedicas.com\/loja\/wp-json\/wp\/v2\/product\/33867","targetHints":{"allow":["GET"]}}],"collection":[{"href":"https:\/\/curiosidadesedicas.com\/loja\/wp-json\/wp\/v2\/product"}],"about":[{"href":"https:\/\/curiosidadesedicas.com\/loja\/wp-json\/wp\/v2\/types\/product"}],"replies":[{"embeddable":true,"href":"https:\/\/curiosidadesedicas.com\/loja\/wp-json\/wp\/v2\/comments?post=33867"}],"wp:featuredmedia":[{"embeddable":true,"href":"https:\/\/curiosidadesedicas.com\/loja\/wp-json\/wp\/v2\/media\/33882"}],"wp:attachment":[{"href":"https:\/\/curiosidadesedicas.com\/loja\/wp-json\/wp\/v2\/media?parent=33867"}],"wp:term":[{"taxonomy":"product_brand","embeddable":true,"href":"https:\/\/curiosidadesedicas.com\/loja\/wp-json\/wp\/v2\/product_brand?post=33867"},{"taxonomy":"product_cat","embeddable":true,"href":"https:\/\/curiosidadesedicas.com\/loja\/wp-json\/wp\/v2\/product_cat?post=33867"},{"taxonomy":"product_tag","embeddable":true,"href":"https:\/\/curiosidadesedicas.com\/loja\/wp-json\/wp\/v2\/product_tag?post=33867"}],"curies":[{"name":"wp","href":"https:\/\/api.w.org\/{rel}","templated":true}]}}