{"id":33834,"date":"2024-05-08T08:17:27","date_gmt":"2024-05-08T08:17:27","guid":{"rendered":"https:\/\/curiosidadesedicas.com\/loja\/?post_type=product&#038;p=33834"},"modified":"2025-03-11T14:48:47","modified_gmt":"2025-03-11T14:48:47","slug":"ventoinha-de-teto-c-candeeiro-led-72w-kigali-branca-dourada","status":"publish","type":"product","link":"https:\/\/curiosidadesedicas.com\/loja\/produto\/ventoinha-de-teto-c-candeeiro-led-72w-kigali-branca-dourada\/","title":{"rendered":"VENTOINHA DE TETO C\/ CANDEEIRO LED 72W KIGALI | BRANCA\/DOURADA"},"content":{"rendered":"<table width=\"885\">\n<tbody>\n<tr>\n<td width=\"439\">Subcategoria:<\/td>\n<td width=\"440\">Ventoinhas com luz<\/td>\n<\/tr>\n<tr>\n<td width=\"439\">Tecnologia:<\/td>\n<td width=\"440\">LED Integrado<\/td>\n<\/tr>\n<tr>\n<td width=\"439\">Tipo:<\/td>\n<td width=\"440\">Ventoinhas de Teto<\/td>\n<\/tr>\n<tr>\n<td width=\"439\">Cor:<\/td>\n<td width=\"440\">Branco\/Dourado<\/td>\n<\/tr>\n<tr>\n<td width=\"439\">Formato:<\/td>\n<td width=\"440\">4 p\u00e1s retr\u00e1teis<\/td>\n<\/tr>\n<tr>\n<td width=\"439\">Di\u00e2metro\u00a0:<\/td>\n<td width=\"440\">108 cm<\/td>\n<\/tr>\n<tr>\n<td width=\"439\">Altura:<\/td>\n<td width=\"440\">35 cm<\/td>\n<\/tr>\n<tr>\n<td width=\"439\">Tens\u00e3o:<\/td>\n<td width=\"440\">230 V ~ 50 Hz<\/td>\n<\/tr>\n<tr>\n<td width=\"439\">Pot\u00eancia m\u00e1xima:<\/td>\n<td width=\"440\">72W<\/td>\n<\/tr>\n<tr>\n<td width=\"439\">Fluxo luminoso:<\/td>\n<td width=\"440\">6480 lm<\/td>\n<\/tr>\n<tr>\n<td width=\"439\">\u00cdndice de protec\u00e7\u00e3o:<\/td>\n<td width=\"440\">IP20<\/td>\n<\/tr>\n<tr>\n<td width=\"439\">Material:<\/td>\n<td width=\"440\">Metal + Acr\u00edlico + Metacrilato + PC<\/td>\n<\/tr>\n<tr>\n<td width=\"439\">Comando:<\/td>\n<td width=\"440\">Sim<\/td>\n<\/tr>\n<tr>\n<td width=\"439\">S\u00e9rie:<\/td>\n<td width=\"440\">KIGALI<\/td>\n<\/tr>\n<\/tbody>\n<\/table>\n","protected":false},"excerpt":{"rendered":"<div dir=\"auto\">\n<p>Ventoinha de teto KIGALI\u00a0 com luz, 4 p\u00e1s retr\u00e1teis e motor DC com 6 velocidades.<br \/>\nTecnologia de LED integrado com una pot\u00eancia de 72 watts, 6480 lumens e 3 cores de luz 3000 | 4000 | 6000K com combina\u00e7\u00e3o da cor da luz.<\/p>\n<ul>\n<li>Comando remoto<\/li>\n<li>Modo ver\u00e3o e inverno<\/li>\n<li>Fun\u00e7\u00e3o de mem\u00f3ria<\/li>\n<li>Temporizador 1\/2\/4h<\/li>\n<li>Regula\u00e7\u00e3o de intensidade de luz<\/li>\n<li>Temperatura da luz regul\u00e1vel<\/li>\n<\/ul>\n<p>As medidas deste modelo s\u00e3o Alt.35 x D.108cm (D.50 cm com as p\u00e1s retra\u00eddas)<\/p>\n<\/div>\n","protected":false},"featured_media":33841,"comment_status":"open","ping_status":"closed","template":"","meta":{"_glsr_average":0,"_glsr_ranking":0,"_glsr_reviews":0},"product_brand":[],"product_cat":[474,365,369],"product_tag":[],"class_list":{"0":"post-33834","1":"product","2":"type-product","3":"status-publish","4":"has-post-thumbnail","6":"product_cat-ventilacao","7":"product_cat-para-o-lar","8":"product_cat-ventoinhas","10":"first","11":"instock","12":"taxable","13":"shipping-taxable","14":"purchasable","15":"product-type-simple"},"yoast_head":"<!-- This site is optimized with the Yoast SEO plugin v26.8 - https:\/\/yoast.com\/product\/yoast-seo-wordpress\/ -->\n<title>VENTOINHA DE TETO C\/ CANDEEIRO LED 72W KIGALI | BRANCA\/DOURADA - Curiosidades &amp; Dicas, Lda<\/title>\n<meta name=\"robots\" content=\"index, follow, max-snippet:-1, max-image-preview:large, max-video-preview:-1\" \/>\n<link rel=\"canonical\" href=\"https:\/\/curiosidadesedicas.com\/loja\/produto\/ventoinha-de-teto-c-candeeiro-led-72w-kigali-branca-dourada\/\" \/>\n<meta property=\"og:locale\" content=\"pt_PT\" \/>\n<meta property=\"og:type\" content=\"article\" \/>\n<meta property=\"og:title\" content=\"VENTOINHA DE TETO C\/ CANDEEIRO LED 72W KIGALI | BRANCA\/DOURADA - Curiosidades &amp; Dicas, Lda\" \/>\n<meta property=\"og:description\" content=\"Ventoinha de teto KIGALI\u00a0 com luz, 4 p\u00e1s retr\u00e1teis e motor DC com 6 velocidades. Tecnologia de LED integrado com una pot\u00eancia de 72 watts, 6480 lumens e 3 cores de luz 3000 | 4000 | 6000K com combina\u00e7\u00e3o da cor da luz.   Comando remoto  Modo ver\u00e3o e inverno  Fun\u00e7\u00e3o de mem\u00f3ria  Temporizador 1\/2\/4h  Regula\u00e7\u00e3o de intensidade de luz  Temperatura da luz regul\u00e1vel  As medidas deste modelo s\u00e3o Alt.35 x D.108cm (D.50 cm com as p\u00e1s retra\u00eddas)\" \/>\n<meta property=\"og:url\" content=\"https:\/\/curiosidadesedicas.com\/loja\/produto\/ventoinha-de-teto-c-candeeiro-led-72w-kigali-branca-dourada\/\" \/>\n<meta property=\"og:site_name\" content=\"Curiosidades &amp; Dicas, Lda\" \/>\n<meta property=\"article:modified_time\" content=\"2025-03-11T14:48:47+00:00\" \/>\n<meta property=\"og:image\" content=\"https:\/\/curiosidadesedicas.com\/loja\/wp-content\/uploads\/2024\/05\/F-3001-GL-600x600-1.jpg\" \/>\n\t<meta property=\"og:image:width\" content=\"600\" \/>\n\t<meta property=\"og:image:height\" content=\"600\" \/>\n\t<meta property=\"og:image:type\" content=\"image\/jpeg\" \/>\n<meta name=\"twitter:card\" content=\"summary_large_image\" \/>\n<meta name=\"twitter:label1\" content=\"Tempo estimado de leitura\" \/>\n\t<meta name=\"twitter:data1\" content=\"1 minuto\" \/>\n<script type=\"application\/ld+json\" class=\"yoast-schema-graph\">{\"@context\":\"https:\/\/schema.org\",\"@graph\":[{\"@type\":\"WebPage\",\"@id\":\"https:\/\/curiosidadesedicas.com\/loja\/produto\/ventoinha-de-teto-c-candeeiro-led-72w-kigali-branca-dourada\/\",\"url\":\"https:\/\/curiosidadesedicas.com\/loja\/produto\/ventoinha-de-teto-c-candeeiro-led-72w-kigali-branca-dourada\/\",\"name\":\"VENTOINHA DE TETO C\/ CANDEEIRO LED 72W KIGALI | BRANCA\/DOURADA - Curiosidades &amp; Dicas, Lda\",\"isPartOf\":{\"@id\":\"https:\/\/curiosidadesedicas.com\/loja\/#website\"},\"primaryImageOfPage\":{\"@id\":\"https:\/\/curiosidadesedicas.com\/loja\/produto\/ventoinha-de-teto-c-candeeiro-led-72w-kigali-branca-dourada\/#primaryimage\"},\"image\":{\"@id\":\"https:\/\/curiosidadesedicas.com\/loja\/produto\/ventoinha-de-teto-c-candeeiro-led-72w-kigali-branca-dourada\/#primaryimage\"},\"thumbnailUrl\":\"https:\/\/curiosidadesedicas.com\/loja\/wp-content\/uploads\/2024\/05\/F-3001-GL-600x600-1.jpg\",\"datePublished\":\"2024-05-08T08:17:27+00:00\",\"dateModified\":\"2025-03-11T14:48:47+00:00\",\"breadcrumb\":{\"@id\":\"https:\/\/curiosidadesedicas.com\/loja\/produto\/ventoinha-de-teto-c-candeeiro-led-72w-kigali-branca-dourada\/#breadcrumb\"},\"inLanguage\":\"pt-PT\",\"potentialAction\":[{\"@type\":\"ReadAction\",\"target\":[\"https:\/\/curiosidadesedicas.com\/loja\/produto\/ventoinha-de-teto-c-candeeiro-led-72w-kigali-branca-dourada\/\"]}]},{\"@type\":\"ImageObject\",\"inLanguage\":\"pt-PT\",\"@id\":\"https:\/\/curiosidadesedicas.com\/loja\/produto\/ventoinha-de-teto-c-candeeiro-led-72w-kigali-branca-dourada\/#primaryimage\",\"url\":\"https:\/\/curiosidadesedicas.com\/loja\/wp-content\/uploads\/2024\/05\/F-3001-GL-600x600-1.jpg\",\"contentUrl\":\"https:\/\/curiosidadesedicas.com\/loja\/wp-content\/uploads\/2024\/05\/F-3001-GL-600x600-1.jpg\",\"width\":600,\"height\":600},{\"@type\":\"BreadcrumbList\",\"@id\":\"https:\/\/curiosidadesedicas.com\/loja\/produto\/ventoinha-de-teto-c-candeeiro-led-72w-kigali-branca-dourada\/#breadcrumb\",\"itemListElement\":[{\"@type\":\"ListItem\",\"position\":1,\"name\":\"In\u00edcio\",\"item\":\"https:\/\/curiosidadesedicas.com\/loja\/\"},{\"@type\":\"ListItem\",\"position\":2,\"name\":\"Produtos\",\"item\":\"https:\/\/curiosidadesedicas.com\/loja\/produtos\/\"},{\"@type\":\"ListItem\",\"position\":3,\"name\":\"VENTOINHA DE TETO C\/ CANDEEIRO LED 72W KIGALI | BRANCA\/DOURADA\"}]},{\"@type\":\"WebSite\",\"@id\":\"https:\/\/curiosidadesedicas.com\/loja\/#website\",\"url\":\"https:\/\/curiosidadesedicas.com\/loja\/\",\"name\":\"Curiosidades &amp; Dicas, Lda\",\"description\":\"Apaixonados Por Inova\u00e7\u00e3o\",\"publisher\":{\"@id\":\"https:\/\/curiosidadesedicas.com\/loja\/#organization\"},\"potentialAction\":[{\"@type\":\"SearchAction\",\"target\":{\"@type\":\"EntryPoint\",\"urlTemplate\":\"https:\/\/curiosidadesedicas.com\/loja\/?s={search_term_string}\"},\"query-input\":{\"@type\":\"PropertyValueSpecification\",\"valueRequired\":true,\"valueName\":\"search_term_string\"}}],\"inLanguage\":\"pt-PT\"},{\"@type\":\"Organization\",\"@id\":\"https:\/\/curiosidadesedicas.com\/loja\/#organization\",\"name\":\"Curiosidades & Dicas\",\"url\":\"https:\/\/curiosidadesedicas.com\/loja\/\",\"logo\":{\"@type\":\"ImageObject\",\"inLanguage\":\"pt-PT\",\"@id\":\"https:\/\/curiosidadesedicas.com\/loja\/#\/schema\/logo\/image\/\",\"url\":\"https:\/\/curiosidadesedicas.com\/loja\/wp-content\/uploads\/2020\/05\/LogoCuriosidadesSimples.png\",\"contentUrl\":\"https:\/\/curiosidadesedicas.com\/loja\/wp-content\/uploads\/2020\/05\/LogoCuriosidadesSimples.png\",\"width\":3528,\"height\":804,\"caption\":\"Curiosidades & Dicas\"},\"image\":{\"@id\":\"https:\/\/curiosidadesedicas.com\/loja\/#\/schema\/logo\/image\/\"}}]}<\/script>\n<!-- \/ Yoast SEO plugin. -->","yoast_head_json":{"title":"VENTOINHA DE TETO C\/ CANDEEIRO LED 72W KIGALI | BRANCA\/DOURADA - Curiosidades &amp; Dicas, Lda","robots":{"index":"index","follow":"follow","max-snippet":"max-snippet:-1","max-image-preview":"max-image-preview:large","max-video-preview":"max-video-preview:-1"},"canonical":"https:\/\/curiosidadesedicas.com\/loja\/produto\/ventoinha-de-teto-c-candeeiro-led-72w-kigali-branca-dourada\/","og_locale":"pt_PT","og_type":"article","og_title":"VENTOINHA DE TETO C\/ CANDEEIRO LED 72W KIGALI | BRANCA\/DOURADA - Curiosidades &amp; Dicas, Lda","og_description":"Ventoinha de teto KIGALI\u00a0 com luz, 4 p\u00e1s retr\u00e1teis e motor DC com 6 velocidades. Tecnologia de LED integrado com una pot\u00eancia de 72 watts, 6480 lumens e 3 cores de luz 3000 | 4000 | 6000K com combina\u00e7\u00e3o da cor da luz.   Comando remoto  Modo ver\u00e3o e inverno  Fun\u00e7\u00e3o de mem\u00f3ria  Temporizador 1\/2\/4h  Regula\u00e7\u00e3o de intensidade de luz  Temperatura da luz regul\u00e1vel  As medidas deste modelo s\u00e3o Alt.35 x D.108cm (D.50 cm com as p\u00e1s retra\u00eddas)","og_url":"https:\/\/curiosidadesedicas.com\/loja\/produto\/ventoinha-de-teto-c-candeeiro-led-72w-kigali-branca-dourada\/","og_site_name":"Curiosidades &amp; Dicas, Lda","article_modified_time":"2025-03-11T14:48:47+00:00","og_image":[{"width":600,"height":600,"url":"https:\/\/curiosidadesedicas.com\/loja\/wp-content\/uploads\/2024\/05\/F-3001-GL-600x600-1.jpg","type":"image\/jpeg"}],"twitter_card":"summary_large_image","twitter_misc":{"Tempo estimado de leitura":"1 minuto"},"schema":{"@context":"https:\/\/schema.org","@graph":[{"@type":"WebPage","@id":"https:\/\/curiosidadesedicas.com\/loja\/produto\/ventoinha-de-teto-c-candeeiro-led-72w-kigali-branca-dourada\/","url":"https:\/\/curiosidadesedicas.com\/loja\/produto\/ventoinha-de-teto-c-candeeiro-led-72w-kigali-branca-dourada\/","name":"VENTOINHA DE TETO C\/ CANDEEIRO LED 72W KIGALI | BRANCA\/DOURADA - Curiosidades &amp; Dicas, Lda","isPartOf":{"@id":"https:\/\/curiosidadesedicas.com\/loja\/#website"},"primaryImageOfPage":{"@id":"https:\/\/curiosidadesedicas.com\/loja\/produto\/ventoinha-de-teto-c-candeeiro-led-72w-kigali-branca-dourada\/#primaryimage"},"image":{"@id":"https:\/\/curiosidadesedicas.com\/loja\/produto\/ventoinha-de-teto-c-candeeiro-led-72w-kigali-branca-dourada\/#primaryimage"},"thumbnailUrl":"https:\/\/curiosidadesedicas.com\/loja\/wp-content\/uploads\/2024\/05\/F-3001-GL-600x600-1.jpg","datePublished":"2024-05-08T08:17:27+00:00","dateModified":"2025-03-11T14:48:47+00:00","breadcrumb":{"@id":"https:\/\/curiosidadesedicas.com\/loja\/produto\/ventoinha-de-teto-c-candeeiro-led-72w-kigali-branca-dourada\/#breadcrumb"},"inLanguage":"pt-PT","potentialAction":[{"@type":"ReadAction","target":["https:\/\/curiosidadesedicas.com\/loja\/produto\/ventoinha-de-teto-c-candeeiro-led-72w-kigali-branca-dourada\/"]}]},{"@type":"ImageObject","inLanguage":"pt-PT","@id":"https:\/\/curiosidadesedicas.com\/loja\/produto\/ventoinha-de-teto-c-candeeiro-led-72w-kigali-branca-dourada\/#primaryimage","url":"https:\/\/curiosidadesedicas.com\/loja\/wp-content\/uploads\/2024\/05\/F-3001-GL-600x600-1.jpg","contentUrl":"https:\/\/curiosidadesedicas.com\/loja\/wp-content\/uploads\/2024\/05\/F-3001-GL-600x600-1.jpg","width":600,"height":600},{"@type":"BreadcrumbList","@id":"https:\/\/curiosidadesedicas.com\/loja\/produto\/ventoinha-de-teto-c-candeeiro-led-72w-kigali-branca-dourada\/#breadcrumb","itemListElement":[{"@type":"ListItem","position":1,"name":"In\u00edcio","item":"https:\/\/curiosidadesedicas.com\/loja\/"},{"@type":"ListItem","position":2,"name":"Produtos","item":"https:\/\/curiosidadesedicas.com\/loja\/produtos\/"},{"@type":"ListItem","position":3,"name":"VENTOINHA DE TETO C\/ CANDEEIRO LED 72W KIGALI | BRANCA\/DOURADA"}]},{"@type":"WebSite","@id":"https:\/\/curiosidadesedicas.com\/loja\/#website","url":"https:\/\/curiosidadesedicas.com\/loja\/","name":"Curiosidades &amp; Dicas, Lda","description":"Apaixonados Por Inova\u00e7\u00e3o","publisher":{"@id":"https:\/\/curiosidadesedicas.com\/loja\/#organization"},"potentialAction":[{"@type":"SearchAction","target":{"@type":"EntryPoint","urlTemplate":"https:\/\/curiosidadesedicas.com\/loja\/?s={search_term_string}"},"query-input":{"@type":"PropertyValueSpecification","valueRequired":true,"valueName":"search_term_string"}}],"inLanguage":"pt-PT"},{"@type":"Organization","@id":"https:\/\/curiosidadesedicas.com\/loja\/#organization","name":"Curiosidades & Dicas","url":"https:\/\/curiosidadesedicas.com\/loja\/","logo":{"@type":"ImageObject","inLanguage":"pt-PT","@id":"https:\/\/curiosidadesedicas.com\/loja\/#\/schema\/logo\/image\/","url":"https:\/\/curiosidadesedicas.com\/loja\/wp-content\/uploads\/2020\/05\/LogoCuriosidadesSimples.png","contentUrl":"https:\/\/curiosidadesedicas.com\/loja\/wp-content\/uploads\/2020\/05\/LogoCuriosidadesSimples.png","width":3528,"height":804,"caption":"Curiosidades & Dicas"},"image":{"@id":"https:\/\/curiosidadesedicas.com\/loja\/#\/schema\/logo\/image\/"}}]}},"_links":{"self":[{"href":"https:\/\/curiosidadesedicas.com\/loja\/wp-json\/wp\/v2\/product\/33834","targetHints":{"allow":["GET"]}}],"collection":[{"href":"https:\/\/curiosidadesedicas.com\/loja\/wp-json\/wp\/v2\/product"}],"about":[{"href":"https:\/\/curiosidadesedicas.com\/loja\/wp-json\/wp\/v2\/types\/product"}],"replies":[{"embeddable":true,"href":"https:\/\/curiosidadesedicas.com\/loja\/wp-json\/wp\/v2\/comments?post=33834"}],"wp:featuredmedia":[{"embeddable":true,"href":"https:\/\/curiosidadesedicas.com\/loja\/wp-json\/wp\/v2\/media\/33841"}],"wp:attachment":[{"href":"https:\/\/curiosidadesedicas.com\/loja\/wp-json\/wp\/v2\/media?parent=33834"}],"wp:term":[{"taxonomy":"product_brand","embeddable":true,"href":"https:\/\/curiosidadesedicas.com\/loja\/wp-json\/wp\/v2\/product_brand?post=33834"},{"taxonomy":"product_cat","embeddable":true,"href":"https:\/\/curiosidadesedicas.com\/loja\/wp-json\/wp\/v2\/product_cat?post=33834"},{"taxonomy":"product_tag","embeddable":true,"href":"https:\/\/curiosidadesedicas.com\/loja\/wp-json\/wp\/v2\/product_tag?post=33834"}],"curies":[{"name":"wp","href":"https:\/\/api.w.org\/{rel}","templated":true}]}}