{"id":33505,"date":"2024-04-11T15:11:13","date_gmt":"2024-04-11T15:11:13","guid":{"rendered":"https:\/\/curiosidadesedicas.com\/loja\/?post_type=product&#038;p=33505"},"modified":"2025-03-11T14:53:05","modified_gmt":"2025-03-11T14:53:05","slug":"irrigador-oral-portatil-recarregavel-denter","status":"publish","type":"product","link":"https:\/\/curiosidadesedicas.com\/loja\/produto\/irrigador-oral-portatil-recarregavel-denter\/","title":{"rendered":"IRRIGADOR ORAL PORT\u00c1TIL RECARREG\u00c1VEL DENTER"},"content":{"rendered":"<p>O irrigador oral port\u00e1til recarreg\u00e1vel Denter tem tudo o que precisa para uma limpeza completa dos seus dentes e gengivas, removendo todos os tipos de sujidade e res\u00edduos. Este irrigador oral proporciona uma sensa\u00e7\u00e3o refrescante de limpeza oral. Possui 3 modos de utiliza\u00e7\u00e3o e inclui 4 cabe\u00e7as para um resultado profissional. Ideal para cuidar da higiene oral e efetuar uma limpeza dent\u00e1ria profunda.<\/p>\n<ul>\n<li>Recarreg\u00e1vel,\u00a0sem fios, leve, port\u00e1til, f\u00e1cil de utilizar a qualquer hora e em qualquer lugar<\/li>\n<li>Design imperme\u00e1vel\u00a0para utilizar na banheira ou chuveiro sem problemas.<\/li>\n<li>Dep\u00f3sito de \u00e1gua destac\u00e1vel, f\u00e1cil de encher e limpar<\/li>\n<li>O fluxo de \u00e1gua penetra at\u00e9 nas \u00e1reas mais dif\u00edceis de alcan\u00e7ar para uma\u00a0limpeza precisa<\/li>\n<li>V\u00e1rios modos de utiliza\u00e7\u00e3o e acess\u00f3rios\u00a0para se\u00a0adaptar a todas as necessidades<\/li>\n<li>4 cabe\u00e7as:\u00a0bico padr\u00e3o, ortod\u00f4ntico (Masaki), periodontal e l\u00edngua<\/li>\n<\/ul>\n<p><img loading=\"lazy\" decoding=\"async\" class=\"aligncenter\" src=\"https:\/\/curiosidadesedicas.com\/loja\/wp-content\/uploads\/2024\/04\/irrigador-oral-portatil-recarregavel-denter-innovagoods_344148-8.jpg\" width=\"409\" height=\"409\" \/><\/p>\n<p>Este\u00a0irrigador oral\u00a0el\u00e9trico\u00a0\u00e9 recarreg\u00e1vel e pode ser carregado em qualquer fonte USB. O dep\u00f3sito est\u00e1 cheio de \u00e1gua e pode juntar o seu colut\u00f3rio medicinal habitual (sem \u00e1lcool).<\/p>\n<p>Pode escolher a cabe\u00e7a e o modo de utiliza\u00e7\u00e3o\u00a0que preferir (Baixo: primeiras utiliza\u00e7\u00f5es, gengivas e dentes sens\u00edveis; Alto: modo normal para limpeza di\u00e1ria; Pulsar: jato intermitente para uma limpeza profunda).<\/p>\n<p>Normalmente \u00e9 necess\u00e1rio um dep\u00f3sito para os dentes superiores e outro para os dentes inferiores. Al\u00e9m disso,\u00a0poupa \u00e1gua gra\u00e7as a uma utiliza\u00e7\u00e3o mais eficiente.<\/p>\n","protected":false},"excerpt":{"rendered":"<ul>\n<li>Material: ABS<\/li>\n<li>Cor:\n<ul>\n<li>Azul<\/li>\n<li>Branco<\/li>\n<li>Transparente<\/li>\n<\/ul>\n<\/li>\n<li>Capacidade: 220 ml<\/li>\n<li>Press\u00e3o: 30-110 PSI<\/li>\n<li>Classifica\u00e7\u00e3o IP: IPX7<\/li>\n<li>Sem Fios: Sim<\/li>\n<li>Tipo: Recarreg\u00e1vel<\/li>\n<li>Tipo de bateria: Li-Ion<\/li>\n<li>Capacidade da bateria: 2000 mAh<\/li>\n<li>Watts\/hora: 7,4 Wh<\/li>\n<li>Pot\u00eancia: 4 W<\/li>\n<li>Voltagem de entrada de DC: 5 V \/ 1 A<\/li>\n<li>Inclui: Cabo USB<\/li>\n<li>Medidas aprox.: \u00d86 x 21,3 cm<\/li>\n<\/ul>\n","protected":false},"featured_media":33520,"comment_status":"open","ping_status":"closed","template":"","meta":{"_glsr_average":0,"_glsr_ranking":0,"_glsr_reviews":0},"product_brand":[],"product_cat":[357,358],"product_tag":[],"class_list":{"0":"post-33505","1":"product","2":"type-product","3":"status-publish","4":"has-post-thumbnail","6":"product_cat-bem-estar","7":"product_cat-saude-e-higiene","9":"first","10":"instock","11":"taxable","12":"shipping-taxable","13":"purchasable","14":"product-type-simple"},"yoast_head":"<!-- This site is optimized with the Yoast SEO plugin v26.8 - https:\/\/yoast.com\/product\/yoast-seo-wordpress\/ -->\n<title>IRRIGADOR ORAL PORT\u00c1TIL RECARREG\u00c1VEL DENTER - Curiosidades &amp; Dicas, Lda<\/title>\n<meta name=\"robots\" content=\"index, follow, max-snippet:-1, max-image-preview:large, max-video-preview:-1\" \/>\n<link rel=\"canonical\" href=\"https:\/\/curiosidadesedicas.com\/loja\/produto\/irrigador-oral-portatil-recarregavel-denter\/\" \/>\n<meta property=\"og:locale\" content=\"pt_PT\" \/>\n<meta property=\"og:type\" content=\"article\" \/>\n<meta property=\"og:title\" content=\"IRRIGADOR ORAL PORT\u00c1TIL RECARREG\u00c1VEL DENTER - Curiosidades &amp; Dicas, Lda\" \/>\n<meta property=\"og:description\" content=\"Material: ABS  Cor:   Azul  Branco  Transparente    Capacidade: 220 ml  Press\u00e3o: 30-110 PSI  Classifica\u00e7\u00e3o IP: IPX7  Sem Fios: Sim  Tipo: Recarreg\u00e1vel  Tipo de bateria: Li-Ion  Capacidade da bateria: 2000 mAh  Watts\/hora: 7,4 Wh  Pot\u00eancia: 4 W  Voltagem de entrada de DC: 5 V \/ 1 A  Inclui: Cabo USB  Medidas aprox.: \u00d86 x 21,3 cm\" \/>\n<meta property=\"og:url\" content=\"https:\/\/curiosidadesedicas.com\/loja\/produto\/irrigador-oral-portatil-recarregavel-denter\/\" \/>\n<meta property=\"og:site_name\" content=\"Curiosidades &amp; Dicas, Lda\" \/>\n<meta property=\"article:modified_time\" content=\"2025-03-11T14:53:05+00:00\" \/>\n<meta property=\"og:image\" content=\"https:\/\/curiosidadesedicas.com\/loja\/wp-content\/uploads\/2024\/04\/irrigador-oral-portatil-recarregavel-denter-innovagoods_344148.jpg\" \/>\n\t<meta property=\"og:image:width\" content=\"600\" \/>\n\t<meta property=\"og:image:height\" content=\"600\" \/>\n\t<meta property=\"og:image:type\" content=\"image\/jpeg\" \/>\n<meta name=\"twitter:card\" content=\"summary_large_image\" \/>\n<meta name=\"twitter:label1\" content=\"Tempo estimado de leitura\" \/>\n\t<meta name=\"twitter:data1\" content=\"2 minutos\" \/>\n<script type=\"application\/ld+json\" class=\"yoast-schema-graph\">{\"@context\":\"https:\/\/schema.org\",\"@graph\":[{\"@type\":\"WebPage\",\"@id\":\"https:\/\/curiosidadesedicas.com\/loja\/produto\/irrigador-oral-portatil-recarregavel-denter\/\",\"url\":\"https:\/\/curiosidadesedicas.com\/loja\/produto\/irrigador-oral-portatil-recarregavel-denter\/\",\"name\":\"IRRIGADOR ORAL PORT\u00c1TIL RECARREG\u00c1VEL DENTER - Curiosidades &amp; Dicas, Lda\",\"isPartOf\":{\"@id\":\"https:\/\/curiosidadesedicas.com\/loja\/#website\"},\"primaryImageOfPage\":{\"@id\":\"https:\/\/curiosidadesedicas.com\/loja\/produto\/irrigador-oral-portatil-recarregavel-denter\/#primaryimage\"},\"image\":{\"@id\":\"https:\/\/curiosidadesedicas.com\/loja\/produto\/irrigador-oral-portatil-recarregavel-denter\/#primaryimage\"},\"thumbnailUrl\":\"https:\/\/curiosidadesedicas.com\/loja\/wp-content\/uploads\/2024\/04\/irrigador-oral-portatil-recarregavel-denter-innovagoods_344148.jpg\",\"datePublished\":\"2024-04-11T15:11:13+00:00\",\"dateModified\":\"2025-03-11T14:53:05+00:00\",\"breadcrumb\":{\"@id\":\"https:\/\/curiosidadesedicas.com\/loja\/produto\/irrigador-oral-portatil-recarregavel-denter\/#breadcrumb\"},\"inLanguage\":\"pt-PT\",\"potentialAction\":[{\"@type\":\"ReadAction\",\"target\":[\"https:\/\/curiosidadesedicas.com\/loja\/produto\/irrigador-oral-portatil-recarregavel-denter\/\"]}]},{\"@type\":\"ImageObject\",\"inLanguage\":\"pt-PT\",\"@id\":\"https:\/\/curiosidadesedicas.com\/loja\/produto\/irrigador-oral-portatil-recarregavel-denter\/#primaryimage\",\"url\":\"https:\/\/curiosidadesedicas.com\/loja\/wp-content\/uploads\/2024\/04\/irrigador-oral-portatil-recarregavel-denter-innovagoods_344148.jpg\",\"contentUrl\":\"https:\/\/curiosidadesedicas.com\/loja\/wp-content\/uploads\/2024\/04\/irrigador-oral-portatil-recarregavel-denter-innovagoods_344148.jpg\",\"width\":600,\"height\":600},{\"@type\":\"BreadcrumbList\",\"@id\":\"https:\/\/curiosidadesedicas.com\/loja\/produto\/irrigador-oral-portatil-recarregavel-denter\/#breadcrumb\",\"itemListElement\":[{\"@type\":\"ListItem\",\"position\":1,\"name\":\"In\u00edcio\",\"item\":\"https:\/\/curiosidadesedicas.com\/loja\/\"},{\"@type\":\"ListItem\",\"position\":2,\"name\":\"Produtos\",\"item\":\"https:\/\/curiosidadesedicas.com\/loja\/produtos\/\"},{\"@type\":\"ListItem\",\"position\":3,\"name\":\"IRRIGADOR ORAL PORT\u00c1TIL RECARREG\u00c1VEL DENTER\"}]},{\"@type\":\"WebSite\",\"@id\":\"https:\/\/curiosidadesedicas.com\/loja\/#website\",\"url\":\"https:\/\/curiosidadesedicas.com\/loja\/\",\"name\":\"Curiosidades &amp; Dicas, Lda\",\"description\":\"Apaixonados Por Inova\u00e7\u00e3o\",\"publisher\":{\"@id\":\"https:\/\/curiosidadesedicas.com\/loja\/#organization\"},\"potentialAction\":[{\"@type\":\"SearchAction\",\"target\":{\"@type\":\"EntryPoint\",\"urlTemplate\":\"https:\/\/curiosidadesedicas.com\/loja\/?s={search_term_string}\"},\"query-input\":{\"@type\":\"PropertyValueSpecification\",\"valueRequired\":true,\"valueName\":\"search_term_string\"}}],\"inLanguage\":\"pt-PT\"},{\"@type\":\"Organization\",\"@id\":\"https:\/\/curiosidadesedicas.com\/loja\/#organization\",\"name\":\"Curiosidades & Dicas\",\"url\":\"https:\/\/curiosidadesedicas.com\/loja\/\",\"logo\":{\"@type\":\"ImageObject\",\"inLanguage\":\"pt-PT\",\"@id\":\"https:\/\/curiosidadesedicas.com\/loja\/#\/schema\/logo\/image\/\",\"url\":\"https:\/\/curiosidadesedicas.com\/loja\/wp-content\/uploads\/2020\/05\/LogoCuriosidadesSimples.png\",\"contentUrl\":\"https:\/\/curiosidadesedicas.com\/loja\/wp-content\/uploads\/2020\/05\/LogoCuriosidadesSimples.png\",\"width\":3528,\"height\":804,\"caption\":\"Curiosidades & Dicas\"},\"image\":{\"@id\":\"https:\/\/curiosidadesedicas.com\/loja\/#\/schema\/logo\/image\/\"}}]}<\/script>\n<!-- \/ Yoast SEO plugin. -->","yoast_head_json":{"title":"IRRIGADOR ORAL PORT\u00c1TIL RECARREG\u00c1VEL DENTER - Curiosidades &amp; Dicas, Lda","robots":{"index":"index","follow":"follow","max-snippet":"max-snippet:-1","max-image-preview":"max-image-preview:large","max-video-preview":"max-video-preview:-1"},"canonical":"https:\/\/curiosidadesedicas.com\/loja\/produto\/irrigador-oral-portatil-recarregavel-denter\/","og_locale":"pt_PT","og_type":"article","og_title":"IRRIGADOR ORAL PORT\u00c1TIL RECARREG\u00c1VEL DENTER - Curiosidades &amp; Dicas, Lda","og_description":"Material: ABS  Cor:   Azul  Branco  Transparente    Capacidade: 220 ml  Press\u00e3o: 30-110 PSI  Classifica\u00e7\u00e3o IP: IPX7  Sem Fios: Sim  Tipo: Recarreg\u00e1vel  Tipo de bateria: Li-Ion  Capacidade da bateria: 2000 mAh  Watts\/hora: 7,4 Wh  Pot\u00eancia: 4 W  Voltagem de entrada de DC: 5 V \/ 1 A  Inclui: Cabo USB  Medidas aprox.: \u00d86 x 21,3 cm","og_url":"https:\/\/curiosidadesedicas.com\/loja\/produto\/irrigador-oral-portatil-recarregavel-denter\/","og_site_name":"Curiosidades &amp; Dicas, Lda","article_modified_time":"2025-03-11T14:53:05+00:00","og_image":[{"width":600,"height":600,"url":"https:\/\/curiosidadesedicas.com\/loja\/wp-content\/uploads\/2024\/04\/irrigador-oral-portatil-recarregavel-denter-innovagoods_344148.jpg","type":"image\/jpeg"}],"twitter_card":"summary_large_image","twitter_misc":{"Tempo estimado de leitura":"2 minutos"},"schema":{"@context":"https:\/\/schema.org","@graph":[{"@type":"WebPage","@id":"https:\/\/curiosidadesedicas.com\/loja\/produto\/irrigador-oral-portatil-recarregavel-denter\/","url":"https:\/\/curiosidadesedicas.com\/loja\/produto\/irrigador-oral-portatil-recarregavel-denter\/","name":"IRRIGADOR ORAL PORT\u00c1TIL RECARREG\u00c1VEL DENTER - Curiosidades &amp; Dicas, Lda","isPartOf":{"@id":"https:\/\/curiosidadesedicas.com\/loja\/#website"},"primaryImageOfPage":{"@id":"https:\/\/curiosidadesedicas.com\/loja\/produto\/irrigador-oral-portatil-recarregavel-denter\/#primaryimage"},"image":{"@id":"https:\/\/curiosidadesedicas.com\/loja\/produto\/irrigador-oral-portatil-recarregavel-denter\/#primaryimage"},"thumbnailUrl":"https:\/\/curiosidadesedicas.com\/loja\/wp-content\/uploads\/2024\/04\/irrigador-oral-portatil-recarregavel-denter-innovagoods_344148.jpg","datePublished":"2024-04-11T15:11:13+00:00","dateModified":"2025-03-11T14:53:05+00:00","breadcrumb":{"@id":"https:\/\/curiosidadesedicas.com\/loja\/produto\/irrigador-oral-portatil-recarregavel-denter\/#breadcrumb"},"inLanguage":"pt-PT","potentialAction":[{"@type":"ReadAction","target":["https:\/\/curiosidadesedicas.com\/loja\/produto\/irrigador-oral-portatil-recarregavel-denter\/"]}]},{"@type":"ImageObject","inLanguage":"pt-PT","@id":"https:\/\/curiosidadesedicas.com\/loja\/produto\/irrigador-oral-portatil-recarregavel-denter\/#primaryimage","url":"https:\/\/curiosidadesedicas.com\/loja\/wp-content\/uploads\/2024\/04\/irrigador-oral-portatil-recarregavel-denter-innovagoods_344148.jpg","contentUrl":"https:\/\/curiosidadesedicas.com\/loja\/wp-content\/uploads\/2024\/04\/irrigador-oral-portatil-recarregavel-denter-innovagoods_344148.jpg","width":600,"height":600},{"@type":"BreadcrumbList","@id":"https:\/\/curiosidadesedicas.com\/loja\/produto\/irrigador-oral-portatil-recarregavel-denter\/#breadcrumb","itemListElement":[{"@type":"ListItem","position":1,"name":"In\u00edcio","item":"https:\/\/curiosidadesedicas.com\/loja\/"},{"@type":"ListItem","position":2,"name":"Produtos","item":"https:\/\/curiosidadesedicas.com\/loja\/produtos\/"},{"@type":"ListItem","position":3,"name":"IRRIGADOR ORAL PORT\u00c1TIL RECARREG\u00c1VEL DENTER"}]},{"@type":"WebSite","@id":"https:\/\/curiosidadesedicas.com\/loja\/#website","url":"https:\/\/curiosidadesedicas.com\/loja\/","name":"Curiosidades &amp; Dicas, Lda","description":"Apaixonados Por Inova\u00e7\u00e3o","publisher":{"@id":"https:\/\/curiosidadesedicas.com\/loja\/#organization"},"potentialAction":[{"@type":"SearchAction","target":{"@type":"EntryPoint","urlTemplate":"https:\/\/curiosidadesedicas.com\/loja\/?s={search_term_string}"},"query-input":{"@type":"PropertyValueSpecification","valueRequired":true,"valueName":"search_term_string"}}],"inLanguage":"pt-PT"},{"@type":"Organization","@id":"https:\/\/curiosidadesedicas.com\/loja\/#organization","name":"Curiosidades & Dicas","url":"https:\/\/curiosidadesedicas.com\/loja\/","logo":{"@type":"ImageObject","inLanguage":"pt-PT","@id":"https:\/\/curiosidadesedicas.com\/loja\/#\/schema\/logo\/image\/","url":"https:\/\/curiosidadesedicas.com\/loja\/wp-content\/uploads\/2020\/05\/LogoCuriosidadesSimples.png","contentUrl":"https:\/\/curiosidadesedicas.com\/loja\/wp-content\/uploads\/2020\/05\/LogoCuriosidadesSimples.png","width":3528,"height":804,"caption":"Curiosidades & Dicas"},"image":{"@id":"https:\/\/curiosidadesedicas.com\/loja\/#\/schema\/logo\/image\/"}}]}},"_links":{"self":[{"href":"https:\/\/curiosidadesedicas.com\/loja\/wp-json\/wp\/v2\/product\/33505","targetHints":{"allow":["GET"]}}],"collection":[{"href":"https:\/\/curiosidadesedicas.com\/loja\/wp-json\/wp\/v2\/product"}],"about":[{"href":"https:\/\/curiosidadesedicas.com\/loja\/wp-json\/wp\/v2\/types\/product"}],"replies":[{"embeddable":true,"href":"https:\/\/curiosidadesedicas.com\/loja\/wp-json\/wp\/v2\/comments?post=33505"}],"wp:featuredmedia":[{"embeddable":true,"href":"https:\/\/curiosidadesedicas.com\/loja\/wp-json\/wp\/v2\/media\/33520"}],"wp:attachment":[{"href":"https:\/\/curiosidadesedicas.com\/loja\/wp-json\/wp\/v2\/media?parent=33505"}],"wp:term":[{"taxonomy":"product_brand","embeddable":true,"href":"https:\/\/curiosidadesedicas.com\/loja\/wp-json\/wp\/v2\/product_brand?post=33505"},{"taxonomy":"product_cat","embeddable":true,"href":"https:\/\/curiosidadesedicas.com\/loja\/wp-json\/wp\/v2\/product_cat?post=33505"},{"taxonomy":"product_tag","embeddable":true,"href":"https:\/\/curiosidadesedicas.com\/loja\/wp-json\/wp\/v2\/product_tag?post=33505"}],"curies":[{"name":"wp","href":"https:\/\/api.w.org\/{rel}","templated":true}]}}