{"id":33258,"date":"2024-02-28T15:12:39","date_gmt":"2024-02-28T15:12:39","guid":{"rendered":"https:\/\/curiosidadesedicas.com\/loja\/?post_type=product&#038;p=33258"},"modified":"2025-03-11T14:54:17","modified_gmt":"2025-03-11T14:54:17","slug":"corta-unhas-c-luz-led-lupa-e-lima-clail","status":"publish","type":"product","link":"https:\/\/curiosidadesedicas.com\/loja\/produto\/corta-unhas-c-luz-led-lupa-e-lima-clail\/","title":{"rendered":"CORTA-UNHAS C\/ LUZ LED, LUPA E LIMA CLAIL"},"content":{"rendered":"<p>Este original\u00a0<b>corta-unhas com luz, lupa e lima<\/b>\u00a0permite cortar as unhas com maior facilidade e praticidade. Tem uma lupa amov\u00edvel (x8), lima met\u00e1lica e 4 luzes LED que funcionam com pilhas ou com liga\u00e7\u00e3o USB. Inclui cabo USB-pin e pano de limpeza.<\/p>\n<p>Um\u00a0<b>corta-unhas com lupa, luz e lima<\/b>\u00a0que melhora a visualiza\u00e7\u00e3o das unhas para as cortar com maior precis\u00e3o, conseguindo um resultado profissional. Ideal para idosos e crian\u00e7as.<\/p>\n<ul>\n<li><b>Design ergon\u00f3mico, multifun\u00e7\u00f5es<\/b>: o nosso original corta-unhas com luz LED, lupa e lima \u00e9 perfeito para facilitar a tarefa de cortar as unhas, especialmente para idosos e crian\u00e7as. Permite visualizar as unhas com maior clareza para as cortar com total comodidade e efic\u00e1cia. Tem uma base antiderrapante e suporte regul\u00e1vel em altura para apoiar o dedo.<\/li>\n<li><b>Lupa, aumento x8<\/b>: este corta-unhas com lupa e luz conta com uma lente acr\u00edlica de 8 aumentos para ver a unha ampliada e facilitar um corte mais preciso. Se preferir, o corta-unhas tamb\u00e9m pode ser utilizado sem lupa, j\u00e1 que esta \u00e9 amov\u00edvel e pode ser utilizada de forma independente para outras tarefas.<\/li>\n<li><b>Luz LED branca<\/b>: este corta-unhas com luz e lupa disp\u00f5e de 4 luzes LED para melhorar ainda mais a visibilidade das unhas ao cort\u00e1-las. O seu bot\u00e3o on\/off liga e desliga a luz quando necess\u00e1rio, consoante a claridade do ambiente. Funciona com pilhas (3 x LR44, inclu\u00eddas) ou atrav\u00e9s de liga\u00e7\u00e3o USB (inclui cabo USB-pin).<\/li>\n<li><b>Inclui lima met\u00e1lica<\/b>: o nosso corta-unhas completo com luz LED e lupa tamb\u00e9m inclui uma lima met\u00e1lica integrada na base, muito \u00fatil para limar as pontas das unhas ao cort\u00e1-las e conseguir umas unhas perfeitas com um acabamento profissional.<\/li>\n<li><b>F\u00e1cil utiliza\u00e7\u00e3o e limpeza<\/b>: este corta-unhas manual \u00e9 muito c\u00f3modo e f\u00e1cil de utilizar. Al\u00e9m disso, o seu espa\u00e7o interior serve de recipiente para recolher os restos das unhas cortadas, evitando sujar o ambiente. Inclui manual de instru\u00e7\u00f5es e um pequeno pano de limpeza.<\/li>\n<\/ul>\n<p><img loading=\"lazy\" decoding=\"async\" class=\"\" src=\"https:\/\/curiosidadesedicas.com\/loja\/wp-content\/uploads\/2024\/02\/corta-unhas-com-luz-led-lupa-e-lima-clail-innovagoods_742515-9.jpg\" width=\"499\" height=\"499\" \/><\/p>\n","protected":false},"excerpt":{"rendered":"<ul>\n<li>Material:\n<ul>\n<li>ABS<\/li>\n<li>Acr\u00edlico<\/li>\n<li>Metal<\/li>\n<\/ul>\n<\/li>\n<li>Cor: Cinzento<\/li>\n<li>Tipo: Corta-unhas<\/li>\n<li>Design inovador e funcional: Ergon\u00f3mico<\/li>\n<li>Lupa: Aumento 8x<\/li>\n<li>Leve LED: 4 LED (4 x 0,2 W)<\/li>\n<li>Lima de unhas: met\u00e1lico<\/li>\n<li>Base antiderrapante: Apoio est\u00e1vel<\/li>\n<li>Multifun\u00e7\u00e3o: Vers\u00e1til e adapt\u00e1vel<\/li>\n<li>Caracter\u00edsticas: Vis\u00e3o clara e ampla<\/li>\n<li>F\u00e1cil de utilizar: Utiliza\u00e7\u00e3o c\u00f3moda e simples<\/li>\n<li>Inclui: Pano de limpeza<\/li>\n<li>2 modos de utiliza\u00e7\u00e3o: Funciona com pilhas ou mediante liga\u00e7\u00e3o USB (inclui cabo USB-pin)<\/li>\n<li>Comprimento do cabo: 80 cm<\/li>\n<li>N\u00famero de pilhas: 3<\/li>\n<li>Tipo de pilha: LR44<\/li>\n<li>Pilhas inclu\u00eddas: Sim<\/li>\n<li>Pot\u00eancia: 0,6 W<\/li>\n<li>DC In: 5 V \/ 500 mA<\/li>\n<li>Medidas aprox.: 10,5 x 8,2 x 5,6 cm<\/li>\n<\/ul>\n","protected":false},"featured_media":33269,"comment_status":"open","ping_status":"closed","template":"","meta":{"_glsr_average":0,"_glsr_ranking":0,"_glsr_reviews":0},"product_brand":[],"product_cat":[357,360,358,362],"product_tag":[],"class_list":{"0":"post-33258","1":"product","2":"type-product","3":"status-publish","4":"has-post-thumbnail","6":"product_cat-bem-estar","7":"product_cat-beleza","8":"product_cat-saude-e-higiene","9":"product_cat-terceira-idade","11":"first","12":"instock","13":"taxable","14":"shipping-taxable","15":"purchasable","16":"product-type-simple"},"yoast_head":"<!-- This site is optimized with the Yoast SEO plugin v26.8 - https:\/\/yoast.com\/product\/yoast-seo-wordpress\/ -->\n<title>CORTA-UNHAS C\/ LUZ LED, LUPA E LIMA CLAIL - Curiosidades &amp; Dicas, Lda<\/title>\n<meta name=\"robots\" content=\"index, follow, max-snippet:-1, max-image-preview:large, max-video-preview:-1\" \/>\n<link rel=\"canonical\" href=\"https:\/\/curiosidadesedicas.com\/loja\/produto\/corta-unhas-c-luz-led-lupa-e-lima-clail\/\" \/>\n<meta property=\"og:locale\" content=\"pt_PT\" \/>\n<meta property=\"og:type\" content=\"article\" \/>\n<meta property=\"og:title\" content=\"CORTA-UNHAS C\/ LUZ LED, LUPA E LIMA CLAIL - Curiosidades &amp; Dicas, Lda\" \/>\n<meta property=\"og:description\" content=\"Material:   ABS  Acr\u00edlico  Metal    Cor: Cinzento  Tipo: Corta-unhas  Design inovador e funcional: Ergon\u00f3mico  Lupa: Aumento 8x  Leve LED: 4 LED (4 x 0,2 W)  Lima de unhas: met\u00e1lico  Base antiderrapante: Apoio est\u00e1vel  Multifun\u00e7\u00e3o: Vers\u00e1til e adapt\u00e1vel  Caracter\u00edsticas: Vis\u00e3o clara e ampla  F\u00e1cil de utilizar: Utiliza\u00e7\u00e3o c\u00f3moda e simples  Inclui: Pano de limpeza  2 modos de utiliza\u00e7\u00e3o: Funciona com pilhas ou mediante liga\u00e7\u00e3o USB (inclui cabo USB-pin)  Comprimento do cabo: 80 cm  N\u00famero de pilhas: 3  Tipo de pilha: LR44  Pilhas inclu\u00eddas: Sim  Pot\u00eancia: 0,6 W  DC In: 5 V \/ 500 mA  Medidas aprox.: 10,5 x 8,2 x 5,6 cm\" \/>\n<meta property=\"og:url\" content=\"https:\/\/curiosidadesedicas.com\/loja\/produto\/corta-unhas-c-luz-led-lupa-e-lima-clail\/\" \/>\n<meta property=\"og:site_name\" content=\"Curiosidades &amp; Dicas, Lda\" \/>\n<meta property=\"article:modified_time\" content=\"2025-03-11T14:54:17+00:00\" \/>\n<meta property=\"og:image\" content=\"https:\/\/curiosidadesedicas.com\/loja\/wp-content\/uploads\/2024\/02\/corta-unhas-com-luz-led-lupa-e-lima-clail-innovagoods_742515.jpg\" \/>\n\t<meta property=\"og:image:width\" content=\"600\" \/>\n\t<meta property=\"og:image:height\" content=\"600\" \/>\n\t<meta property=\"og:image:type\" content=\"image\/jpeg\" \/>\n<meta name=\"twitter:card\" content=\"summary_large_image\" \/>\n<meta name=\"twitter:label1\" content=\"Tempo estimado de leitura\" \/>\n\t<meta name=\"twitter:data1\" content=\"2 minutos\" \/>\n<script type=\"application\/ld+json\" class=\"yoast-schema-graph\">{\"@context\":\"https:\/\/schema.org\",\"@graph\":[{\"@type\":\"WebPage\",\"@id\":\"https:\/\/curiosidadesedicas.com\/loja\/produto\/corta-unhas-c-luz-led-lupa-e-lima-clail\/\",\"url\":\"https:\/\/curiosidadesedicas.com\/loja\/produto\/corta-unhas-c-luz-led-lupa-e-lima-clail\/\",\"name\":\"CORTA-UNHAS C\/ LUZ LED, LUPA E LIMA CLAIL - Curiosidades &amp; Dicas, Lda\",\"isPartOf\":{\"@id\":\"https:\/\/curiosidadesedicas.com\/loja\/#website\"},\"primaryImageOfPage\":{\"@id\":\"https:\/\/curiosidadesedicas.com\/loja\/produto\/corta-unhas-c-luz-led-lupa-e-lima-clail\/#primaryimage\"},\"image\":{\"@id\":\"https:\/\/curiosidadesedicas.com\/loja\/produto\/corta-unhas-c-luz-led-lupa-e-lima-clail\/#primaryimage\"},\"thumbnailUrl\":\"https:\/\/curiosidadesedicas.com\/loja\/wp-content\/uploads\/2024\/02\/corta-unhas-com-luz-led-lupa-e-lima-clail-innovagoods_742515.jpg\",\"datePublished\":\"2024-02-28T15:12:39+00:00\",\"dateModified\":\"2025-03-11T14:54:17+00:00\",\"breadcrumb\":{\"@id\":\"https:\/\/curiosidadesedicas.com\/loja\/produto\/corta-unhas-c-luz-led-lupa-e-lima-clail\/#breadcrumb\"},\"inLanguage\":\"pt-PT\",\"potentialAction\":[{\"@type\":\"ReadAction\",\"target\":[\"https:\/\/curiosidadesedicas.com\/loja\/produto\/corta-unhas-c-luz-led-lupa-e-lima-clail\/\"]}]},{\"@type\":\"ImageObject\",\"inLanguage\":\"pt-PT\",\"@id\":\"https:\/\/curiosidadesedicas.com\/loja\/produto\/corta-unhas-c-luz-led-lupa-e-lima-clail\/#primaryimage\",\"url\":\"https:\/\/curiosidadesedicas.com\/loja\/wp-content\/uploads\/2024\/02\/corta-unhas-com-luz-led-lupa-e-lima-clail-innovagoods_742515.jpg\",\"contentUrl\":\"https:\/\/curiosidadesedicas.com\/loja\/wp-content\/uploads\/2024\/02\/corta-unhas-com-luz-led-lupa-e-lima-clail-innovagoods_742515.jpg\",\"width\":600,\"height\":600},{\"@type\":\"BreadcrumbList\",\"@id\":\"https:\/\/curiosidadesedicas.com\/loja\/produto\/corta-unhas-c-luz-led-lupa-e-lima-clail\/#breadcrumb\",\"itemListElement\":[{\"@type\":\"ListItem\",\"position\":1,\"name\":\"In\u00edcio\",\"item\":\"https:\/\/curiosidadesedicas.com\/loja\/\"},{\"@type\":\"ListItem\",\"position\":2,\"name\":\"Produtos\",\"item\":\"https:\/\/curiosidadesedicas.com\/loja\/produtos\/\"},{\"@type\":\"ListItem\",\"position\":3,\"name\":\"CORTA-UNHAS C\/ LUZ LED, LUPA E LIMA CLAIL\"}]},{\"@type\":\"WebSite\",\"@id\":\"https:\/\/curiosidadesedicas.com\/loja\/#website\",\"url\":\"https:\/\/curiosidadesedicas.com\/loja\/\",\"name\":\"Curiosidades &amp; Dicas, Lda\",\"description\":\"Apaixonados Por Inova\u00e7\u00e3o\",\"publisher\":{\"@id\":\"https:\/\/curiosidadesedicas.com\/loja\/#organization\"},\"potentialAction\":[{\"@type\":\"SearchAction\",\"target\":{\"@type\":\"EntryPoint\",\"urlTemplate\":\"https:\/\/curiosidadesedicas.com\/loja\/?s={search_term_string}\"},\"query-input\":{\"@type\":\"PropertyValueSpecification\",\"valueRequired\":true,\"valueName\":\"search_term_string\"}}],\"inLanguage\":\"pt-PT\"},{\"@type\":\"Organization\",\"@id\":\"https:\/\/curiosidadesedicas.com\/loja\/#organization\",\"name\":\"Curiosidades & Dicas\",\"url\":\"https:\/\/curiosidadesedicas.com\/loja\/\",\"logo\":{\"@type\":\"ImageObject\",\"inLanguage\":\"pt-PT\",\"@id\":\"https:\/\/curiosidadesedicas.com\/loja\/#\/schema\/logo\/image\/\",\"url\":\"https:\/\/curiosidadesedicas.com\/loja\/wp-content\/uploads\/2020\/05\/LogoCuriosidadesSimples.png\",\"contentUrl\":\"https:\/\/curiosidadesedicas.com\/loja\/wp-content\/uploads\/2020\/05\/LogoCuriosidadesSimples.png\",\"width\":3528,\"height\":804,\"caption\":\"Curiosidades & Dicas\"},\"image\":{\"@id\":\"https:\/\/curiosidadesedicas.com\/loja\/#\/schema\/logo\/image\/\"}}]}<\/script>\n<!-- \/ Yoast SEO plugin. -->","yoast_head_json":{"title":"CORTA-UNHAS C\/ LUZ LED, LUPA E LIMA CLAIL - Curiosidades &amp; Dicas, Lda","robots":{"index":"index","follow":"follow","max-snippet":"max-snippet:-1","max-image-preview":"max-image-preview:large","max-video-preview":"max-video-preview:-1"},"canonical":"https:\/\/curiosidadesedicas.com\/loja\/produto\/corta-unhas-c-luz-led-lupa-e-lima-clail\/","og_locale":"pt_PT","og_type":"article","og_title":"CORTA-UNHAS C\/ LUZ LED, LUPA E LIMA CLAIL - Curiosidades &amp; Dicas, Lda","og_description":"Material:   ABS  Acr\u00edlico  Metal    Cor: Cinzento  Tipo: Corta-unhas  Design inovador e funcional: Ergon\u00f3mico  Lupa: Aumento 8x  Leve LED: 4 LED (4 x 0,2 W)  Lima de unhas: met\u00e1lico  Base antiderrapante: Apoio est\u00e1vel  Multifun\u00e7\u00e3o: Vers\u00e1til e adapt\u00e1vel  Caracter\u00edsticas: Vis\u00e3o clara e ampla  F\u00e1cil de utilizar: Utiliza\u00e7\u00e3o c\u00f3moda e simples  Inclui: Pano de limpeza  2 modos de utiliza\u00e7\u00e3o: Funciona com pilhas ou mediante liga\u00e7\u00e3o USB (inclui cabo USB-pin)  Comprimento do cabo: 80 cm  N\u00famero de pilhas: 3  Tipo de pilha: LR44  Pilhas inclu\u00eddas: Sim  Pot\u00eancia: 0,6 W  DC In: 5 V \/ 500 mA  Medidas aprox.: 10,5 x 8,2 x 5,6 cm","og_url":"https:\/\/curiosidadesedicas.com\/loja\/produto\/corta-unhas-c-luz-led-lupa-e-lima-clail\/","og_site_name":"Curiosidades &amp; Dicas, Lda","article_modified_time":"2025-03-11T14:54:17+00:00","og_image":[{"width":600,"height":600,"url":"https:\/\/curiosidadesedicas.com\/loja\/wp-content\/uploads\/2024\/02\/corta-unhas-com-luz-led-lupa-e-lima-clail-innovagoods_742515.jpg","type":"image\/jpeg"}],"twitter_card":"summary_large_image","twitter_misc":{"Tempo estimado de leitura":"2 minutos"},"schema":{"@context":"https:\/\/schema.org","@graph":[{"@type":"WebPage","@id":"https:\/\/curiosidadesedicas.com\/loja\/produto\/corta-unhas-c-luz-led-lupa-e-lima-clail\/","url":"https:\/\/curiosidadesedicas.com\/loja\/produto\/corta-unhas-c-luz-led-lupa-e-lima-clail\/","name":"CORTA-UNHAS C\/ LUZ LED, LUPA E LIMA CLAIL - Curiosidades &amp; Dicas, Lda","isPartOf":{"@id":"https:\/\/curiosidadesedicas.com\/loja\/#website"},"primaryImageOfPage":{"@id":"https:\/\/curiosidadesedicas.com\/loja\/produto\/corta-unhas-c-luz-led-lupa-e-lima-clail\/#primaryimage"},"image":{"@id":"https:\/\/curiosidadesedicas.com\/loja\/produto\/corta-unhas-c-luz-led-lupa-e-lima-clail\/#primaryimage"},"thumbnailUrl":"https:\/\/curiosidadesedicas.com\/loja\/wp-content\/uploads\/2024\/02\/corta-unhas-com-luz-led-lupa-e-lima-clail-innovagoods_742515.jpg","datePublished":"2024-02-28T15:12:39+00:00","dateModified":"2025-03-11T14:54:17+00:00","breadcrumb":{"@id":"https:\/\/curiosidadesedicas.com\/loja\/produto\/corta-unhas-c-luz-led-lupa-e-lima-clail\/#breadcrumb"},"inLanguage":"pt-PT","potentialAction":[{"@type":"ReadAction","target":["https:\/\/curiosidadesedicas.com\/loja\/produto\/corta-unhas-c-luz-led-lupa-e-lima-clail\/"]}]},{"@type":"ImageObject","inLanguage":"pt-PT","@id":"https:\/\/curiosidadesedicas.com\/loja\/produto\/corta-unhas-c-luz-led-lupa-e-lima-clail\/#primaryimage","url":"https:\/\/curiosidadesedicas.com\/loja\/wp-content\/uploads\/2024\/02\/corta-unhas-com-luz-led-lupa-e-lima-clail-innovagoods_742515.jpg","contentUrl":"https:\/\/curiosidadesedicas.com\/loja\/wp-content\/uploads\/2024\/02\/corta-unhas-com-luz-led-lupa-e-lima-clail-innovagoods_742515.jpg","width":600,"height":600},{"@type":"BreadcrumbList","@id":"https:\/\/curiosidadesedicas.com\/loja\/produto\/corta-unhas-c-luz-led-lupa-e-lima-clail\/#breadcrumb","itemListElement":[{"@type":"ListItem","position":1,"name":"In\u00edcio","item":"https:\/\/curiosidadesedicas.com\/loja\/"},{"@type":"ListItem","position":2,"name":"Produtos","item":"https:\/\/curiosidadesedicas.com\/loja\/produtos\/"},{"@type":"ListItem","position":3,"name":"CORTA-UNHAS C\/ LUZ LED, LUPA E LIMA CLAIL"}]},{"@type":"WebSite","@id":"https:\/\/curiosidadesedicas.com\/loja\/#website","url":"https:\/\/curiosidadesedicas.com\/loja\/","name":"Curiosidades &amp; Dicas, Lda","description":"Apaixonados Por Inova\u00e7\u00e3o","publisher":{"@id":"https:\/\/curiosidadesedicas.com\/loja\/#organization"},"potentialAction":[{"@type":"SearchAction","target":{"@type":"EntryPoint","urlTemplate":"https:\/\/curiosidadesedicas.com\/loja\/?s={search_term_string}"},"query-input":{"@type":"PropertyValueSpecification","valueRequired":true,"valueName":"search_term_string"}}],"inLanguage":"pt-PT"},{"@type":"Organization","@id":"https:\/\/curiosidadesedicas.com\/loja\/#organization","name":"Curiosidades & Dicas","url":"https:\/\/curiosidadesedicas.com\/loja\/","logo":{"@type":"ImageObject","inLanguage":"pt-PT","@id":"https:\/\/curiosidadesedicas.com\/loja\/#\/schema\/logo\/image\/","url":"https:\/\/curiosidadesedicas.com\/loja\/wp-content\/uploads\/2020\/05\/LogoCuriosidadesSimples.png","contentUrl":"https:\/\/curiosidadesedicas.com\/loja\/wp-content\/uploads\/2020\/05\/LogoCuriosidadesSimples.png","width":3528,"height":804,"caption":"Curiosidades & Dicas"},"image":{"@id":"https:\/\/curiosidadesedicas.com\/loja\/#\/schema\/logo\/image\/"}}]}},"_links":{"self":[{"href":"https:\/\/curiosidadesedicas.com\/loja\/wp-json\/wp\/v2\/product\/33258","targetHints":{"allow":["GET"]}}],"collection":[{"href":"https:\/\/curiosidadesedicas.com\/loja\/wp-json\/wp\/v2\/product"}],"about":[{"href":"https:\/\/curiosidadesedicas.com\/loja\/wp-json\/wp\/v2\/types\/product"}],"replies":[{"embeddable":true,"href":"https:\/\/curiosidadesedicas.com\/loja\/wp-json\/wp\/v2\/comments?post=33258"}],"wp:featuredmedia":[{"embeddable":true,"href":"https:\/\/curiosidadesedicas.com\/loja\/wp-json\/wp\/v2\/media\/33269"}],"wp:attachment":[{"href":"https:\/\/curiosidadesedicas.com\/loja\/wp-json\/wp\/v2\/media?parent=33258"}],"wp:term":[{"taxonomy":"product_brand","embeddable":true,"href":"https:\/\/curiosidadesedicas.com\/loja\/wp-json\/wp\/v2\/product_brand?post=33258"},{"taxonomy":"product_cat","embeddable":true,"href":"https:\/\/curiosidadesedicas.com\/loja\/wp-json\/wp\/v2\/product_cat?post=33258"},{"taxonomy":"product_tag","embeddable":true,"href":"https:\/\/curiosidadesedicas.com\/loja\/wp-json\/wp\/v2\/product_tag?post=33258"}],"curies":[{"name":"wp","href":"https:\/\/api.w.org\/{rel}","templated":true}]}}