{"id":33106,"date":"2024-02-21T15:35:27","date_gmt":"2024-02-21T15:35:27","guid":{"rendered":"https:\/\/curiosidadesedicas.com\/loja\/?post_type=product&#038;p=33106"},"modified":"2025-03-11T14:55:07","modified_gmt":"2025-03-11T14:55:07","slug":"lupa-maos-livres-c-luz-led-zooled","status":"publish","type":"product","link":"https:\/\/curiosidadesedicas.com\/loja\/produto\/lupa-maos-livres-c-luz-led-zooled\/","title":{"rendered":"LUPA M\u00c3OS-LIVRES C\/ LUZ LED ZOOLED"},"content":{"rendered":"<p>Uma lupa LED com um design \u00fanico de m\u00e3os-livres que facilita a sua utiliza\u00e7\u00e3o para uma variedade de tarefas com total conforto. Tem uma lente principal com amplia\u00e7\u00e3o x2 e uma lente secund\u00e1ria mais pequena para maior amplia\u00e7\u00e3o (x5). Al\u00e9m disso, a luz LED permite uma melhor visualiza\u00e7\u00e3o. A luz LED \u00e9 ligada e desligada com o bot\u00e3o on\/off e \u00e9 alimentada por 3 pilhas AAA n\u00e3o inclu\u00eddas. Outra das suas grandes vantagens \u00e9 a conce\u00e7\u00e3o de m\u00e3os-livres e multiposi\u00e7\u00f5es, pois pode ser colocado em diferentes posi\u00e7\u00f5es adaptando-se \u00e0s necessidades e prefer\u00eancias em qualquer altura e lugar. Inclui um cord\u00e3o ajust\u00e1vel para pendurar facilmente \u00e0 volta do pesco\u00e7o. A base antiderrapante proporciona uma ader\u00eancia firme. Esta lupa de leitura multifuncional e polivalente \u00e9 ideal para a leitura, costura, artesanato, bricolage e repara\u00e7\u00e3o, etc.<\/p>\n<p><img loading=\"lazy\" decoding=\"async\" class=\"\" src=\"https:\/\/curiosidadesedicas.com\/loja\/wp-content\/uploads\/2024\/02\/lupa-maos-livres-com-luz-led-zooled-innovagoods_265430-2.jpg\" width=\"340\" height=\"340\" \/><\/p>\n","protected":false},"excerpt":{"rendered":"<ul>\n<li>Cor: Preto<\/li>\n<li>Design original: Inovador e funcional<\/li>\n<li>Tipo: Lupa de leitura<\/li>\n<li>Multifun\u00e7\u00e3o: 2-in-1<\/li>\n<li>Multiuso: Vers\u00e1til e adapt\u00e1vel<\/li>\n<li>M\u00faltiplas posi\u00e7\u00f5es: Utiliza\u00e7\u00e3o c\u00f3moda e simples<\/li>\n<li>Fun\u00e7\u00e3o m\u00e3os livres: F\u00e1cil de utilizar<\/li>\n<li>Lente grande: Aumento x2<\/li>\n<li>Lente pequena: Aumento x5<\/li>\n<li>Leve LED: 2 x 0,06 W<\/li>\n<li>Bot\u00e3o on\/off: Bot\u00e3o \u00fanico<\/li>\n<li>Funciona com pilhas: 3 x AAA, n\u00e3o inclu\u00eddas<\/li>\n<li>Base antiderrapante: Apoio est\u00e1vel<\/li>\n<li>Cord\u00e3o para pendurar: Ajust\u00e1vel<\/li>\n<li>Leve e male\u00e1vel: F\u00e1cil de transportar e de guardar<\/li>\n<li>Medidas aprox.: 13,5 x 23 x 2 cm<\/li>\n<\/ul>\n","protected":false},"featured_media":33117,"comment_status":"open","ping_status":"closed","template":"","meta":{"_glsr_average":0,"_glsr_ranking":0,"_glsr_reviews":0},"product_brand":[],"product_cat":[350,411,365,421],"product_tag":[],"class_list":{"0":"post-33106","1":"product","2":"type-product","3":"status-publish","4":"has-post-thumbnail","6":"product_cat-gadgets","7":"product_cat-divertidos-e-diversos","8":"product_cat-para-o-lar","9":"product_cat-arrumacao","11":"first","12":"instock","13":"taxable","14":"shipping-taxable","15":"purchasable","16":"product-type-simple"},"yoast_head":"<!-- This site is optimized with the Yoast SEO plugin v26.8 - https:\/\/yoast.com\/product\/yoast-seo-wordpress\/ -->\n<title>LUPA M\u00c3OS-LIVRES C\/ LUZ LED ZOOLED - Curiosidades &amp; Dicas, Lda<\/title>\n<meta name=\"robots\" content=\"index, follow, max-snippet:-1, max-image-preview:large, max-video-preview:-1\" \/>\n<link rel=\"canonical\" href=\"https:\/\/curiosidadesedicas.com\/loja\/produto\/lupa-maos-livres-c-luz-led-zooled\/\" \/>\n<meta property=\"og:locale\" content=\"pt_PT\" \/>\n<meta property=\"og:type\" content=\"article\" \/>\n<meta property=\"og:title\" content=\"LUPA M\u00c3OS-LIVRES C\/ LUZ LED ZOOLED - Curiosidades &amp; Dicas, Lda\" \/>\n<meta property=\"og:description\" content=\"Cor: Preto  Design original: Inovador e funcional  Tipo: Lupa de leitura  Multifun\u00e7\u00e3o: 2-in-1  Multiuso: Vers\u00e1til e adapt\u00e1vel  M\u00faltiplas posi\u00e7\u00f5es: Utiliza\u00e7\u00e3o c\u00f3moda e simples  Fun\u00e7\u00e3o m\u00e3os livres: F\u00e1cil de utilizar  Lente grande: Aumento x2  Lente pequena: Aumento x5  Leve LED: 2 x 0,06 W  Bot\u00e3o on\/off: Bot\u00e3o \u00fanico  Funciona com pilhas: 3 x AAA, n\u00e3o inclu\u00eddas  Base antiderrapante: Apoio est\u00e1vel  Cord\u00e3o para pendurar: Ajust\u00e1vel  Leve e male\u00e1vel: F\u00e1cil de transportar e de guardar  Medidas aprox.: 13,5 x 23 x 2 cm\" \/>\n<meta property=\"og:url\" content=\"https:\/\/curiosidadesedicas.com\/loja\/produto\/lupa-maos-livres-c-luz-led-zooled\/\" \/>\n<meta property=\"og:site_name\" content=\"Curiosidades &amp; Dicas, Lda\" \/>\n<meta property=\"article:modified_time\" content=\"2025-03-11T14:55:07+00:00\" \/>\n<meta property=\"og:image\" content=\"https:\/\/curiosidadesedicas.com\/loja\/wp-content\/uploads\/2024\/02\/lupa-maos-livres-com-luz-led-zooled-innovagoods_265430.jpg\" \/>\n\t<meta property=\"og:image:width\" content=\"600\" \/>\n\t<meta property=\"og:image:height\" content=\"600\" \/>\n\t<meta property=\"og:image:type\" content=\"image\/jpeg\" \/>\n<meta name=\"twitter:card\" content=\"summary_large_image\" \/>\n<meta name=\"twitter:label1\" content=\"Tempo estimado de leitura\" \/>\n\t<meta name=\"twitter:data1\" content=\"1 minuto\" \/>\n<script type=\"application\/ld+json\" class=\"yoast-schema-graph\">{\"@context\":\"https:\/\/schema.org\",\"@graph\":[{\"@type\":\"WebPage\",\"@id\":\"https:\/\/curiosidadesedicas.com\/loja\/produto\/lupa-maos-livres-c-luz-led-zooled\/\",\"url\":\"https:\/\/curiosidadesedicas.com\/loja\/produto\/lupa-maos-livres-c-luz-led-zooled\/\",\"name\":\"LUPA M\u00c3OS-LIVRES C\/ LUZ LED ZOOLED - Curiosidades &amp; Dicas, Lda\",\"isPartOf\":{\"@id\":\"https:\/\/curiosidadesedicas.com\/loja\/#website\"},\"primaryImageOfPage\":{\"@id\":\"https:\/\/curiosidadesedicas.com\/loja\/produto\/lupa-maos-livres-c-luz-led-zooled\/#primaryimage\"},\"image\":{\"@id\":\"https:\/\/curiosidadesedicas.com\/loja\/produto\/lupa-maos-livres-c-luz-led-zooled\/#primaryimage\"},\"thumbnailUrl\":\"https:\/\/curiosidadesedicas.com\/loja\/wp-content\/uploads\/2024\/02\/lupa-maos-livres-com-luz-led-zooled-innovagoods_265430.jpg\",\"datePublished\":\"2024-02-21T15:35:27+00:00\",\"dateModified\":\"2025-03-11T14:55:07+00:00\",\"breadcrumb\":{\"@id\":\"https:\/\/curiosidadesedicas.com\/loja\/produto\/lupa-maos-livres-c-luz-led-zooled\/#breadcrumb\"},\"inLanguage\":\"pt-PT\",\"potentialAction\":[{\"@type\":\"ReadAction\",\"target\":[\"https:\/\/curiosidadesedicas.com\/loja\/produto\/lupa-maos-livres-c-luz-led-zooled\/\"]}]},{\"@type\":\"ImageObject\",\"inLanguage\":\"pt-PT\",\"@id\":\"https:\/\/curiosidadesedicas.com\/loja\/produto\/lupa-maos-livres-c-luz-led-zooled\/#primaryimage\",\"url\":\"https:\/\/curiosidadesedicas.com\/loja\/wp-content\/uploads\/2024\/02\/lupa-maos-livres-com-luz-led-zooled-innovagoods_265430.jpg\",\"contentUrl\":\"https:\/\/curiosidadesedicas.com\/loja\/wp-content\/uploads\/2024\/02\/lupa-maos-livres-com-luz-led-zooled-innovagoods_265430.jpg\",\"width\":600,\"height\":600},{\"@type\":\"BreadcrumbList\",\"@id\":\"https:\/\/curiosidadesedicas.com\/loja\/produto\/lupa-maos-livres-c-luz-led-zooled\/#breadcrumb\",\"itemListElement\":[{\"@type\":\"ListItem\",\"position\":1,\"name\":\"In\u00edcio\",\"item\":\"https:\/\/curiosidadesedicas.com\/loja\/\"},{\"@type\":\"ListItem\",\"position\":2,\"name\":\"Produtos\",\"item\":\"https:\/\/curiosidadesedicas.com\/loja\/produtos\/\"},{\"@type\":\"ListItem\",\"position\":3,\"name\":\"LUPA M\u00c3OS-LIVRES C\/ LUZ LED ZOOLED\"}]},{\"@type\":\"WebSite\",\"@id\":\"https:\/\/curiosidadesedicas.com\/loja\/#website\",\"url\":\"https:\/\/curiosidadesedicas.com\/loja\/\",\"name\":\"Curiosidades &amp; Dicas, Lda\",\"description\":\"Apaixonados Por Inova\u00e7\u00e3o\",\"publisher\":{\"@id\":\"https:\/\/curiosidadesedicas.com\/loja\/#organization\"},\"potentialAction\":[{\"@type\":\"SearchAction\",\"target\":{\"@type\":\"EntryPoint\",\"urlTemplate\":\"https:\/\/curiosidadesedicas.com\/loja\/?s={search_term_string}\"},\"query-input\":{\"@type\":\"PropertyValueSpecification\",\"valueRequired\":true,\"valueName\":\"search_term_string\"}}],\"inLanguage\":\"pt-PT\"},{\"@type\":\"Organization\",\"@id\":\"https:\/\/curiosidadesedicas.com\/loja\/#organization\",\"name\":\"Curiosidades & Dicas\",\"url\":\"https:\/\/curiosidadesedicas.com\/loja\/\",\"logo\":{\"@type\":\"ImageObject\",\"inLanguage\":\"pt-PT\",\"@id\":\"https:\/\/curiosidadesedicas.com\/loja\/#\/schema\/logo\/image\/\",\"url\":\"https:\/\/curiosidadesedicas.com\/loja\/wp-content\/uploads\/2020\/05\/LogoCuriosidadesSimples.png\",\"contentUrl\":\"https:\/\/curiosidadesedicas.com\/loja\/wp-content\/uploads\/2020\/05\/LogoCuriosidadesSimples.png\",\"width\":3528,\"height\":804,\"caption\":\"Curiosidades & Dicas\"},\"image\":{\"@id\":\"https:\/\/curiosidadesedicas.com\/loja\/#\/schema\/logo\/image\/\"}}]}<\/script>\n<!-- \/ Yoast SEO plugin. -->","yoast_head_json":{"title":"LUPA M\u00c3OS-LIVRES C\/ LUZ LED ZOOLED - Curiosidades &amp; Dicas, Lda","robots":{"index":"index","follow":"follow","max-snippet":"max-snippet:-1","max-image-preview":"max-image-preview:large","max-video-preview":"max-video-preview:-1"},"canonical":"https:\/\/curiosidadesedicas.com\/loja\/produto\/lupa-maos-livres-c-luz-led-zooled\/","og_locale":"pt_PT","og_type":"article","og_title":"LUPA M\u00c3OS-LIVRES C\/ LUZ LED ZOOLED - Curiosidades &amp; Dicas, Lda","og_description":"Cor: Preto  Design original: Inovador e funcional  Tipo: Lupa de leitura  Multifun\u00e7\u00e3o: 2-in-1  Multiuso: Vers\u00e1til e adapt\u00e1vel  M\u00faltiplas posi\u00e7\u00f5es: Utiliza\u00e7\u00e3o c\u00f3moda e simples  Fun\u00e7\u00e3o m\u00e3os livres: F\u00e1cil de utilizar  Lente grande: Aumento x2  Lente pequena: Aumento x5  Leve LED: 2 x 0,06 W  Bot\u00e3o on\/off: Bot\u00e3o \u00fanico  Funciona com pilhas: 3 x AAA, n\u00e3o inclu\u00eddas  Base antiderrapante: Apoio est\u00e1vel  Cord\u00e3o para pendurar: Ajust\u00e1vel  Leve e male\u00e1vel: F\u00e1cil de transportar e de guardar  Medidas aprox.: 13,5 x 23 x 2 cm","og_url":"https:\/\/curiosidadesedicas.com\/loja\/produto\/lupa-maos-livres-c-luz-led-zooled\/","og_site_name":"Curiosidades &amp; Dicas, Lda","article_modified_time":"2025-03-11T14:55:07+00:00","og_image":[{"width":600,"height":600,"url":"https:\/\/curiosidadesedicas.com\/loja\/wp-content\/uploads\/2024\/02\/lupa-maos-livres-com-luz-led-zooled-innovagoods_265430.jpg","type":"image\/jpeg"}],"twitter_card":"summary_large_image","twitter_misc":{"Tempo estimado de leitura":"1 minuto"},"schema":{"@context":"https:\/\/schema.org","@graph":[{"@type":"WebPage","@id":"https:\/\/curiosidadesedicas.com\/loja\/produto\/lupa-maos-livres-c-luz-led-zooled\/","url":"https:\/\/curiosidadesedicas.com\/loja\/produto\/lupa-maos-livres-c-luz-led-zooled\/","name":"LUPA M\u00c3OS-LIVRES C\/ LUZ LED ZOOLED - Curiosidades &amp; Dicas, Lda","isPartOf":{"@id":"https:\/\/curiosidadesedicas.com\/loja\/#website"},"primaryImageOfPage":{"@id":"https:\/\/curiosidadesedicas.com\/loja\/produto\/lupa-maos-livres-c-luz-led-zooled\/#primaryimage"},"image":{"@id":"https:\/\/curiosidadesedicas.com\/loja\/produto\/lupa-maos-livres-c-luz-led-zooled\/#primaryimage"},"thumbnailUrl":"https:\/\/curiosidadesedicas.com\/loja\/wp-content\/uploads\/2024\/02\/lupa-maos-livres-com-luz-led-zooled-innovagoods_265430.jpg","datePublished":"2024-02-21T15:35:27+00:00","dateModified":"2025-03-11T14:55:07+00:00","breadcrumb":{"@id":"https:\/\/curiosidadesedicas.com\/loja\/produto\/lupa-maos-livres-c-luz-led-zooled\/#breadcrumb"},"inLanguage":"pt-PT","potentialAction":[{"@type":"ReadAction","target":["https:\/\/curiosidadesedicas.com\/loja\/produto\/lupa-maos-livres-c-luz-led-zooled\/"]}]},{"@type":"ImageObject","inLanguage":"pt-PT","@id":"https:\/\/curiosidadesedicas.com\/loja\/produto\/lupa-maos-livres-c-luz-led-zooled\/#primaryimage","url":"https:\/\/curiosidadesedicas.com\/loja\/wp-content\/uploads\/2024\/02\/lupa-maos-livres-com-luz-led-zooled-innovagoods_265430.jpg","contentUrl":"https:\/\/curiosidadesedicas.com\/loja\/wp-content\/uploads\/2024\/02\/lupa-maos-livres-com-luz-led-zooled-innovagoods_265430.jpg","width":600,"height":600},{"@type":"BreadcrumbList","@id":"https:\/\/curiosidadesedicas.com\/loja\/produto\/lupa-maos-livres-c-luz-led-zooled\/#breadcrumb","itemListElement":[{"@type":"ListItem","position":1,"name":"In\u00edcio","item":"https:\/\/curiosidadesedicas.com\/loja\/"},{"@type":"ListItem","position":2,"name":"Produtos","item":"https:\/\/curiosidadesedicas.com\/loja\/produtos\/"},{"@type":"ListItem","position":3,"name":"LUPA M\u00c3OS-LIVRES C\/ LUZ LED ZOOLED"}]},{"@type":"WebSite","@id":"https:\/\/curiosidadesedicas.com\/loja\/#website","url":"https:\/\/curiosidadesedicas.com\/loja\/","name":"Curiosidades &amp; Dicas, Lda","description":"Apaixonados Por Inova\u00e7\u00e3o","publisher":{"@id":"https:\/\/curiosidadesedicas.com\/loja\/#organization"},"potentialAction":[{"@type":"SearchAction","target":{"@type":"EntryPoint","urlTemplate":"https:\/\/curiosidadesedicas.com\/loja\/?s={search_term_string}"},"query-input":{"@type":"PropertyValueSpecification","valueRequired":true,"valueName":"search_term_string"}}],"inLanguage":"pt-PT"},{"@type":"Organization","@id":"https:\/\/curiosidadesedicas.com\/loja\/#organization","name":"Curiosidades & Dicas","url":"https:\/\/curiosidadesedicas.com\/loja\/","logo":{"@type":"ImageObject","inLanguage":"pt-PT","@id":"https:\/\/curiosidadesedicas.com\/loja\/#\/schema\/logo\/image\/","url":"https:\/\/curiosidadesedicas.com\/loja\/wp-content\/uploads\/2020\/05\/LogoCuriosidadesSimples.png","contentUrl":"https:\/\/curiosidadesedicas.com\/loja\/wp-content\/uploads\/2020\/05\/LogoCuriosidadesSimples.png","width":3528,"height":804,"caption":"Curiosidades & Dicas"},"image":{"@id":"https:\/\/curiosidadesedicas.com\/loja\/#\/schema\/logo\/image\/"}}]}},"_links":{"self":[{"href":"https:\/\/curiosidadesedicas.com\/loja\/wp-json\/wp\/v2\/product\/33106","targetHints":{"allow":["GET"]}}],"collection":[{"href":"https:\/\/curiosidadesedicas.com\/loja\/wp-json\/wp\/v2\/product"}],"about":[{"href":"https:\/\/curiosidadesedicas.com\/loja\/wp-json\/wp\/v2\/types\/product"}],"replies":[{"embeddable":true,"href":"https:\/\/curiosidadesedicas.com\/loja\/wp-json\/wp\/v2\/comments?post=33106"}],"wp:featuredmedia":[{"embeddable":true,"href":"https:\/\/curiosidadesedicas.com\/loja\/wp-json\/wp\/v2\/media\/33117"}],"wp:attachment":[{"href":"https:\/\/curiosidadesedicas.com\/loja\/wp-json\/wp\/v2\/media?parent=33106"}],"wp:term":[{"taxonomy":"product_brand","embeddable":true,"href":"https:\/\/curiosidadesedicas.com\/loja\/wp-json\/wp\/v2\/product_brand?post=33106"},{"taxonomy":"product_cat","embeddable":true,"href":"https:\/\/curiosidadesedicas.com\/loja\/wp-json\/wp\/v2\/product_cat?post=33106"},{"taxonomy":"product_tag","embeddable":true,"href":"https:\/\/curiosidadesedicas.com\/loja\/wp-json\/wp\/v2\/product_tag?post=33106"}],"curies":[{"name":"wp","href":"https:\/\/api.w.org\/{rel}","templated":true}]}}