{"id":31332,"date":"2024-01-03T13:24:56","date_gmt":"2024-01-03T13:24:56","guid":{"rendered":"https:\/\/curiosidadesedicas.com\/loja\/?post_type=product&#038;p=31332"},"modified":"2025-03-11T14:58:49","modified_gmt":"2025-03-11T14:58:49","slug":"ferramenta-de-elevacao-e-transporte-heaveasy","status":"publish","type":"product","link":"https:\/\/curiosidadesedicas.com\/loja\/produto\/ferramenta-de-elevacao-e-transporte-heaveasy\/","title":{"rendered":"FERRAMENTA DE ELEVA\u00c7\u00c3O E TRANSPORTE HEAVEASY"},"content":{"rendered":"<p>Uma ferramenta de eleva\u00e7\u00e3o e transporte vers\u00e1til e resistente, que lhe permite mover facilmente objetos pesados dentro de casa, tais como pe\u00e7as de mobili\u00e1rio, caixas pesadas, aparelhos, etc. Gra\u00e7as ao seu formato multifun\u00e7\u00f5es original e inovador, permite-lhe levantar, posicionar, deslizar, ajustar e nivelar com total conforto. O dispositivo adapta-se por completo \u00e0 dire\u00e7\u00e3o de transporte desejada, implicando um m\u00ednimo de esfor\u00e7o, uma vez que consiste numa pega ergon\u00f3mica, antideslizante e com capacidade para rodar at\u00e9 180\u00ba e em 4 suportes com rodas, que podem rodar at\u00e9 360\u00ba. A ferramenta tem uma resist\u00eancia elevada e a alavanca de eleva\u00e7\u00e3o suporta at\u00e9 200 kg. Os suportes com rodas suportam at\u00e9 150 kg. Al\u00e9m disso, como \u00e9 uma ferramenta manual compacta e leve, pode ser facilmente transportada e armazenada, ocupando um m\u00ednimo de espa\u00e7o. Com instru\u00e7\u00f5es para a sua correta utiliza\u00e7\u00e3o. Basta colocar a placa da alavanca por baixo do aparelho, pe\u00e7a de mobili\u00e1rio ou elemento que deseja deslocar; em seguida, dever\u00e1 empurrar a alavanca para baixo para a levantar, posicionar os suportes com rodas, virar na dire\u00e7\u00e3o desejada e deslocar-se para o destino; por fim, dever\u00e1 utilizar a alavanca para repetir a eleva\u00e7\u00e3o e retirar os suportes e voltar a baixar o dispositivo. Recomenda-se n\u00e3o utilizar a ferramenta em pisos irregulares, inclinados ou com rampas.<\/p>\n<p><img loading=\"lazy\" decoding=\"async\" class=\"\" src=\"https:\/\/curiosidadesedicas.com\/loja\/wp-content\/uploads\/2024\/01\/ferramenta-de-elevac-o-e-transporte-heaveasy-innovagoods_153547-10.jpg\" width=\"385\" height=\"385\" \/><img loading=\"lazy\" decoding=\"async\" class=\"\" src=\"https:\/\/curiosidadesedicas.com\/loja\/wp-content\/uploads\/2024\/01\/ferramenta-de-elevac-o-e-transporte-heaveasy-innovagoods_153547-5.jpg\" width=\"386\" height=\"386\" \/><\/p>\n","protected":false},"excerpt":{"rendered":"<ul>\n<li>Material: Ferro<\/li>\n<li>Design inovador e funcional<\/li>\n<li>Vers\u00e1til e adapt\u00e1vel<\/li>\n<li>Multifun\u00e7\u00e3o: eleva\u00e7\u00e3o, posicionamento, deslizamento, ajuste e nivelamento<\/li>\n<li>Tipo: Girat\u00f3rio<\/li>\n<li>Punho de eleva\u00e7\u00e3o antiderrapante:\n<ul>\n<li>180\u00ba<\/li>\n<li>Ergon\u00f3mico<\/li>\n<\/ul>\n<\/li>\n<li>4 pe\u00e7as de suporte com rodas: 360\u00ba<\/li>\n<li>Peso m\u00e1x. suportado: 150 kg<\/li>\n<li>Port\u00e1til, leve, resistente e duradouro<\/li>\n<li>Utiliza\u00e7\u00e3o c\u00f3moda, simples e segura<\/li>\n<li>Tamanho Reduzido Compacto<\/li>\n<li>Ocupa pouco espa\u00e7o<\/li>\n<li>F\u00e1cil de transportar e de guardar<\/li>\n<li>Ideal para mover mobili\u00e1rio, caixas pesadas, aparelhos, etc.<\/li>\n<li>Inclui: Instru\u00e7\u00f5es de utiliza\u00e7\u00e3o<\/li>\n<li>Medidas aprox.: 35 x 9 x 10 cm<\/li>\n<\/ul>\n","protected":false},"featured_media":31344,"comment_status":"open","ping_status":"closed","template":"","meta":{"_glsr_average":0,"_glsr_ranking":0,"_glsr_reviews":0},"product_brand":[],"product_cat":[365,421,394],"product_tag":[],"class_list":{"0":"post-31332","1":"product","2":"type-product","3":"status-publish","4":"has-post-thumbnail","6":"product_cat-para-o-lar","7":"product_cat-arrumacao","8":"product_cat-limpeza","10":"first","11":"instock","12":"taxable","13":"shipping-taxable","14":"purchasable","15":"product-type-simple"},"yoast_head":"<!-- This site is optimized with the Yoast SEO plugin v26.8 - https:\/\/yoast.com\/product\/yoast-seo-wordpress\/ -->\n<title>FERRAMENTA DE ELEVA\u00c7\u00c3O E TRANSPORTE HEAVEASY - Curiosidades &amp; Dicas, Lda<\/title>\n<meta name=\"robots\" content=\"index, follow, max-snippet:-1, max-image-preview:large, max-video-preview:-1\" \/>\n<link rel=\"canonical\" href=\"https:\/\/curiosidadesedicas.com\/loja\/produto\/ferramenta-de-elevacao-e-transporte-heaveasy\/\" \/>\n<meta property=\"og:locale\" content=\"pt_PT\" \/>\n<meta property=\"og:type\" content=\"article\" \/>\n<meta property=\"og:title\" content=\"FERRAMENTA DE ELEVA\u00c7\u00c3O E TRANSPORTE HEAVEASY - Curiosidades &amp; Dicas, Lda\" \/>\n<meta property=\"og:description\" content=\"Material: Ferro  Design inovador e funcional  Vers\u00e1til e adapt\u00e1vel  Multifun\u00e7\u00e3o: eleva\u00e7\u00e3o, posicionamento, deslizamento, ajuste e nivelamento  Tipo: Girat\u00f3rio  Punho de eleva\u00e7\u00e3o antiderrapante:   180\u00ba  Ergon\u00f3mico    4 pe\u00e7as de suporte com rodas: 360\u00ba  Peso m\u00e1x. suportado: 150 kg  Port\u00e1til, leve, resistente e duradouro  Utiliza\u00e7\u00e3o c\u00f3moda, simples e segura  Tamanho Reduzido Compacto  Ocupa pouco espa\u00e7o  F\u00e1cil de transportar e de guardar  Ideal para mover mobili\u00e1rio, caixas pesadas, aparelhos, etc.  Inclui: Instru\u00e7\u00f5es de utiliza\u00e7\u00e3o  Medidas aprox.: 35 x 9 x 10 cm\" \/>\n<meta property=\"og:url\" content=\"https:\/\/curiosidadesedicas.com\/loja\/produto\/ferramenta-de-elevacao-e-transporte-heaveasy\/\" \/>\n<meta property=\"og:site_name\" content=\"Curiosidades &amp; Dicas, Lda\" \/>\n<meta property=\"article:modified_time\" content=\"2025-03-11T14:58:49+00:00\" \/>\n<meta property=\"og:image\" content=\"https:\/\/curiosidadesedicas.com\/loja\/wp-content\/uploads\/2024\/01\/ferramenta-de-elevac-o-e-transporte-heaveasy-innovagoods_153547.jpg\" \/>\n\t<meta property=\"og:image:width\" content=\"600\" \/>\n\t<meta property=\"og:image:height\" content=\"600\" \/>\n\t<meta property=\"og:image:type\" content=\"image\/jpeg\" \/>\n<meta name=\"twitter:card\" content=\"summary_large_image\" \/>\n<meta name=\"twitter:label1\" content=\"Tempo estimado de leitura\" \/>\n\t<meta name=\"twitter:data1\" content=\"2 minutos\" \/>\n<script type=\"application\/ld+json\" class=\"yoast-schema-graph\">{\"@context\":\"https:\/\/schema.org\",\"@graph\":[{\"@type\":\"WebPage\",\"@id\":\"https:\/\/curiosidadesedicas.com\/loja\/produto\/ferramenta-de-elevacao-e-transporte-heaveasy\/\",\"url\":\"https:\/\/curiosidadesedicas.com\/loja\/produto\/ferramenta-de-elevacao-e-transporte-heaveasy\/\",\"name\":\"FERRAMENTA DE ELEVA\u00c7\u00c3O E TRANSPORTE HEAVEASY - Curiosidades &amp; Dicas, Lda\",\"isPartOf\":{\"@id\":\"https:\/\/curiosidadesedicas.com\/loja\/#website\"},\"primaryImageOfPage\":{\"@id\":\"https:\/\/curiosidadesedicas.com\/loja\/produto\/ferramenta-de-elevacao-e-transporte-heaveasy\/#primaryimage\"},\"image\":{\"@id\":\"https:\/\/curiosidadesedicas.com\/loja\/produto\/ferramenta-de-elevacao-e-transporte-heaveasy\/#primaryimage\"},\"thumbnailUrl\":\"https:\/\/curiosidadesedicas.com\/loja\/wp-content\/uploads\/2024\/01\/ferramenta-de-elevac-o-e-transporte-heaveasy-innovagoods_153547.jpg\",\"datePublished\":\"2024-01-03T13:24:56+00:00\",\"dateModified\":\"2025-03-11T14:58:49+00:00\",\"breadcrumb\":{\"@id\":\"https:\/\/curiosidadesedicas.com\/loja\/produto\/ferramenta-de-elevacao-e-transporte-heaveasy\/#breadcrumb\"},\"inLanguage\":\"pt-PT\",\"potentialAction\":[{\"@type\":\"ReadAction\",\"target\":[\"https:\/\/curiosidadesedicas.com\/loja\/produto\/ferramenta-de-elevacao-e-transporte-heaveasy\/\"]}]},{\"@type\":\"ImageObject\",\"inLanguage\":\"pt-PT\",\"@id\":\"https:\/\/curiosidadesedicas.com\/loja\/produto\/ferramenta-de-elevacao-e-transporte-heaveasy\/#primaryimage\",\"url\":\"https:\/\/curiosidadesedicas.com\/loja\/wp-content\/uploads\/2024\/01\/ferramenta-de-elevac-o-e-transporte-heaveasy-innovagoods_153547.jpg\",\"contentUrl\":\"https:\/\/curiosidadesedicas.com\/loja\/wp-content\/uploads\/2024\/01\/ferramenta-de-elevac-o-e-transporte-heaveasy-innovagoods_153547.jpg\",\"width\":600,\"height\":600},{\"@type\":\"BreadcrumbList\",\"@id\":\"https:\/\/curiosidadesedicas.com\/loja\/produto\/ferramenta-de-elevacao-e-transporte-heaveasy\/#breadcrumb\",\"itemListElement\":[{\"@type\":\"ListItem\",\"position\":1,\"name\":\"In\u00edcio\",\"item\":\"https:\/\/curiosidadesedicas.com\/loja\/\"},{\"@type\":\"ListItem\",\"position\":2,\"name\":\"Produtos\",\"item\":\"https:\/\/curiosidadesedicas.com\/loja\/produtos\/\"},{\"@type\":\"ListItem\",\"position\":3,\"name\":\"FERRAMENTA DE ELEVA\u00c7\u00c3O E TRANSPORTE HEAVEASY\"}]},{\"@type\":\"WebSite\",\"@id\":\"https:\/\/curiosidadesedicas.com\/loja\/#website\",\"url\":\"https:\/\/curiosidadesedicas.com\/loja\/\",\"name\":\"Curiosidades &amp; Dicas, Lda\",\"description\":\"Apaixonados Por Inova\u00e7\u00e3o\",\"publisher\":{\"@id\":\"https:\/\/curiosidadesedicas.com\/loja\/#organization\"},\"potentialAction\":[{\"@type\":\"SearchAction\",\"target\":{\"@type\":\"EntryPoint\",\"urlTemplate\":\"https:\/\/curiosidadesedicas.com\/loja\/?s={search_term_string}\"},\"query-input\":{\"@type\":\"PropertyValueSpecification\",\"valueRequired\":true,\"valueName\":\"search_term_string\"}}],\"inLanguage\":\"pt-PT\"},{\"@type\":\"Organization\",\"@id\":\"https:\/\/curiosidadesedicas.com\/loja\/#organization\",\"name\":\"Curiosidades & Dicas\",\"url\":\"https:\/\/curiosidadesedicas.com\/loja\/\",\"logo\":{\"@type\":\"ImageObject\",\"inLanguage\":\"pt-PT\",\"@id\":\"https:\/\/curiosidadesedicas.com\/loja\/#\/schema\/logo\/image\/\",\"url\":\"https:\/\/curiosidadesedicas.com\/loja\/wp-content\/uploads\/2020\/05\/LogoCuriosidadesSimples.png\",\"contentUrl\":\"https:\/\/curiosidadesedicas.com\/loja\/wp-content\/uploads\/2020\/05\/LogoCuriosidadesSimples.png\",\"width\":3528,\"height\":804,\"caption\":\"Curiosidades & Dicas\"},\"image\":{\"@id\":\"https:\/\/curiosidadesedicas.com\/loja\/#\/schema\/logo\/image\/\"}}]}<\/script>\n<!-- \/ Yoast SEO plugin. -->","yoast_head_json":{"title":"FERRAMENTA DE ELEVA\u00c7\u00c3O E TRANSPORTE HEAVEASY - Curiosidades &amp; Dicas, Lda","robots":{"index":"index","follow":"follow","max-snippet":"max-snippet:-1","max-image-preview":"max-image-preview:large","max-video-preview":"max-video-preview:-1"},"canonical":"https:\/\/curiosidadesedicas.com\/loja\/produto\/ferramenta-de-elevacao-e-transporte-heaveasy\/","og_locale":"pt_PT","og_type":"article","og_title":"FERRAMENTA DE ELEVA\u00c7\u00c3O E TRANSPORTE HEAVEASY - Curiosidades &amp; Dicas, Lda","og_description":"Material: Ferro  Design inovador e funcional  Vers\u00e1til e adapt\u00e1vel  Multifun\u00e7\u00e3o: eleva\u00e7\u00e3o, posicionamento, deslizamento, ajuste e nivelamento  Tipo: Girat\u00f3rio  Punho de eleva\u00e7\u00e3o antiderrapante:   180\u00ba  Ergon\u00f3mico    4 pe\u00e7as de suporte com rodas: 360\u00ba  Peso m\u00e1x. suportado: 150 kg  Port\u00e1til, leve, resistente e duradouro  Utiliza\u00e7\u00e3o c\u00f3moda, simples e segura  Tamanho Reduzido Compacto  Ocupa pouco espa\u00e7o  F\u00e1cil de transportar e de guardar  Ideal para mover mobili\u00e1rio, caixas pesadas, aparelhos, etc.  Inclui: Instru\u00e7\u00f5es de utiliza\u00e7\u00e3o  Medidas aprox.: 35 x 9 x 10 cm","og_url":"https:\/\/curiosidadesedicas.com\/loja\/produto\/ferramenta-de-elevacao-e-transporte-heaveasy\/","og_site_name":"Curiosidades &amp; Dicas, Lda","article_modified_time":"2025-03-11T14:58:49+00:00","og_image":[{"width":600,"height":600,"url":"https:\/\/curiosidadesedicas.com\/loja\/wp-content\/uploads\/2024\/01\/ferramenta-de-elevac-o-e-transporte-heaveasy-innovagoods_153547.jpg","type":"image\/jpeg"}],"twitter_card":"summary_large_image","twitter_misc":{"Tempo estimado de leitura":"2 minutos"},"schema":{"@context":"https:\/\/schema.org","@graph":[{"@type":"WebPage","@id":"https:\/\/curiosidadesedicas.com\/loja\/produto\/ferramenta-de-elevacao-e-transporte-heaveasy\/","url":"https:\/\/curiosidadesedicas.com\/loja\/produto\/ferramenta-de-elevacao-e-transporte-heaveasy\/","name":"FERRAMENTA DE ELEVA\u00c7\u00c3O E TRANSPORTE HEAVEASY - Curiosidades &amp; Dicas, Lda","isPartOf":{"@id":"https:\/\/curiosidadesedicas.com\/loja\/#website"},"primaryImageOfPage":{"@id":"https:\/\/curiosidadesedicas.com\/loja\/produto\/ferramenta-de-elevacao-e-transporte-heaveasy\/#primaryimage"},"image":{"@id":"https:\/\/curiosidadesedicas.com\/loja\/produto\/ferramenta-de-elevacao-e-transporte-heaveasy\/#primaryimage"},"thumbnailUrl":"https:\/\/curiosidadesedicas.com\/loja\/wp-content\/uploads\/2024\/01\/ferramenta-de-elevac-o-e-transporte-heaveasy-innovagoods_153547.jpg","datePublished":"2024-01-03T13:24:56+00:00","dateModified":"2025-03-11T14:58:49+00:00","breadcrumb":{"@id":"https:\/\/curiosidadesedicas.com\/loja\/produto\/ferramenta-de-elevacao-e-transporte-heaveasy\/#breadcrumb"},"inLanguage":"pt-PT","potentialAction":[{"@type":"ReadAction","target":["https:\/\/curiosidadesedicas.com\/loja\/produto\/ferramenta-de-elevacao-e-transporte-heaveasy\/"]}]},{"@type":"ImageObject","inLanguage":"pt-PT","@id":"https:\/\/curiosidadesedicas.com\/loja\/produto\/ferramenta-de-elevacao-e-transporte-heaveasy\/#primaryimage","url":"https:\/\/curiosidadesedicas.com\/loja\/wp-content\/uploads\/2024\/01\/ferramenta-de-elevac-o-e-transporte-heaveasy-innovagoods_153547.jpg","contentUrl":"https:\/\/curiosidadesedicas.com\/loja\/wp-content\/uploads\/2024\/01\/ferramenta-de-elevac-o-e-transporte-heaveasy-innovagoods_153547.jpg","width":600,"height":600},{"@type":"BreadcrumbList","@id":"https:\/\/curiosidadesedicas.com\/loja\/produto\/ferramenta-de-elevacao-e-transporte-heaveasy\/#breadcrumb","itemListElement":[{"@type":"ListItem","position":1,"name":"In\u00edcio","item":"https:\/\/curiosidadesedicas.com\/loja\/"},{"@type":"ListItem","position":2,"name":"Produtos","item":"https:\/\/curiosidadesedicas.com\/loja\/produtos\/"},{"@type":"ListItem","position":3,"name":"FERRAMENTA DE ELEVA\u00c7\u00c3O E TRANSPORTE HEAVEASY"}]},{"@type":"WebSite","@id":"https:\/\/curiosidadesedicas.com\/loja\/#website","url":"https:\/\/curiosidadesedicas.com\/loja\/","name":"Curiosidades &amp; Dicas, Lda","description":"Apaixonados Por Inova\u00e7\u00e3o","publisher":{"@id":"https:\/\/curiosidadesedicas.com\/loja\/#organization"},"potentialAction":[{"@type":"SearchAction","target":{"@type":"EntryPoint","urlTemplate":"https:\/\/curiosidadesedicas.com\/loja\/?s={search_term_string}"},"query-input":{"@type":"PropertyValueSpecification","valueRequired":true,"valueName":"search_term_string"}}],"inLanguage":"pt-PT"},{"@type":"Organization","@id":"https:\/\/curiosidadesedicas.com\/loja\/#organization","name":"Curiosidades & Dicas","url":"https:\/\/curiosidadesedicas.com\/loja\/","logo":{"@type":"ImageObject","inLanguage":"pt-PT","@id":"https:\/\/curiosidadesedicas.com\/loja\/#\/schema\/logo\/image\/","url":"https:\/\/curiosidadesedicas.com\/loja\/wp-content\/uploads\/2020\/05\/LogoCuriosidadesSimples.png","contentUrl":"https:\/\/curiosidadesedicas.com\/loja\/wp-content\/uploads\/2020\/05\/LogoCuriosidadesSimples.png","width":3528,"height":804,"caption":"Curiosidades & Dicas"},"image":{"@id":"https:\/\/curiosidadesedicas.com\/loja\/#\/schema\/logo\/image\/"}}]}},"_links":{"self":[{"href":"https:\/\/curiosidadesedicas.com\/loja\/wp-json\/wp\/v2\/product\/31332","targetHints":{"allow":["GET"]}}],"collection":[{"href":"https:\/\/curiosidadesedicas.com\/loja\/wp-json\/wp\/v2\/product"}],"about":[{"href":"https:\/\/curiosidadesedicas.com\/loja\/wp-json\/wp\/v2\/types\/product"}],"replies":[{"embeddable":true,"href":"https:\/\/curiosidadesedicas.com\/loja\/wp-json\/wp\/v2\/comments?post=31332"}],"wp:featuredmedia":[{"embeddable":true,"href":"https:\/\/curiosidadesedicas.com\/loja\/wp-json\/wp\/v2\/media\/31344"}],"wp:attachment":[{"href":"https:\/\/curiosidadesedicas.com\/loja\/wp-json\/wp\/v2\/media?parent=31332"}],"wp:term":[{"taxonomy":"product_brand","embeddable":true,"href":"https:\/\/curiosidadesedicas.com\/loja\/wp-json\/wp\/v2\/product_brand?post=31332"},{"taxonomy":"product_cat","embeddable":true,"href":"https:\/\/curiosidadesedicas.com\/loja\/wp-json\/wp\/v2\/product_cat?post=31332"},{"taxonomy":"product_tag","embeddable":true,"href":"https:\/\/curiosidadesedicas.com\/loja\/wp-json\/wp\/v2\/product_tag?post=31332"}],"curies":[{"name":"wp","href":"https:\/\/api.w.org\/{rel}","templated":true}]}}