{"id":31264,"date":"2024-01-02T10:13:42","date_gmt":"2024-01-02T10:13:42","guid":{"rendered":"https:\/\/curiosidadesedicas.com\/loja\/?post_type=product&#038;p=31264"},"modified":"2025-09-29T13:49:29","modified_gmt":"2025-09-29T13:49:29","slug":"capa-elastica-p-assento-e-encosto-de-sofa-roque","status":"publish","type":"product","link":"https:\/\/curiosidadesedicas.com\/loja\/produto\/capa-elastica-p-assento-e-encosto-de-sofa-roque\/","title":{"rendered":"CAPA EL\u00c1STICA P\/ ASSENTO E ENCOSTO DE SOF\u00c1 ROQUE"},"content":{"rendered":"<div>\n<p><strong>Desde 2011 no mercado, com 99% dos clientes satisfeitos.\u00a0 Preparamos este conte\u00fado para mostrar o que nos distingue:<\/strong><\/p>\n<div style=\"width: 640px;\" class=\"wp-video\"><!--[if lt IE 9]><script>document.createElement('video');<\/script><![endif]-->\n<video class=\"wp-video-shortcode\" id=\"video-31264-1\" width=\"640\" height=\"360\" preload=\"metadata\" controls=\"controls\"><source type=\"video\/mp4\" src=\"https:\/\/curiosidadesedicas.com\/loja\/wp-content\/uploads\/2024\/01\/VALORES-MERCADO-CAPAS.mp4?_=1\" \/><a href=\"https:\/\/curiosidadesedicas.com\/loja\/wp-content\/uploads\/2024\/01\/VALORES-MERCADO-CAPAS.mp4\">https:\/\/curiosidadesedicas.com\/loja\/wp-content\/uploads\/2024\/01\/VALORES-MERCADO-CAPAS.mp4<\/a><\/video><\/div>\n<\/div>\n<p>&nbsp;<\/p>\n<p><strong>Composi\u00e7\u00e3o:<\/strong><br \/>\n55% algod\u00e3o, 35% poli\u00e9ster, 10% elastom\u00e9rico<\/p>\n<p><strong>Instru\u00e7\u00f5es de lavagem:<\/strong><\/p>\n<p class=\"ww\"><img loading=\"lazy\" decoding=\"async\" title=\"Temperatura m\u00e1xima de lavado\" src=\"https:\/\/www.fundasdesofa.com\/img\/cms\/i_temperatura.jpg\" alt=\"Temperatura m\u00e1xima de lavado\" width=\"42\" height=\"42\" \/><img loading=\"lazy\" decoding=\"async\" title=\"No usar lej\u00eda\" src=\"https:\/\/www.fundasdesofa.com\/img\/cms\/i_no_lejia.jpg\" alt=\"No usar lej\u00eda\" width=\"42\" height=\"42\" \/><img loading=\"lazy\" decoding=\"async\" title=\"No planchar\" src=\"https:\/\/www.fundasdesofa.com\/img\/cms\/i_no_plancha.jpg\" alt=\"No planchar\" width=\"42\" height=\"42\" \/><img loading=\"lazy\" decoding=\"async\" title=\"No usar secadora\" src=\"https:\/\/www.fundasdesofa.com\/img\/cms\/i_no_secadora.jpg\" alt=\"No usar secadora\" width=\"42\" height=\"42\" \/><img loading=\"lazy\" decoding=\"async\" title=\"No lavar en seco\" src=\"https:\/\/www.fundasdesofa.com\/img\/cms\/i_no_lavado_seco.jpg\" alt=\"No lavar en seco\" width=\"42\" height=\"42\" \/><\/p>\n<p>&nbsp;<\/p>\n","protected":false},"excerpt":{"rendered":"<p><strong>Capa Super El\u00e1stica para o assento\/encosto do sof\u00e1 Roque.<\/strong> A Capa para o assento\/encosto do sof\u00e1 tem quatro tamanhos e est\u00e1 confecionada em tecido super el\u00e1stica para ficar perfeitamente adaptada \u00e0 forma do assento\/encosto.<\/p>\n<p><img decoding=\"async\" class=\"aligncenter\" src=\"https:\/\/curiosidadesedicas.com\/loja\/wp-content\/uploads\/2024\/01\/Captura-de-ecra-2024-11-29-153300.jpg\" \/><\/p>\n<p><strong>F\u00e1cil e simples de aplicar!<\/strong><\/p>\n<p><img decoding=\"async\" class=\"aligncenter\" src=\"https:\/\/curiosidadesedicas.com\/loja\/wp-content\/uploads\/2024\/01\/correto.jpg\" \/><\/p>\n","protected":false},"featured_media":34250,"comment_status":"open","ping_status":"closed","template":"","meta":{"_glsr_average":0,"_glsr_ranking":0,"_glsr_reviews":0},"product_brand":[],"product_cat":[371,373,546],"product_tag":[416],"class_list":{"0":"post-31264","1":"product","2":"type-product","3":"status-publish","4":"has-post-thumbnail","6":"product_cat-capas-protetoras","7":"product_cat-elasticas-p-sofas","8":"product_cat-colecao-roque","9":"product_tag-roque","11":"first","12":"instock","13":"taxable","14":"shipping-taxable","15":"purchasable","16":"product-type-variable"},"yoast_head":"<!-- This site is optimized with the Yoast SEO plugin v26.8 - https:\/\/yoast.com\/product\/yoast-seo-wordpress\/ -->\n<title>CAPA EL\u00c1STICA P\/ ASSENTO E ENCOSTO DE SOF\u00c1 ROQUE - Curiosidades &amp; Dicas, Lda<\/title>\n<meta name=\"robots\" content=\"index, follow, max-snippet:-1, max-image-preview:large, max-video-preview:-1\" \/>\n<link rel=\"canonical\" href=\"https:\/\/curiosidadesedicas.com\/loja\/produto\/capa-elastica-p-assento-e-encosto-de-sofa-roque\/\" \/>\n<meta property=\"og:locale\" content=\"pt_PT\" \/>\n<meta property=\"og:type\" content=\"article\" \/>\n<meta property=\"og:title\" content=\"CAPA EL\u00c1STICA P\/ ASSENTO E ENCOSTO DE SOF\u00c1 ROQUE - Curiosidades &amp; Dicas, Lda\" \/>\n<meta property=\"og:description\" content=\"Capa Super El\u00e1stica para o assento\/encosto do sof\u00e1 Roque. A Capa para o assento\/encosto do sof\u00e1 tem quatro tamanhos e est\u00e1 confecionada em tecido super el\u00e1stica para ficar perfeitamente adaptada \u00e0 forma do assento\/encosto.    F\u00e1cil e simples de aplicar!\" \/>\n<meta property=\"og:url\" content=\"https:\/\/curiosidadesedicas.com\/loja\/produto\/capa-elastica-p-assento-e-encosto-de-sofa-roque\/\" \/>\n<meta property=\"og:site_name\" content=\"Curiosidades &amp; Dicas, Lda\" \/>\n<meta property=\"article:modified_time\" content=\"2025-09-29T13:49:29+00:00\" \/>\n<meta property=\"og:image\" content=\"https:\/\/curiosidadesedicas.com\/loja\/wp-content\/uploads\/2024\/01\/01-2.jpg\" \/>\n\t<meta property=\"og:image:width\" content=\"2362\" \/>\n\t<meta property=\"og:image:height\" content=\"2362\" \/>\n\t<meta property=\"og:image:type\" content=\"image\/jpeg\" \/>\n<meta name=\"twitter:card\" content=\"summary_large_image\" \/>\n<meta name=\"twitter:label1\" content=\"Tempo estimado de leitura\" \/>\n\t<meta name=\"twitter:data1\" content=\"2 minutos\" \/>\n<script type=\"application\/ld+json\" class=\"yoast-schema-graph\">{\"@context\":\"https:\/\/schema.org\",\"@graph\":[{\"@type\":\"WebPage\",\"@id\":\"https:\/\/curiosidadesedicas.com\/loja\/produto\/capa-elastica-p-assento-e-encosto-de-sofa-roque\/\",\"url\":\"https:\/\/curiosidadesedicas.com\/loja\/produto\/capa-elastica-p-assento-e-encosto-de-sofa-roque\/\",\"name\":\"CAPA EL\u00c1STICA P\/ ASSENTO E ENCOSTO DE SOF\u00c1 ROQUE - Curiosidades &amp; Dicas, Lda\",\"isPartOf\":{\"@id\":\"https:\/\/curiosidadesedicas.com\/loja\/#website\"},\"primaryImageOfPage\":{\"@id\":\"https:\/\/curiosidadesedicas.com\/loja\/produto\/capa-elastica-p-assento-e-encosto-de-sofa-roque\/#primaryimage\"},\"image\":{\"@id\":\"https:\/\/curiosidadesedicas.com\/loja\/produto\/capa-elastica-p-assento-e-encosto-de-sofa-roque\/#primaryimage\"},\"thumbnailUrl\":\"https:\/\/curiosidadesedicas.com\/loja\/wp-content\/uploads\/2024\/01\/01-2.jpg\",\"datePublished\":\"2024-01-02T10:13:42+00:00\",\"dateModified\":\"2025-09-29T13:49:29+00:00\",\"breadcrumb\":{\"@id\":\"https:\/\/curiosidadesedicas.com\/loja\/produto\/capa-elastica-p-assento-e-encosto-de-sofa-roque\/#breadcrumb\"},\"inLanguage\":\"pt-PT\",\"potentialAction\":[{\"@type\":\"ReadAction\",\"target\":[\"https:\/\/curiosidadesedicas.com\/loja\/produto\/capa-elastica-p-assento-e-encosto-de-sofa-roque\/\"]}]},{\"@type\":\"ImageObject\",\"inLanguage\":\"pt-PT\",\"@id\":\"https:\/\/curiosidadesedicas.com\/loja\/produto\/capa-elastica-p-assento-e-encosto-de-sofa-roque\/#primaryimage\",\"url\":\"https:\/\/curiosidadesedicas.com\/loja\/wp-content\/uploads\/2024\/01\/01-2.jpg\",\"contentUrl\":\"https:\/\/curiosidadesedicas.com\/loja\/wp-content\/uploads\/2024\/01\/01-2.jpg\",\"width\":2362,\"height\":2362},{\"@type\":\"BreadcrumbList\",\"@id\":\"https:\/\/curiosidadesedicas.com\/loja\/produto\/capa-elastica-p-assento-e-encosto-de-sofa-roque\/#breadcrumb\",\"itemListElement\":[{\"@type\":\"ListItem\",\"position\":1,\"name\":\"In\u00edcio\",\"item\":\"https:\/\/curiosidadesedicas.com\/loja\/\"},{\"@type\":\"ListItem\",\"position\":2,\"name\":\"Produtos\",\"item\":\"https:\/\/curiosidadesedicas.com\/loja\/produtos\/\"},{\"@type\":\"ListItem\",\"position\":3,\"name\":\"CAPA EL\u00c1STICA P\/ ASSENTO E ENCOSTO DE SOF\u00c1 ROQUE\"}]},{\"@type\":\"WebSite\",\"@id\":\"https:\/\/curiosidadesedicas.com\/loja\/#website\",\"url\":\"https:\/\/curiosidadesedicas.com\/loja\/\",\"name\":\"Curiosidades &amp; Dicas, Lda\",\"description\":\"Apaixonados Por Inova\u00e7\u00e3o\",\"publisher\":{\"@id\":\"https:\/\/curiosidadesedicas.com\/loja\/#organization\"},\"potentialAction\":[{\"@type\":\"SearchAction\",\"target\":{\"@type\":\"EntryPoint\",\"urlTemplate\":\"https:\/\/curiosidadesedicas.com\/loja\/?s={search_term_string}\"},\"query-input\":{\"@type\":\"PropertyValueSpecification\",\"valueRequired\":true,\"valueName\":\"search_term_string\"}}],\"inLanguage\":\"pt-PT\"},{\"@type\":\"Organization\",\"@id\":\"https:\/\/curiosidadesedicas.com\/loja\/#organization\",\"name\":\"Curiosidades & Dicas\",\"url\":\"https:\/\/curiosidadesedicas.com\/loja\/\",\"logo\":{\"@type\":\"ImageObject\",\"inLanguage\":\"pt-PT\",\"@id\":\"https:\/\/curiosidadesedicas.com\/loja\/#\/schema\/logo\/image\/\",\"url\":\"https:\/\/curiosidadesedicas.com\/loja\/wp-content\/uploads\/2020\/05\/LogoCuriosidadesSimples.png\",\"contentUrl\":\"https:\/\/curiosidadesedicas.com\/loja\/wp-content\/uploads\/2020\/05\/LogoCuriosidadesSimples.png\",\"width\":3528,\"height\":804,\"caption\":\"Curiosidades & Dicas\"},\"image\":{\"@id\":\"https:\/\/curiosidadesedicas.com\/loja\/#\/schema\/logo\/image\/\"}}]}<\/script>\n<!-- \/ Yoast SEO plugin. -->","yoast_head_json":{"title":"CAPA EL\u00c1STICA P\/ ASSENTO E ENCOSTO DE SOF\u00c1 ROQUE - Curiosidades &amp; Dicas, Lda","robots":{"index":"index","follow":"follow","max-snippet":"max-snippet:-1","max-image-preview":"max-image-preview:large","max-video-preview":"max-video-preview:-1"},"canonical":"https:\/\/curiosidadesedicas.com\/loja\/produto\/capa-elastica-p-assento-e-encosto-de-sofa-roque\/","og_locale":"pt_PT","og_type":"article","og_title":"CAPA EL\u00c1STICA P\/ ASSENTO E ENCOSTO DE SOF\u00c1 ROQUE - Curiosidades &amp; Dicas, Lda","og_description":"Capa Super El\u00e1stica para o assento\/encosto do sof\u00e1 Roque. A Capa para o assento\/encosto do sof\u00e1 tem quatro tamanhos e est\u00e1 confecionada em tecido super el\u00e1stica para ficar perfeitamente adaptada \u00e0 forma do assento\/encosto.    F\u00e1cil e simples de aplicar!","og_url":"https:\/\/curiosidadesedicas.com\/loja\/produto\/capa-elastica-p-assento-e-encosto-de-sofa-roque\/","og_site_name":"Curiosidades &amp; Dicas, Lda","article_modified_time":"2025-09-29T13:49:29+00:00","og_image":[{"width":2362,"height":2362,"url":"https:\/\/curiosidadesedicas.com\/loja\/wp-content\/uploads\/2024\/01\/01-2.jpg","type":"image\/jpeg"}],"twitter_card":"summary_large_image","twitter_misc":{"Tempo estimado de leitura":"2 minutos"},"schema":{"@context":"https:\/\/schema.org","@graph":[{"@type":"WebPage","@id":"https:\/\/curiosidadesedicas.com\/loja\/produto\/capa-elastica-p-assento-e-encosto-de-sofa-roque\/","url":"https:\/\/curiosidadesedicas.com\/loja\/produto\/capa-elastica-p-assento-e-encosto-de-sofa-roque\/","name":"CAPA EL\u00c1STICA P\/ ASSENTO E ENCOSTO DE SOF\u00c1 ROQUE - Curiosidades &amp; Dicas, Lda","isPartOf":{"@id":"https:\/\/curiosidadesedicas.com\/loja\/#website"},"primaryImageOfPage":{"@id":"https:\/\/curiosidadesedicas.com\/loja\/produto\/capa-elastica-p-assento-e-encosto-de-sofa-roque\/#primaryimage"},"image":{"@id":"https:\/\/curiosidadesedicas.com\/loja\/produto\/capa-elastica-p-assento-e-encosto-de-sofa-roque\/#primaryimage"},"thumbnailUrl":"https:\/\/curiosidadesedicas.com\/loja\/wp-content\/uploads\/2024\/01\/01-2.jpg","datePublished":"2024-01-02T10:13:42+00:00","dateModified":"2025-09-29T13:49:29+00:00","breadcrumb":{"@id":"https:\/\/curiosidadesedicas.com\/loja\/produto\/capa-elastica-p-assento-e-encosto-de-sofa-roque\/#breadcrumb"},"inLanguage":"pt-PT","potentialAction":[{"@type":"ReadAction","target":["https:\/\/curiosidadesedicas.com\/loja\/produto\/capa-elastica-p-assento-e-encosto-de-sofa-roque\/"]}]},{"@type":"ImageObject","inLanguage":"pt-PT","@id":"https:\/\/curiosidadesedicas.com\/loja\/produto\/capa-elastica-p-assento-e-encosto-de-sofa-roque\/#primaryimage","url":"https:\/\/curiosidadesedicas.com\/loja\/wp-content\/uploads\/2024\/01\/01-2.jpg","contentUrl":"https:\/\/curiosidadesedicas.com\/loja\/wp-content\/uploads\/2024\/01\/01-2.jpg","width":2362,"height":2362},{"@type":"BreadcrumbList","@id":"https:\/\/curiosidadesedicas.com\/loja\/produto\/capa-elastica-p-assento-e-encosto-de-sofa-roque\/#breadcrumb","itemListElement":[{"@type":"ListItem","position":1,"name":"In\u00edcio","item":"https:\/\/curiosidadesedicas.com\/loja\/"},{"@type":"ListItem","position":2,"name":"Produtos","item":"https:\/\/curiosidadesedicas.com\/loja\/produtos\/"},{"@type":"ListItem","position":3,"name":"CAPA EL\u00c1STICA P\/ ASSENTO E ENCOSTO DE SOF\u00c1 ROQUE"}]},{"@type":"WebSite","@id":"https:\/\/curiosidadesedicas.com\/loja\/#website","url":"https:\/\/curiosidadesedicas.com\/loja\/","name":"Curiosidades &amp; Dicas, Lda","description":"Apaixonados Por Inova\u00e7\u00e3o","publisher":{"@id":"https:\/\/curiosidadesedicas.com\/loja\/#organization"},"potentialAction":[{"@type":"SearchAction","target":{"@type":"EntryPoint","urlTemplate":"https:\/\/curiosidadesedicas.com\/loja\/?s={search_term_string}"},"query-input":{"@type":"PropertyValueSpecification","valueRequired":true,"valueName":"search_term_string"}}],"inLanguage":"pt-PT"},{"@type":"Organization","@id":"https:\/\/curiosidadesedicas.com\/loja\/#organization","name":"Curiosidades & Dicas","url":"https:\/\/curiosidadesedicas.com\/loja\/","logo":{"@type":"ImageObject","inLanguage":"pt-PT","@id":"https:\/\/curiosidadesedicas.com\/loja\/#\/schema\/logo\/image\/","url":"https:\/\/curiosidadesedicas.com\/loja\/wp-content\/uploads\/2020\/05\/LogoCuriosidadesSimples.png","contentUrl":"https:\/\/curiosidadesedicas.com\/loja\/wp-content\/uploads\/2020\/05\/LogoCuriosidadesSimples.png","width":3528,"height":804,"caption":"Curiosidades & Dicas"},"image":{"@id":"https:\/\/curiosidadesedicas.com\/loja\/#\/schema\/logo\/image\/"}}]}},"_links":{"self":[{"href":"https:\/\/curiosidadesedicas.com\/loja\/wp-json\/wp\/v2\/product\/31264","targetHints":{"allow":["GET"]}}],"collection":[{"href":"https:\/\/curiosidadesedicas.com\/loja\/wp-json\/wp\/v2\/product"}],"about":[{"href":"https:\/\/curiosidadesedicas.com\/loja\/wp-json\/wp\/v2\/types\/product"}],"replies":[{"embeddable":true,"href":"https:\/\/curiosidadesedicas.com\/loja\/wp-json\/wp\/v2\/comments?post=31264"}],"wp:featuredmedia":[{"embeddable":true,"href":"https:\/\/curiosidadesedicas.com\/loja\/wp-json\/wp\/v2\/media\/34250"}],"wp:attachment":[{"href":"https:\/\/curiosidadesedicas.com\/loja\/wp-json\/wp\/v2\/media?parent=31264"}],"wp:term":[{"taxonomy":"product_brand","embeddable":true,"href":"https:\/\/curiosidadesedicas.com\/loja\/wp-json\/wp\/v2\/product_brand?post=31264"},{"taxonomy":"product_cat","embeddable":true,"href":"https:\/\/curiosidadesedicas.com\/loja\/wp-json\/wp\/v2\/product_cat?post=31264"},{"taxonomy":"product_tag","embeddable":true,"href":"https:\/\/curiosidadesedicas.com\/loja\/wp-json\/wp\/v2\/product_tag?post=31264"}],"curies":[{"name":"wp","href":"https:\/\/api.w.org\/{rel}","templated":true}]}}