{"id":30938,"date":"2023-10-24T15:32:46","date_gmt":"2023-10-24T15:32:46","guid":{"rendered":"https:\/\/curiosidadesedicas.com\/loja\/?post_type=product&#038;p=30938"},"modified":"2023-10-24T15:55:59","modified_gmt":"2023-10-24T15:55:59","slug":"capa-protetora-p-cadeirao-impermeavel-130-x-90-x-70cm","status":"publish","type":"product","link":"https:\/\/curiosidadesedicas.com\/loja\/produto\/capa-protetora-p-cadeirao-impermeavel-130-x-90-x-70cm\/","title":{"rendered":"CAPA PROTETORA P\/ CADEIR\u00c3O IMPERME\u00c1VEL | 130 X 90 X 70CM"},"content":{"rendered":"<p>Capa protetora para cadeir\u00e3o<\/p>\n<ul>\n<li>130 x 90 x 70cm<\/li>\n<li>Material: Poli\u00e9ster 240g \/m\u00b2<\/li>\n<li>Imperme\u00e1vel\/respir\u00e1vel<\/li>\n<li>Cont\u00e9m sacos laterais respir\u00e1veis.<\/li>\n<li>Ilh\u00f3s para facilitar a arruma\u00e7\u00e3o e\/ou fixa\u00e7\u00e3o.<\/li>\n<li>Inclui corda de suporte.<\/li>\n<li>Cor: Verde<\/li>\n<li>Uso: Interior\/exterior<\/li>\n<li>Impede a passagem da radia\u00e7\u00e3o UV<\/li>\n<\/ul>\n<p>&nbsp;<\/p>\n<p>&nbsp;<\/p>\n<p>&nbsp;<\/p>\n","protected":false},"excerpt":{"rendered":"<div id=\"shop-desc\" class=\"tab-pane active\">\n<div class=\"product-description\">\n<p>Capa protetora para cadeir\u00e3o<\/p>\n<ul>\n<li>130 x 90 x 70cm<\/li>\n<li>Material: Poli\u00e9ster 240g \/m\u00b2<\/li>\n<li>Imperme\u00e1vel\/respir\u00e1vel<\/li>\n<li>Cont\u00e9m sacos laterais respir\u00e1veis.<\/li>\n<li>Ilh\u00f3s para facilitar a arruma\u00e7\u00e3o e\/ou fixa\u00e7\u00e3o.<\/li>\n<li>Inclui corda de suporte.<\/li>\n<li>Cor: Verde<\/li>\n<li>Uso: Interior\/exterior<\/li>\n<li>Impede a passagem da radia\u00e7\u00e3o UV<\/li>\n<\/ul>\n<p>&nbsp;<\/p>\n<p>&nbsp;<\/p>\n<\/div>\n<\/div>\n","protected":false},"featured_media":30945,"comment_status":"open","ping_status":"closed","template":"","meta":{"_glsr_average":0,"_glsr_ranking":0,"_glsr_reviews":0},"product_brand":[],"product_cat":[371,538],"product_tag":[],"class_list":{"0":"post-30938","1":"product","2":"type-product","3":"status-publish","4":"has-post-thumbnail","6":"product_cat-capas-protetoras","7":"product_cat-mobiliario-de-jardim","9":"first","10":"instock","11":"taxable","12":"shipping-taxable","13":"purchasable","14":"product-type-simple"},"yoast_head":"<!-- This site is optimized with the Yoast SEO plugin v26.8 - https:\/\/yoast.com\/product\/yoast-seo-wordpress\/ -->\n<title>CAPA PROTETORA P\/ CADEIR\u00c3O IMPERME\u00c1VEL | 130 X 90 X 70CM - Curiosidades &amp; Dicas, Lda<\/title>\n<meta name=\"robots\" content=\"index, follow, max-snippet:-1, max-image-preview:large, max-video-preview:-1\" \/>\n<link rel=\"canonical\" href=\"https:\/\/curiosidadesedicas.com\/loja\/produto\/capa-protetora-p-cadeirao-impermeavel-130-x-90-x-70cm\/\" \/>\n<meta property=\"og:locale\" content=\"pt_PT\" \/>\n<meta property=\"og:type\" content=\"article\" \/>\n<meta property=\"og:title\" content=\"CAPA PROTETORA P\/ CADEIR\u00c3O IMPERME\u00c1VEL | 130 X 90 X 70CM - Curiosidades &amp; Dicas, Lda\" \/>\n<meta property=\"og:description\" content=\"Capa protetora para cadeir\u00e3o   130 x 90 x 70cm  Material: Poli\u00e9ster 240g \/m\u00b2  Imperme\u00e1vel\/respir\u00e1vel  Cont\u00e9m sacos laterais respir\u00e1veis.  Ilh\u00f3s para facilitar a arruma\u00e7\u00e3o e\/ou fixa\u00e7\u00e3o.  Inclui corda de suporte.  Cor: Verde  Uso: Interior\/exterior  Impede a passagem da radia\u00e7\u00e3o UV  &nbsp;  &nbsp;\" \/>\n<meta property=\"og:url\" content=\"https:\/\/curiosidadesedicas.com\/loja\/produto\/capa-protetora-p-cadeirao-impermeavel-130-x-90-x-70cm\/\" \/>\n<meta property=\"og:site_name\" content=\"Curiosidades &amp; Dicas, Lda\" \/>\n<meta property=\"article:modified_time\" content=\"2023-10-24T15:55:59+00:00\" \/>\n<meta property=\"og:image\" content=\"https:\/\/curiosidadesedicas.com\/loja\/wp-content\/uploads\/2023\/10\/1-3.jpg\" \/>\n\t<meta property=\"og:image:width\" content=\"1000\" \/>\n\t<meta property=\"og:image:height\" content=\"1000\" \/>\n\t<meta property=\"og:image:type\" content=\"image\/jpeg\" \/>\n<meta name=\"twitter:card\" content=\"summary_large_image\" \/>\n<meta name=\"twitter:label1\" content=\"Tempo estimado de leitura\" \/>\n\t<meta name=\"twitter:data1\" content=\"1 minuto\" \/>\n<script type=\"application\/ld+json\" class=\"yoast-schema-graph\">{\"@context\":\"https:\/\/schema.org\",\"@graph\":[{\"@type\":\"WebPage\",\"@id\":\"https:\/\/curiosidadesedicas.com\/loja\/produto\/capa-protetora-p-cadeirao-impermeavel-130-x-90-x-70cm\/\",\"url\":\"https:\/\/curiosidadesedicas.com\/loja\/produto\/capa-protetora-p-cadeirao-impermeavel-130-x-90-x-70cm\/\",\"name\":\"CAPA PROTETORA P\/ CADEIR\u00c3O IMPERME\u00c1VEL | 130 X 90 X 70CM - Curiosidades &amp; Dicas, Lda\",\"isPartOf\":{\"@id\":\"https:\/\/curiosidadesedicas.com\/loja\/#website\"},\"primaryImageOfPage\":{\"@id\":\"https:\/\/curiosidadesedicas.com\/loja\/produto\/capa-protetora-p-cadeirao-impermeavel-130-x-90-x-70cm\/#primaryimage\"},\"image\":{\"@id\":\"https:\/\/curiosidadesedicas.com\/loja\/produto\/capa-protetora-p-cadeirao-impermeavel-130-x-90-x-70cm\/#primaryimage\"},\"thumbnailUrl\":\"https:\/\/curiosidadesedicas.com\/loja\/wp-content\/uploads\/2023\/10\/1-3.jpg\",\"datePublished\":\"2023-10-24T15:32:46+00:00\",\"dateModified\":\"2023-10-24T15:55:59+00:00\",\"breadcrumb\":{\"@id\":\"https:\/\/curiosidadesedicas.com\/loja\/produto\/capa-protetora-p-cadeirao-impermeavel-130-x-90-x-70cm\/#breadcrumb\"},\"inLanguage\":\"pt-PT\",\"potentialAction\":[{\"@type\":\"ReadAction\",\"target\":[\"https:\/\/curiosidadesedicas.com\/loja\/produto\/capa-protetora-p-cadeirao-impermeavel-130-x-90-x-70cm\/\"]}]},{\"@type\":\"ImageObject\",\"inLanguage\":\"pt-PT\",\"@id\":\"https:\/\/curiosidadesedicas.com\/loja\/produto\/capa-protetora-p-cadeirao-impermeavel-130-x-90-x-70cm\/#primaryimage\",\"url\":\"https:\/\/curiosidadesedicas.com\/loja\/wp-content\/uploads\/2023\/10\/1-3.jpg\",\"contentUrl\":\"https:\/\/curiosidadesedicas.com\/loja\/wp-content\/uploads\/2023\/10\/1-3.jpg\",\"width\":1000,\"height\":1000},{\"@type\":\"BreadcrumbList\",\"@id\":\"https:\/\/curiosidadesedicas.com\/loja\/produto\/capa-protetora-p-cadeirao-impermeavel-130-x-90-x-70cm\/#breadcrumb\",\"itemListElement\":[{\"@type\":\"ListItem\",\"position\":1,\"name\":\"In\u00edcio\",\"item\":\"https:\/\/curiosidadesedicas.com\/loja\/\"},{\"@type\":\"ListItem\",\"position\":2,\"name\":\"Produtos\",\"item\":\"https:\/\/curiosidadesedicas.com\/loja\/produtos\/\"},{\"@type\":\"ListItem\",\"position\":3,\"name\":\"CAPA PROTETORA P\/ CADEIR\u00c3O IMPERME\u00c1VEL | 130 X 90 X 70CM\"}]},{\"@type\":\"WebSite\",\"@id\":\"https:\/\/curiosidadesedicas.com\/loja\/#website\",\"url\":\"https:\/\/curiosidadesedicas.com\/loja\/\",\"name\":\"Curiosidades &amp; Dicas, Lda\",\"description\":\"Apaixonados Por Inova\u00e7\u00e3o\",\"publisher\":{\"@id\":\"https:\/\/curiosidadesedicas.com\/loja\/#organization\"},\"potentialAction\":[{\"@type\":\"SearchAction\",\"target\":{\"@type\":\"EntryPoint\",\"urlTemplate\":\"https:\/\/curiosidadesedicas.com\/loja\/?s={search_term_string}\"},\"query-input\":{\"@type\":\"PropertyValueSpecification\",\"valueRequired\":true,\"valueName\":\"search_term_string\"}}],\"inLanguage\":\"pt-PT\"},{\"@type\":\"Organization\",\"@id\":\"https:\/\/curiosidadesedicas.com\/loja\/#organization\",\"name\":\"Curiosidades & Dicas\",\"url\":\"https:\/\/curiosidadesedicas.com\/loja\/\",\"logo\":{\"@type\":\"ImageObject\",\"inLanguage\":\"pt-PT\",\"@id\":\"https:\/\/curiosidadesedicas.com\/loja\/#\/schema\/logo\/image\/\",\"url\":\"https:\/\/curiosidadesedicas.com\/loja\/wp-content\/uploads\/2020\/05\/LogoCuriosidadesSimples.png\",\"contentUrl\":\"https:\/\/curiosidadesedicas.com\/loja\/wp-content\/uploads\/2020\/05\/LogoCuriosidadesSimples.png\",\"width\":3528,\"height\":804,\"caption\":\"Curiosidades & Dicas\"},\"image\":{\"@id\":\"https:\/\/curiosidadesedicas.com\/loja\/#\/schema\/logo\/image\/\"}}]}<\/script>\n<!-- \/ Yoast SEO plugin. -->","yoast_head_json":{"title":"CAPA PROTETORA P\/ CADEIR\u00c3O IMPERME\u00c1VEL | 130 X 90 X 70CM - Curiosidades &amp; Dicas, Lda","robots":{"index":"index","follow":"follow","max-snippet":"max-snippet:-1","max-image-preview":"max-image-preview:large","max-video-preview":"max-video-preview:-1"},"canonical":"https:\/\/curiosidadesedicas.com\/loja\/produto\/capa-protetora-p-cadeirao-impermeavel-130-x-90-x-70cm\/","og_locale":"pt_PT","og_type":"article","og_title":"CAPA PROTETORA P\/ CADEIR\u00c3O IMPERME\u00c1VEL | 130 X 90 X 70CM - Curiosidades &amp; Dicas, Lda","og_description":"Capa protetora para cadeir\u00e3o   130 x 90 x 70cm  Material: Poli\u00e9ster 240g \/m\u00b2  Imperme\u00e1vel\/respir\u00e1vel  Cont\u00e9m sacos laterais respir\u00e1veis.  Ilh\u00f3s para facilitar a arruma\u00e7\u00e3o e\/ou fixa\u00e7\u00e3o.  Inclui corda de suporte.  Cor: Verde  Uso: Interior\/exterior  Impede a passagem da radia\u00e7\u00e3o UV  &nbsp;  &nbsp;","og_url":"https:\/\/curiosidadesedicas.com\/loja\/produto\/capa-protetora-p-cadeirao-impermeavel-130-x-90-x-70cm\/","og_site_name":"Curiosidades &amp; Dicas, Lda","article_modified_time":"2023-10-24T15:55:59+00:00","og_image":[{"width":1000,"height":1000,"url":"https:\/\/curiosidadesedicas.com\/loja\/wp-content\/uploads\/2023\/10\/1-3.jpg","type":"image\/jpeg"}],"twitter_card":"summary_large_image","twitter_misc":{"Tempo estimado de leitura":"1 minuto"},"schema":{"@context":"https:\/\/schema.org","@graph":[{"@type":"WebPage","@id":"https:\/\/curiosidadesedicas.com\/loja\/produto\/capa-protetora-p-cadeirao-impermeavel-130-x-90-x-70cm\/","url":"https:\/\/curiosidadesedicas.com\/loja\/produto\/capa-protetora-p-cadeirao-impermeavel-130-x-90-x-70cm\/","name":"CAPA PROTETORA P\/ CADEIR\u00c3O IMPERME\u00c1VEL | 130 X 90 X 70CM - Curiosidades &amp; Dicas, Lda","isPartOf":{"@id":"https:\/\/curiosidadesedicas.com\/loja\/#website"},"primaryImageOfPage":{"@id":"https:\/\/curiosidadesedicas.com\/loja\/produto\/capa-protetora-p-cadeirao-impermeavel-130-x-90-x-70cm\/#primaryimage"},"image":{"@id":"https:\/\/curiosidadesedicas.com\/loja\/produto\/capa-protetora-p-cadeirao-impermeavel-130-x-90-x-70cm\/#primaryimage"},"thumbnailUrl":"https:\/\/curiosidadesedicas.com\/loja\/wp-content\/uploads\/2023\/10\/1-3.jpg","datePublished":"2023-10-24T15:32:46+00:00","dateModified":"2023-10-24T15:55:59+00:00","breadcrumb":{"@id":"https:\/\/curiosidadesedicas.com\/loja\/produto\/capa-protetora-p-cadeirao-impermeavel-130-x-90-x-70cm\/#breadcrumb"},"inLanguage":"pt-PT","potentialAction":[{"@type":"ReadAction","target":["https:\/\/curiosidadesedicas.com\/loja\/produto\/capa-protetora-p-cadeirao-impermeavel-130-x-90-x-70cm\/"]}]},{"@type":"ImageObject","inLanguage":"pt-PT","@id":"https:\/\/curiosidadesedicas.com\/loja\/produto\/capa-protetora-p-cadeirao-impermeavel-130-x-90-x-70cm\/#primaryimage","url":"https:\/\/curiosidadesedicas.com\/loja\/wp-content\/uploads\/2023\/10\/1-3.jpg","contentUrl":"https:\/\/curiosidadesedicas.com\/loja\/wp-content\/uploads\/2023\/10\/1-3.jpg","width":1000,"height":1000},{"@type":"BreadcrumbList","@id":"https:\/\/curiosidadesedicas.com\/loja\/produto\/capa-protetora-p-cadeirao-impermeavel-130-x-90-x-70cm\/#breadcrumb","itemListElement":[{"@type":"ListItem","position":1,"name":"In\u00edcio","item":"https:\/\/curiosidadesedicas.com\/loja\/"},{"@type":"ListItem","position":2,"name":"Produtos","item":"https:\/\/curiosidadesedicas.com\/loja\/produtos\/"},{"@type":"ListItem","position":3,"name":"CAPA PROTETORA P\/ CADEIR\u00c3O IMPERME\u00c1VEL | 130 X 90 X 70CM"}]},{"@type":"WebSite","@id":"https:\/\/curiosidadesedicas.com\/loja\/#website","url":"https:\/\/curiosidadesedicas.com\/loja\/","name":"Curiosidades &amp; Dicas, Lda","description":"Apaixonados Por Inova\u00e7\u00e3o","publisher":{"@id":"https:\/\/curiosidadesedicas.com\/loja\/#organization"},"potentialAction":[{"@type":"SearchAction","target":{"@type":"EntryPoint","urlTemplate":"https:\/\/curiosidadesedicas.com\/loja\/?s={search_term_string}"},"query-input":{"@type":"PropertyValueSpecification","valueRequired":true,"valueName":"search_term_string"}}],"inLanguage":"pt-PT"},{"@type":"Organization","@id":"https:\/\/curiosidadesedicas.com\/loja\/#organization","name":"Curiosidades & Dicas","url":"https:\/\/curiosidadesedicas.com\/loja\/","logo":{"@type":"ImageObject","inLanguage":"pt-PT","@id":"https:\/\/curiosidadesedicas.com\/loja\/#\/schema\/logo\/image\/","url":"https:\/\/curiosidadesedicas.com\/loja\/wp-content\/uploads\/2020\/05\/LogoCuriosidadesSimples.png","contentUrl":"https:\/\/curiosidadesedicas.com\/loja\/wp-content\/uploads\/2020\/05\/LogoCuriosidadesSimples.png","width":3528,"height":804,"caption":"Curiosidades & Dicas"},"image":{"@id":"https:\/\/curiosidadesedicas.com\/loja\/#\/schema\/logo\/image\/"}}]}},"_links":{"self":[{"href":"https:\/\/curiosidadesedicas.com\/loja\/wp-json\/wp\/v2\/product\/30938","targetHints":{"allow":["GET"]}}],"collection":[{"href":"https:\/\/curiosidadesedicas.com\/loja\/wp-json\/wp\/v2\/product"}],"about":[{"href":"https:\/\/curiosidadesedicas.com\/loja\/wp-json\/wp\/v2\/types\/product"}],"replies":[{"embeddable":true,"href":"https:\/\/curiosidadesedicas.com\/loja\/wp-json\/wp\/v2\/comments?post=30938"}],"wp:featuredmedia":[{"embeddable":true,"href":"https:\/\/curiosidadesedicas.com\/loja\/wp-json\/wp\/v2\/media\/30945"}],"wp:attachment":[{"href":"https:\/\/curiosidadesedicas.com\/loja\/wp-json\/wp\/v2\/media?parent=30938"}],"wp:term":[{"taxonomy":"product_brand","embeddable":true,"href":"https:\/\/curiosidadesedicas.com\/loja\/wp-json\/wp\/v2\/product_brand?post=30938"},{"taxonomy":"product_cat","embeddable":true,"href":"https:\/\/curiosidadesedicas.com\/loja\/wp-json\/wp\/v2\/product_cat?post=30938"},{"taxonomy":"product_tag","embeddable":true,"href":"https:\/\/curiosidadesedicas.com\/loja\/wp-json\/wp\/v2\/product_tag?post=30938"}],"curies":[{"name":"wp","href":"https:\/\/api.w.org\/{rel}","templated":true}]}}