{"id":30813,"date":"2023-10-09T14:06:01","date_gmt":"2023-10-09T14:06:01","guid":{"rendered":"https:\/\/curiosidadesedicas.com\/loja\/?post_type=product&#038;p=30813"},"modified":"2025-03-12T09:05:46","modified_gmt":"2025-03-12T09:05:46","slug":"poster-aquecedor","status":"publish","type":"product","link":"https:\/\/curiosidadesedicas.com\/loja\/produto\/poster-aquecedor\/","title":{"rendered":"POSTER AQUECEDOR"},"content":{"rendered":"<table width=\"626\">\n<tbody>\n<tr>\n<td>\u00c1rea total do elemento de aquecimento:<\/td>\n<td>\u00a0De 9 \u00e0 12 metros<\/td>\n<\/tr>\n<tr>\n<td>Tens\u00e3o de opera\u00e7\u00e3o na rede el\u00e9trica:<\/td>\n<td>230 V \/ 50 Hz<\/td>\n<\/tr>\n<tr>\n<td>Pot\u00eancia:<\/td>\n<td>420 W<\/td>\n<\/tr>\n<tr>\n<td>Corrente nominal consumida:<\/td>\n<td>1,8 A<\/td>\n<\/tr>\n<tr>\n<td>Temperatura m\u00e1xima na superf\u00edcie:<\/td>\n<td>70 \u00b0C<\/td>\n<\/tr>\n<tr>\n<td>Peso (sem embalagem):<\/td>\n<td>0,9 kg<\/td>\n<\/tr>\n<tr>\n<td>Tempo para atingir a temperatura de opera\u00e7\u00e3o:<\/td>\n<td>40-60 segundos<\/td>\n<\/tr>\n<tr>\n<td>Tempo de opera\u00e7\u00e3o:<\/td>\n<td>Cont\u00ednuo<\/td>\n<\/tr>\n<tr>\n<td>Categoria de seguran\u00e7a do inv\u00f3lucro externo:<\/td>\n<td>IP20<\/td>\n<\/tr>\n<tr>\n<td>Categoria de seguran\u00e7a el\u00e9trica:<\/td>\n<td>II<\/td>\n<\/tr>\n<tr>\n<td>Tipo de dispositivo:<\/td>\n<td>Montado na parede<\/td>\n<\/tr>\n<tr>\n<td>Dimens\u00f5es:<\/td>\n<td>Altura: 98 x Largura: 57cm<\/td>\n<\/tr>\n<\/tbody>\n<\/table>\n<p><img loading=\"lazy\" decoding=\"async\" class=\"\" src=\"https:\/\/curiosidadesedicas.com\/loja\/wp-content\/uploads\/2023\/10\/21.png\" width=\"1401\" height=\"1401\" \/><\/p>\n<p><img loading=\"lazy\" decoding=\"async\" class=\"\" src=\"https:\/\/curiosidadesedicas.com\/loja\/wp-content\/uploads\/2023\/10\/20.png\" width=\"1399\" height=\"1399\" \/><\/p>\n<p><img loading=\"lazy\" decoding=\"async\" class=\"\" src=\"https:\/\/curiosidadesedicas.com\/loja\/wp-content\/uploads\/2023\/10\/Aquecimento-central.png\" width=\"1398\" height=\"605\" \/><\/p>\n<p><img decoding=\"async\" src=\"https:\/\/curiosidadesedicas.com\/loja\/wp-content\/uploads\/2023\/10\/poster-aquecedor-consumo.png\" \/><\/p>\n","protected":false},"excerpt":{"rendered":"<p>Um poster que tamb\u00e9m \u00e9 um aquecedor! Com um consumo de 420 watts, este aquecedor \u00e9 70% mais econ\u00f3mico que um radiador convencional de 1500 watts!<br \/>\nA sua facilidade de manuseamento permite-lhe simplesmente coloc\u00e1-lo na parede e lig\u00e1-lo \u00e0 corrente.<\/p>\n<p>O painel proporciona calor e conforto t\u00e9rmico no ambiente. Esse efeito \u00e9 alcan\u00e7ado atrav\u00e9s das longas ondas infravermelhas que s\u00e3o geradas ao aquecer a fibra de carbono. A fibra de carbono tem<br \/>\nalta condutividade t\u00e9rmica, o que permite reduzir o consumo de energia el\u00e9trica e, assim, economizar no aquecimento.<\/p>\n<p>Durante o funcionamento, o aquecedor n\u00e3o aquece o pr\u00f3prio ar, mas aquece os objetos ao seu redor e o corpo humano.<\/p>\n<p><b>N\u00e3o\u00a0queima o oxig\u00e9nio, perfeito para quartos.<\/b><\/p>\n<p>O aquecedor de infravermelhos distantes N\u00c3O transporta correntes de poeira do ar que criam problemas respirat\u00f3rios para pessoas com doen\u00e7as respirat\u00f3rias (como asma, bronquite, alergias, etc.), devido \u00e0 sua carater\u00edstica de n\u00e3o ter contacto do elemento de aquecimento com o ar (\u00e9 hermeticamente coberto com pel\u00edcula), por isso, n\u00e3o precisa de oxig\u00e9nio para aquecer (como muitos aquecedores normais fazem). Assim, tem ar limpo na divis\u00e3o e n\u00e3o tem de abrir as janelas com frequ\u00eancia para deixar entrar o oxig\u00e9nio, o que, naturalmente, tender\u00e1 para a perda de calor.<\/p>\n<p>\u25cf Tecnologia de aquecimento inovadora<br \/>\n\u25cf Possibilidade de criar aquecimento por zonas<br \/>\n\u25cf Economiza energia devido ao baixo consumo de energia<br \/>\n\u25cf Aquecimento uniforme gra\u00e7as \u00e0s longas ondas t\u00e9rmicas<br \/>\n\u25cf Funcionamento completamente silencioso<br \/>\n\u25cf Resistente \u00e0 humidade<br \/>\n\u25cf Seguro para pessoas e animais, possui certifica\u00e7\u00e3o CE<\/p>\n<p>Aquece diretamente as pessoas, objetos, paredes e o ch\u00e3o, tornando o calor percet\u00edvel logo ap\u00f3s ligar e mantendo-se por mais tempo. A fibra de carbono tem alta condutividade t\u00e9rmica, o que permite reduzir o consumo de energia el\u00e9trica e, assim, economizar no aquecimento.<\/p>\n<p>O Poster Aquecedor possui fus\u00edveis t\u00e9rmicos que impedem que aque\u00e7a acima de 70 \u00b0C. Dessa forma, ele se autorregula, mantendo a temperatura no ambiente entre 22 \u00b0C e 24 \u00b0C, desligando-se quando aquece demais, fazendo uma pausa e ligando novamente.<\/p>\n<p>Veja aqui a <a href=\"https:\/\/curiosidadesedicas.com\/loja\/wp-content\/uploads\/2023\/10\/COMPARACAO-DE-POSTER-AQUECEDOR-VS-AQUECEDORES-POR-CONVECCAO-1.pdf\"><strong>COMPARA\u00c7\u00c3O DE POSTER AQUECEDOR VS AQUECEDORES POR CONVEC\u00c7\u00c3O<\/strong><\/a>.<\/p>\n<h4><strong>Dispon\u00edvel:\u00a0 entrega 24\/48 horas (salvo rotura de stock) para ilhas at\u00e9 8 dias \u00fateis<\/strong><\/h4>\n<p>&nbsp;<\/p>\n","protected":false},"featured_media":34121,"comment_status":"open","ping_status":"closed","template":"","meta":{"_glsr_average":0,"_glsr_ranking":0,"_glsr_reviews":0},"product_brand":[],"product_cat":[368,479,478,365],"product_tag":[],"class_list":{"0":"post-30813","1":"product","2":"type-product","3":"status-publish","4":"has-post-thumbnail","6":"product_cat-aquecimento","7":"product_cat-casa","8":"product_cat-lareiras-eletricas","9":"product_cat-para-o-lar","11":"first","12":"instock","13":"taxable","14":"shipping-taxable","15":"purchasable","16":"product-type-variable"},"yoast_head":"<!-- This site is optimized with the Yoast SEO plugin v26.8 - https:\/\/yoast.com\/product\/yoast-seo-wordpress\/ -->\n<title>POSTER AQUECEDOR - Curiosidades &amp; Dicas, Lda<\/title>\n<meta name=\"robots\" content=\"index, follow, max-snippet:-1, max-image-preview:large, max-video-preview:-1\" \/>\n<link rel=\"canonical\" href=\"https:\/\/curiosidadesedicas.com\/loja\/produto\/poster-aquecedor\/\" \/>\n<meta property=\"og:locale\" content=\"pt_PT\" \/>\n<meta property=\"og:type\" content=\"article\" \/>\n<meta property=\"og:title\" content=\"POSTER AQUECEDOR - Curiosidades &amp; Dicas, Lda\" \/>\n<meta property=\"og:description\" content=\"Um poster que tamb\u00e9m \u00e9 um aquecedor! Com um consumo de 420 watts, este aquecedor \u00e9 70% mais econ\u00f3mico que um radiador convencional de 1500 watts! A sua facilidade de manuseamento permite-lhe simplesmente coloc\u00e1-lo na parede e lig\u00e1-lo \u00e0 corrente.  O painel proporciona calor e conforto t\u00e9rmico no ambiente. Esse efeito \u00e9 alcan\u00e7ado atrav\u00e9s das longas ondas infravermelhas que s\u00e3o geradas ao aquecer a fibra de carbono. A fibra de carbono tem alta condutividade t\u00e9rmica, o que permite reduzir o consumo de energia el\u00e9trica e, assim, economizar no aquecimento.  Durante o funcionamento, o aquecedor n\u00e3o aquece o pr\u00f3prio ar, mas aquece os objetos ao seu redor e o corpo humano.  N\u00e3o\u00a0queima o oxig\u00e9nio, perfeito para quartos.  O aquecedor de infravermelhos distantes N\u00c3O transporta correntes de poeira do ar que criam problemas respirat\u00f3rios para pessoas com doen\u00e7as respirat\u00f3rias (como asma, bronquite, alergias, etc.), devido \u00e0 sua carater\u00edstica de n\u00e3o ter contacto do elemento de aquecimento com o ar (\u00e9 hermeticamente coberto com pel\u00edcula), por isso, n\u00e3o precisa de oxig\u00e9nio para aquecer (como muitos aquecedores normais fazem). Assim, tem ar limpo na divis\u00e3o e n\u00e3o tem de abrir as janelas com frequ\u00eancia para deixar entrar o oxig\u00e9nio, o que, naturalmente, tender\u00e1 para a perda de calor.  \u25cf Tecnologia de aquecimento inovadora \u25cf Possibilidade de criar aquecimento por zonas \u25cf Economiza energia devido ao baixo consumo de energia \u25cf Aquecimento uniforme gra\u00e7as \u00e0s longas ondas t\u00e9rmicas \u25cf Funcionamento completamente silencioso \u25cf Resistente \u00e0 humidade \u25cf Seguro para pessoas e animais, possui certifica\u00e7\u00e3o CE  Aquece diretamente as pessoas, objetos, paredes e o ch\u00e3o, tornando o calor percet\u00edvel logo ap\u00f3s ligar e mantendo-se por mais tempo. A fibra de carbono tem alta condutividade t\u00e9rmica, o que permite reduzir o consumo de energia el\u00e9trica e, assim, economizar no aquecimento.  O Poster Aquecedor possui fus\u00edveis t\u00e9rmicos que impedem que aque\u00e7a acima de 70 \u00b0C. Dessa forma, ele se autorregula, mantendo a temperatura no ambiente entre 22 \u00b0C e 24 \u00b0C, desligando-se quando aquece demais, fazendo uma pausa e ligando novamente.  Veja aqui a COMPARA\u00c7\u00c3O DE POSTER AQUECEDOR VS AQUECEDORES POR CONVEC\u00c7\u00c3O. Dispon\u00edvel:\u00a0 entrega 24\/48 horas (salvo rotura de stock) para ilhas at\u00e9 8 dias \u00fateis &nbsp;\" \/>\n<meta property=\"og:url\" content=\"https:\/\/curiosidadesedicas.com\/loja\/produto\/poster-aquecedor\/\" \/>\n<meta property=\"og:site_name\" content=\"Curiosidades &amp; Dicas, Lda\" \/>\n<meta property=\"article:modified_time\" content=\"2025-03-12T09:05:46+00:00\" \/>\n<meta property=\"og:image\" content=\"https:\/\/curiosidadesedicas.com\/loja\/wp-content\/uploads\/2023\/10\/IMG_20231124_210849-1-scaled.jpg\" \/>\n\t<meta property=\"og:image:width\" content=\"2560\" \/>\n\t<meta property=\"og:image:height\" content=\"2560\" \/>\n\t<meta property=\"og:image:type\" content=\"image\/jpeg\" \/>\n<meta name=\"twitter:card\" content=\"summary_large_image\" \/>\n<meta name=\"twitter:label1\" content=\"Tempo estimado de leitura\" \/>\n\t<meta name=\"twitter:data1\" content=\"2 minutos\" \/>\n<script type=\"application\/ld+json\" class=\"yoast-schema-graph\">{\"@context\":\"https:\/\/schema.org\",\"@graph\":[{\"@type\":\"WebPage\",\"@id\":\"https:\/\/curiosidadesedicas.com\/loja\/produto\/poster-aquecedor\/\",\"url\":\"https:\/\/curiosidadesedicas.com\/loja\/produto\/poster-aquecedor\/\",\"name\":\"POSTER AQUECEDOR - Curiosidades &amp; Dicas, Lda\",\"isPartOf\":{\"@id\":\"https:\/\/curiosidadesedicas.com\/loja\/#website\"},\"primaryImageOfPage\":{\"@id\":\"https:\/\/curiosidadesedicas.com\/loja\/produto\/poster-aquecedor\/#primaryimage\"},\"image\":{\"@id\":\"https:\/\/curiosidadesedicas.com\/loja\/produto\/poster-aquecedor\/#primaryimage\"},\"thumbnailUrl\":\"https:\/\/curiosidadesedicas.com\/loja\/wp-content\/uploads\/2023\/10\/IMG_20231124_210849-1-scaled.jpg\",\"datePublished\":\"2023-10-09T14:06:01+00:00\",\"dateModified\":\"2025-03-12T09:05:46+00:00\",\"breadcrumb\":{\"@id\":\"https:\/\/curiosidadesedicas.com\/loja\/produto\/poster-aquecedor\/#breadcrumb\"},\"inLanguage\":\"pt-PT\",\"potentialAction\":[{\"@type\":\"ReadAction\",\"target\":[\"https:\/\/curiosidadesedicas.com\/loja\/produto\/poster-aquecedor\/\"]}]},{\"@type\":\"ImageObject\",\"inLanguage\":\"pt-PT\",\"@id\":\"https:\/\/curiosidadesedicas.com\/loja\/produto\/poster-aquecedor\/#primaryimage\",\"url\":\"https:\/\/curiosidadesedicas.com\/loja\/wp-content\/uploads\/2023\/10\/IMG_20231124_210849-1-scaled.jpg\",\"contentUrl\":\"https:\/\/curiosidadesedicas.com\/loja\/wp-content\/uploads\/2023\/10\/IMG_20231124_210849-1-scaled.jpg\",\"width\":2560,\"height\":2560},{\"@type\":\"BreadcrumbList\",\"@id\":\"https:\/\/curiosidadesedicas.com\/loja\/produto\/poster-aquecedor\/#breadcrumb\",\"itemListElement\":[{\"@type\":\"ListItem\",\"position\":1,\"name\":\"In\u00edcio\",\"item\":\"https:\/\/curiosidadesedicas.com\/loja\/\"},{\"@type\":\"ListItem\",\"position\":2,\"name\":\"Produtos\",\"item\":\"https:\/\/curiosidadesedicas.com\/loja\/produtos\/\"},{\"@type\":\"ListItem\",\"position\":3,\"name\":\"POSTER AQUECEDOR\"}]},{\"@type\":\"WebSite\",\"@id\":\"https:\/\/curiosidadesedicas.com\/loja\/#website\",\"url\":\"https:\/\/curiosidadesedicas.com\/loja\/\",\"name\":\"Curiosidades &amp; Dicas, Lda\",\"description\":\"Apaixonados Por Inova\u00e7\u00e3o\",\"publisher\":{\"@id\":\"https:\/\/curiosidadesedicas.com\/loja\/#organization\"},\"potentialAction\":[{\"@type\":\"SearchAction\",\"target\":{\"@type\":\"EntryPoint\",\"urlTemplate\":\"https:\/\/curiosidadesedicas.com\/loja\/?s={search_term_string}\"},\"query-input\":{\"@type\":\"PropertyValueSpecification\",\"valueRequired\":true,\"valueName\":\"search_term_string\"}}],\"inLanguage\":\"pt-PT\"},{\"@type\":\"Organization\",\"@id\":\"https:\/\/curiosidadesedicas.com\/loja\/#organization\",\"name\":\"Curiosidades & Dicas\",\"url\":\"https:\/\/curiosidadesedicas.com\/loja\/\",\"logo\":{\"@type\":\"ImageObject\",\"inLanguage\":\"pt-PT\",\"@id\":\"https:\/\/curiosidadesedicas.com\/loja\/#\/schema\/logo\/image\/\",\"url\":\"https:\/\/curiosidadesedicas.com\/loja\/wp-content\/uploads\/2020\/05\/LogoCuriosidadesSimples.png\",\"contentUrl\":\"https:\/\/curiosidadesedicas.com\/loja\/wp-content\/uploads\/2020\/05\/LogoCuriosidadesSimples.png\",\"width\":3528,\"height\":804,\"caption\":\"Curiosidades & Dicas\"},\"image\":{\"@id\":\"https:\/\/curiosidadesedicas.com\/loja\/#\/schema\/logo\/image\/\"}}]}<\/script>\n<!-- \/ Yoast SEO plugin. -->","yoast_head_json":{"title":"POSTER AQUECEDOR - Curiosidades &amp; Dicas, Lda","robots":{"index":"index","follow":"follow","max-snippet":"max-snippet:-1","max-image-preview":"max-image-preview:large","max-video-preview":"max-video-preview:-1"},"canonical":"https:\/\/curiosidadesedicas.com\/loja\/produto\/poster-aquecedor\/","og_locale":"pt_PT","og_type":"article","og_title":"POSTER AQUECEDOR - Curiosidades &amp; Dicas, Lda","og_description":"Um poster que tamb\u00e9m \u00e9 um aquecedor! Com um consumo de 420 watts, este aquecedor \u00e9 70% mais econ\u00f3mico que um radiador convencional de 1500 watts! A sua facilidade de manuseamento permite-lhe simplesmente coloc\u00e1-lo na parede e lig\u00e1-lo \u00e0 corrente.  O painel proporciona calor e conforto t\u00e9rmico no ambiente. Esse efeito \u00e9 alcan\u00e7ado atrav\u00e9s das longas ondas infravermelhas que s\u00e3o geradas ao aquecer a fibra de carbono. A fibra de carbono tem alta condutividade t\u00e9rmica, o que permite reduzir o consumo de energia el\u00e9trica e, assim, economizar no aquecimento.  Durante o funcionamento, o aquecedor n\u00e3o aquece o pr\u00f3prio ar, mas aquece os objetos ao seu redor e o corpo humano.  N\u00e3o\u00a0queima o oxig\u00e9nio, perfeito para quartos.  O aquecedor de infravermelhos distantes N\u00c3O transporta correntes de poeira do ar que criam problemas respirat\u00f3rios para pessoas com doen\u00e7as respirat\u00f3rias (como asma, bronquite, alergias, etc.), devido \u00e0 sua carater\u00edstica de n\u00e3o ter contacto do elemento de aquecimento com o ar (\u00e9 hermeticamente coberto com pel\u00edcula), por isso, n\u00e3o precisa de oxig\u00e9nio para aquecer (como muitos aquecedores normais fazem). Assim, tem ar limpo na divis\u00e3o e n\u00e3o tem de abrir as janelas com frequ\u00eancia para deixar entrar o oxig\u00e9nio, o que, naturalmente, tender\u00e1 para a perda de calor.  \u25cf Tecnologia de aquecimento inovadora \u25cf Possibilidade de criar aquecimento por zonas \u25cf Economiza energia devido ao baixo consumo de energia \u25cf Aquecimento uniforme gra\u00e7as \u00e0s longas ondas t\u00e9rmicas \u25cf Funcionamento completamente silencioso \u25cf Resistente \u00e0 humidade \u25cf Seguro para pessoas e animais, possui certifica\u00e7\u00e3o CE  Aquece diretamente as pessoas, objetos, paredes e o ch\u00e3o, tornando o calor percet\u00edvel logo ap\u00f3s ligar e mantendo-se por mais tempo. A fibra de carbono tem alta condutividade t\u00e9rmica, o que permite reduzir o consumo de energia el\u00e9trica e, assim, economizar no aquecimento.  O Poster Aquecedor possui fus\u00edveis t\u00e9rmicos que impedem que aque\u00e7a acima de 70 \u00b0C. Dessa forma, ele se autorregula, mantendo a temperatura no ambiente entre 22 \u00b0C e 24 \u00b0C, desligando-se quando aquece demais, fazendo uma pausa e ligando novamente.  Veja aqui a COMPARA\u00c7\u00c3O DE POSTER AQUECEDOR VS AQUECEDORES POR CONVEC\u00c7\u00c3O. Dispon\u00edvel:\u00a0 entrega 24\/48 horas (salvo rotura de stock) para ilhas at\u00e9 8 dias \u00fateis &nbsp;","og_url":"https:\/\/curiosidadesedicas.com\/loja\/produto\/poster-aquecedor\/","og_site_name":"Curiosidades &amp; Dicas, Lda","article_modified_time":"2025-03-12T09:05:46+00:00","og_image":[{"width":2560,"height":2560,"url":"https:\/\/curiosidadesedicas.com\/loja\/wp-content\/uploads\/2023\/10\/IMG_20231124_210849-1-scaled.jpg","type":"image\/jpeg"}],"twitter_card":"summary_large_image","twitter_misc":{"Tempo estimado de leitura":"2 minutos"},"schema":{"@context":"https:\/\/schema.org","@graph":[{"@type":"WebPage","@id":"https:\/\/curiosidadesedicas.com\/loja\/produto\/poster-aquecedor\/","url":"https:\/\/curiosidadesedicas.com\/loja\/produto\/poster-aquecedor\/","name":"POSTER AQUECEDOR - Curiosidades &amp; Dicas, Lda","isPartOf":{"@id":"https:\/\/curiosidadesedicas.com\/loja\/#website"},"primaryImageOfPage":{"@id":"https:\/\/curiosidadesedicas.com\/loja\/produto\/poster-aquecedor\/#primaryimage"},"image":{"@id":"https:\/\/curiosidadesedicas.com\/loja\/produto\/poster-aquecedor\/#primaryimage"},"thumbnailUrl":"https:\/\/curiosidadesedicas.com\/loja\/wp-content\/uploads\/2023\/10\/IMG_20231124_210849-1-scaled.jpg","datePublished":"2023-10-09T14:06:01+00:00","dateModified":"2025-03-12T09:05:46+00:00","breadcrumb":{"@id":"https:\/\/curiosidadesedicas.com\/loja\/produto\/poster-aquecedor\/#breadcrumb"},"inLanguage":"pt-PT","potentialAction":[{"@type":"ReadAction","target":["https:\/\/curiosidadesedicas.com\/loja\/produto\/poster-aquecedor\/"]}]},{"@type":"ImageObject","inLanguage":"pt-PT","@id":"https:\/\/curiosidadesedicas.com\/loja\/produto\/poster-aquecedor\/#primaryimage","url":"https:\/\/curiosidadesedicas.com\/loja\/wp-content\/uploads\/2023\/10\/IMG_20231124_210849-1-scaled.jpg","contentUrl":"https:\/\/curiosidadesedicas.com\/loja\/wp-content\/uploads\/2023\/10\/IMG_20231124_210849-1-scaled.jpg","width":2560,"height":2560},{"@type":"BreadcrumbList","@id":"https:\/\/curiosidadesedicas.com\/loja\/produto\/poster-aquecedor\/#breadcrumb","itemListElement":[{"@type":"ListItem","position":1,"name":"In\u00edcio","item":"https:\/\/curiosidadesedicas.com\/loja\/"},{"@type":"ListItem","position":2,"name":"Produtos","item":"https:\/\/curiosidadesedicas.com\/loja\/produtos\/"},{"@type":"ListItem","position":3,"name":"POSTER AQUECEDOR"}]},{"@type":"WebSite","@id":"https:\/\/curiosidadesedicas.com\/loja\/#website","url":"https:\/\/curiosidadesedicas.com\/loja\/","name":"Curiosidades &amp; Dicas, Lda","description":"Apaixonados Por Inova\u00e7\u00e3o","publisher":{"@id":"https:\/\/curiosidadesedicas.com\/loja\/#organization"},"potentialAction":[{"@type":"SearchAction","target":{"@type":"EntryPoint","urlTemplate":"https:\/\/curiosidadesedicas.com\/loja\/?s={search_term_string}"},"query-input":{"@type":"PropertyValueSpecification","valueRequired":true,"valueName":"search_term_string"}}],"inLanguage":"pt-PT"},{"@type":"Organization","@id":"https:\/\/curiosidadesedicas.com\/loja\/#organization","name":"Curiosidades & Dicas","url":"https:\/\/curiosidadesedicas.com\/loja\/","logo":{"@type":"ImageObject","inLanguage":"pt-PT","@id":"https:\/\/curiosidadesedicas.com\/loja\/#\/schema\/logo\/image\/","url":"https:\/\/curiosidadesedicas.com\/loja\/wp-content\/uploads\/2020\/05\/LogoCuriosidadesSimples.png","contentUrl":"https:\/\/curiosidadesedicas.com\/loja\/wp-content\/uploads\/2020\/05\/LogoCuriosidadesSimples.png","width":3528,"height":804,"caption":"Curiosidades & Dicas"},"image":{"@id":"https:\/\/curiosidadesedicas.com\/loja\/#\/schema\/logo\/image\/"}}]}},"_links":{"self":[{"href":"https:\/\/curiosidadesedicas.com\/loja\/wp-json\/wp\/v2\/product\/30813","targetHints":{"allow":["GET"]}}],"collection":[{"href":"https:\/\/curiosidadesedicas.com\/loja\/wp-json\/wp\/v2\/product"}],"about":[{"href":"https:\/\/curiosidadesedicas.com\/loja\/wp-json\/wp\/v2\/types\/product"}],"replies":[{"embeddable":true,"href":"https:\/\/curiosidadesedicas.com\/loja\/wp-json\/wp\/v2\/comments?post=30813"}],"wp:featuredmedia":[{"embeddable":true,"href":"https:\/\/curiosidadesedicas.com\/loja\/wp-json\/wp\/v2\/media\/34121"}],"wp:attachment":[{"href":"https:\/\/curiosidadesedicas.com\/loja\/wp-json\/wp\/v2\/media?parent=30813"}],"wp:term":[{"taxonomy":"product_brand","embeddable":true,"href":"https:\/\/curiosidadesedicas.com\/loja\/wp-json\/wp\/v2\/product_brand?post=30813"},{"taxonomy":"product_cat","embeddable":true,"href":"https:\/\/curiosidadesedicas.com\/loja\/wp-json\/wp\/v2\/product_cat?post=30813"},{"taxonomy":"product_tag","embeddable":true,"href":"https:\/\/curiosidadesedicas.com\/loja\/wp-json\/wp\/v2\/product_tag?post=30813"}],"curies":[{"name":"wp","href":"https:\/\/api.w.org\/{rel}","templated":true}]}}