{"id":30735,"date":"2023-10-06T14:54:50","date_gmt":"2023-10-06T14:54:50","guid":{"rendered":"https:\/\/curiosidadesedicas.com\/loja\/?post_type=product&#038;p=30735"},"modified":"2025-03-12T09:06:26","modified_gmt":"2025-03-12T09:06:26","slug":"mesa-auxiliar-dobravel-de-bambu-lapwood","status":"publish","type":"product","link":"https:\/\/curiosidadesedicas.com\/loja\/produto\/mesa-auxiliar-dobravel-de-bambu-lapwood\/","title":{"rendered":"MESA AUXILIAR DOBR\u00c1VEL DE BAMBU LAPWOOD"},"content":{"rendered":"<p>Uma mesa auxiliar de bambu vers\u00e1til e f\u00e1cil de dobrar e guardar, que ser\u00e1 muito \u00fatil para ler, escrever, comer ou trabalhar no port\u00e1til, enquanto est\u00e1 sentado no sof\u00e1, na cama, no ch\u00e3o, etc.<\/p>\n<ul>\n<li>Material: Bambu<\/li>\n<li>Cor: Bege<\/li>\n<li>Tipo: Mesa Dobr\u00e1vel<\/li>\n<li>Design moderno: Inovador e funcional<\/li>\n<li>Inclui: Gaveta e suporte para copos<\/li>\n<li>Pernas dobr\u00e1veis e extens\u00edveis: Ganho de espa\u00e7o<\/li>\n<li>Suporte de seguran\u00e7a para dispositivos: Apoio est\u00e1vel<\/li>\n<li>Inclina\u00e7\u00e3o: 5 Posi\u00e7\u00f5es<\/li>\n<\/ul>\n<p><img loading=\"lazy\" decoding=\"async\" class=\"\" src=\"https:\/\/curiosidadesedicas.com\/loja\/wp-content\/uploads\/2023\/10\/mesa-auxiliar-dobravel-de-bambu-lapwood-innovagoods_118538-6.jpg\" width=\"498\" height=\"498\" \/><\/p>\n<ul>\n<li>Altura ajust\u00e1vel aprox.: 21-27 cm<\/li>\n<li>Leve e male\u00e1vel: F\u00e1cil de transportar e de guardar<\/li>\n<li>Tabuleiro dividido em duas partes:\n<ul>\n<li>parte esquerda inclin\u00e1vel para tablets, port\u00e1teis, etc.<\/li>\n<li>parte direita fixa para o rato, copos, etc.<\/li>\n<\/ul>\n<\/li>\n<li>Medidas aprox.: 53,5 x 21-27 x 34 cm<\/li>\n<li>Medidas aprox. dobrado: 53,5 x 4,5 x 34 cm<\/li>\n<\/ul>\n<p>&nbsp;<\/p>\n<p>&nbsp;<\/p>\n<p>&nbsp;<\/p>\n","protected":false},"excerpt":{"rendered":"<p>Uma mesa auxiliar de bambu vers\u00e1til e f\u00e1cil de dobrar e guardar, que ser\u00e1 muito \u00fatil para ler, escrever, comer ou trabalhar no port\u00e1til, enquanto est\u00e1 sentado no sof\u00e1, na cama, no ch\u00e3o, etc.<\/p>\n<ul>\n<li>Material: Bambu<\/li>\n<li>Cor: Bege<\/li>\n<li>Tipo: Mesa Dobr\u00e1vel<\/li>\n<li>Design moderno: Inovador e funcional<\/li>\n<li>Inclui: Gaveta e suporte para copos<\/li>\n<li>Pernas dobr\u00e1veis e extens\u00edveis: Ganho de espa\u00e7o<\/li>\n<li>Suporte de seguran\u00e7a para dispositivos: Apoio est\u00e1vel<\/li>\n<li>Inclina\u00e7\u00e3o: 5 Posi\u00e7\u00f5es<\/li>\n<li>Altura ajust\u00e1vel aprox.: 21-27 cm<\/li>\n<li>Leve e male\u00e1vel: F\u00e1cil de transportar e de guardar<\/li>\n<li>Tabuleiro dividido em duas partes:\n<ul>\n<li>parte esquerda inclin\u00e1vel para tablets, port\u00e1teis, etc.<\/li>\n<li>parte direita fixa para o rato, copos, etc.<\/li>\n<\/ul>\n<\/li>\n<li>Medidas aprox.: 53,5 x 21-27 x 34 cm<\/li>\n<li>Medidas aprox. dobrado: 53,5 x 4,5 x 34 cm<\/li>\n<\/ul>\n","protected":false},"featured_media":30747,"comment_status":"open","ping_status":"closed","template":"","meta":{"_glsr_average":0,"_glsr_ranking":0,"_glsr_reviews":0},"product_brand":[],"product_cat":[350,422,365,421],"product_tag":[],"class_list":{"0":"post-30735","1":"product","2":"type-product","3":"status-publish","4":"has-post-thumbnail","6":"product_cat-gadgets","7":"product_cat-p-portatil","8":"product_cat-para-o-lar","9":"product_cat-arrumacao","11":"first","12":"instock","13":"taxable","14":"shipping-taxable","15":"purchasable","16":"product-type-simple"},"yoast_head":"<!-- This site is optimized with the Yoast SEO plugin v26.8 - https:\/\/yoast.com\/product\/yoast-seo-wordpress\/ -->\n<title>MESA AUXILIAR DOBR\u00c1VEL DE BAMBU LAPWOOD - Curiosidades &amp; Dicas, Lda<\/title>\n<meta name=\"robots\" content=\"index, follow, max-snippet:-1, max-image-preview:large, max-video-preview:-1\" \/>\n<link rel=\"canonical\" href=\"https:\/\/curiosidadesedicas.com\/loja\/produto\/mesa-auxiliar-dobravel-de-bambu-lapwood\/\" \/>\n<meta property=\"og:locale\" content=\"pt_PT\" \/>\n<meta property=\"og:type\" content=\"article\" \/>\n<meta property=\"og:title\" content=\"MESA AUXILIAR DOBR\u00c1VEL DE BAMBU LAPWOOD - Curiosidades &amp; Dicas, Lda\" \/>\n<meta property=\"og:description\" content=\"Uma mesa auxiliar de bambu vers\u00e1til e f\u00e1cil de dobrar e guardar, que ser\u00e1 muito \u00fatil para ler, escrever, comer ou trabalhar no port\u00e1til, enquanto est\u00e1 sentado no sof\u00e1, na cama, no ch\u00e3o, etc.   Material: Bambu  Cor: Bege  Tipo: Mesa Dobr\u00e1vel  Design moderno: Inovador e funcional  Inclui: Gaveta e suporte para copos  Pernas dobr\u00e1veis e extens\u00edveis: Ganho de espa\u00e7o  Suporte de seguran\u00e7a para dispositivos: Apoio est\u00e1vel  Inclina\u00e7\u00e3o: 5 Posi\u00e7\u00f5es  Altura ajust\u00e1vel aprox.: 21-27 cm  Leve e male\u00e1vel: F\u00e1cil de transportar e de guardar  Tabuleiro dividido em duas partes:   parte esquerda inclin\u00e1vel para tablets, port\u00e1teis, etc.  parte direita fixa para o rato, copos, etc.    Medidas aprox.: 53,5 x 21-27 x 34 cm  Medidas aprox. dobrado: 53,5 x 4,5 x 34 cm\" \/>\n<meta property=\"og:url\" content=\"https:\/\/curiosidadesedicas.com\/loja\/produto\/mesa-auxiliar-dobravel-de-bambu-lapwood\/\" \/>\n<meta property=\"og:site_name\" content=\"Curiosidades &amp; Dicas, Lda\" \/>\n<meta property=\"article:modified_time\" content=\"2025-03-12T09:06:26+00:00\" \/>\n<meta property=\"og:image\" content=\"https:\/\/curiosidadesedicas.com\/loja\/wp-content\/uploads\/2023\/10\/mesa-auxiliar-dobravel-de-bambu-lapwood-innovagoods_118538.jpg\" \/>\n\t<meta property=\"og:image:width\" content=\"600\" \/>\n\t<meta property=\"og:image:height\" content=\"600\" \/>\n\t<meta property=\"og:image:type\" content=\"image\/jpeg\" \/>\n<meta name=\"twitter:card\" content=\"summary_large_image\" \/>\n<meta name=\"twitter:label1\" content=\"Tempo estimado de leitura\" \/>\n\t<meta name=\"twitter:data1\" content=\"1 minuto\" \/>\n<script type=\"application\/ld+json\" class=\"yoast-schema-graph\">{\"@context\":\"https:\/\/schema.org\",\"@graph\":[{\"@type\":\"WebPage\",\"@id\":\"https:\/\/curiosidadesedicas.com\/loja\/produto\/mesa-auxiliar-dobravel-de-bambu-lapwood\/\",\"url\":\"https:\/\/curiosidadesedicas.com\/loja\/produto\/mesa-auxiliar-dobravel-de-bambu-lapwood\/\",\"name\":\"MESA AUXILIAR DOBR\u00c1VEL DE BAMBU LAPWOOD - Curiosidades &amp; Dicas, Lda\",\"isPartOf\":{\"@id\":\"https:\/\/curiosidadesedicas.com\/loja\/#website\"},\"primaryImageOfPage\":{\"@id\":\"https:\/\/curiosidadesedicas.com\/loja\/produto\/mesa-auxiliar-dobravel-de-bambu-lapwood\/#primaryimage\"},\"image\":{\"@id\":\"https:\/\/curiosidadesedicas.com\/loja\/produto\/mesa-auxiliar-dobravel-de-bambu-lapwood\/#primaryimage\"},\"thumbnailUrl\":\"https:\/\/curiosidadesedicas.com\/loja\/wp-content\/uploads\/2023\/10\/mesa-auxiliar-dobravel-de-bambu-lapwood-innovagoods_118538.jpg\",\"datePublished\":\"2023-10-06T14:54:50+00:00\",\"dateModified\":\"2025-03-12T09:06:26+00:00\",\"breadcrumb\":{\"@id\":\"https:\/\/curiosidadesedicas.com\/loja\/produto\/mesa-auxiliar-dobravel-de-bambu-lapwood\/#breadcrumb\"},\"inLanguage\":\"pt-PT\",\"potentialAction\":[{\"@type\":\"ReadAction\",\"target\":[\"https:\/\/curiosidadesedicas.com\/loja\/produto\/mesa-auxiliar-dobravel-de-bambu-lapwood\/\"]}]},{\"@type\":\"ImageObject\",\"inLanguage\":\"pt-PT\",\"@id\":\"https:\/\/curiosidadesedicas.com\/loja\/produto\/mesa-auxiliar-dobravel-de-bambu-lapwood\/#primaryimage\",\"url\":\"https:\/\/curiosidadesedicas.com\/loja\/wp-content\/uploads\/2023\/10\/mesa-auxiliar-dobravel-de-bambu-lapwood-innovagoods_118538.jpg\",\"contentUrl\":\"https:\/\/curiosidadesedicas.com\/loja\/wp-content\/uploads\/2023\/10\/mesa-auxiliar-dobravel-de-bambu-lapwood-innovagoods_118538.jpg\",\"width\":600,\"height\":600},{\"@type\":\"BreadcrumbList\",\"@id\":\"https:\/\/curiosidadesedicas.com\/loja\/produto\/mesa-auxiliar-dobravel-de-bambu-lapwood\/#breadcrumb\",\"itemListElement\":[{\"@type\":\"ListItem\",\"position\":1,\"name\":\"In\u00edcio\",\"item\":\"https:\/\/curiosidadesedicas.com\/loja\/\"},{\"@type\":\"ListItem\",\"position\":2,\"name\":\"Produtos\",\"item\":\"https:\/\/curiosidadesedicas.com\/loja\/produtos\/\"},{\"@type\":\"ListItem\",\"position\":3,\"name\":\"MESA AUXILIAR DOBR\u00c1VEL DE BAMBU LAPWOOD\"}]},{\"@type\":\"WebSite\",\"@id\":\"https:\/\/curiosidadesedicas.com\/loja\/#website\",\"url\":\"https:\/\/curiosidadesedicas.com\/loja\/\",\"name\":\"Curiosidades &amp; Dicas, Lda\",\"description\":\"Apaixonados Por Inova\u00e7\u00e3o\",\"publisher\":{\"@id\":\"https:\/\/curiosidadesedicas.com\/loja\/#organization\"},\"potentialAction\":[{\"@type\":\"SearchAction\",\"target\":{\"@type\":\"EntryPoint\",\"urlTemplate\":\"https:\/\/curiosidadesedicas.com\/loja\/?s={search_term_string}\"},\"query-input\":{\"@type\":\"PropertyValueSpecification\",\"valueRequired\":true,\"valueName\":\"search_term_string\"}}],\"inLanguage\":\"pt-PT\"},{\"@type\":\"Organization\",\"@id\":\"https:\/\/curiosidadesedicas.com\/loja\/#organization\",\"name\":\"Curiosidades & Dicas\",\"url\":\"https:\/\/curiosidadesedicas.com\/loja\/\",\"logo\":{\"@type\":\"ImageObject\",\"inLanguage\":\"pt-PT\",\"@id\":\"https:\/\/curiosidadesedicas.com\/loja\/#\/schema\/logo\/image\/\",\"url\":\"https:\/\/curiosidadesedicas.com\/loja\/wp-content\/uploads\/2020\/05\/LogoCuriosidadesSimples.png\",\"contentUrl\":\"https:\/\/curiosidadesedicas.com\/loja\/wp-content\/uploads\/2020\/05\/LogoCuriosidadesSimples.png\",\"width\":3528,\"height\":804,\"caption\":\"Curiosidades & Dicas\"},\"image\":{\"@id\":\"https:\/\/curiosidadesedicas.com\/loja\/#\/schema\/logo\/image\/\"}}]}<\/script>\n<!-- \/ Yoast SEO plugin. -->","yoast_head_json":{"title":"MESA AUXILIAR DOBR\u00c1VEL DE BAMBU LAPWOOD - Curiosidades &amp; Dicas, Lda","robots":{"index":"index","follow":"follow","max-snippet":"max-snippet:-1","max-image-preview":"max-image-preview:large","max-video-preview":"max-video-preview:-1"},"canonical":"https:\/\/curiosidadesedicas.com\/loja\/produto\/mesa-auxiliar-dobravel-de-bambu-lapwood\/","og_locale":"pt_PT","og_type":"article","og_title":"MESA AUXILIAR DOBR\u00c1VEL DE BAMBU LAPWOOD - Curiosidades &amp; Dicas, Lda","og_description":"Uma mesa auxiliar de bambu vers\u00e1til e f\u00e1cil de dobrar e guardar, que ser\u00e1 muito \u00fatil para ler, escrever, comer ou trabalhar no port\u00e1til, enquanto est\u00e1 sentado no sof\u00e1, na cama, no ch\u00e3o, etc.   Material: Bambu  Cor: Bege  Tipo: Mesa Dobr\u00e1vel  Design moderno: Inovador e funcional  Inclui: Gaveta e suporte para copos  Pernas dobr\u00e1veis e extens\u00edveis: Ganho de espa\u00e7o  Suporte de seguran\u00e7a para dispositivos: Apoio est\u00e1vel  Inclina\u00e7\u00e3o: 5 Posi\u00e7\u00f5es  Altura ajust\u00e1vel aprox.: 21-27 cm  Leve e male\u00e1vel: F\u00e1cil de transportar e de guardar  Tabuleiro dividido em duas partes:   parte esquerda inclin\u00e1vel para tablets, port\u00e1teis, etc.  parte direita fixa para o rato, copos, etc.    Medidas aprox.: 53,5 x 21-27 x 34 cm  Medidas aprox. dobrado: 53,5 x 4,5 x 34 cm","og_url":"https:\/\/curiosidadesedicas.com\/loja\/produto\/mesa-auxiliar-dobravel-de-bambu-lapwood\/","og_site_name":"Curiosidades &amp; Dicas, Lda","article_modified_time":"2025-03-12T09:06:26+00:00","og_image":[{"width":600,"height":600,"url":"https:\/\/curiosidadesedicas.com\/loja\/wp-content\/uploads\/2023\/10\/mesa-auxiliar-dobravel-de-bambu-lapwood-innovagoods_118538.jpg","type":"image\/jpeg"}],"twitter_card":"summary_large_image","twitter_misc":{"Tempo estimado de leitura":"1 minuto"},"schema":{"@context":"https:\/\/schema.org","@graph":[{"@type":"WebPage","@id":"https:\/\/curiosidadesedicas.com\/loja\/produto\/mesa-auxiliar-dobravel-de-bambu-lapwood\/","url":"https:\/\/curiosidadesedicas.com\/loja\/produto\/mesa-auxiliar-dobravel-de-bambu-lapwood\/","name":"MESA AUXILIAR DOBR\u00c1VEL DE BAMBU LAPWOOD - Curiosidades &amp; Dicas, Lda","isPartOf":{"@id":"https:\/\/curiosidadesedicas.com\/loja\/#website"},"primaryImageOfPage":{"@id":"https:\/\/curiosidadesedicas.com\/loja\/produto\/mesa-auxiliar-dobravel-de-bambu-lapwood\/#primaryimage"},"image":{"@id":"https:\/\/curiosidadesedicas.com\/loja\/produto\/mesa-auxiliar-dobravel-de-bambu-lapwood\/#primaryimage"},"thumbnailUrl":"https:\/\/curiosidadesedicas.com\/loja\/wp-content\/uploads\/2023\/10\/mesa-auxiliar-dobravel-de-bambu-lapwood-innovagoods_118538.jpg","datePublished":"2023-10-06T14:54:50+00:00","dateModified":"2025-03-12T09:06:26+00:00","breadcrumb":{"@id":"https:\/\/curiosidadesedicas.com\/loja\/produto\/mesa-auxiliar-dobravel-de-bambu-lapwood\/#breadcrumb"},"inLanguage":"pt-PT","potentialAction":[{"@type":"ReadAction","target":["https:\/\/curiosidadesedicas.com\/loja\/produto\/mesa-auxiliar-dobravel-de-bambu-lapwood\/"]}]},{"@type":"ImageObject","inLanguage":"pt-PT","@id":"https:\/\/curiosidadesedicas.com\/loja\/produto\/mesa-auxiliar-dobravel-de-bambu-lapwood\/#primaryimage","url":"https:\/\/curiosidadesedicas.com\/loja\/wp-content\/uploads\/2023\/10\/mesa-auxiliar-dobravel-de-bambu-lapwood-innovagoods_118538.jpg","contentUrl":"https:\/\/curiosidadesedicas.com\/loja\/wp-content\/uploads\/2023\/10\/mesa-auxiliar-dobravel-de-bambu-lapwood-innovagoods_118538.jpg","width":600,"height":600},{"@type":"BreadcrumbList","@id":"https:\/\/curiosidadesedicas.com\/loja\/produto\/mesa-auxiliar-dobravel-de-bambu-lapwood\/#breadcrumb","itemListElement":[{"@type":"ListItem","position":1,"name":"In\u00edcio","item":"https:\/\/curiosidadesedicas.com\/loja\/"},{"@type":"ListItem","position":2,"name":"Produtos","item":"https:\/\/curiosidadesedicas.com\/loja\/produtos\/"},{"@type":"ListItem","position":3,"name":"MESA AUXILIAR DOBR\u00c1VEL DE BAMBU LAPWOOD"}]},{"@type":"WebSite","@id":"https:\/\/curiosidadesedicas.com\/loja\/#website","url":"https:\/\/curiosidadesedicas.com\/loja\/","name":"Curiosidades &amp; Dicas, Lda","description":"Apaixonados Por Inova\u00e7\u00e3o","publisher":{"@id":"https:\/\/curiosidadesedicas.com\/loja\/#organization"},"potentialAction":[{"@type":"SearchAction","target":{"@type":"EntryPoint","urlTemplate":"https:\/\/curiosidadesedicas.com\/loja\/?s={search_term_string}"},"query-input":{"@type":"PropertyValueSpecification","valueRequired":true,"valueName":"search_term_string"}}],"inLanguage":"pt-PT"},{"@type":"Organization","@id":"https:\/\/curiosidadesedicas.com\/loja\/#organization","name":"Curiosidades & Dicas","url":"https:\/\/curiosidadesedicas.com\/loja\/","logo":{"@type":"ImageObject","inLanguage":"pt-PT","@id":"https:\/\/curiosidadesedicas.com\/loja\/#\/schema\/logo\/image\/","url":"https:\/\/curiosidadesedicas.com\/loja\/wp-content\/uploads\/2020\/05\/LogoCuriosidadesSimples.png","contentUrl":"https:\/\/curiosidadesedicas.com\/loja\/wp-content\/uploads\/2020\/05\/LogoCuriosidadesSimples.png","width":3528,"height":804,"caption":"Curiosidades & Dicas"},"image":{"@id":"https:\/\/curiosidadesedicas.com\/loja\/#\/schema\/logo\/image\/"}}]}},"_links":{"self":[{"href":"https:\/\/curiosidadesedicas.com\/loja\/wp-json\/wp\/v2\/product\/30735","targetHints":{"allow":["GET"]}}],"collection":[{"href":"https:\/\/curiosidadesedicas.com\/loja\/wp-json\/wp\/v2\/product"}],"about":[{"href":"https:\/\/curiosidadesedicas.com\/loja\/wp-json\/wp\/v2\/types\/product"}],"replies":[{"embeddable":true,"href":"https:\/\/curiosidadesedicas.com\/loja\/wp-json\/wp\/v2\/comments?post=30735"}],"wp:featuredmedia":[{"embeddable":true,"href":"https:\/\/curiosidadesedicas.com\/loja\/wp-json\/wp\/v2\/media\/30747"}],"wp:attachment":[{"href":"https:\/\/curiosidadesedicas.com\/loja\/wp-json\/wp\/v2\/media?parent=30735"}],"wp:term":[{"taxonomy":"product_brand","embeddable":true,"href":"https:\/\/curiosidadesedicas.com\/loja\/wp-json\/wp\/v2\/product_brand?post=30735"},{"taxonomy":"product_cat","embeddable":true,"href":"https:\/\/curiosidadesedicas.com\/loja\/wp-json\/wp\/v2\/product_cat?post=30735"},{"taxonomy":"product_tag","embeddable":true,"href":"https:\/\/curiosidadesedicas.com\/loja\/wp-json\/wp\/v2\/product_tag?post=30735"}],"curies":[{"name":"wp","href":"https:\/\/api.w.org\/{rel}","templated":true}]}}