{"id":30518,"date":"2023-08-03T11:34:02","date_gmt":"2023-08-03T11:34:02","guid":{"rendered":"https:\/\/curiosidadesedicas.com\/loja\/?post_type=product&#038;p=30518"},"modified":"2025-03-12T09:07:58","modified_gmt":"2025-03-12T09:07:58","slug":"mini-altifalante-portatil-recarregavel-sem-fios","status":"publish","type":"product","link":"https:\/\/curiosidadesedicas.com\/loja\/produto\/mini-altifalante-portatil-recarregavel-sem-fios\/","title":{"rendered":"MINI ALTIFALANTE PORT\u00c1TIL RECARREG\u00c1VEL SEM FIOS"},"content":{"rendered":"<p>Um mini altifalante port\u00e1til recarreg\u00e1vel sem fios ideal para ouvir m\u00fasica e atender chamadas confortavelmente a qualquer hora e em qualquer lugar. Gra\u00e7as \u00e0 sua fun\u00e7\u00e3o de obturador de c\u00e2mara, tamb\u00e9m pode ser utilizado como controlo remoto Bluetooth para tirar selfies e fotos. Possui um microfone incorporado e fun\u00e7\u00e3o m\u00e3os-livres. Este original e vers\u00e1til mini altifalante Bluetooth pode ser facilmente transportado e guardado no bolso, mala, etc., devido ao seu design leve e compacto e de tamanho reduzido porque pesa muito pouco e ocupa muito pouco espa\u00e7o. Tem um alerta sonoro de recarga quando o n\u00edvel de carga da bateria estiver muito baixo. O dispositivo desligar-se-\u00e1 automaticamente ap\u00f3s 5 minutos sem liga\u00e7\u00e3o. Inclui um pr\u00e1tico cord\u00e3o de suspens\u00e3o e um cabo USB para micro USB.<\/p>\n<p><img decoding=\"async\" src=\"https:\/\/curiosidadesedicas.com\/loja\/wp-content\/uploads\/2023\/08\/mini-altifalante-portatil-recarregavel-sem-fios-miund-innovagoods_252606-10.jpg\" \/><\/p>\n","protected":false},"excerpt":{"rendered":"<ul>\n<li>Material: ABS<\/li>\n<li>Cor: Preto<\/li>\n<li>Design: Inovador e funcional<\/li>\n<li>Tipo:\n<ul>\n<li>El\u00e9trico<\/li>\n<li>Recarreg\u00e1vel<\/li>\n<li>Sem Fios<\/li>\n<li>Compacto<\/li>\n<\/ul>\n<\/li>\n<li>Original e port\u00e1til: Vers\u00e1til e adapt\u00e1vel<\/li>\n<li>Tamanho Reduzido Compacto: Ocupa pouco espa\u00e7o<\/li>\n<li>Leve e male\u00e1vel: F\u00e1cil de transportar e de guardar<\/li>\n<li>Bluetooth: 5.0<\/li>\n<li>Disparador para c\u00e2maras: Controlo remoto Bluetooth<\/li>\n<li>Fun\u00e7\u00e3o m\u00e3os livres: Utiliza\u00e7\u00e3o c\u00f3moda e simples<\/li>\n<li>Microfone incorporado: F\u00e1cil de utilizar<\/li>\n<li>Inclui: Cord\u00e3o para pendurar<\/li>\n<li>Apagado autom\u00e1tico: 5 min<\/li>\n<li>Alerta sonoro: Aviso de recarga<\/li>\n<li>Carga USB: inclui cabo USB para micro USB<\/li>\n<li>Pot\u00eancia: 1 W (RMS)<\/li>\n<li>Bateria: Li-ion 3,7 V \/ 140 mAh<\/li>\n<li>DC In: 5 V \/ 500 mA<\/li>\n<li>Medidas aprox.: \u00d83,5 x 2,5 cm<\/li>\n<\/ul>\n","protected":false},"featured_media":30529,"comment_status":"open","ping_status":"closed","template":"","meta":{"_glsr_average":0,"_glsr_ranking":0,"_glsr_reviews":0},"product_brand":[],"product_cat":[376,377],"product_tag":[],"class_list":{"0":"post-30518","1":"product","2":"type-product","3":"status-publish","4":"has-post-thumbnail","6":"product_cat-som-e-imagem","7":"product_cat-colunas","9":"first","10":"instock","11":"taxable","12":"shipping-taxable","13":"purchasable","14":"product-type-simple"},"yoast_head":"<!-- This site is optimized with the Yoast SEO plugin v26.8 - https:\/\/yoast.com\/product\/yoast-seo-wordpress\/ -->\n<title>MINI ALTIFALANTE PORT\u00c1TIL RECARREG\u00c1VEL SEM FIOS - Curiosidades &amp; Dicas, Lda<\/title>\n<meta name=\"robots\" content=\"index, follow, max-snippet:-1, max-image-preview:large, max-video-preview:-1\" \/>\n<link rel=\"canonical\" href=\"https:\/\/curiosidadesedicas.com\/loja\/produto\/mini-altifalante-portatil-recarregavel-sem-fios\/\" \/>\n<meta property=\"og:locale\" content=\"pt_PT\" \/>\n<meta property=\"og:type\" content=\"article\" \/>\n<meta property=\"og:title\" content=\"MINI ALTIFALANTE PORT\u00c1TIL RECARREG\u00c1VEL SEM FIOS - Curiosidades &amp; Dicas, Lda\" \/>\n<meta property=\"og:description\" content=\"Material: ABS  Cor: Preto  Design: Inovador e funcional  Tipo:   El\u00e9trico  Recarreg\u00e1vel  Sem Fios  Compacto    Original e port\u00e1til: Vers\u00e1til e adapt\u00e1vel  Tamanho Reduzido Compacto: Ocupa pouco espa\u00e7o  Leve e male\u00e1vel: F\u00e1cil de transportar e de guardar  Bluetooth: 5.0  Disparador para c\u00e2maras: Controlo remoto Bluetooth  Fun\u00e7\u00e3o m\u00e3os livres: Utiliza\u00e7\u00e3o c\u00f3moda e simples  Microfone incorporado: F\u00e1cil de utilizar  Inclui: Cord\u00e3o para pendurar  Apagado autom\u00e1tico: 5 min  Alerta sonoro: Aviso de recarga  Carga USB: inclui cabo USB para micro USB  Pot\u00eancia: 1 W (RMS)  Bateria: Li-ion 3,7 V \/ 140 mAh  DC In: 5 V \/ 500 mA  Medidas aprox.: \u00d83,5 x 2,5 cm\" \/>\n<meta property=\"og:url\" content=\"https:\/\/curiosidadesedicas.com\/loja\/produto\/mini-altifalante-portatil-recarregavel-sem-fios\/\" \/>\n<meta property=\"og:site_name\" content=\"Curiosidades &amp; Dicas, Lda\" \/>\n<meta property=\"article:modified_time\" content=\"2025-03-12T09:07:58+00:00\" \/>\n<meta property=\"og:image\" content=\"https:\/\/curiosidadesedicas.com\/loja\/wp-content\/uploads\/2023\/08\/mini-altifalante-portatil-recarregavel-sem-fios-miund-innovagoods_252606.jpg\" \/>\n\t<meta property=\"og:image:width\" content=\"600\" \/>\n\t<meta property=\"og:image:height\" content=\"600\" \/>\n\t<meta property=\"og:image:type\" content=\"image\/jpeg\" \/>\n<meta name=\"twitter:card\" content=\"summary_large_image\" \/>\n<meta name=\"twitter:label1\" content=\"Tempo estimado de leitura\" \/>\n\t<meta name=\"twitter:data1\" content=\"1 minuto\" \/>\n<script type=\"application\/ld+json\" class=\"yoast-schema-graph\">{\"@context\":\"https:\/\/schema.org\",\"@graph\":[{\"@type\":\"WebPage\",\"@id\":\"https:\/\/curiosidadesedicas.com\/loja\/produto\/mini-altifalante-portatil-recarregavel-sem-fios\/\",\"url\":\"https:\/\/curiosidadesedicas.com\/loja\/produto\/mini-altifalante-portatil-recarregavel-sem-fios\/\",\"name\":\"MINI ALTIFALANTE PORT\u00c1TIL RECARREG\u00c1VEL SEM FIOS - Curiosidades &amp; Dicas, Lda\",\"isPartOf\":{\"@id\":\"https:\/\/curiosidadesedicas.com\/loja\/#website\"},\"primaryImageOfPage\":{\"@id\":\"https:\/\/curiosidadesedicas.com\/loja\/produto\/mini-altifalante-portatil-recarregavel-sem-fios\/#primaryimage\"},\"image\":{\"@id\":\"https:\/\/curiosidadesedicas.com\/loja\/produto\/mini-altifalante-portatil-recarregavel-sem-fios\/#primaryimage\"},\"thumbnailUrl\":\"https:\/\/curiosidadesedicas.com\/loja\/wp-content\/uploads\/2023\/08\/mini-altifalante-portatil-recarregavel-sem-fios-miund-innovagoods_252606.jpg\",\"datePublished\":\"2023-08-03T11:34:02+00:00\",\"dateModified\":\"2025-03-12T09:07:58+00:00\",\"breadcrumb\":{\"@id\":\"https:\/\/curiosidadesedicas.com\/loja\/produto\/mini-altifalante-portatil-recarregavel-sem-fios\/#breadcrumb\"},\"inLanguage\":\"pt-PT\",\"potentialAction\":[{\"@type\":\"ReadAction\",\"target\":[\"https:\/\/curiosidadesedicas.com\/loja\/produto\/mini-altifalante-portatil-recarregavel-sem-fios\/\"]}]},{\"@type\":\"ImageObject\",\"inLanguage\":\"pt-PT\",\"@id\":\"https:\/\/curiosidadesedicas.com\/loja\/produto\/mini-altifalante-portatil-recarregavel-sem-fios\/#primaryimage\",\"url\":\"https:\/\/curiosidadesedicas.com\/loja\/wp-content\/uploads\/2023\/08\/mini-altifalante-portatil-recarregavel-sem-fios-miund-innovagoods_252606.jpg\",\"contentUrl\":\"https:\/\/curiosidadesedicas.com\/loja\/wp-content\/uploads\/2023\/08\/mini-altifalante-portatil-recarregavel-sem-fios-miund-innovagoods_252606.jpg\",\"width\":600,\"height\":600},{\"@type\":\"BreadcrumbList\",\"@id\":\"https:\/\/curiosidadesedicas.com\/loja\/produto\/mini-altifalante-portatil-recarregavel-sem-fios\/#breadcrumb\",\"itemListElement\":[{\"@type\":\"ListItem\",\"position\":1,\"name\":\"In\u00edcio\",\"item\":\"https:\/\/curiosidadesedicas.com\/loja\/\"},{\"@type\":\"ListItem\",\"position\":2,\"name\":\"Produtos\",\"item\":\"https:\/\/curiosidadesedicas.com\/loja\/produtos\/\"},{\"@type\":\"ListItem\",\"position\":3,\"name\":\"MINI ALTIFALANTE PORT\u00c1TIL RECARREG\u00c1VEL SEM FIOS\"}]},{\"@type\":\"WebSite\",\"@id\":\"https:\/\/curiosidadesedicas.com\/loja\/#website\",\"url\":\"https:\/\/curiosidadesedicas.com\/loja\/\",\"name\":\"Curiosidades &amp; Dicas, Lda\",\"description\":\"Apaixonados Por Inova\u00e7\u00e3o\",\"publisher\":{\"@id\":\"https:\/\/curiosidadesedicas.com\/loja\/#organization\"},\"potentialAction\":[{\"@type\":\"SearchAction\",\"target\":{\"@type\":\"EntryPoint\",\"urlTemplate\":\"https:\/\/curiosidadesedicas.com\/loja\/?s={search_term_string}\"},\"query-input\":{\"@type\":\"PropertyValueSpecification\",\"valueRequired\":true,\"valueName\":\"search_term_string\"}}],\"inLanguage\":\"pt-PT\"},{\"@type\":\"Organization\",\"@id\":\"https:\/\/curiosidadesedicas.com\/loja\/#organization\",\"name\":\"Curiosidades & Dicas\",\"url\":\"https:\/\/curiosidadesedicas.com\/loja\/\",\"logo\":{\"@type\":\"ImageObject\",\"inLanguage\":\"pt-PT\",\"@id\":\"https:\/\/curiosidadesedicas.com\/loja\/#\/schema\/logo\/image\/\",\"url\":\"https:\/\/curiosidadesedicas.com\/loja\/wp-content\/uploads\/2020\/05\/LogoCuriosidadesSimples.png\",\"contentUrl\":\"https:\/\/curiosidadesedicas.com\/loja\/wp-content\/uploads\/2020\/05\/LogoCuriosidadesSimples.png\",\"width\":3528,\"height\":804,\"caption\":\"Curiosidades & Dicas\"},\"image\":{\"@id\":\"https:\/\/curiosidadesedicas.com\/loja\/#\/schema\/logo\/image\/\"}}]}<\/script>\n<!-- \/ Yoast SEO plugin. -->","yoast_head_json":{"title":"MINI ALTIFALANTE PORT\u00c1TIL RECARREG\u00c1VEL SEM FIOS - Curiosidades &amp; Dicas, Lda","robots":{"index":"index","follow":"follow","max-snippet":"max-snippet:-1","max-image-preview":"max-image-preview:large","max-video-preview":"max-video-preview:-1"},"canonical":"https:\/\/curiosidadesedicas.com\/loja\/produto\/mini-altifalante-portatil-recarregavel-sem-fios\/","og_locale":"pt_PT","og_type":"article","og_title":"MINI ALTIFALANTE PORT\u00c1TIL RECARREG\u00c1VEL SEM FIOS - Curiosidades &amp; Dicas, Lda","og_description":"Material: ABS  Cor: Preto  Design: Inovador e funcional  Tipo:   El\u00e9trico  Recarreg\u00e1vel  Sem Fios  Compacto    Original e port\u00e1til: Vers\u00e1til e adapt\u00e1vel  Tamanho Reduzido Compacto: Ocupa pouco espa\u00e7o  Leve e male\u00e1vel: F\u00e1cil de transportar e de guardar  Bluetooth: 5.0  Disparador para c\u00e2maras: Controlo remoto Bluetooth  Fun\u00e7\u00e3o m\u00e3os livres: Utiliza\u00e7\u00e3o c\u00f3moda e simples  Microfone incorporado: F\u00e1cil de utilizar  Inclui: Cord\u00e3o para pendurar  Apagado autom\u00e1tico: 5 min  Alerta sonoro: Aviso de recarga  Carga USB: inclui cabo USB para micro USB  Pot\u00eancia: 1 W (RMS)  Bateria: Li-ion 3,7 V \/ 140 mAh  DC In: 5 V \/ 500 mA  Medidas aprox.: \u00d83,5 x 2,5 cm","og_url":"https:\/\/curiosidadesedicas.com\/loja\/produto\/mini-altifalante-portatil-recarregavel-sem-fios\/","og_site_name":"Curiosidades &amp; Dicas, Lda","article_modified_time":"2025-03-12T09:07:58+00:00","og_image":[{"width":600,"height":600,"url":"https:\/\/curiosidadesedicas.com\/loja\/wp-content\/uploads\/2023\/08\/mini-altifalante-portatil-recarregavel-sem-fios-miund-innovagoods_252606.jpg","type":"image\/jpeg"}],"twitter_card":"summary_large_image","twitter_misc":{"Tempo estimado de leitura":"1 minuto"},"schema":{"@context":"https:\/\/schema.org","@graph":[{"@type":"WebPage","@id":"https:\/\/curiosidadesedicas.com\/loja\/produto\/mini-altifalante-portatil-recarregavel-sem-fios\/","url":"https:\/\/curiosidadesedicas.com\/loja\/produto\/mini-altifalante-portatil-recarregavel-sem-fios\/","name":"MINI ALTIFALANTE PORT\u00c1TIL RECARREG\u00c1VEL SEM FIOS - Curiosidades &amp; Dicas, Lda","isPartOf":{"@id":"https:\/\/curiosidadesedicas.com\/loja\/#website"},"primaryImageOfPage":{"@id":"https:\/\/curiosidadesedicas.com\/loja\/produto\/mini-altifalante-portatil-recarregavel-sem-fios\/#primaryimage"},"image":{"@id":"https:\/\/curiosidadesedicas.com\/loja\/produto\/mini-altifalante-portatil-recarregavel-sem-fios\/#primaryimage"},"thumbnailUrl":"https:\/\/curiosidadesedicas.com\/loja\/wp-content\/uploads\/2023\/08\/mini-altifalante-portatil-recarregavel-sem-fios-miund-innovagoods_252606.jpg","datePublished":"2023-08-03T11:34:02+00:00","dateModified":"2025-03-12T09:07:58+00:00","breadcrumb":{"@id":"https:\/\/curiosidadesedicas.com\/loja\/produto\/mini-altifalante-portatil-recarregavel-sem-fios\/#breadcrumb"},"inLanguage":"pt-PT","potentialAction":[{"@type":"ReadAction","target":["https:\/\/curiosidadesedicas.com\/loja\/produto\/mini-altifalante-portatil-recarregavel-sem-fios\/"]}]},{"@type":"ImageObject","inLanguage":"pt-PT","@id":"https:\/\/curiosidadesedicas.com\/loja\/produto\/mini-altifalante-portatil-recarregavel-sem-fios\/#primaryimage","url":"https:\/\/curiosidadesedicas.com\/loja\/wp-content\/uploads\/2023\/08\/mini-altifalante-portatil-recarregavel-sem-fios-miund-innovagoods_252606.jpg","contentUrl":"https:\/\/curiosidadesedicas.com\/loja\/wp-content\/uploads\/2023\/08\/mini-altifalante-portatil-recarregavel-sem-fios-miund-innovagoods_252606.jpg","width":600,"height":600},{"@type":"BreadcrumbList","@id":"https:\/\/curiosidadesedicas.com\/loja\/produto\/mini-altifalante-portatil-recarregavel-sem-fios\/#breadcrumb","itemListElement":[{"@type":"ListItem","position":1,"name":"In\u00edcio","item":"https:\/\/curiosidadesedicas.com\/loja\/"},{"@type":"ListItem","position":2,"name":"Produtos","item":"https:\/\/curiosidadesedicas.com\/loja\/produtos\/"},{"@type":"ListItem","position":3,"name":"MINI ALTIFALANTE PORT\u00c1TIL RECARREG\u00c1VEL SEM FIOS"}]},{"@type":"WebSite","@id":"https:\/\/curiosidadesedicas.com\/loja\/#website","url":"https:\/\/curiosidadesedicas.com\/loja\/","name":"Curiosidades &amp; Dicas, Lda","description":"Apaixonados Por Inova\u00e7\u00e3o","publisher":{"@id":"https:\/\/curiosidadesedicas.com\/loja\/#organization"},"potentialAction":[{"@type":"SearchAction","target":{"@type":"EntryPoint","urlTemplate":"https:\/\/curiosidadesedicas.com\/loja\/?s={search_term_string}"},"query-input":{"@type":"PropertyValueSpecification","valueRequired":true,"valueName":"search_term_string"}}],"inLanguage":"pt-PT"},{"@type":"Organization","@id":"https:\/\/curiosidadesedicas.com\/loja\/#organization","name":"Curiosidades & Dicas","url":"https:\/\/curiosidadesedicas.com\/loja\/","logo":{"@type":"ImageObject","inLanguage":"pt-PT","@id":"https:\/\/curiosidadesedicas.com\/loja\/#\/schema\/logo\/image\/","url":"https:\/\/curiosidadesedicas.com\/loja\/wp-content\/uploads\/2020\/05\/LogoCuriosidadesSimples.png","contentUrl":"https:\/\/curiosidadesedicas.com\/loja\/wp-content\/uploads\/2020\/05\/LogoCuriosidadesSimples.png","width":3528,"height":804,"caption":"Curiosidades & Dicas"},"image":{"@id":"https:\/\/curiosidadesedicas.com\/loja\/#\/schema\/logo\/image\/"}}]}},"_links":{"self":[{"href":"https:\/\/curiosidadesedicas.com\/loja\/wp-json\/wp\/v2\/product\/30518","targetHints":{"allow":["GET"]}}],"collection":[{"href":"https:\/\/curiosidadesedicas.com\/loja\/wp-json\/wp\/v2\/product"}],"about":[{"href":"https:\/\/curiosidadesedicas.com\/loja\/wp-json\/wp\/v2\/types\/product"}],"replies":[{"embeddable":true,"href":"https:\/\/curiosidadesedicas.com\/loja\/wp-json\/wp\/v2\/comments?post=30518"}],"wp:featuredmedia":[{"embeddable":true,"href":"https:\/\/curiosidadesedicas.com\/loja\/wp-json\/wp\/v2\/media\/30529"}],"wp:attachment":[{"href":"https:\/\/curiosidadesedicas.com\/loja\/wp-json\/wp\/v2\/media?parent=30518"}],"wp:term":[{"taxonomy":"product_brand","embeddable":true,"href":"https:\/\/curiosidadesedicas.com\/loja\/wp-json\/wp\/v2\/product_brand?post=30518"},{"taxonomy":"product_cat","embeddable":true,"href":"https:\/\/curiosidadesedicas.com\/loja\/wp-json\/wp\/v2\/product_cat?post=30518"},{"taxonomy":"product_tag","embeddable":true,"href":"https:\/\/curiosidadesedicas.com\/loja\/wp-json\/wp\/v2\/product_tag?post=30518"}],"curies":[{"name":"wp","href":"https:\/\/api.w.org\/{rel}","templated":true}]}}