{"id":30011,"date":"2023-05-12T14:40:09","date_gmt":"2023-05-12T14:40:09","guid":{"rendered":"https:\/\/curiosidadesedicas.com\/loja\/?post_type=product&#038;p=30011"},"modified":"2025-03-12T09:10:08","modified_gmt":"2025-03-12T09:10:08","slug":"brinquedo-mordedor-congelavel-p-animais-de-estimacao-2-em-1-glubiz","status":"publish","type":"product","link":"https:\/\/curiosidadesedicas.com\/loja\/produto\/brinquedo-mordedor-congelavel-p-animais-de-estimacao-2-em-1-glubiz\/","title":{"rendered":"BRINQUEDO MORDEDOR CONGEL\u00c1VEL P\/ ANIMAIS DE ESTIMA\u00c7\u00c3O 2 EM 1 GLUBIZ"},"content":{"rendered":"<p>O brinquedo mordedor congel\u00e1vel para animais de estima\u00e7\u00e3o 2 em 1 Glubiz \u00e9 capaz de proporcionar numerosos benef\u00edcios aos animais de estima\u00e7\u00e3o gra\u00e7as ao seu design original multifuncional. Esfria facilmente no congelador, permitindo um arrefecimento duradouro que proporciona uma refrescante e agrad\u00e1vel sensa\u00e7\u00e3o de al\u00edvio durante os calorosos dias de ver\u00e3o. Tamb\u00e9m \u00e9 um eficaz anel de denti\u00e7\u00e3o que ajuda o c\u00e3o a massajar as suas gengivas, a fortalecer a mand\u00edbula e a manter os dentes limpos e saud\u00e1veis, impedindo a acumula\u00e7\u00e3o de placa bacteriana e t\u00e1rtaro.<\/p>\n<p>Este\u00a0brinquedo mordedor para animais de estima\u00e7\u00e3o\u00a0disp\u00f5e de uma\u00a0ranhura para introduzir comida e pr\u00e9mios\u00a0que despertam o interesse do animal e o motivam a brincar e a mexer-se, treinando e encorajando uma mastiga\u00e7\u00e3o mais lenta e saud\u00e1vel para desfrutar da sua recompensa. Al\u00e9m disso, reduz a ansiedade e encoraja a divers\u00e3o, mantendo o animal ativo e evitando que possa morder e danificar os objetos da casa.<\/p>\n<p><img loading=\"lazy\" decoding=\"async\" class=\"\" src=\"https:\/\/curiosidadesedicas.com\/loja\/wp-content\/uploads\/2023\/05\/brinquedo-mordedor-congelavel-para-animais-de-estimacao-2-em-1-glubiz-innovagoods_507382-3.jpg\" width=\"419\" height=\"419\" \/><\/p>\n","protected":false},"excerpt":{"rendered":"<p>Um\u00a0brinquedo congel\u00e1vel para c\u00e3es\u00a0perfeito para manter os animais mental e fisicamente ativos e estimulados. Ao mordiscar o brinquedo, o animal satisfaz o seu instinto e aprende a controlar a sua for\u00e7a de mordida para n\u00e3o magoar ao brincar, etc. \u00c9 recomendado esperar alguns minutos at\u00e9 estar ligeiramente descongelado para n\u00e3o ficar demasiado duro ao d\u00e1-lo ao animal de estima\u00e7\u00e3o. Tamb\u00e9m se pode utilizar sem passar pelo congelador.<\/p>\n<p>Com este\u00a0brinquedo para c\u00e3es, os animais de estima\u00e7\u00e3o podem interagir com os seus donos lan\u00e7ando, perseguindo, apanhando, devolvendo, puxando e afrouxando o brinquedo. \u00c9 muito resistente e f\u00e1cil de limpar, pois pode ser lavado com \u00e1gua e sab\u00e3o neutro para manter uma boa higiene.<\/p>\n<ul>\n<li>Brinquedo mordedor para c\u00e3es<\/li>\n<li>Vers\u00e1til, design multifuncional 2 em 1<\/li>\n<li>TPR de\u00a0qualidade, material seguro, n\u00e3o t\u00f3xico<\/li>\n<li>Cheio de \u00e1gua natural, 100% purificada<\/li>\n<li>Resistente e duradouro, leve, compacto<\/li>\n<li>Efeito frio, congel\u00e1vel, adequado para congelador<\/li>\n<li>Ranhura para comida ou pr\u00e9mios favoritos<\/li>\n<li>Morder, refrescar,\u00a0relaxar, entreter, etc.<\/li>\n<li>Cuidado dental e outros benef\u00edcios\/fun\u00e7\u00f5es<\/li>\n<li>Desenvolve h\u00e1bitos de mastiga\u00e7\u00e3o adequados<\/li>\n<li>Facilita o bem-estar f\u00edsico e mental do animal<\/li>\n<li>Ideal para aliviar o calor no ver\u00e3o<\/li>\n<li>F\u00e1cil limpeza, lav\u00e1vel com \u00e1gua e sab\u00e3o<\/li>\n<li>Pode ser usado no interior e exterior<\/li>\n<\/ul>\n","protected":false},"featured_media":30012,"comment_status":"open","ping_status":"closed","template":"","meta":{"_glsr_average":0,"_glsr_ranking":0,"_glsr_reviews":0},"product_brand":[],"product_cat":[350,354],"product_tag":[],"class_list":{"0":"post-30011","1":"product","2":"type-product","3":"status-publish","4":"has-post-thumbnail","6":"product_cat-gadgets","7":"product_cat-p-animais","9":"first","10":"instock","11":"taxable","12":"shipping-taxable","13":"purchasable","14":"product-type-simple"},"yoast_head":"<!-- This site is optimized with the Yoast SEO plugin v26.8 - https:\/\/yoast.com\/product\/yoast-seo-wordpress\/ -->\n<title>BRINQUEDO MORDEDOR CONGEL\u00c1VEL P\/ ANIMAIS DE ESTIMA\u00c7\u00c3O 2 EM 1 GLUBIZ - Curiosidades &amp; Dicas, Lda<\/title>\n<meta name=\"robots\" content=\"index, follow, max-snippet:-1, max-image-preview:large, max-video-preview:-1\" \/>\n<link rel=\"canonical\" href=\"https:\/\/curiosidadesedicas.com\/loja\/produto\/brinquedo-mordedor-congelavel-p-animais-de-estimacao-2-em-1-glubiz\/\" \/>\n<meta property=\"og:locale\" content=\"pt_PT\" \/>\n<meta property=\"og:type\" content=\"article\" \/>\n<meta property=\"og:title\" content=\"BRINQUEDO MORDEDOR CONGEL\u00c1VEL P\/ ANIMAIS DE ESTIMA\u00c7\u00c3O 2 EM 1 GLUBIZ - Curiosidades &amp; Dicas, Lda\" \/>\n<meta property=\"og:description\" content=\"Um\u00a0brinquedo congel\u00e1vel para c\u00e3es\u00a0perfeito para manter os animais mental e fisicamente ativos e estimulados. Ao mordiscar o brinquedo, o animal satisfaz o seu instinto e aprende a controlar a sua for\u00e7a de mordida para n\u00e3o magoar ao brincar, etc. \u00c9 recomendado esperar alguns minutos at\u00e9 estar ligeiramente descongelado para n\u00e3o ficar demasiado duro ao d\u00e1-lo ao animal de estima\u00e7\u00e3o. Tamb\u00e9m se pode utilizar sem passar pelo congelador.  Com este\u00a0brinquedo para c\u00e3es, os animais de estima\u00e7\u00e3o podem interagir com os seus donos lan\u00e7ando, perseguindo, apanhando, devolvendo, puxando e afrouxando o brinquedo. \u00c9 muito resistente e f\u00e1cil de limpar, pois pode ser lavado com \u00e1gua e sab\u00e3o neutro para manter uma boa higiene.   Brinquedo mordedor para c\u00e3es  Vers\u00e1til, design multifuncional 2 em 1  TPR de\u00a0qualidade, material seguro, n\u00e3o t\u00f3xico  Cheio de \u00e1gua natural, 100% purificada  Resistente e duradouro, leve, compacto  Efeito frio, congel\u00e1vel, adequado para congelador  Ranhura para comida ou pr\u00e9mios favoritos  Morder, refrescar,\u00a0relaxar, entreter, etc.  Cuidado dental e outros benef\u00edcios\/fun\u00e7\u00f5es  Desenvolve h\u00e1bitos de mastiga\u00e7\u00e3o adequados  Facilita o bem-estar f\u00edsico e mental do animal  Ideal para aliviar o calor no ver\u00e3o  F\u00e1cil limpeza, lav\u00e1vel com \u00e1gua e sab\u00e3o  Pode ser usado no interior e exterior\" \/>\n<meta property=\"og:url\" content=\"https:\/\/curiosidadesedicas.com\/loja\/produto\/brinquedo-mordedor-congelavel-p-animais-de-estimacao-2-em-1-glubiz\/\" \/>\n<meta property=\"og:site_name\" content=\"Curiosidades &amp; Dicas, Lda\" \/>\n<meta property=\"article:modified_time\" content=\"2025-03-12T09:10:08+00:00\" \/>\n<meta property=\"og:image\" content=\"https:\/\/curiosidadesedicas.com\/loja\/wp-content\/uploads\/2023\/05\/brinquedo-mordedor-congelavel-para-animais-de-estimacao-2-em-1-glubiz-innovagoods_507382-1.jpg\" \/>\n\t<meta property=\"og:image:width\" content=\"600\" \/>\n\t<meta property=\"og:image:height\" content=\"600\" \/>\n\t<meta property=\"og:image:type\" content=\"image\/jpeg\" \/>\n<meta name=\"twitter:card\" content=\"summary_large_image\" \/>\n<meta name=\"twitter:label1\" content=\"Tempo estimado de leitura\" \/>\n\t<meta name=\"twitter:data1\" content=\"2 minutos\" \/>\n<script type=\"application\/ld+json\" class=\"yoast-schema-graph\">{\"@context\":\"https:\/\/schema.org\",\"@graph\":[{\"@type\":\"WebPage\",\"@id\":\"https:\/\/curiosidadesedicas.com\/loja\/produto\/brinquedo-mordedor-congelavel-p-animais-de-estimacao-2-em-1-glubiz\/\",\"url\":\"https:\/\/curiosidadesedicas.com\/loja\/produto\/brinquedo-mordedor-congelavel-p-animais-de-estimacao-2-em-1-glubiz\/\",\"name\":\"BRINQUEDO MORDEDOR CONGEL\u00c1VEL P\/ ANIMAIS DE ESTIMA\u00c7\u00c3O 2 EM 1 GLUBIZ - Curiosidades &amp; Dicas, Lda\",\"isPartOf\":{\"@id\":\"https:\/\/curiosidadesedicas.com\/loja\/#website\"},\"primaryImageOfPage\":{\"@id\":\"https:\/\/curiosidadesedicas.com\/loja\/produto\/brinquedo-mordedor-congelavel-p-animais-de-estimacao-2-em-1-glubiz\/#primaryimage\"},\"image\":{\"@id\":\"https:\/\/curiosidadesedicas.com\/loja\/produto\/brinquedo-mordedor-congelavel-p-animais-de-estimacao-2-em-1-glubiz\/#primaryimage\"},\"thumbnailUrl\":\"https:\/\/curiosidadesedicas.com\/loja\/wp-content\/uploads\/2023\/05\/brinquedo-mordedor-congelavel-para-animais-de-estimacao-2-em-1-glubiz-innovagoods_507382-1.jpg\",\"datePublished\":\"2023-05-12T14:40:09+00:00\",\"dateModified\":\"2025-03-12T09:10:08+00:00\",\"breadcrumb\":{\"@id\":\"https:\/\/curiosidadesedicas.com\/loja\/produto\/brinquedo-mordedor-congelavel-p-animais-de-estimacao-2-em-1-glubiz\/#breadcrumb\"},\"inLanguage\":\"pt-PT\",\"potentialAction\":[{\"@type\":\"ReadAction\",\"target\":[\"https:\/\/curiosidadesedicas.com\/loja\/produto\/brinquedo-mordedor-congelavel-p-animais-de-estimacao-2-em-1-glubiz\/\"]}]},{\"@type\":\"ImageObject\",\"inLanguage\":\"pt-PT\",\"@id\":\"https:\/\/curiosidadesedicas.com\/loja\/produto\/brinquedo-mordedor-congelavel-p-animais-de-estimacao-2-em-1-glubiz\/#primaryimage\",\"url\":\"https:\/\/curiosidadesedicas.com\/loja\/wp-content\/uploads\/2023\/05\/brinquedo-mordedor-congelavel-para-animais-de-estimacao-2-em-1-glubiz-innovagoods_507382-1.jpg\",\"contentUrl\":\"https:\/\/curiosidadesedicas.com\/loja\/wp-content\/uploads\/2023\/05\/brinquedo-mordedor-congelavel-para-animais-de-estimacao-2-em-1-glubiz-innovagoods_507382-1.jpg\",\"width\":600,\"height\":600},{\"@type\":\"BreadcrumbList\",\"@id\":\"https:\/\/curiosidadesedicas.com\/loja\/produto\/brinquedo-mordedor-congelavel-p-animais-de-estimacao-2-em-1-glubiz\/#breadcrumb\",\"itemListElement\":[{\"@type\":\"ListItem\",\"position\":1,\"name\":\"In\u00edcio\",\"item\":\"https:\/\/curiosidadesedicas.com\/loja\/\"},{\"@type\":\"ListItem\",\"position\":2,\"name\":\"Produtos\",\"item\":\"https:\/\/curiosidadesedicas.com\/loja\/produtos\/\"},{\"@type\":\"ListItem\",\"position\":3,\"name\":\"BRINQUEDO MORDEDOR CONGEL\u00c1VEL P\/ ANIMAIS DE ESTIMA\u00c7\u00c3O 2 EM 1 GLUBIZ\"}]},{\"@type\":\"WebSite\",\"@id\":\"https:\/\/curiosidadesedicas.com\/loja\/#website\",\"url\":\"https:\/\/curiosidadesedicas.com\/loja\/\",\"name\":\"Curiosidades &amp; Dicas, Lda\",\"description\":\"Apaixonados Por Inova\u00e7\u00e3o\",\"publisher\":{\"@id\":\"https:\/\/curiosidadesedicas.com\/loja\/#organization\"},\"potentialAction\":[{\"@type\":\"SearchAction\",\"target\":{\"@type\":\"EntryPoint\",\"urlTemplate\":\"https:\/\/curiosidadesedicas.com\/loja\/?s={search_term_string}\"},\"query-input\":{\"@type\":\"PropertyValueSpecification\",\"valueRequired\":true,\"valueName\":\"search_term_string\"}}],\"inLanguage\":\"pt-PT\"},{\"@type\":\"Organization\",\"@id\":\"https:\/\/curiosidadesedicas.com\/loja\/#organization\",\"name\":\"Curiosidades & Dicas\",\"url\":\"https:\/\/curiosidadesedicas.com\/loja\/\",\"logo\":{\"@type\":\"ImageObject\",\"inLanguage\":\"pt-PT\",\"@id\":\"https:\/\/curiosidadesedicas.com\/loja\/#\/schema\/logo\/image\/\",\"url\":\"https:\/\/curiosidadesedicas.com\/loja\/wp-content\/uploads\/2020\/05\/LogoCuriosidadesSimples.png\",\"contentUrl\":\"https:\/\/curiosidadesedicas.com\/loja\/wp-content\/uploads\/2020\/05\/LogoCuriosidadesSimples.png\",\"width\":3528,\"height\":804,\"caption\":\"Curiosidades & Dicas\"},\"image\":{\"@id\":\"https:\/\/curiosidadesedicas.com\/loja\/#\/schema\/logo\/image\/\"}}]}<\/script>\n<!-- \/ Yoast SEO plugin. -->","yoast_head_json":{"title":"BRINQUEDO MORDEDOR CONGEL\u00c1VEL P\/ ANIMAIS DE ESTIMA\u00c7\u00c3O 2 EM 1 GLUBIZ - Curiosidades &amp; Dicas, Lda","robots":{"index":"index","follow":"follow","max-snippet":"max-snippet:-1","max-image-preview":"max-image-preview:large","max-video-preview":"max-video-preview:-1"},"canonical":"https:\/\/curiosidadesedicas.com\/loja\/produto\/brinquedo-mordedor-congelavel-p-animais-de-estimacao-2-em-1-glubiz\/","og_locale":"pt_PT","og_type":"article","og_title":"BRINQUEDO MORDEDOR CONGEL\u00c1VEL P\/ ANIMAIS DE ESTIMA\u00c7\u00c3O 2 EM 1 GLUBIZ - Curiosidades &amp; Dicas, Lda","og_description":"Um\u00a0brinquedo congel\u00e1vel para c\u00e3es\u00a0perfeito para manter os animais mental e fisicamente ativos e estimulados. Ao mordiscar o brinquedo, o animal satisfaz o seu instinto e aprende a controlar a sua for\u00e7a de mordida para n\u00e3o magoar ao brincar, etc. \u00c9 recomendado esperar alguns minutos at\u00e9 estar ligeiramente descongelado para n\u00e3o ficar demasiado duro ao d\u00e1-lo ao animal de estima\u00e7\u00e3o. Tamb\u00e9m se pode utilizar sem passar pelo congelador.  Com este\u00a0brinquedo para c\u00e3es, os animais de estima\u00e7\u00e3o podem interagir com os seus donos lan\u00e7ando, perseguindo, apanhando, devolvendo, puxando e afrouxando o brinquedo. \u00c9 muito resistente e f\u00e1cil de limpar, pois pode ser lavado com \u00e1gua e sab\u00e3o neutro para manter uma boa higiene.   Brinquedo mordedor para c\u00e3es  Vers\u00e1til, design multifuncional 2 em 1  TPR de\u00a0qualidade, material seguro, n\u00e3o t\u00f3xico  Cheio de \u00e1gua natural, 100% purificada  Resistente e duradouro, leve, compacto  Efeito frio, congel\u00e1vel, adequado para congelador  Ranhura para comida ou pr\u00e9mios favoritos  Morder, refrescar,\u00a0relaxar, entreter, etc.  Cuidado dental e outros benef\u00edcios\/fun\u00e7\u00f5es  Desenvolve h\u00e1bitos de mastiga\u00e7\u00e3o adequados  Facilita o bem-estar f\u00edsico e mental do animal  Ideal para aliviar o calor no ver\u00e3o  F\u00e1cil limpeza, lav\u00e1vel com \u00e1gua e sab\u00e3o  Pode ser usado no interior e exterior","og_url":"https:\/\/curiosidadesedicas.com\/loja\/produto\/brinquedo-mordedor-congelavel-p-animais-de-estimacao-2-em-1-glubiz\/","og_site_name":"Curiosidades &amp; Dicas, Lda","article_modified_time":"2025-03-12T09:10:08+00:00","og_image":[{"width":600,"height":600,"url":"https:\/\/curiosidadesedicas.com\/loja\/wp-content\/uploads\/2023\/05\/brinquedo-mordedor-congelavel-para-animais-de-estimacao-2-em-1-glubiz-innovagoods_507382-1.jpg","type":"image\/jpeg"}],"twitter_card":"summary_large_image","twitter_misc":{"Tempo estimado de leitura":"2 minutos"},"schema":{"@context":"https:\/\/schema.org","@graph":[{"@type":"WebPage","@id":"https:\/\/curiosidadesedicas.com\/loja\/produto\/brinquedo-mordedor-congelavel-p-animais-de-estimacao-2-em-1-glubiz\/","url":"https:\/\/curiosidadesedicas.com\/loja\/produto\/brinquedo-mordedor-congelavel-p-animais-de-estimacao-2-em-1-glubiz\/","name":"BRINQUEDO MORDEDOR CONGEL\u00c1VEL P\/ ANIMAIS DE ESTIMA\u00c7\u00c3O 2 EM 1 GLUBIZ - Curiosidades &amp; Dicas, Lda","isPartOf":{"@id":"https:\/\/curiosidadesedicas.com\/loja\/#website"},"primaryImageOfPage":{"@id":"https:\/\/curiosidadesedicas.com\/loja\/produto\/brinquedo-mordedor-congelavel-p-animais-de-estimacao-2-em-1-glubiz\/#primaryimage"},"image":{"@id":"https:\/\/curiosidadesedicas.com\/loja\/produto\/brinquedo-mordedor-congelavel-p-animais-de-estimacao-2-em-1-glubiz\/#primaryimage"},"thumbnailUrl":"https:\/\/curiosidadesedicas.com\/loja\/wp-content\/uploads\/2023\/05\/brinquedo-mordedor-congelavel-para-animais-de-estimacao-2-em-1-glubiz-innovagoods_507382-1.jpg","datePublished":"2023-05-12T14:40:09+00:00","dateModified":"2025-03-12T09:10:08+00:00","breadcrumb":{"@id":"https:\/\/curiosidadesedicas.com\/loja\/produto\/brinquedo-mordedor-congelavel-p-animais-de-estimacao-2-em-1-glubiz\/#breadcrumb"},"inLanguage":"pt-PT","potentialAction":[{"@type":"ReadAction","target":["https:\/\/curiosidadesedicas.com\/loja\/produto\/brinquedo-mordedor-congelavel-p-animais-de-estimacao-2-em-1-glubiz\/"]}]},{"@type":"ImageObject","inLanguage":"pt-PT","@id":"https:\/\/curiosidadesedicas.com\/loja\/produto\/brinquedo-mordedor-congelavel-p-animais-de-estimacao-2-em-1-glubiz\/#primaryimage","url":"https:\/\/curiosidadesedicas.com\/loja\/wp-content\/uploads\/2023\/05\/brinquedo-mordedor-congelavel-para-animais-de-estimacao-2-em-1-glubiz-innovagoods_507382-1.jpg","contentUrl":"https:\/\/curiosidadesedicas.com\/loja\/wp-content\/uploads\/2023\/05\/brinquedo-mordedor-congelavel-para-animais-de-estimacao-2-em-1-glubiz-innovagoods_507382-1.jpg","width":600,"height":600},{"@type":"BreadcrumbList","@id":"https:\/\/curiosidadesedicas.com\/loja\/produto\/brinquedo-mordedor-congelavel-p-animais-de-estimacao-2-em-1-glubiz\/#breadcrumb","itemListElement":[{"@type":"ListItem","position":1,"name":"In\u00edcio","item":"https:\/\/curiosidadesedicas.com\/loja\/"},{"@type":"ListItem","position":2,"name":"Produtos","item":"https:\/\/curiosidadesedicas.com\/loja\/produtos\/"},{"@type":"ListItem","position":3,"name":"BRINQUEDO MORDEDOR CONGEL\u00c1VEL P\/ ANIMAIS DE ESTIMA\u00c7\u00c3O 2 EM 1 GLUBIZ"}]},{"@type":"WebSite","@id":"https:\/\/curiosidadesedicas.com\/loja\/#website","url":"https:\/\/curiosidadesedicas.com\/loja\/","name":"Curiosidades &amp; Dicas, Lda","description":"Apaixonados Por Inova\u00e7\u00e3o","publisher":{"@id":"https:\/\/curiosidadesedicas.com\/loja\/#organization"},"potentialAction":[{"@type":"SearchAction","target":{"@type":"EntryPoint","urlTemplate":"https:\/\/curiosidadesedicas.com\/loja\/?s={search_term_string}"},"query-input":{"@type":"PropertyValueSpecification","valueRequired":true,"valueName":"search_term_string"}}],"inLanguage":"pt-PT"},{"@type":"Organization","@id":"https:\/\/curiosidadesedicas.com\/loja\/#organization","name":"Curiosidades & Dicas","url":"https:\/\/curiosidadesedicas.com\/loja\/","logo":{"@type":"ImageObject","inLanguage":"pt-PT","@id":"https:\/\/curiosidadesedicas.com\/loja\/#\/schema\/logo\/image\/","url":"https:\/\/curiosidadesedicas.com\/loja\/wp-content\/uploads\/2020\/05\/LogoCuriosidadesSimples.png","contentUrl":"https:\/\/curiosidadesedicas.com\/loja\/wp-content\/uploads\/2020\/05\/LogoCuriosidadesSimples.png","width":3528,"height":804,"caption":"Curiosidades & Dicas"},"image":{"@id":"https:\/\/curiosidadesedicas.com\/loja\/#\/schema\/logo\/image\/"}}]}},"_links":{"self":[{"href":"https:\/\/curiosidadesedicas.com\/loja\/wp-json\/wp\/v2\/product\/30011","targetHints":{"allow":["GET"]}}],"collection":[{"href":"https:\/\/curiosidadesedicas.com\/loja\/wp-json\/wp\/v2\/product"}],"about":[{"href":"https:\/\/curiosidadesedicas.com\/loja\/wp-json\/wp\/v2\/types\/product"}],"replies":[{"embeddable":true,"href":"https:\/\/curiosidadesedicas.com\/loja\/wp-json\/wp\/v2\/comments?post=30011"}],"wp:featuredmedia":[{"embeddable":true,"href":"https:\/\/curiosidadesedicas.com\/loja\/wp-json\/wp\/v2\/media\/30012"}],"wp:attachment":[{"href":"https:\/\/curiosidadesedicas.com\/loja\/wp-json\/wp\/v2\/media?parent=30011"}],"wp:term":[{"taxonomy":"product_brand","embeddable":true,"href":"https:\/\/curiosidadesedicas.com\/loja\/wp-json\/wp\/v2\/product_brand?post=30011"},{"taxonomy":"product_cat","embeddable":true,"href":"https:\/\/curiosidadesedicas.com\/loja\/wp-json\/wp\/v2\/product_cat?post=30011"},{"taxonomy":"product_tag","embeddable":true,"href":"https:\/\/curiosidadesedicas.com\/loja\/wp-json\/wp\/v2\/product_tag?post=30011"}],"curies":[{"name":"wp","href":"https:\/\/api.w.org\/{rel}","templated":true}]}}