{"id":29988,"date":"2023-05-12T13:41:56","date_gmt":"2023-05-12T13:41:56","guid":{"rendered":"https:\/\/curiosidadesedicas.com\/loja\/?post_type=product&#038;p=29988"},"modified":"2025-03-12T09:10:18","modified_gmt":"2025-03-12T09:10:18","slug":"corta-unhas-c-led-p-animais-de-estimacao-clipet","status":"publish","type":"product","link":"https:\/\/curiosidadesedicas.com\/loja\/produto\/corta-unhas-c-led-p-animais-de-estimacao-clipet\/","title":{"rendered":"CORTA-UNHAS C\/ LED P\/ ANIMAIS DE ESTIMA\u00c7\u00c3O CLIPET"},"content":{"rendered":"<p>O corta-unhas com LED para animais de estima\u00e7\u00e3o Clipet \u00e9 perfeito para cuidar das unhas das mascotes, principalmente de c\u00e3es e gatos de tamanho pequeno e m\u00e9dio. Tem luz LED para visualizar melhor a unha\/garra do animal, o que permite distinguir os vasos sangu\u00edneos nas unhas brancas e transl\u00facidas para cortar com maior seguran\u00e7a, sem causar les\u00f5es ou hemorragias.<\/p>\n<p>O ecr\u00e3 transparente amov\u00edvel \u00e9 colocado na zona das l\u00e2minas e \u00e9 muito \u00fatil para colocar as unhas cortadas, evitando que caiam para o ch\u00e3o ou saltem atingindo os olhos. Este\u00a0corta-unhas para animais de estima\u00e7\u00e3o\u00a0inclui uma limas de unhas amov\u00edvel, oculta no cabo, para polir e melhorar o acabamento e um el\u00e1stico para fechar e guardar ocupando o m\u00ednimo espa\u00e7o.<\/p>\n<p><img loading=\"lazy\" decoding=\"async\" class=\"\" src=\"https:\/\/curiosidadesedicas.com\/loja\/wp-content\/uploads\/2023\/05\/corta-unhas-com-led-para-animais-de-estimacao-clipet-innovagoods_436999-2.jpg\" width=\"401\" height=\"401\" \/><\/p>\n","protected":false},"excerpt":{"rendered":"<p>Este\u00a0corta-unhas para c\u00e3es e gatos\u00a0efetua um tipo de corte de meia-lua adaptado \u00e0s unhas destes animais de estima\u00e7\u00e3o, um corte efetivo que evita que as unhas abram fissuras ao serem cortadas. Inclui manual de instru\u00e7\u00f5es para efetuar o corte da unha dos animais de estima\u00e7\u00e3o de forma correta e segura.<\/p>\n<p>Muito simples de utilizar, basta retirar o el\u00e1stico de fecho, inserir as pilhas no compartimento e deslizar o interruptor para ligar\/desligar a luz LED que ajuda a visualizar as veias interiores das unhas dos animais de estima\u00e7\u00e3o. O ecr\u00e3 transparente protege de salpicos e recolhe as unhas cortadas e pode ser extra\u00eddo para facilitar o esvaziamento e a limpeza. A lima inclu\u00edda no cabo \u00e9 ideal para perfilar o corte.<\/p>\n<ul>\n<li>Design original, moderno e multifun\u00e7\u00f5es<\/li>\n<li>Adaptado \u00e0 forma das unhas de c\u00e3es e gatos<\/li>\n<li>Corte efetivo de meia-lua, para evitar fissuras ao cortar<\/li>\n<li>2 LED, bot\u00e3o on\/off, maior visibilidade e seguran\u00e7a<\/li>\n<li>Lima de unhas amov\u00edvel integrada no cabo<\/li>\n<li>Cabo ergon\u00f3mico f\u00e1cil de segurar e de manusear<\/li>\n<li>El\u00e1stico para fechar, transportar e guardar<\/li>\n<li>Ecr\u00e3 transparente amov\u00edvel, antisalpicos e para apanhar as unhas cortadas<\/li>\n<li>Minimiza os riscos ao cortar, evitando les\u00f5es e hemorragias<\/li>\n<li>Inclui 3 pilhas LR44 para funcionamento da luz LED<\/li>\n<li>Apto para c\u00e3es e gatos pequenos\/m\u00e9dios, cachorros\u2026<\/li>\n<li>Recomendado para mascotes com unhas brancas e transl\u00facidas<\/li>\n<li>Leve, compacto, f\u00e1cil de utilizar e de limpar, utiliza\u00e7\u00e3o confort\u00e1vel e simples<\/li>\n<\/ul>\n","protected":false},"featured_media":30002,"comment_status":"open","ping_status":"closed","template":"","meta":{"_glsr_average":0,"_glsr_ranking":0,"_glsr_reviews":0},"product_brand":[],"product_cat":[350,354],"product_tag":[],"class_list":{"0":"post-29988","1":"product","2":"type-product","3":"status-publish","4":"has-post-thumbnail","6":"product_cat-gadgets","7":"product_cat-p-animais","9":"first","10":"instock","11":"taxable","12":"shipping-taxable","13":"purchasable","14":"product-type-simple"},"yoast_head":"<!-- This site is optimized with the Yoast SEO plugin v26.8 - https:\/\/yoast.com\/product\/yoast-seo-wordpress\/ -->\n<title>CORTA-UNHAS C\/ LED P\/ ANIMAIS DE ESTIMA\u00c7\u00c3O CLIPET - Curiosidades &amp; Dicas, Lda<\/title>\n<meta name=\"robots\" content=\"index, follow, max-snippet:-1, max-image-preview:large, max-video-preview:-1\" \/>\n<link rel=\"canonical\" href=\"https:\/\/curiosidadesedicas.com\/loja\/produto\/corta-unhas-c-led-p-animais-de-estimacao-clipet\/\" \/>\n<meta property=\"og:locale\" content=\"pt_PT\" \/>\n<meta property=\"og:type\" content=\"article\" \/>\n<meta property=\"og:title\" content=\"CORTA-UNHAS C\/ LED P\/ ANIMAIS DE ESTIMA\u00c7\u00c3O CLIPET - Curiosidades &amp; Dicas, Lda\" \/>\n<meta property=\"og:description\" content=\"Este\u00a0corta-unhas para c\u00e3es e gatos\u00a0efetua um tipo de corte de meia-lua adaptado \u00e0s unhas destes animais de estima\u00e7\u00e3o, um corte efetivo que evita que as unhas abram fissuras ao serem cortadas. Inclui manual de instru\u00e7\u00f5es para efetuar o corte da unha dos animais de estima\u00e7\u00e3o de forma correta e segura.  Muito simples de utilizar, basta retirar o el\u00e1stico de fecho, inserir as pilhas no compartimento e deslizar o interruptor para ligar\/desligar a luz LED que ajuda a visualizar as veias interiores das unhas dos animais de estima\u00e7\u00e3o. O ecr\u00e3 transparente protege de salpicos e recolhe as unhas cortadas e pode ser extra\u00eddo para facilitar o esvaziamento e a limpeza. A lima inclu\u00edda no cabo \u00e9 ideal para perfilar o corte.   Design original, moderno e multifun\u00e7\u00f5es  Adaptado \u00e0 forma das unhas de c\u00e3es e gatos  Corte efetivo de meia-lua, para evitar fissuras ao cortar  2 LED, bot\u00e3o on\/off, maior visibilidade e seguran\u00e7a  Lima de unhas amov\u00edvel integrada no cabo  Cabo ergon\u00f3mico f\u00e1cil de segurar e de manusear  El\u00e1stico para fechar, transportar e guardar  Ecr\u00e3 transparente amov\u00edvel, antisalpicos e para apanhar as unhas cortadas  Minimiza os riscos ao cortar, evitando les\u00f5es e hemorragias  Inclui 3 pilhas LR44 para funcionamento da luz LED  Apto para c\u00e3es e gatos pequenos\/m\u00e9dios, cachorros\u2026  Recomendado para mascotes com unhas brancas e transl\u00facidas  Leve, compacto, f\u00e1cil de utilizar e de limpar, utiliza\u00e7\u00e3o confort\u00e1vel e simples\" \/>\n<meta property=\"og:url\" content=\"https:\/\/curiosidadesedicas.com\/loja\/produto\/corta-unhas-c-led-p-animais-de-estimacao-clipet\/\" \/>\n<meta property=\"og:site_name\" content=\"Curiosidades &amp; Dicas, Lda\" \/>\n<meta property=\"article:modified_time\" content=\"2025-03-12T09:10:18+00:00\" \/>\n<meta property=\"og:image\" content=\"https:\/\/curiosidadesedicas.com\/loja\/wp-content\/uploads\/2023\/05\/corta-unhas-com-led-para-animais-de-estimacao-clipet-innovagoods_436999.jpg\" \/>\n\t<meta property=\"og:image:width\" content=\"600\" \/>\n\t<meta property=\"og:image:height\" content=\"600\" \/>\n\t<meta property=\"og:image:type\" content=\"image\/jpeg\" \/>\n<meta name=\"twitter:card\" content=\"summary_large_image\" \/>\n<meta name=\"twitter:label1\" content=\"Tempo estimado de leitura\" \/>\n\t<meta name=\"twitter:data1\" content=\"1 minuto\" \/>\n<script type=\"application\/ld+json\" class=\"yoast-schema-graph\">{\"@context\":\"https:\/\/schema.org\",\"@graph\":[{\"@type\":\"WebPage\",\"@id\":\"https:\/\/curiosidadesedicas.com\/loja\/produto\/corta-unhas-c-led-p-animais-de-estimacao-clipet\/\",\"url\":\"https:\/\/curiosidadesedicas.com\/loja\/produto\/corta-unhas-c-led-p-animais-de-estimacao-clipet\/\",\"name\":\"CORTA-UNHAS C\/ LED P\/ ANIMAIS DE ESTIMA\u00c7\u00c3O CLIPET - Curiosidades &amp; Dicas, Lda\",\"isPartOf\":{\"@id\":\"https:\/\/curiosidadesedicas.com\/loja\/#website\"},\"primaryImageOfPage\":{\"@id\":\"https:\/\/curiosidadesedicas.com\/loja\/produto\/corta-unhas-c-led-p-animais-de-estimacao-clipet\/#primaryimage\"},\"image\":{\"@id\":\"https:\/\/curiosidadesedicas.com\/loja\/produto\/corta-unhas-c-led-p-animais-de-estimacao-clipet\/#primaryimage\"},\"thumbnailUrl\":\"https:\/\/curiosidadesedicas.com\/loja\/wp-content\/uploads\/2023\/05\/corta-unhas-com-led-para-animais-de-estimacao-clipet-innovagoods_436999.jpg\",\"datePublished\":\"2023-05-12T13:41:56+00:00\",\"dateModified\":\"2025-03-12T09:10:18+00:00\",\"breadcrumb\":{\"@id\":\"https:\/\/curiosidadesedicas.com\/loja\/produto\/corta-unhas-c-led-p-animais-de-estimacao-clipet\/#breadcrumb\"},\"inLanguage\":\"pt-PT\",\"potentialAction\":[{\"@type\":\"ReadAction\",\"target\":[\"https:\/\/curiosidadesedicas.com\/loja\/produto\/corta-unhas-c-led-p-animais-de-estimacao-clipet\/\"]}]},{\"@type\":\"ImageObject\",\"inLanguage\":\"pt-PT\",\"@id\":\"https:\/\/curiosidadesedicas.com\/loja\/produto\/corta-unhas-c-led-p-animais-de-estimacao-clipet\/#primaryimage\",\"url\":\"https:\/\/curiosidadesedicas.com\/loja\/wp-content\/uploads\/2023\/05\/corta-unhas-com-led-para-animais-de-estimacao-clipet-innovagoods_436999.jpg\",\"contentUrl\":\"https:\/\/curiosidadesedicas.com\/loja\/wp-content\/uploads\/2023\/05\/corta-unhas-com-led-para-animais-de-estimacao-clipet-innovagoods_436999.jpg\",\"width\":600,\"height\":600},{\"@type\":\"BreadcrumbList\",\"@id\":\"https:\/\/curiosidadesedicas.com\/loja\/produto\/corta-unhas-c-led-p-animais-de-estimacao-clipet\/#breadcrumb\",\"itemListElement\":[{\"@type\":\"ListItem\",\"position\":1,\"name\":\"In\u00edcio\",\"item\":\"https:\/\/curiosidadesedicas.com\/loja\/\"},{\"@type\":\"ListItem\",\"position\":2,\"name\":\"Produtos\",\"item\":\"https:\/\/curiosidadesedicas.com\/loja\/produtos\/\"},{\"@type\":\"ListItem\",\"position\":3,\"name\":\"CORTA-UNHAS C\/ LED P\/ ANIMAIS DE ESTIMA\u00c7\u00c3O CLIPET\"}]},{\"@type\":\"WebSite\",\"@id\":\"https:\/\/curiosidadesedicas.com\/loja\/#website\",\"url\":\"https:\/\/curiosidadesedicas.com\/loja\/\",\"name\":\"Curiosidades &amp; Dicas, Lda\",\"description\":\"Apaixonados Por Inova\u00e7\u00e3o\",\"publisher\":{\"@id\":\"https:\/\/curiosidadesedicas.com\/loja\/#organization\"},\"potentialAction\":[{\"@type\":\"SearchAction\",\"target\":{\"@type\":\"EntryPoint\",\"urlTemplate\":\"https:\/\/curiosidadesedicas.com\/loja\/?s={search_term_string}\"},\"query-input\":{\"@type\":\"PropertyValueSpecification\",\"valueRequired\":true,\"valueName\":\"search_term_string\"}}],\"inLanguage\":\"pt-PT\"},{\"@type\":\"Organization\",\"@id\":\"https:\/\/curiosidadesedicas.com\/loja\/#organization\",\"name\":\"Curiosidades & Dicas\",\"url\":\"https:\/\/curiosidadesedicas.com\/loja\/\",\"logo\":{\"@type\":\"ImageObject\",\"inLanguage\":\"pt-PT\",\"@id\":\"https:\/\/curiosidadesedicas.com\/loja\/#\/schema\/logo\/image\/\",\"url\":\"https:\/\/curiosidadesedicas.com\/loja\/wp-content\/uploads\/2020\/05\/LogoCuriosidadesSimples.png\",\"contentUrl\":\"https:\/\/curiosidadesedicas.com\/loja\/wp-content\/uploads\/2020\/05\/LogoCuriosidadesSimples.png\",\"width\":3528,\"height\":804,\"caption\":\"Curiosidades & Dicas\"},\"image\":{\"@id\":\"https:\/\/curiosidadesedicas.com\/loja\/#\/schema\/logo\/image\/\"}}]}<\/script>\n<!-- \/ Yoast SEO plugin. -->","yoast_head_json":{"title":"CORTA-UNHAS C\/ LED P\/ ANIMAIS DE ESTIMA\u00c7\u00c3O CLIPET - Curiosidades &amp; Dicas, Lda","robots":{"index":"index","follow":"follow","max-snippet":"max-snippet:-1","max-image-preview":"max-image-preview:large","max-video-preview":"max-video-preview:-1"},"canonical":"https:\/\/curiosidadesedicas.com\/loja\/produto\/corta-unhas-c-led-p-animais-de-estimacao-clipet\/","og_locale":"pt_PT","og_type":"article","og_title":"CORTA-UNHAS C\/ LED P\/ ANIMAIS DE ESTIMA\u00c7\u00c3O CLIPET - Curiosidades &amp; Dicas, Lda","og_description":"Este\u00a0corta-unhas para c\u00e3es e gatos\u00a0efetua um tipo de corte de meia-lua adaptado \u00e0s unhas destes animais de estima\u00e7\u00e3o, um corte efetivo que evita que as unhas abram fissuras ao serem cortadas. Inclui manual de instru\u00e7\u00f5es para efetuar o corte da unha dos animais de estima\u00e7\u00e3o de forma correta e segura.  Muito simples de utilizar, basta retirar o el\u00e1stico de fecho, inserir as pilhas no compartimento e deslizar o interruptor para ligar\/desligar a luz LED que ajuda a visualizar as veias interiores das unhas dos animais de estima\u00e7\u00e3o. O ecr\u00e3 transparente protege de salpicos e recolhe as unhas cortadas e pode ser extra\u00eddo para facilitar o esvaziamento e a limpeza. A lima inclu\u00edda no cabo \u00e9 ideal para perfilar o corte.   Design original, moderno e multifun\u00e7\u00f5es  Adaptado \u00e0 forma das unhas de c\u00e3es e gatos  Corte efetivo de meia-lua, para evitar fissuras ao cortar  2 LED, bot\u00e3o on\/off, maior visibilidade e seguran\u00e7a  Lima de unhas amov\u00edvel integrada no cabo  Cabo ergon\u00f3mico f\u00e1cil de segurar e de manusear  El\u00e1stico para fechar, transportar e guardar  Ecr\u00e3 transparente amov\u00edvel, antisalpicos e para apanhar as unhas cortadas  Minimiza os riscos ao cortar, evitando les\u00f5es e hemorragias  Inclui 3 pilhas LR44 para funcionamento da luz LED  Apto para c\u00e3es e gatos pequenos\/m\u00e9dios, cachorros\u2026  Recomendado para mascotes com unhas brancas e transl\u00facidas  Leve, compacto, f\u00e1cil de utilizar e de limpar, utiliza\u00e7\u00e3o confort\u00e1vel e simples","og_url":"https:\/\/curiosidadesedicas.com\/loja\/produto\/corta-unhas-c-led-p-animais-de-estimacao-clipet\/","og_site_name":"Curiosidades &amp; Dicas, Lda","article_modified_time":"2025-03-12T09:10:18+00:00","og_image":[{"width":600,"height":600,"url":"https:\/\/curiosidadesedicas.com\/loja\/wp-content\/uploads\/2023\/05\/corta-unhas-com-led-para-animais-de-estimacao-clipet-innovagoods_436999.jpg","type":"image\/jpeg"}],"twitter_card":"summary_large_image","twitter_misc":{"Tempo estimado de leitura":"1 minuto"},"schema":{"@context":"https:\/\/schema.org","@graph":[{"@type":"WebPage","@id":"https:\/\/curiosidadesedicas.com\/loja\/produto\/corta-unhas-c-led-p-animais-de-estimacao-clipet\/","url":"https:\/\/curiosidadesedicas.com\/loja\/produto\/corta-unhas-c-led-p-animais-de-estimacao-clipet\/","name":"CORTA-UNHAS C\/ LED P\/ ANIMAIS DE ESTIMA\u00c7\u00c3O CLIPET - Curiosidades &amp; Dicas, Lda","isPartOf":{"@id":"https:\/\/curiosidadesedicas.com\/loja\/#website"},"primaryImageOfPage":{"@id":"https:\/\/curiosidadesedicas.com\/loja\/produto\/corta-unhas-c-led-p-animais-de-estimacao-clipet\/#primaryimage"},"image":{"@id":"https:\/\/curiosidadesedicas.com\/loja\/produto\/corta-unhas-c-led-p-animais-de-estimacao-clipet\/#primaryimage"},"thumbnailUrl":"https:\/\/curiosidadesedicas.com\/loja\/wp-content\/uploads\/2023\/05\/corta-unhas-com-led-para-animais-de-estimacao-clipet-innovagoods_436999.jpg","datePublished":"2023-05-12T13:41:56+00:00","dateModified":"2025-03-12T09:10:18+00:00","breadcrumb":{"@id":"https:\/\/curiosidadesedicas.com\/loja\/produto\/corta-unhas-c-led-p-animais-de-estimacao-clipet\/#breadcrumb"},"inLanguage":"pt-PT","potentialAction":[{"@type":"ReadAction","target":["https:\/\/curiosidadesedicas.com\/loja\/produto\/corta-unhas-c-led-p-animais-de-estimacao-clipet\/"]}]},{"@type":"ImageObject","inLanguage":"pt-PT","@id":"https:\/\/curiosidadesedicas.com\/loja\/produto\/corta-unhas-c-led-p-animais-de-estimacao-clipet\/#primaryimage","url":"https:\/\/curiosidadesedicas.com\/loja\/wp-content\/uploads\/2023\/05\/corta-unhas-com-led-para-animais-de-estimacao-clipet-innovagoods_436999.jpg","contentUrl":"https:\/\/curiosidadesedicas.com\/loja\/wp-content\/uploads\/2023\/05\/corta-unhas-com-led-para-animais-de-estimacao-clipet-innovagoods_436999.jpg","width":600,"height":600},{"@type":"BreadcrumbList","@id":"https:\/\/curiosidadesedicas.com\/loja\/produto\/corta-unhas-c-led-p-animais-de-estimacao-clipet\/#breadcrumb","itemListElement":[{"@type":"ListItem","position":1,"name":"In\u00edcio","item":"https:\/\/curiosidadesedicas.com\/loja\/"},{"@type":"ListItem","position":2,"name":"Produtos","item":"https:\/\/curiosidadesedicas.com\/loja\/produtos\/"},{"@type":"ListItem","position":3,"name":"CORTA-UNHAS C\/ LED P\/ ANIMAIS DE ESTIMA\u00c7\u00c3O CLIPET"}]},{"@type":"WebSite","@id":"https:\/\/curiosidadesedicas.com\/loja\/#website","url":"https:\/\/curiosidadesedicas.com\/loja\/","name":"Curiosidades &amp; Dicas, Lda","description":"Apaixonados Por Inova\u00e7\u00e3o","publisher":{"@id":"https:\/\/curiosidadesedicas.com\/loja\/#organization"},"potentialAction":[{"@type":"SearchAction","target":{"@type":"EntryPoint","urlTemplate":"https:\/\/curiosidadesedicas.com\/loja\/?s={search_term_string}"},"query-input":{"@type":"PropertyValueSpecification","valueRequired":true,"valueName":"search_term_string"}}],"inLanguage":"pt-PT"},{"@type":"Organization","@id":"https:\/\/curiosidadesedicas.com\/loja\/#organization","name":"Curiosidades & Dicas","url":"https:\/\/curiosidadesedicas.com\/loja\/","logo":{"@type":"ImageObject","inLanguage":"pt-PT","@id":"https:\/\/curiosidadesedicas.com\/loja\/#\/schema\/logo\/image\/","url":"https:\/\/curiosidadesedicas.com\/loja\/wp-content\/uploads\/2020\/05\/LogoCuriosidadesSimples.png","contentUrl":"https:\/\/curiosidadesedicas.com\/loja\/wp-content\/uploads\/2020\/05\/LogoCuriosidadesSimples.png","width":3528,"height":804,"caption":"Curiosidades & Dicas"},"image":{"@id":"https:\/\/curiosidadesedicas.com\/loja\/#\/schema\/logo\/image\/"}}]}},"_links":{"self":[{"href":"https:\/\/curiosidadesedicas.com\/loja\/wp-json\/wp\/v2\/product\/29988","targetHints":{"allow":["GET"]}}],"collection":[{"href":"https:\/\/curiosidadesedicas.com\/loja\/wp-json\/wp\/v2\/product"}],"about":[{"href":"https:\/\/curiosidadesedicas.com\/loja\/wp-json\/wp\/v2\/types\/product"}],"replies":[{"embeddable":true,"href":"https:\/\/curiosidadesedicas.com\/loja\/wp-json\/wp\/v2\/comments?post=29988"}],"wp:featuredmedia":[{"embeddable":true,"href":"https:\/\/curiosidadesedicas.com\/loja\/wp-json\/wp\/v2\/media\/30002"}],"wp:attachment":[{"href":"https:\/\/curiosidadesedicas.com\/loja\/wp-json\/wp\/v2\/media?parent=29988"}],"wp:term":[{"taxonomy":"product_brand","embeddable":true,"href":"https:\/\/curiosidadesedicas.com\/loja\/wp-json\/wp\/v2\/product_brand?post=29988"},{"taxonomy":"product_cat","embeddable":true,"href":"https:\/\/curiosidadesedicas.com\/loja\/wp-json\/wp\/v2\/product_cat?post=29988"},{"taxonomy":"product_tag","embeddable":true,"href":"https:\/\/curiosidadesedicas.com\/loja\/wp-json\/wp\/v2\/product_tag?post=29988"}],"curies":[{"name":"wp","href":"https:\/\/api.w.org\/{rel}","templated":true}]}}