{"id":29954,"date":"2023-05-03T07:46:02","date_gmt":"2023-05-03T07:46:02","guid":{"rendered":"https:\/\/curiosidadesedicas.com\/loja\/?post_type=product&#038;p=29954"},"modified":"2025-06-25T13:27:01","modified_gmt":"2025-06-25T13:27:01","slug":"urinol-feminino-portatil-peepezy","status":"publish","type":"product","link":"https:\/\/curiosidadesedicas.com\/loja\/produto\/urinol-feminino-portatil-peepezy\/","title":{"rendered":"URINOL FEMININO PORT\u00c1TIL PEEPEZY"},"content":{"rendered":"<p>Este pr\u00e1tico urinol para mulher est\u00e1 pensado para tornar a vida muito mais f\u00e1cil, j\u00e1 que \u00e9 de grande utilidade para poder realizar as necessidades fisiol\u00f3gicas de p\u00e9, de uma forma simples, higi\u00e9nica e c\u00f3moda. Uma solu\u00e7\u00e3o perfeita para evitar o inc\u00f3modo que representa para as mulheres ter de urinar em servi\u00e7os p\u00fablicos com baixos n\u00edveis de higiene. Tamb\u00e9m \u00e9 perfeito para utilizar em espa\u00e7os abertos onde \u00e9 complicado encontrar uma sanita (festivais, concertos, excurs\u00f5es, etc).<\/p>\n<p><img loading=\"lazy\" decoding=\"async\" class=\"\" src=\"https:\/\/curiosidadesedicas.com\/loja\/wp-content\/uploads\/2023\/05\/urinol-feminino-portatil-peepezy-innovagoods_43723-2.jpg\" width=\"387\" height=\"387\" \/><\/p>\n","protected":false},"excerpt":{"rendered":"<ul>\n<li>Material: Silicone<\/li>\n<li>Cor: Cor de Rosa<\/li>\n<li>Sexo: Mulher<\/li>\n<li>Design: Ergon\u00f3mico<\/li>\n<li>Tipo: Reutiliz\u00e1vel<\/li>\n<li>Caracter\u00edsticas: Flex\u00edvel e adapt\u00e1vel<\/li>\n<li>Propriedades: Anti-pingos e anti-vazamento<\/li>\n<li>F\u00e1cil de utilizar e limpar: Utiliza\u00e7\u00e3o c\u00f3moda e simples<\/li>\n<li>Original e port\u00e1til: Diversas utiliza\u00e7\u00f5es e espa\u00e7os<\/li>\n<li>Leve e male\u00e1vel: F\u00e1cil de transportar e de guardar<\/li>\n<li>Uso recomendado: Cuidados urin\u00e1rios<\/li>\n<li>Medidas aprox.: 6 x 16 x 9 cm<\/li>\n<\/ul>\n","protected":false},"featured_media":29959,"comment_status":"open","ping_status":"closed","template":"","meta":{"_glsr_average":0,"_glsr_ranking":0,"_glsr_reviews":0},"product_brand":[],"product_cat":[357,358,350,411],"product_tag":[],"class_list":{"0":"post-29954","1":"product","2":"type-product","3":"status-publish","4":"has-post-thumbnail","6":"product_cat-bem-estar","7":"product_cat-saude-e-higiene","8":"product_cat-gadgets","9":"product_cat-divertidos-e-diversos","11":"first","12":"outofstock","13":"taxable","14":"shipping-taxable","15":"purchasable","16":"product-type-simple"},"yoast_head":"<!-- This site is optimized with the Yoast SEO plugin v26.8 - https:\/\/yoast.com\/product\/yoast-seo-wordpress\/ -->\n<title>URINOL FEMININO PORT\u00c1TIL PEEPEZY - Curiosidades &amp; Dicas, Lda<\/title>\n<meta name=\"robots\" content=\"index, follow, max-snippet:-1, max-image-preview:large, max-video-preview:-1\" \/>\n<link rel=\"canonical\" href=\"https:\/\/curiosidadesedicas.com\/loja\/produto\/urinol-feminino-portatil-peepezy\/\" \/>\n<meta property=\"og:locale\" content=\"pt_PT\" \/>\n<meta property=\"og:type\" content=\"article\" \/>\n<meta property=\"og:title\" content=\"URINOL FEMININO PORT\u00c1TIL PEEPEZY - Curiosidades &amp; Dicas, Lda\" \/>\n<meta property=\"og:description\" content=\"Material: Silicone  Cor: Cor de Rosa  Sexo: Mulher  Design: Ergon\u00f3mico  Tipo: Reutiliz\u00e1vel  Caracter\u00edsticas: Flex\u00edvel e adapt\u00e1vel  Propriedades: Anti-pingos e anti-vazamento  F\u00e1cil de utilizar e limpar: Utiliza\u00e7\u00e3o c\u00f3moda e simples  Original e port\u00e1til: Diversas utiliza\u00e7\u00f5es e espa\u00e7os  Leve e male\u00e1vel: F\u00e1cil de transportar e de guardar  Uso recomendado: Cuidados urin\u00e1rios  Medidas aprox.: 6 x 16 x 9 cm\" \/>\n<meta property=\"og:url\" content=\"https:\/\/curiosidadesedicas.com\/loja\/produto\/urinol-feminino-portatil-peepezy\/\" \/>\n<meta property=\"og:site_name\" content=\"Curiosidades &amp; Dicas, Lda\" \/>\n<meta property=\"article:modified_time\" content=\"2025-06-25T13:27:01+00:00\" \/>\n<meta property=\"og:image\" content=\"https:\/\/curiosidadesedicas.com\/loja\/wp-content\/uploads\/2023\/05\/urinol-feminino-portatil-peepezy-innovagoods_43723.jpg\" \/>\n\t<meta property=\"og:image:width\" content=\"600\" \/>\n\t<meta property=\"og:image:height\" content=\"600\" \/>\n\t<meta property=\"og:image:type\" content=\"image\/jpeg\" \/>\n<meta name=\"twitter:card\" content=\"summary_large_image\" \/>\n<meta name=\"twitter:label1\" content=\"Tempo estimado de leitura\" \/>\n\t<meta name=\"twitter:data1\" content=\"1 minuto\" \/>\n<script type=\"application\/ld+json\" class=\"yoast-schema-graph\">{\"@context\":\"https:\/\/schema.org\",\"@graph\":[{\"@type\":\"WebPage\",\"@id\":\"https:\/\/curiosidadesedicas.com\/loja\/produto\/urinol-feminino-portatil-peepezy\/\",\"url\":\"https:\/\/curiosidadesedicas.com\/loja\/produto\/urinol-feminino-portatil-peepezy\/\",\"name\":\"URINOL FEMININO PORT\u00c1TIL PEEPEZY - Curiosidades &amp; Dicas, Lda\",\"isPartOf\":{\"@id\":\"https:\/\/curiosidadesedicas.com\/loja\/#website\"},\"primaryImageOfPage\":{\"@id\":\"https:\/\/curiosidadesedicas.com\/loja\/produto\/urinol-feminino-portatil-peepezy\/#primaryimage\"},\"image\":{\"@id\":\"https:\/\/curiosidadesedicas.com\/loja\/produto\/urinol-feminino-portatil-peepezy\/#primaryimage\"},\"thumbnailUrl\":\"https:\/\/curiosidadesedicas.com\/loja\/wp-content\/uploads\/2023\/05\/urinol-feminino-portatil-peepezy-innovagoods_43723.jpg\",\"datePublished\":\"2023-05-03T07:46:02+00:00\",\"dateModified\":\"2025-06-25T13:27:01+00:00\",\"breadcrumb\":{\"@id\":\"https:\/\/curiosidadesedicas.com\/loja\/produto\/urinol-feminino-portatil-peepezy\/#breadcrumb\"},\"inLanguage\":\"pt-PT\",\"potentialAction\":[{\"@type\":\"ReadAction\",\"target\":[\"https:\/\/curiosidadesedicas.com\/loja\/produto\/urinol-feminino-portatil-peepezy\/\"]}]},{\"@type\":\"ImageObject\",\"inLanguage\":\"pt-PT\",\"@id\":\"https:\/\/curiosidadesedicas.com\/loja\/produto\/urinol-feminino-portatil-peepezy\/#primaryimage\",\"url\":\"https:\/\/curiosidadesedicas.com\/loja\/wp-content\/uploads\/2023\/05\/urinol-feminino-portatil-peepezy-innovagoods_43723.jpg\",\"contentUrl\":\"https:\/\/curiosidadesedicas.com\/loja\/wp-content\/uploads\/2023\/05\/urinol-feminino-portatil-peepezy-innovagoods_43723.jpg\",\"width\":600,\"height\":600},{\"@type\":\"BreadcrumbList\",\"@id\":\"https:\/\/curiosidadesedicas.com\/loja\/produto\/urinol-feminino-portatil-peepezy\/#breadcrumb\",\"itemListElement\":[{\"@type\":\"ListItem\",\"position\":1,\"name\":\"In\u00edcio\",\"item\":\"https:\/\/curiosidadesedicas.com\/loja\/\"},{\"@type\":\"ListItem\",\"position\":2,\"name\":\"Produtos\",\"item\":\"https:\/\/curiosidadesedicas.com\/loja\/produtos\/\"},{\"@type\":\"ListItem\",\"position\":3,\"name\":\"URINOL FEMININO PORT\u00c1TIL PEEPEZY\"}]},{\"@type\":\"WebSite\",\"@id\":\"https:\/\/curiosidadesedicas.com\/loja\/#website\",\"url\":\"https:\/\/curiosidadesedicas.com\/loja\/\",\"name\":\"Curiosidades &amp; Dicas, Lda\",\"description\":\"Apaixonados Por Inova\u00e7\u00e3o\",\"publisher\":{\"@id\":\"https:\/\/curiosidadesedicas.com\/loja\/#organization\"},\"potentialAction\":[{\"@type\":\"SearchAction\",\"target\":{\"@type\":\"EntryPoint\",\"urlTemplate\":\"https:\/\/curiosidadesedicas.com\/loja\/?s={search_term_string}\"},\"query-input\":{\"@type\":\"PropertyValueSpecification\",\"valueRequired\":true,\"valueName\":\"search_term_string\"}}],\"inLanguage\":\"pt-PT\"},{\"@type\":\"Organization\",\"@id\":\"https:\/\/curiosidadesedicas.com\/loja\/#organization\",\"name\":\"Curiosidades & Dicas\",\"url\":\"https:\/\/curiosidadesedicas.com\/loja\/\",\"logo\":{\"@type\":\"ImageObject\",\"inLanguage\":\"pt-PT\",\"@id\":\"https:\/\/curiosidadesedicas.com\/loja\/#\/schema\/logo\/image\/\",\"url\":\"https:\/\/curiosidadesedicas.com\/loja\/wp-content\/uploads\/2020\/05\/LogoCuriosidadesSimples.png\",\"contentUrl\":\"https:\/\/curiosidadesedicas.com\/loja\/wp-content\/uploads\/2020\/05\/LogoCuriosidadesSimples.png\",\"width\":3528,\"height\":804,\"caption\":\"Curiosidades & Dicas\"},\"image\":{\"@id\":\"https:\/\/curiosidadesedicas.com\/loja\/#\/schema\/logo\/image\/\"}}]}<\/script>\n<!-- \/ Yoast SEO plugin. -->","yoast_head_json":{"title":"URINOL FEMININO PORT\u00c1TIL PEEPEZY - Curiosidades &amp; Dicas, Lda","robots":{"index":"index","follow":"follow","max-snippet":"max-snippet:-1","max-image-preview":"max-image-preview:large","max-video-preview":"max-video-preview:-1"},"canonical":"https:\/\/curiosidadesedicas.com\/loja\/produto\/urinol-feminino-portatil-peepezy\/","og_locale":"pt_PT","og_type":"article","og_title":"URINOL FEMININO PORT\u00c1TIL PEEPEZY - Curiosidades &amp; Dicas, Lda","og_description":"Material: Silicone  Cor: Cor de Rosa  Sexo: Mulher  Design: Ergon\u00f3mico  Tipo: Reutiliz\u00e1vel  Caracter\u00edsticas: Flex\u00edvel e adapt\u00e1vel  Propriedades: Anti-pingos e anti-vazamento  F\u00e1cil de utilizar e limpar: Utiliza\u00e7\u00e3o c\u00f3moda e simples  Original e port\u00e1til: Diversas utiliza\u00e7\u00f5es e espa\u00e7os  Leve e male\u00e1vel: F\u00e1cil de transportar e de guardar  Uso recomendado: Cuidados urin\u00e1rios  Medidas aprox.: 6 x 16 x 9 cm","og_url":"https:\/\/curiosidadesedicas.com\/loja\/produto\/urinol-feminino-portatil-peepezy\/","og_site_name":"Curiosidades &amp; Dicas, Lda","article_modified_time":"2025-06-25T13:27:01+00:00","og_image":[{"width":600,"height":600,"url":"https:\/\/curiosidadesedicas.com\/loja\/wp-content\/uploads\/2023\/05\/urinol-feminino-portatil-peepezy-innovagoods_43723.jpg","type":"image\/jpeg"}],"twitter_card":"summary_large_image","twitter_misc":{"Tempo estimado de leitura":"1 minuto"},"schema":{"@context":"https:\/\/schema.org","@graph":[{"@type":"WebPage","@id":"https:\/\/curiosidadesedicas.com\/loja\/produto\/urinol-feminino-portatil-peepezy\/","url":"https:\/\/curiosidadesedicas.com\/loja\/produto\/urinol-feminino-portatil-peepezy\/","name":"URINOL FEMININO PORT\u00c1TIL PEEPEZY - Curiosidades &amp; Dicas, Lda","isPartOf":{"@id":"https:\/\/curiosidadesedicas.com\/loja\/#website"},"primaryImageOfPage":{"@id":"https:\/\/curiosidadesedicas.com\/loja\/produto\/urinol-feminino-portatil-peepezy\/#primaryimage"},"image":{"@id":"https:\/\/curiosidadesedicas.com\/loja\/produto\/urinol-feminino-portatil-peepezy\/#primaryimage"},"thumbnailUrl":"https:\/\/curiosidadesedicas.com\/loja\/wp-content\/uploads\/2023\/05\/urinol-feminino-portatil-peepezy-innovagoods_43723.jpg","datePublished":"2023-05-03T07:46:02+00:00","dateModified":"2025-06-25T13:27:01+00:00","breadcrumb":{"@id":"https:\/\/curiosidadesedicas.com\/loja\/produto\/urinol-feminino-portatil-peepezy\/#breadcrumb"},"inLanguage":"pt-PT","potentialAction":[{"@type":"ReadAction","target":["https:\/\/curiosidadesedicas.com\/loja\/produto\/urinol-feminino-portatil-peepezy\/"]}]},{"@type":"ImageObject","inLanguage":"pt-PT","@id":"https:\/\/curiosidadesedicas.com\/loja\/produto\/urinol-feminino-portatil-peepezy\/#primaryimage","url":"https:\/\/curiosidadesedicas.com\/loja\/wp-content\/uploads\/2023\/05\/urinol-feminino-portatil-peepezy-innovagoods_43723.jpg","contentUrl":"https:\/\/curiosidadesedicas.com\/loja\/wp-content\/uploads\/2023\/05\/urinol-feminino-portatil-peepezy-innovagoods_43723.jpg","width":600,"height":600},{"@type":"BreadcrumbList","@id":"https:\/\/curiosidadesedicas.com\/loja\/produto\/urinol-feminino-portatil-peepezy\/#breadcrumb","itemListElement":[{"@type":"ListItem","position":1,"name":"In\u00edcio","item":"https:\/\/curiosidadesedicas.com\/loja\/"},{"@type":"ListItem","position":2,"name":"Produtos","item":"https:\/\/curiosidadesedicas.com\/loja\/produtos\/"},{"@type":"ListItem","position":3,"name":"URINOL FEMININO PORT\u00c1TIL PEEPEZY"}]},{"@type":"WebSite","@id":"https:\/\/curiosidadesedicas.com\/loja\/#website","url":"https:\/\/curiosidadesedicas.com\/loja\/","name":"Curiosidades &amp; Dicas, Lda","description":"Apaixonados Por Inova\u00e7\u00e3o","publisher":{"@id":"https:\/\/curiosidadesedicas.com\/loja\/#organization"},"potentialAction":[{"@type":"SearchAction","target":{"@type":"EntryPoint","urlTemplate":"https:\/\/curiosidadesedicas.com\/loja\/?s={search_term_string}"},"query-input":{"@type":"PropertyValueSpecification","valueRequired":true,"valueName":"search_term_string"}}],"inLanguage":"pt-PT"},{"@type":"Organization","@id":"https:\/\/curiosidadesedicas.com\/loja\/#organization","name":"Curiosidades & Dicas","url":"https:\/\/curiosidadesedicas.com\/loja\/","logo":{"@type":"ImageObject","inLanguage":"pt-PT","@id":"https:\/\/curiosidadesedicas.com\/loja\/#\/schema\/logo\/image\/","url":"https:\/\/curiosidadesedicas.com\/loja\/wp-content\/uploads\/2020\/05\/LogoCuriosidadesSimples.png","contentUrl":"https:\/\/curiosidadesedicas.com\/loja\/wp-content\/uploads\/2020\/05\/LogoCuriosidadesSimples.png","width":3528,"height":804,"caption":"Curiosidades & Dicas"},"image":{"@id":"https:\/\/curiosidadesedicas.com\/loja\/#\/schema\/logo\/image\/"}}]}},"_links":{"self":[{"href":"https:\/\/curiosidadesedicas.com\/loja\/wp-json\/wp\/v2\/product\/29954","targetHints":{"allow":["GET"]}}],"collection":[{"href":"https:\/\/curiosidadesedicas.com\/loja\/wp-json\/wp\/v2\/product"}],"about":[{"href":"https:\/\/curiosidadesedicas.com\/loja\/wp-json\/wp\/v2\/types\/product"}],"replies":[{"embeddable":true,"href":"https:\/\/curiosidadesedicas.com\/loja\/wp-json\/wp\/v2\/comments?post=29954"}],"wp:featuredmedia":[{"embeddable":true,"href":"https:\/\/curiosidadesedicas.com\/loja\/wp-json\/wp\/v2\/media\/29959"}],"wp:attachment":[{"href":"https:\/\/curiosidadesedicas.com\/loja\/wp-json\/wp\/v2\/media?parent=29954"}],"wp:term":[{"taxonomy":"product_brand","embeddable":true,"href":"https:\/\/curiosidadesedicas.com\/loja\/wp-json\/wp\/v2\/product_brand?post=29954"},{"taxonomy":"product_cat","embeddable":true,"href":"https:\/\/curiosidadesedicas.com\/loja\/wp-json\/wp\/v2\/product_cat?post=29954"},{"taxonomy":"product_tag","embeddable":true,"href":"https:\/\/curiosidadesedicas.com\/loja\/wp-json\/wp\/v2\/product_tag?post=29954"}],"curies":[{"name":"wp","href":"https:\/\/api.w.org\/{rel}","templated":true}]}}