{"id":29877,"date":"2023-04-28T14:32:15","date_gmt":"2023-04-28T14:32:15","guid":{"rendered":"https:\/\/curiosidadesedicas.com\/loja\/?post_type=product&#038;p=29877"},"modified":"2025-10-07T10:08:33","modified_gmt":"2025-10-07T10:08:33","slug":"almofadas-metatarsais-de-gel-de-silicone-silstep-pack-de-2","status":"publish","type":"product","link":"https:\/\/curiosidadesedicas.com\/loja\/produto\/almofadas-metatarsais-de-gel-de-silicone-silstep-pack-de-2\/","title":{"rendered":"ALMOFADAS METATARSAIS DE GEL DE SILICONE SILSTEP | PACK DE 2"},"content":{"rendered":"<p>Um conjunto de 2 almofadas metatarais de gel de silicone suave que proporcionam relaxamento e conforto, previnem e aliviam a dor e a inflama\u00e7\u00e3o na zona metatarsal (parte anterior dos p\u00e9s) e evitam a forma\u00e7\u00e3o de durezas e calosidades. S\u00e3o reutiliz\u00e1veis e limpam-se facilmente com \u00e1gua t\u00e9pida e sab\u00e3o. Ideais para pessoas que permane\u00e7am de p\u00e9 ou caminhem durante muito tempo devido \u00e0 sua capacidade de amortecimento e s\u00e3o muito recomend\u00e1veis para a pr\u00e1tica desportiva. Gra\u00e7as ao seu design universal altamente el\u00e1stico e flex\u00edvel, adaptam-se com facilidade a todo o tipo de p\u00e9s e cal\u00e7ado. Tamb\u00e9m s\u00e3o transpir\u00e1veis atrav\u00e9s dos seus m\u00faltiplos orif\u00edcios de ventila\u00e7\u00e3o que permitem a circula\u00e7\u00e3o do ar e a absor\u00e7\u00e3o do suor para evitar o mau cheiro.<\/p>\n<p><img loading=\"lazy\" decoding=\"async\" class=\"\" src=\"https:\/\/curiosidadesedicas.com\/loja\/wp-content\/uploads\/2023\/04\/almofadas-metatarsais-de-gel-de-silicone-silstep-innovagoods-pack-de-2_137932-2.jpg\" width=\"415\" height=\"415\" \/><\/p>\n","protected":false},"excerpt":{"rendered":"<ul>\n<li>Material: gel de silicone<\/li>\n<li>Design: Ergon\u00f3mica, leve e c\u00f3moda<\/li>\n<li>Tipo: Unissexo<\/li>\n<li>Tamanho \u00fanico<\/li>\n<li>Orif\u00edcios de ventila\u00e7\u00e3o<\/li>\n<li>Reutiliz\u00e1vel, transpir\u00e1vel e anti-odores<\/li>\n<li>Antideslizante, suave e duradouro<\/li>\n<li>El\u00e1stico, flex\u00edvel e adapt\u00e1vel<\/li>\n<li>Efeitos ben\u00e9ficos: al\u00edvio, descanso, relaxamento e bem-estar<\/li>\n<li>Adequado para todos os tamanhos e tipos de sapatos<\/li>\n<li>F\u00e1cil limpeza: Lavar \u00e0 m\u00e3o<\/li>\n<li>Medidas aprox.: 7,5 x 6 cm<\/li>\n<\/ul>\n<p>https:\/\/youtu.be\/bMUy0Xj0_uc<\/p>\n","protected":false},"featured_media":29885,"comment_status":"open","ping_status":"closed","template":"","meta":{"_glsr_average":0,"_glsr_ranking":0,"_glsr_reviews":0},"product_brand":[],"product_cat":[357,359,358],"product_tag":[],"class_list":{"0":"post-29877","1":"product","2":"type-product","3":"status-publish","4":"has-post-thumbnail","6":"product_cat-bem-estar","7":"product_cat-relax","8":"product_cat-saude-e-higiene","10":"first","11":"instock","12":"taxable","13":"shipping-taxable","14":"purchasable","15":"product-type-simple"},"yoast_head":"<!-- This site is optimized with the Yoast SEO plugin v26.8 - https:\/\/yoast.com\/product\/yoast-seo-wordpress\/ -->\n<title>ALMOFADAS METATARSAIS DE GEL DE SILICONE SILSTEP | PACK DE 2 - Curiosidades &amp; Dicas, Lda<\/title>\n<meta name=\"robots\" content=\"index, follow, max-snippet:-1, max-image-preview:large, max-video-preview:-1\" \/>\n<link rel=\"canonical\" href=\"https:\/\/curiosidadesedicas.com\/loja\/produto\/almofadas-metatarsais-de-gel-de-silicone-silstep-pack-de-2\/\" \/>\n<meta property=\"og:locale\" content=\"pt_PT\" \/>\n<meta property=\"og:type\" content=\"article\" \/>\n<meta property=\"og:title\" content=\"ALMOFADAS METATARSAIS DE GEL DE SILICONE SILSTEP | PACK DE 2 - Curiosidades &amp; Dicas, Lda\" \/>\n<meta property=\"og:description\" content=\"Material: gel de silicone  Design: Ergon\u00f3mica, leve e c\u00f3moda  Tipo: Unissexo  Tamanho \u00fanico  Orif\u00edcios de ventila\u00e7\u00e3o  Reutiliz\u00e1vel, transpir\u00e1vel e anti-odores  Antideslizante, suave e duradouro  El\u00e1stico, flex\u00edvel e adapt\u00e1vel  Efeitos ben\u00e9ficos: al\u00edvio, descanso, relaxamento e bem-estar  Adequado para todos os tamanhos e tipos de sapatos  F\u00e1cil limpeza: Lavar \u00e0 m\u00e3o  Medidas aprox.: 7,5 x 6 cm  https:\/\/youtu.be\/bMUy0Xj0_uc\" \/>\n<meta property=\"og:url\" content=\"https:\/\/curiosidadesedicas.com\/loja\/produto\/almofadas-metatarsais-de-gel-de-silicone-silstep-pack-de-2\/\" \/>\n<meta property=\"og:site_name\" content=\"Curiosidades &amp; Dicas, Lda\" \/>\n<meta property=\"article:modified_time\" content=\"2025-10-07T10:08:33+00:00\" \/>\n<meta property=\"og:image\" content=\"https:\/\/curiosidadesedicas.com\/loja\/wp-content\/uploads\/2023\/04\/almofadas-metatarsais-de-gel-de-silicone-silstep-innovagoods-pack-de-2_137932.jpg\" \/>\n\t<meta property=\"og:image:width\" content=\"600\" \/>\n\t<meta property=\"og:image:height\" content=\"600\" \/>\n\t<meta property=\"og:image:type\" content=\"image\/jpeg\" \/>\n<meta name=\"twitter:card\" content=\"summary_large_image\" \/>\n<meta name=\"twitter:label1\" content=\"Tempo estimado de leitura\" \/>\n\t<meta name=\"twitter:data1\" content=\"2 minutos\" \/>\n<script type=\"application\/ld+json\" class=\"yoast-schema-graph\">{\"@context\":\"https:\/\/schema.org\",\"@graph\":[{\"@type\":\"WebPage\",\"@id\":\"https:\/\/curiosidadesedicas.com\/loja\/produto\/almofadas-metatarsais-de-gel-de-silicone-silstep-pack-de-2\/\",\"url\":\"https:\/\/curiosidadesedicas.com\/loja\/produto\/almofadas-metatarsais-de-gel-de-silicone-silstep-pack-de-2\/\",\"name\":\"ALMOFADAS METATARSAIS DE GEL DE SILICONE SILSTEP | PACK DE 2 - Curiosidades &amp; Dicas, Lda\",\"isPartOf\":{\"@id\":\"https:\/\/curiosidadesedicas.com\/loja\/#website\"},\"primaryImageOfPage\":{\"@id\":\"https:\/\/curiosidadesedicas.com\/loja\/produto\/almofadas-metatarsais-de-gel-de-silicone-silstep-pack-de-2\/#primaryimage\"},\"image\":{\"@id\":\"https:\/\/curiosidadesedicas.com\/loja\/produto\/almofadas-metatarsais-de-gel-de-silicone-silstep-pack-de-2\/#primaryimage\"},\"thumbnailUrl\":\"https:\/\/curiosidadesedicas.com\/loja\/wp-content\/uploads\/2023\/04\/almofadas-metatarsais-de-gel-de-silicone-silstep-innovagoods-pack-de-2_137932.jpg\",\"datePublished\":\"2023-04-28T14:32:15+00:00\",\"dateModified\":\"2025-10-07T10:08:33+00:00\",\"breadcrumb\":{\"@id\":\"https:\/\/curiosidadesedicas.com\/loja\/produto\/almofadas-metatarsais-de-gel-de-silicone-silstep-pack-de-2\/#breadcrumb\"},\"inLanguage\":\"pt-PT\",\"potentialAction\":[{\"@type\":\"ReadAction\",\"target\":[\"https:\/\/curiosidadesedicas.com\/loja\/produto\/almofadas-metatarsais-de-gel-de-silicone-silstep-pack-de-2\/\"]}]},{\"@type\":\"ImageObject\",\"inLanguage\":\"pt-PT\",\"@id\":\"https:\/\/curiosidadesedicas.com\/loja\/produto\/almofadas-metatarsais-de-gel-de-silicone-silstep-pack-de-2\/#primaryimage\",\"url\":\"https:\/\/curiosidadesedicas.com\/loja\/wp-content\/uploads\/2023\/04\/almofadas-metatarsais-de-gel-de-silicone-silstep-innovagoods-pack-de-2_137932.jpg\",\"contentUrl\":\"https:\/\/curiosidadesedicas.com\/loja\/wp-content\/uploads\/2023\/04\/almofadas-metatarsais-de-gel-de-silicone-silstep-innovagoods-pack-de-2_137932.jpg\",\"width\":600,\"height\":600},{\"@type\":\"BreadcrumbList\",\"@id\":\"https:\/\/curiosidadesedicas.com\/loja\/produto\/almofadas-metatarsais-de-gel-de-silicone-silstep-pack-de-2\/#breadcrumb\",\"itemListElement\":[{\"@type\":\"ListItem\",\"position\":1,\"name\":\"In\u00edcio\",\"item\":\"https:\/\/curiosidadesedicas.com\/loja\/\"},{\"@type\":\"ListItem\",\"position\":2,\"name\":\"Produtos\",\"item\":\"https:\/\/curiosidadesedicas.com\/loja\/produtos\/\"},{\"@type\":\"ListItem\",\"position\":3,\"name\":\"ALMOFADAS METATARSAIS DE GEL DE SILICONE SILSTEP | PACK DE 2\"}]},{\"@type\":\"WebSite\",\"@id\":\"https:\/\/curiosidadesedicas.com\/loja\/#website\",\"url\":\"https:\/\/curiosidadesedicas.com\/loja\/\",\"name\":\"Curiosidades &amp; Dicas, Lda\",\"description\":\"Apaixonados Por Inova\u00e7\u00e3o\",\"publisher\":{\"@id\":\"https:\/\/curiosidadesedicas.com\/loja\/#organization\"},\"potentialAction\":[{\"@type\":\"SearchAction\",\"target\":{\"@type\":\"EntryPoint\",\"urlTemplate\":\"https:\/\/curiosidadesedicas.com\/loja\/?s={search_term_string}\"},\"query-input\":{\"@type\":\"PropertyValueSpecification\",\"valueRequired\":true,\"valueName\":\"search_term_string\"}}],\"inLanguage\":\"pt-PT\"},{\"@type\":\"Organization\",\"@id\":\"https:\/\/curiosidadesedicas.com\/loja\/#organization\",\"name\":\"Curiosidades & Dicas\",\"url\":\"https:\/\/curiosidadesedicas.com\/loja\/\",\"logo\":{\"@type\":\"ImageObject\",\"inLanguage\":\"pt-PT\",\"@id\":\"https:\/\/curiosidadesedicas.com\/loja\/#\/schema\/logo\/image\/\",\"url\":\"https:\/\/curiosidadesedicas.com\/loja\/wp-content\/uploads\/2020\/05\/LogoCuriosidadesSimples.png\",\"contentUrl\":\"https:\/\/curiosidadesedicas.com\/loja\/wp-content\/uploads\/2020\/05\/LogoCuriosidadesSimples.png\",\"width\":3528,\"height\":804,\"caption\":\"Curiosidades & Dicas\"},\"image\":{\"@id\":\"https:\/\/curiosidadesedicas.com\/loja\/#\/schema\/logo\/image\/\"}}]}<\/script>\n<!-- \/ Yoast SEO plugin. -->","yoast_head_json":{"title":"ALMOFADAS METATARSAIS DE GEL DE SILICONE SILSTEP | PACK DE 2 - Curiosidades &amp; Dicas, Lda","robots":{"index":"index","follow":"follow","max-snippet":"max-snippet:-1","max-image-preview":"max-image-preview:large","max-video-preview":"max-video-preview:-1"},"canonical":"https:\/\/curiosidadesedicas.com\/loja\/produto\/almofadas-metatarsais-de-gel-de-silicone-silstep-pack-de-2\/","og_locale":"pt_PT","og_type":"article","og_title":"ALMOFADAS METATARSAIS DE GEL DE SILICONE SILSTEP | PACK DE 2 - Curiosidades &amp; Dicas, Lda","og_description":"Material: gel de silicone  Design: Ergon\u00f3mica, leve e c\u00f3moda  Tipo: Unissexo  Tamanho \u00fanico  Orif\u00edcios de ventila\u00e7\u00e3o  Reutiliz\u00e1vel, transpir\u00e1vel e anti-odores  Antideslizante, suave e duradouro  El\u00e1stico, flex\u00edvel e adapt\u00e1vel  Efeitos ben\u00e9ficos: al\u00edvio, descanso, relaxamento e bem-estar  Adequado para todos os tamanhos e tipos de sapatos  F\u00e1cil limpeza: Lavar \u00e0 m\u00e3o  Medidas aprox.: 7,5 x 6 cm  https:\/\/youtu.be\/bMUy0Xj0_uc","og_url":"https:\/\/curiosidadesedicas.com\/loja\/produto\/almofadas-metatarsais-de-gel-de-silicone-silstep-pack-de-2\/","og_site_name":"Curiosidades &amp; Dicas, Lda","article_modified_time":"2025-10-07T10:08:33+00:00","og_image":[{"width":600,"height":600,"url":"https:\/\/curiosidadesedicas.com\/loja\/wp-content\/uploads\/2023\/04\/almofadas-metatarsais-de-gel-de-silicone-silstep-innovagoods-pack-de-2_137932.jpg","type":"image\/jpeg"}],"twitter_card":"summary_large_image","twitter_misc":{"Tempo estimado de leitura":"2 minutos"},"schema":{"@context":"https:\/\/schema.org","@graph":[{"@type":"WebPage","@id":"https:\/\/curiosidadesedicas.com\/loja\/produto\/almofadas-metatarsais-de-gel-de-silicone-silstep-pack-de-2\/","url":"https:\/\/curiosidadesedicas.com\/loja\/produto\/almofadas-metatarsais-de-gel-de-silicone-silstep-pack-de-2\/","name":"ALMOFADAS METATARSAIS DE GEL DE SILICONE SILSTEP | PACK DE 2 - Curiosidades &amp; Dicas, Lda","isPartOf":{"@id":"https:\/\/curiosidadesedicas.com\/loja\/#website"},"primaryImageOfPage":{"@id":"https:\/\/curiosidadesedicas.com\/loja\/produto\/almofadas-metatarsais-de-gel-de-silicone-silstep-pack-de-2\/#primaryimage"},"image":{"@id":"https:\/\/curiosidadesedicas.com\/loja\/produto\/almofadas-metatarsais-de-gel-de-silicone-silstep-pack-de-2\/#primaryimage"},"thumbnailUrl":"https:\/\/curiosidadesedicas.com\/loja\/wp-content\/uploads\/2023\/04\/almofadas-metatarsais-de-gel-de-silicone-silstep-innovagoods-pack-de-2_137932.jpg","datePublished":"2023-04-28T14:32:15+00:00","dateModified":"2025-10-07T10:08:33+00:00","breadcrumb":{"@id":"https:\/\/curiosidadesedicas.com\/loja\/produto\/almofadas-metatarsais-de-gel-de-silicone-silstep-pack-de-2\/#breadcrumb"},"inLanguage":"pt-PT","potentialAction":[{"@type":"ReadAction","target":["https:\/\/curiosidadesedicas.com\/loja\/produto\/almofadas-metatarsais-de-gel-de-silicone-silstep-pack-de-2\/"]}]},{"@type":"ImageObject","inLanguage":"pt-PT","@id":"https:\/\/curiosidadesedicas.com\/loja\/produto\/almofadas-metatarsais-de-gel-de-silicone-silstep-pack-de-2\/#primaryimage","url":"https:\/\/curiosidadesedicas.com\/loja\/wp-content\/uploads\/2023\/04\/almofadas-metatarsais-de-gel-de-silicone-silstep-innovagoods-pack-de-2_137932.jpg","contentUrl":"https:\/\/curiosidadesedicas.com\/loja\/wp-content\/uploads\/2023\/04\/almofadas-metatarsais-de-gel-de-silicone-silstep-innovagoods-pack-de-2_137932.jpg","width":600,"height":600},{"@type":"BreadcrumbList","@id":"https:\/\/curiosidadesedicas.com\/loja\/produto\/almofadas-metatarsais-de-gel-de-silicone-silstep-pack-de-2\/#breadcrumb","itemListElement":[{"@type":"ListItem","position":1,"name":"In\u00edcio","item":"https:\/\/curiosidadesedicas.com\/loja\/"},{"@type":"ListItem","position":2,"name":"Produtos","item":"https:\/\/curiosidadesedicas.com\/loja\/produtos\/"},{"@type":"ListItem","position":3,"name":"ALMOFADAS METATARSAIS DE GEL DE SILICONE SILSTEP | PACK DE 2"}]},{"@type":"WebSite","@id":"https:\/\/curiosidadesedicas.com\/loja\/#website","url":"https:\/\/curiosidadesedicas.com\/loja\/","name":"Curiosidades &amp; Dicas, Lda","description":"Apaixonados Por Inova\u00e7\u00e3o","publisher":{"@id":"https:\/\/curiosidadesedicas.com\/loja\/#organization"},"potentialAction":[{"@type":"SearchAction","target":{"@type":"EntryPoint","urlTemplate":"https:\/\/curiosidadesedicas.com\/loja\/?s={search_term_string}"},"query-input":{"@type":"PropertyValueSpecification","valueRequired":true,"valueName":"search_term_string"}}],"inLanguage":"pt-PT"},{"@type":"Organization","@id":"https:\/\/curiosidadesedicas.com\/loja\/#organization","name":"Curiosidades & Dicas","url":"https:\/\/curiosidadesedicas.com\/loja\/","logo":{"@type":"ImageObject","inLanguage":"pt-PT","@id":"https:\/\/curiosidadesedicas.com\/loja\/#\/schema\/logo\/image\/","url":"https:\/\/curiosidadesedicas.com\/loja\/wp-content\/uploads\/2020\/05\/LogoCuriosidadesSimples.png","contentUrl":"https:\/\/curiosidadesedicas.com\/loja\/wp-content\/uploads\/2020\/05\/LogoCuriosidadesSimples.png","width":3528,"height":804,"caption":"Curiosidades & Dicas"},"image":{"@id":"https:\/\/curiosidadesedicas.com\/loja\/#\/schema\/logo\/image\/"}}]}},"_links":{"self":[{"href":"https:\/\/curiosidadesedicas.com\/loja\/wp-json\/wp\/v2\/product\/29877","targetHints":{"allow":["GET"]}}],"collection":[{"href":"https:\/\/curiosidadesedicas.com\/loja\/wp-json\/wp\/v2\/product"}],"about":[{"href":"https:\/\/curiosidadesedicas.com\/loja\/wp-json\/wp\/v2\/types\/product"}],"replies":[{"embeddable":true,"href":"https:\/\/curiosidadesedicas.com\/loja\/wp-json\/wp\/v2\/comments?post=29877"}],"wp:featuredmedia":[{"embeddable":true,"href":"https:\/\/curiosidadesedicas.com\/loja\/wp-json\/wp\/v2\/media\/29885"}],"wp:attachment":[{"href":"https:\/\/curiosidadesedicas.com\/loja\/wp-json\/wp\/v2\/media?parent=29877"}],"wp:term":[{"taxonomy":"product_brand","embeddable":true,"href":"https:\/\/curiosidadesedicas.com\/loja\/wp-json\/wp\/v2\/product_brand?post=29877"},{"taxonomy":"product_cat","embeddable":true,"href":"https:\/\/curiosidadesedicas.com\/loja\/wp-json\/wp\/v2\/product_cat?post=29877"},{"taxonomy":"product_tag","embeddable":true,"href":"https:\/\/curiosidadesedicas.com\/loja\/wp-json\/wp\/v2\/product_tag?post=29877"}],"curies":[{"name":"wp","href":"https:\/\/api.w.org\/{rel}","templated":true}]}}