{"id":29864,"date":"2023-04-28T14:05:52","date_gmt":"2023-04-28T14:05:52","guid":{"rendered":"https:\/\/curiosidadesedicas.com\/loja\/?post_type=product&#038;p=29864"},"modified":"2025-03-12T09:11:43","modified_gmt":"2025-03-12T09:11:43","slug":"maquina-de-selar-sacos-c-iman-p-frigorifico-magseal","status":"publish","type":"product","link":"https:\/\/curiosidadesedicas.com\/loja\/produto\/maquina-de-selar-sacos-c-iman-p-frigorifico-magseal\/","title":{"rendered":"M\u00c1QUINA DE SELAR SACOS C\/ \u00cdMAN P\/ FRIGOR\u00cdFICO MAGSEAL"},"content":{"rendered":"<p>Uma m\u00e1quina para fechar sacos com \u00edman para o frigor\u00edfico que permite fechar hermeticamente os sacos de alimentos, prolongando e melhorando a sua conserva\u00e7\u00e3o sem perder propriedades. O desenho leve, compacto e port\u00e1til torna-o f\u00e1cil e pr\u00e1tico de utilizar, transportar e guardar em qualquer parte. Esta moderna m\u00e1quina el\u00e9trica para fechar sacos funciona com pilhas (2 x AA, n\u00e3o inclu\u00eddas), o que facilita a utiliza\u00e7\u00e3o uma vez que n\u00e3o necessita de cabos nem tomadas. O funcionamento \u00e9 muito simples, bastando deslizar a extremidade do saco pelas l\u00e2minas seladoras quentes de modo a que o saco fique hermeticamente fechado num s\u00f3 movimento. Al\u00e9m disso, \u00e9 multifun\u00e7\u00f5es, uma vez que por ser magn\u00e9tica pode ser colocada no frigor\u00edfico ou em qualquer superf\u00edcie met\u00e1lica de modo a estar sempre \u00e0 m\u00e3o. No frigor\u00edfico tamb\u00e9m pode ser utilizada para colocar notas, etc.<\/p>\n<p><img loading=\"lazy\" decoding=\"async\" class=\"\" src=\"https:\/\/curiosidadesedicas.com\/loja\/wp-content\/uploads\/2023\/04\/maquina-de-selar-sacos-com-iman-para-frigorifico-magseal-innovagoods_318902-6.jpg\" width=\"381\" height=\"381\" \/><\/p>\n","protected":false},"excerpt":{"rendered":"<ul>\n<li>Material:\n<ul>\n<li>ABS<\/li>\n<li>\u00cdman<\/li>\n<\/ul>\n<\/li>\n<li>Cor:\n<ul>\n<li>Branco<\/li>\n<li>Preto<\/li>\n<\/ul>\n<\/li>\n<li>Design moderno: Inovador e funcional<\/li>\n<li>Tipo: El\u00e9trico<\/li>\n<li>Original e port\u00e1til: Sem cabos<\/li>\n<li>Multifun\u00e7\u00e3o: 2-in-1<\/li>\n<li>Multiuso: Diversas utiliza\u00e7\u00f5es e espa\u00e7os<\/li>\n<li>Fecho herm\u00e9tico: Prolonga a conserva\u00e7\u00e3o dos alimentos<\/li>\n<li>Vers\u00e1til e adapt\u00e1vel: M\u00faltiplas posi\u00e7\u00f5es<\/li>\n<li>\u00cdman para frigor\u00edfico: Apoio est\u00e1vel<\/li>\n<li>Magn\u00e9tico: Ideal para superf\u00edcies met\u00e1licas (frigor\u00edfico, lavat\u00f3rio, etc.)<\/li>\n<li>F\u00e1cil de utilizar: Utiliza\u00e7\u00e3o c\u00f3moda e simples<\/li>\n<li>Tamanho Reduzido Compacto: Ocupa pouco espa\u00e7o<\/li>\n<li>Leve e male\u00e1vel: F\u00e1cil de transportar e de guardar<\/li>\n<li>Funciona com pilhas: 2 x AA, n\u00e3o inclu\u00eddas<\/li>\n<li>Medidas aprox.: 9,5 x 4 x 4 cm<\/li>\n<\/ul>\n","protected":false},"featured_media":29871,"comment_status":"open","ping_status":"closed","template":"","meta":{"_glsr_average":0,"_glsr_ranking":0,"_glsr_reviews":0},"product_brand":[],"product_cat":[365,366],"product_tag":[],"class_list":{"0":"post-29864","1":"product","2":"type-product","3":"status-publish","4":"has-post-thumbnail","6":"product_cat-para-o-lar","7":"product_cat-cozinha","9":"first","10":"instock","11":"taxable","12":"shipping-taxable","13":"purchasable","14":"product-type-simple"},"yoast_head":"<!-- This site is optimized with the Yoast SEO plugin v26.8 - https:\/\/yoast.com\/product\/yoast-seo-wordpress\/ -->\n<title>M\u00c1QUINA DE SELAR SACOS C\/ \u00cdMAN P\/ FRIGOR\u00cdFICO MAGSEAL - Curiosidades &amp; Dicas, Lda<\/title>\n<meta name=\"robots\" content=\"index, follow, max-snippet:-1, max-image-preview:large, max-video-preview:-1\" \/>\n<link rel=\"canonical\" href=\"https:\/\/curiosidadesedicas.com\/loja\/produto\/maquina-de-selar-sacos-c-iman-p-frigorifico-magseal\/\" \/>\n<meta property=\"og:locale\" content=\"pt_PT\" \/>\n<meta property=\"og:type\" content=\"article\" \/>\n<meta property=\"og:title\" content=\"M\u00c1QUINA DE SELAR SACOS C\/ \u00cdMAN P\/ FRIGOR\u00cdFICO MAGSEAL - Curiosidades &amp; Dicas, Lda\" \/>\n<meta property=\"og:description\" content=\"Material:   ABS  \u00cdman    Cor:   Branco  Preto    Design moderno: Inovador e funcional  Tipo: El\u00e9trico  Original e port\u00e1til: Sem cabos  Multifun\u00e7\u00e3o: 2-in-1  Multiuso: Diversas utiliza\u00e7\u00f5es e espa\u00e7os  Fecho herm\u00e9tico: Prolonga a conserva\u00e7\u00e3o dos alimentos  Vers\u00e1til e adapt\u00e1vel: M\u00faltiplas posi\u00e7\u00f5es  \u00cdman para frigor\u00edfico: Apoio est\u00e1vel  Magn\u00e9tico: Ideal para superf\u00edcies met\u00e1licas (frigor\u00edfico, lavat\u00f3rio, etc.)  F\u00e1cil de utilizar: Utiliza\u00e7\u00e3o c\u00f3moda e simples  Tamanho Reduzido Compacto: Ocupa pouco espa\u00e7o  Leve e male\u00e1vel: F\u00e1cil de transportar e de guardar  Funciona com pilhas: 2 x AA, n\u00e3o inclu\u00eddas  Medidas aprox.: 9,5 x 4 x 4 cm\" \/>\n<meta property=\"og:url\" content=\"https:\/\/curiosidadesedicas.com\/loja\/produto\/maquina-de-selar-sacos-c-iman-p-frigorifico-magseal\/\" \/>\n<meta property=\"og:site_name\" content=\"Curiosidades &amp; Dicas, Lda\" \/>\n<meta property=\"article:modified_time\" content=\"2025-03-12T09:11:43+00:00\" \/>\n<meta property=\"og:image\" content=\"https:\/\/curiosidadesedicas.com\/loja\/wp-content\/uploads\/2023\/04\/maquina-de-selar-sacos-com-iman-para-frigorifico-magseal-innovagoods_318902.jpg\" \/>\n\t<meta property=\"og:image:width\" content=\"600\" \/>\n\t<meta property=\"og:image:height\" content=\"600\" \/>\n\t<meta property=\"og:image:type\" content=\"image\/jpeg\" \/>\n<meta name=\"twitter:card\" content=\"summary_large_image\" \/>\n<meta name=\"twitter:label1\" content=\"Tempo estimado de leitura\" \/>\n\t<meta name=\"twitter:data1\" content=\"1 minuto\" \/>\n<script type=\"application\/ld+json\" class=\"yoast-schema-graph\">{\"@context\":\"https:\/\/schema.org\",\"@graph\":[{\"@type\":\"WebPage\",\"@id\":\"https:\/\/curiosidadesedicas.com\/loja\/produto\/maquina-de-selar-sacos-c-iman-p-frigorifico-magseal\/\",\"url\":\"https:\/\/curiosidadesedicas.com\/loja\/produto\/maquina-de-selar-sacos-c-iman-p-frigorifico-magseal\/\",\"name\":\"M\u00c1QUINA DE SELAR SACOS C\/ \u00cdMAN P\/ FRIGOR\u00cdFICO MAGSEAL - Curiosidades &amp; Dicas, Lda\",\"isPartOf\":{\"@id\":\"https:\/\/curiosidadesedicas.com\/loja\/#website\"},\"primaryImageOfPage\":{\"@id\":\"https:\/\/curiosidadesedicas.com\/loja\/produto\/maquina-de-selar-sacos-c-iman-p-frigorifico-magseal\/#primaryimage\"},\"image\":{\"@id\":\"https:\/\/curiosidadesedicas.com\/loja\/produto\/maquina-de-selar-sacos-c-iman-p-frigorifico-magseal\/#primaryimage\"},\"thumbnailUrl\":\"https:\/\/curiosidadesedicas.com\/loja\/wp-content\/uploads\/2023\/04\/maquina-de-selar-sacos-com-iman-para-frigorifico-magseal-innovagoods_318902.jpg\",\"datePublished\":\"2023-04-28T14:05:52+00:00\",\"dateModified\":\"2025-03-12T09:11:43+00:00\",\"breadcrumb\":{\"@id\":\"https:\/\/curiosidadesedicas.com\/loja\/produto\/maquina-de-selar-sacos-c-iman-p-frigorifico-magseal\/#breadcrumb\"},\"inLanguage\":\"pt-PT\",\"potentialAction\":[{\"@type\":\"ReadAction\",\"target\":[\"https:\/\/curiosidadesedicas.com\/loja\/produto\/maquina-de-selar-sacos-c-iman-p-frigorifico-magseal\/\"]}]},{\"@type\":\"ImageObject\",\"inLanguage\":\"pt-PT\",\"@id\":\"https:\/\/curiosidadesedicas.com\/loja\/produto\/maquina-de-selar-sacos-c-iman-p-frigorifico-magseal\/#primaryimage\",\"url\":\"https:\/\/curiosidadesedicas.com\/loja\/wp-content\/uploads\/2023\/04\/maquina-de-selar-sacos-com-iman-para-frigorifico-magseal-innovagoods_318902.jpg\",\"contentUrl\":\"https:\/\/curiosidadesedicas.com\/loja\/wp-content\/uploads\/2023\/04\/maquina-de-selar-sacos-com-iman-para-frigorifico-magseal-innovagoods_318902.jpg\",\"width\":600,\"height\":600},{\"@type\":\"BreadcrumbList\",\"@id\":\"https:\/\/curiosidadesedicas.com\/loja\/produto\/maquina-de-selar-sacos-c-iman-p-frigorifico-magseal\/#breadcrumb\",\"itemListElement\":[{\"@type\":\"ListItem\",\"position\":1,\"name\":\"In\u00edcio\",\"item\":\"https:\/\/curiosidadesedicas.com\/loja\/\"},{\"@type\":\"ListItem\",\"position\":2,\"name\":\"Produtos\",\"item\":\"https:\/\/curiosidadesedicas.com\/loja\/produtos\/\"},{\"@type\":\"ListItem\",\"position\":3,\"name\":\"M\u00c1QUINA DE SELAR SACOS C\/ \u00cdMAN P\/ FRIGOR\u00cdFICO MAGSEAL\"}]},{\"@type\":\"WebSite\",\"@id\":\"https:\/\/curiosidadesedicas.com\/loja\/#website\",\"url\":\"https:\/\/curiosidadesedicas.com\/loja\/\",\"name\":\"Curiosidades &amp; Dicas, Lda\",\"description\":\"Apaixonados Por Inova\u00e7\u00e3o\",\"publisher\":{\"@id\":\"https:\/\/curiosidadesedicas.com\/loja\/#organization\"},\"potentialAction\":[{\"@type\":\"SearchAction\",\"target\":{\"@type\":\"EntryPoint\",\"urlTemplate\":\"https:\/\/curiosidadesedicas.com\/loja\/?s={search_term_string}\"},\"query-input\":{\"@type\":\"PropertyValueSpecification\",\"valueRequired\":true,\"valueName\":\"search_term_string\"}}],\"inLanguage\":\"pt-PT\"},{\"@type\":\"Organization\",\"@id\":\"https:\/\/curiosidadesedicas.com\/loja\/#organization\",\"name\":\"Curiosidades & Dicas\",\"url\":\"https:\/\/curiosidadesedicas.com\/loja\/\",\"logo\":{\"@type\":\"ImageObject\",\"inLanguage\":\"pt-PT\",\"@id\":\"https:\/\/curiosidadesedicas.com\/loja\/#\/schema\/logo\/image\/\",\"url\":\"https:\/\/curiosidadesedicas.com\/loja\/wp-content\/uploads\/2020\/05\/LogoCuriosidadesSimples.png\",\"contentUrl\":\"https:\/\/curiosidadesedicas.com\/loja\/wp-content\/uploads\/2020\/05\/LogoCuriosidadesSimples.png\",\"width\":3528,\"height\":804,\"caption\":\"Curiosidades & Dicas\"},\"image\":{\"@id\":\"https:\/\/curiosidadesedicas.com\/loja\/#\/schema\/logo\/image\/\"}}]}<\/script>\n<!-- \/ Yoast SEO plugin. -->","yoast_head_json":{"title":"M\u00c1QUINA DE SELAR SACOS C\/ \u00cdMAN P\/ FRIGOR\u00cdFICO MAGSEAL - Curiosidades &amp; Dicas, Lda","robots":{"index":"index","follow":"follow","max-snippet":"max-snippet:-1","max-image-preview":"max-image-preview:large","max-video-preview":"max-video-preview:-1"},"canonical":"https:\/\/curiosidadesedicas.com\/loja\/produto\/maquina-de-selar-sacos-c-iman-p-frigorifico-magseal\/","og_locale":"pt_PT","og_type":"article","og_title":"M\u00c1QUINA DE SELAR SACOS C\/ \u00cdMAN P\/ FRIGOR\u00cdFICO MAGSEAL - Curiosidades &amp; Dicas, Lda","og_description":"Material:   ABS  \u00cdman    Cor:   Branco  Preto    Design moderno: Inovador e funcional  Tipo: El\u00e9trico  Original e port\u00e1til: Sem cabos  Multifun\u00e7\u00e3o: 2-in-1  Multiuso: Diversas utiliza\u00e7\u00f5es e espa\u00e7os  Fecho herm\u00e9tico: Prolonga a conserva\u00e7\u00e3o dos alimentos  Vers\u00e1til e adapt\u00e1vel: M\u00faltiplas posi\u00e7\u00f5es  \u00cdman para frigor\u00edfico: Apoio est\u00e1vel  Magn\u00e9tico: Ideal para superf\u00edcies met\u00e1licas (frigor\u00edfico, lavat\u00f3rio, etc.)  F\u00e1cil de utilizar: Utiliza\u00e7\u00e3o c\u00f3moda e simples  Tamanho Reduzido Compacto: Ocupa pouco espa\u00e7o  Leve e male\u00e1vel: F\u00e1cil de transportar e de guardar  Funciona com pilhas: 2 x AA, n\u00e3o inclu\u00eddas  Medidas aprox.: 9,5 x 4 x 4 cm","og_url":"https:\/\/curiosidadesedicas.com\/loja\/produto\/maquina-de-selar-sacos-c-iman-p-frigorifico-magseal\/","og_site_name":"Curiosidades &amp; Dicas, Lda","article_modified_time":"2025-03-12T09:11:43+00:00","og_image":[{"width":600,"height":600,"url":"https:\/\/curiosidadesedicas.com\/loja\/wp-content\/uploads\/2023\/04\/maquina-de-selar-sacos-com-iman-para-frigorifico-magseal-innovagoods_318902.jpg","type":"image\/jpeg"}],"twitter_card":"summary_large_image","twitter_misc":{"Tempo estimado de leitura":"1 minuto"},"schema":{"@context":"https:\/\/schema.org","@graph":[{"@type":"WebPage","@id":"https:\/\/curiosidadesedicas.com\/loja\/produto\/maquina-de-selar-sacos-c-iman-p-frigorifico-magseal\/","url":"https:\/\/curiosidadesedicas.com\/loja\/produto\/maquina-de-selar-sacos-c-iman-p-frigorifico-magseal\/","name":"M\u00c1QUINA DE SELAR SACOS C\/ \u00cdMAN P\/ FRIGOR\u00cdFICO MAGSEAL - Curiosidades &amp; Dicas, Lda","isPartOf":{"@id":"https:\/\/curiosidadesedicas.com\/loja\/#website"},"primaryImageOfPage":{"@id":"https:\/\/curiosidadesedicas.com\/loja\/produto\/maquina-de-selar-sacos-c-iman-p-frigorifico-magseal\/#primaryimage"},"image":{"@id":"https:\/\/curiosidadesedicas.com\/loja\/produto\/maquina-de-selar-sacos-c-iman-p-frigorifico-magseal\/#primaryimage"},"thumbnailUrl":"https:\/\/curiosidadesedicas.com\/loja\/wp-content\/uploads\/2023\/04\/maquina-de-selar-sacos-com-iman-para-frigorifico-magseal-innovagoods_318902.jpg","datePublished":"2023-04-28T14:05:52+00:00","dateModified":"2025-03-12T09:11:43+00:00","breadcrumb":{"@id":"https:\/\/curiosidadesedicas.com\/loja\/produto\/maquina-de-selar-sacos-c-iman-p-frigorifico-magseal\/#breadcrumb"},"inLanguage":"pt-PT","potentialAction":[{"@type":"ReadAction","target":["https:\/\/curiosidadesedicas.com\/loja\/produto\/maquina-de-selar-sacos-c-iman-p-frigorifico-magseal\/"]}]},{"@type":"ImageObject","inLanguage":"pt-PT","@id":"https:\/\/curiosidadesedicas.com\/loja\/produto\/maquina-de-selar-sacos-c-iman-p-frigorifico-magseal\/#primaryimage","url":"https:\/\/curiosidadesedicas.com\/loja\/wp-content\/uploads\/2023\/04\/maquina-de-selar-sacos-com-iman-para-frigorifico-magseal-innovagoods_318902.jpg","contentUrl":"https:\/\/curiosidadesedicas.com\/loja\/wp-content\/uploads\/2023\/04\/maquina-de-selar-sacos-com-iman-para-frigorifico-magseal-innovagoods_318902.jpg","width":600,"height":600},{"@type":"BreadcrumbList","@id":"https:\/\/curiosidadesedicas.com\/loja\/produto\/maquina-de-selar-sacos-c-iman-p-frigorifico-magseal\/#breadcrumb","itemListElement":[{"@type":"ListItem","position":1,"name":"In\u00edcio","item":"https:\/\/curiosidadesedicas.com\/loja\/"},{"@type":"ListItem","position":2,"name":"Produtos","item":"https:\/\/curiosidadesedicas.com\/loja\/produtos\/"},{"@type":"ListItem","position":3,"name":"M\u00c1QUINA DE SELAR SACOS C\/ \u00cdMAN P\/ FRIGOR\u00cdFICO MAGSEAL"}]},{"@type":"WebSite","@id":"https:\/\/curiosidadesedicas.com\/loja\/#website","url":"https:\/\/curiosidadesedicas.com\/loja\/","name":"Curiosidades &amp; Dicas, Lda","description":"Apaixonados Por Inova\u00e7\u00e3o","publisher":{"@id":"https:\/\/curiosidadesedicas.com\/loja\/#organization"},"potentialAction":[{"@type":"SearchAction","target":{"@type":"EntryPoint","urlTemplate":"https:\/\/curiosidadesedicas.com\/loja\/?s={search_term_string}"},"query-input":{"@type":"PropertyValueSpecification","valueRequired":true,"valueName":"search_term_string"}}],"inLanguage":"pt-PT"},{"@type":"Organization","@id":"https:\/\/curiosidadesedicas.com\/loja\/#organization","name":"Curiosidades & Dicas","url":"https:\/\/curiosidadesedicas.com\/loja\/","logo":{"@type":"ImageObject","inLanguage":"pt-PT","@id":"https:\/\/curiosidadesedicas.com\/loja\/#\/schema\/logo\/image\/","url":"https:\/\/curiosidadesedicas.com\/loja\/wp-content\/uploads\/2020\/05\/LogoCuriosidadesSimples.png","contentUrl":"https:\/\/curiosidadesedicas.com\/loja\/wp-content\/uploads\/2020\/05\/LogoCuriosidadesSimples.png","width":3528,"height":804,"caption":"Curiosidades & Dicas"},"image":{"@id":"https:\/\/curiosidadesedicas.com\/loja\/#\/schema\/logo\/image\/"}}]}},"_links":{"self":[{"href":"https:\/\/curiosidadesedicas.com\/loja\/wp-json\/wp\/v2\/product\/29864","targetHints":{"allow":["GET"]}}],"collection":[{"href":"https:\/\/curiosidadesedicas.com\/loja\/wp-json\/wp\/v2\/product"}],"about":[{"href":"https:\/\/curiosidadesedicas.com\/loja\/wp-json\/wp\/v2\/types\/product"}],"replies":[{"embeddable":true,"href":"https:\/\/curiosidadesedicas.com\/loja\/wp-json\/wp\/v2\/comments?post=29864"}],"wp:featuredmedia":[{"embeddable":true,"href":"https:\/\/curiosidadesedicas.com\/loja\/wp-json\/wp\/v2\/media\/29871"}],"wp:attachment":[{"href":"https:\/\/curiosidadesedicas.com\/loja\/wp-json\/wp\/v2\/media?parent=29864"}],"wp:term":[{"taxonomy":"product_brand","embeddable":true,"href":"https:\/\/curiosidadesedicas.com\/loja\/wp-json\/wp\/v2\/product_brand?post=29864"},{"taxonomy":"product_cat","embeddable":true,"href":"https:\/\/curiosidadesedicas.com\/loja\/wp-json\/wp\/v2\/product_cat?post=29864"},{"taxonomy":"product_tag","embeddable":true,"href":"https:\/\/curiosidadesedicas.com\/loja\/wp-json\/wp\/v2\/product_tag?post=29864"}],"curies":[{"name":"wp","href":"https:\/\/api.w.org\/{rel}","templated":true}]}}