{"id":29839,"date":"2023-04-28T12:57:18","date_gmt":"2023-04-28T12:57:18","guid":{"rendered":"https:\/\/curiosidadesedicas.com\/loja\/?post_type=product&#038;p=29839"},"modified":"2025-03-12T09:13:25","modified_gmt":"2025-03-12T09:13:25","slug":"ecobolas-p-frigorifico-3-unidades","status":"publish","type":"product","link":"https:\/\/curiosidadesedicas.com\/loja\/produto\/ecobolas-p-frigorifico-3-unidades\/","title":{"rendered":"ECOBOLAS P\/ FRIGOR\u00cdFICO 3 UNIDADES"},"content":{"rendered":"<p>Muito \u00fateis para prolongar a vida dos alimentos frescos no frigor\u00edfico, como frutas e legumes. Basta introduzir as ecobolas no frigor\u00edfico para que absorvam os gases libertados pelos alimentos, atrasando, desta forma, a sua deteriora\u00e7\u00e3o. Ademais, ajudam a reduzir os odores desagrad\u00e1veis no frigor\u00edfico.<\/p>\n<p><img loading=\"lazy\" decoding=\"async\" class=\"\" src=\"https:\/\/curiosidadesedicas.com\/loja\/wp-content\/uploads\/2023\/04\/ecobolas-para-frigorifico-innovagoods-3-unidades_43651-2.jpg\" width=\"380\" height=\"380\" \/><\/p>\n<p>&nbsp;<\/p>\n","protected":false},"excerpt":{"rendered":"<ul>\n<li>Material:\n<ul>\n<li>ABS<\/li>\n<li>Livre de BPA<\/li>\n<li>Carv\u00e3o ativo<\/li>\n<\/ul>\n<\/li>\n<li>Cor: Verde lim\u00e3o<\/li>\n<li>Unidades: 3 Unidades<\/li>\n<li>Design moderno: Inovador e funcional<\/li>\n<li>Tipo: Ecol\u00f3gico<\/li>\n<li>Caracter\u00edsticas: Reutiliz\u00e1vel<\/li>\n<li>F\u00e1cil de utilizar: Utiliza\u00e7\u00e3o c\u00f3moda e simples<\/li>\n<li>Neutralizador de odores: Evita maus odores<\/li>\n<li>Propriedades: Prolonga a conserva\u00e7\u00e3o dos alimentos<\/li>\n<li>Alimentos frescos durante mais tempo (at\u00e9 3 vezes mais): x3<\/li>\n<li>Compacto: Ocupa pouco espa\u00e7o<\/li>\n<li>Leve e male\u00e1vel: F\u00e1cil de transportar e de guardar<\/li>\n<li>Di\u00e2metro aprox.: 5 cm<\/li>\n<\/ul>\n","protected":false},"featured_media":29844,"comment_status":"open","ping_status":"closed","template":"","meta":{"_glsr_average":0,"_glsr_ranking":0,"_glsr_reviews":0},"product_brand":[],"product_cat":[365,366],"product_tag":[],"class_list":{"0":"post-29839","1":"product","2":"type-product","3":"status-publish","4":"has-post-thumbnail","6":"product_cat-para-o-lar","7":"product_cat-cozinha","9":"first","10":"instock","11":"taxable","12":"shipping-taxable","13":"purchasable","14":"product-type-simple"},"yoast_head":"<!-- This site is optimized with the Yoast SEO plugin v26.8 - https:\/\/yoast.com\/product\/yoast-seo-wordpress\/ -->\n<title>ECOBOLAS P\/ FRIGOR\u00cdFICO 3 UNIDADES - Curiosidades &amp; Dicas, Lda<\/title>\n<meta name=\"robots\" content=\"index, follow, max-snippet:-1, max-image-preview:large, max-video-preview:-1\" \/>\n<link rel=\"canonical\" href=\"https:\/\/curiosidadesedicas.com\/loja\/produto\/ecobolas-p-frigorifico-3-unidades\/\" \/>\n<meta property=\"og:locale\" content=\"pt_PT\" \/>\n<meta property=\"og:type\" content=\"article\" \/>\n<meta property=\"og:title\" content=\"ECOBOLAS P\/ FRIGOR\u00cdFICO 3 UNIDADES - Curiosidades &amp; Dicas, Lda\" \/>\n<meta property=\"og:description\" content=\"Material:   ABS  Livre de BPA  Carv\u00e3o ativo    Cor: Verde lim\u00e3o  Unidades: 3 Unidades  Design moderno: Inovador e funcional  Tipo: Ecol\u00f3gico  Caracter\u00edsticas: Reutiliz\u00e1vel  F\u00e1cil de utilizar: Utiliza\u00e7\u00e3o c\u00f3moda e simples  Neutralizador de odores: Evita maus odores  Propriedades: Prolonga a conserva\u00e7\u00e3o dos alimentos  Alimentos frescos durante mais tempo (at\u00e9 3 vezes mais): x3  Compacto: Ocupa pouco espa\u00e7o  Leve e male\u00e1vel: F\u00e1cil de transportar e de guardar  Di\u00e2metro aprox.: 5 cm\" \/>\n<meta property=\"og:url\" content=\"https:\/\/curiosidadesedicas.com\/loja\/produto\/ecobolas-p-frigorifico-3-unidades\/\" \/>\n<meta property=\"og:site_name\" content=\"Curiosidades &amp; Dicas, Lda\" \/>\n<meta property=\"article:modified_time\" content=\"2025-03-12T09:13:25+00:00\" \/>\n<meta property=\"og:image\" content=\"https:\/\/curiosidadesedicas.com\/loja\/wp-content\/uploads\/2023\/04\/ecobolas-para-frigorifico-innovagoods-3-unidades_43651.jpg\" \/>\n\t<meta property=\"og:image:width\" content=\"600\" \/>\n\t<meta property=\"og:image:height\" content=\"600\" \/>\n\t<meta property=\"og:image:type\" content=\"image\/jpeg\" \/>\n<meta name=\"twitter:card\" content=\"summary_large_image\" \/>\n<meta name=\"twitter:label1\" content=\"Tempo estimado de leitura\" \/>\n\t<meta name=\"twitter:data1\" content=\"1 minuto\" \/>\n<script type=\"application\/ld+json\" class=\"yoast-schema-graph\">{\"@context\":\"https:\/\/schema.org\",\"@graph\":[{\"@type\":\"WebPage\",\"@id\":\"https:\/\/curiosidadesedicas.com\/loja\/produto\/ecobolas-p-frigorifico-3-unidades\/\",\"url\":\"https:\/\/curiosidadesedicas.com\/loja\/produto\/ecobolas-p-frigorifico-3-unidades\/\",\"name\":\"ECOBOLAS P\/ FRIGOR\u00cdFICO 3 UNIDADES - Curiosidades &amp; Dicas, Lda\",\"isPartOf\":{\"@id\":\"https:\/\/curiosidadesedicas.com\/loja\/#website\"},\"primaryImageOfPage\":{\"@id\":\"https:\/\/curiosidadesedicas.com\/loja\/produto\/ecobolas-p-frigorifico-3-unidades\/#primaryimage\"},\"image\":{\"@id\":\"https:\/\/curiosidadesedicas.com\/loja\/produto\/ecobolas-p-frigorifico-3-unidades\/#primaryimage\"},\"thumbnailUrl\":\"https:\/\/curiosidadesedicas.com\/loja\/wp-content\/uploads\/2023\/04\/ecobolas-para-frigorifico-innovagoods-3-unidades_43651.jpg\",\"datePublished\":\"2023-04-28T12:57:18+00:00\",\"dateModified\":\"2025-03-12T09:13:25+00:00\",\"breadcrumb\":{\"@id\":\"https:\/\/curiosidadesedicas.com\/loja\/produto\/ecobolas-p-frigorifico-3-unidades\/#breadcrumb\"},\"inLanguage\":\"pt-PT\",\"potentialAction\":[{\"@type\":\"ReadAction\",\"target\":[\"https:\/\/curiosidadesedicas.com\/loja\/produto\/ecobolas-p-frigorifico-3-unidades\/\"]}]},{\"@type\":\"ImageObject\",\"inLanguage\":\"pt-PT\",\"@id\":\"https:\/\/curiosidadesedicas.com\/loja\/produto\/ecobolas-p-frigorifico-3-unidades\/#primaryimage\",\"url\":\"https:\/\/curiosidadesedicas.com\/loja\/wp-content\/uploads\/2023\/04\/ecobolas-para-frigorifico-innovagoods-3-unidades_43651.jpg\",\"contentUrl\":\"https:\/\/curiosidadesedicas.com\/loja\/wp-content\/uploads\/2023\/04\/ecobolas-para-frigorifico-innovagoods-3-unidades_43651.jpg\",\"width\":600,\"height\":600},{\"@type\":\"BreadcrumbList\",\"@id\":\"https:\/\/curiosidadesedicas.com\/loja\/produto\/ecobolas-p-frigorifico-3-unidades\/#breadcrumb\",\"itemListElement\":[{\"@type\":\"ListItem\",\"position\":1,\"name\":\"In\u00edcio\",\"item\":\"https:\/\/curiosidadesedicas.com\/loja\/\"},{\"@type\":\"ListItem\",\"position\":2,\"name\":\"Produtos\",\"item\":\"https:\/\/curiosidadesedicas.com\/loja\/produtos\/\"},{\"@type\":\"ListItem\",\"position\":3,\"name\":\"ECOBOLAS P\/ FRIGOR\u00cdFICO 3 UNIDADES\"}]},{\"@type\":\"WebSite\",\"@id\":\"https:\/\/curiosidadesedicas.com\/loja\/#website\",\"url\":\"https:\/\/curiosidadesedicas.com\/loja\/\",\"name\":\"Curiosidades &amp; Dicas, Lda\",\"description\":\"Apaixonados Por Inova\u00e7\u00e3o\",\"publisher\":{\"@id\":\"https:\/\/curiosidadesedicas.com\/loja\/#organization\"},\"potentialAction\":[{\"@type\":\"SearchAction\",\"target\":{\"@type\":\"EntryPoint\",\"urlTemplate\":\"https:\/\/curiosidadesedicas.com\/loja\/?s={search_term_string}\"},\"query-input\":{\"@type\":\"PropertyValueSpecification\",\"valueRequired\":true,\"valueName\":\"search_term_string\"}}],\"inLanguage\":\"pt-PT\"},{\"@type\":\"Organization\",\"@id\":\"https:\/\/curiosidadesedicas.com\/loja\/#organization\",\"name\":\"Curiosidades & Dicas\",\"url\":\"https:\/\/curiosidadesedicas.com\/loja\/\",\"logo\":{\"@type\":\"ImageObject\",\"inLanguage\":\"pt-PT\",\"@id\":\"https:\/\/curiosidadesedicas.com\/loja\/#\/schema\/logo\/image\/\",\"url\":\"https:\/\/curiosidadesedicas.com\/loja\/wp-content\/uploads\/2020\/05\/LogoCuriosidadesSimples.png\",\"contentUrl\":\"https:\/\/curiosidadesedicas.com\/loja\/wp-content\/uploads\/2020\/05\/LogoCuriosidadesSimples.png\",\"width\":3528,\"height\":804,\"caption\":\"Curiosidades & Dicas\"},\"image\":{\"@id\":\"https:\/\/curiosidadesedicas.com\/loja\/#\/schema\/logo\/image\/\"}}]}<\/script>\n<!-- \/ Yoast SEO plugin. -->","yoast_head_json":{"title":"ECOBOLAS P\/ FRIGOR\u00cdFICO 3 UNIDADES - Curiosidades &amp; Dicas, Lda","robots":{"index":"index","follow":"follow","max-snippet":"max-snippet:-1","max-image-preview":"max-image-preview:large","max-video-preview":"max-video-preview:-1"},"canonical":"https:\/\/curiosidadesedicas.com\/loja\/produto\/ecobolas-p-frigorifico-3-unidades\/","og_locale":"pt_PT","og_type":"article","og_title":"ECOBOLAS P\/ FRIGOR\u00cdFICO 3 UNIDADES - Curiosidades &amp; Dicas, Lda","og_description":"Material:   ABS  Livre de BPA  Carv\u00e3o ativo    Cor: Verde lim\u00e3o  Unidades: 3 Unidades  Design moderno: Inovador e funcional  Tipo: Ecol\u00f3gico  Caracter\u00edsticas: Reutiliz\u00e1vel  F\u00e1cil de utilizar: Utiliza\u00e7\u00e3o c\u00f3moda e simples  Neutralizador de odores: Evita maus odores  Propriedades: Prolonga a conserva\u00e7\u00e3o dos alimentos  Alimentos frescos durante mais tempo (at\u00e9 3 vezes mais): x3  Compacto: Ocupa pouco espa\u00e7o  Leve e male\u00e1vel: F\u00e1cil de transportar e de guardar  Di\u00e2metro aprox.: 5 cm","og_url":"https:\/\/curiosidadesedicas.com\/loja\/produto\/ecobolas-p-frigorifico-3-unidades\/","og_site_name":"Curiosidades &amp; Dicas, Lda","article_modified_time":"2025-03-12T09:13:25+00:00","og_image":[{"width":600,"height":600,"url":"https:\/\/curiosidadesedicas.com\/loja\/wp-content\/uploads\/2023\/04\/ecobolas-para-frigorifico-innovagoods-3-unidades_43651.jpg","type":"image\/jpeg"}],"twitter_card":"summary_large_image","twitter_misc":{"Tempo estimado de leitura":"1 minuto"},"schema":{"@context":"https:\/\/schema.org","@graph":[{"@type":"WebPage","@id":"https:\/\/curiosidadesedicas.com\/loja\/produto\/ecobolas-p-frigorifico-3-unidades\/","url":"https:\/\/curiosidadesedicas.com\/loja\/produto\/ecobolas-p-frigorifico-3-unidades\/","name":"ECOBOLAS P\/ FRIGOR\u00cdFICO 3 UNIDADES - Curiosidades &amp; Dicas, Lda","isPartOf":{"@id":"https:\/\/curiosidadesedicas.com\/loja\/#website"},"primaryImageOfPage":{"@id":"https:\/\/curiosidadesedicas.com\/loja\/produto\/ecobolas-p-frigorifico-3-unidades\/#primaryimage"},"image":{"@id":"https:\/\/curiosidadesedicas.com\/loja\/produto\/ecobolas-p-frigorifico-3-unidades\/#primaryimage"},"thumbnailUrl":"https:\/\/curiosidadesedicas.com\/loja\/wp-content\/uploads\/2023\/04\/ecobolas-para-frigorifico-innovagoods-3-unidades_43651.jpg","datePublished":"2023-04-28T12:57:18+00:00","dateModified":"2025-03-12T09:13:25+00:00","breadcrumb":{"@id":"https:\/\/curiosidadesedicas.com\/loja\/produto\/ecobolas-p-frigorifico-3-unidades\/#breadcrumb"},"inLanguage":"pt-PT","potentialAction":[{"@type":"ReadAction","target":["https:\/\/curiosidadesedicas.com\/loja\/produto\/ecobolas-p-frigorifico-3-unidades\/"]}]},{"@type":"ImageObject","inLanguage":"pt-PT","@id":"https:\/\/curiosidadesedicas.com\/loja\/produto\/ecobolas-p-frigorifico-3-unidades\/#primaryimage","url":"https:\/\/curiosidadesedicas.com\/loja\/wp-content\/uploads\/2023\/04\/ecobolas-para-frigorifico-innovagoods-3-unidades_43651.jpg","contentUrl":"https:\/\/curiosidadesedicas.com\/loja\/wp-content\/uploads\/2023\/04\/ecobolas-para-frigorifico-innovagoods-3-unidades_43651.jpg","width":600,"height":600},{"@type":"BreadcrumbList","@id":"https:\/\/curiosidadesedicas.com\/loja\/produto\/ecobolas-p-frigorifico-3-unidades\/#breadcrumb","itemListElement":[{"@type":"ListItem","position":1,"name":"In\u00edcio","item":"https:\/\/curiosidadesedicas.com\/loja\/"},{"@type":"ListItem","position":2,"name":"Produtos","item":"https:\/\/curiosidadesedicas.com\/loja\/produtos\/"},{"@type":"ListItem","position":3,"name":"ECOBOLAS P\/ FRIGOR\u00cdFICO 3 UNIDADES"}]},{"@type":"WebSite","@id":"https:\/\/curiosidadesedicas.com\/loja\/#website","url":"https:\/\/curiosidadesedicas.com\/loja\/","name":"Curiosidades &amp; Dicas, Lda","description":"Apaixonados Por Inova\u00e7\u00e3o","publisher":{"@id":"https:\/\/curiosidadesedicas.com\/loja\/#organization"},"potentialAction":[{"@type":"SearchAction","target":{"@type":"EntryPoint","urlTemplate":"https:\/\/curiosidadesedicas.com\/loja\/?s={search_term_string}"},"query-input":{"@type":"PropertyValueSpecification","valueRequired":true,"valueName":"search_term_string"}}],"inLanguage":"pt-PT"},{"@type":"Organization","@id":"https:\/\/curiosidadesedicas.com\/loja\/#organization","name":"Curiosidades & Dicas","url":"https:\/\/curiosidadesedicas.com\/loja\/","logo":{"@type":"ImageObject","inLanguage":"pt-PT","@id":"https:\/\/curiosidadesedicas.com\/loja\/#\/schema\/logo\/image\/","url":"https:\/\/curiosidadesedicas.com\/loja\/wp-content\/uploads\/2020\/05\/LogoCuriosidadesSimples.png","contentUrl":"https:\/\/curiosidadesedicas.com\/loja\/wp-content\/uploads\/2020\/05\/LogoCuriosidadesSimples.png","width":3528,"height":804,"caption":"Curiosidades & Dicas"},"image":{"@id":"https:\/\/curiosidadesedicas.com\/loja\/#\/schema\/logo\/image\/"}}]}},"_links":{"self":[{"href":"https:\/\/curiosidadesedicas.com\/loja\/wp-json\/wp\/v2\/product\/29839","targetHints":{"allow":["GET"]}}],"collection":[{"href":"https:\/\/curiosidadesedicas.com\/loja\/wp-json\/wp\/v2\/product"}],"about":[{"href":"https:\/\/curiosidadesedicas.com\/loja\/wp-json\/wp\/v2\/types\/product"}],"replies":[{"embeddable":true,"href":"https:\/\/curiosidadesedicas.com\/loja\/wp-json\/wp\/v2\/comments?post=29839"}],"wp:featuredmedia":[{"embeddable":true,"href":"https:\/\/curiosidadesedicas.com\/loja\/wp-json\/wp\/v2\/media\/29844"}],"wp:attachment":[{"href":"https:\/\/curiosidadesedicas.com\/loja\/wp-json\/wp\/v2\/media?parent=29839"}],"wp:term":[{"taxonomy":"product_brand","embeddable":true,"href":"https:\/\/curiosidadesedicas.com\/loja\/wp-json\/wp\/v2\/product_brand?post=29839"},{"taxonomy":"product_cat","embeddable":true,"href":"https:\/\/curiosidadesedicas.com\/loja\/wp-json\/wp\/v2\/product_cat?post=29839"},{"taxonomy":"product_tag","embeddable":true,"href":"https:\/\/curiosidadesedicas.com\/loja\/wp-json\/wp\/v2\/product_tag?post=29839"}],"curies":[{"name":"wp","href":"https:\/\/api.w.org\/{rel}","templated":true}]}}