{"id":29833,"date":"2023-04-28T12:47:39","date_gmt":"2023-04-28T12:47:39","guid":{"rendered":"https:\/\/curiosidadesedicas.com\/loja\/?post_type=product&#038;p=29833"},"modified":"2025-03-12T09:13:31","modified_gmt":"2025-03-12T09:13:31","slug":"dilatador-nasal-anti-ressonar","status":"publish","type":"product","link":"https:\/\/curiosidadesedicas.com\/loja\/produto\/dilatador-nasal-anti-ressonar\/","title":{"rendered":"DILATADOR NASAL ANTI-RESSONAR"},"content":{"rendered":"<p>Uma solu\u00e7\u00e3o simples e eficaz para evitar o desagrad\u00e1vel som do ressonar. \u00c9 perfeito para dormir e respirar melhor, o que favorece uma maior qualidade do sono. Al\u00e9m disso, tamb\u00e9m pode ser utilizado para aliviar a congest\u00e3o nasal.<\/p>\n<p><img loading=\"lazy\" decoding=\"async\" class=\"\" src=\"https:\/\/curiosidadesedicas.com\/loja\/wp-content\/uploads\/2023\/04\/dilatador-nasal-anti-ressonar-innovagoods_43473-1.jpg\" width=\"365\" height=\"365\" \/><\/p>\n","protected":false},"excerpt":{"rendered":"<ul>\n<li>Material:\n<ul>\n<li>Silicone<\/li>\n<li>\u00cdmanes<\/li>\n<\/ul>\n<\/li>\n<li>Cor:\n<ul>\n<li>Transparente<\/li>\n<li>Prateado<\/li>\n<\/ul>\n<\/li>\n<li>Design inovador e funcional: Ergon\u00f3mico<\/li>\n<li>Sexo: Unissexo<\/li>\n<li>Tipo: Magn\u00e9tico<\/li>\n<li>Natural: Sem efeitos secund\u00e1rios<\/li>\n<li>Caracter\u00edsticas: Reutiliz\u00e1vel<\/li>\n<li>F\u00e1cil limpeza: Lav\u00e1vel em \u00e1gua corrente sob a torneira<\/li>\n<li>F\u00e1cil de utilizar: Utiliza\u00e7\u00e3o c\u00f3moda e simples<\/li>\n<li>Ajust\u00e1vel: El\u00e1stico, flex\u00edvel e adapt\u00e1vel<\/li>\n<li>Compacto: Ocupa pouco espa\u00e7o<\/li>\n<li>Leve e male\u00e1vel: F\u00e1cil de transportar e de guardar<\/li>\n<li>Inclui: Caixa\/Estojo de transporte<\/li>\n<li>Efeitos ben\u00e9ficos: Ajuda a dormir e descansar<\/li>\n<li>Propriedades: Separa os cornetes nasais e aumenta o fluxo de ar<\/li>\n<li>Facilita a respira\u00e7\u00e3o tranquila e natural: Sono mais confort\u00e1vel e regenerador<\/li>\n<li>Uso recomendado: Uso Di\u00e1rio<\/li>\n<\/ul>\n","protected":false},"featured_media":29836,"comment_status":"open","ping_status":"closed","template":"","meta":{"_glsr_average":0,"_glsr_ranking":0,"_glsr_reviews":0},"product_brand":[],"product_cat":[357,358],"product_tag":[],"class_list":{"0":"post-29833","1":"product","2":"type-product","3":"status-publish","4":"has-post-thumbnail","6":"product_cat-bem-estar","7":"product_cat-saude-e-higiene","9":"first","10":"instock","11":"taxable","12":"shipping-taxable","13":"purchasable","14":"product-type-simple"},"yoast_head":"<!-- This site is optimized with the Yoast SEO plugin v26.8 - https:\/\/yoast.com\/product\/yoast-seo-wordpress\/ -->\n<title>DILATADOR NASAL ANTI-RESSONAR - Curiosidades &amp; Dicas, Lda<\/title>\n<meta name=\"robots\" content=\"index, follow, max-snippet:-1, max-image-preview:large, max-video-preview:-1\" \/>\n<link rel=\"canonical\" href=\"https:\/\/curiosidadesedicas.com\/loja\/produto\/dilatador-nasal-anti-ressonar\/\" \/>\n<meta property=\"og:locale\" content=\"pt_PT\" \/>\n<meta property=\"og:type\" content=\"article\" \/>\n<meta property=\"og:title\" content=\"DILATADOR NASAL ANTI-RESSONAR - Curiosidades &amp; Dicas, Lda\" \/>\n<meta property=\"og:description\" content=\"Material:   Silicone  \u00cdmanes    Cor:   Transparente  Prateado    Design inovador e funcional: Ergon\u00f3mico  Sexo: Unissexo  Tipo: Magn\u00e9tico  Natural: Sem efeitos secund\u00e1rios  Caracter\u00edsticas: Reutiliz\u00e1vel  F\u00e1cil limpeza: Lav\u00e1vel em \u00e1gua corrente sob a torneira  F\u00e1cil de utilizar: Utiliza\u00e7\u00e3o c\u00f3moda e simples  Ajust\u00e1vel: El\u00e1stico, flex\u00edvel e adapt\u00e1vel  Compacto: Ocupa pouco espa\u00e7o  Leve e male\u00e1vel: F\u00e1cil de transportar e de guardar  Inclui: Caixa\/Estojo de transporte  Efeitos ben\u00e9ficos: Ajuda a dormir e descansar  Propriedades: Separa os cornetes nasais e aumenta o fluxo de ar  Facilita a respira\u00e7\u00e3o tranquila e natural: Sono mais confort\u00e1vel e regenerador  Uso recomendado: Uso Di\u00e1rio\" \/>\n<meta property=\"og:url\" content=\"https:\/\/curiosidadesedicas.com\/loja\/produto\/dilatador-nasal-anti-ressonar\/\" \/>\n<meta property=\"og:site_name\" content=\"Curiosidades &amp; Dicas, Lda\" \/>\n<meta property=\"article:modified_time\" content=\"2025-03-12T09:13:31+00:00\" \/>\n<meta property=\"og:image\" content=\"https:\/\/curiosidadesedicas.com\/loja\/wp-content\/uploads\/2023\/04\/dilatador-nasal-anti-ressonar-innovagoods_43473-3.jpg\" \/>\n\t<meta property=\"og:image:width\" content=\"600\" \/>\n\t<meta property=\"og:image:height\" content=\"600\" \/>\n\t<meta property=\"og:image:type\" content=\"image\/jpeg\" \/>\n<meta name=\"twitter:card\" content=\"summary_large_image\" \/>\n<meta name=\"twitter:label1\" content=\"Tempo estimado de leitura\" \/>\n\t<meta name=\"twitter:data1\" content=\"1 minuto\" \/>\n<script type=\"application\/ld+json\" class=\"yoast-schema-graph\">{\"@context\":\"https:\/\/schema.org\",\"@graph\":[{\"@type\":\"WebPage\",\"@id\":\"https:\/\/curiosidadesedicas.com\/loja\/produto\/dilatador-nasal-anti-ressonar\/\",\"url\":\"https:\/\/curiosidadesedicas.com\/loja\/produto\/dilatador-nasal-anti-ressonar\/\",\"name\":\"DILATADOR NASAL ANTI-RESSONAR - Curiosidades &amp; Dicas, Lda\",\"isPartOf\":{\"@id\":\"https:\/\/curiosidadesedicas.com\/loja\/#website\"},\"primaryImageOfPage\":{\"@id\":\"https:\/\/curiosidadesedicas.com\/loja\/produto\/dilatador-nasal-anti-ressonar\/#primaryimage\"},\"image\":{\"@id\":\"https:\/\/curiosidadesedicas.com\/loja\/produto\/dilatador-nasal-anti-ressonar\/#primaryimage\"},\"thumbnailUrl\":\"https:\/\/curiosidadesedicas.com\/loja\/wp-content\/uploads\/2023\/04\/dilatador-nasal-anti-ressonar-innovagoods_43473-3.jpg\",\"datePublished\":\"2023-04-28T12:47:39+00:00\",\"dateModified\":\"2025-03-12T09:13:31+00:00\",\"breadcrumb\":{\"@id\":\"https:\/\/curiosidadesedicas.com\/loja\/produto\/dilatador-nasal-anti-ressonar\/#breadcrumb\"},\"inLanguage\":\"pt-PT\",\"potentialAction\":[{\"@type\":\"ReadAction\",\"target\":[\"https:\/\/curiosidadesedicas.com\/loja\/produto\/dilatador-nasal-anti-ressonar\/\"]}]},{\"@type\":\"ImageObject\",\"inLanguage\":\"pt-PT\",\"@id\":\"https:\/\/curiosidadesedicas.com\/loja\/produto\/dilatador-nasal-anti-ressonar\/#primaryimage\",\"url\":\"https:\/\/curiosidadesedicas.com\/loja\/wp-content\/uploads\/2023\/04\/dilatador-nasal-anti-ressonar-innovagoods_43473-3.jpg\",\"contentUrl\":\"https:\/\/curiosidadesedicas.com\/loja\/wp-content\/uploads\/2023\/04\/dilatador-nasal-anti-ressonar-innovagoods_43473-3.jpg\",\"width\":600,\"height\":600},{\"@type\":\"BreadcrumbList\",\"@id\":\"https:\/\/curiosidadesedicas.com\/loja\/produto\/dilatador-nasal-anti-ressonar\/#breadcrumb\",\"itemListElement\":[{\"@type\":\"ListItem\",\"position\":1,\"name\":\"In\u00edcio\",\"item\":\"https:\/\/curiosidadesedicas.com\/loja\/\"},{\"@type\":\"ListItem\",\"position\":2,\"name\":\"Produtos\",\"item\":\"https:\/\/curiosidadesedicas.com\/loja\/produtos\/\"},{\"@type\":\"ListItem\",\"position\":3,\"name\":\"DILATADOR NASAL ANTI-RESSONAR\"}]},{\"@type\":\"WebSite\",\"@id\":\"https:\/\/curiosidadesedicas.com\/loja\/#website\",\"url\":\"https:\/\/curiosidadesedicas.com\/loja\/\",\"name\":\"Curiosidades &amp; Dicas, Lda\",\"description\":\"Apaixonados Por Inova\u00e7\u00e3o\",\"publisher\":{\"@id\":\"https:\/\/curiosidadesedicas.com\/loja\/#organization\"},\"potentialAction\":[{\"@type\":\"SearchAction\",\"target\":{\"@type\":\"EntryPoint\",\"urlTemplate\":\"https:\/\/curiosidadesedicas.com\/loja\/?s={search_term_string}\"},\"query-input\":{\"@type\":\"PropertyValueSpecification\",\"valueRequired\":true,\"valueName\":\"search_term_string\"}}],\"inLanguage\":\"pt-PT\"},{\"@type\":\"Organization\",\"@id\":\"https:\/\/curiosidadesedicas.com\/loja\/#organization\",\"name\":\"Curiosidades & Dicas\",\"url\":\"https:\/\/curiosidadesedicas.com\/loja\/\",\"logo\":{\"@type\":\"ImageObject\",\"inLanguage\":\"pt-PT\",\"@id\":\"https:\/\/curiosidadesedicas.com\/loja\/#\/schema\/logo\/image\/\",\"url\":\"https:\/\/curiosidadesedicas.com\/loja\/wp-content\/uploads\/2020\/05\/LogoCuriosidadesSimples.png\",\"contentUrl\":\"https:\/\/curiosidadesedicas.com\/loja\/wp-content\/uploads\/2020\/05\/LogoCuriosidadesSimples.png\",\"width\":3528,\"height\":804,\"caption\":\"Curiosidades & Dicas\"},\"image\":{\"@id\":\"https:\/\/curiosidadesedicas.com\/loja\/#\/schema\/logo\/image\/\"}}]}<\/script>\n<!-- \/ Yoast SEO plugin. -->","yoast_head_json":{"title":"DILATADOR NASAL ANTI-RESSONAR - Curiosidades &amp; Dicas, Lda","robots":{"index":"index","follow":"follow","max-snippet":"max-snippet:-1","max-image-preview":"max-image-preview:large","max-video-preview":"max-video-preview:-1"},"canonical":"https:\/\/curiosidadesedicas.com\/loja\/produto\/dilatador-nasal-anti-ressonar\/","og_locale":"pt_PT","og_type":"article","og_title":"DILATADOR NASAL ANTI-RESSONAR - Curiosidades &amp; Dicas, Lda","og_description":"Material:   Silicone  \u00cdmanes    Cor:   Transparente  Prateado    Design inovador e funcional: Ergon\u00f3mico  Sexo: Unissexo  Tipo: Magn\u00e9tico  Natural: Sem efeitos secund\u00e1rios  Caracter\u00edsticas: Reutiliz\u00e1vel  F\u00e1cil limpeza: Lav\u00e1vel em \u00e1gua corrente sob a torneira  F\u00e1cil de utilizar: Utiliza\u00e7\u00e3o c\u00f3moda e simples  Ajust\u00e1vel: El\u00e1stico, flex\u00edvel e adapt\u00e1vel  Compacto: Ocupa pouco espa\u00e7o  Leve e male\u00e1vel: F\u00e1cil de transportar e de guardar  Inclui: Caixa\/Estojo de transporte  Efeitos ben\u00e9ficos: Ajuda a dormir e descansar  Propriedades: Separa os cornetes nasais e aumenta o fluxo de ar  Facilita a respira\u00e7\u00e3o tranquila e natural: Sono mais confort\u00e1vel e regenerador  Uso recomendado: Uso Di\u00e1rio","og_url":"https:\/\/curiosidadesedicas.com\/loja\/produto\/dilatador-nasal-anti-ressonar\/","og_site_name":"Curiosidades &amp; Dicas, Lda","article_modified_time":"2025-03-12T09:13:31+00:00","og_image":[{"width":600,"height":600,"url":"https:\/\/curiosidadesedicas.com\/loja\/wp-content\/uploads\/2023\/04\/dilatador-nasal-anti-ressonar-innovagoods_43473-3.jpg","type":"image\/jpeg"}],"twitter_card":"summary_large_image","twitter_misc":{"Tempo estimado de leitura":"1 minuto"},"schema":{"@context":"https:\/\/schema.org","@graph":[{"@type":"WebPage","@id":"https:\/\/curiosidadesedicas.com\/loja\/produto\/dilatador-nasal-anti-ressonar\/","url":"https:\/\/curiosidadesedicas.com\/loja\/produto\/dilatador-nasal-anti-ressonar\/","name":"DILATADOR NASAL ANTI-RESSONAR - Curiosidades &amp; Dicas, Lda","isPartOf":{"@id":"https:\/\/curiosidadesedicas.com\/loja\/#website"},"primaryImageOfPage":{"@id":"https:\/\/curiosidadesedicas.com\/loja\/produto\/dilatador-nasal-anti-ressonar\/#primaryimage"},"image":{"@id":"https:\/\/curiosidadesedicas.com\/loja\/produto\/dilatador-nasal-anti-ressonar\/#primaryimage"},"thumbnailUrl":"https:\/\/curiosidadesedicas.com\/loja\/wp-content\/uploads\/2023\/04\/dilatador-nasal-anti-ressonar-innovagoods_43473-3.jpg","datePublished":"2023-04-28T12:47:39+00:00","dateModified":"2025-03-12T09:13:31+00:00","breadcrumb":{"@id":"https:\/\/curiosidadesedicas.com\/loja\/produto\/dilatador-nasal-anti-ressonar\/#breadcrumb"},"inLanguage":"pt-PT","potentialAction":[{"@type":"ReadAction","target":["https:\/\/curiosidadesedicas.com\/loja\/produto\/dilatador-nasal-anti-ressonar\/"]}]},{"@type":"ImageObject","inLanguage":"pt-PT","@id":"https:\/\/curiosidadesedicas.com\/loja\/produto\/dilatador-nasal-anti-ressonar\/#primaryimage","url":"https:\/\/curiosidadesedicas.com\/loja\/wp-content\/uploads\/2023\/04\/dilatador-nasal-anti-ressonar-innovagoods_43473-3.jpg","contentUrl":"https:\/\/curiosidadesedicas.com\/loja\/wp-content\/uploads\/2023\/04\/dilatador-nasal-anti-ressonar-innovagoods_43473-3.jpg","width":600,"height":600},{"@type":"BreadcrumbList","@id":"https:\/\/curiosidadesedicas.com\/loja\/produto\/dilatador-nasal-anti-ressonar\/#breadcrumb","itemListElement":[{"@type":"ListItem","position":1,"name":"In\u00edcio","item":"https:\/\/curiosidadesedicas.com\/loja\/"},{"@type":"ListItem","position":2,"name":"Produtos","item":"https:\/\/curiosidadesedicas.com\/loja\/produtos\/"},{"@type":"ListItem","position":3,"name":"DILATADOR NASAL ANTI-RESSONAR"}]},{"@type":"WebSite","@id":"https:\/\/curiosidadesedicas.com\/loja\/#website","url":"https:\/\/curiosidadesedicas.com\/loja\/","name":"Curiosidades &amp; Dicas, Lda","description":"Apaixonados Por Inova\u00e7\u00e3o","publisher":{"@id":"https:\/\/curiosidadesedicas.com\/loja\/#organization"},"potentialAction":[{"@type":"SearchAction","target":{"@type":"EntryPoint","urlTemplate":"https:\/\/curiosidadesedicas.com\/loja\/?s={search_term_string}"},"query-input":{"@type":"PropertyValueSpecification","valueRequired":true,"valueName":"search_term_string"}}],"inLanguage":"pt-PT"},{"@type":"Organization","@id":"https:\/\/curiosidadesedicas.com\/loja\/#organization","name":"Curiosidades & Dicas","url":"https:\/\/curiosidadesedicas.com\/loja\/","logo":{"@type":"ImageObject","inLanguage":"pt-PT","@id":"https:\/\/curiosidadesedicas.com\/loja\/#\/schema\/logo\/image\/","url":"https:\/\/curiosidadesedicas.com\/loja\/wp-content\/uploads\/2020\/05\/LogoCuriosidadesSimples.png","contentUrl":"https:\/\/curiosidadesedicas.com\/loja\/wp-content\/uploads\/2020\/05\/LogoCuriosidadesSimples.png","width":3528,"height":804,"caption":"Curiosidades & Dicas"},"image":{"@id":"https:\/\/curiosidadesedicas.com\/loja\/#\/schema\/logo\/image\/"}}]}},"_links":{"self":[{"href":"https:\/\/curiosidadesedicas.com\/loja\/wp-json\/wp\/v2\/product\/29833","targetHints":{"allow":["GET"]}}],"collection":[{"href":"https:\/\/curiosidadesedicas.com\/loja\/wp-json\/wp\/v2\/product"}],"about":[{"href":"https:\/\/curiosidadesedicas.com\/loja\/wp-json\/wp\/v2\/types\/product"}],"replies":[{"embeddable":true,"href":"https:\/\/curiosidadesedicas.com\/loja\/wp-json\/wp\/v2\/comments?post=29833"}],"wp:featuredmedia":[{"embeddable":true,"href":"https:\/\/curiosidadesedicas.com\/loja\/wp-json\/wp\/v2\/media\/29836"}],"wp:attachment":[{"href":"https:\/\/curiosidadesedicas.com\/loja\/wp-json\/wp\/v2\/media?parent=29833"}],"wp:term":[{"taxonomy":"product_brand","embeddable":true,"href":"https:\/\/curiosidadesedicas.com\/loja\/wp-json\/wp\/v2\/product_brand?post=29833"},{"taxonomy":"product_cat","embeddable":true,"href":"https:\/\/curiosidadesedicas.com\/loja\/wp-json\/wp\/v2\/product_cat?post=29833"},{"taxonomy":"product_tag","embeddable":true,"href":"https:\/\/curiosidadesedicas.com\/loja\/wp-json\/wp\/v2\/product_tag?post=29833"}],"curies":[{"name":"wp","href":"https:\/\/api.w.org\/{rel}","templated":true}]}}