{"id":29689,"date":"2023-04-12T08:45:50","date_gmt":"2023-04-12T08:45:50","guid":{"rendered":"https:\/\/curiosidadesedicas.com\/loja\/?post_type=product&#038;p=29689"},"modified":"2025-04-24T12:27:04","modified_gmt":"2025-04-24T12:27:04","slug":"mosquiteira-c-moldura-extensivel","status":"publish","type":"product","link":"https:\/\/curiosidadesedicas.com\/loja\/produto\/mosquiteira-c-moldura-extensivel\/","title":{"rendered":"MOSQUITEIRA C\/ MOLDURA EXTENS\u00cdVEL"},"content":{"rendered":"<p>Uma mosquiteira com moldura extens\u00edvel nas medidas 75 x 100 at\u00e9 193cm ou 70 x 90 at\u00e9 172cm. Estrutura nas cores preto e branco. Ideal para janelas e persianas ate 192cm ou 172cm largura. Montagem em 15 segundos. \u00d3tima transpar\u00eancia!<\/p>\n<ul>\n<li>Perfil de alum\u00ednio<\/li>\n<li>Malha de fibra de vidro de alta qualidade para \u00f3tima transpar\u00eancia\n<div>\n<div dir=\"ltr\" data-smartmail=\"gmail_signature\" data-lt-sig=\"1\">\n<div dir=\"ltr\">\n<div dir=\"ltr\">\n<div dir=\"ltr\">\n<div dir=\"ltr\">\n<div dir=\"ltr\">\n<div dir=\"ltr\"><\/div>\n<\/div>\n<\/div>\n<\/div>\n<\/div>\n<\/div>\n<\/div>\n<\/div>\n<\/li>\n<\/ul>\n<p>Ideal para proteger os nossos bichinhos:<\/p>\n<p><img loading=\"lazy\" decoding=\"async\" class=\"alignnone wp-image-26001 size-full\" src=\"https:\/\/curiosidadesedicas.com\/loja\/wp-content\/uploads\/2021\/06\/Mosquiteira-animais.gif\" alt=\"\" width=\"600\" height=\"600\" \/><\/p>\n<p>&nbsp;<\/p>\n<p>Pode ser usada na horizontal ou na vertical.<\/p>\n<p><img decoding=\"async\" src=\"https:\/\/curiosidadesedicas.com\/loja\/wp-content\/uploads\/2023\/04\/ESQUEMA-mosquiteira-extensivel-2.png\" \/><\/p>\n<p>&nbsp;<\/p>\n<p>&nbsp;<\/p>\n","protected":false},"excerpt":{"rendered":"<ul>\n<li>Medidas: 75 x 100 at\u00e9 193cm ou 70 x 90 at\u00e9 172cm<\/li>\n<li>Cor da estrutura: branco e preto<\/li>\n<li>Super resistentes e pr\u00e1ticas<\/li>\n<li>Perfil de alum\u00ednio<\/li>\n<li>Malha de fibra de vidro de alta qualidade para \u00f3tima transpar\u00eancia<\/li>\n<li>Pode ser usada na horizontal ou na vertical<\/li>\n<li>Servem de barreira para os animais<\/li>\n<li>\n<div>Se tiver persiana ou estores e as janelas forem de correr, consegue usar a mosquiteira na horizontal e na vertical<\/div>\n<\/li>\n<li>\n<div>Se tiver s\u00f3 persiana e as janelas forem de abrir, as janelas ou portas n\u00e3o podem medir mais do que 193cm ou 172cm de largura. Se medir igual ou menos, fica bem<\/div>\n<\/li>\n<li>Caso n\u00e3o tenha persiana, mas as janelas forem de abrir, pode usar a mosquiteira ao alto, desde que a janela ou porta n\u00e3o tenha mais do que 193cm ou 172cm<\/li>\n<li>Se tiver portadas com janelas de correr, pode usar ao alto, desde que a janela ou porta n\u00e3o me\u00e7a mais do que 193cm ou 172cm<\/li>\n<\/ul>\n<p>Caso pretenda um modelo menor pode verificar <a href=\"https:\/\/curiosidadesedicas.com\/loja\/categoria-produto\/anti-insetos\/naturais\/?orderby=date\" target=\"_blank\" rel=\"noopener\"><strong>aqui<\/strong><\/a><\/p>\n<p>https:\/\/www.youtube.com\/watch?v=CEy0AfRchco<\/p>\n","protected":false},"featured_media":29690,"comment_status":"open","ping_status":"closed","template":"","meta":{"_glsr_average":0,"_glsr_ranking":0,"_glsr_reviews":0},"product_brand":[],"product_cat":[387,389],"product_tag":[],"class_list":{"0":"post-29689","1":"product","2":"type-product","3":"status-publish","4":"has-post-thumbnail","6":"product_cat-anti-insetos","7":"product_cat-naturais","9":"first","10":"instock","11":"taxable","12":"shipping-taxable","13":"purchasable","14":"product-type-variable"},"yoast_head":"<!-- This site is optimized with the Yoast SEO plugin v26.8 - https:\/\/yoast.com\/product\/yoast-seo-wordpress\/ -->\n<title>MOSQUITEIRA C\/ MOLDURA EXTENS\u00cdVEL - Curiosidades &amp; Dicas, Lda<\/title>\n<meta name=\"robots\" content=\"index, follow, max-snippet:-1, max-image-preview:large, max-video-preview:-1\" \/>\n<link rel=\"canonical\" href=\"https:\/\/curiosidadesedicas.com\/loja\/produto\/mosquiteira-c-moldura-extensivel\/\" \/>\n<meta property=\"og:locale\" content=\"pt_PT\" \/>\n<meta property=\"og:type\" content=\"article\" \/>\n<meta property=\"og:title\" content=\"MOSQUITEIRA C\/ MOLDURA EXTENS\u00cdVEL - Curiosidades &amp; Dicas, Lda\" \/>\n<meta property=\"og:description\" content=\"Medidas: 75 x 100 at\u00e9 193cm ou 70 x 90 at\u00e9 172cm  Cor da estrutura: branco e preto  Super resistentes e pr\u00e1ticas  Perfil de alum\u00ednio  Malha de fibra de vidro de alta qualidade para \u00f3tima transpar\u00eancia  Pode ser usada na horizontal ou na vertical  Servem de barreira para os animais   Se tiver persiana ou estores e as janelas forem de correr, consegue usar a mosquiteira na horizontal e na vertical   Se tiver s\u00f3 persiana e as janelas forem de abrir, as janelas ou portas n\u00e3o podem medir mais do que 193cm ou 172cm de largura. Se medir igual ou menos, fica bem  Caso n\u00e3o tenha persiana, mas as janelas forem de abrir, pode usar a mosquiteira ao alto, desde que a janela ou porta n\u00e3o tenha mais do que 193cm ou 172cm  Se tiver portadas com janelas de correr, pode usar ao alto, desde que a janela ou porta n\u00e3o me\u00e7a mais do que 193cm ou 172cm  Caso pretenda um modelo menor pode verificar aqui  https:\/\/www.youtube.com\/watch?v=CEy0AfRchco\" \/>\n<meta property=\"og:url\" content=\"https:\/\/curiosidadesedicas.com\/loja\/produto\/mosquiteira-c-moldura-extensivel\/\" \/>\n<meta property=\"og:site_name\" content=\"Curiosidades &amp; Dicas, Lda\" \/>\n<meta property=\"article:modified_time\" content=\"2025-04-24T12:27:04+00:00\" \/>\n<meta property=\"og:image\" content=\"https:\/\/curiosidadesedicas.com\/loja\/wp-content\/uploads\/2023\/04\/75896.jpg\" \/>\n\t<meta property=\"og:image:width\" content=\"1000\" \/>\n\t<meta property=\"og:image:height\" content=\"1000\" \/>\n\t<meta property=\"og:image:type\" content=\"image\/jpeg\" \/>\n<meta name=\"twitter:card\" content=\"summary_large_image\" \/>\n<meta name=\"twitter:label1\" content=\"Tempo estimado de leitura\" \/>\n\t<meta name=\"twitter:data1\" content=\"1 minuto\" \/>\n<script type=\"application\/ld+json\" class=\"yoast-schema-graph\">{\"@context\":\"https:\/\/schema.org\",\"@graph\":[{\"@type\":\"WebPage\",\"@id\":\"https:\/\/curiosidadesedicas.com\/loja\/produto\/mosquiteira-c-moldura-extensivel\/\",\"url\":\"https:\/\/curiosidadesedicas.com\/loja\/produto\/mosquiteira-c-moldura-extensivel\/\",\"name\":\"MOSQUITEIRA C\/ MOLDURA EXTENS\u00cdVEL - Curiosidades &amp; Dicas, Lda\",\"isPartOf\":{\"@id\":\"https:\/\/curiosidadesedicas.com\/loja\/#website\"},\"primaryImageOfPage\":{\"@id\":\"https:\/\/curiosidadesedicas.com\/loja\/produto\/mosquiteira-c-moldura-extensivel\/#primaryimage\"},\"image\":{\"@id\":\"https:\/\/curiosidadesedicas.com\/loja\/produto\/mosquiteira-c-moldura-extensivel\/#primaryimage\"},\"thumbnailUrl\":\"https:\/\/curiosidadesedicas.com\/loja\/wp-content\/uploads\/2023\/04\/75896.jpg\",\"datePublished\":\"2023-04-12T08:45:50+00:00\",\"dateModified\":\"2025-04-24T12:27:04+00:00\",\"breadcrumb\":{\"@id\":\"https:\/\/curiosidadesedicas.com\/loja\/produto\/mosquiteira-c-moldura-extensivel\/#breadcrumb\"},\"inLanguage\":\"pt-PT\",\"potentialAction\":[{\"@type\":\"ReadAction\",\"target\":[\"https:\/\/curiosidadesedicas.com\/loja\/produto\/mosquiteira-c-moldura-extensivel\/\"]}]},{\"@type\":\"ImageObject\",\"inLanguage\":\"pt-PT\",\"@id\":\"https:\/\/curiosidadesedicas.com\/loja\/produto\/mosquiteira-c-moldura-extensivel\/#primaryimage\",\"url\":\"https:\/\/curiosidadesedicas.com\/loja\/wp-content\/uploads\/2023\/04\/75896.jpg\",\"contentUrl\":\"https:\/\/curiosidadesedicas.com\/loja\/wp-content\/uploads\/2023\/04\/75896.jpg\",\"width\":1000,\"height\":1000},{\"@type\":\"BreadcrumbList\",\"@id\":\"https:\/\/curiosidadesedicas.com\/loja\/produto\/mosquiteira-c-moldura-extensivel\/#breadcrumb\",\"itemListElement\":[{\"@type\":\"ListItem\",\"position\":1,\"name\":\"In\u00edcio\",\"item\":\"https:\/\/curiosidadesedicas.com\/loja\/\"},{\"@type\":\"ListItem\",\"position\":2,\"name\":\"Produtos\",\"item\":\"https:\/\/curiosidadesedicas.com\/loja\/produtos\/\"},{\"@type\":\"ListItem\",\"position\":3,\"name\":\"MOSQUITEIRA C\/ MOLDURA EXTENS\u00cdVEL\"}]},{\"@type\":\"WebSite\",\"@id\":\"https:\/\/curiosidadesedicas.com\/loja\/#website\",\"url\":\"https:\/\/curiosidadesedicas.com\/loja\/\",\"name\":\"Curiosidades &amp; Dicas, Lda\",\"description\":\"Apaixonados Por Inova\u00e7\u00e3o\",\"publisher\":{\"@id\":\"https:\/\/curiosidadesedicas.com\/loja\/#organization\"},\"potentialAction\":[{\"@type\":\"SearchAction\",\"target\":{\"@type\":\"EntryPoint\",\"urlTemplate\":\"https:\/\/curiosidadesedicas.com\/loja\/?s={search_term_string}\"},\"query-input\":{\"@type\":\"PropertyValueSpecification\",\"valueRequired\":true,\"valueName\":\"search_term_string\"}}],\"inLanguage\":\"pt-PT\"},{\"@type\":\"Organization\",\"@id\":\"https:\/\/curiosidadesedicas.com\/loja\/#organization\",\"name\":\"Curiosidades & Dicas\",\"url\":\"https:\/\/curiosidadesedicas.com\/loja\/\",\"logo\":{\"@type\":\"ImageObject\",\"inLanguage\":\"pt-PT\",\"@id\":\"https:\/\/curiosidadesedicas.com\/loja\/#\/schema\/logo\/image\/\",\"url\":\"https:\/\/curiosidadesedicas.com\/loja\/wp-content\/uploads\/2020\/05\/LogoCuriosidadesSimples.png\",\"contentUrl\":\"https:\/\/curiosidadesedicas.com\/loja\/wp-content\/uploads\/2020\/05\/LogoCuriosidadesSimples.png\",\"width\":3528,\"height\":804,\"caption\":\"Curiosidades & Dicas\"},\"image\":{\"@id\":\"https:\/\/curiosidadesedicas.com\/loja\/#\/schema\/logo\/image\/\"}}]}<\/script>\n<!-- \/ Yoast SEO plugin. -->","yoast_head_json":{"title":"MOSQUITEIRA C\/ MOLDURA EXTENS\u00cdVEL - Curiosidades &amp; Dicas, Lda","robots":{"index":"index","follow":"follow","max-snippet":"max-snippet:-1","max-image-preview":"max-image-preview:large","max-video-preview":"max-video-preview:-1"},"canonical":"https:\/\/curiosidadesedicas.com\/loja\/produto\/mosquiteira-c-moldura-extensivel\/","og_locale":"pt_PT","og_type":"article","og_title":"MOSQUITEIRA C\/ MOLDURA EXTENS\u00cdVEL - Curiosidades &amp; Dicas, Lda","og_description":"Medidas: 75 x 100 at\u00e9 193cm ou 70 x 90 at\u00e9 172cm  Cor da estrutura: branco e preto  Super resistentes e pr\u00e1ticas  Perfil de alum\u00ednio  Malha de fibra de vidro de alta qualidade para \u00f3tima transpar\u00eancia  Pode ser usada na horizontal ou na vertical  Servem de barreira para os animais   Se tiver persiana ou estores e as janelas forem de correr, consegue usar a mosquiteira na horizontal e na vertical   Se tiver s\u00f3 persiana e as janelas forem de abrir, as janelas ou portas n\u00e3o podem medir mais do que 193cm ou 172cm de largura. Se medir igual ou menos, fica bem  Caso n\u00e3o tenha persiana, mas as janelas forem de abrir, pode usar a mosquiteira ao alto, desde que a janela ou porta n\u00e3o tenha mais do que 193cm ou 172cm  Se tiver portadas com janelas de correr, pode usar ao alto, desde que a janela ou porta n\u00e3o me\u00e7a mais do que 193cm ou 172cm  Caso pretenda um modelo menor pode verificar aqui  https:\/\/www.youtube.com\/watch?v=CEy0AfRchco","og_url":"https:\/\/curiosidadesedicas.com\/loja\/produto\/mosquiteira-c-moldura-extensivel\/","og_site_name":"Curiosidades &amp; Dicas, Lda","article_modified_time":"2025-04-24T12:27:04+00:00","og_image":[{"width":1000,"height":1000,"url":"https:\/\/curiosidadesedicas.com\/loja\/wp-content\/uploads\/2023\/04\/75896.jpg","type":"image\/jpeg"}],"twitter_card":"summary_large_image","twitter_misc":{"Tempo estimado de leitura":"1 minuto"},"schema":{"@context":"https:\/\/schema.org","@graph":[{"@type":"WebPage","@id":"https:\/\/curiosidadesedicas.com\/loja\/produto\/mosquiteira-c-moldura-extensivel\/","url":"https:\/\/curiosidadesedicas.com\/loja\/produto\/mosquiteira-c-moldura-extensivel\/","name":"MOSQUITEIRA C\/ MOLDURA EXTENS\u00cdVEL - Curiosidades &amp; Dicas, Lda","isPartOf":{"@id":"https:\/\/curiosidadesedicas.com\/loja\/#website"},"primaryImageOfPage":{"@id":"https:\/\/curiosidadesedicas.com\/loja\/produto\/mosquiteira-c-moldura-extensivel\/#primaryimage"},"image":{"@id":"https:\/\/curiosidadesedicas.com\/loja\/produto\/mosquiteira-c-moldura-extensivel\/#primaryimage"},"thumbnailUrl":"https:\/\/curiosidadesedicas.com\/loja\/wp-content\/uploads\/2023\/04\/75896.jpg","datePublished":"2023-04-12T08:45:50+00:00","dateModified":"2025-04-24T12:27:04+00:00","breadcrumb":{"@id":"https:\/\/curiosidadesedicas.com\/loja\/produto\/mosquiteira-c-moldura-extensivel\/#breadcrumb"},"inLanguage":"pt-PT","potentialAction":[{"@type":"ReadAction","target":["https:\/\/curiosidadesedicas.com\/loja\/produto\/mosquiteira-c-moldura-extensivel\/"]}]},{"@type":"ImageObject","inLanguage":"pt-PT","@id":"https:\/\/curiosidadesedicas.com\/loja\/produto\/mosquiteira-c-moldura-extensivel\/#primaryimage","url":"https:\/\/curiosidadesedicas.com\/loja\/wp-content\/uploads\/2023\/04\/75896.jpg","contentUrl":"https:\/\/curiosidadesedicas.com\/loja\/wp-content\/uploads\/2023\/04\/75896.jpg","width":1000,"height":1000},{"@type":"BreadcrumbList","@id":"https:\/\/curiosidadesedicas.com\/loja\/produto\/mosquiteira-c-moldura-extensivel\/#breadcrumb","itemListElement":[{"@type":"ListItem","position":1,"name":"In\u00edcio","item":"https:\/\/curiosidadesedicas.com\/loja\/"},{"@type":"ListItem","position":2,"name":"Produtos","item":"https:\/\/curiosidadesedicas.com\/loja\/produtos\/"},{"@type":"ListItem","position":3,"name":"MOSQUITEIRA C\/ MOLDURA EXTENS\u00cdVEL"}]},{"@type":"WebSite","@id":"https:\/\/curiosidadesedicas.com\/loja\/#website","url":"https:\/\/curiosidadesedicas.com\/loja\/","name":"Curiosidades &amp; Dicas, Lda","description":"Apaixonados Por Inova\u00e7\u00e3o","publisher":{"@id":"https:\/\/curiosidadesedicas.com\/loja\/#organization"},"potentialAction":[{"@type":"SearchAction","target":{"@type":"EntryPoint","urlTemplate":"https:\/\/curiosidadesedicas.com\/loja\/?s={search_term_string}"},"query-input":{"@type":"PropertyValueSpecification","valueRequired":true,"valueName":"search_term_string"}}],"inLanguage":"pt-PT"},{"@type":"Organization","@id":"https:\/\/curiosidadesedicas.com\/loja\/#organization","name":"Curiosidades & Dicas","url":"https:\/\/curiosidadesedicas.com\/loja\/","logo":{"@type":"ImageObject","inLanguage":"pt-PT","@id":"https:\/\/curiosidadesedicas.com\/loja\/#\/schema\/logo\/image\/","url":"https:\/\/curiosidadesedicas.com\/loja\/wp-content\/uploads\/2020\/05\/LogoCuriosidadesSimples.png","contentUrl":"https:\/\/curiosidadesedicas.com\/loja\/wp-content\/uploads\/2020\/05\/LogoCuriosidadesSimples.png","width":3528,"height":804,"caption":"Curiosidades & Dicas"},"image":{"@id":"https:\/\/curiosidadesedicas.com\/loja\/#\/schema\/logo\/image\/"}}]}},"_links":{"self":[{"href":"https:\/\/curiosidadesedicas.com\/loja\/wp-json\/wp\/v2\/product\/29689","targetHints":{"allow":["GET"]}}],"collection":[{"href":"https:\/\/curiosidadesedicas.com\/loja\/wp-json\/wp\/v2\/product"}],"about":[{"href":"https:\/\/curiosidadesedicas.com\/loja\/wp-json\/wp\/v2\/types\/product"}],"replies":[{"embeddable":true,"href":"https:\/\/curiosidadesedicas.com\/loja\/wp-json\/wp\/v2\/comments?post=29689"}],"wp:featuredmedia":[{"embeddable":true,"href":"https:\/\/curiosidadesedicas.com\/loja\/wp-json\/wp\/v2\/media\/29690"}],"wp:attachment":[{"href":"https:\/\/curiosidadesedicas.com\/loja\/wp-json\/wp\/v2\/media?parent=29689"}],"wp:term":[{"taxonomy":"product_brand","embeddable":true,"href":"https:\/\/curiosidadesedicas.com\/loja\/wp-json\/wp\/v2\/product_brand?post=29689"},{"taxonomy":"product_cat","embeddable":true,"href":"https:\/\/curiosidadesedicas.com\/loja\/wp-json\/wp\/v2\/product_cat?post=29689"},{"taxonomy":"product_tag","embeddable":true,"href":"https:\/\/curiosidadesedicas.com\/loja\/wp-json\/wp\/v2\/product_tag?post=29689"}],"curies":[{"name":"wp","href":"https:\/\/api.w.org\/{rel}","templated":true}]}}