{"id":29378,"date":"2023-02-02T16:55:51","date_gmt":"2023-02-02T16:55:51","guid":{"rendered":"https:\/\/curiosidadesedicas.com\/loja\/?post_type=product&#038;p=29378"},"modified":"2025-03-12T09:32:29","modified_gmt":"2025-03-12T09:32:29","slug":"radiador-de-oleo-oileven-2500-w-11-corpos","status":"publish","type":"product","link":"https:\/\/curiosidadesedicas.com\/loja\/produto\/radiador-de-oleo-oileven-2500-w-11-corpos\/","title":{"rendered":"RADIADOR DE \u00d3LEO OILEVEN 2500 W (11 CORPOS)"},"content":{"rendered":"<p>O\u00a0<b>radiador a \u00f3leo Oileven<\/b>\u00a0\u00e9 perfeito para aquecer qualquer divis\u00e3o da casa durante o inverno. Este poderoso\u00a0<b>radiador a \u00f3leo com 11 aletas\u00a0<\/b>proporciona um calor reconfortante e \u00e9 limpo, eficiente, seguro e silencioso. Al\u00e9m disso, permite selecionar o n\u00edvel de pot\u00eancia e temperatura, aproveitando ao m\u00e1ximo a energia consumida. Possui uma pega e rodas para um f\u00e1cil manuseio e para mov\u00ea-lo de uma parte da casa para outra. O seu compartimento para cabos \u00e9 extremamente \u00fatil para guardar o cabo quando o radiador n\u00e3o estiver a ser utilizado.<\/p>\n<ul>\n<li><b>Radiador a \u00f3leo com 11 elementos de aquecimento<\/b><\/li>\n<li>Design moderno, compacto, leve e port\u00e1til<\/li>\n<li>Robusto, resistente, f\u00e1cil de usar e limpar<\/li>\n<li>Alta pot\u00eancia e efici\u00eancia: economiza energia<\/li>\n<li><b>3 n\u00edveis de pot\u00eancia:\u00a01000-1500-2500 W<\/b><\/li>\n<li><b>Ideal para salas de at\u00e9 28 m\u00b2<\/b><\/li>\n<li><b>Seguro, prote\u00e7\u00e3o contra superaquecimento<\/b><\/li>\n<li><b>Term\u00f3stato ajust\u00e1vel, mant\u00e9m a temperatura est\u00e1vel<\/b><\/li>\n<li><b>4 rodas com rota\u00e7\u00e3o de 360\u00ba para facilitar a movimenta\u00e7\u00e3o<\/b><\/li>\n<li><b>Pega para transportar de forma conveniente<\/b><\/li>\n<li><b>Compartimento para cabos, f\u00e1cil armazenamento<\/b><\/li>\n<li>Perfeito para aquecer o quarto, sala de estar, escrit\u00f3rio, etc.<\/li>\n<li>Amigo do ambiente, sem res\u00edduos ou subst\u00e2ncias t\u00f3xicas<\/li>\n<\/ul>\n<p>Este\u00a0<b>radiador el\u00e9trico a \u00f3leo<\/b>\u00a0inclui um manual com instru\u00e7\u00f5es e advert\u00eancias para uma utiliza\u00e7\u00e3o correta e segura. Tamb\u00e9m inclui 4 rodas, 2 placas de montagem e 2 parafusos em forma de U para fixar facilmente as rodas. Cont\u00e9m um fluido condutor termodin\u00e2mico (\u00f3leo especial) que flui para o interior e aquece atrav\u00e9s do elemento de aquecimento. Quando desliga e arrefece, pode ser limpo facilmente com um pano h\u00famido.<\/p>\n<p>Vantagens deste tipo de radiador a \u00f3leo:<\/p>\n<ul>\n<li>Term\u00f3stato: temperatura constante\/est\u00e1vel, impede o sobreaquecimento<\/li>\n<li>Alta efici\u00eancia energ\u00e9tica: consumo eficiente de eletricidade<\/li>\n<li>Regula e reduz o consumo de energia para aumentar a poupan\u00e7a<\/li>\n<li>Aproveitamento m\u00e1ximo: transforma toda a eletricidade consumida em calor<\/li>\n<li>Alta efici\u00eancia t\u00e9rmica: mant\u00e9m o calor por mais tempo<\/li>\n<li>Mant\u00e9m o calor mesmo depois de desligado, at\u00e9 que o \u00f3leo quente arrefe\u00e7a<\/li>\n<li>Muito silencioso: o ar \u00e9 aquecido por convec\u00e7\u00e3o<\/li>\n<li>N\u00e3o h\u00e1 necessidade de instala\u00e7\u00e3o, basta conectar \u00e0 rede el\u00e9trica<\/li>\n<li>Compacto, port\u00e1til, m\u00f3vel, f\u00e1cil de usar, limpar, transportar e armazenar<\/li>\n<li>N\u00e3o dificulta a limpeza nem acumula sujidade como os radiadores de parede<\/li>\n<li>Vida \u00fatil prolongada, n\u00e3o requer manuten\u00e7\u00e3o, pe\u00e7as sobressalentes, etc.<\/li>\n<li>Alta pot\u00eancia e seguran\u00e7a na gera\u00e7\u00e3o de calor suave e uniforme<\/li>\n<li>Ecol\u00f3gico: n\u00e3o produz odores, fumo, nem emite res\u00edduos poluentes<\/li>\n<li>Outras vantagens: n\u00e3o causa humidade, nem resseca o ar, n\u00e3o precisa de ventila\u00e7\u00e3o<\/li>\n<li>Um sistema ideal para aquecer facilmente salas pequenas<\/li>\n<\/ul>\n","protected":false},"excerpt":{"rendered":"<ul>\n<li>Material:\n<ul>\n<li>Metal<\/li>\n<li>PP<\/li>\n<li>ABS<\/li>\n<\/ul>\n<\/li>\n<li>Material conductor: L\u00edquido<\/li>\n<li>Cor:\n<ul>\n<li>Branco<\/li>\n<li>Cinzento<\/li>\n<\/ul>\n<\/li>\n<li>Design moderno: Inovador e funcional<\/li>\n<li>Tipo: Radiador de \u00d3leo<\/li>\n<li>11 elementos calor\u00edficos: (11 corpos)<\/li>\n<li>Term\u00f3stato regul\u00e1vel: Regulador de temperatura<\/li>\n<li>Fun\u00e7\u00e3o calor: Distribui\u00e7\u00e3o uniforme do calor<\/li>\n<li>Propriedades: Silencioso<\/li>\n<li>Alcance aprox.: 28 m\u00b2<\/li>\n<li>4 rodas para facilitar a sua mobilidade: Rota\u00e7\u00e3o 360\u00ba<\/li>\n<li>Asa de transporte: F\u00e1cil de transportar e de guardar<\/li>\n<li>Compartimento recolhe cabos: Arruma\u00e7\u00e3o e poupan\u00e7a de espa\u00e7o<\/li>\n<li>N\u00edveis de pot\u00eancia: 1000-1500-2500 W<\/li>\n<li>Caracter\u00edsticas: Prote\u00e7\u00e3o contra sobreaquecimento<\/li>\n<li>F\u00e1cil de utilizar: Utiliza\u00e7\u00e3o c\u00f3moda, simples e segura<\/li>\n<li>Original e port\u00e1til: Leve e male\u00e1vel<\/li>\n<li>Diversas utiliza\u00e7\u00f5es e espa\u00e7os: Quarto, sala de estar, escrit\u00f3rio, etc.<\/li>\n<li>Materiais de qualidade: Resistente e duradouro<\/li>\n<li>F\u00e1cil limpeza: Limpar com pano h\u00famido<\/li>\n<li>Ecol\u00f3gico: Respeita o ambiente<\/li>\n<li>Alto rendimento energ\u00e9tico: Poupan\u00e7a de Energia<\/li>\n<li>Tipo de tomada: F<\/li>\n<li>Comprimento do cabo: 140 cm<\/li>\n<li>Pot\u00eancia m\u00e1xima: 2500 W<\/li>\n<li>Frequ\u00eancia: 50-60 Hz<\/li>\n<li>Voltagem de entrada de AC: 220-240 V<\/li>\n<li>Medidas aprox.: 48 x 61,5 x 23,5 cm<\/li>\n<\/ul>\n","protected":false},"featured_media":29390,"comment_status":"open","ping_status":"closed","template":"","meta":{"_glsr_average":0,"_glsr_ranking":0,"_glsr_reviews":0},"product_brand":[],"product_cat":[368,479],"product_tag":[],"class_list":{"0":"post-29378","1":"product","2":"type-product","3":"status-publish","4":"has-post-thumbnail","6":"product_cat-aquecimento","7":"product_cat-casa","9":"first","10":"instock","11":"taxable","12":"shipping-taxable","13":"purchasable","14":"product-type-simple"},"yoast_head":"<!-- This site is optimized with the Yoast SEO plugin v26.8 - https:\/\/yoast.com\/product\/yoast-seo-wordpress\/ -->\n<title>RADIADOR DE \u00d3LEO OILEVEN 2500 W (11 CORPOS) - Curiosidades &amp; Dicas, Lda<\/title>\n<meta name=\"robots\" content=\"index, follow, max-snippet:-1, max-image-preview:large, max-video-preview:-1\" \/>\n<link rel=\"canonical\" href=\"https:\/\/curiosidadesedicas.com\/loja\/produto\/radiador-de-oleo-oileven-2500-w-11-corpos\/\" \/>\n<meta property=\"og:locale\" content=\"pt_PT\" \/>\n<meta property=\"og:type\" content=\"article\" \/>\n<meta property=\"og:title\" content=\"RADIADOR DE \u00d3LEO OILEVEN 2500 W (11 CORPOS) - Curiosidades &amp; Dicas, Lda\" \/>\n<meta property=\"og:description\" content=\"Material:   Metal  PP  ABS    Material conductor: L\u00edquido  Cor:   Branco  Cinzento    Design moderno: Inovador e funcional  Tipo: Radiador de \u00d3leo  11 elementos calor\u00edficos: (11 corpos)  Term\u00f3stato regul\u00e1vel: Regulador de temperatura  Fun\u00e7\u00e3o calor: Distribui\u00e7\u00e3o uniforme do calor  Propriedades: Silencioso  Alcance aprox.: 28 m\u00b2  4 rodas para facilitar a sua mobilidade: Rota\u00e7\u00e3o 360\u00ba  Asa de transporte: F\u00e1cil de transportar e de guardar  Compartimento recolhe cabos: Arruma\u00e7\u00e3o e poupan\u00e7a de espa\u00e7o  N\u00edveis de pot\u00eancia: 1000-1500-2500 W  Caracter\u00edsticas: Prote\u00e7\u00e3o contra sobreaquecimento  F\u00e1cil de utilizar: Utiliza\u00e7\u00e3o c\u00f3moda, simples e segura  Original e port\u00e1til: Leve e male\u00e1vel  Diversas utiliza\u00e7\u00f5es e espa\u00e7os: Quarto, sala de estar, escrit\u00f3rio, etc.  Materiais de qualidade: Resistente e duradouro  F\u00e1cil limpeza: Limpar com pano h\u00famido  Ecol\u00f3gico: Respeita o ambiente  Alto rendimento energ\u00e9tico: Poupan\u00e7a de Energia  Tipo de tomada: F  Comprimento do cabo: 140 cm  Pot\u00eancia m\u00e1xima: 2500 W  Frequ\u00eancia: 50-60 Hz  Voltagem de entrada de AC: 220-240 V  Medidas aprox.: 48 x 61,5 x 23,5 cm\" \/>\n<meta property=\"og:url\" content=\"https:\/\/curiosidadesedicas.com\/loja\/produto\/radiador-de-oleo-oileven-2500-w-11-corpos\/\" \/>\n<meta property=\"og:site_name\" content=\"Curiosidades &amp; Dicas, Lda\" \/>\n<meta property=\"article:modified_time\" content=\"2025-03-12T09:32:29+00:00\" \/>\n<meta property=\"og:image\" content=\"https:\/\/curiosidadesedicas.com\/loja\/wp-content\/uploads\/2023\/02\/radiador-de-oleo-oileven-innovagoods-2500-w-11-corpos_406095.jpg\" \/>\n\t<meta property=\"og:image:width\" content=\"600\" \/>\n\t<meta property=\"og:image:height\" content=\"600\" \/>\n\t<meta property=\"og:image:type\" content=\"image\/jpeg\" \/>\n<meta name=\"twitter:card\" content=\"summary_large_image\" \/>\n<meta name=\"twitter:label1\" content=\"Tempo estimado de leitura\" \/>\n\t<meta name=\"twitter:data1\" content=\"3 minutos\" \/>\n<script type=\"application\/ld+json\" class=\"yoast-schema-graph\">{\"@context\":\"https:\/\/schema.org\",\"@graph\":[{\"@type\":\"WebPage\",\"@id\":\"https:\/\/curiosidadesedicas.com\/loja\/produto\/radiador-de-oleo-oileven-2500-w-11-corpos\/\",\"url\":\"https:\/\/curiosidadesedicas.com\/loja\/produto\/radiador-de-oleo-oileven-2500-w-11-corpos\/\",\"name\":\"RADIADOR DE \u00d3LEO OILEVEN 2500 W (11 CORPOS) - Curiosidades &amp; Dicas, Lda\",\"isPartOf\":{\"@id\":\"https:\/\/curiosidadesedicas.com\/loja\/#website\"},\"primaryImageOfPage\":{\"@id\":\"https:\/\/curiosidadesedicas.com\/loja\/produto\/radiador-de-oleo-oileven-2500-w-11-corpos\/#primaryimage\"},\"image\":{\"@id\":\"https:\/\/curiosidadesedicas.com\/loja\/produto\/radiador-de-oleo-oileven-2500-w-11-corpos\/#primaryimage\"},\"thumbnailUrl\":\"https:\/\/curiosidadesedicas.com\/loja\/wp-content\/uploads\/2023\/02\/radiador-de-oleo-oileven-innovagoods-2500-w-11-corpos_406095.jpg\",\"datePublished\":\"2023-02-02T16:55:51+00:00\",\"dateModified\":\"2025-03-12T09:32:29+00:00\",\"breadcrumb\":{\"@id\":\"https:\/\/curiosidadesedicas.com\/loja\/produto\/radiador-de-oleo-oileven-2500-w-11-corpos\/#breadcrumb\"},\"inLanguage\":\"pt-PT\",\"potentialAction\":[{\"@type\":\"ReadAction\",\"target\":[\"https:\/\/curiosidadesedicas.com\/loja\/produto\/radiador-de-oleo-oileven-2500-w-11-corpos\/\"]}]},{\"@type\":\"ImageObject\",\"inLanguage\":\"pt-PT\",\"@id\":\"https:\/\/curiosidadesedicas.com\/loja\/produto\/radiador-de-oleo-oileven-2500-w-11-corpos\/#primaryimage\",\"url\":\"https:\/\/curiosidadesedicas.com\/loja\/wp-content\/uploads\/2023\/02\/radiador-de-oleo-oileven-innovagoods-2500-w-11-corpos_406095.jpg\",\"contentUrl\":\"https:\/\/curiosidadesedicas.com\/loja\/wp-content\/uploads\/2023\/02\/radiador-de-oleo-oileven-innovagoods-2500-w-11-corpos_406095.jpg\",\"width\":600,\"height\":600},{\"@type\":\"BreadcrumbList\",\"@id\":\"https:\/\/curiosidadesedicas.com\/loja\/produto\/radiador-de-oleo-oileven-2500-w-11-corpos\/#breadcrumb\",\"itemListElement\":[{\"@type\":\"ListItem\",\"position\":1,\"name\":\"In\u00edcio\",\"item\":\"https:\/\/curiosidadesedicas.com\/loja\/\"},{\"@type\":\"ListItem\",\"position\":2,\"name\":\"Produtos\",\"item\":\"https:\/\/curiosidadesedicas.com\/loja\/produtos\/\"},{\"@type\":\"ListItem\",\"position\":3,\"name\":\"RADIADOR DE \u00d3LEO OILEVEN 2500 W (11 CORPOS)\"}]},{\"@type\":\"WebSite\",\"@id\":\"https:\/\/curiosidadesedicas.com\/loja\/#website\",\"url\":\"https:\/\/curiosidadesedicas.com\/loja\/\",\"name\":\"Curiosidades &amp; Dicas, Lda\",\"description\":\"Apaixonados Por Inova\u00e7\u00e3o\",\"publisher\":{\"@id\":\"https:\/\/curiosidadesedicas.com\/loja\/#organization\"},\"potentialAction\":[{\"@type\":\"SearchAction\",\"target\":{\"@type\":\"EntryPoint\",\"urlTemplate\":\"https:\/\/curiosidadesedicas.com\/loja\/?s={search_term_string}\"},\"query-input\":{\"@type\":\"PropertyValueSpecification\",\"valueRequired\":true,\"valueName\":\"search_term_string\"}}],\"inLanguage\":\"pt-PT\"},{\"@type\":\"Organization\",\"@id\":\"https:\/\/curiosidadesedicas.com\/loja\/#organization\",\"name\":\"Curiosidades & Dicas\",\"url\":\"https:\/\/curiosidadesedicas.com\/loja\/\",\"logo\":{\"@type\":\"ImageObject\",\"inLanguage\":\"pt-PT\",\"@id\":\"https:\/\/curiosidadesedicas.com\/loja\/#\/schema\/logo\/image\/\",\"url\":\"https:\/\/curiosidadesedicas.com\/loja\/wp-content\/uploads\/2020\/05\/LogoCuriosidadesSimples.png\",\"contentUrl\":\"https:\/\/curiosidadesedicas.com\/loja\/wp-content\/uploads\/2020\/05\/LogoCuriosidadesSimples.png\",\"width\":3528,\"height\":804,\"caption\":\"Curiosidades & Dicas\"},\"image\":{\"@id\":\"https:\/\/curiosidadesedicas.com\/loja\/#\/schema\/logo\/image\/\"}}]}<\/script>\n<!-- \/ Yoast SEO plugin. -->","yoast_head_json":{"title":"RADIADOR DE \u00d3LEO OILEVEN 2500 W (11 CORPOS) - Curiosidades &amp; Dicas, Lda","robots":{"index":"index","follow":"follow","max-snippet":"max-snippet:-1","max-image-preview":"max-image-preview:large","max-video-preview":"max-video-preview:-1"},"canonical":"https:\/\/curiosidadesedicas.com\/loja\/produto\/radiador-de-oleo-oileven-2500-w-11-corpos\/","og_locale":"pt_PT","og_type":"article","og_title":"RADIADOR DE \u00d3LEO OILEVEN 2500 W (11 CORPOS) - Curiosidades &amp; Dicas, Lda","og_description":"Material:   Metal  PP  ABS    Material conductor: L\u00edquido  Cor:   Branco  Cinzento    Design moderno: Inovador e funcional  Tipo: Radiador de \u00d3leo  11 elementos calor\u00edficos: (11 corpos)  Term\u00f3stato regul\u00e1vel: Regulador de temperatura  Fun\u00e7\u00e3o calor: Distribui\u00e7\u00e3o uniforme do calor  Propriedades: Silencioso  Alcance aprox.: 28 m\u00b2  4 rodas para facilitar a sua mobilidade: Rota\u00e7\u00e3o 360\u00ba  Asa de transporte: F\u00e1cil de transportar e de guardar  Compartimento recolhe cabos: Arruma\u00e7\u00e3o e poupan\u00e7a de espa\u00e7o  N\u00edveis de pot\u00eancia: 1000-1500-2500 W  Caracter\u00edsticas: Prote\u00e7\u00e3o contra sobreaquecimento  F\u00e1cil de utilizar: Utiliza\u00e7\u00e3o c\u00f3moda, simples e segura  Original e port\u00e1til: Leve e male\u00e1vel  Diversas utiliza\u00e7\u00f5es e espa\u00e7os: Quarto, sala de estar, escrit\u00f3rio, etc.  Materiais de qualidade: Resistente e duradouro  F\u00e1cil limpeza: Limpar com pano h\u00famido  Ecol\u00f3gico: Respeita o ambiente  Alto rendimento energ\u00e9tico: Poupan\u00e7a de Energia  Tipo de tomada: F  Comprimento do cabo: 140 cm  Pot\u00eancia m\u00e1xima: 2500 W  Frequ\u00eancia: 50-60 Hz  Voltagem de entrada de AC: 220-240 V  Medidas aprox.: 48 x 61,5 x 23,5 cm","og_url":"https:\/\/curiosidadesedicas.com\/loja\/produto\/radiador-de-oleo-oileven-2500-w-11-corpos\/","og_site_name":"Curiosidades &amp; Dicas, Lda","article_modified_time":"2025-03-12T09:32:29+00:00","og_image":[{"width":600,"height":600,"url":"https:\/\/curiosidadesedicas.com\/loja\/wp-content\/uploads\/2023\/02\/radiador-de-oleo-oileven-innovagoods-2500-w-11-corpos_406095.jpg","type":"image\/jpeg"}],"twitter_card":"summary_large_image","twitter_misc":{"Tempo estimado de leitura":"3 minutos"},"schema":{"@context":"https:\/\/schema.org","@graph":[{"@type":"WebPage","@id":"https:\/\/curiosidadesedicas.com\/loja\/produto\/radiador-de-oleo-oileven-2500-w-11-corpos\/","url":"https:\/\/curiosidadesedicas.com\/loja\/produto\/radiador-de-oleo-oileven-2500-w-11-corpos\/","name":"RADIADOR DE \u00d3LEO OILEVEN 2500 W (11 CORPOS) - Curiosidades &amp; Dicas, Lda","isPartOf":{"@id":"https:\/\/curiosidadesedicas.com\/loja\/#website"},"primaryImageOfPage":{"@id":"https:\/\/curiosidadesedicas.com\/loja\/produto\/radiador-de-oleo-oileven-2500-w-11-corpos\/#primaryimage"},"image":{"@id":"https:\/\/curiosidadesedicas.com\/loja\/produto\/radiador-de-oleo-oileven-2500-w-11-corpos\/#primaryimage"},"thumbnailUrl":"https:\/\/curiosidadesedicas.com\/loja\/wp-content\/uploads\/2023\/02\/radiador-de-oleo-oileven-innovagoods-2500-w-11-corpos_406095.jpg","datePublished":"2023-02-02T16:55:51+00:00","dateModified":"2025-03-12T09:32:29+00:00","breadcrumb":{"@id":"https:\/\/curiosidadesedicas.com\/loja\/produto\/radiador-de-oleo-oileven-2500-w-11-corpos\/#breadcrumb"},"inLanguage":"pt-PT","potentialAction":[{"@type":"ReadAction","target":["https:\/\/curiosidadesedicas.com\/loja\/produto\/radiador-de-oleo-oileven-2500-w-11-corpos\/"]}]},{"@type":"ImageObject","inLanguage":"pt-PT","@id":"https:\/\/curiosidadesedicas.com\/loja\/produto\/radiador-de-oleo-oileven-2500-w-11-corpos\/#primaryimage","url":"https:\/\/curiosidadesedicas.com\/loja\/wp-content\/uploads\/2023\/02\/radiador-de-oleo-oileven-innovagoods-2500-w-11-corpos_406095.jpg","contentUrl":"https:\/\/curiosidadesedicas.com\/loja\/wp-content\/uploads\/2023\/02\/radiador-de-oleo-oileven-innovagoods-2500-w-11-corpos_406095.jpg","width":600,"height":600},{"@type":"BreadcrumbList","@id":"https:\/\/curiosidadesedicas.com\/loja\/produto\/radiador-de-oleo-oileven-2500-w-11-corpos\/#breadcrumb","itemListElement":[{"@type":"ListItem","position":1,"name":"In\u00edcio","item":"https:\/\/curiosidadesedicas.com\/loja\/"},{"@type":"ListItem","position":2,"name":"Produtos","item":"https:\/\/curiosidadesedicas.com\/loja\/produtos\/"},{"@type":"ListItem","position":3,"name":"RADIADOR DE \u00d3LEO OILEVEN 2500 W (11 CORPOS)"}]},{"@type":"WebSite","@id":"https:\/\/curiosidadesedicas.com\/loja\/#website","url":"https:\/\/curiosidadesedicas.com\/loja\/","name":"Curiosidades &amp; Dicas, Lda","description":"Apaixonados Por Inova\u00e7\u00e3o","publisher":{"@id":"https:\/\/curiosidadesedicas.com\/loja\/#organization"},"potentialAction":[{"@type":"SearchAction","target":{"@type":"EntryPoint","urlTemplate":"https:\/\/curiosidadesedicas.com\/loja\/?s={search_term_string}"},"query-input":{"@type":"PropertyValueSpecification","valueRequired":true,"valueName":"search_term_string"}}],"inLanguage":"pt-PT"},{"@type":"Organization","@id":"https:\/\/curiosidadesedicas.com\/loja\/#organization","name":"Curiosidades & Dicas","url":"https:\/\/curiosidadesedicas.com\/loja\/","logo":{"@type":"ImageObject","inLanguage":"pt-PT","@id":"https:\/\/curiosidadesedicas.com\/loja\/#\/schema\/logo\/image\/","url":"https:\/\/curiosidadesedicas.com\/loja\/wp-content\/uploads\/2020\/05\/LogoCuriosidadesSimples.png","contentUrl":"https:\/\/curiosidadesedicas.com\/loja\/wp-content\/uploads\/2020\/05\/LogoCuriosidadesSimples.png","width":3528,"height":804,"caption":"Curiosidades & Dicas"},"image":{"@id":"https:\/\/curiosidadesedicas.com\/loja\/#\/schema\/logo\/image\/"}}]}},"_links":{"self":[{"href":"https:\/\/curiosidadesedicas.com\/loja\/wp-json\/wp\/v2\/product\/29378","targetHints":{"allow":["GET"]}}],"collection":[{"href":"https:\/\/curiosidadesedicas.com\/loja\/wp-json\/wp\/v2\/product"}],"about":[{"href":"https:\/\/curiosidadesedicas.com\/loja\/wp-json\/wp\/v2\/types\/product"}],"replies":[{"embeddable":true,"href":"https:\/\/curiosidadesedicas.com\/loja\/wp-json\/wp\/v2\/comments?post=29378"}],"wp:featuredmedia":[{"embeddable":true,"href":"https:\/\/curiosidadesedicas.com\/loja\/wp-json\/wp\/v2\/media\/29390"}],"wp:attachment":[{"href":"https:\/\/curiosidadesedicas.com\/loja\/wp-json\/wp\/v2\/media?parent=29378"}],"wp:term":[{"taxonomy":"product_brand","embeddable":true,"href":"https:\/\/curiosidadesedicas.com\/loja\/wp-json\/wp\/v2\/product_brand?post=29378"},{"taxonomy":"product_cat","embeddable":true,"href":"https:\/\/curiosidadesedicas.com\/loja\/wp-json\/wp\/v2\/product_cat?post=29378"},{"taxonomy":"product_tag","embeddable":true,"href":"https:\/\/curiosidadesedicas.com\/loja\/wp-json\/wp\/v2\/product_tag?post=29378"}],"curies":[{"name":"wp","href":"https:\/\/api.w.org\/{rel}","templated":true}]}}