{"id":29116,"date":"2023-01-24T15:56:59","date_gmt":"2023-01-24T15:56:59","guid":{"rendered":"https:\/\/curiosidadesedicas.com\/loja\/?post_type=product&#038;p=29116"},"modified":"2025-03-12T09:33:57","modified_gmt":"2025-03-12T09:33:57","slug":"mini-frigorifico-para-cosmeticos-frescos","status":"publish","type":"product","link":"https:\/\/curiosidadesedicas.com\/loja\/produto\/mini-frigorifico-para-cosmeticos-frescos\/","title":{"rendered":"MINI FRIGOR\u00cdFICO PARA COSM\u00c9TICOS FRESCOS"},"content":{"rendered":"<p>O<b>\u00a0mini frigor\u00edfico para cosm\u00e9ticos Frescos<\/b>\u00a0\u00e9 ideal para refrigerar e manter em condi\u00e7\u00f5es \u00f3timas uma grande variedade de produtos cosm\u00e9ticos como cremes, m\u00e1scaras e ampolas faciais, s\u00e9runs, contornos de olhos, cremes corporais, brumas e\u00a0<i>sprays<\/i>\u00a0faciais, rolos e rochas, produtos de beleza org\u00e2nicos com ingredientes naturais, etc. A sua\u00a0<b>fun\u00e7\u00e3o de frio<\/b>\u00a0tamb\u00e9m \u00e9 ideal para refrigerar bebidas e refrigerantes, medicamentos, etc.<\/p>\n<p><b>Conservar no frio alguns produtos de beleza \u00e9 especialmente recomendado para potenciar a sua efic\u00e1cia e melhorar os resultados<\/b>: promover o fecho dos poros da pele e reduzir a oleosidade, o acne e as linhas de express\u00e3o, etc. A temperatura est\u00e1vel \u00f3tima para a conserva\u00e7\u00e3o de cosm\u00e9ticos varia de 13 \u00baC a 15 \u00baC. Para al\u00e9m disso, um espa\u00e7o fechado sem exposi\u00e7\u00e3o \u00e0 luz constitui o ambiente ideal para n\u00e3o alterar a sua formula\u00e7\u00e3o.<\/p>\n<p>Este\u00a0<b>mini frigor\u00edfico multifun\u00e7\u00f5es<\/b>\u00a0vers\u00e1til tamb\u00e9m disp\u00f5e de uma\u00a0<b>fun\u00e7\u00e3o de calor<\/b>, podendo ser utilizado para aquecer bebidas (caf\u00e9, infus\u00f5es, etc.), lancheiras com comida, boi\u00f5es de beb\u00e9s, etc. \u00c9 poss\u00edvel aquecer discos ou panos desmaquilhantes para abrir os poros numa rotina habitual de cuidado da pele.<\/p>\n<ul>\n<li><b>Mini frigor\u00edfico para cosm\u00e9ticos e outras aplica\u00e7\u00f5es<\/b><\/li>\n<li>Melhora a conserva\u00e7\u00e3o e potencia os efeitos<\/li>\n<li>Prolonga as suas propriedades<\/li>\n<li><b>Forma original, vers\u00e1til, multiusos, multifun\u00e7\u00f5es<\/b><\/li>\n<li><b>Fun\u00e7\u00e3o de frio e fun\u00e7\u00e3o de calor, capacidade: 4 L<\/b><\/li>\n<li>Apto tamb\u00e9m para aquecer alimentos, bebidas, etc.<\/li>\n<li>Tamanho mini leve e compacto, ocupa pouco espa\u00e7o<\/li>\n<li><b>Asa de transporte, f\u00e1cil de utilizar, transportar e guardar<\/b><\/li>\n<li><b>Port\u00e1til, utiliza\u00e7\u00e3o em interiores e exteriores (viagens, etc.)<\/b><\/li>\n<li><b>Inclui cabo CA extra\u00edvel e cabo adaptador para autom\u00f3vel<\/b><\/li>\n<\/ul>\n<p>Este\u00a0<b>mini frigor\u00edfico port\u00e1til <\/b>disp\u00f5e de dois compartimentos no interior e de outro compartimento na porta, embora a prateleira interior possa ser extra\u00edda para ampliar o espa\u00e7o e introduzir recipientes maiores. Gra\u00e7as a uma conce\u00e7\u00e3o compacta e \u00e0 asa de transporte, pode ser levado convenientemente para qualquer lado.<\/p>\n<p>O cabo CA de liga\u00e7\u00e3o \u00e9 extra\u00edvel. Inclui tamb\u00e9m um cabo para ligar \u00e0 tomada do isqueiro do autom\u00f3vel, pelo que pode ser utilizado em viagens, piqueniques ou excurs\u00f5es para refrigerar latas de bebidas, etc., ou para aquecer comida, caf\u00e9, etc.<\/p>\n<p>N\u00e3o adequado para cosm\u00e9ticos que possam solidificar-se, como \u00f3leos faciais ou capilares, b\u00e1lsamos, batons, sombras de olhos, m\u00e1scaras de pestanas, etc.<\/p>\n<p>&nbsp;<\/p>\n","protected":false},"excerpt":{"rendered":"<ul>\n<li>Material: Polipropileno<\/li>\n<li>Cor: Azul<\/li>\n<li>Design moderno: Inovador e funcional<\/li>\n<li>Tipo: El\u00e9trico<\/li>\n<li>Mini frigorifico: Original e port\u00e1til<\/li>\n<li>Capacidade: 4 L<\/li>\n<li>Multifun\u00e7\u00e3o: Diversas utiliza\u00e7\u00f5es e espa\u00e7os<\/li>\n<li>Vers\u00e1til e adapt\u00e1vel: Utiliza\u00e7\u00e3o em interiores e exteriores<\/li>\n<li>Fun\u00e7\u00e3o calor: 60\/80 \u2103<\/li>\n<li>Fun\u00e7\u00e3o refrigerar (em compara\u00e7\u00e3o com a temperatura exterior): -(10\/15 \u2103)<\/li>\n<li>Utiliza\u00e7\u00e3o principal: Produtos cosm\u00e9ticos<\/li>\n<li>F\u00e1cil de utilizar: Utiliza\u00e7\u00e3o c\u00f3moda e simples<\/li>\n<li>Caracter\u00edsticas: Asa de transporte<\/li>\n<li>Tamanho Reduzido Compacto: Ocupa pouco espa\u00e7o<\/li>\n<li>Leve e male\u00e1vel: F\u00e1cil de transportar e de guardar<\/li>\n<li>Cabo amov\u00edvel: 1,75 m<\/li>\n<li>Tipo de tomada: C<\/li>\n<li>Pot\u00eancia: 48 W<\/li>\n<li>AC In: 220-240 V \/ 50-60 Hz<\/li>\n<li>DC In: 12 V<\/li>\n<li>Inclui: Cabo adaptador para o carro (12 V)<\/li>\n<li>Medidas aprox.: 18,5 x 25,2 x 23 cm<\/li>\n<\/ul>\n","protected":false},"featured_media":29128,"comment_status":"open","ping_status":"closed","template":"","meta":{"_glsr_average":0,"_glsr_ranking":0,"_glsr_reviews":0},"product_brand":[],"product_cat":[357,360,350,420,365,366],"product_tag":[],"class_list":{"0":"post-29116","1":"product","2":"type-product","3":"status-publish","4":"has-post-thumbnail","6":"product_cat-bem-estar","7":"product_cat-beleza","8":"product_cat-gadgets","9":"product_cat-p-trabalho","10":"product_cat-para-o-lar","11":"product_cat-cozinha","13":"first","14":"instock","15":"taxable","16":"shipping-taxable","17":"purchasable","18":"product-type-simple"},"yoast_head":"<!-- This site is optimized with the Yoast SEO plugin v26.8 - https:\/\/yoast.com\/product\/yoast-seo-wordpress\/ -->\n<title>MINI FRIGOR\u00cdFICO PARA COSM\u00c9TICOS FRESCOS - Curiosidades &amp; Dicas, Lda<\/title>\n<meta name=\"robots\" content=\"index, follow, max-snippet:-1, max-image-preview:large, max-video-preview:-1\" \/>\n<link rel=\"canonical\" href=\"https:\/\/curiosidadesedicas.com\/loja\/produto\/mini-frigorifico-para-cosmeticos-frescos\/\" \/>\n<meta property=\"og:locale\" content=\"pt_PT\" \/>\n<meta property=\"og:type\" content=\"article\" \/>\n<meta property=\"og:title\" content=\"MINI FRIGOR\u00cdFICO PARA COSM\u00c9TICOS FRESCOS - Curiosidades &amp; Dicas, Lda\" \/>\n<meta property=\"og:description\" content=\"Material: Polipropileno  Cor: Azul  Design moderno: Inovador e funcional  Tipo: El\u00e9trico  Mini frigorifico: Original e port\u00e1til  Capacidade: 4 L  Multifun\u00e7\u00e3o: Diversas utiliza\u00e7\u00f5es e espa\u00e7os  Vers\u00e1til e adapt\u00e1vel: Utiliza\u00e7\u00e3o em interiores e exteriores  Fun\u00e7\u00e3o calor: 60\/80 \u2103  Fun\u00e7\u00e3o refrigerar (em compara\u00e7\u00e3o com a temperatura exterior): -(10\/15 \u2103)  Utiliza\u00e7\u00e3o principal: Produtos cosm\u00e9ticos  F\u00e1cil de utilizar: Utiliza\u00e7\u00e3o c\u00f3moda e simples  Caracter\u00edsticas: Asa de transporte  Tamanho Reduzido Compacto: Ocupa pouco espa\u00e7o  Leve e male\u00e1vel: F\u00e1cil de transportar e de guardar  Cabo amov\u00edvel: 1,75 m  Tipo de tomada: C  Pot\u00eancia: 48 W  AC In: 220-240 V \/ 50-60 Hz  DC In: 12 V  Inclui: Cabo adaptador para o carro (12 V)  Medidas aprox.: 18,5 x 25,2 x 23 cm\" \/>\n<meta property=\"og:url\" content=\"https:\/\/curiosidadesedicas.com\/loja\/produto\/mini-frigorifico-para-cosmeticos-frescos\/\" \/>\n<meta property=\"og:site_name\" content=\"Curiosidades &amp; Dicas, Lda\" \/>\n<meta property=\"article:modified_time\" content=\"2025-03-12T09:33:57+00:00\" \/>\n<meta property=\"og:image\" content=\"https:\/\/curiosidadesedicas.com\/loja\/wp-content\/uploads\/2023\/01\/mini-frigorifico-para-cosmeticos-frecos-innovagoods_446905.jpg\" \/>\n\t<meta property=\"og:image:width\" content=\"600\" \/>\n\t<meta property=\"og:image:height\" content=\"600\" \/>\n\t<meta property=\"og:image:type\" content=\"image\/jpeg\" \/>\n<meta name=\"twitter:card\" content=\"summary_large_image\" \/>\n<meta name=\"twitter:label1\" content=\"Tempo estimado de leitura\" \/>\n\t<meta name=\"twitter:data1\" content=\"3 minutos\" \/>\n<script type=\"application\/ld+json\" class=\"yoast-schema-graph\">{\"@context\":\"https:\/\/schema.org\",\"@graph\":[{\"@type\":\"WebPage\",\"@id\":\"https:\/\/curiosidadesedicas.com\/loja\/produto\/mini-frigorifico-para-cosmeticos-frescos\/\",\"url\":\"https:\/\/curiosidadesedicas.com\/loja\/produto\/mini-frigorifico-para-cosmeticos-frescos\/\",\"name\":\"MINI FRIGOR\u00cdFICO PARA COSM\u00c9TICOS FRESCOS - Curiosidades &amp; Dicas, Lda\",\"isPartOf\":{\"@id\":\"https:\/\/curiosidadesedicas.com\/loja\/#website\"},\"primaryImageOfPage\":{\"@id\":\"https:\/\/curiosidadesedicas.com\/loja\/produto\/mini-frigorifico-para-cosmeticos-frescos\/#primaryimage\"},\"image\":{\"@id\":\"https:\/\/curiosidadesedicas.com\/loja\/produto\/mini-frigorifico-para-cosmeticos-frescos\/#primaryimage\"},\"thumbnailUrl\":\"https:\/\/curiosidadesedicas.com\/loja\/wp-content\/uploads\/2023\/01\/mini-frigorifico-para-cosmeticos-frecos-innovagoods_446905.jpg\",\"datePublished\":\"2023-01-24T15:56:59+00:00\",\"dateModified\":\"2025-03-12T09:33:57+00:00\",\"breadcrumb\":{\"@id\":\"https:\/\/curiosidadesedicas.com\/loja\/produto\/mini-frigorifico-para-cosmeticos-frescos\/#breadcrumb\"},\"inLanguage\":\"pt-PT\",\"potentialAction\":[{\"@type\":\"ReadAction\",\"target\":[\"https:\/\/curiosidadesedicas.com\/loja\/produto\/mini-frigorifico-para-cosmeticos-frescos\/\"]}]},{\"@type\":\"ImageObject\",\"inLanguage\":\"pt-PT\",\"@id\":\"https:\/\/curiosidadesedicas.com\/loja\/produto\/mini-frigorifico-para-cosmeticos-frescos\/#primaryimage\",\"url\":\"https:\/\/curiosidadesedicas.com\/loja\/wp-content\/uploads\/2023\/01\/mini-frigorifico-para-cosmeticos-frecos-innovagoods_446905.jpg\",\"contentUrl\":\"https:\/\/curiosidadesedicas.com\/loja\/wp-content\/uploads\/2023\/01\/mini-frigorifico-para-cosmeticos-frecos-innovagoods_446905.jpg\",\"width\":600,\"height\":600},{\"@type\":\"BreadcrumbList\",\"@id\":\"https:\/\/curiosidadesedicas.com\/loja\/produto\/mini-frigorifico-para-cosmeticos-frescos\/#breadcrumb\",\"itemListElement\":[{\"@type\":\"ListItem\",\"position\":1,\"name\":\"In\u00edcio\",\"item\":\"https:\/\/curiosidadesedicas.com\/loja\/\"},{\"@type\":\"ListItem\",\"position\":2,\"name\":\"Produtos\",\"item\":\"https:\/\/curiosidadesedicas.com\/loja\/produtos\/\"},{\"@type\":\"ListItem\",\"position\":3,\"name\":\"MINI FRIGOR\u00cdFICO PARA COSM\u00c9TICOS FRESCOS\"}]},{\"@type\":\"WebSite\",\"@id\":\"https:\/\/curiosidadesedicas.com\/loja\/#website\",\"url\":\"https:\/\/curiosidadesedicas.com\/loja\/\",\"name\":\"Curiosidades &amp; Dicas, Lda\",\"description\":\"Apaixonados Por Inova\u00e7\u00e3o\",\"publisher\":{\"@id\":\"https:\/\/curiosidadesedicas.com\/loja\/#organization\"},\"potentialAction\":[{\"@type\":\"SearchAction\",\"target\":{\"@type\":\"EntryPoint\",\"urlTemplate\":\"https:\/\/curiosidadesedicas.com\/loja\/?s={search_term_string}\"},\"query-input\":{\"@type\":\"PropertyValueSpecification\",\"valueRequired\":true,\"valueName\":\"search_term_string\"}}],\"inLanguage\":\"pt-PT\"},{\"@type\":\"Organization\",\"@id\":\"https:\/\/curiosidadesedicas.com\/loja\/#organization\",\"name\":\"Curiosidades & Dicas\",\"url\":\"https:\/\/curiosidadesedicas.com\/loja\/\",\"logo\":{\"@type\":\"ImageObject\",\"inLanguage\":\"pt-PT\",\"@id\":\"https:\/\/curiosidadesedicas.com\/loja\/#\/schema\/logo\/image\/\",\"url\":\"https:\/\/curiosidadesedicas.com\/loja\/wp-content\/uploads\/2020\/05\/LogoCuriosidadesSimples.png\",\"contentUrl\":\"https:\/\/curiosidadesedicas.com\/loja\/wp-content\/uploads\/2020\/05\/LogoCuriosidadesSimples.png\",\"width\":3528,\"height\":804,\"caption\":\"Curiosidades & Dicas\"},\"image\":{\"@id\":\"https:\/\/curiosidadesedicas.com\/loja\/#\/schema\/logo\/image\/\"}}]}<\/script>\n<!-- \/ Yoast SEO plugin. -->","yoast_head_json":{"title":"MINI FRIGOR\u00cdFICO PARA COSM\u00c9TICOS FRESCOS - Curiosidades &amp; Dicas, Lda","robots":{"index":"index","follow":"follow","max-snippet":"max-snippet:-1","max-image-preview":"max-image-preview:large","max-video-preview":"max-video-preview:-1"},"canonical":"https:\/\/curiosidadesedicas.com\/loja\/produto\/mini-frigorifico-para-cosmeticos-frescos\/","og_locale":"pt_PT","og_type":"article","og_title":"MINI FRIGOR\u00cdFICO PARA COSM\u00c9TICOS FRESCOS - Curiosidades &amp; Dicas, Lda","og_description":"Material: Polipropileno  Cor: Azul  Design moderno: Inovador e funcional  Tipo: El\u00e9trico  Mini frigorifico: Original e port\u00e1til  Capacidade: 4 L  Multifun\u00e7\u00e3o: Diversas utiliza\u00e7\u00f5es e espa\u00e7os  Vers\u00e1til e adapt\u00e1vel: Utiliza\u00e7\u00e3o em interiores e exteriores  Fun\u00e7\u00e3o calor: 60\/80 \u2103  Fun\u00e7\u00e3o refrigerar (em compara\u00e7\u00e3o com a temperatura exterior): -(10\/15 \u2103)  Utiliza\u00e7\u00e3o principal: Produtos cosm\u00e9ticos  F\u00e1cil de utilizar: Utiliza\u00e7\u00e3o c\u00f3moda e simples  Caracter\u00edsticas: Asa de transporte  Tamanho Reduzido Compacto: Ocupa pouco espa\u00e7o  Leve e male\u00e1vel: F\u00e1cil de transportar e de guardar  Cabo amov\u00edvel: 1,75 m  Tipo de tomada: C  Pot\u00eancia: 48 W  AC In: 220-240 V \/ 50-60 Hz  DC In: 12 V  Inclui: Cabo adaptador para o carro (12 V)  Medidas aprox.: 18,5 x 25,2 x 23 cm","og_url":"https:\/\/curiosidadesedicas.com\/loja\/produto\/mini-frigorifico-para-cosmeticos-frescos\/","og_site_name":"Curiosidades &amp; Dicas, Lda","article_modified_time":"2025-03-12T09:33:57+00:00","og_image":[{"width":600,"height":600,"url":"https:\/\/curiosidadesedicas.com\/loja\/wp-content\/uploads\/2023\/01\/mini-frigorifico-para-cosmeticos-frecos-innovagoods_446905.jpg","type":"image\/jpeg"}],"twitter_card":"summary_large_image","twitter_misc":{"Tempo estimado de leitura":"3 minutos"},"schema":{"@context":"https:\/\/schema.org","@graph":[{"@type":"WebPage","@id":"https:\/\/curiosidadesedicas.com\/loja\/produto\/mini-frigorifico-para-cosmeticos-frescos\/","url":"https:\/\/curiosidadesedicas.com\/loja\/produto\/mini-frigorifico-para-cosmeticos-frescos\/","name":"MINI FRIGOR\u00cdFICO PARA COSM\u00c9TICOS FRESCOS - Curiosidades &amp; Dicas, Lda","isPartOf":{"@id":"https:\/\/curiosidadesedicas.com\/loja\/#website"},"primaryImageOfPage":{"@id":"https:\/\/curiosidadesedicas.com\/loja\/produto\/mini-frigorifico-para-cosmeticos-frescos\/#primaryimage"},"image":{"@id":"https:\/\/curiosidadesedicas.com\/loja\/produto\/mini-frigorifico-para-cosmeticos-frescos\/#primaryimage"},"thumbnailUrl":"https:\/\/curiosidadesedicas.com\/loja\/wp-content\/uploads\/2023\/01\/mini-frigorifico-para-cosmeticos-frecos-innovagoods_446905.jpg","datePublished":"2023-01-24T15:56:59+00:00","dateModified":"2025-03-12T09:33:57+00:00","breadcrumb":{"@id":"https:\/\/curiosidadesedicas.com\/loja\/produto\/mini-frigorifico-para-cosmeticos-frescos\/#breadcrumb"},"inLanguage":"pt-PT","potentialAction":[{"@type":"ReadAction","target":["https:\/\/curiosidadesedicas.com\/loja\/produto\/mini-frigorifico-para-cosmeticos-frescos\/"]}]},{"@type":"ImageObject","inLanguage":"pt-PT","@id":"https:\/\/curiosidadesedicas.com\/loja\/produto\/mini-frigorifico-para-cosmeticos-frescos\/#primaryimage","url":"https:\/\/curiosidadesedicas.com\/loja\/wp-content\/uploads\/2023\/01\/mini-frigorifico-para-cosmeticos-frecos-innovagoods_446905.jpg","contentUrl":"https:\/\/curiosidadesedicas.com\/loja\/wp-content\/uploads\/2023\/01\/mini-frigorifico-para-cosmeticos-frecos-innovagoods_446905.jpg","width":600,"height":600},{"@type":"BreadcrumbList","@id":"https:\/\/curiosidadesedicas.com\/loja\/produto\/mini-frigorifico-para-cosmeticos-frescos\/#breadcrumb","itemListElement":[{"@type":"ListItem","position":1,"name":"In\u00edcio","item":"https:\/\/curiosidadesedicas.com\/loja\/"},{"@type":"ListItem","position":2,"name":"Produtos","item":"https:\/\/curiosidadesedicas.com\/loja\/produtos\/"},{"@type":"ListItem","position":3,"name":"MINI FRIGOR\u00cdFICO PARA COSM\u00c9TICOS FRESCOS"}]},{"@type":"WebSite","@id":"https:\/\/curiosidadesedicas.com\/loja\/#website","url":"https:\/\/curiosidadesedicas.com\/loja\/","name":"Curiosidades &amp; Dicas, Lda","description":"Apaixonados Por Inova\u00e7\u00e3o","publisher":{"@id":"https:\/\/curiosidadesedicas.com\/loja\/#organization"},"potentialAction":[{"@type":"SearchAction","target":{"@type":"EntryPoint","urlTemplate":"https:\/\/curiosidadesedicas.com\/loja\/?s={search_term_string}"},"query-input":{"@type":"PropertyValueSpecification","valueRequired":true,"valueName":"search_term_string"}}],"inLanguage":"pt-PT"},{"@type":"Organization","@id":"https:\/\/curiosidadesedicas.com\/loja\/#organization","name":"Curiosidades & Dicas","url":"https:\/\/curiosidadesedicas.com\/loja\/","logo":{"@type":"ImageObject","inLanguage":"pt-PT","@id":"https:\/\/curiosidadesedicas.com\/loja\/#\/schema\/logo\/image\/","url":"https:\/\/curiosidadesedicas.com\/loja\/wp-content\/uploads\/2020\/05\/LogoCuriosidadesSimples.png","contentUrl":"https:\/\/curiosidadesedicas.com\/loja\/wp-content\/uploads\/2020\/05\/LogoCuriosidadesSimples.png","width":3528,"height":804,"caption":"Curiosidades & Dicas"},"image":{"@id":"https:\/\/curiosidadesedicas.com\/loja\/#\/schema\/logo\/image\/"}}]}},"_links":{"self":[{"href":"https:\/\/curiosidadesedicas.com\/loja\/wp-json\/wp\/v2\/product\/29116","targetHints":{"allow":["GET"]}}],"collection":[{"href":"https:\/\/curiosidadesedicas.com\/loja\/wp-json\/wp\/v2\/product"}],"about":[{"href":"https:\/\/curiosidadesedicas.com\/loja\/wp-json\/wp\/v2\/types\/product"}],"replies":[{"embeddable":true,"href":"https:\/\/curiosidadesedicas.com\/loja\/wp-json\/wp\/v2\/comments?post=29116"}],"wp:featuredmedia":[{"embeddable":true,"href":"https:\/\/curiosidadesedicas.com\/loja\/wp-json\/wp\/v2\/media\/29128"}],"wp:attachment":[{"href":"https:\/\/curiosidadesedicas.com\/loja\/wp-json\/wp\/v2\/media?parent=29116"}],"wp:term":[{"taxonomy":"product_brand","embeddable":true,"href":"https:\/\/curiosidadesedicas.com\/loja\/wp-json\/wp\/v2\/product_brand?post=29116"},{"taxonomy":"product_cat","embeddable":true,"href":"https:\/\/curiosidadesedicas.com\/loja\/wp-json\/wp\/v2\/product_cat?post=29116"},{"taxonomy":"product_tag","embeddable":true,"href":"https:\/\/curiosidadesedicas.com\/loja\/wp-json\/wp\/v2\/product_tag?post=29116"}],"curies":[{"name":"wp","href":"https:\/\/api.w.org\/{rel}","templated":true}]}}