{"id":28807,"date":"2023-01-11T09:51:55","date_gmt":"2023-01-11T09:51:55","guid":{"rendered":"https:\/\/curiosidadesedicas.com\/loja\/?post_type=product&#038;p=28807"},"modified":"2023-01-12T13:12:54","modified_gmt":"2023-01-12T13:12:54","slug":"aquecedor-industrial-de-alta-potencia-hoti-f3000","status":"publish","type":"product","link":"https:\/\/curiosidadesedicas.com\/loja\/produto\/aquecedor-industrial-de-alta-potencia-hoti-f3000\/","title":{"rendered":"AQUECEDOR INDUSTRIAL DE ALTA POT\u00caNCIA HOTI F3000"},"content":{"rendered":"<p><img decoding=\"async\" src=\"https:\/\/curiosidadesedicas.com\/loja\/wp-content\/uploads\/2023\/01\/hoti-f3000-ind-calefactor-industrial-de-3000w-59095-ambiente-scaled.jpg\" \/><\/p>\n","protected":false},"excerpt":{"rendered":"<p>Aquecedor industrial de alta pot\u00eancia.<\/p>\n<ul>\n<li>Pot\u00eancia (3 configura\u00e7\u00f5es):\u00a0 1000W\/2000W\/3000W<\/li>\n<li>Resist\u00eancia cer\u00e2mica<\/li>\n<li>Termostato ajust\u00e1vel<\/li>\n<li>Dimens\u00f5es (CxLxA): 25 x 21.5 x 30 cm<\/li>\n<\/ul>\n","protected":false},"featured_media":28816,"comment_status":"open","ping_status":"closed","template":"","meta":{"_glsr_average":0,"_glsr_ranking":0,"_glsr_reviews":0},"product_brand":[],"product_cat":[368,479,478],"product_tag":[],"class_list":{"0":"post-28807","1":"product","2":"type-product","3":"status-publish","4":"has-post-thumbnail","6":"product_cat-aquecimento","7":"product_cat-casa","8":"product_cat-lareiras-eletricas","10":"first","11":"instock","12":"taxable","13":"shipping-taxable","14":"purchasable","15":"product-type-simple"},"yoast_head":"<!-- This site is optimized with the Yoast SEO plugin v26.8 - https:\/\/yoast.com\/product\/yoast-seo-wordpress\/ -->\n<title>AQUECEDOR INDUSTRIAL DE ALTA POT\u00caNCIA HOTI F3000 - Curiosidades &amp; Dicas, Lda<\/title>\n<meta name=\"robots\" content=\"index, follow, max-snippet:-1, max-image-preview:large, max-video-preview:-1\" \/>\n<link rel=\"canonical\" href=\"https:\/\/curiosidadesedicas.com\/loja\/produto\/aquecedor-industrial-de-alta-potencia-hoti-f3000\/\" \/>\n<meta property=\"og:locale\" content=\"pt_PT\" \/>\n<meta property=\"og:type\" content=\"article\" \/>\n<meta property=\"og:title\" content=\"AQUECEDOR INDUSTRIAL DE ALTA POT\u00caNCIA HOTI F3000 - Curiosidades &amp; Dicas, Lda\" \/>\n<meta property=\"og:description\" content=\"Aquecedor industrial de alta pot\u00eancia.   Pot\u00eancia (3 configura\u00e7\u00f5es):\u00a0 1000W\/2000W\/3000W  Resist\u00eancia cer\u00e2mica  Termostato ajust\u00e1vel  Dimens\u00f5es (CxLxA): 25 x 21.5 x 30 cm\" \/>\n<meta property=\"og:url\" content=\"https:\/\/curiosidadesedicas.com\/loja\/produto\/aquecedor-industrial-de-alta-potencia-hoti-f3000\/\" \/>\n<meta property=\"og:site_name\" content=\"Curiosidades &amp; Dicas, Lda\" \/>\n<meta property=\"article:modified_time\" content=\"2023-01-12T13:12:54+00:00\" \/>\n<meta property=\"og:image\" content=\"https:\/\/curiosidadesedicas.com\/loja\/wp-content\/uploads\/2023\/01\/hoti-f3000-ind-calefactor-industrial-de-3000w-57938-scaled.jpg\" \/>\n\t<meta property=\"og:image:width\" content=\"2560\" \/>\n\t<meta property=\"og:image:height\" content=\"1920\" \/>\n\t<meta property=\"og:image:type\" content=\"image\/jpeg\" \/>\n<meta name=\"twitter:card\" content=\"summary_large_image\" \/>\n<script type=\"application\/ld+json\" class=\"yoast-schema-graph\">{\"@context\":\"https:\/\/schema.org\",\"@graph\":[{\"@type\":\"WebPage\",\"@id\":\"https:\/\/curiosidadesedicas.com\/loja\/produto\/aquecedor-industrial-de-alta-potencia-hoti-f3000\/\",\"url\":\"https:\/\/curiosidadesedicas.com\/loja\/produto\/aquecedor-industrial-de-alta-potencia-hoti-f3000\/\",\"name\":\"AQUECEDOR INDUSTRIAL DE ALTA POT\u00caNCIA HOTI F3000 - Curiosidades &amp; Dicas, Lda\",\"isPartOf\":{\"@id\":\"https:\/\/curiosidadesedicas.com\/loja\/#website\"},\"primaryImageOfPage\":{\"@id\":\"https:\/\/curiosidadesedicas.com\/loja\/produto\/aquecedor-industrial-de-alta-potencia-hoti-f3000\/#primaryimage\"},\"image\":{\"@id\":\"https:\/\/curiosidadesedicas.com\/loja\/produto\/aquecedor-industrial-de-alta-potencia-hoti-f3000\/#primaryimage\"},\"thumbnailUrl\":\"https:\/\/curiosidadesedicas.com\/loja\/wp-content\/uploads\/2023\/01\/hoti-f3000-ind-calefactor-industrial-de-3000w-57938-scaled.jpg\",\"datePublished\":\"2023-01-11T09:51:55+00:00\",\"dateModified\":\"2023-01-12T13:12:54+00:00\",\"breadcrumb\":{\"@id\":\"https:\/\/curiosidadesedicas.com\/loja\/produto\/aquecedor-industrial-de-alta-potencia-hoti-f3000\/#breadcrumb\"},\"inLanguage\":\"pt-PT\",\"potentialAction\":[{\"@type\":\"ReadAction\",\"target\":[\"https:\/\/curiosidadesedicas.com\/loja\/produto\/aquecedor-industrial-de-alta-potencia-hoti-f3000\/\"]}]},{\"@type\":\"ImageObject\",\"inLanguage\":\"pt-PT\",\"@id\":\"https:\/\/curiosidadesedicas.com\/loja\/produto\/aquecedor-industrial-de-alta-potencia-hoti-f3000\/#primaryimage\",\"url\":\"https:\/\/curiosidadesedicas.com\/loja\/wp-content\/uploads\/2023\/01\/hoti-f3000-ind-calefactor-industrial-de-3000w-57938-scaled.jpg\",\"contentUrl\":\"https:\/\/curiosidadesedicas.com\/loja\/wp-content\/uploads\/2023\/01\/hoti-f3000-ind-calefactor-industrial-de-3000w-57938-scaled.jpg\",\"width\":2560,\"height\":1920},{\"@type\":\"BreadcrumbList\",\"@id\":\"https:\/\/curiosidadesedicas.com\/loja\/produto\/aquecedor-industrial-de-alta-potencia-hoti-f3000\/#breadcrumb\",\"itemListElement\":[{\"@type\":\"ListItem\",\"position\":1,\"name\":\"In\u00edcio\",\"item\":\"https:\/\/curiosidadesedicas.com\/loja\/\"},{\"@type\":\"ListItem\",\"position\":2,\"name\":\"Produtos\",\"item\":\"https:\/\/curiosidadesedicas.com\/loja\/produtos\/\"},{\"@type\":\"ListItem\",\"position\":3,\"name\":\"AQUECEDOR INDUSTRIAL DE ALTA POT\u00caNCIA HOTI F3000\"}]},{\"@type\":\"WebSite\",\"@id\":\"https:\/\/curiosidadesedicas.com\/loja\/#website\",\"url\":\"https:\/\/curiosidadesedicas.com\/loja\/\",\"name\":\"Curiosidades &amp; Dicas, Lda\",\"description\":\"Apaixonados Por Inova\u00e7\u00e3o\",\"publisher\":{\"@id\":\"https:\/\/curiosidadesedicas.com\/loja\/#organization\"},\"potentialAction\":[{\"@type\":\"SearchAction\",\"target\":{\"@type\":\"EntryPoint\",\"urlTemplate\":\"https:\/\/curiosidadesedicas.com\/loja\/?s={search_term_string}\"},\"query-input\":{\"@type\":\"PropertyValueSpecification\",\"valueRequired\":true,\"valueName\":\"search_term_string\"}}],\"inLanguage\":\"pt-PT\"},{\"@type\":\"Organization\",\"@id\":\"https:\/\/curiosidadesedicas.com\/loja\/#organization\",\"name\":\"Curiosidades & Dicas\",\"url\":\"https:\/\/curiosidadesedicas.com\/loja\/\",\"logo\":{\"@type\":\"ImageObject\",\"inLanguage\":\"pt-PT\",\"@id\":\"https:\/\/curiosidadesedicas.com\/loja\/#\/schema\/logo\/image\/\",\"url\":\"https:\/\/curiosidadesedicas.com\/loja\/wp-content\/uploads\/2020\/05\/LogoCuriosidadesSimples.png\",\"contentUrl\":\"https:\/\/curiosidadesedicas.com\/loja\/wp-content\/uploads\/2020\/05\/LogoCuriosidadesSimples.png\",\"width\":3528,\"height\":804,\"caption\":\"Curiosidades & Dicas\"},\"image\":{\"@id\":\"https:\/\/curiosidadesedicas.com\/loja\/#\/schema\/logo\/image\/\"}}]}<\/script>\n<!-- \/ Yoast SEO plugin. -->","yoast_head_json":{"title":"AQUECEDOR INDUSTRIAL DE ALTA POT\u00caNCIA HOTI F3000 - Curiosidades &amp; Dicas, Lda","robots":{"index":"index","follow":"follow","max-snippet":"max-snippet:-1","max-image-preview":"max-image-preview:large","max-video-preview":"max-video-preview:-1"},"canonical":"https:\/\/curiosidadesedicas.com\/loja\/produto\/aquecedor-industrial-de-alta-potencia-hoti-f3000\/","og_locale":"pt_PT","og_type":"article","og_title":"AQUECEDOR INDUSTRIAL DE ALTA POT\u00caNCIA HOTI F3000 - Curiosidades &amp; Dicas, Lda","og_description":"Aquecedor industrial de alta pot\u00eancia.   Pot\u00eancia (3 configura\u00e7\u00f5es):\u00a0 1000W\/2000W\/3000W  Resist\u00eancia cer\u00e2mica  Termostato ajust\u00e1vel  Dimens\u00f5es (CxLxA): 25 x 21.5 x 30 cm","og_url":"https:\/\/curiosidadesedicas.com\/loja\/produto\/aquecedor-industrial-de-alta-potencia-hoti-f3000\/","og_site_name":"Curiosidades &amp; Dicas, Lda","article_modified_time":"2023-01-12T13:12:54+00:00","og_image":[{"width":2560,"height":1920,"url":"https:\/\/curiosidadesedicas.com\/loja\/wp-content\/uploads\/2023\/01\/hoti-f3000-ind-calefactor-industrial-de-3000w-57938-scaled.jpg","type":"image\/jpeg"}],"twitter_card":"summary_large_image","schema":{"@context":"https:\/\/schema.org","@graph":[{"@type":"WebPage","@id":"https:\/\/curiosidadesedicas.com\/loja\/produto\/aquecedor-industrial-de-alta-potencia-hoti-f3000\/","url":"https:\/\/curiosidadesedicas.com\/loja\/produto\/aquecedor-industrial-de-alta-potencia-hoti-f3000\/","name":"AQUECEDOR INDUSTRIAL DE ALTA POT\u00caNCIA HOTI F3000 - Curiosidades &amp; Dicas, Lda","isPartOf":{"@id":"https:\/\/curiosidadesedicas.com\/loja\/#website"},"primaryImageOfPage":{"@id":"https:\/\/curiosidadesedicas.com\/loja\/produto\/aquecedor-industrial-de-alta-potencia-hoti-f3000\/#primaryimage"},"image":{"@id":"https:\/\/curiosidadesedicas.com\/loja\/produto\/aquecedor-industrial-de-alta-potencia-hoti-f3000\/#primaryimage"},"thumbnailUrl":"https:\/\/curiosidadesedicas.com\/loja\/wp-content\/uploads\/2023\/01\/hoti-f3000-ind-calefactor-industrial-de-3000w-57938-scaled.jpg","datePublished":"2023-01-11T09:51:55+00:00","dateModified":"2023-01-12T13:12:54+00:00","breadcrumb":{"@id":"https:\/\/curiosidadesedicas.com\/loja\/produto\/aquecedor-industrial-de-alta-potencia-hoti-f3000\/#breadcrumb"},"inLanguage":"pt-PT","potentialAction":[{"@type":"ReadAction","target":["https:\/\/curiosidadesedicas.com\/loja\/produto\/aquecedor-industrial-de-alta-potencia-hoti-f3000\/"]}]},{"@type":"ImageObject","inLanguage":"pt-PT","@id":"https:\/\/curiosidadesedicas.com\/loja\/produto\/aquecedor-industrial-de-alta-potencia-hoti-f3000\/#primaryimage","url":"https:\/\/curiosidadesedicas.com\/loja\/wp-content\/uploads\/2023\/01\/hoti-f3000-ind-calefactor-industrial-de-3000w-57938-scaled.jpg","contentUrl":"https:\/\/curiosidadesedicas.com\/loja\/wp-content\/uploads\/2023\/01\/hoti-f3000-ind-calefactor-industrial-de-3000w-57938-scaled.jpg","width":2560,"height":1920},{"@type":"BreadcrumbList","@id":"https:\/\/curiosidadesedicas.com\/loja\/produto\/aquecedor-industrial-de-alta-potencia-hoti-f3000\/#breadcrumb","itemListElement":[{"@type":"ListItem","position":1,"name":"In\u00edcio","item":"https:\/\/curiosidadesedicas.com\/loja\/"},{"@type":"ListItem","position":2,"name":"Produtos","item":"https:\/\/curiosidadesedicas.com\/loja\/produtos\/"},{"@type":"ListItem","position":3,"name":"AQUECEDOR INDUSTRIAL DE ALTA POT\u00caNCIA HOTI F3000"}]},{"@type":"WebSite","@id":"https:\/\/curiosidadesedicas.com\/loja\/#website","url":"https:\/\/curiosidadesedicas.com\/loja\/","name":"Curiosidades &amp; Dicas, Lda","description":"Apaixonados Por Inova\u00e7\u00e3o","publisher":{"@id":"https:\/\/curiosidadesedicas.com\/loja\/#organization"},"potentialAction":[{"@type":"SearchAction","target":{"@type":"EntryPoint","urlTemplate":"https:\/\/curiosidadesedicas.com\/loja\/?s={search_term_string}"},"query-input":{"@type":"PropertyValueSpecification","valueRequired":true,"valueName":"search_term_string"}}],"inLanguage":"pt-PT"},{"@type":"Organization","@id":"https:\/\/curiosidadesedicas.com\/loja\/#organization","name":"Curiosidades & Dicas","url":"https:\/\/curiosidadesedicas.com\/loja\/","logo":{"@type":"ImageObject","inLanguage":"pt-PT","@id":"https:\/\/curiosidadesedicas.com\/loja\/#\/schema\/logo\/image\/","url":"https:\/\/curiosidadesedicas.com\/loja\/wp-content\/uploads\/2020\/05\/LogoCuriosidadesSimples.png","contentUrl":"https:\/\/curiosidadesedicas.com\/loja\/wp-content\/uploads\/2020\/05\/LogoCuriosidadesSimples.png","width":3528,"height":804,"caption":"Curiosidades & Dicas"},"image":{"@id":"https:\/\/curiosidadesedicas.com\/loja\/#\/schema\/logo\/image\/"}}]}},"_links":{"self":[{"href":"https:\/\/curiosidadesedicas.com\/loja\/wp-json\/wp\/v2\/product\/28807","targetHints":{"allow":["GET"]}}],"collection":[{"href":"https:\/\/curiosidadesedicas.com\/loja\/wp-json\/wp\/v2\/product"}],"about":[{"href":"https:\/\/curiosidadesedicas.com\/loja\/wp-json\/wp\/v2\/types\/product"}],"replies":[{"embeddable":true,"href":"https:\/\/curiosidadesedicas.com\/loja\/wp-json\/wp\/v2\/comments?post=28807"}],"wp:featuredmedia":[{"embeddable":true,"href":"https:\/\/curiosidadesedicas.com\/loja\/wp-json\/wp\/v2\/media\/28816"}],"wp:attachment":[{"href":"https:\/\/curiosidadesedicas.com\/loja\/wp-json\/wp\/v2\/media?parent=28807"}],"wp:term":[{"taxonomy":"product_brand","embeddable":true,"href":"https:\/\/curiosidadesedicas.com\/loja\/wp-json\/wp\/v2\/product_brand?post=28807"},{"taxonomy":"product_cat","embeddable":true,"href":"https:\/\/curiosidadesedicas.com\/loja\/wp-json\/wp\/v2\/product_cat?post=28807"},{"taxonomy":"product_tag","embeddable":true,"href":"https:\/\/curiosidadesedicas.com\/loja\/wp-json\/wp\/v2\/product_tag?post=28807"}],"curies":[{"name":"wp","href":"https:\/\/api.w.org\/{rel}","templated":true}]}}