{"id":28216,"date":"2022-11-25T10:32:11","date_gmt":"2022-11-25T10:32:11","guid":{"rendered":"https:\/\/curiosidadesedicas.com\/loja\/?post_type=product&#038;p=28216"},"modified":"2025-03-12T09:40:34","modified_gmt":"2025-03-12T09:40:34","slug":"palhinhas-reutilizaveis-aco-inoxidavel-vin-bouquet","status":"publish","type":"product","link":"https:\/\/curiosidadesedicas.com\/loja\/produto\/palhinhas-reutilizaveis-aco-inoxidavel-vin-bouquet\/","title":{"rendered":"PALHINHAS REUTILIZ\u00c1VEIS A\u00c7O INOXID\u00c1VEL VIN BOUQUET"},"content":{"rendered":"<div class=\"main-data\">\n<ul>\n<li>Tipo: Conjunto<\/li>\n<li>Material: A\u00e7o inoxid\u00e1vel<\/li>\n<li>Cor: Prata<\/li>\n<\/ul>\n<\/div>\n","protected":false},"excerpt":{"rendered":"<p>Sabia que as palhinhas de pl\u00e1stico s\u00e3o um grande inimigo do meio ambiente? Segundo a Organiza\u00e7\u00e3o das Na\u00e7\u00f5es Unidas, se o uso exagerado do pl\u00e1stico n\u00e3o for freado\u2014 e as palhinhas est\u00e3o inclu\u00eddas nisso \u2014 teremos, em 2050, mais pl\u00e1stico do que peixes nos mares. Pensando na preserva\u00e7\u00e3o da natureza, apresentamos o Kit de Palhinhas Reutiliz\u00e1veis em Inox. Feitas em a\u00e7o inoxid\u00e1vel, o kit \u00e9 composto por 5 pe\u00e7as: 4 palhinhas e 1 escova de limpeza.<\/p>\n<ul>\n<li>Tipo: Conjunto<\/li>\n<li>Material: A\u00e7o inoxid\u00e1vel<\/li>\n<li>Cor: Prata<\/li>\n<\/ul>\n<p>Conhe\u00e7a 7 motivos para ABOLIR o usar das palhinhas de pl\u00e1stico:<\/p>\n<p>1. As palhinhas de pl\u00e1stico representam 4% de todo o lixo pl\u00e1stico produzido no mundo;<\/p>\n<p>2. S\u00e3o feitos de polipropileno e poliestireno e, portanto, n\u00e3o s\u00e3o biodegrad\u00e1veis, podendo levar at\u00e9 mil anos para se decompor no meio ambiente;<\/p>\n<p>3. S\u00e3o uma grande fonte de forma\u00e7\u00e3o de micropl\u00e1stico, que se caracteriza por ser um dos principais poluentes dos oceanos;<\/p>\n<p>4. Mais de 8 milh\u00f5es de toneladas de res\u00edduos v\u00e3o parar nas \u00e1guas todos os anos e a maior parte deles \u00e9 o pl\u00e1stico e as palhinhas de pl\u00e1stico est\u00e1 entre os 10 materiais mais encontrados durante recolhimentos de mutir\u00f5es realizados em praias;<\/p>\n<p>5. A quantidade de pl\u00e1stico que chega aos mares excede a quantidade de algas marinhas;<\/p>\n<p>6. Cerca de 100 mil animais marinhos morrem por conta do descarte incorreto do pl\u00e1stico na natureza;<\/p>\n<p>7. 44% de todas as esp\u00e9cies de aves marinhas e 22% de todos os cet\u00e1ceos j\u00e1 ingeriram o pl\u00e1stico alguma vez na vida.<\/p>\n<p>&nbsp;<\/p>\n","protected":false},"featured_media":28222,"comment_status":"open","ping_status":"closed","template":"","meta":{"_glsr_average":0,"_glsr_ranking":0,"_glsr_reviews":0},"product_brand":[],"product_cat":[393],"product_tag":[],"class_list":{"0":"post-28216","1":"product","2":"type-product","3":"status-publish","4":"has-post-thumbnail","6":"product_cat-ecologicos","8":"first","9":"instock","10":"taxable","11":"shipping-taxable","12":"purchasable","13":"product-type-simple"},"yoast_head":"<!-- This site is optimized with the Yoast SEO plugin v26.8 - https:\/\/yoast.com\/product\/yoast-seo-wordpress\/ -->\n<title>PALHINHAS REUTILIZ\u00c1VEIS A\u00c7O INOXID\u00c1VEL VIN BOUQUET - Curiosidades &amp; Dicas, Lda<\/title>\n<meta name=\"robots\" content=\"index, follow, max-snippet:-1, max-image-preview:large, max-video-preview:-1\" \/>\n<link rel=\"canonical\" href=\"https:\/\/curiosidadesedicas.com\/loja\/produto\/palhinhas-reutilizaveis-aco-inoxidavel-vin-bouquet\/\" \/>\n<meta property=\"og:locale\" content=\"pt_PT\" \/>\n<meta property=\"og:type\" content=\"article\" \/>\n<meta property=\"og:title\" content=\"PALHINHAS REUTILIZ\u00c1VEIS A\u00c7O INOXID\u00c1VEL VIN BOUQUET - Curiosidades &amp; Dicas, Lda\" \/>\n<meta property=\"og:description\" content=\"Sabia que as palhinhas de pl\u00e1stico s\u00e3o um grande inimigo do meio ambiente? Segundo a Organiza\u00e7\u00e3o das Na\u00e7\u00f5es Unidas, se o uso exagerado do pl\u00e1stico n\u00e3o for freado\u2014 e as palhinhas est\u00e3o inclu\u00eddas nisso \u2014 teremos, em 2050, mais pl\u00e1stico do que peixes nos mares. Pensando na preserva\u00e7\u00e3o da natureza, apresentamos o Kit de Palhinhas Reutiliz\u00e1veis em Inox. Feitas em a\u00e7o inoxid\u00e1vel, o kit \u00e9 composto por 5 pe\u00e7as: 4 palhinhas e 1 escova de limpeza.   Tipo: Conjunto  Material: A\u00e7o inoxid\u00e1vel  Cor: Prata  Conhe\u00e7a 7 motivos para ABOLIR o usar das palhinhas de pl\u00e1stico:  1. As palhinhas de pl\u00e1stico representam 4% de todo o lixo pl\u00e1stico produzido no mundo;  2. S\u00e3o feitos de polipropileno e poliestireno e, portanto, n\u00e3o s\u00e3o biodegrad\u00e1veis, podendo levar at\u00e9 mil anos para se decompor no meio ambiente;  3. S\u00e3o uma grande fonte de forma\u00e7\u00e3o de micropl\u00e1stico, que se caracteriza por ser um dos principais poluentes dos oceanos;  4. Mais de 8 milh\u00f5es de toneladas de res\u00edduos v\u00e3o parar nas \u00e1guas todos os anos e a maior parte deles \u00e9 o pl\u00e1stico e as palhinhas de pl\u00e1stico est\u00e1 entre os 10 materiais mais encontrados durante recolhimentos de mutir\u00f5es realizados em praias;  5. A quantidade de pl\u00e1stico que chega aos mares excede a quantidade de algas marinhas;  6. Cerca de 100 mil animais marinhos morrem por conta do descarte incorreto do pl\u00e1stico na natureza;  7. 44% de todas as esp\u00e9cies de aves marinhas e 22% de todos os cet\u00e1ceos j\u00e1 ingeriram o pl\u00e1stico alguma vez na vida.  &nbsp;\" \/>\n<meta property=\"og:url\" content=\"https:\/\/curiosidadesedicas.com\/loja\/produto\/palhinhas-reutilizaveis-aco-inoxidavel-vin-bouquet\/\" \/>\n<meta property=\"og:site_name\" content=\"Curiosidades &amp; Dicas, Lda\" \/>\n<meta property=\"article:modified_time\" content=\"2025-03-12T09:40:34+00:00\" \/>\n<meta property=\"og:image\" content=\"https:\/\/curiosidadesedicas.com\/loja\/wp-content\/uploads\/2022\/11\/1.jpg\" \/>\n\t<meta property=\"og:image:width\" content=\"750\" \/>\n\t<meta property=\"og:image:height\" content=\"1073\" \/>\n\t<meta property=\"og:image:type\" content=\"image\/jpeg\" \/>\n<meta name=\"twitter:card\" content=\"summary_large_image\" \/>\n<meta name=\"twitter:label1\" content=\"Tempo estimado de leitura\" \/>\n\t<meta name=\"twitter:data1\" content=\"1 minuto\" \/>\n<script type=\"application\/ld+json\" class=\"yoast-schema-graph\">{\"@context\":\"https:\/\/schema.org\",\"@graph\":[{\"@type\":\"WebPage\",\"@id\":\"https:\/\/curiosidadesedicas.com\/loja\/produto\/palhinhas-reutilizaveis-aco-inoxidavel-vin-bouquet\/\",\"url\":\"https:\/\/curiosidadesedicas.com\/loja\/produto\/palhinhas-reutilizaveis-aco-inoxidavel-vin-bouquet\/\",\"name\":\"PALHINHAS REUTILIZ\u00c1VEIS A\u00c7O INOXID\u00c1VEL VIN BOUQUET - Curiosidades &amp; Dicas, Lda\",\"isPartOf\":{\"@id\":\"https:\/\/curiosidadesedicas.com\/loja\/#website\"},\"primaryImageOfPage\":{\"@id\":\"https:\/\/curiosidadesedicas.com\/loja\/produto\/palhinhas-reutilizaveis-aco-inoxidavel-vin-bouquet\/#primaryimage\"},\"image\":{\"@id\":\"https:\/\/curiosidadesedicas.com\/loja\/produto\/palhinhas-reutilizaveis-aco-inoxidavel-vin-bouquet\/#primaryimage\"},\"thumbnailUrl\":\"https:\/\/curiosidadesedicas.com\/loja\/wp-content\/uploads\/2022\/11\/1.jpg\",\"datePublished\":\"2022-11-25T10:32:11+00:00\",\"dateModified\":\"2025-03-12T09:40:34+00:00\",\"breadcrumb\":{\"@id\":\"https:\/\/curiosidadesedicas.com\/loja\/produto\/palhinhas-reutilizaveis-aco-inoxidavel-vin-bouquet\/#breadcrumb\"},\"inLanguage\":\"pt-PT\",\"potentialAction\":[{\"@type\":\"ReadAction\",\"target\":[\"https:\/\/curiosidadesedicas.com\/loja\/produto\/palhinhas-reutilizaveis-aco-inoxidavel-vin-bouquet\/\"]}]},{\"@type\":\"ImageObject\",\"inLanguage\":\"pt-PT\",\"@id\":\"https:\/\/curiosidadesedicas.com\/loja\/produto\/palhinhas-reutilizaveis-aco-inoxidavel-vin-bouquet\/#primaryimage\",\"url\":\"https:\/\/curiosidadesedicas.com\/loja\/wp-content\/uploads\/2022\/11\/1.jpg\",\"contentUrl\":\"https:\/\/curiosidadesedicas.com\/loja\/wp-content\/uploads\/2022\/11\/1.jpg\",\"width\":750,\"height\":1073},{\"@type\":\"BreadcrumbList\",\"@id\":\"https:\/\/curiosidadesedicas.com\/loja\/produto\/palhinhas-reutilizaveis-aco-inoxidavel-vin-bouquet\/#breadcrumb\",\"itemListElement\":[{\"@type\":\"ListItem\",\"position\":1,\"name\":\"In\u00edcio\",\"item\":\"https:\/\/curiosidadesedicas.com\/loja\/\"},{\"@type\":\"ListItem\",\"position\":2,\"name\":\"Produtos\",\"item\":\"https:\/\/curiosidadesedicas.com\/loja\/produtos\/\"},{\"@type\":\"ListItem\",\"position\":3,\"name\":\"PALHINHAS REUTILIZ\u00c1VEIS A\u00c7O INOXID\u00c1VEL VIN BOUQUET\"}]},{\"@type\":\"WebSite\",\"@id\":\"https:\/\/curiosidadesedicas.com\/loja\/#website\",\"url\":\"https:\/\/curiosidadesedicas.com\/loja\/\",\"name\":\"Curiosidades &amp; Dicas, Lda\",\"description\":\"Apaixonados Por Inova\u00e7\u00e3o\",\"publisher\":{\"@id\":\"https:\/\/curiosidadesedicas.com\/loja\/#organization\"},\"potentialAction\":[{\"@type\":\"SearchAction\",\"target\":{\"@type\":\"EntryPoint\",\"urlTemplate\":\"https:\/\/curiosidadesedicas.com\/loja\/?s={search_term_string}\"},\"query-input\":{\"@type\":\"PropertyValueSpecification\",\"valueRequired\":true,\"valueName\":\"search_term_string\"}}],\"inLanguage\":\"pt-PT\"},{\"@type\":\"Organization\",\"@id\":\"https:\/\/curiosidadesedicas.com\/loja\/#organization\",\"name\":\"Curiosidades & Dicas\",\"url\":\"https:\/\/curiosidadesedicas.com\/loja\/\",\"logo\":{\"@type\":\"ImageObject\",\"inLanguage\":\"pt-PT\",\"@id\":\"https:\/\/curiosidadesedicas.com\/loja\/#\/schema\/logo\/image\/\",\"url\":\"https:\/\/curiosidadesedicas.com\/loja\/wp-content\/uploads\/2020\/05\/LogoCuriosidadesSimples.png\",\"contentUrl\":\"https:\/\/curiosidadesedicas.com\/loja\/wp-content\/uploads\/2020\/05\/LogoCuriosidadesSimples.png\",\"width\":3528,\"height\":804,\"caption\":\"Curiosidades & Dicas\"},\"image\":{\"@id\":\"https:\/\/curiosidadesedicas.com\/loja\/#\/schema\/logo\/image\/\"}}]}<\/script>\n<!-- \/ Yoast SEO plugin. -->","yoast_head_json":{"title":"PALHINHAS REUTILIZ\u00c1VEIS A\u00c7O INOXID\u00c1VEL VIN BOUQUET - Curiosidades &amp; Dicas, Lda","robots":{"index":"index","follow":"follow","max-snippet":"max-snippet:-1","max-image-preview":"max-image-preview:large","max-video-preview":"max-video-preview:-1"},"canonical":"https:\/\/curiosidadesedicas.com\/loja\/produto\/palhinhas-reutilizaveis-aco-inoxidavel-vin-bouquet\/","og_locale":"pt_PT","og_type":"article","og_title":"PALHINHAS REUTILIZ\u00c1VEIS A\u00c7O INOXID\u00c1VEL VIN BOUQUET - Curiosidades &amp; Dicas, Lda","og_description":"Sabia que as palhinhas de pl\u00e1stico s\u00e3o um grande inimigo do meio ambiente? Segundo a Organiza\u00e7\u00e3o das Na\u00e7\u00f5es Unidas, se o uso exagerado do pl\u00e1stico n\u00e3o for freado\u2014 e as palhinhas est\u00e3o inclu\u00eddas nisso \u2014 teremos, em 2050, mais pl\u00e1stico do que peixes nos mares. Pensando na preserva\u00e7\u00e3o da natureza, apresentamos o Kit de Palhinhas Reutiliz\u00e1veis em Inox. Feitas em a\u00e7o inoxid\u00e1vel, o kit \u00e9 composto por 5 pe\u00e7as: 4 palhinhas e 1 escova de limpeza.   Tipo: Conjunto  Material: A\u00e7o inoxid\u00e1vel  Cor: Prata  Conhe\u00e7a 7 motivos para ABOLIR o usar das palhinhas de pl\u00e1stico:  1. As palhinhas de pl\u00e1stico representam 4% de todo o lixo pl\u00e1stico produzido no mundo;  2. S\u00e3o feitos de polipropileno e poliestireno e, portanto, n\u00e3o s\u00e3o biodegrad\u00e1veis, podendo levar at\u00e9 mil anos para se decompor no meio ambiente;  3. S\u00e3o uma grande fonte de forma\u00e7\u00e3o de micropl\u00e1stico, que se caracteriza por ser um dos principais poluentes dos oceanos;  4. Mais de 8 milh\u00f5es de toneladas de res\u00edduos v\u00e3o parar nas \u00e1guas todos os anos e a maior parte deles \u00e9 o pl\u00e1stico e as palhinhas de pl\u00e1stico est\u00e1 entre os 10 materiais mais encontrados durante recolhimentos de mutir\u00f5es realizados em praias;  5. A quantidade de pl\u00e1stico que chega aos mares excede a quantidade de algas marinhas;  6. Cerca de 100 mil animais marinhos morrem por conta do descarte incorreto do pl\u00e1stico na natureza;  7. 44% de todas as esp\u00e9cies de aves marinhas e 22% de todos os cet\u00e1ceos j\u00e1 ingeriram o pl\u00e1stico alguma vez na vida.  &nbsp;","og_url":"https:\/\/curiosidadesedicas.com\/loja\/produto\/palhinhas-reutilizaveis-aco-inoxidavel-vin-bouquet\/","og_site_name":"Curiosidades &amp; Dicas, Lda","article_modified_time":"2025-03-12T09:40:34+00:00","og_image":[{"width":750,"height":1073,"url":"https:\/\/curiosidadesedicas.com\/loja\/wp-content\/uploads\/2022\/11\/1.jpg","type":"image\/jpeg"}],"twitter_card":"summary_large_image","twitter_misc":{"Tempo estimado de leitura":"1 minuto"},"schema":{"@context":"https:\/\/schema.org","@graph":[{"@type":"WebPage","@id":"https:\/\/curiosidadesedicas.com\/loja\/produto\/palhinhas-reutilizaveis-aco-inoxidavel-vin-bouquet\/","url":"https:\/\/curiosidadesedicas.com\/loja\/produto\/palhinhas-reutilizaveis-aco-inoxidavel-vin-bouquet\/","name":"PALHINHAS REUTILIZ\u00c1VEIS A\u00c7O INOXID\u00c1VEL VIN BOUQUET - Curiosidades &amp; Dicas, Lda","isPartOf":{"@id":"https:\/\/curiosidadesedicas.com\/loja\/#website"},"primaryImageOfPage":{"@id":"https:\/\/curiosidadesedicas.com\/loja\/produto\/palhinhas-reutilizaveis-aco-inoxidavel-vin-bouquet\/#primaryimage"},"image":{"@id":"https:\/\/curiosidadesedicas.com\/loja\/produto\/palhinhas-reutilizaveis-aco-inoxidavel-vin-bouquet\/#primaryimage"},"thumbnailUrl":"https:\/\/curiosidadesedicas.com\/loja\/wp-content\/uploads\/2022\/11\/1.jpg","datePublished":"2022-11-25T10:32:11+00:00","dateModified":"2025-03-12T09:40:34+00:00","breadcrumb":{"@id":"https:\/\/curiosidadesedicas.com\/loja\/produto\/palhinhas-reutilizaveis-aco-inoxidavel-vin-bouquet\/#breadcrumb"},"inLanguage":"pt-PT","potentialAction":[{"@type":"ReadAction","target":["https:\/\/curiosidadesedicas.com\/loja\/produto\/palhinhas-reutilizaveis-aco-inoxidavel-vin-bouquet\/"]}]},{"@type":"ImageObject","inLanguage":"pt-PT","@id":"https:\/\/curiosidadesedicas.com\/loja\/produto\/palhinhas-reutilizaveis-aco-inoxidavel-vin-bouquet\/#primaryimage","url":"https:\/\/curiosidadesedicas.com\/loja\/wp-content\/uploads\/2022\/11\/1.jpg","contentUrl":"https:\/\/curiosidadesedicas.com\/loja\/wp-content\/uploads\/2022\/11\/1.jpg","width":750,"height":1073},{"@type":"BreadcrumbList","@id":"https:\/\/curiosidadesedicas.com\/loja\/produto\/palhinhas-reutilizaveis-aco-inoxidavel-vin-bouquet\/#breadcrumb","itemListElement":[{"@type":"ListItem","position":1,"name":"In\u00edcio","item":"https:\/\/curiosidadesedicas.com\/loja\/"},{"@type":"ListItem","position":2,"name":"Produtos","item":"https:\/\/curiosidadesedicas.com\/loja\/produtos\/"},{"@type":"ListItem","position":3,"name":"PALHINHAS REUTILIZ\u00c1VEIS A\u00c7O INOXID\u00c1VEL VIN BOUQUET"}]},{"@type":"WebSite","@id":"https:\/\/curiosidadesedicas.com\/loja\/#website","url":"https:\/\/curiosidadesedicas.com\/loja\/","name":"Curiosidades &amp; Dicas, Lda","description":"Apaixonados Por Inova\u00e7\u00e3o","publisher":{"@id":"https:\/\/curiosidadesedicas.com\/loja\/#organization"},"potentialAction":[{"@type":"SearchAction","target":{"@type":"EntryPoint","urlTemplate":"https:\/\/curiosidadesedicas.com\/loja\/?s={search_term_string}"},"query-input":{"@type":"PropertyValueSpecification","valueRequired":true,"valueName":"search_term_string"}}],"inLanguage":"pt-PT"},{"@type":"Organization","@id":"https:\/\/curiosidadesedicas.com\/loja\/#organization","name":"Curiosidades & Dicas","url":"https:\/\/curiosidadesedicas.com\/loja\/","logo":{"@type":"ImageObject","inLanguage":"pt-PT","@id":"https:\/\/curiosidadesedicas.com\/loja\/#\/schema\/logo\/image\/","url":"https:\/\/curiosidadesedicas.com\/loja\/wp-content\/uploads\/2020\/05\/LogoCuriosidadesSimples.png","contentUrl":"https:\/\/curiosidadesedicas.com\/loja\/wp-content\/uploads\/2020\/05\/LogoCuriosidadesSimples.png","width":3528,"height":804,"caption":"Curiosidades & Dicas"},"image":{"@id":"https:\/\/curiosidadesedicas.com\/loja\/#\/schema\/logo\/image\/"}}]}},"_links":{"self":[{"href":"https:\/\/curiosidadesedicas.com\/loja\/wp-json\/wp\/v2\/product\/28216","targetHints":{"allow":["GET"]}}],"collection":[{"href":"https:\/\/curiosidadesedicas.com\/loja\/wp-json\/wp\/v2\/product"}],"about":[{"href":"https:\/\/curiosidadesedicas.com\/loja\/wp-json\/wp\/v2\/types\/product"}],"replies":[{"embeddable":true,"href":"https:\/\/curiosidadesedicas.com\/loja\/wp-json\/wp\/v2\/comments?post=28216"}],"wp:featuredmedia":[{"embeddable":true,"href":"https:\/\/curiosidadesedicas.com\/loja\/wp-json\/wp\/v2\/media\/28222"}],"wp:attachment":[{"href":"https:\/\/curiosidadesedicas.com\/loja\/wp-json\/wp\/v2\/media?parent=28216"}],"wp:term":[{"taxonomy":"product_brand","embeddable":true,"href":"https:\/\/curiosidadesedicas.com\/loja\/wp-json\/wp\/v2\/product_brand?post=28216"},{"taxonomy":"product_cat","embeddable":true,"href":"https:\/\/curiosidadesedicas.com\/loja\/wp-json\/wp\/v2\/product_cat?post=28216"},{"taxonomy":"product_tag","embeddable":true,"href":"https:\/\/curiosidadesedicas.com\/loja\/wp-json\/wp\/v2\/product_tag?post=28216"}],"curies":[{"name":"wp","href":"https:\/\/api.w.org\/{rel}","templated":true}]}}