{"id":28068,"date":"2022-10-26T15:00:56","date_gmt":"2022-10-26T15:00:56","guid":{"rendered":"https:\/\/curiosidadesedicas.com\/loja\/?post_type=product&#038;p=28068"},"modified":"2025-03-12T09:41:05","modified_gmt":"2025-03-12T09:41:05","slug":"chuveiro-ecologico-c-helice-de-pressao-e-filtro-purificador-heliwer","status":"publish","type":"product","link":"https:\/\/curiosidadesedicas.com\/loja\/produto\/chuveiro-ecologico-c-helice-de-pressao-e-filtro-purificador-heliwer\/","title":{"rendered":"CHUVEIRO ECOL\u00d3GICO C\/ H\u00c9LICE DE PRESS\u00c3O E FILTRO PURIFICADOR HELIWER"},"content":{"rendered":"<p>Um chuveiro ecol\u00f3gico com h\u00e9lice de press\u00e3o e filtro purificador, que proporciona uma experi\u00eancia de banho \u00fanica devido ao seu design original multifuncional, muito mais agrad\u00e1vel e eficaz do que os chuveiros convencionais. A \u00e1gua purificada oferece mais e melhores cuidados e prote\u00e7\u00e3o para a pele e o cabelo. Este chuveiro ergon\u00f3mico com um design inovador (hiperbol\u00f3ide) e rota\u00e7\u00e3o de 360\u00ba \u00e9 a solu\u00e7\u00e3o ideal para proporcionar uma higiene mais natural e adequada, melhorando a qualidade da \u00e1gua e eliminando os agentes nocivos. O produto disp\u00f5e de um filtro na liga\u00e7\u00e3o com a mangueira e de outro filtro de algod\u00e3o na cabe\u00e7a do chuveiro, o que permite uma dupla filtragem das impurezas na \u00e1gua. A h\u00e9lice interna aumenta a press\u00e3o da \u00e1gua, maximizando assim a sensa\u00e7\u00e3o de limpeza, ao mesmo tempo que poupa \u00e1gua ao reduzir o seu consumo. Al\u00e9m disso, favorece uma mistura mais homog\u00e9nea de \u00e1gua quente e fria, atingindo mais rapidamente a temperatura ideal. Gra\u00e7as ao bot\u00e3o de ligar e desligar, poder\u00e1 suspender o jato de \u00e1gua, sempre que o desejar. O chuveiro \u00e9 f\u00e1cil de instalar (rosca padr\u00e3o G1\/2) e a sua utiliza\u00e7\u00e3o \u00e9 muito pr\u00e1tica e simples. Al\u00e9m disso, poder\u00e1 desmontar o chuveiro por completo, caso deseje limp\u00e1-lo. Perfeito para crian\u00e7as e adultos, e especialmente recomendado para peles sens\u00edveis. A mangueira do chuveiro n\u00e3o est\u00e1 inclu\u00edda. Inclui um filtro de algod\u00e3o sobresselente.<\/p>\n<p><img decoding=\"async\" src=\"https:\/\/curiosidadesedicas.com\/loja\/wp-content\/uploads\/2022\/10\/chuveiro-ecologico-com-helice-de-pressao-e-filtro-purificador-heliwer-innovagoods_323984-3.jpg\" \/><\/p>\n<p>&nbsp;<\/p>\n","protected":false},"excerpt":{"rendered":"<ul>\n<li>Material:\n<ul>\n<li>ABS<\/li>\n<li>PC<\/li>\n<li>A\u00e7o inoxid\u00e1vel<\/li>\n<\/ul>\n<\/li>\n<li>Cor:\n<ul>\n<li>Prateado<\/li>\n<li>Transparente<\/li>\n<li>Azul<\/li>\n<\/ul>\n<\/li>\n<li>Design original: Ergon\u00f3mico<\/li>\n<li>Inovador e funcional: Hyperboloid<\/li>\n<li>Chuveiro Ecol\u00f3gico Multifun\u00e7\u00f5es: Ecol\u00f3gico<\/li>\n<li>Cabe\u00e7al com h\u00e9lice de alta press\u00e3o: Aumenta a press\u00e3o da \u00e1gua<\/li>\n<li>Poupan\u00e7a de \u00e1gua: Poupan\u00e7a de \u00e1gua por press\u00e3o<\/li>\n<li>M\u00faltiplas posi\u00e7\u00f5es: Rota\u00e7\u00e3o 360\u00ba<\/li>\n<li>2 filtros de algod\u00e3o: 1 filtro + 1 filtro sobresselente<\/li>\n<li>Filtro de liga\u00e7\u00e3o \u00e0 mangueira: Mangueira do chuveiro n\u00e3o inclu\u00edda<\/li>\n<li>Bot\u00e3o on\/off: Utiliza\u00e7\u00e3o c\u00f3moda e simples<\/li>\n<li>Mistura mais eficiente de \u00e1gua quente e fria: Temperatura \u00f3tima<\/li>\n<li>\u00c1gua purificada: Filtragem de impurezas da \u00e1gua<\/li>\n<li>Experi\u00eancia de banho mais agrad\u00e1vel: Cuidado e prote\u00e7\u00e3o da pele e do cabelo<\/li>\n<li>Ideal para crian\u00e7as e adultos: Utiliza\u00e7\u00e3o recomendada para peles sens\u00edveis<\/li>\n<li>F\u00e1cil instala\u00e7\u00e3o: Rosca padr\u00e3o G1\/2<\/li>\n<li>F\u00e1cil limpeza: F\u00e1cil de desmontar e limpar<\/li>\n<li>Leve e male\u00e1vel: F\u00e1cil de transportar e de guardar<\/li>\n<li>Medidas aprox.: \u00d88 x 25,5 x 3,5 cm<\/li>\n<\/ul>\n","protected":false},"featured_media":28078,"comment_status":"open","ping_status":"closed","template":"","meta":{"_glsr_average":0,"_glsr_ranking":0,"_glsr_reviews":0},"product_brand":[],"product_cat":[357,359,391],"product_tag":[],"class_list":{"0":"post-28068","1":"product","2":"type-product","3":"status-publish","4":"has-post-thumbnail","6":"product_cat-bem-estar","7":"product_cat-relax","8":"product_cat-poupanca-de-agua","10":"first","11":"instock","12":"taxable","13":"shipping-taxable","14":"purchasable","15":"product-type-simple"},"yoast_head":"<!-- This site is optimized with the Yoast SEO plugin v26.8 - https:\/\/yoast.com\/product\/yoast-seo-wordpress\/ -->\n<title>CHUVEIRO ECOL\u00d3GICO C\/ H\u00c9LICE DE PRESS\u00c3O E FILTRO PURIFICADOR HELIWER - Curiosidades &amp; Dicas, Lda<\/title>\n<meta name=\"robots\" content=\"index, follow, max-snippet:-1, max-image-preview:large, max-video-preview:-1\" \/>\n<link rel=\"canonical\" href=\"https:\/\/curiosidadesedicas.com\/loja\/produto\/chuveiro-ecologico-c-helice-de-pressao-e-filtro-purificador-heliwer\/\" \/>\n<meta property=\"og:locale\" content=\"pt_PT\" \/>\n<meta property=\"og:type\" content=\"article\" \/>\n<meta property=\"og:title\" content=\"CHUVEIRO ECOL\u00d3GICO C\/ H\u00c9LICE DE PRESS\u00c3O E FILTRO PURIFICADOR HELIWER - Curiosidades &amp; Dicas, Lda\" \/>\n<meta property=\"og:description\" content=\"Material:   ABS  PC  A\u00e7o inoxid\u00e1vel    Cor:   Prateado  Transparente  Azul    Design original: Ergon\u00f3mico  Inovador e funcional: Hyperboloid  Chuveiro Ecol\u00f3gico Multifun\u00e7\u00f5es: Ecol\u00f3gico  Cabe\u00e7al com h\u00e9lice de alta press\u00e3o: Aumenta a press\u00e3o da \u00e1gua  Poupan\u00e7a de \u00e1gua: Poupan\u00e7a de \u00e1gua por press\u00e3o  M\u00faltiplas posi\u00e7\u00f5es: Rota\u00e7\u00e3o 360\u00ba  2 filtros de algod\u00e3o: 1 filtro + 1 filtro sobresselente  Filtro de liga\u00e7\u00e3o \u00e0 mangueira: Mangueira do chuveiro n\u00e3o inclu\u00edda  Bot\u00e3o on\/off: Utiliza\u00e7\u00e3o c\u00f3moda e simples  Mistura mais eficiente de \u00e1gua quente e fria: Temperatura \u00f3tima  \u00c1gua purificada: Filtragem de impurezas da \u00e1gua  Experi\u00eancia de banho mais agrad\u00e1vel: Cuidado e prote\u00e7\u00e3o da pele e do cabelo  Ideal para crian\u00e7as e adultos: Utiliza\u00e7\u00e3o recomendada para peles sens\u00edveis  F\u00e1cil instala\u00e7\u00e3o: Rosca padr\u00e3o G1\/2  F\u00e1cil limpeza: F\u00e1cil de desmontar e limpar  Leve e male\u00e1vel: F\u00e1cil de transportar e de guardar  Medidas aprox.: \u00d88 x 25,5 x 3,5 cm\" \/>\n<meta property=\"og:url\" content=\"https:\/\/curiosidadesedicas.com\/loja\/produto\/chuveiro-ecologico-c-helice-de-pressao-e-filtro-purificador-heliwer\/\" \/>\n<meta property=\"og:site_name\" content=\"Curiosidades &amp; Dicas, Lda\" \/>\n<meta property=\"article:modified_time\" content=\"2025-03-12T09:41:05+00:00\" \/>\n<meta property=\"og:image\" content=\"https:\/\/curiosidadesedicas.com\/loja\/wp-content\/uploads\/2022\/10\/chuveiro-ecologico-com-helice-de-pressao-e-filtro-purificador-heliwer-innovagoods_323984.jpg\" \/>\n\t<meta property=\"og:image:width\" content=\"600\" \/>\n\t<meta property=\"og:image:height\" content=\"600\" \/>\n\t<meta property=\"og:image:type\" content=\"image\/jpeg\" \/>\n<meta name=\"twitter:card\" content=\"summary_large_image\" \/>\n<meta name=\"twitter:label1\" content=\"Tempo estimado de leitura\" \/>\n\t<meta name=\"twitter:data1\" content=\"2 minutos\" \/>\n<script type=\"application\/ld+json\" class=\"yoast-schema-graph\">{\"@context\":\"https:\/\/schema.org\",\"@graph\":[{\"@type\":\"WebPage\",\"@id\":\"https:\/\/curiosidadesedicas.com\/loja\/produto\/chuveiro-ecologico-c-helice-de-pressao-e-filtro-purificador-heliwer\/\",\"url\":\"https:\/\/curiosidadesedicas.com\/loja\/produto\/chuveiro-ecologico-c-helice-de-pressao-e-filtro-purificador-heliwer\/\",\"name\":\"CHUVEIRO ECOL\u00d3GICO C\/ H\u00c9LICE DE PRESS\u00c3O E FILTRO PURIFICADOR HELIWER - Curiosidades &amp; Dicas, Lda\",\"isPartOf\":{\"@id\":\"https:\/\/curiosidadesedicas.com\/loja\/#website\"},\"primaryImageOfPage\":{\"@id\":\"https:\/\/curiosidadesedicas.com\/loja\/produto\/chuveiro-ecologico-c-helice-de-pressao-e-filtro-purificador-heliwer\/#primaryimage\"},\"image\":{\"@id\":\"https:\/\/curiosidadesedicas.com\/loja\/produto\/chuveiro-ecologico-c-helice-de-pressao-e-filtro-purificador-heliwer\/#primaryimage\"},\"thumbnailUrl\":\"https:\/\/curiosidadesedicas.com\/loja\/wp-content\/uploads\/2022\/10\/chuveiro-ecologico-com-helice-de-pressao-e-filtro-purificador-heliwer-innovagoods_323984.jpg\",\"datePublished\":\"2022-10-26T15:00:56+00:00\",\"dateModified\":\"2025-03-12T09:41:05+00:00\",\"breadcrumb\":{\"@id\":\"https:\/\/curiosidadesedicas.com\/loja\/produto\/chuveiro-ecologico-c-helice-de-pressao-e-filtro-purificador-heliwer\/#breadcrumb\"},\"inLanguage\":\"pt-PT\",\"potentialAction\":[{\"@type\":\"ReadAction\",\"target\":[\"https:\/\/curiosidadesedicas.com\/loja\/produto\/chuveiro-ecologico-c-helice-de-pressao-e-filtro-purificador-heliwer\/\"]}]},{\"@type\":\"ImageObject\",\"inLanguage\":\"pt-PT\",\"@id\":\"https:\/\/curiosidadesedicas.com\/loja\/produto\/chuveiro-ecologico-c-helice-de-pressao-e-filtro-purificador-heliwer\/#primaryimage\",\"url\":\"https:\/\/curiosidadesedicas.com\/loja\/wp-content\/uploads\/2022\/10\/chuveiro-ecologico-com-helice-de-pressao-e-filtro-purificador-heliwer-innovagoods_323984.jpg\",\"contentUrl\":\"https:\/\/curiosidadesedicas.com\/loja\/wp-content\/uploads\/2022\/10\/chuveiro-ecologico-com-helice-de-pressao-e-filtro-purificador-heliwer-innovagoods_323984.jpg\",\"width\":600,\"height\":600},{\"@type\":\"BreadcrumbList\",\"@id\":\"https:\/\/curiosidadesedicas.com\/loja\/produto\/chuveiro-ecologico-c-helice-de-pressao-e-filtro-purificador-heliwer\/#breadcrumb\",\"itemListElement\":[{\"@type\":\"ListItem\",\"position\":1,\"name\":\"In\u00edcio\",\"item\":\"https:\/\/curiosidadesedicas.com\/loja\/\"},{\"@type\":\"ListItem\",\"position\":2,\"name\":\"Produtos\",\"item\":\"https:\/\/curiosidadesedicas.com\/loja\/produtos\/\"},{\"@type\":\"ListItem\",\"position\":3,\"name\":\"CHUVEIRO ECOL\u00d3GICO C\/ H\u00c9LICE DE PRESS\u00c3O E FILTRO PURIFICADOR HELIWER\"}]},{\"@type\":\"WebSite\",\"@id\":\"https:\/\/curiosidadesedicas.com\/loja\/#website\",\"url\":\"https:\/\/curiosidadesedicas.com\/loja\/\",\"name\":\"Curiosidades &amp; Dicas, Lda\",\"description\":\"Apaixonados Por Inova\u00e7\u00e3o\",\"publisher\":{\"@id\":\"https:\/\/curiosidadesedicas.com\/loja\/#organization\"},\"potentialAction\":[{\"@type\":\"SearchAction\",\"target\":{\"@type\":\"EntryPoint\",\"urlTemplate\":\"https:\/\/curiosidadesedicas.com\/loja\/?s={search_term_string}\"},\"query-input\":{\"@type\":\"PropertyValueSpecification\",\"valueRequired\":true,\"valueName\":\"search_term_string\"}}],\"inLanguage\":\"pt-PT\"},{\"@type\":\"Organization\",\"@id\":\"https:\/\/curiosidadesedicas.com\/loja\/#organization\",\"name\":\"Curiosidades & Dicas\",\"url\":\"https:\/\/curiosidadesedicas.com\/loja\/\",\"logo\":{\"@type\":\"ImageObject\",\"inLanguage\":\"pt-PT\",\"@id\":\"https:\/\/curiosidadesedicas.com\/loja\/#\/schema\/logo\/image\/\",\"url\":\"https:\/\/curiosidadesedicas.com\/loja\/wp-content\/uploads\/2020\/05\/LogoCuriosidadesSimples.png\",\"contentUrl\":\"https:\/\/curiosidadesedicas.com\/loja\/wp-content\/uploads\/2020\/05\/LogoCuriosidadesSimples.png\",\"width\":3528,\"height\":804,\"caption\":\"Curiosidades & Dicas\"},\"image\":{\"@id\":\"https:\/\/curiosidadesedicas.com\/loja\/#\/schema\/logo\/image\/\"}}]}<\/script>\n<!-- \/ Yoast SEO plugin. -->","yoast_head_json":{"title":"CHUVEIRO ECOL\u00d3GICO C\/ H\u00c9LICE DE PRESS\u00c3O E FILTRO PURIFICADOR HELIWER - Curiosidades &amp; Dicas, Lda","robots":{"index":"index","follow":"follow","max-snippet":"max-snippet:-1","max-image-preview":"max-image-preview:large","max-video-preview":"max-video-preview:-1"},"canonical":"https:\/\/curiosidadesedicas.com\/loja\/produto\/chuveiro-ecologico-c-helice-de-pressao-e-filtro-purificador-heliwer\/","og_locale":"pt_PT","og_type":"article","og_title":"CHUVEIRO ECOL\u00d3GICO C\/ H\u00c9LICE DE PRESS\u00c3O E FILTRO PURIFICADOR HELIWER - Curiosidades &amp; Dicas, Lda","og_description":"Material:   ABS  PC  A\u00e7o inoxid\u00e1vel    Cor:   Prateado  Transparente  Azul    Design original: Ergon\u00f3mico  Inovador e funcional: Hyperboloid  Chuveiro Ecol\u00f3gico Multifun\u00e7\u00f5es: Ecol\u00f3gico  Cabe\u00e7al com h\u00e9lice de alta press\u00e3o: Aumenta a press\u00e3o da \u00e1gua  Poupan\u00e7a de \u00e1gua: Poupan\u00e7a de \u00e1gua por press\u00e3o  M\u00faltiplas posi\u00e7\u00f5es: Rota\u00e7\u00e3o 360\u00ba  2 filtros de algod\u00e3o: 1 filtro + 1 filtro sobresselente  Filtro de liga\u00e7\u00e3o \u00e0 mangueira: Mangueira do chuveiro n\u00e3o inclu\u00edda  Bot\u00e3o on\/off: Utiliza\u00e7\u00e3o c\u00f3moda e simples  Mistura mais eficiente de \u00e1gua quente e fria: Temperatura \u00f3tima  \u00c1gua purificada: Filtragem de impurezas da \u00e1gua  Experi\u00eancia de banho mais agrad\u00e1vel: Cuidado e prote\u00e7\u00e3o da pele e do cabelo  Ideal para crian\u00e7as e adultos: Utiliza\u00e7\u00e3o recomendada para peles sens\u00edveis  F\u00e1cil instala\u00e7\u00e3o: Rosca padr\u00e3o G1\/2  F\u00e1cil limpeza: F\u00e1cil de desmontar e limpar  Leve e male\u00e1vel: F\u00e1cil de transportar e de guardar  Medidas aprox.: \u00d88 x 25,5 x 3,5 cm","og_url":"https:\/\/curiosidadesedicas.com\/loja\/produto\/chuveiro-ecologico-c-helice-de-pressao-e-filtro-purificador-heliwer\/","og_site_name":"Curiosidades &amp; Dicas, Lda","article_modified_time":"2025-03-12T09:41:05+00:00","og_image":[{"width":600,"height":600,"url":"https:\/\/curiosidadesedicas.com\/loja\/wp-content\/uploads\/2022\/10\/chuveiro-ecologico-com-helice-de-pressao-e-filtro-purificador-heliwer-innovagoods_323984.jpg","type":"image\/jpeg"}],"twitter_card":"summary_large_image","twitter_misc":{"Tempo estimado de leitura":"2 minutos"},"schema":{"@context":"https:\/\/schema.org","@graph":[{"@type":"WebPage","@id":"https:\/\/curiosidadesedicas.com\/loja\/produto\/chuveiro-ecologico-c-helice-de-pressao-e-filtro-purificador-heliwer\/","url":"https:\/\/curiosidadesedicas.com\/loja\/produto\/chuveiro-ecologico-c-helice-de-pressao-e-filtro-purificador-heliwer\/","name":"CHUVEIRO ECOL\u00d3GICO C\/ H\u00c9LICE DE PRESS\u00c3O E FILTRO PURIFICADOR HELIWER - Curiosidades &amp; Dicas, Lda","isPartOf":{"@id":"https:\/\/curiosidadesedicas.com\/loja\/#website"},"primaryImageOfPage":{"@id":"https:\/\/curiosidadesedicas.com\/loja\/produto\/chuveiro-ecologico-c-helice-de-pressao-e-filtro-purificador-heliwer\/#primaryimage"},"image":{"@id":"https:\/\/curiosidadesedicas.com\/loja\/produto\/chuveiro-ecologico-c-helice-de-pressao-e-filtro-purificador-heliwer\/#primaryimage"},"thumbnailUrl":"https:\/\/curiosidadesedicas.com\/loja\/wp-content\/uploads\/2022\/10\/chuveiro-ecologico-com-helice-de-pressao-e-filtro-purificador-heliwer-innovagoods_323984.jpg","datePublished":"2022-10-26T15:00:56+00:00","dateModified":"2025-03-12T09:41:05+00:00","breadcrumb":{"@id":"https:\/\/curiosidadesedicas.com\/loja\/produto\/chuveiro-ecologico-c-helice-de-pressao-e-filtro-purificador-heliwer\/#breadcrumb"},"inLanguage":"pt-PT","potentialAction":[{"@type":"ReadAction","target":["https:\/\/curiosidadesedicas.com\/loja\/produto\/chuveiro-ecologico-c-helice-de-pressao-e-filtro-purificador-heliwer\/"]}]},{"@type":"ImageObject","inLanguage":"pt-PT","@id":"https:\/\/curiosidadesedicas.com\/loja\/produto\/chuveiro-ecologico-c-helice-de-pressao-e-filtro-purificador-heliwer\/#primaryimage","url":"https:\/\/curiosidadesedicas.com\/loja\/wp-content\/uploads\/2022\/10\/chuveiro-ecologico-com-helice-de-pressao-e-filtro-purificador-heliwer-innovagoods_323984.jpg","contentUrl":"https:\/\/curiosidadesedicas.com\/loja\/wp-content\/uploads\/2022\/10\/chuveiro-ecologico-com-helice-de-pressao-e-filtro-purificador-heliwer-innovagoods_323984.jpg","width":600,"height":600},{"@type":"BreadcrumbList","@id":"https:\/\/curiosidadesedicas.com\/loja\/produto\/chuveiro-ecologico-c-helice-de-pressao-e-filtro-purificador-heliwer\/#breadcrumb","itemListElement":[{"@type":"ListItem","position":1,"name":"In\u00edcio","item":"https:\/\/curiosidadesedicas.com\/loja\/"},{"@type":"ListItem","position":2,"name":"Produtos","item":"https:\/\/curiosidadesedicas.com\/loja\/produtos\/"},{"@type":"ListItem","position":3,"name":"CHUVEIRO ECOL\u00d3GICO C\/ H\u00c9LICE DE PRESS\u00c3O E FILTRO PURIFICADOR HELIWER"}]},{"@type":"WebSite","@id":"https:\/\/curiosidadesedicas.com\/loja\/#website","url":"https:\/\/curiosidadesedicas.com\/loja\/","name":"Curiosidades &amp; Dicas, Lda","description":"Apaixonados Por Inova\u00e7\u00e3o","publisher":{"@id":"https:\/\/curiosidadesedicas.com\/loja\/#organization"},"potentialAction":[{"@type":"SearchAction","target":{"@type":"EntryPoint","urlTemplate":"https:\/\/curiosidadesedicas.com\/loja\/?s={search_term_string}"},"query-input":{"@type":"PropertyValueSpecification","valueRequired":true,"valueName":"search_term_string"}}],"inLanguage":"pt-PT"},{"@type":"Organization","@id":"https:\/\/curiosidadesedicas.com\/loja\/#organization","name":"Curiosidades & Dicas","url":"https:\/\/curiosidadesedicas.com\/loja\/","logo":{"@type":"ImageObject","inLanguage":"pt-PT","@id":"https:\/\/curiosidadesedicas.com\/loja\/#\/schema\/logo\/image\/","url":"https:\/\/curiosidadesedicas.com\/loja\/wp-content\/uploads\/2020\/05\/LogoCuriosidadesSimples.png","contentUrl":"https:\/\/curiosidadesedicas.com\/loja\/wp-content\/uploads\/2020\/05\/LogoCuriosidadesSimples.png","width":3528,"height":804,"caption":"Curiosidades & Dicas"},"image":{"@id":"https:\/\/curiosidadesedicas.com\/loja\/#\/schema\/logo\/image\/"}}]}},"_links":{"self":[{"href":"https:\/\/curiosidadesedicas.com\/loja\/wp-json\/wp\/v2\/product\/28068","targetHints":{"allow":["GET"]}}],"collection":[{"href":"https:\/\/curiosidadesedicas.com\/loja\/wp-json\/wp\/v2\/product"}],"about":[{"href":"https:\/\/curiosidadesedicas.com\/loja\/wp-json\/wp\/v2\/types\/product"}],"replies":[{"embeddable":true,"href":"https:\/\/curiosidadesedicas.com\/loja\/wp-json\/wp\/v2\/comments?post=28068"}],"wp:featuredmedia":[{"embeddable":true,"href":"https:\/\/curiosidadesedicas.com\/loja\/wp-json\/wp\/v2\/media\/28078"}],"wp:attachment":[{"href":"https:\/\/curiosidadesedicas.com\/loja\/wp-json\/wp\/v2\/media?parent=28068"}],"wp:term":[{"taxonomy":"product_brand","embeddable":true,"href":"https:\/\/curiosidadesedicas.com\/loja\/wp-json\/wp\/v2\/product_brand?post=28068"},{"taxonomy":"product_cat","embeddable":true,"href":"https:\/\/curiosidadesedicas.com\/loja\/wp-json\/wp\/v2\/product_cat?post=28068"},{"taxonomy":"product_tag","embeddable":true,"href":"https:\/\/curiosidadesedicas.com\/loja\/wp-json\/wp\/v2\/product_tag?post=28068"}],"curies":[{"name":"wp","href":"https:\/\/api.w.org\/{rel}","templated":true}]}}