{"id":27195,"date":"2022-08-22T13:14:01","date_gmt":"2022-08-22T13:14:01","guid":{"rendered":"https:\/\/curiosidadesedicas.com\/loja\/?post_type=product&#038;p=27195"},"modified":"2022-08-22T13:16:06","modified_gmt":"2022-08-22T13:16:06","slug":"aspirador-haeger-saturno-22-2v","status":"publish","type":"product","link":"https:\/\/curiosidadesedicas.com\/loja\/produto\/aspirador-haeger-saturno-22-2v\/","title":{"rendered":"ASPIRADOR HAEGER SATURNO 22.2V"},"content":{"rendered":"<ul>\n<li>Capacidade: 500 ml<\/li>\n<li>Material: Alum\u00ednio<\/li>\n<li>Caracter\u00edsticas:\n<ul>\n<li>Recarreg\u00e1vel<\/li>\n<li>Armazenamento vertical<\/li>\n<li>Leve LED<\/li>\n<li>F\u00e1cil de desmontar e limpar<\/li>\n<\/ul>\n<\/li>\n<li>Inclui: Suporte de Parede<\/li>\n<li>Tempo de carga aprox.: 4 horas<\/li>\n<li>Autonomia aprox.: 25 min<\/li>\n<li>Recipiente: Extra\u00edvel<\/li>\n<li>Rota\u00e7\u00e3o: 90\u00ba<\/li>\n<li>Pot\u00eancia: 22,2 V<\/li>\n<li>Suc\u00e7\u00e3o: 7,5 kPa<\/li>\n<\/ul>\n","protected":false},"excerpt":{"rendered":"<ul>\n<li>Capacidade: 500 ml<\/li>\n<li>Material: Alum\u00ednio<\/li>\n<li>Caracter\u00edsticas:\n<ul>\n<li>Recarreg\u00e1vel<\/li>\n<li>Armazenamento vertical<\/li>\n<li>Leve LED<\/li>\n<li>F\u00e1cil de desmontar e limpar<\/li>\n<\/ul>\n<\/li>\n<li>Inclui: Suporte de Parede<\/li>\n<li>Tempo de carga aprox.: 4 horas<\/li>\n<li>Autonomia aprox.: 25 min<\/li>\n<li>Recipiente: Extra\u00edvel<\/li>\n<li>Rota\u00e7\u00e3o: 90\u00ba<\/li>\n<li>Pot\u00eancia: 22,2 V<\/li>\n<li>Suc\u00e7\u00e3o: 7,5 kPa<\/li>\n<\/ul>\n<p><img loading=\"lazy\" decoding=\"async\" class=\"\" src=\"https:\/\/curiosidadesedicas.com\/loja\/wp-content\/uploads\/2022\/08\/aspirador-haeger-saturno-22-2v_201983-3.jpg\" width=\"735\" height=\"735\" \/><\/p>\n<p>&nbsp;<\/p>\n","protected":false},"featured_media":27200,"comment_status":"open","ping_status":"closed","template":"","meta":{"_glsr_average":0,"_glsr_ranking":0,"_glsr_reviews":0},"product_brand":[],"product_cat":[365,394],"product_tag":[],"class_list":{"0":"post-27195","1":"product","2":"type-product","3":"status-publish","4":"has-post-thumbnail","6":"product_cat-para-o-lar","7":"product_cat-limpeza","9":"first","10":"instock","11":"taxable","12":"shipping-taxable","13":"purchasable","14":"product-type-simple"},"yoast_head":"<!-- This site is optimized with the Yoast SEO plugin v26.8 - https:\/\/yoast.com\/product\/yoast-seo-wordpress\/ -->\n<title>ASPIRADOR HAEGER SATURNO 22.2V - Curiosidades &amp; Dicas, Lda<\/title>\n<meta name=\"robots\" content=\"index, follow, max-snippet:-1, max-image-preview:large, max-video-preview:-1\" \/>\n<link rel=\"canonical\" href=\"https:\/\/curiosidadesedicas.com\/loja\/produto\/aspirador-haeger-saturno-22-2v\/\" \/>\n<meta property=\"og:locale\" content=\"pt_PT\" \/>\n<meta property=\"og:type\" content=\"article\" \/>\n<meta property=\"og:title\" content=\"ASPIRADOR HAEGER SATURNO 22.2V - Curiosidades &amp; Dicas, Lda\" \/>\n<meta property=\"og:description\" content=\"Capacidade: 500 ml  Material: Alum\u00ednio  Caracter\u00edsticas:   Recarreg\u00e1vel  Armazenamento vertical  Leve LED  F\u00e1cil de desmontar e limpar    Inclui: Suporte de Parede  Tempo de carga aprox.: 4 horas  Autonomia aprox.: 25 min  Recipiente: Extra\u00edvel  Rota\u00e7\u00e3o: 90\u00ba  Pot\u00eancia: 22,2 V  Suc\u00e7\u00e3o: 7,5 kPa    &nbsp;\" \/>\n<meta property=\"og:url\" content=\"https:\/\/curiosidadesedicas.com\/loja\/produto\/aspirador-haeger-saturno-22-2v\/\" \/>\n<meta property=\"og:site_name\" content=\"Curiosidades &amp; Dicas, Lda\" \/>\n<meta property=\"article:modified_time\" content=\"2022-08-22T13:16:06+00:00\" \/>\n<meta property=\"og:image\" content=\"https:\/\/curiosidadesedicas.com\/loja\/wp-content\/uploads\/2022\/08\/aspirador-haeger-saturno-22-2v_201983.jpg\" \/>\n\t<meta property=\"og:image:width\" content=\"600\" \/>\n\t<meta property=\"og:image:height\" content=\"600\" \/>\n\t<meta property=\"og:image:type\" content=\"image\/jpeg\" \/>\n<meta name=\"twitter:card\" content=\"summary_large_image\" \/>\n<meta name=\"twitter:label1\" content=\"Tempo estimado de leitura\" \/>\n\t<meta name=\"twitter:data1\" content=\"1 minuto\" \/>\n<script type=\"application\/ld+json\" class=\"yoast-schema-graph\">{\"@context\":\"https:\/\/schema.org\",\"@graph\":[{\"@type\":\"WebPage\",\"@id\":\"https:\/\/curiosidadesedicas.com\/loja\/produto\/aspirador-haeger-saturno-22-2v\/\",\"url\":\"https:\/\/curiosidadesedicas.com\/loja\/produto\/aspirador-haeger-saturno-22-2v\/\",\"name\":\"ASPIRADOR HAEGER SATURNO 22.2V - Curiosidades &amp; Dicas, Lda\",\"isPartOf\":{\"@id\":\"https:\/\/curiosidadesedicas.com\/loja\/#website\"},\"primaryImageOfPage\":{\"@id\":\"https:\/\/curiosidadesedicas.com\/loja\/produto\/aspirador-haeger-saturno-22-2v\/#primaryimage\"},\"image\":{\"@id\":\"https:\/\/curiosidadesedicas.com\/loja\/produto\/aspirador-haeger-saturno-22-2v\/#primaryimage\"},\"thumbnailUrl\":\"https:\/\/curiosidadesedicas.com\/loja\/wp-content\/uploads\/2022\/08\/aspirador-haeger-saturno-22-2v_201983.jpg\",\"datePublished\":\"2022-08-22T13:14:01+00:00\",\"dateModified\":\"2022-08-22T13:16:06+00:00\",\"breadcrumb\":{\"@id\":\"https:\/\/curiosidadesedicas.com\/loja\/produto\/aspirador-haeger-saturno-22-2v\/#breadcrumb\"},\"inLanguage\":\"pt-PT\",\"potentialAction\":[{\"@type\":\"ReadAction\",\"target\":[\"https:\/\/curiosidadesedicas.com\/loja\/produto\/aspirador-haeger-saturno-22-2v\/\"]}]},{\"@type\":\"ImageObject\",\"inLanguage\":\"pt-PT\",\"@id\":\"https:\/\/curiosidadesedicas.com\/loja\/produto\/aspirador-haeger-saturno-22-2v\/#primaryimage\",\"url\":\"https:\/\/curiosidadesedicas.com\/loja\/wp-content\/uploads\/2022\/08\/aspirador-haeger-saturno-22-2v_201983.jpg\",\"contentUrl\":\"https:\/\/curiosidadesedicas.com\/loja\/wp-content\/uploads\/2022\/08\/aspirador-haeger-saturno-22-2v_201983.jpg\",\"width\":600,\"height\":600},{\"@type\":\"BreadcrumbList\",\"@id\":\"https:\/\/curiosidadesedicas.com\/loja\/produto\/aspirador-haeger-saturno-22-2v\/#breadcrumb\",\"itemListElement\":[{\"@type\":\"ListItem\",\"position\":1,\"name\":\"In\u00edcio\",\"item\":\"https:\/\/curiosidadesedicas.com\/loja\/\"},{\"@type\":\"ListItem\",\"position\":2,\"name\":\"Produtos\",\"item\":\"https:\/\/curiosidadesedicas.com\/loja\/produtos\/\"},{\"@type\":\"ListItem\",\"position\":3,\"name\":\"ASPIRADOR HAEGER SATURNO 22.2V\"}]},{\"@type\":\"WebSite\",\"@id\":\"https:\/\/curiosidadesedicas.com\/loja\/#website\",\"url\":\"https:\/\/curiosidadesedicas.com\/loja\/\",\"name\":\"Curiosidades &amp; Dicas, Lda\",\"description\":\"Apaixonados Por Inova\u00e7\u00e3o\",\"publisher\":{\"@id\":\"https:\/\/curiosidadesedicas.com\/loja\/#organization\"},\"potentialAction\":[{\"@type\":\"SearchAction\",\"target\":{\"@type\":\"EntryPoint\",\"urlTemplate\":\"https:\/\/curiosidadesedicas.com\/loja\/?s={search_term_string}\"},\"query-input\":{\"@type\":\"PropertyValueSpecification\",\"valueRequired\":true,\"valueName\":\"search_term_string\"}}],\"inLanguage\":\"pt-PT\"},{\"@type\":\"Organization\",\"@id\":\"https:\/\/curiosidadesedicas.com\/loja\/#organization\",\"name\":\"Curiosidades & Dicas\",\"url\":\"https:\/\/curiosidadesedicas.com\/loja\/\",\"logo\":{\"@type\":\"ImageObject\",\"inLanguage\":\"pt-PT\",\"@id\":\"https:\/\/curiosidadesedicas.com\/loja\/#\/schema\/logo\/image\/\",\"url\":\"https:\/\/curiosidadesedicas.com\/loja\/wp-content\/uploads\/2020\/05\/LogoCuriosidadesSimples.png\",\"contentUrl\":\"https:\/\/curiosidadesedicas.com\/loja\/wp-content\/uploads\/2020\/05\/LogoCuriosidadesSimples.png\",\"width\":3528,\"height\":804,\"caption\":\"Curiosidades & Dicas\"},\"image\":{\"@id\":\"https:\/\/curiosidadesedicas.com\/loja\/#\/schema\/logo\/image\/\"}}]}<\/script>\n<!-- \/ Yoast SEO plugin. -->","yoast_head_json":{"title":"ASPIRADOR HAEGER SATURNO 22.2V - Curiosidades &amp; Dicas, Lda","robots":{"index":"index","follow":"follow","max-snippet":"max-snippet:-1","max-image-preview":"max-image-preview:large","max-video-preview":"max-video-preview:-1"},"canonical":"https:\/\/curiosidadesedicas.com\/loja\/produto\/aspirador-haeger-saturno-22-2v\/","og_locale":"pt_PT","og_type":"article","og_title":"ASPIRADOR HAEGER SATURNO 22.2V - Curiosidades &amp; Dicas, Lda","og_description":"Capacidade: 500 ml  Material: Alum\u00ednio  Caracter\u00edsticas:   Recarreg\u00e1vel  Armazenamento vertical  Leve LED  F\u00e1cil de desmontar e limpar    Inclui: Suporte de Parede  Tempo de carga aprox.: 4 horas  Autonomia aprox.: 25 min  Recipiente: Extra\u00edvel  Rota\u00e7\u00e3o: 90\u00ba  Pot\u00eancia: 22,2 V  Suc\u00e7\u00e3o: 7,5 kPa    &nbsp;","og_url":"https:\/\/curiosidadesedicas.com\/loja\/produto\/aspirador-haeger-saturno-22-2v\/","og_site_name":"Curiosidades &amp; Dicas, Lda","article_modified_time":"2022-08-22T13:16:06+00:00","og_image":[{"width":600,"height":600,"url":"https:\/\/curiosidadesedicas.com\/loja\/wp-content\/uploads\/2022\/08\/aspirador-haeger-saturno-22-2v_201983.jpg","type":"image\/jpeg"}],"twitter_card":"summary_large_image","twitter_misc":{"Tempo estimado de leitura":"1 minuto"},"schema":{"@context":"https:\/\/schema.org","@graph":[{"@type":"WebPage","@id":"https:\/\/curiosidadesedicas.com\/loja\/produto\/aspirador-haeger-saturno-22-2v\/","url":"https:\/\/curiosidadesedicas.com\/loja\/produto\/aspirador-haeger-saturno-22-2v\/","name":"ASPIRADOR HAEGER SATURNO 22.2V - Curiosidades &amp; Dicas, Lda","isPartOf":{"@id":"https:\/\/curiosidadesedicas.com\/loja\/#website"},"primaryImageOfPage":{"@id":"https:\/\/curiosidadesedicas.com\/loja\/produto\/aspirador-haeger-saturno-22-2v\/#primaryimage"},"image":{"@id":"https:\/\/curiosidadesedicas.com\/loja\/produto\/aspirador-haeger-saturno-22-2v\/#primaryimage"},"thumbnailUrl":"https:\/\/curiosidadesedicas.com\/loja\/wp-content\/uploads\/2022\/08\/aspirador-haeger-saturno-22-2v_201983.jpg","datePublished":"2022-08-22T13:14:01+00:00","dateModified":"2022-08-22T13:16:06+00:00","breadcrumb":{"@id":"https:\/\/curiosidadesedicas.com\/loja\/produto\/aspirador-haeger-saturno-22-2v\/#breadcrumb"},"inLanguage":"pt-PT","potentialAction":[{"@type":"ReadAction","target":["https:\/\/curiosidadesedicas.com\/loja\/produto\/aspirador-haeger-saturno-22-2v\/"]}]},{"@type":"ImageObject","inLanguage":"pt-PT","@id":"https:\/\/curiosidadesedicas.com\/loja\/produto\/aspirador-haeger-saturno-22-2v\/#primaryimage","url":"https:\/\/curiosidadesedicas.com\/loja\/wp-content\/uploads\/2022\/08\/aspirador-haeger-saturno-22-2v_201983.jpg","contentUrl":"https:\/\/curiosidadesedicas.com\/loja\/wp-content\/uploads\/2022\/08\/aspirador-haeger-saturno-22-2v_201983.jpg","width":600,"height":600},{"@type":"BreadcrumbList","@id":"https:\/\/curiosidadesedicas.com\/loja\/produto\/aspirador-haeger-saturno-22-2v\/#breadcrumb","itemListElement":[{"@type":"ListItem","position":1,"name":"In\u00edcio","item":"https:\/\/curiosidadesedicas.com\/loja\/"},{"@type":"ListItem","position":2,"name":"Produtos","item":"https:\/\/curiosidadesedicas.com\/loja\/produtos\/"},{"@type":"ListItem","position":3,"name":"ASPIRADOR HAEGER SATURNO 22.2V"}]},{"@type":"WebSite","@id":"https:\/\/curiosidadesedicas.com\/loja\/#website","url":"https:\/\/curiosidadesedicas.com\/loja\/","name":"Curiosidades &amp; Dicas, Lda","description":"Apaixonados Por Inova\u00e7\u00e3o","publisher":{"@id":"https:\/\/curiosidadesedicas.com\/loja\/#organization"},"potentialAction":[{"@type":"SearchAction","target":{"@type":"EntryPoint","urlTemplate":"https:\/\/curiosidadesedicas.com\/loja\/?s={search_term_string}"},"query-input":{"@type":"PropertyValueSpecification","valueRequired":true,"valueName":"search_term_string"}}],"inLanguage":"pt-PT"},{"@type":"Organization","@id":"https:\/\/curiosidadesedicas.com\/loja\/#organization","name":"Curiosidades & Dicas","url":"https:\/\/curiosidadesedicas.com\/loja\/","logo":{"@type":"ImageObject","inLanguage":"pt-PT","@id":"https:\/\/curiosidadesedicas.com\/loja\/#\/schema\/logo\/image\/","url":"https:\/\/curiosidadesedicas.com\/loja\/wp-content\/uploads\/2020\/05\/LogoCuriosidadesSimples.png","contentUrl":"https:\/\/curiosidadesedicas.com\/loja\/wp-content\/uploads\/2020\/05\/LogoCuriosidadesSimples.png","width":3528,"height":804,"caption":"Curiosidades & Dicas"},"image":{"@id":"https:\/\/curiosidadesedicas.com\/loja\/#\/schema\/logo\/image\/"}}]}},"_links":{"self":[{"href":"https:\/\/curiosidadesedicas.com\/loja\/wp-json\/wp\/v2\/product\/27195","targetHints":{"allow":["GET"]}}],"collection":[{"href":"https:\/\/curiosidadesedicas.com\/loja\/wp-json\/wp\/v2\/product"}],"about":[{"href":"https:\/\/curiosidadesedicas.com\/loja\/wp-json\/wp\/v2\/types\/product"}],"replies":[{"embeddable":true,"href":"https:\/\/curiosidadesedicas.com\/loja\/wp-json\/wp\/v2\/comments?post=27195"}],"wp:featuredmedia":[{"embeddable":true,"href":"https:\/\/curiosidadesedicas.com\/loja\/wp-json\/wp\/v2\/media\/27200"}],"wp:attachment":[{"href":"https:\/\/curiosidadesedicas.com\/loja\/wp-json\/wp\/v2\/media?parent=27195"}],"wp:term":[{"taxonomy":"product_brand","embeddable":true,"href":"https:\/\/curiosidadesedicas.com\/loja\/wp-json\/wp\/v2\/product_brand?post=27195"},{"taxonomy":"product_cat","embeddable":true,"href":"https:\/\/curiosidadesedicas.com\/loja\/wp-json\/wp\/v2\/product_cat?post=27195"},{"taxonomy":"product_tag","embeddable":true,"href":"https:\/\/curiosidadesedicas.com\/loja\/wp-json\/wp\/v2\/product_tag?post=27195"}],"curies":[{"name":"wp","href":"https:\/\/api.w.org\/{rel}","templated":true}]}}