{"id":26602,"date":"2022-06-24T14:52:49","date_gmt":"2022-06-24T14:52:49","guid":{"rendered":"https:\/\/curiosidadesedicas.com\/loja\/?post_type=product&#038;p=26602"},"modified":"2025-03-12T09:51:11","modified_gmt":"2025-03-12T09:51:11","slug":"dispensador-de-bebidas-refrigerante-freer","status":"publish","type":"product","link":"https:\/\/curiosidadesedicas.com\/loja\/produto\/dispensador-de-bebidas-refrigerante-freer\/","title":{"rendered":"DISPENSADOR DE BEBIDAS REFRIGERANTE FREER"},"content":{"rendered":"<p>Um dispensador de bebidas refrigerantes, ideal para servir de forma pr\u00e1tica todo o tipo de bebidas em festas e celebra\u00e7\u00f5es com amigos e familiares. Os seus 2 tanques de gelo independentes e amov\u00edveis s\u00e3o colocados na \u00e1rea central do compartimento de bebidas e permitem-lhe arrefecer e manter as bebidas frescas, sem que estas fiquem aguadas. Al\u00e9m disso, o dispensador inclui uma tampa dupla no topo e um espa\u00e7o de armazenamento de grande dimens\u00e3o na base, muito \u00fatil para armazenar copos, aperitivos, etc. Ideal para os transportar consigo ou at\u00e9 mesmo para guardar as pe\u00e7as amov\u00edveis do dispensador. Este dispensador original e vers\u00e1til conta com uma grande capacidade de 4 l e o dep\u00f3sito de bebidas \u00e9 transparente, permitindo-lhe visualizar o conte\u00fado em qualquer momento e verificar o n\u00edvel da bebida, para que possa voltar a repor o conte\u00fado, sempre que necess\u00e1rio. Gra\u00e7as \u00e0 pr\u00e1tica torneira de alavanca, poder\u00e1 servir bebidas de forma semelhante \u00e0s torneiras de cerveja profissionais, com total facilidade e conforto, sem pingos ou desperd\u00edcio de bebidas. Empurre simplesmente a alavanca para baixo para abrir a torneira e servir o conte\u00fado, e empurre-a para cima para a fechar. O dispensador pode ser utilizado dentro e fora de casa e \u00e9 adequado para uma grande quantidade de bebidas e misturas, tais como cerveja, sangria, mojitos, cocktails, ice tea, etc. Al\u00e9m disso, \u00e9 muito f\u00e1cil de utilizar e pode ser desmontado, facilitando a limpeza e o armazenamento sem ocupar muito espa\u00e7o. Copos n\u00e3o inclu\u00eddos.<\/p>\n<p><img decoding=\"async\" src=\"https:\/\/curiosidadesedicas.com\/loja\/wp-content\/uploads\/2022\/06\/dispensador-de-bebidas-refrigerante-freer-innovagoods_331486-1.jpg\" \/><\/p>\n","protected":false},"excerpt":{"rendered":"<ul>\n<li>Material:\n<ul>\n<li>ABS<\/li>\n<li>PP<\/li>\n<li>PS<\/li>\n<\/ul>\n<\/li>\n<li>Cor:\n<ul>\n<li>Cinzento<\/li>\n<li>Prateado<\/li>\n<li>Transparente<\/li>\n<\/ul>\n<\/li>\n<li>Design original: Inovador e funcional<\/li>\n<li>Dispensador de bebidas: Controlo manual<\/li>\n<li>Capacidade: 4 L<\/li>\n<li>F\u00e1cil de utilizar: F\u00e1cil e r\u00e1pida visualiza\u00e7\u00e3o do conte\u00fado<\/li>\n<li>C\u00f3moda e pr\u00e1tica torneira para servir: Anti-pingos e anti-vazamento<\/li>\n<li>2 dep\u00f3sitos para gelo amov\u00edveis: Refrigerante<\/li>\n<li>Compartimento de armazenamento: Grande capacidade e estabilidade<\/li>\n<li>Base de apoio est\u00e1vel: Apoio est\u00e1vel<\/li>\n<li>Utiliza\u00e7\u00e3o principal: Ideal para festas, reuni\u00f5es, celebra\u00e7\u00f5es, etc.<\/li>\n<li>Universal: Ideal para todo o tipo de bebidas<\/li>\n<li>Vers\u00e1til e adapt\u00e1vel: Diversas utiliza\u00e7\u00f5es e espa\u00e7os<\/li>\n<li>Original e port\u00e1til: Utiliza\u00e7\u00e3o em interiores e exteriores<\/li>\n<li>Leve e male\u00e1vel: Utiliza\u00e7\u00e3o c\u00f3moda e simples<\/li>\n<li>Desmont\u00e1vel: Arruma\u00e7\u00e3o e poupan\u00e7a de espa\u00e7o<\/li>\n<li>F\u00e1cil de montar e desmontar: F\u00e1cil de transportar e de guardar<\/li>\n<li>F\u00e1cil limpeza: F\u00e1cil de desmontar e limpar<\/li>\n<li>Medidas aprox.: 22 x 41,7 x 26,5 cm<\/li>\n<\/ul>\n","protected":false},"featured_media":26614,"comment_status":"open","ping_status":"closed","template":"","meta":{"_glsr_average":0,"_glsr_ranking":0,"_glsr_reviews":0},"product_brand":[],"product_cat":[350,411,355,356,365,366],"product_tag":[],"class_list":{"0":"post-26602","1":"product","2":"type-product","3":"status-publish","4":"has-post-thumbnail","6":"product_cat-gadgets","7":"product_cat-divertidos-e-diversos","8":"product_cat-p-jardins","9":"product_cat-p-praia-e-piscina","10":"product_cat-para-o-lar","11":"product_cat-cozinha","13":"first","14":"instock","15":"taxable","16":"shipping-taxable","17":"purchasable","18":"product-type-simple"},"yoast_head":"<!-- This site is optimized with the Yoast SEO plugin v26.8 - https:\/\/yoast.com\/product\/yoast-seo-wordpress\/ -->\n<title>DISPENSADOR DE BEBIDAS REFRIGERANTE FREER - Curiosidades &amp; Dicas, Lda<\/title>\n<meta name=\"robots\" content=\"index, follow, max-snippet:-1, max-image-preview:large, max-video-preview:-1\" \/>\n<link rel=\"canonical\" href=\"https:\/\/curiosidadesedicas.com\/loja\/produto\/dispensador-de-bebidas-refrigerante-freer\/\" \/>\n<meta property=\"og:locale\" content=\"pt_PT\" \/>\n<meta property=\"og:type\" content=\"article\" \/>\n<meta property=\"og:title\" content=\"DISPENSADOR DE BEBIDAS REFRIGERANTE FREER - Curiosidades &amp; Dicas, Lda\" \/>\n<meta property=\"og:description\" content=\"Material:   ABS  PP  PS    Cor:   Cinzento  Prateado  Transparente    Design original: Inovador e funcional  Dispensador de bebidas: Controlo manual  Capacidade: 4 L  F\u00e1cil de utilizar: F\u00e1cil e r\u00e1pida visualiza\u00e7\u00e3o do conte\u00fado  C\u00f3moda e pr\u00e1tica torneira para servir: Anti-pingos e anti-vazamento  2 dep\u00f3sitos para gelo amov\u00edveis: Refrigerante  Compartimento de armazenamento: Grande capacidade e estabilidade  Base de apoio est\u00e1vel: Apoio est\u00e1vel  Utiliza\u00e7\u00e3o principal: Ideal para festas, reuni\u00f5es, celebra\u00e7\u00f5es, etc.  Universal: Ideal para todo o tipo de bebidas  Vers\u00e1til e adapt\u00e1vel: Diversas utiliza\u00e7\u00f5es e espa\u00e7os  Original e port\u00e1til: Utiliza\u00e7\u00e3o em interiores e exteriores  Leve e male\u00e1vel: Utiliza\u00e7\u00e3o c\u00f3moda e simples  Desmont\u00e1vel: Arruma\u00e7\u00e3o e poupan\u00e7a de espa\u00e7o  F\u00e1cil de montar e desmontar: F\u00e1cil de transportar e de guardar  F\u00e1cil limpeza: F\u00e1cil de desmontar e limpar  Medidas aprox.: 22 x 41,7 x 26,5 cm\" \/>\n<meta property=\"og:url\" content=\"https:\/\/curiosidadesedicas.com\/loja\/produto\/dispensador-de-bebidas-refrigerante-freer\/\" \/>\n<meta property=\"og:site_name\" content=\"Curiosidades &amp; Dicas, Lda\" \/>\n<meta property=\"article:modified_time\" content=\"2025-03-12T09:51:11+00:00\" \/>\n<meta property=\"og:image\" content=\"https:\/\/curiosidadesedicas.com\/loja\/wp-content\/uploads\/2022\/06\/dispensador-de-bebidas-refrigerante-freer-innovagoods_331486.jpg\" \/>\n\t<meta property=\"og:image:width\" content=\"600\" \/>\n\t<meta property=\"og:image:height\" content=\"600\" \/>\n\t<meta property=\"og:image:type\" content=\"image\/jpeg\" \/>\n<meta name=\"twitter:card\" content=\"summary_large_image\" \/>\n<meta name=\"twitter:label1\" content=\"Tempo estimado de leitura\" \/>\n\t<meta name=\"twitter:data1\" content=\"2 minutos\" \/>\n<script type=\"application\/ld+json\" class=\"yoast-schema-graph\">{\"@context\":\"https:\/\/schema.org\",\"@graph\":[{\"@type\":\"WebPage\",\"@id\":\"https:\/\/curiosidadesedicas.com\/loja\/produto\/dispensador-de-bebidas-refrigerante-freer\/\",\"url\":\"https:\/\/curiosidadesedicas.com\/loja\/produto\/dispensador-de-bebidas-refrigerante-freer\/\",\"name\":\"DISPENSADOR DE BEBIDAS REFRIGERANTE FREER - Curiosidades &amp; Dicas, Lda\",\"isPartOf\":{\"@id\":\"https:\/\/curiosidadesedicas.com\/loja\/#website\"},\"primaryImageOfPage\":{\"@id\":\"https:\/\/curiosidadesedicas.com\/loja\/produto\/dispensador-de-bebidas-refrigerante-freer\/#primaryimage\"},\"image\":{\"@id\":\"https:\/\/curiosidadesedicas.com\/loja\/produto\/dispensador-de-bebidas-refrigerante-freer\/#primaryimage\"},\"thumbnailUrl\":\"https:\/\/curiosidadesedicas.com\/loja\/wp-content\/uploads\/2022\/06\/dispensador-de-bebidas-refrigerante-freer-innovagoods_331486.jpg\",\"datePublished\":\"2022-06-24T14:52:49+00:00\",\"dateModified\":\"2025-03-12T09:51:11+00:00\",\"breadcrumb\":{\"@id\":\"https:\/\/curiosidadesedicas.com\/loja\/produto\/dispensador-de-bebidas-refrigerante-freer\/#breadcrumb\"},\"inLanguage\":\"pt-PT\",\"potentialAction\":[{\"@type\":\"ReadAction\",\"target\":[\"https:\/\/curiosidadesedicas.com\/loja\/produto\/dispensador-de-bebidas-refrigerante-freer\/\"]}]},{\"@type\":\"ImageObject\",\"inLanguage\":\"pt-PT\",\"@id\":\"https:\/\/curiosidadesedicas.com\/loja\/produto\/dispensador-de-bebidas-refrigerante-freer\/#primaryimage\",\"url\":\"https:\/\/curiosidadesedicas.com\/loja\/wp-content\/uploads\/2022\/06\/dispensador-de-bebidas-refrigerante-freer-innovagoods_331486.jpg\",\"contentUrl\":\"https:\/\/curiosidadesedicas.com\/loja\/wp-content\/uploads\/2022\/06\/dispensador-de-bebidas-refrigerante-freer-innovagoods_331486.jpg\",\"width\":600,\"height\":600},{\"@type\":\"BreadcrumbList\",\"@id\":\"https:\/\/curiosidadesedicas.com\/loja\/produto\/dispensador-de-bebidas-refrigerante-freer\/#breadcrumb\",\"itemListElement\":[{\"@type\":\"ListItem\",\"position\":1,\"name\":\"In\u00edcio\",\"item\":\"https:\/\/curiosidadesedicas.com\/loja\/\"},{\"@type\":\"ListItem\",\"position\":2,\"name\":\"Produtos\",\"item\":\"https:\/\/curiosidadesedicas.com\/loja\/produtos\/\"},{\"@type\":\"ListItem\",\"position\":3,\"name\":\"DISPENSADOR DE BEBIDAS REFRIGERANTE FREER\"}]},{\"@type\":\"WebSite\",\"@id\":\"https:\/\/curiosidadesedicas.com\/loja\/#website\",\"url\":\"https:\/\/curiosidadesedicas.com\/loja\/\",\"name\":\"Curiosidades &amp; Dicas, Lda\",\"description\":\"Apaixonados Por Inova\u00e7\u00e3o\",\"publisher\":{\"@id\":\"https:\/\/curiosidadesedicas.com\/loja\/#organization\"},\"potentialAction\":[{\"@type\":\"SearchAction\",\"target\":{\"@type\":\"EntryPoint\",\"urlTemplate\":\"https:\/\/curiosidadesedicas.com\/loja\/?s={search_term_string}\"},\"query-input\":{\"@type\":\"PropertyValueSpecification\",\"valueRequired\":true,\"valueName\":\"search_term_string\"}}],\"inLanguage\":\"pt-PT\"},{\"@type\":\"Organization\",\"@id\":\"https:\/\/curiosidadesedicas.com\/loja\/#organization\",\"name\":\"Curiosidades & Dicas\",\"url\":\"https:\/\/curiosidadesedicas.com\/loja\/\",\"logo\":{\"@type\":\"ImageObject\",\"inLanguage\":\"pt-PT\",\"@id\":\"https:\/\/curiosidadesedicas.com\/loja\/#\/schema\/logo\/image\/\",\"url\":\"https:\/\/curiosidadesedicas.com\/loja\/wp-content\/uploads\/2020\/05\/LogoCuriosidadesSimples.png\",\"contentUrl\":\"https:\/\/curiosidadesedicas.com\/loja\/wp-content\/uploads\/2020\/05\/LogoCuriosidadesSimples.png\",\"width\":3528,\"height\":804,\"caption\":\"Curiosidades & Dicas\"},\"image\":{\"@id\":\"https:\/\/curiosidadesedicas.com\/loja\/#\/schema\/logo\/image\/\"}}]}<\/script>\n<!-- \/ Yoast SEO plugin. -->","yoast_head_json":{"title":"DISPENSADOR DE BEBIDAS REFRIGERANTE FREER - Curiosidades &amp; Dicas, Lda","robots":{"index":"index","follow":"follow","max-snippet":"max-snippet:-1","max-image-preview":"max-image-preview:large","max-video-preview":"max-video-preview:-1"},"canonical":"https:\/\/curiosidadesedicas.com\/loja\/produto\/dispensador-de-bebidas-refrigerante-freer\/","og_locale":"pt_PT","og_type":"article","og_title":"DISPENSADOR DE BEBIDAS REFRIGERANTE FREER - Curiosidades &amp; Dicas, Lda","og_description":"Material:   ABS  PP  PS    Cor:   Cinzento  Prateado  Transparente    Design original: Inovador e funcional  Dispensador de bebidas: Controlo manual  Capacidade: 4 L  F\u00e1cil de utilizar: F\u00e1cil e r\u00e1pida visualiza\u00e7\u00e3o do conte\u00fado  C\u00f3moda e pr\u00e1tica torneira para servir: Anti-pingos e anti-vazamento  2 dep\u00f3sitos para gelo amov\u00edveis: Refrigerante  Compartimento de armazenamento: Grande capacidade e estabilidade  Base de apoio est\u00e1vel: Apoio est\u00e1vel  Utiliza\u00e7\u00e3o principal: Ideal para festas, reuni\u00f5es, celebra\u00e7\u00f5es, etc.  Universal: Ideal para todo o tipo de bebidas  Vers\u00e1til e adapt\u00e1vel: Diversas utiliza\u00e7\u00f5es e espa\u00e7os  Original e port\u00e1til: Utiliza\u00e7\u00e3o em interiores e exteriores  Leve e male\u00e1vel: Utiliza\u00e7\u00e3o c\u00f3moda e simples  Desmont\u00e1vel: Arruma\u00e7\u00e3o e poupan\u00e7a de espa\u00e7o  F\u00e1cil de montar e desmontar: F\u00e1cil de transportar e de guardar  F\u00e1cil limpeza: F\u00e1cil de desmontar e limpar  Medidas aprox.: 22 x 41,7 x 26,5 cm","og_url":"https:\/\/curiosidadesedicas.com\/loja\/produto\/dispensador-de-bebidas-refrigerante-freer\/","og_site_name":"Curiosidades &amp; Dicas, Lda","article_modified_time":"2025-03-12T09:51:11+00:00","og_image":[{"width":600,"height":600,"url":"https:\/\/curiosidadesedicas.com\/loja\/wp-content\/uploads\/2022\/06\/dispensador-de-bebidas-refrigerante-freer-innovagoods_331486.jpg","type":"image\/jpeg"}],"twitter_card":"summary_large_image","twitter_misc":{"Tempo estimado de leitura":"2 minutos"},"schema":{"@context":"https:\/\/schema.org","@graph":[{"@type":"WebPage","@id":"https:\/\/curiosidadesedicas.com\/loja\/produto\/dispensador-de-bebidas-refrigerante-freer\/","url":"https:\/\/curiosidadesedicas.com\/loja\/produto\/dispensador-de-bebidas-refrigerante-freer\/","name":"DISPENSADOR DE BEBIDAS REFRIGERANTE FREER - Curiosidades &amp; Dicas, Lda","isPartOf":{"@id":"https:\/\/curiosidadesedicas.com\/loja\/#website"},"primaryImageOfPage":{"@id":"https:\/\/curiosidadesedicas.com\/loja\/produto\/dispensador-de-bebidas-refrigerante-freer\/#primaryimage"},"image":{"@id":"https:\/\/curiosidadesedicas.com\/loja\/produto\/dispensador-de-bebidas-refrigerante-freer\/#primaryimage"},"thumbnailUrl":"https:\/\/curiosidadesedicas.com\/loja\/wp-content\/uploads\/2022\/06\/dispensador-de-bebidas-refrigerante-freer-innovagoods_331486.jpg","datePublished":"2022-06-24T14:52:49+00:00","dateModified":"2025-03-12T09:51:11+00:00","breadcrumb":{"@id":"https:\/\/curiosidadesedicas.com\/loja\/produto\/dispensador-de-bebidas-refrigerante-freer\/#breadcrumb"},"inLanguage":"pt-PT","potentialAction":[{"@type":"ReadAction","target":["https:\/\/curiosidadesedicas.com\/loja\/produto\/dispensador-de-bebidas-refrigerante-freer\/"]}]},{"@type":"ImageObject","inLanguage":"pt-PT","@id":"https:\/\/curiosidadesedicas.com\/loja\/produto\/dispensador-de-bebidas-refrigerante-freer\/#primaryimage","url":"https:\/\/curiosidadesedicas.com\/loja\/wp-content\/uploads\/2022\/06\/dispensador-de-bebidas-refrigerante-freer-innovagoods_331486.jpg","contentUrl":"https:\/\/curiosidadesedicas.com\/loja\/wp-content\/uploads\/2022\/06\/dispensador-de-bebidas-refrigerante-freer-innovagoods_331486.jpg","width":600,"height":600},{"@type":"BreadcrumbList","@id":"https:\/\/curiosidadesedicas.com\/loja\/produto\/dispensador-de-bebidas-refrigerante-freer\/#breadcrumb","itemListElement":[{"@type":"ListItem","position":1,"name":"In\u00edcio","item":"https:\/\/curiosidadesedicas.com\/loja\/"},{"@type":"ListItem","position":2,"name":"Produtos","item":"https:\/\/curiosidadesedicas.com\/loja\/produtos\/"},{"@type":"ListItem","position":3,"name":"DISPENSADOR DE BEBIDAS REFRIGERANTE FREER"}]},{"@type":"WebSite","@id":"https:\/\/curiosidadesedicas.com\/loja\/#website","url":"https:\/\/curiosidadesedicas.com\/loja\/","name":"Curiosidades &amp; Dicas, Lda","description":"Apaixonados Por Inova\u00e7\u00e3o","publisher":{"@id":"https:\/\/curiosidadesedicas.com\/loja\/#organization"},"potentialAction":[{"@type":"SearchAction","target":{"@type":"EntryPoint","urlTemplate":"https:\/\/curiosidadesedicas.com\/loja\/?s={search_term_string}"},"query-input":{"@type":"PropertyValueSpecification","valueRequired":true,"valueName":"search_term_string"}}],"inLanguage":"pt-PT"},{"@type":"Organization","@id":"https:\/\/curiosidadesedicas.com\/loja\/#organization","name":"Curiosidades & Dicas","url":"https:\/\/curiosidadesedicas.com\/loja\/","logo":{"@type":"ImageObject","inLanguage":"pt-PT","@id":"https:\/\/curiosidadesedicas.com\/loja\/#\/schema\/logo\/image\/","url":"https:\/\/curiosidadesedicas.com\/loja\/wp-content\/uploads\/2020\/05\/LogoCuriosidadesSimples.png","contentUrl":"https:\/\/curiosidadesedicas.com\/loja\/wp-content\/uploads\/2020\/05\/LogoCuriosidadesSimples.png","width":3528,"height":804,"caption":"Curiosidades & Dicas"},"image":{"@id":"https:\/\/curiosidadesedicas.com\/loja\/#\/schema\/logo\/image\/"}}]}},"_links":{"self":[{"href":"https:\/\/curiosidadesedicas.com\/loja\/wp-json\/wp\/v2\/product\/26602","targetHints":{"allow":["GET"]}}],"collection":[{"href":"https:\/\/curiosidadesedicas.com\/loja\/wp-json\/wp\/v2\/product"}],"about":[{"href":"https:\/\/curiosidadesedicas.com\/loja\/wp-json\/wp\/v2\/types\/product"}],"replies":[{"embeddable":true,"href":"https:\/\/curiosidadesedicas.com\/loja\/wp-json\/wp\/v2\/comments?post=26602"}],"wp:featuredmedia":[{"embeddable":true,"href":"https:\/\/curiosidadesedicas.com\/loja\/wp-json\/wp\/v2\/media\/26614"}],"wp:attachment":[{"href":"https:\/\/curiosidadesedicas.com\/loja\/wp-json\/wp\/v2\/media?parent=26602"}],"wp:term":[{"taxonomy":"product_brand","embeddable":true,"href":"https:\/\/curiosidadesedicas.com\/loja\/wp-json\/wp\/v2\/product_brand?post=26602"},{"taxonomy":"product_cat","embeddable":true,"href":"https:\/\/curiosidadesedicas.com\/loja\/wp-json\/wp\/v2\/product_cat?post=26602"},{"taxonomy":"product_tag","embeddable":true,"href":"https:\/\/curiosidadesedicas.com\/loja\/wp-json\/wp\/v2\/product_tag?post=26602"}],"curies":[{"name":"wp","href":"https:\/\/api.w.org\/{rel}","templated":true}]}}