{"id":26443,"date":"2022-06-24T09:25:30","date_gmt":"2022-06-24T09:25:30","guid":{"rendered":"https:\/\/curiosidadesedicas.com\/loja\/?post_type=product&#038;p=26443"},"modified":"2025-03-12T14:21:56","modified_gmt":"2025-03-12T14:21:56","slug":"sauna-facial-eletrica-moispa","status":"publish","type":"product","link":"https:\/\/curiosidadesedicas.com\/loja\/produto\/sauna-facial-eletrica-moispa\/","title":{"rendered":"SAUNA FACIAL EL\u00c9TRICA MOISPA"},"content":{"rendered":"<p>Uma sauna facial el\u00e9trica para cuidados intensivos e profundos da pele por meio de vapor, penetrando at\u00e9 \u00e0s camadas inferiores, para uma hidrata\u00e7\u00e3o e esfolia\u00e7\u00e3o total e completa. A decomposi\u00e7\u00e3o da \u00e1gua em pequenas part\u00edculas a alta temperatura faz com que estas penetrem rapidamente no interior do m\u00fasculo facial. Este vaporizador facial hidrata, abre os poros e remove a sujidade (restos de maquilhagem, pele morta, etc.), melhorando a apar\u00eancia da pele e conseguindo um resultado profissional, sem que seja necess\u00e1rio sair de casa.<\/p>\n<p><img decoding=\"async\" src=\"https:\/\/curiosidadesedicas.com\/loja\/wp-content\/uploads\/2022\/06\/sauna-facial-eletrica-moispa-innovagoods_135361-3.jpg\" \/><\/p>\n","protected":false},"excerpt":{"rendered":"<ul>\n<li>Material: ABS<\/li>\n<li>Design moderno e ergon\u00f3mico<\/li>\n<li>Nano-vaporizador multifun\u00e7\u00f5es:\n<ul>\n<li>Sistema de hidrata\u00e7\u00e3o<\/li>\n<li>Limpeza facial<\/li>\n<\/ul>\n<\/li>\n<li>Bot\u00e3o: On\/Off<\/li>\n<li>Capacidade: 90 ml<\/li>\n<li>Temperatura aprox.: 40 \u00baC<\/li>\n<li>Dep\u00f3sito de \u00e1gua amov\u00edvel<\/li>\n<li>Difusor regul\u00e1vel<\/li>\n<li>Indicador LED de alimenta\u00e7\u00e3o<\/li>\n<li>Utiliza\u00e7\u00e3o secund\u00e1ria: humidifica e descongestiona<\/li>\n<li>Utiliza\u00e7\u00e3o c\u00f3moda e simples<\/li>\n<li>Melhora o aspeto e estado da pele<\/li>\n<li>Apagado autom\u00e1tico<\/li>\n<li>Inclui: Instru\u00e7\u00f5es de utiliza\u00e7\u00e3o<\/li>\n<li>220-250 V \/ 50-60 Hz<\/li>\n<li>Pot\u00eancia: 300 W<\/li>\n<li>Comprimento do cabo: 120 cm<\/li>\n<li>Tipo de tomada: C<\/li>\n<li>Medidas aprox.: 13 x 17,5 x 13 cm<\/li>\n<\/ul>\n","protected":false},"featured_media":26452,"comment_status":"open","ping_status":"closed","template":"","meta":{"_glsr_average":0,"_glsr_ranking":0,"_glsr_reviews":0},"product_brand":[],"product_cat":[357,360,358],"product_tag":[],"class_list":{"0":"post-26443","1":"product","2":"type-product","3":"status-publish","4":"has-post-thumbnail","6":"product_cat-bem-estar","7":"product_cat-beleza","8":"product_cat-saude-e-higiene","10":"first","11":"instock","12":"taxable","13":"shipping-taxable","14":"purchasable","15":"product-type-simple"},"yoast_head":"<!-- This site is optimized with the Yoast SEO plugin v26.8 - https:\/\/yoast.com\/product\/yoast-seo-wordpress\/ -->\n<title>SAUNA FACIAL EL\u00c9TRICA MOISPA - Curiosidades &amp; Dicas, Lda<\/title>\n<meta name=\"robots\" content=\"index, follow, max-snippet:-1, max-image-preview:large, max-video-preview:-1\" \/>\n<link rel=\"canonical\" href=\"https:\/\/curiosidadesedicas.com\/loja\/produto\/sauna-facial-eletrica-moispa\/\" \/>\n<meta property=\"og:locale\" content=\"pt_PT\" \/>\n<meta property=\"og:type\" content=\"article\" \/>\n<meta property=\"og:title\" content=\"SAUNA FACIAL EL\u00c9TRICA MOISPA - Curiosidades &amp; Dicas, Lda\" \/>\n<meta property=\"og:description\" content=\"Material: ABS  Design moderno e ergon\u00f3mico  Nano-vaporizador multifun\u00e7\u00f5es:   Sistema de hidrata\u00e7\u00e3o  Limpeza facial    Bot\u00e3o: On\/Off  Capacidade: 90 ml  Temperatura aprox.: 40 \u00baC  Dep\u00f3sito de \u00e1gua amov\u00edvel  Difusor regul\u00e1vel  Indicador LED de alimenta\u00e7\u00e3o  Utiliza\u00e7\u00e3o secund\u00e1ria: humidifica e descongestiona  Utiliza\u00e7\u00e3o c\u00f3moda e simples  Melhora o aspeto e estado da pele  Apagado autom\u00e1tico  Inclui: Instru\u00e7\u00f5es de utiliza\u00e7\u00e3o  220-250 V \/ 50-60 Hz  Pot\u00eancia: 300 W  Comprimento do cabo: 120 cm  Tipo de tomada: C  Medidas aprox.: 13 x 17,5 x 13 cm\" \/>\n<meta property=\"og:url\" content=\"https:\/\/curiosidadesedicas.com\/loja\/produto\/sauna-facial-eletrica-moispa\/\" \/>\n<meta property=\"og:site_name\" content=\"Curiosidades &amp; Dicas, Lda\" \/>\n<meta property=\"article:modified_time\" content=\"2025-03-12T14:21:56+00:00\" \/>\n<meta property=\"og:image\" content=\"https:\/\/curiosidadesedicas.com\/loja\/wp-content\/uploads\/2022\/06\/sauna-facial-eletrica-moispa-innovagoods_135361.jpg\" \/>\n\t<meta property=\"og:image:width\" content=\"600\" \/>\n\t<meta property=\"og:image:height\" content=\"600\" \/>\n\t<meta property=\"og:image:type\" content=\"image\/jpeg\" \/>\n<meta name=\"twitter:card\" content=\"summary_large_image\" \/>\n<meta name=\"twitter:label1\" content=\"Tempo estimado de leitura\" \/>\n\t<meta name=\"twitter:data1\" content=\"1 minuto\" \/>\n<script type=\"application\/ld+json\" class=\"yoast-schema-graph\">{\"@context\":\"https:\/\/schema.org\",\"@graph\":[{\"@type\":\"WebPage\",\"@id\":\"https:\/\/curiosidadesedicas.com\/loja\/produto\/sauna-facial-eletrica-moispa\/\",\"url\":\"https:\/\/curiosidadesedicas.com\/loja\/produto\/sauna-facial-eletrica-moispa\/\",\"name\":\"SAUNA FACIAL EL\u00c9TRICA MOISPA - Curiosidades &amp; Dicas, Lda\",\"isPartOf\":{\"@id\":\"https:\/\/curiosidadesedicas.com\/loja\/#website\"},\"primaryImageOfPage\":{\"@id\":\"https:\/\/curiosidadesedicas.com\/loja\/produto\/sauna-facial-eletrica-moispa\/#primaryimage\"},\"image\":{\"@id\":\"https:\/\/curiosidadesedicas.com\/loja\/produto\/sauna-facial-eletrica-moispa\/#primaryimage\"},\"thumbnailUrl\":\"https:\/\/curiosidadesedicas.com\/loja\/wp-content\/uploads\/2022\/06\/sauna-facial-eletrica-moispa-innovagoods_135361.jpg\",\"datePublished\":\"2022-06-24T09:25:30+00:00\",\"dateModified\":\"2025-03-12T14:21:56+00:00\",\"breadcrumb\":{\"@id\":\"https:\/\/curiosidadesedicas.com\/loja\/produto\/sauna-facial-eletrica-moispa\/#breadcrumb\"},\"inLanguage\":\"pt-PT\",\"potentialAction\":[{\"@type\":\"ReadAction\",\"target\":[\"https:\/\/curiosidadesedicas.com\/loja\/produto\/sauna-facial-eletrica-moispa\/\"]}]},{\"@type\":\"ImageObject\",\"inLanguage\":\"pt-PT\",\"@id\":\"https:\/\/curiosidadesedicas.com\/loja\/produto\/sauna-facial-eletrica-moispa\/#primaryimage\",\"url\":\"https:\/\/curiosidadesedicas.com\/loja\/wp-content\/uploads\/2022\/06\/sauna-facial-eletrica-moispa-innovagoods_135361.jpg\",\"contentUrl\":\"https:\/\/curiosidadesedicas.com\/loja\/wp-content\/uploads\/2022\/06\/sauna-facial-eletrica-moispa-innovagoods_135361.jpg\",\"width\":600,\"height\":600},{\"@type\":\"BreadcrumbList\",\"@id\":\"https:\/\/curiosidadesedicas.com\/loja\/produto\/sauna-facial-eletrica-moispa\/#breadcrumb\",\"itemListElement\":[{\"@type\":\"ListItem\",\"position\":1,\"name\":\"In\u00edcio\",\"item\":\"https:\/\/curiosidadesedicas.com\/loja\/\"},{\"@type\":\"ListItem\",\"position\":2,\"name\":\"Produtos\",\"item\":\"https:\/\/curiosidadesedicas.com\/loja\/produtos\/\"},{\"@type\":\"ListItem\",\"position\":3,\"name\":\"SAUNA FACIAL EL\u00c9TRICA MOISPA\"}]},{\"@type\":\"WebSite\",\"@id\":\"https:\/\/curiosidadesedicas.com\/loja\/#website\",\"url\":\"https:\/\/curiosidadesedicas.com\/loja\/\",\"name\":\"Curiosidades &amp; Dicas, Lda\",\"description\":\"Apaixonados Por Inova\u00e7\u00e3o\",\"publisher\":{\"@id\":\"https:\/\/curiosidadesedicas.com\/loja\/#organization\"},\"potentialAction\":[{\"@type\":\"SearchAction\",\"target\":{\"@type\":\"EntryPoint\",\"urlTemplate\":\"https:\/\/curiosidadesedicas.com\/loja\/?s={search_term_string}\"},\"query-input\":{\"@type\":\"PropertyValueSpecification\",\"valueRequired\":true,\"valueName\":\"search_term_string\"}}],\"inLanguage\":\"pt-PT\"},{\"@type\":\"Organization\",\"@id\":\"https:\/\/curiosidadesedicas.com\/loja\/#organization\",\"name\":\"Curiosidades & Dicas\",\"url\":\"https:\/\/curiosidadesedicas.com\/loja\/\",\"logo\":{\"@type\":\"ImageObject\",\"inLanguage\":\"pt-PT\",\"@id\":\"https:\/\/curiosidadesedicas.com\/loja\/#\/schema\/logo\/image\/\",\"url\":\"https:\/\/curiosidadesedicas.com\/loja\/wp-content\/uploads\/2020\/05\/LogoCuriosidadesSimples.png\",\"contentUrl\":\"https:\/\/curiosidadesedicas.com\/loja\/wp-content\/uploads\/2020\/05\/LogoCuriosidadesSimples.png\",\"width\":3528,\"height\":804,\"caption\":\"Curiosidades & Dicas\"},\"image\":{\"@id\":\"https:\/\/curiosidadesedicas.com\/loja\/#\/schema\/logo\/image\/\"}}]}<\/script>\n<!-- \/ Yoast SEO plugin. -->","yoast_head_json":{"title":"SAUNA FACIAL EL\u00c9TRICA MOISPA - Curiosidades &amp; Dicas, Lda","robots":{"index":"index","follow":"follow","max-snippet":"max-snippet:-1","max-image-preview":"max-image-preview:large","max-video-preview":"max-video-preview:-1"},"canonical":"https:\/\/curiosidadesedicas.com\/loja\/produto\/sauna-facial-eletrica-moispa\/","og_locale":"pt_PT","og_type":"article","og_title":"SAUNA FACIAL EL\u00c9TRICA MOISPA - Curiosidades &amp; Dicas, Lda","og_description":"Material: ABS  Design moderno e ergon\u00f3mico  Nano-vaporizador multifun\u00e7\u00f5es:   Sistema de hidrata\u00e7\u00e3o  Limpeza facial    Bot\u00e3o: On\/Off  Capacidade: 90 ml  Temperatura aprox.: 40 \u00baC  Dep\u00f3sito de \u00e1gua amov\u00edvel  Difusor regul\u00e1vel  Indicador LED de alimenta\u00e7\u00e3o  Utiliza\u00e7\u00e3o secund\u00e1ria: humidifica e descongestiona  Utiliza\u00e7\u00e3o c\u00f3moda e simples  Melhora o aspeto e estado da pele  Apagado autom\u00e1tico  Inclui: Instru\u00e7\u00f5es de utiliza\u00e7\u00e3o  220-250 V \/ 50-60 Hz  Pot\u00eancia: 300 W  Comprimento do cabo: 120 cm  Tipo de tomada: C  Medidas aprox.: 13 x 17,5 x 13 cm","og_url":"https:\/\/curiosidadesedicas.com\/loja\/produto\/sauna-facial-eletrica-moispa\/","og_site_name":"Curiosidades &amp; Dicas, Lda","article_modified_time":"2025-03-12T14:21:56+00:00","og_image":[{"width":600,"height":600,"url":"https:\/\/curiosidadesedicas.com\/loja\/wp-content\/uploads\/2022\/06\/sauna-facial-eletrica-moispa-innovagoods_135361.jpg","type":"image\/jpeg"}],"twitter_card":"summary_large_image","twitter_misc":{"Tempo estimado de leitura":"1 minuto"},"schema":{"@context":"https:\/\/schema.org","@graph":[{"@type":"WebPage","@id":"https:\/\/curiosidadesedicas.com\/loja\/produto\/sauna-facial-eletrica-moispa\/","url":"https:\/\/curiosidadesedicas.com\/loja\/produto\/sauna-facial-eletrica-moispa\/","name":"SAUNA FACIAL EL\u00c9TRICA MOISPA - Curiosidades &amp; Dicas, Lda","isPartOf":{"@id":"https:\/\/curiosidadesedicas.com\/loja\/#website"},"primaryImageOfPage":{"@id":"https:\/\/curiosidadesedicas.com\/loja\/produto\/sauna-facial-eletrica-moispa\/#primaryimage"},"image":{"@id":"https:\/\/curiosidadesedicas.com\/loja\/produto\/sauna-facial-eletrica-moispa\/#primaryimage"},"thumbnailUrl":"https:\/\/curiosidadesedicas.com\/loja\/wp-content\/uploads\/2022\/06\/sauna-facial-eletrica-moispa-innovagoods_135361.jpg","datePublished":"2022-06-24T09:25:30+00:00","dateModified":"2025-03-12T14:21:56+00:00","breadcrumb":{"@id":"https:\/\/curiosidadesedicas.com\/loja\/produto\/sauna-facial-eletrica-moispa\/#breadcrumb"},"inLanguage":"pt-PT","potentialAction":[{"@type":"ReadAction","target":["https:\/\/curiosidadesedicas.com\/loja\/produto\/sauna-facial-eletrica-moispa\/"]}]},{"@type":"ImageObject","inLanguage":"pt-PT","@id":"https:\/\/curiosidadesedicas.com\/loja\/produto\/sauna-facial-eletrica-moispa\/#primaryimage","url":"https:\/\/curiosidadesedicas.com\/loja\/wp-content\/uploads\/2022\/06\/sauna-facial-eletrica-moispa-innovagoods_135361.jpg","contentUrl":"https:\/\/curiosidadesedicas.com\/loja\/wp-content\/uploads\/2022\/06\/sauna-facial-eletrica-moispa-innovagoods_135361.jpg","width":600,"height":600},{"@type":"BreadcrumbList","@id":"https:\/\/curiosidadesedicas.com\/loja\/produto\/sauna-facial-eletrica-moispa\/#breadcrumb","itemListElement":[{"@type":"ListItem","position":1,"name":"In\u00edcio","item":"https:\/\/curiosidadesedicas.com\/loja\/"},{"@type":"ListItem","position":2,"name":"Produtos","item":"https:\/\/curiosidadesedicas.com\/loja\/produtos\/"},{"@type":"ListItem","position":3,"name":"SAUNA FACIAL EL\u00c9TRICA MOISPA"}]},{"@type":"WebSite","@id":"https:\/\/curiosidadesedicas.com\/loja\/#website","url":"https:\/\/curiosidadesedicas.com\/loja\/","name":"Curiosidades &amp; Dicas, Lda","description":"Apaixonados Por Inova\u00e7\u00e3o","publisher":{"@id":"https:\/\/curiosidadesedicas.com\/loja\/#organization"},"potentialAction":[{"@type":"SearchAction","target":{"@type":"EntryPoint","urlTemplate":"https:\/\/curiosidadesedicas.com\/loja\/?s={search_term_string}"},"query-input":{"@type":"PropertyValueSpecification","valueRequired":true,"valueName":"search_term_string"}}],"inLanguage":"pt-PT"},{"@type":"Organization","@id":"https:\/\/curiosidadesedicas.com\/loja\/#organization","name":"Curiosidades & Dicas","url":"https:\/\/curiosidadesedicas.com\/loja\/","logo":{"@type":"ImageObject","inLanguage":"pt-PT","@id":"https:\/\/curiosidadesedicas.com\/loja\/#\/schema\/logo\/image\/","url":"https:\/\/curiosidadesedicas.com\/loja\/wp-content\/uploads\/2020\/05\/LogoCuriosidadesSimples.png","contentUrl":"https:\/\/curiosidadesedicas.com\/loja\/wp-content\/uploads\/2020\/05\/LogoCuriosidadesSimples.png","width":3528,"height":804,"caption":"Curiosidades & Dicas"},"image":{"@id":"https:\/\/curiosidadesedicas.com\/loja\/#\/schema\/logo\/image\/"}}]}},"_links":{"self":[{"href":"https:\/\/curiosidadesedicas.com\/loja\/wp-json\/wp\/v2\/product\/26443","targetHints":{"allow":["GET"]}}],"collection":[{"href":"https:\/\/curiosidadesedicas.com\/loja\/wp-json\/wp\/v2\/product"}],"about":[{"href":"https:\/\/curiosidadesedicas.com\/loja\/wp-json\/wp\/v2\/types\/product"}],"replies":[{"embeddable":true,"href":"https:\/\/curiosidadesedicas.com\/loja\/wp-json\/wp\/v2\/comments?post=26443"}],"wp:featuredmedia":[{"embeddable":true,"href":"https:\/\/curiosidadesedicas.com\/loja\/wp-json\/wp\/v2\/media\/26452"}],"wp:attachment":[{"href":"https:\/\/curiosidadesedicas.com\/loja\/wp-json\/wp\/v2\/media?parent=26443"}],"wp:term":[{"taxonomy":"product_brand","embeddable":true,"href":"https:\/\/curiosidadesedicas.com\/loja\/wp-json\/wp\/v2\/product_brand?post=26443"},{"taxonomy":"product_cat","embeddable":true,"href":"https:\/\/curiosidadesedicas.com\/loja\/wp-json\/wp\/v2\/product_cat?post=26443"},{"taxonomy":"product_tag","embeddable":true,"href":"https:\/\/curiosidadesedicas.com\/loja\/wp-json\/wp\/v2\/product_tag?post=26443"}],"curies":[{"name":"wp","href":"https:\/\/api.w.org\/{rel}","templated":true}]}}