{"id":26337,"date":"2022-06-20T15:13:30","date_gmt":"2022-06-20T15:13:30","guid":{"rendered":"https:\/\/curiosidadesedicas.com\/loja\/?post_type=product&#038;p=26337"},"modified":"2025-03-12T14:22:51","modified_gmt":"2025-03-12T14:22:51","slug":"dispensador-de-cerveja-refrigerante-ball","status":"publish","type":"product","link":"https:\/\/curiosidadesedicas.com\/loja\/produto\/dispensador-de-cerveja-refrigerante-ball\/","title":{"rendered":"DISPENSADOR DE CERVEJA REFRIGERANTE BALL"},"content":{"rendered":"<p>Perfeito para servir e arrefecer as bebidas, j\u00e1 que disp\u00f5e no seu interior de um compartimento fechado para gelo que refrigera o conte\u00fado sem este derreter.<\/p>\n<p><img decoding=\"async\" src=\"https:\/\/curiosidadesedicas.com\/loja\/wp-content\/uploads\/2022\/06\/dispensador-de-cerveja-refrigerante-ball-innovagoods_41268-4.jpg\" \/><\/p>\n","protected":false},"excerpt":{"rendered":"<ul>\n<li>Material:\n<ul>\n<li>PMMA<\/li>\n<li>Livre de BPA<\/li>\n<\/ul>\n<\/li>\n<li>Cor:\n<ul>\n<li>Transparente<\/li>\n<li>Prateado<\/li>\n<\/ul>\n<\/li>\n<li>Design original: Inovador e funcional<\/li>\n<li>Tipo: Dispensador de bebidas<\/li>\n<li>Capacidade: 3,5 L<\/li>\n<li>Refrigerante: Dep\u00f3sito interior fechado e extra\u00edvel para gelo<\/li>\n<li>Caracter\u00edsticas: F\u00e1cil e r\u00e1pida visualiza\u00e7\u00e3o do conte\u00fado<\/li>\n<li>F\u00e1cil de utilizar: C\u00f3moda e pr\u00e1tica torneira para servir<\/li>\n<li>Desmont\u00e1vel: F\u00e1cil limpeza<\/li>\n<li>Vers\u00e1til e adapt\u00e1vel: Ideal para todo o tipo de bebidas<\/li>\n<li>Utiliza\u00e7\u00e3o principal: Ideal para festas, reuni\u00f5es, celebra\u00e7\u00f5es, etc.<\/li>\n<li>Medidas aprox.: \u00d824 x 42 cm<\/li>\n<\/ul>\n","protected":false},"featured_media":26344,"comment_status":"open","ping_status":"closed","template":"","meta":{"_glsr_average":0,"_glsr_ranking":0,"_glsr_reviews":0},"product_brand":[],"product_cat":[350,411,355,356,365,366],"product_tag":[],"class_list":{"0":"post-26337","1":"product","2":"type-product","3":"status-publish","4":"has-post-thumbnail","6":"product_cat-gadgets","7":"product_cat-divertidos-e-diversos","8":"product_cat-p-jardins","9":"product_cat-p-praia-e-piscina","10":"product_cat-para-o-lar","11":"product_cat-cozinha","13":"first","14":"instock","15":"taxable","16":"shipping-taxable","17":"purchasable","18":"product-type-simple"},"yoast_head":"<!-- This site is optimized with the Yoast SEO plugin v26.8 - https:\/\/yoast.com\/product\/yoast-seo-wordpress\/ -->\n<title>DISPENSADOR DE CERVEJA REFRIGERANTE BALL - Curiosidades &amp; Dicas, Lda<\/title>\n<meta name=\"robots\" content=\"index, follow, max-snippet:-1, max-image-preview:large, max-video-preview:-1\" \/>\n<link rel=\"canonical\" href=\"https:\/\/curiosidadesedicas.com\/loja\/produto\/dispensador-de-cerveja-refrigerante-ball\/\" \/>\n<meta property=\"og:locale\" content=\"pt_PT\" \/>\n<meta property=\"og:type\" content=\"article\" \/>\n<meta property=\"og:title\" content=\"DISPENSADOR DE CERVEJA REFRIGERANTE BALL - Curiosidades &amp; Dicas, Lda\" \/>\n<meta property=\"og:description\" content=\"Material:   PMMA  Livre de BPA    Cor:   Transparente  Prateado    Design original: Inovador e funcional  Tipo: Dispensador de bebidas  Capacidade: 3,5 L  Refrigerante: Dep\u00f3sito interior fechado e extra\u00edvel para gelo  Caracter\u00edsticas: F\u00e1cil e r\u00e1pida visualiza\u00e7\u00e3o do conte\u00fado  F\u00e1cil de utilizar: C\u00f3moda e pr\u00e1tica torneira para servir  Desmont\u00e1vel: F\u00e1cil limpeza  Vers\u00e1til e adapt\u00e1vel: Ideal para todo o tipo de bebidas  Utiliza\u00e7\u00e3o principal: Ideal para festas, reuni\u00f5es, celebra\u00e7\u00f5es, etc.  Medidas aprox.: \u00d824 x 42 cm\" \/>\n<meta property=\"og:url\" content=\"https:\/\/curiosidadesedicas.com\/loja\/produto\/dispensador-de-cerveja-refrigerante-ball\/\" \/>\n<meta property=\"og:site_name\" content=\"Curiosidades &amp; Dicas, Lda\" \/>\n<meta property=\"article:modified_time\" content=\"2025-03-12T14:22:51+00:00\" \/>\n<meta property=\"og:image\" content=\"https:\/\/curiosidadesedicas.com\/loja\/wp-content\/uploads\/2022\/06\/dispensador-de-cerveja-refrigerante-ball-innovagoods_41268.jpg\" \/>\n\t<meta property=\"og:image:width\" content=\"600\" \/>\n\t<meta property=\"og:image:height\" content=\"600\" \/>\n\t<meta property=\"og:image:type\" content=\"image\/jpeg\" \/>\n<meta name=\"twitter:card\" content=\"summary_large_image\" \/>\n<meta name=\"twitter:label1\" content=\"Tempo estimado de leitura\" \/>\n\t<meta name=\"twitter:data1\" content=\"1 minuto\" \/>\n<script type=\"application\/ld+json\" class=\"yoast-schema-graph\">{\"@context\":\"https:\/\/schema.org\",\"@graph\":[{\"@type\":\"WebPage\",\"@id\":\"https:\/\/curiosidadesedicas.com\/loja\/produto\/dispensador-de-cerveja-refrigerante-ball\/\",\"url\":\"https:\/\/curiosidadesedicas.com\/loja\/produto\/dispensador-de-cerveja-refrigerante-ball\/\",\"name\":\"DISPENSADOR DE CERVEJA REFRIGERANTE BALL - Curiosidades &amp; Dicas, Lda\",\"isPartOf\":{\"@id\":\"https:\/\/curiosidadesedicas.com\/loja\/#website\"},\"primaryImageOfPage\":{\"@id\":\"https:\/\/curiosidadesedicas.com\/loja\/produto\/dispensador-de-cerveja-refrigerante-ball\/#primaryimage\"},\"image\":{\"@id\":\"https:\/\/curiosidadesedicas.com\/loja\/produto\/dispensador-de-cerveja-refrigerante-ball\/#primaryimage\"},\"thumbnailUrl\":\"https:\/\/curiosidadesedicas.com\/loja\/wp-content\/uploads\/2022\/06\/dispensador-de-cerveja-refrigerante-ball-innovagoods_41268.jpg\",\"datePublished\":\"2022-06-20T15:13:30+00:00\",\"dateModified\":\"2025-03-12T14:22:51+00:00\",\"breadcrumb\":{\"@id\":\"https:\/\/curiosidadesedicas.com\/loja\/produto\/dispensador-de-cerveja-refrigerante-ball\/#breadcrumb\"},\"inLanguage\":\"pt-PT\",\"potentialAction\":[{\"@type\":\"ReadAction\",\"target\":[\"https:\/\/curiosidadesedicas.com\/loja\/produto\/dispensador-de-cerveja-refrigerante-ball\/\"]}]},{\"@type\":\"ImageObject\",\"inLanguage\":\"pt-PT\",\"@id\":\"https:\/\/curiosidadesedicas.com\/loja\/produto\/dispensador-de-cerveja-refrigerante-ball\/#primaryimage\",\"url\":\"https:\/\/curiosidadesedicas.com\/loja\/wp-content\/uploads\/2022\/06\/dispensador-de-cerveja-refrigerante-ball-innovagoods_41268.jpg\",\"contentUrl\":\"https:\/\/curiosidadesedicas.com\/loja\/wp-content\/uploads\/2022\/06\/dispensador-de-cerveja-refrigerante-ball-innovagoods_41268.jpg\",\"width\":600,\"height\":600},{\"@type\":\"BreadcrumbList\",\"@id\":\"https:\/\/curiosidadesedicas.com\/loja\/produto\/dispensador-de-cerveja-refrigerante-ball\/#breadcrumb\",\"itemListElement\":[{\"@type\":\"ListItem\",\"position\":1,\"name\":\"In\u00edcio\",\"item\":\"https:\/\/curiosidadesedicas.com\/loja\/\"},{\"@type\":\"ListItem\",\"position\":2,\"name\":\"Produtos\",\"item\":\"https:\/\/curiosidadesedicas.com\/loja\/produtos\/\"},{\"@type\":\"ListItem\",\"position\":3,\"name\":\"DISPENSADOR DE CERVEJA REFRIGERANTE BALL\"}]},{\"@type\":\"WebSite\",\"@id\":\"https:\/\/curiosidadesedicas.com\/loja\/#website\",\"url\":\"https:\/\/curiosidadesedicas.com\/loja\/\",\"name\":\"Curiosidades &amp; Dicas, Lda\",\"description\":\"Apaixonados Por Inova\u00e7\u00e3o\",\"publisher\":{\"@id\":\"https:\/\/curiosidadesedicas.com\/loja\/#organization\"},\"potentialAction\":[{\"@type\":\"SearchAction\",\"target\":{\"@type\":\"EntryPoint\",\"urlTemplate\":\"https:\/\/curiosidadesedicas.com\/loja\/?s={search_term_string}\"},\"query-input\":{\"@type\":\"PropertyValueSpecification\",\"valueRequired\":true,\"valueName\":\"search_term_string\"}}],\"inLanguage\":\"pt-PT\"},{\"@type\":\"Organization\",\"@id\":\"https:\/\/curiosidadesedicas.com\/loja\/#organization\",\"name\":\"Curiosidades & Dicas\",\"url\":\"https:\/\/curiosidadesedicas.com\/loja\/\",\"logo\":{\"@type\":\"ImageObject\",\"inLanguage\":\"pt-PT\",\"@id\":\"https:\/\/curiosidadesedicas.com\/loja\/#\/schema\/logo\/image\/\",\"url\":\"https:\/\/curiosidadesedicas.com\/loja\/wp-content\/uploads\/2020\/05\/LogoCuriosidadesSimples.png\",\"contentUrl\":\"https:\/\/curiosidadesedicas.com\/loja\/wp-content\/uploads\/2020\/05\/LogoCuriosidadesSimples.png\",\"width\":3528,\"height\":804,\"caption\":\"Curiosidades & Dicas\"},\"image\":{\"@id\":\"https:\/\/curiosidadesedicas.com\/loja\/#\/schema\/logo\/image\/\"}}]}<\/script>\n<!-- \/ Yoast SEO plugin. -->","yoast_head_json":{"title":"DISPENSADOR DE CERVEJA REFRIGERANTE BALL - Curiosidades &amp; Dicas, Lda","robots":{"index":"index","follow":"follow","max-snippet":"max-snippet:-1","max-image-preview":"max-image-preview:large","max-video-preview":"max-video-preview:-1"},"canonical":"https:\/\/curiosidadesedicas.com\/loja\/produto\/dispensador-de-cerveja-refrigerante-ball\/","og_locale":"pt_PT","og_type":"article","og_title":"DISPENSADOR DE CERVEJA REFRIGERANTE BALL - Curiosidades &amp; Dicas, Lda","og_description":"Material:   PMMA  Livre de BPA    Cor:   Transparente  Prateado    Design original: Inovador e funcional  Tipo: Dispensador de bebidas  Capacidade: 3,5 L  Refrigerante: Dep\u00f3sito interior fechado e extra\u00edvel para gelo  Caracter\u00edsticas: F\u00e1cil e r\u00e1pida visualiza\u00e7\u00e3o do conte\u00fado  F\u00e1cil de utilizar: C\u00f3moda e pr\u00e1tica torneira para servir  Desmont\u00e1vel: F\u00e1cil limpeza  Vers\u00e1til e adapt\u00e1vel: Ideal para todo o tipo de bebidas  Utiliza\u00e7\u00e3o principal: Ideal para festas, reuni\u00f5es, celebra\u00e7\u00f5es, etc.  Medidas aprox.: \u00d824 x 42 cm","og_url":"https:\/\/curiosidadesedicas.com\/loja\/produto\/dispensador-de-cerveja-refrigerante-ball\/","og_site_name":"Curiosidades &amp; Dicas, Lda","article_modified_time":"2025-03-12T14:22:51+00:00","og_image":[{"width":600,"height":600,"url":"https:\/\/curiosidadesedicas.com\/loja\/wp-content\/uploads\/2022\/06\/dispensador-de-cerveja-refrigerante-ball-innovagoods_41268.jpg","type":"image\/jpeg"}],"twitter_card":"summary_large_image","twitter_misc":{"Tempo estimado de leitura":"1 minuto"},"schema":{"@context":"https:\/\/schema.org","@graph":[{"@type":"WebPage","@id":"https:\/\/curiosidadesedicas.com\/loja\/produto\/dispensador-de-cerveja-refrigerante-ball\/","url":"https:\/\/curiosidadesedicas.com\/loja\/produto\/dispensador-de-cerveja-refrigerante-ball\/","name":"DISPENSADOR DE CERVEJA REFRIGERANTE BALL - Curiosidades &amp; Dicas, Lda","isPartOf":{"@id":"https:\/\/curiosidadesedicas.com\/loja\/#website"},"primaryImageOfPage":{"@id":"https:\/\/curiosidadesedicas.com\/loja\/produto\/dispensador-de-cerveja-refrigerante-ball\/#primaryimage"},"image":{"@id":"https:\/\/curiosidadesedicas.com\/loja\/produto\/dispensador-de-cerveja-refrigerante-ball\/#primaryimage"},"thumbnailUrl":"https:\/\/curiosidadesedicas.com\/loja\/wp-content\/uploads\/2022\/06\/dispensador-de-cerveja-refrigerante-ball-innovagoods_41268.jpg","datePublished":"2022-06-20T15:13:30+00:00","dateModified":"2025-03-12T14:22:51+00:00","breadcrumb":{"@id":"https:\/\/curiosidadesedicas.com\/loja\/produto\/dispensador-de-cerveja-refrigerante-ball\/#breadcrumb"},"inLanguage":"pt-PT","potentialAction":[{"@type":"ReadAction","target":["https:\/\/curiosidadesedicas.com\/loja\/produto\/dispensador-de-cerveja-refrigerante-ball\/"]}]},{"@type":"ImageObject","inLanguage":"pt-PT","@id":"https:\/\/curiosidadesedicas.com\/loja\/produto\/dispensador-de-cerveja-refrigerante-ball\/#primaryimage","url":"https:\/\/curiosidadesedicas.com\/loja\/wp-content\/uploads\/2022\/06\/dispensador-de-cerveja-refrigerante-ball-innovagoods_41268.jpg","contentUrl":"https:\/\/curiosidadesedicas.com\/loja\/wp-content\/uploads\/2022\/06\/dispensador-de-cerveja-refrigerante-ball-innovagoods_41268.jpg","width":600,"height":600},{"@type":"BreadcrumbList","@id":"https:\/\/curiosidadesedicas.com\/loja\/produto\/dispensador-de-cerveja-refrigerante-ball\/#breadcrumb","itemListElement":[{"@type":"ListItem","position":1,"name":"In\u00edcio","item":"https:\/\/curiosidadesedicas.com\/loja\/"},{"@type":"ListItem","position":2,"name":"Produtos","item":"https:\/\/curiosidadesedicas.com\/loja\/produtos\/"},{"@type":"ListItem","position":3,"name":"DISPENSADOR DE CERVEJA REFRIGERANTE BALL"}]},{"@type":"WebSite","@id":"https:\/\/curiosidadesedicas.com\/loja\/#website","url":"https:\/\/curiosidadesedicas.com\/loja\/","name":"Curiosidades &amp; Dicas, Lda","description":"Apaixonados Por Inova\u00e7\u00e3o","publisher":{"@id":"https:\/\/curiosidadesedicas.com\/loja\/#organization"},"potentialAction":[{"@type":"SearchAction","target":{"@type":"EntryPoint","urlTemplate":"https:\/\/curiosidadesedicas.com\/loja\/?s={search_term_string}"},"query-input":{"@type":"PropertyValueSpecification","valueRequired":true,"valueName":"search_term_string"}}],"inLanguage":"pt-PT"},{"@type":"Organization","@id":"https:\/\/curiosidadesedicas.com\/loja\/#organization","name":"Curiosidades & Dicas","url":"https:\/\/curiosidadesedicas.com\/loja\/","logo":{"@type":"ImageObject","inLanguage":"pt-PT","@id":"https:\/\/curiosidadesedicas.com\/loja\/#\/schema\/logo\/image\/","url":"https:\/\/curiosidadesedicas.com\/loja\/wp-content\/uploads\/2020\/05\/LogoCuriosidadesSimples.png","contentUrl":"https:\/\/curiosidadesedicas.com\/loja\/wp-content\/uploads\/2020\/05\/LogoCuriosidadesSimples.png","width":3528,"height":804,"caption":"Curiosidades & Dicas"},"image":{"@id":"https:\/\/curiosidadesedicas.com\/loja\/#\/schema\/logo\/image\/"}}]}},"_links":{"self":[{"href":"https:\/\/curiosidadesedicas.com\/loja\/wp-json\/wp\/v2\/product\/26337","targetHints":{"allow":["GET"]}}],"collection":[{"href":"https:\/\/curiosidadesedicas.com\/loja\/wp-json\/wp\/v2\/product"}],"about":[{"href":"https:\/\/curiosidadesedicas.com\/loja\/wp-json\/wp\/v2\/types\/product"}],"replies":[{"embeddable":true,"href":"https:\/\/curiosidadesedicas.com\/loja\/wp-json\/wp\/v2\/comments?post=26337"}],"wp:featuredmedia":[{"embeddable":true,"href":"https:\/\/curiosidadesedicas.com\/loja\/wp-json\/wp\/v2\/media\/26344"}],"wp:attachment":[{"href":"https:\/\/curiosidadesedicas.com\/loja\/wp-json\/wp\/v2\/media?parent=26337"}],"wp:term":[{"taxonomy":"product_brand","embeddable":true,"href":"https:\/\/curiosidadesedicas.com\/loja\/wp-json\/wp\/v2\/product_brand?post=26337"},{"taxonomy":"product_cat","embeddable":true,"href":"https:\/\/curiosidadesedicas.com\/loja\/wp-json\/wp\/v2\/product_cat?post=26337"},{"taxonomy":"product_tag","embeddable":true,"href":"https:\/\/curiosidadesedicas.com\/loja\/wp-json\/wp\/v2\/product_tag?post=26337"}],"curies":[{"name":"wp","href":"https:\/\/api.w.org\/{rel}","templated":true}]}}