{"id":26105,"date":"2022-05-23T15:28:56","date_gmt":"2022-05-23T15:28:56","guid":{"rendered":"https:\/\/curiosidadesedicas.com\/loja\/?post_type=product&#038;p=26105"},"modified":"2025-03-12T14:23:42","modified_gmt":"2025-03-12T14:23:42","slug":"porta-mosquiteira-basic-branco-100x210cm","status":"publish","type":"product","link":"https:\/\/curiosidadesedicas.com\/loja\/produto\/porta-mosquiteira-basic-branco-100x210cm\/","title":{"rendered":"PORTA MOSQUITEIRA BASIC 100X210CM"},"content":{"rendered":"<p>Montagem:<\/p>\n","protected":false},"excerpt":{"rendered":"<ul>\n<li>Medidas: 100 x 210 cm<\/li>\n<li>Super resistente e pr\u00e1tica<\/li>\n<li>Para todo o tipo de portas<\/li>\n<li>F\u00e1cil de instalar na estrutura da porta<\/li>\n<li>Pode remover quando quiser<\/li>\n<li>Perfil de alum\u00ednio<\/li>\n<li>Malha de fibra de vidro de alta qualidade para \u00f3tima transpar\u00eancia<\/li>\n<li>Enviado dentro de uma caixa (117x11cm)<\/li>\n<li><strong>Pode cortar \u00e0 medida da sua porta<\/strong><\/li>\n<\/ul>\n<p>&nbsp;<\/p>\n","protected":false},"featured_media":26106,"comment_status":"open","ping_status":"closed","template":"","meta":{"_glsr_average":0,"_glsr_ranking":0,"_glsr_reviews":0},"product_brand":[],"product_cat":[387,389],"product_tag":[],"class_list":{"0":"post-26105","1":"product","2":"type-product","3":"status-publish","4":"has-post-thumbnail","6":"product_cat-anti-insetos","7":"product_cat-naturais","9":"first","10":"instock","11":"taxable","12":"shipping-taxable","13":"purchasable","14":"product-type-variable"},"yoast_head":"<!-- This site is optimized with the Yoast SEO plugin v26.8 - https:\/\/yoast.com\/product\/yoast-seo-wordpress\/ -->\n<title>PORTA MOSQUITEIRA BASIC 100X210CM - Curiosidades &amp; Dicas, Lda<\/title>\n<meta name=\"robots\" content=\"index, follow, max-snippet:-1, max-image-preview:large, max-video-preview:-1\" \/>\n<link rel=\"canonical\" href=\"https:\/\/curiosidadesedicas.com\/loja\/produto\/porta-mosquiteira-basic-branco-100x210cm\/\" \/>\n<meta property=\"og:locale\" content=\"pt_PT\" \/>\n<meta property=\"og:type\" content=\"article\" \/>\n<meta property=\"og:title\" content=\"PORTA MOSQUITEIRA BASIC 100X210CM - Curiosidades &amp; Dicas, Lda\" \/>\n<meta property=\"og:description\" content=\"Medidas: 100 x 210 cm  Super resistente e pr\u00e1tica  Para todo o tipo de portas  F\u00e1cil de instalar na estrutura da porta  Pode remover quando quiser  Perfil de alum\u00ednio  Malha de fibra de vidro de alta qualidade para \u00f3tima transpar\u00eancia  Enviado dentro de uma caixa (117x11cm)  Pode cortar \u00e0 medida da sua porta  &nbsp;\" \/>\n<meta property=\"og:url\" content=\"https:\/\/curiosidadesedicas.com\/loja\/produto\/porta-mosquiteira-basic-branco-100x210cm\/\" \/>\n<meta property=\"og:site_name\" content=\"Curiosidades &amp; Dicas, Lda\" \/>\n<meta property=\"article:modified_time\" content=\"2025-03-12T14:23:42+00:00\" \/>\n<meta property=\"og:image\" content=\"https:\/\/curiosidadesedicas.com\/loja\/wp-content\/uploads\/2022\/05\/75882_1.jpg\" \/>\n\t<meta property=\"og:image:width\" content=\"1000\" \/>\n\t<meta property=\"og:image:height\" content=\"1000\" \/>\n\t<meta property=\"og:image:type\" content=\"image\/jpeg\" \/>\n<meta name=\"twitter:card\" content=\"summary_large_image\" \/>\n<meta name=\"twitter:label1\" content=\"Tempo estimado de leitura\" \/>\n\t<meta name=\"twitter:data1\" content=\"1 minuto\" \/>\n<script type=\"application\/ld+json\" class=\"yoast-schema-graph\">{\"@context\":\"https:\/\/schema.org\",\"@graph\":[{\"@type\":\"WebPage\",\"@id\":\"https:\/\/curiosidadesedicas.com\/loja\/produto\/porta-mosquiteira-basic-branco-100x210cm\/\",\"url\":\"https:\/\/curiosidadesedicas.com\/loja\/produto\/porta-mosquiteira-basic-branco-100x210cm\/\",\"name\":\"PORTA MOSQUITEIRA BASIC 100X210CM - Curiosidades &amp; Dicas, Lda\",\"isPartOf\":{\"@id\":\"https:\/\/curiosidadesedicas.com\/loja\/#website\"},\"primaryImageOfPage\":{\"@id\":\"https:\/\/curiosidadesedicas.com\/loja\/produto\/porta-mosquiteira-basic-branco-100x210cm\/#primaryimage\"},\"image\":{\"@id\":\"https:\/\/curiosidadesedicas.com\/loja\/produto\/porta-mosquiteira-basic-branco-100x210cm\/#primaryimage\"},\"thumbnailUrl\":\"https:\/\/curiosidadesedicas.com\/loja\/wp-content\/uploads\/2022\/05\/75882_1.jpg\",\"datePublished\":\"2022-05-23T15:28:56+00:00\",\"dateModified\":\"2025-03-12T14:23:42+00:00\",\"breadcrumb\":{\"@id\":\"https:\/\/curiosidadesedicas.com\/loja\/produto\/porta-mosquiteira-basic-branco-100x210cm\/#breadcrumb\"},\"inLanguage\":\"pt-PT\",\"potentialAction\":[{\"@type\":\"ReadAction\",\"target\":[\"https:\/\/curiosidadesedicas.com\/loja\/produto\/porta-mosquiteira-basic-branco-100x210cm\/\"]}]},{\"@type\":\"ImageObject\",\"inLanguage\":\"pt-PT\",\"@id\":\"https:\/\/curiosidadesedicas.com\/loja\/produto\/porta-mosquiteira-basic-branco-100x210cm\/#primaryimage\",\"url\":\"https:\/\/curiosidadesedicas.com\/loja\/wp-content\/uploads\/2022\/05\/75882_1.jpg\",\"contentUrl\":\"https:\/\/curiosidadesedicas.com\/loja\/wp-content\/uploads\/2022\/05\/75882_1.jpg\",\"width\":1000,\"height\":1000},{\"@type\":\"BreadcrumbList\",\"@id\":\"https:\/\/curiosidadesedicas.com\/loja\/produto\/porta-mosquiteira-basic-branco-100x210cm\/#breadcrumb\",\"itemListElement\":[{\"@type\":\"ListItem\",\"position\":1,\"name\":\"In\u00edcio\",\"item\":\"https:\/\/curiosidadesedicas.com\/loja\/\"},{\"@type\":\"ListItem\",\"position\":2,\"name\":\"Produtos\",\"item\":\"https:\/\/curiosidadesedicas.com\/loja\/produtos\/\"},{\"@type\":\"ListItem\",\"position\":3,\"name\":\"PORTA MOSQUITEIRA BASIC 100X210CM\"}]},{\"@type\":\"WebSite\",\"@id\":\"https:\/\/curiosidadesedicas.com\/loja\/#website\",\"url\":\"https:\/\/curiosidadesedicas.com\/loja\/\",\"name\":\"Curiosidades &amp; Dicas, Lda\",\"description\":\"Apaixonados Por Inova\u00e7\u00e3o\",\"publisher\":{\"@id\":\"https:\/\/curiosidadesedicas.com\/loja\/#organization\"},\"potentialAction\":[{\"@type\":\"SearchAction\",\"target\":{\"@type\":\"EntryPoint\",\"urlTemplate\":\"https:\/\/curiosidadesedicas.com\/loja\/?s={search_term_string}\"},\"query-input\":{\"@type\":\"PropertyValueSpecification\",\"valueRequired\":true,\"valueName\":\"search_term_string\"}}],\"inLanguage\":\"pt-PT\"},{\"@type\":\"Organization\",\"@id\":\"https:\/\/curiosidadesedicas.com\/loja\/#organization\",\"name\":\"Curiosidades & Dicas\",\"url\":\"https:\/\/curiosidadesedicas.com\/loja\/\",\"logo\":{\"@type\":\"ImageObject\",\"inLanguage\":\"pt-PT\",\"@id\":\"https:\/\/curiosidadesedicas.com\/loja\/#\/schema\/logo\/image\/\",\"url\":\"https:\/\/curiosidadesedicas.com\/loja\/wp-content\/uploads\/2020\/05\/LogoCuriosidadesSimples.png\",\"contentUrl\":\"https:\/\/curiosidadesedicas.com\/loja\/wp-content\/uploads\/2020\/05\/LogoCuriosidadesSimples.png\",\"width\":3528,\"height\":804,\"caption\":\"Curiosidades & Dicas\"},\"image\":{\"@id\":\"https:\/\/curiosidadesedicas.com\/loja\/#\/schema\/logo\/image\/\"}}]}<\/script>\n<!-- \/ Yoast SEO plugin. -->","yoast_head_json":{"title":"PORTA MOSQUITEIRA BASIC 100X210CM - Curiosidades &amp; Dicas, Lda","robots":{"index":"index","follow":"follow","max-snippet":"max-snippet:-1","max-image-preview":"max-image-preview:large","max-video-preview":"max-video-preview:-1"},"canonical":"https:\/\/curiosidadesedicas.com\/loja\/produto\/porta-mosquiteira-basic-branco-100x210cm\/","og_locale":"pt_PT","og_type":"article","og_title":"PORTA MOSQUITEIRA BASIC 100X210CM - Curiosidades &amp; Dicas, Lda","og_description":"Medidas: 100 x 210 cm  Super resistente e pr\u00e1tica  Para todo o tipo de portas  F\u00e1cil de instalar na estrutura da porta  Pode remover quando quiser  Perfil de alum\u00ednio  Malha de fibra de vidro de alta qualidade para \u00f3tima transpar\u00eancia  Enviado dentro de uma caixa (117x11cm)  Pode cortar \u00e0 medida da sua porta  &nbsp;","og_url":"https:\/\/curiosidadesedicas.com\/loja\/produto\/porta-mosquiteira-basic-branco-100x210cm\/","og_site_name":"Curiosidades &amp; Dicas, Lda","article_modified_time":"2025-03-12T14:23:42+00:00","og_image":[{"width":1000,"height":1000,"url":"https:\/\/curiosidadesedicas.com\/loja\/wp-content\/uploads\/2022\/05\/75882_1.jpg","type":"image\/jpeg"}],"twitter_card":"summary_large_image","twitter_misc":{"Tempo estimado de leitura":"1 minuto"},"schema":{"@context":"https:\/\/schema.org","@graph":[{"@type":"WebPage","@id":"https:\/\/curiosidadesedicas.com\/loja\/produto\/porta-mosquiteira-basic-branco-100x210cm\/","url":"https:\/\/curiosidadesedicas.com\/loja\/produto\/porta-mosquiteira-basic-branco-100x210cm\/","name":"PORTA MOSQUITEIRA BASIC 100X210CM - Curiosidades &amp; Dicas, Lda","isPartOf":{"@id":"https:\/\/curiosidadesedicas.com\/loja\/#website"},"primaryImageOfPage":{"@id":"https:\/\/curiosidadesedicas.com\/loja\/produto\/porta-mosquiteira-basic-branco-100x210cm\/#primaryimage"},"image":{"@id":"https:\/\/curiosidadesedicas.com\/loja\/produto\/porta-mosquiteira-basic-branco-100x210cm\/#primaryimage"},"thumbnailUrl":"https:\/\/curiosidadesedicas.com\/loja\/wp-content\/uploads\/2022\/05\/75882_1.jpg","datePublished":"2022-05-23T15:28:56+00:00","dateModified":"2025-03-12T14:23:42+00:00","breadcrumb":{"@id":"https:\/\/curiosidadesedicas.com\/loja\/produto\/porta-mosquiteira-basic-branco-100x210cm\/#breadcrumb"},"inLanguage":"pt-PT","potentialAction":[{"@type":"ReadAction","target":["https:\/\/curiosidadesedicas.com\/loja\/produto\/porta-mosquiteira-basic-branco-100x210cm\/"]}]},{"@type":"ImageObject","inLanguage":"pt-PT","@id":"https:\/\/curiosidadesedicas.com\/loja\/produto\/porta-mosquiteira-basic-branco-100x210cm\/#primaryimage","url":"https:\/\/curiosidadesedicas.com\/loja\/wp-content\/uploads\/2022\/05\/75882_1.jpg","contentUrl":"https:\/\/curiosidadesedicas.com\/loja\/wp-content\/uploads\/2022\/05\/75882_1.jpg","width":1000,"height":1000},{"@type":"BreadcrumbList","@id":"https:\/\/curiosidadesedicas.com\/loja\/produto\/porta-mosquiteira-basic-branco-100x210cm\/#breadcrumb","itemListElement":[{"@type":"ListItem","position":1,"name":"In\u00edcio","item":"https:\/\/curiosidadesedicas.com\/loja\/"},{"@type":"ListItem","position":2,"name":"Produtos","item":"https:\/\/curiosidadesedicas.com\/loja\/produtos\/"},{"@type":"ListItem","position":3,"name":"PORTA MOSQUITEIRA BASIC 100X210CM"}]},{"@type":"WebSite","@id":"https:\/\/curiosidadesedicas.com\/loja\/#website","url":"https:\/\/curiosidadesedicas.com\/loja\/","name":"Curiosidades &amp; Dicas, Lda","description":"Apaixonados Por Inova\u00e7\u00e3o","publisher":{"@id":"https:\/\/curiosidadesedicas.com\/loja\/#organization"},"potentialAction":[{"@type":"SearchAction","target":{"@type":"EntryPoint","urlTemplate":"https:\/\/curiosidadesedicas.com\/loja\/?s={search_term_string}"},"query-input":{"@type":"PropertyValueSpecification","valueRequired":true,"valueName":"search_term_string"}}],"inLanguage":"pt-PT"},{"@type":"Organization","@id":"https:\/\/curiosidadesedicas.com\/loja\/#organization","name":"Curiosidades & Dicas","url":"https:\/\/curiosidadesedicas.com\/loja\/","logo":{"@type":"ImageObject","inLanguage":"pt-PT","@id":"https:\/\/curiosidadesedicas.com\/loja\/#\/schema\/logo\/image\/","url":"https:\/\/curiosidadesedicas.com\/loja\/wp-content\/uploads\/2020\/05\/LogoCuriosidadesSimples.png","contentUrl":"https:\/\/curiosidadesedicas.com\/loja\/wp-content\/uploads\/2020\/05\/LogoCuriosidadesSimples.png","width":3528,"height":804,"caption":"Curiosidades & Dicas"},"image":{"@id":"https:\/\/curiosidadesedicas.com\/loja\/#\/schema\/logo\/image\/"}}]}},"_links":{"self":[{"href":"https:\/\/curiosidadesedicas.com\/loja\/wp-json\/wp\/v2\/product\/26105","targetHints":{"allow":["GET"]}}],"collection":[{"href":"https:\/\/curiosidadesedicas.com\/loja\/wp-json\/wp\/v2\/product"}],"about":[{"href":"https:\/\/curiosidadesedicas.com\/loja\/wp-json\/wp\/v2\/types\/product"}],"replies":[{"embeddable":true,"href":"https:\/\/curiosidadesedicas.com\/loja\/wp-json\/wp\/v2\/comments?post=26105"}],"wp:featuredmedia":[{"embeddable":true,"href":"https:\/\/curiosidadesedicas.com\/loja\/wp-json\/wp\/v2\/media\/26106"}],"wp:attachment":[{"href":"https:\/\/curiosidadesedicas.com\/loja\/wp-json\/wp\/v2\/media?parent=26105"}],"wp:term":[{"taxonomy":"product_brand","embeddable":true,"href":"https:\/\/curiosidadesedicas.com\/loja\/wp-json\/wp\/v2\/product_brand?post=26105"},{"taxonomy":"product_cat","embeddable":true,"href":"https:\/\/curiosidadesedicas.com\/loja\/wp-json\/wp\/v2\/product_cat?post=26105"},{"taxonomy":"product_tag","embeddable":true,"href":"https:\/\/curiosidadesedicas.com\/loja\/wp-json\/wp\/v2\/product_tag?post=26105"}],"curies":[{"name":"wp","href":"https:\/\/api.w.org\/{rel}","templated":true}]}}