{"id":25802,"date":"2022-04-12T14:15:05","date_gmt":"2022-04-12T14:15:05","guid":{"rendered":"https:\/\/curiosidadesedicas.com\/loja\/?post_type=product&#038;p=25802"},"modified":"2025-06-25T13:56:25","modified_gmt":"2025-06-25T13:56:25","slug":"bolsa-de-viagem-p-cosmeticos","status":"publish","type":"product","link":"https:\/\/curiosidadesedicas.com\/loja\/produto\/bolsa-de-viagem-p-cosmeticos\/","title":{"rendered":"BOLSA DE VIAGEM P\/ COSM\u00c9TICOS"},"content":{"rendered":"<p>Um\u00a0necessaire para maquilhagem\u00a0c\u00f3modo e pr\u00e1tico para levar os cosm\u00e9ticos, utens\u00edlios de maquilhagem, etc. bem guardados e organizados. Al\u00e9m disso, este necessaire de viagem \u00e9 muito leve e manej\u00e1vel e ocupa pouco espa\u00e7o.<\/p>\n<p><img decoding=\"async\" src=\"https:\/\/curiosidadesedicas.com\/loja\/wp-content\/uploads\/2022\/04\/bolsa-de-viagem-para-cosmeticos-innovagoods-4.jpg\" \/><\/p>\n","protected":false},"excerpt":{"rendered":"<ul>\n<li>Fabricado em poli\u00e9ster<\/li>\n<li>Lavagem \u00e0 m\u00e3o<\/li>\n<li>Design moderno e funcional<\/li>\n<li>Material acolchoado e resistente \u00e0 \u00e1gua<\/li>\n<li>Fecho ajust\u00e1vel com cord\u00e3o<\/li>\n<li>Di\u00e2metro x altura aprox.: 17 x 25 cm<\/li>\n<li>3 compartimentos de malha de rede<\/li>\n<li>3 apoios de borracha para frascos<\/li>\n<li>Bolsa de PVC para pinc\u00e9is (aprox. 8 x 20 cm)<\/li>\n<li>1 bolso independiente com fecho \u00e9clair e sistema para o afixar \u00e0 bolsa (aprox. 14 x 7 cm)<\/li>\n<\/ul>\n","protected":false},"featured_media":25809,"comment_status":"open","ping_status":"closed","template":"","meta":{"_glsr_average":0,"_glsr_ranking":0,"_glsr_reviews":0},"product_brand":[],"product_cat":[357,360,350,408],"product_tag":[],"class_list":{"0":"post-25802","1":"product","2":"type-product","3":"status-publish","4":"has-post-thumbnail","6":"product_cat-bem-estar","7":"product_cat-beleza","8":"product_cat-gadgets","9":"product_cat-p-viagens","11":"first","12":"outofstock","13":"taxable","14":"shipping-taxable","15":"purchasable","16":"product-type-simple"},"yoast_head":"<!-- This site is optimized with the Yoast SEO plugin v26.8 - https:\/\/yoast.com\/product\/yoast-seo-wordpress\/ -->\n<title>BOLSA DE VIAGEM P\/ COSM\u00c9TICOS - Curiosidades &amp; Dicas, Lda<\/title>\n<meta name=\"robots\" content=\"index, follow, max-snippet:-1, max-image-preview:large, max-video-preview:-1\" \/>\n<link rel=\"canonical\" href=\"https:\/\/curiosidadesedicas.com\/loja\/produto\/bolsa-de-viagem-p-cosmeticos\/\" \/>\n<meta property=\"og:locale\" content=\"pt_PT\" \/>\n<meta property=\"og:type\" content=\"article\" \/>\n<meta property=\"og:title\" content=\"BOLSA DE VIAGEM P\/ COSM\u00c9TICOS - Curiosidades &amp; Dicas, Lda\" \/>\n<meta property=\"og:description\" content=\"Fabricado em poli\u00e9ster  Lavagem \u00e0 m\u00e3o  Design moderno e funcional  Material acolchoado e resistente \u00e0 \u00e1gua  Fecho ajust\u00e1vel com cord\u00e3o  Di\u00e2metro x altura aprox.: 17 x 25 cm  3 compartimentos de malha de rede  3 apoios de borracha para frascos  Bolsa de PVC para pinc\u00e9is (aprox. 8 x 20 cm)  1 bolso independiente com fecho \u00e9clair e sistema para o afixar \u00e0 bolsa (aprox. 14 x 7 cm)\" \/>\n<meta property=\"og:url\" content=\"https:\/\/curiosidadesedicas.com\/loja\/produto\/bolsa-de-viagem-p-cosmeticos\/\" \/>\n<meta property=\"og:site_name\" content=\"Curiosidades &amp; Dicas, Lda\" \/>\n<meta property=\"article:modified_time\" content=\"2025-06-25T13:56:25+00:00\" \/>\n<meta property=\"og:image\" content=\"https:\/\/curiosidadesedicas.com\/loja\/wp-content\/uploads\/2022\/04\/bolsa-de-viagem-para-cosmeticos-innovagoods.jpg\" \/>\n\t<meta property=\"og:image:width\" content=\"600\" \/>\n\t<meta property=\"og:image:height\" content=\"600\" \/>\n\t<meta property=\"og:image:type\" content=\"image\/jpeg\" \/>\n<meta name=\"twitter:card\" content=\"summary_large_image\" \/>\n<meta name=\"twitter:label1\" content=\"Tempo estimado de leitura\" \/>\n\t<meta name=\"twitter:data1\" content=\"1 minuto\" \/>\n<script type=\"application\/ld+json\" class=\"yoast-schema-graph\">{\"@context\":\"https:\/\/schema.org\",\"@graph\":[{\"@type\":\"WebPage\",\"@id\":\"https:\/\/curiosidadesedicas.com\/loja\/produto\/bolsa-de-viagem-p-cosmeticos\/\",\"url\":\"https:\/\/curiosidadesedicas.com\/loja\/produto\/bolsa-de-viagem-p-cosmeticos\/\",\"name\":\"BOLSA DE VIAGEM P\/ COSM\u00c9TICOS - Curiosidades &amp; Dicas, Lda\",\"isPartOf\":{\"@id\":\"https:\/\/curiosidadesedicas.com\/loja\/#website\"},\"primaryImageOfPage\":{\"@id\":\"https:\/\/curiosidadesedicas.com\/loja\/produto\/bolsa-de-viagem-p-cosmeticos\/#primaryimage\"},\"image\":{\"@id\":\"https:\/\/curiosidadesedicas.com\/loja\/produto\/bolsa-de-viagem-p-cosmeticos\/#primaryimage\"},\"thumbnailUrl\":\"https:\/\/curiosidadesedicas.com\/loja\/wp-content\/uploads\/2022\/04\/bolsa-de-viagem-para-cosmeticos-innovagoods.jpg\",\"datePublished\":\"2022-04-12T14:15:05+00:00\",\"dateModified\":\"2025-06-25T13:56:25+00:00\",\"breadcrumb\":{\"@id\":\"https:\/\/curiosidadesedicas.com\/loja\/produto\/bolsa-de-viagem-p-cosmeticos\/#breadcrumb\"},\"inLanguage\":\"pt-PT\",\"potentialAction\":[{\"@type\":\"ReadAction\",\"target\":[\"https:\/\/curiosidadesedicas.com\/loja\/produto\/bolsa-de-viagem-p-cosmeticos\/\"]}]},{\"@type\":\"ImageObject\",\"inLanguage\":\"pt-PT\",\"@id\":\"https:\/\/curiosidadesedicas.com\/loja\/produto\/bolsa-de-viagem-p-cosmeticos\/#primaryimage\",\"url\":\"https:\/\/curiosidadesedicas.com\/loja\/wp-content\/uploads\/2022\/04\/bolsa-de-viagem-para-cosmeticos-innovagoods.jpg\",\"contentUrl\":\"https:\/\/curiosidadesedicas.com\/loja\/wp-content\/uploads\/2022\/04\/bolsa-de-viagem-para-cosmeticos-innovagoods.jpg\",\"width\":600,\"height\":600},{\"@type\":\"BreadcrumbList\",\"@id\":\"https:\/\/curiosidadesedicas.com\/loja\/produto\/bolsa-de-viagem-p-cosmeticos\/#breadcrumb\",\"itemListElement\":[{\"@type\":\"ListItem\",\"position\":1,\"name\":\"In\u00edcio\",\"item\":\"https:\/\/curiosidadesedicas.com\/loja\/\"},{\"@type\":\"ListItem\",\"position\":2,\"name\":\"Produtos\",\"item\":\"https:\/\/curiosidadesedicas.com\/loja\/produtos\/\"},{\"@type\":\"ListItem\",\"position\":3,\"name\":\"BOLSA DE VIAGEM P\/ COSM\u00c9TICOS\"}]},{\"@type\":\"WebSite\",\"@id\":\"https:\/\/curiosidadesedicas.com\/loja\/#website\",\"url\":\"https:\/\/curiosidadesedicas.com\/loja\/\",\"name\":\"Curiosidades &amp; Dicas, Lda\",\"description\":\"Apaixonados Por Inova\u00e7\u00e3o\",\"publisher\":{\"@id\":\"https:\/\/curiosidadesedicas.com\/loja\/#organization\"},\"potentialAction\":[{\"@type\":\"SearchAction\",\"target\":{\"@type\":\"EntryPoint\",\"urlTemplate\":\"https:\/\/curiosidadesedicas.com\/loja\/?s={search_term_string}\"},\"query-input\":{\"@type\":\"PropertyValueSpecification\",\"valueRequired\":true,\"valueName\":\"search_term_string\"}}],\"inLanguage\":\"pt-PT\"},{\"@type\":\"Organization\",\"@id\":\"https:\/\/curiosidadesedicas.com\/loja\/#organization\",\"name\":\"Curiosidades & Dicas\",\"url\":\"https:\/\/curiosidadesedicas.com\/loja\/\",\"logo\":{\"@type\":\"ImageObject\",\"inLanguage\":\"pt-PT\",\"@id\":\"https:\/\/curiosidadesedicas.com\/loja\/#\/schema\/logo\/image\/\",\"url\":\"https:\/\/curiosidadesedicas.com\/loja\/wp-content\/uploads\/2020\/05\/LogoCuriosidadesSimples.png\",\"contentUrl\":\"https:\/\/curiosidadesedicas.com\/loja\/wp-content\/uploads\/2020\/05\/LogoCuriosidadesSimples.png\",\"width\":3528,\"height\":804,\"caption\":\"Curiosidades & Dicas\"},\"image\":{\"@id\":\"https:\/\/curiosidadesedicas.com\/loja\/#\/schema\/logo\/image\/\"}}]}<\/script>\n<!-- \/ Yoast SEO plugin. -->","yoast_head_json":{"title":"BOLSA DE VIAGEM P\/ COSM\u00c9TICOS - Curiosidades &amp; Dicas, Lda","robots":{"index":"index","follow":"follow","max-snippet":"max-snippet:-1","max-image-preview":"max-image-preview:large","max-video-preview":"max-video-preview:-1"},"canonical":"https:\/\/curiosidadesedicas.com\/loja\/produto\/bolsa-de-viagem-p-cosmeticos\/","og_locale":"pt_PT","og_type":"article","og_title":"BOLSA DE VIAGEM P\/ COSM\u00c9TICOS - Curiosidades &amp; Dicas, Lda","og_description":"Fabricado em poli\u00e9ster  Lavagem \u00e0 m\u00e3o  Design moderno e funcional  Material acolchoado e resistente \u00e0 \u00e1gua  Fecho ajust\u00e1vel com cord\u00e3o  Di\u00e2metro x altura aprox.: 17 x 25 cm  3 compartimentos de malha de rede  3 apoios de borracha para frascos  Bolsa de PVC para pinc\u00e9is (aprox. 8 x 20 cm)  1 bolso independiente com fecho \u00e9clair e sistema para o afixar \u00e0 bolsa (aprox. 14 x 7 cm)","og_url":"https:\/\/curiosidadesedicas.com\/loja\/produto\/bolsa-de-viagem-p-cosmeticos\/","og_site_name":"Curiosidades &amp; Dicas, Lda","article_modified_time":"2025-06-25T13:56:25+00:00","og_image":[{"width":600,"height":600,"url":"https:\/\/curiosidadesedicas.com\/loja\/wp-content\/uploads\/2022\/04\/bolsa-de-viagem-para-cosmeticos-innovagoods.jpg","type":"image\/jpeg"}],"twitter_card":"summary_large_image","twitter_misc":{"Tempo estimado de leitura":"1 minuto"},"schema":{"@context":"https:\/\/schema.org","@graph":[{"@type":"WebPage","@id":"https:\/\/curiosidadesedicas.com\/loja\/produto\/bolsa-de-viagem-p-cosmeticos\/","url":"https:\/\/curiosidadesedicas.com\/loja\/produto\/bolsa-de-viagem-p-cosmeticos\/","name":"BOLSA DE VIAGEM P\/ COSM\u00c9TICOS - Curiosidades &amp; Dicas, Lda","isPartOf":{"@id":"https:\/\/curiosidadesedicas.com\/loja\/#website"},"primaryImageOfPage":{"@id":"https:\/\/curiosidadesedicas.com\/loja\/produto\/bolsa-de-viagem-p-cosmeticos\/#primaryimage"},"image":{"@id":"https:\/\/curiosidadesedicas.com\/loja\/produto\/bolsa-de-viagem-p-cosmeticos\/#primaryimage"},"thumbnailUrl":"https:\/\/curiosidadesedicas.com\/loja\/wp-content\/uploads\/2022\/04\/bolsa-de-viagem-para-cosmeticos-innovagoods.jpg","datePublished":"2022-04-12T14:15:05+00:00","dateModified":"2025-06-25T13:56:25+00:00","breadcrumb":{"@id":"https:\/\/curiosidadesedicas.com\/loja\/produto\/bolsa-de-viagem-p-cosmeticos\/#breadcrumb"},"inLanguage":"pt-PT","potentialAction":[{"@type":"ReadAction","target":["https:\/\/curiosidadesedicas.com\/loja\/produto\/bolsa-de-viagem-p-cosmeticos\/"]}]},{"@type":"ImageObject","inLanguage":"pt-PT","@id":"https:\/\/curiosidadesedicas.com\/loja\/produto\/bolsa-de-viagem-p-cosmeticos\/#primaryimage","url":"https:\/\/curiosidadesedicas.com\/loja\/wp-content\/uploads\/2022\/04\/bolsa-de-viagem-para-cosmeticos-innovagoods.jpg","contentUrl":"https:\/\/curiosidadesedicas.com\/loja\/wp-content\/uploads\/2022\/04\/bolsa-de-viagem-para-cosmeticos-innovagoods.jpg","width":600,"height":600},{"@type":"BreadcrumbList","@id":"https:\/\/curiosidadesedicas.com\/loja\/produto\/bolsa-de-viagem-p-cosmeticos\/#breadcrumb","itemListElement":[{"@type":"ListItem","position":1,"name":"In\u00edcio","item":"https:\/\/curiosidadesedicas.com\/loja\/"},{"@type":"ListItem","position":2,"name":"Produtos","item":"https:\/\/curiosidadesedicas.com\/loja\/produtos\/"},{"@type":"ListItem","position":3,"name":"BOLSA DE VIAGEM P\/ COSM\u00c9TICOS"}]},{"@type":"WebSite","@id":"https:\/\/curiosidadesedicas.com\/loja\/#website","url":"https:\/\/curiosidadesedicas.com\/loja\/","name":"Curiosidades &amp; Dicas, Lda","description":"Apaixonados Por Inova\u00e7\u00e3o","publisher":{"@id":"https:\/\/curiosidadesedicas.com\/loja\/#organization"},"potentialAction":[{"@type":"SearchAction","target":{"@type":"EntryPoint","urlTemplate":"https:\/\/curiosidadesedicas.com\/loja\/?s={search_term_string}"},"query-input":{"@type":"PropertyValueSpecification","valueRequired":true,"valueName":"search_term_string"}}],"inLanguage":"pt-PT"},{"@type":"Organization","@id":"https:\/\/curiosidadesedicas.com\/loja\/#organization","name":"Curiosidades & Dicas","url":"https:\/\/curiosidadesedicas.com\/loja\/","logo":{"@type":"ImageObject","inLanguage":"pt-PT","@id":"https:\/\/curiosidadesedicas.com\/loja\/#\/schema\/logo\/image\/","url":"https:\/\/curiosidadesedicas.com\/loja\/wp-content\/uploads\/2020\/05\/LogoCuriosidadesSimples.png","contentUrl":"https:\/\/curiosidadesedicas.com\/loja\/wp-content\/uploads\/2020\/05\/LogoCuriosidadesSimples.png","width":3528,"height":804,"caption":"Curiosidades & Dicas"},"image":{"@id":"https:\/\/curiosidadesedicas.com\/loja\/#\/schema\/logo\/image\/"}}]}},"_links":{"self":[{"href":"https:\/\/curiosidadesedicas.com\/loja\/wp-json\/wp\/v2\/product\/25802","targetHints":{"allow":["GET"]}}],"collection":[{"href":"https:\/\/curiosidadesedicas.com\/loja\/wp-json\/wp\/v2\/product"}],"about":[{"href":"https:\/\/curiosidadesedicas.com\/loja\/wp-json\/wp\/v2\/types\/product"}],"replies":[{"embeddable":true,"href":"https:\/\/curiosidadesedicas.com\/loja\/wp-json\/wp\/v2\/comments?post=25802"}],"wp:featuredmedia":[{"embeddable":true,"href":"https:\/\/curiosidadesedicas.com\/loja\/wp-json\/wp\/v2\/media\/25809"}],"wp:attachment":[{"href":"https:\/\/curiosidadesedicas.com\/loja\/wp-json\/wp\/v2\/media?parent=25802"}],"wp:term":[{"taxonomy":"product_brand","embeddable":true,"href":"https:\/\/curiosidadesedicas.com\/loja\/wp-json\/wp\/v2\/product_brand?post=25802"},{"taxonomy":"product_cat","embeddable":true,"href":"https:\/\/curiosidadesedicas.com\/loja\/wp-json\/wp\/v2\/product_cat?post=25802"},{"taxonomy":"product_tag","embeddable":true,"href":"https:\/\/curiosidadesedicas.com\/loja\/wp-json\/wp\/v2\/product_tag?post=25802"}],"curies":[{"name":"wp","href":"https:\/\/api.w.org\/{rel}","templated":true}]}}