{"id":25753,"date":"2022-04-12T09:42:17","date_gmt":"2022-04-12T09:42:17","guid":{"rendered":"https:\/\/curiosidadesedicas.com\/loja\/?post_type=product&#038;p=25753"},"modified":"2025-03-12T14:26:17","modified_gmt":"2025-03-12T14:26:17","slug":"aparelho-de-massagem-anticelulitico-por-cavitacao-ultrassonica-c-infravermelhos-e-eletroestimulacao-3-em-1-cellymax","status":"publish","type":"product","link":"https:\/\/curiosidadesedicas.com\/loja\/produto\/aparelho-de-massagem-anticelulitico-por-cavitacao-ultrassonica-c-infravermelhos-e-eletroestimulacao-3-em-1-cellymax\/","title":{"rendered":"APARELHO DE MASSAGEM ANTICELUL\u00cdTICO POR CAVITA\u00c7\u00c3O ULTRASS\u00d3NICA C\/INFRAVERMELHOS E ELETROESTIMULA\u00c7\u00c3O 3 EM 1 CELLYMAX"},"content":{"rendered":"<p>Um completo aparelho de massagem anticelul\u00edtico por cavita\u00e7\u00e3o ultrass\u00f3nica com infravermelhos e eletroestimula\u00e7\u00e3o (EMS). Ideal para \u00e1reas do corpo suscet\u00edveis de acumular gordura, tais como a barriga, as n\u00e1degas, as pernas e os bra\u00e7os. Gra\u00e7as \u00e0 sua tecnologia avan\u00e7ada e \u00e0 sua fun\u00e7\u00e3o tripla, atua a partir do interior, eliminando a gordura localizada e restabelecendo a elasticidade e firmeza da pele. Uma grande ajuda para combater eficazmente a desagrad\u00e1vel celulite. O aparelho funciona com ultrassons de baixa frequ\u00eancia, eletroestimula\u00e7\u00e3o por impulsos eletromagn\u00e9ticos (EMS) e calor por radia\u00e7\u00e3o infravermelha, potenciando os efeitos pretendidos. Com v\u00e1rios modos de utiliza\u00e7\u00e3o e intensidades, dependendo da fun\u00e7\u00e3o desejada e da \u00e1rea a ser tratada, sendo que se adapta plenamente \u00e0s necessidades e prefer\u00eancias em cada momento. Uma forma segura, simples e econ\u00f3mica de realizar um tratamento anticelul\u00edtico eficaz, com um resultado profissional e m\u00faltiplos benef\u00edcios. Utilize-o sempre sobre pele limpa e hidratada. Recomendam-se sess\u00f5es de 5 a 15 minutos, sem ultrapassar 30 minutos por dia. Em caso de sobreaquecimento, o dispositivo desliga-se automaticamente. Inclui adaptador de corrente, 2 pads (EMS) e 2 recargas.<\/p>\n<p><img decoding=\"async\" src=\"https:\/\/curiosidadesedicas.com\/loja\/wp-content\/uploads\/2022\/04\/aparelho-de-massagem-anticelulitico-por-cavitac-o-ultrassonica-com-infravermelhos-e-eletroestimulac-o-3-em-1-cellymax-in_156345-3.jpg\" \/><\/p>\n<p>&nbsp;<\/p>\n<p>&nbsp;<\/p>\n","protected":false},"excerpt":{"rendered":"<ul>\n<li>Material: ABS<\/li>\n<li>Design moderno e ergon\u00f3mico: 3-in-1<\/li>\n<li>Tecnologia de cavita\u00e7\u00e3o<\/li>\n<li>Tipo: El\u00e9trico<\/li>\n<li>Massajador: Fun\u00e7\u00e3o tripla<\/li>\n<li>Calor por radia\u00e7\u00e3o de infravermelhos: Efeito termoativo potenciador<\/li>\n<li>Eletroestimula\u00e7\u00e3o:\n<ul>\n<li>5 modos<\/li>\n<li>Intensidade regul\u00e1vel<\/li>\n<\/ul>\n<\/li>\n<li>Ultrassons de baixa frequ\u00eancia: Intensidade regul\u00e1vel<\/li>\n<li>2 pads EMS + 2 recargas<\/li>\n<li>Ideal para pernas, gl\u00fateos, cintura, abd\u00f3men e bra\u00e7os<\/li>\n<li>Utiliza\u00e7\u00e3o c\u00f3moda, simples e segura<\/li>\n<li>Leve e male\u00e1vel<\/li>\n<li>F\u00e1cil de transportar e de guardar<\/li>\n<li>Uso di\u00e1rio recomendado: 5-15 min<\/li>\n<li>AC in: 220-240 V \/ 50-60 Hz<\/li>\n<li>DC in: 15 V \/ 800 mA \/ 12 W<\/li>\n<li>Adaptador de Corrente: 1,6 m<\/li>\n<li>Tipo de tomada: C<\/li>\n<li>Medidas aprox.: 7,5 x 18 x 5 cm<\/li>\n<\/ul>\n","protected":false},"featured_media":25763,"comment_status":"open","ping_status":"closed","template":"","meta":{"_glsr_average":0,"_glsr_ranking":0,"_glsr_reviews":0},"product_brand":[],"product_cat":[357,360],"product_tag":[],"class_list":{"0":"post-25753","1":"product","2":"type-product","3":"status-publish","4":"has-post-thumbnail","6":"product_cat-bem-estar","7":"product_cat-beleza","9":"first","10":"instock","11":"taxable","12":"shipping-taxable","13":"purchasable","14":"product-type-simple"},"yoast_head":"<!-- This site is optimized with the Yoast SEO plugin v26.8 - https:\/\/yoast.com\/product\/yoast-seo-wordpress\/ -->\n<title>APARELHO DE MASSAGEM ANTICELUL\u00cdTICO POR CAVITA\u00c7\u00c3O ULTRASS\u00d3NICA C\/INFRAVERMELHOS E ELETROESTIMULA\u00c7\u00c3O 3 EM 1 CELLYMAX - Curiosidades &amp; Dicas, Lda<\/title>\n<meta name=\"robots\" content=\"index, follow, max-snippet:-1, max-image-preview:large, max-video-preview:-1\" \/>\n<link rel=\"canonical\" href=\"https:\/\/curiosidadesedicas.com\/loja\/produto\/aparelho-de-massagem-anticelulitico-por-cavitacao-ultrassonica-c-infravermelhos-e-eletroestimulacao-3-em-1-cellymax\/\" \/>\n<meta property=\"og:locale\" content=\"pt_PT\" \/>\n<meta property=\"og:type\" content=\"article\" \/>\n<meta property=\"og:title\" content=\"APARELHO DE MASSAGEM ANTICELUL\u00cdTICO POR CAVITA\u00c7\u00c3O ULTRASS\u00d3NICA C\/INFRAVERMELHOS E ELETROESTIMULA\u00c7\u00c3O 3 EM 1 CELLYMAX - Curiosidades &amp; Dicas, Lda\" \/>\n<meta property=\"og:description\" content=\"Material: ABS  Design moderno e ergon\u00f3mico: 3-in-1  Tecnologia de cavita\u00e7\u00e3o  Tipo: El\u00e9trico  Massajador: Fun\u00e7\u00e3o tripla  Calor por radia\u00e7\u00e3o de infravermelhos: Efeito termoativo potenciador  Eletroestimula\u00e7\u00e3o:   5 modos  Intensidade regul\u00e1vel    Ultrassons de baixa frequ\u00eancia: Intensidade regul\u00e1vel  2 pads EMS + 2 recargas  Ideal para pernas, gl\u00fateos, cintura, abd\u00f3men e bra\u00e7os  Utiliza\u00e7\u00e3o c\u00f3moda, simples e segura  Leve e male\u00e1vel  F\u00e1cil de transportar e de guardar  Uso di\u00e1rio recomendado: 5-15 min  AC in: 220-240 V \/ 50-60 Hz  DC in: 15 V \/ 800 mA \/ 12 W  Adaptador de Corrente: 1,6 m  Tipo de tomada: C  Medidas aprox.: 7,5 x 18 x 5 cm\" \/>\n<meta property=\"og:url\" content=\"https:\/\/curiosidadesedicas.com\/loja\/produto\/aparelho-de-massagem-anticelulitico-por-cavitacao-ultrassonica-c-infravermelhos-e-eletroestimulacao-3-em-1-cellymax\/\" \/>\n<meta property=\"og:site_name\" content=\"Curiosidades &amp; Dicas, Lda\" \/>\n<meta property=\"article:modified_time\" content=\"2025-03-12T14:26:17+00:00\" \/>\n<meta property=\"og:image\" content=\"https:\/\/curiosidadesedicas.com\/loja\/wp-content\/uploads\/2022\/04\/aparelho-de-massagem-anticelulitico-por-cavitac-o-ultrassonica-com-infravermelhos-e-eletroestimulac-o-3-em-1-cellymax-in_156345.jpg\" \/>\n\t<meta property=\"og:image:width\" content=\"600\" \/>\n\t<meta property=\"og:image:height\" content=\"600\" \/>\n\t<meta property=\"og:image:type\" content=\"image\/jpeg\" \/>\n<meta name=\"twitter:card\" content=\"summary_large_image\" \/>\n<meta name=\"twitter:label1\" content=\"Tempo estimado de leitura\" \/>\n\t<meta name=\"twitter:data1\" content=\"2 minutos\" \/>\n<script type=\"application\/ld+json\" class=\"yoast-schema-graph\">{\"@context\":\"https:\/\/schema.org\",\"@graph\":[{\"@type\":\"WebPage\",\"@id\":\"https:\/\/curiosidadesedicas.com\/loja\/produto\/aparelho-de-massagem-anticelulitico-por-cavitacao-ultrassonica-c-infravermelhos-e-eletroestimulacao-3-em-1-cellymax\/\",\"url\":\"https:\/\/curiosidadesedicas.com\/loja\/produto\/aparelho-de-massagem-anticelulitico-por-cavitacao-ultrassonica-c-infravermelhos-e-eletroestimulacao-3-em-1-cellymax\/\",\"name\":\"APARELHO DE MASSAGEM ANTICELUL\u00cdTICO POR CAVITA\u00c7\u00c3O ULTRASS\u00d3NICA C\/INFRAVERMELHOS E ELETROESTIMULA\u00c7\u00c3O 3 EM 1 CELLYMAX - Curiosidades &amp; Dicas, Lda\",\"isPartOf\":{\"@id\":\"https:\/\/curiosidadesedicas.com\/loja\/#website\"},\"primaryImageOfPage\":{\"@id\":\"https:\/\/curiosidadesedicas.com\/loja\/produto\/aparelho-de-massagem-anticelulitico-por-cavitacao-ultrassonica-c-infravermelhos-e-eletroestimulacao-3-em-1-cellymax\/#primaryimage\"},\"image\":{\"@id\":\"https:\/\/curiosidadesedicas.com\/loja\/produto\/aparelho-de-massagem-anticelulitico-por-cavitacao-ultrassonica-c-infravermelhos-e-eletroestimulacao-3-em-1-cellymax\/#primaryimage\"},\"thumbnailUrl\":\"https:\/\/curiosidadesedicas.com\/loja\/wp-content\/uploads\/2022\/04\/aparelho-de-massagem-anticelulitico-por-cavitac-o-ultrassonica-com-infravermelhos-e-eletroestimulac-o-3-em-1-cellymax-in_156345.jpg\",\"datePublished\":\"2022-04-12T09:42:17+00:00\",\"dateModified\":\"2025-03-12T14:26:17+00:00\",\"breadcrumb\":{\"@id\":\"https:\/\/curiosidadesedicas.com\/loja\/produto\/aparelho-de-massagem-anticelulitico-por-cavitacao-ultrassonica-c-infravermelhos-e-eletroestimulacao-3-em-1-cellymax\/#breadcrumb\"},\"inLanguage\":\"pt-PT\",\"potentialAction\":[{\"@type\":\"ReadAction\",\"target\":[\"https:\/\/curiosidadesedicas.com\/loja\/produto\/aparelho-de-massagem-anticelulitico-por-cavitacao-ultrassonica-c-infravermelhos-e-eletroestimulacao-3-em-1-cellymax\/\"]}]},{\"@type\":\"ImageObject\",\"inLanguage\":\"pt-PT\",\"@id\":\"https:\/\/curiosidadesedicas.com\/loja\/produto\/aparelho-de-massagem-anticelulitico-por-cavitacao-ultrassonica-c-infravermelhos-e-eletroestimulacao-3-em-1-cellymax\/#primaryimage\",\"url\":\"https:\/\/curiosidadesedicas.com\/loja\/wp-content\/uploads\/2022\/04\/aparelho-de-massagem-anticelulitico-por-cavitac-o-ultrassonica-com-infravermelhos-e-eletroestimulac-o-3-em-1-cellymax-in_156345.jpg\",\"contentUrl\":\"https:\/\/curiosidadesedicas.com\/loja\/wp-content\/uploads\/2022\/04\/aparelho-de-massagem-anticelulitico-por-cavitac-o-ultrassonica-com-infravermelhos-e-eletroestimulac-o-3-em-1-cellymax-in_156345.jpg\",\"width\":600,\"height\":600},{\"@type\":\"BreadcrumbList\",\"@id\":\"https:\/\/curiosidadesedicas.com\/loja\/produto\/aparelho-de-massagem-anticelulitico-por-cavitacao-ultrassonica-c-infravermelhos-e-eletroestimulacao-3-em-1-cellymax\/#breadcrumb\",\"itemListElement\":[{\"@type\":\"ListItem\",\"position\":1,\"name\":\"In\u00edcio\",\"item\":\"https:\/\/curiosidadesedicas.com\/loja\/\"},{\"@type\":\"ListItem\",\"position\":2,\"name\":\"Produtos\",\"item\":\"https:\/\/curiosidadesedicas.com\/loja\/produtos\/\"},{\"@type\":\"ListItem\",\"position\":3,\"name\":\"APARELHO DE MASSAGEM ANTICELUL\u00cdTICO POR CAVITA\u00c7\u00c3O ULTRASS\u00d3NICA C\/INFRAVERMELHOS E ELETROESTIMULA\u00c7\u00c3O 3 EM 1 CELLYMAX\"}]},{\"@type\":\"WebSite\",\"@id\":\"https:\/\/curiosidadesedicas.com\/loja\/#website\",\"url\":\"https:\/\/curiosidadesedicas.com\/loja\/\",\"name\":\"Curiosidades &amp; Dicas, Lda\",\"description\":\"Apaixonados Por Inova\u00e7\u00e3o\",\"publisher\":{\"@id\":\"https:\/\/curiosidadesedicas.com\/loja\/#organization\"},\"potentialAction\":[{\"@type\":\"SearchAction\",\"target\":{\"@type\":\"EntryPoint\",\"urlTemplate\":\"https:\/\/curiosidadesedicas.com\/loja\/?s={search_term_string}\"},\"query-input\":{\"@type\":\"PropertyValueSpecification\",\"valueRequired\":true,\"valueName\":\"search_term_string\"}}],\"inLanguage\":\"pt-PT\"},{\"@type\":\"Organization\",\"@id\":\"https:\/\/curiosidadesedicas.com\/loja\/#organization\",\"name\":\"Curiosidades & Dicas\",\"url\":\"https:\/\/curiosidadesedicas.com\/loja\/\",\"logo\":{\"@type\":\"ImageObject\",\"inLanguage\":\"pt-PT\",\"@id\":\"https:\/\/curiosidadesedicas.com\/loja\/#\/schema\/logo\/image\/\",\"url\":\"https:\/\/curiosidadesedicas.com\/loja\/wp-content\/uploads\/2020\/05\/LogoCuriosidadesSimples.png\",\"contentUrl\":\"https:\/\/curiosidadesedicas.com\/loja\/wp-content\/uploads\/2020\/05\/LogoCuriosidadesSimples.png\",\"width\":3528,\"height\":804,\"caption\":\"Curiosidades & Dicas\"},\"image\":{\"@id\":\"https:\/\/curiosidadesedicas.com\/loja\/#\/schema\/logo\/image\/\"}}]}<\/script>\n<!-- \/ Yoast SEO plugin. -->","yoast_head_json":{"title":"APARELHO DE MASSAGEM ANTICELUL\u00cdTICO POR CAVITA\u00c7\u00c3O ULTRASS\u00d3NICA C\/INFRAVERMELHOS E ELETROESTIMULA\u00c7\u00c3O 3 EM 1 CELLYMAX - Curiosidades &amp; Dicas, Lda","robots":{"index":"index","follow":"follow","max-snippet":"max-snippet:-1","max-image-preview":"max-image-preview:large","max-video-preview":"max-video-preview:-1"},"canonical":"https:\/\/curiosidadesedicas.com\/loja\/produto\/aparelho-de-massagem-anticelulitico-por-cavitacao-ultrassonica-c-infravermelhos-e-eletroestimulacao-3-em-1-cellymax\/","og_locale":"pt_PT","og_type":"article","og_title":"APARELHO DE MASSAGEM ANTICELUL\u00cdTICO POR CAVITA\u00c7\u00c3O ULTRASS\u00d3NICA C\/INFRAVERMELHOS E ELETROESTIMULA\u00c7\u00c3O 3 EM 1 CELLYMAX - Curiosidades &amp; Dicas, Lda","og_description":"Material: ABS  Design moderno e ergon\u00f3mico: 3-in-1  Tecnologia de cavita\u00e7\u00e3o  Tipo: El\u00e9trico  Massajador: Fun\u00e7\u00e3o tripla  Calor por radia\u00e7\u00e3o de infravermelhos: Efeito termoativo potenciador  Eletroestimula\u00e7\u00e3o:   5 modos  Intensidade regul\u00e1vel    Ultrassons de baixa frequ\u00eancia: Intensidade regul\u00e1vel  2 pads EMS + 2 recargas  Ideal para pernas, gl\u00fateos, cintura, abd\u00f3men e bra\u00e7os  Utiliza\u00e7\u00e3o c\u00f3moda, simples e segura  Leve e male\u00e1vel  F\u00e1cil de transportar e de guardar  Uso di\u00e1rio recomendado: 5-15 min  AC in: 220-240 V \/ 50-60 Hz  DC in: 15 V \/ 800 mA \/ 12 W  Adaptador de Corrente: 1,6 m  Tipo de tomada: C  Medidas aprox.: 7,5 x 18 x 5 cm","og_url":"https:\/\/curiosidadesedicas.com\/loja\/produto\/aparelho-de-massagem-anticelulitico-por-cavitacao-ultrassonica-c-infravermelhos-e-eletroestimulacao-3-em-1-cellymax\/","og_site_name":"Curiosidades &amp; Dicas, Lda","article_modified_time":"2025-03-12T14:26:17+00:00","og_image":[{"width":600,"height":600,"url":"https:\/\/curiosidadesedicas.com\/loja\/wp-content\/uploads\/2022\/04\/aparelho-de-massagem-anticelulitico-por-cavitac-o-ultrassonica-com-infravermelhos-e-eletroestimulac-o-3-em-1-cellymax-in_156345.jpg","type":"image\/jpeg"}],"twitter_card":"summary_large_image","twitter_misc":{"Tempo estimado de leitura":"2 minutos"},"schema":{"@context":"https:\/\/schema.org","@graph":[{"@type":"WebPage","@id":"https:\/\/curiosidadesedicas.com\/loja\/produto\/aparelho-de-massagem-anticelulitico-por-cavitacao-ultrassonica-c-infravermelhos-e-eletroestimulacao-3-em-1-cellymax\/","url":"https:\/\/curiosidadesedicas.com\/loja\/produto\/aparelho-de-massagem-anticelulitico-por-cavitacao-ultrassonica-c-infravermelhos-e-eletroestimulacao-3-em-1-cellymax\/","name":"APARELHO DE MASSAGEM ANTICELUL\u00cdTICO POR CAVITA\u00c7\u00c3O ULTRASS\u00d3NICA C\/INFRAVERMELHOS E ELETROESTIMULA\u00c7\u00c3O 3 EM 1 CELLYMAX - Curiosidades &amp; Dicas, Lda","isPartOf":{"@id":"https:\/\/curiosidadesedicas.com\/loja\/#website"},"primaryImageOfPage":{"@id":"https:\/\/curiosidadesedicas.com\/loja\/produto\/aparelho-de-massagem-anticelulitico-por-cavitacao-ultrassonica-c-infravermelhos-e-eletroestimulacao-3-em-1-cellymax\/#primaryimage"},"image":{"@id":"https:\/\/curiosidadesedicas.com\/loja\/produto\/aparelho-de-massagem-anticelulitico-por-cavitacao-ultrassonica-c-infravermelhos-e-eletroestimulacao-3-em-1-cellymax\/#primaryimage"},"thumbnailUrl":"https:\/\/curiosidadesedicas.com\/loja\/wp-content\/uploads\/2022\/04\/aparelho-de-massagem-anticelulitico-por-cavitac-o-ultrassonica-com-infravermelhos-e-eletroestimulac-o-3-em-1-cellymax-in_156345.jpg","datePublished":"2022-04-12T09:42:17+00:00","dateModified":"2025-03-12T14:26:17+00:00","breadcrumb":{"@id":"https:\/\/curiosidadesedicas.com\/loja\/produto\/aparelho-de-massagem-anticelulitico-por-cavitacao-ultrassonica-c-infravermelhos-e-eletroestimulacao-3-em-1-cellymax\/#breadcrumb"},"inLanguage":"pt-PT","potentialAction":[{"@type":"ReadAction","target":["https:\/\/curiosidadesedicas.com\/loja\/produto\/aparelho-de-massagem-anticelulitico-por-cavitacao-ultrassonica-c-infravermelhos-e-eletroestimulacao-3-em-1-cellymax\/"]}]},{"@type":"ImageObject","inLanguage":"pt-PT","@id":"https:\/\/curiosidadesedicas.com\/loja\/produto\/aparelho-de-massagem-anticelulitico-por-cavitacao-ultrassonica-c-infravermelhos-e-eletroestimulacao-3-em-1-cellymax\/#primaryimage","url":"https:\/\/curiosidadesedicas.com\/loja\/wp-content\/uploads\/2022\/04\/aparelho-de-massagem-anticelulitico-por-cavitac-o-ultrassonica-com-infravermelhos-e-eletroestimulac-o-3-em-1-cellymax-in_156345.jpg","contentUrl":"https:\/\/curiosidadesedicas.com\/loja\/wp-content\/uploads\/2022\/04\/aparelho-de-massagem-anticelulitico-por-cavitac-o-ultrassonica-com-infravermelhos-e-eletroestimulac-o-3-em-1-cellymax-in_156345.jpg","width":600,"height":600},{"@type":"BreadcrumbList","@id":"https:\/\/curiosidadesedicas.com\/loja\/produto\/aparelho-de-massagem-anticelulitico-por-cavitacao-ultrassonica-c-infravermelhos-e-eletroestimulacao-3-em-1-cellymax\/#breadcrumb","itemListElement":[{"@type":"ListItem","position":1,"name":"In\u00edcio","item":"https:\/\/curiosidadesedicas.com\/loja\/"},{"@type":"ListItem","position":2,"name":"Produtos","item":"https:\/\/curiosidadesedicas.com\/loja\/produtos\/"},{"@type":"ListItem","position":3,"name":"APARELHO DE MASSAGEM ANTICELUL\u00cdTICO POR CAVITA\u00c7\u00c3O ULTRASS\u00d3NICA C\/INFRAVERMELHOS E ELETROESTIMULA\u00c7\u00c3O 3 EM 1 CELLYMAX"}]},{"@type":"WebSite","@id":"https:\/\/curiosidadesedicas.com\/loja\/#website","url":"https:\/\/curiosidadesedicas.com\/loja\/","name":"Curiosidades &amp; Dicas, Lda","description":"Apaixonados Por Inova\u00e7\u00e3o","publisher":{"@id":"https:\/\/curiosidadesedicas.com\/loja\/#organization"},"potentialAction":[{"@type":"SearchAction","target":{"@type":"EntryPoint","urlTemplate":"https:\/\/curiosidadesedicas.com\/loja\/?s={search_term_string}"},"query-input":{"@type":"PropertyValueSpecification","valueRequired":true,"valueName":"search_term_string"}}],"inLanguage":"pt-PT"},{"@type":"Organization","@id":"https:\/\/curiosidadesedicas.com\/loja\/#organization","name":"Curiosidades & Dicas","url":"https:\/\/curiosidadesedicas.com\/loja\/","logo":{"@type":"ImageObject","inLanguage":"pt-PT","@id":"https:\/\/curiosidadesedicas.com\/loja\/#\/schema\/logo\/image\/","url":"https:\/\/curiosidadesedicas.com\/loja\/wp-content\/uploads\/2020\/05\/LogoCuriosidadesSimples.png","contentUrl":"https:\/\/curiosidadesedicas.com\/loja\/wp-content\/uploads\/2020\/05\/LogoCuriosidadesSimples.png","width":3528,"height":804,"caption":"Curiosidades & Dicas"},"image":{"@id":"https:\/\/curiosidadesedicas.com\/loja\/#\/schema\/logo\/image\/"}}]}},"_links":{"self":[{"href":"https:\/\/curiosidadesedicas.com\/loja\/wp-json\/wp\/v2\/product\/25753","targetHints":{"allow":["GET"]}}],"collection":[{"href":"https:\/\/curiosidadesedicas.com\/loja\/wp-json\/wp\/v2\/product"}],"about":[{"href":"https:\/\/curiosidadesedicas.com\/loja\/wp-json\/wp\/v2\/types\/product"}],"replies":[{"embeddable":true,"href":"https:\/\/curiosidadesedicas.com\/loja\/wp-json\/wp\/v2\/comments?post=25753"}],"wp:featuredmedia":[{"embeddable":true,"href":"https:\/\/curiosidadesedicas.com\/loja\/wp-json\/wp\/v2\/media\/25763"}],"wp:attachment":[{"href":"https:\/\/curiosidadesedicas.com\/loja\/wp-json\/wp\/v2\/media?parent=25753"}],"wp:term":[{"taxonomy":"product_brand","embeddable":true,"href":"https:\/\/curiosidadesedicas.com\/loja\/wp-json\/wp\/v2\/product_brand?post=25753"},{"taxonomy":"product_cat","embeddable":true,"href":"https:\/\/curiosidadesedicas.com\/loja\/wp-json\/wp\/v2\/product_cat?post=25753"},{"taxonomy":"product_tag","embeddable":true,"href":"https:\/\/curiosidadesedicas.com\/loja\/wp-json\/wp\/v2\/product_tag?post=25753"}],"curies":[{"name":"wp","href":"https:\/\/api.w.org\/{rel}","templated":true}]}}