{"id":25390,"date":"2022-03-24T13:02:15","date_gmt":"2022-03-24T13:02:15","guid":{"rendered":"https:\/\/curiosidadesedicas.com\/loja\/?post_type=product&#038;p=25390"},"modified":"2022-03-28T15:11:50","modified_gmt":"2022-03-28T15:11:50","slug":"capa-impermeavel-p-sofa-c-chaise-longue-miami","status":"publish","type":"product","link":"https:\/\/curiosidadesedicas.com\/loja\/produto\/capa-impermeavel-p-sofa-c-chaise-longue-miami\/","title":{"rendered":"CAPA IMPERME\u00c1VEL P\/ SOF\u00c1 C\/ CHAISE LONGUE MIAMI"},"content":{"rendered":"<p>A capa que far\u00e1 a nossa vida em casa muito mais f\u00e1cil:<\/p>\n<p>Confecionado com tecido imperme\u00e1vel. Nem uma gota de l\u00edquido vai trespassar at\u00e9 o seu sof\u00e1!<\/p>\n<ul>\n<li>Toque agrad\u00e1vel.<\/li>\n<li>Ao ser acolchoado oferece maior prote\u00e7\u00e3o e conforto.<\/li>\n<li>Pr\u00e1tico e de simples coloca\u00e7\u00e3o, est\u00e1 composto por uma \u00fanica pe\u00e7a.<\/li>\n<li>Protege as partes de uso do seu sof\u00e1: assento, encosto e bra\u00e7os.<\/li>\n<li>Gra\u00e7as ao seu tecido em microfibra, voc\u00ea pode remover facilmente os pelos do seu animal de estima\u00e7\u00e3o, pois \u00e9 f\u00e1cil de limpar com um pano molhado.<\/li>\n<li>F\u00e1cil de colocar, remover e lavar, ideal se voc\u00ea tiver animais de estima\u00e7\u00e3o.<\/li>\n<li>Dispon\u00edvel em v\u00e1rias cores, elegantes de forma a combinar com a sua sala.<\/li>\n<\/ul>\n<p>&nbsp;<\/p>\n<p><strong>Composi\u00e7\u00e3o:<br \/>\n<\/strong><\/p>\n<p class=\"ww\">\u00a0100% Poli\u00e9ster.<\/p>\n<p><img decoding=\"async\" src=\"https:\/\/curiosidadesedicas.com\/loja\/wp-content\/uploads\/2022\/03\/Capturar-5.png\" \/><\/p>\n<p>&nbsp;<\/p>\n<p>&nbsp;<\/p>\n<p>&nbsp;<\/p>\n","protected":false},"excerpt":{"rendered":"<div id=\"shop-desc\" class=\"tab-pane active\">\n<div class=\"product-description\">\n<p>A capa que far\u00e1 a nossa vida em casa muito mais f\u00e1cil:<\/p>\n<p>Confecionado com tecido imperme\u00e1vel. Nem uma gota de l\u00edquido vai trespassar at\u00e9 o seu sof\u00e1!<\/p>\n<p>&nbsp;<\/p>\n<p><strong>LADO DA CHAISE LONGUE:<\/strong><\/p>\n<p>Dispon\u00edvel para chaise longue direita ou esquerda.\u00a0<strong>Para ver qual \u00e9 o lado da chaise longue do seu sof\u00e1, coloque-se diante do seu sof\u00e1 (n\u00e3o se sente) e escolha a op\u00e7\u00e3o correta.<\/strong><\/p>\n<p><img loading=\"lazy\" decoding=\"async\" class=\"alignnone wp-image-13929 \" src=\"https:\/\/curiosidadesedicas.com\/loja\/wp-content\/uploads\/2020\/06\/chaise-longue-1024x942.png\" alt=\"\" width=\"634\" height=\"583\" srcset=\"https:\/\/curiosidadesedicas.com\/loja\/wp-content\/uploads\/2020\/06\/chaise-longue-1024x942.png 1024w, https:\/\/curiosidadesedicas.com\/loja\/wp-content\/uploads\/2020\/06\/chaise-longue-300x276.png 300w, https:\/\/curiosidadesedicas.com\/loja\/wp-content\/uploads\/2020\/06\/chaise-longue-768x706.png 768w, https:\/\/curiosidadesedicas.com\/loja\/wp-content\/uploads\/2020\/06\/chaise-longue-1536x1413.png 1536w, https:\/\/curiosidadesedicas.com\/loja\/wp-content\/uploads\/2020\/06\/chaise-longue-2048x1883.png 2048w, https:\/\/curiosidadesedicas.com\/loja\/wp-content\/uploads\/2020\/06\/chaise-longue-600x552.png 600w\" sizes=\"auto, (max-width: 634px) 100vw, 634px\" \/><\/p>\n<p class=\"ww\"><strong>TAMANHOS:<\/strong><\/p>\n<ul>\n<li>Se o seu sof\u00e1 tem at\u00e9 <strong>243 cm<\/strong> de comprimento (medida das costas), ent\u00e3o precisa de uma capa <strong>tamanho L<\/strong>.<\/li>\n<li>Se o seu sof\u00e1 tem at\u00e9 <strong>292 cm<\/strong> de comprimento (medida das costas), ent\u00e3o precisa de uma capa <strong>tamanho XL<\/strong>.<\/li>\n<\/ul>\n<\/div>\n<\/div>\n","protected":false},"featured_media":25595,"comment_status":"open","ping_status":"closed","template":"","meta":{"_glsr_average":0,"_glsr_ranking":0,"_glsr_reviews":0},"product_brand":[],"product_cat":[371,515],"product_tag":[],"class_list":{"0":"post-25390","1":"product","2":"type-product","3":"status-publish","4":"has-post-thumbnail","6":"product_cat-capas-protetoras","7":"product_cat-impermeaveis","9":"first","10":"instock","11":"taxable","12":"shipping-taxable","13":"purchasable","14":"product-type-variable"},"yoast_head":"<!-- This site is optimized with the Yoast SEO plugin v26.8 - https:\/\/yoast.com\/product\/yoast-seo-wordpress\/ -->\n<title>CAPA IMPERME\u00c1VEL P\/ SOF\u00c1 C\/ CHAISE LONGUE MIAMI - Curiosidades &amp; Dicas, Lda<\/title>\n<meta name=\"robots\" content=\"index, follow, max-snippet:-1, max-image-preview:large, max-video-preview:-1\" \/>\n<link rel=\"canonical\" href=\"https:\/\/curiosidadesedicas.com\/loja\/produto\/capa-impermeavel-p-sofa-c-chaise-longue-miami\/\" \/>\n<meta property=\"og:locale\" content=\"pt_PT\" \/>\n<meta property=\"og:type\" content=\"article\" \/>\n<meta property=\"og:title\" content=\"CAPA IMPERME\u00c1VEL P\/ SOF\u00c1 C\/ CHAISE LONGUE MIAMI - Curiosidades &amp; Dicas, Lda\" \/>\n<meta property=\"og:description\" content=\"A capa que far\u00e1 a nossa vida em casa muito mais f\u00e1cil:  Confecionado com tecido imperme\u00e1vel. Nem uma gota de l\u00edquido vai trespassar at\u00e9 o seu sof\u00e1!  &nbsp;  LADO DA CHAISE LONGUE:  Dispon\u00edvel para chaise longue direita ou esquerda.\u00a0Para ver qual \u00e9 o lado da chaise longue do seu sof\u00e1, coloque-se diante do seu sof\u00e1 (n\u00e3o se sente) e escolha a op\u00e7\u00e3o correta.   TAMANHOS:    Se o seu sof\u00e1 tem at\u00e9 243 cm de comprimento (medida das costas), ent\u00e3o precisa de uma capa tamanho L.  Se o seu sof\u00e1 tem at\u00e9 292 cm de comprimento (medida das costas), ent\u00e3o precisa de uma capa tamanho XL.\" \/>\n<meta property=\"og:url\" content=\"https:\/\/curiosidadesedicas.com\/loja\/produto\/capa-impermeavel-p-sofa-c-chaise-longue-miami\/\" \/>\n<meta property=\"og:site_name\" content=\"Curiosidades &amp; Dicas, Lda\" \/>\n<meta property=\"article:modified_time\" content=\"2022-03-28T15:11:50+00:00\" \/>\n<meta property=\"og:image\" content=\"https:\/\/curiosidadesedicas.com\/loja\/wp-content\/uploads\/2022\/03\/Capturar-6.png\" \/>\n\t<meta property=\"og:image:width\" content=\"453\" \/>\n\t<meta property=\"og:image:height\" content=\"466\" \/>\n\t<meta property=\"og:image:type\" content=\"image\/png\" \/>\n<meta name=\"twitter:card\" content=\"summary_large_image\" \/>\n<meta name=\"twitter:label1\" content=\"Tempo estimado de leitura\" \/>\n\t<meta name=\"twitter:data1\" content=\"1 minuto\" \/>\n<script type=\"application\/ld+json\" class=\"yoast-schema-graph\">{\"@context\":\"https:\/\/schema.org\",\"@graph\":[{\"@type\":\"WebPage\",\"@id\":\"https:\/\/curiosidadesedicas.com\/loja\/produto\/capa-impermeavel-p-sofa-c-chaise-longue-miami\/\",\"url\":\"https:\/\/curiosidadesedicas.com\/loja\/produto\/capa-impermeavel-p-sofa-c-chaise-longue-miami\/\",\"name\":\"CAPA IMPERME\u00c1VEL P\/ SOF\u00c1 C\/ CHAISE LONGUE MIAMI - Curiosidades &amp; Dicas, Lda\",\"isPartOf\":{\"@id\":\"https:\/\/curiosidadesedicas.com\/loja\/#website\"},\"primaryImageOfPage\":{\"@id\":\"https:\/\/curiosidadesedicas.com\/loja\/produto\/capa-impermeavel-p-sofa-c-chaise-longue-miami\/#primaryimage\"},\"image\":{\"@id\":\"https:\/\/curiosidadesedicas.com\/loja\/produto\/capa-impermeavel-p-sofa-c-chaise-longue-miami\/#primaryimage\"},\"thumbnailUrl\":\"https:\/\/curiosidadesedicas.com\/loja\/wp-content\/uploads\/2022\/03\/Capturar-6.png\",\"datePublished\":\"2022-03-24T13:02:15+00:00\",\"dateModified\":\"2022-03-28T15:11:50+00:00\",\"breadcrumb\":{\"@id\":\"https:\/\/curiosidadesedicas.com\/loja\/produto\/capa-impermeavel-p-sofa-c-chaise-longue-miami\/#breadcrumb\"},\"inLanguage\":\"pt-PT\",\"potentialAction\":[{\"@type\":\"ReadAction\",\"target\":[\"https:\/\/curiosidadesedicas.com\/loja\/produto\/capa-impermeavel-p-sofa-c-chaise-longue-miami\/\"]}]},{\"@type\":\"ImageObject\",\"inLanguage\":\"pt-PT\",\"@id\":\"https:\/\/curiosidadesedicas.com\/loja\/produto\/capa-impermeavel-p-sofa-c-chaise-longue-miami\/#primaryimage\",\"url\":\"https:\/\/curiosidadesedicas.com\/loja\/wp-content\/uploads\/2022\/03\/Capturar-6.png\",\"contentUrl\":\"https:\/\/curiosidadesedicas.com\/loja\/wp-content\/uploads\/2022\/03\/Capturar-6.png\",\"width\":453,\"height\":466},{\"@type\":\"BreadcrumbList\",\"@id\":\"https:\/\/curiosidadesedicas.com\/loja\/produto\/capa-impermeavel-p-sofa-c-chaise-longue-miami\/#breadcrumb\",\"itemListElement\":[{\"@type\":\"ListItem\",\"position\":1,\"name\":\"In\u00edcio\",\"item\":\"https:\/\/curiosidadesedicas.com\/loja\/\"},{\"@type\":\"ListItem\",\"position\":2,\"name\":\"Produtos\",\"item\":\"https:\/\/curiosidadesedicas.com\/loja\/produtos\/\"},{\"@type\":\"ListItem\",\"position\":3,\"name\":\"CAPA IMPERME\u00c1VEL P\/ SOF\u00c1 C\/ CHAISE LONGUE MIAMI\"}]},{\"@type\":\"WebSite\",\"@id\":\"https:\/\/curiosidadesedicas.com\/loja\/#website\",\"url\":\"https:\/\/curiosidadesedicas.com\/loja\/\",\"name\":\"Curiosidades &amp; Dicas, Lda\",\"description\":\"Apaixonados Por Inova\u00e7\u00e3o\",\"publisher\":{\"@id\":\"https:\/\/curiosidadesedicas.com\/loja\/#organization\"},\"potentialAction\":[{\"@type\":\"SearchAction\",\"target\":{\"@type\":\"EntryPoint\",\"urlTemplate\":\"https:\/\/curiosidadesedicas.com\/loja\/?s={search_term_string}\"},\"query-input\":{\"@type\":\"PropertyValueSpecification\",\"valueRequired\":true,\"valueName\":\"search_term_string\"}}],\"inLanguage\":\"pt-PT\"},{\"@type\":\"Organization\",\"@id\":\"https:\/\/curiosidadesedicas.com\/loja\/#organization\",\"name\":\"Curiosidades & Dicas\",\"url\":\"https:\/\/curiosidadesedicas.com\/loja\/\",\"logo\":{\"@type\":\"ImageObject\",\"inLanguage\":\"pt-PT\",\"@id\":\"https:\/\/curiosidadesedicas.com\/loja\/#\/schema\/logo\/image\/\",\"url\":\"https:\/\/curiosidadesedicas.com\/loja\/wp-content\/uploads\/2020\/05\/LogoCuriosidadesSimples.png\",\"contentUrl\":\"https:\/\/curiosidadesedicas.com\/loja\/wp-content\/uploads\/2020\/05\/LogoCuriosidadesSimples.png\",\"width\":3528,\"height\":804,\"caption\":\"Curiosidades & Dicas\"},\"image\":{\"@id\":\"https:\/\/curiosidadesedicas.com\/loja\/#\/schema\/logo\/image\/\"}}]}<\/script>\n<!-- \/ Yoast SEO plugin. -->","yoast_head_json":{"title":"CAPA IMPERME\u00c1VEL P\/ SOF\u00c1 C\/ CHAISE LONGUE MIAMI - Curiosidades &amp; Dicas, Lda","robots":{"index":"index","follow":"follow","max-snippet":"max-snippet:-1","max-image-preview":"max-image-preview:large","max-video-preview":"max-video-preview:-1"},"canonical":"https:\/\/curiosidadesedicas.com\/loja\/produto\/capa-impermeavel-p-sofa-c-chaise-longue-miami\/","og_locale":"pt_PT","og_type":"article","og_title":"CAPA IMPERME\u00c1VEL P\/ SOF\u00c1 C\/ CHAISE LONGUE MIAMI - Curiosidades &amp; Dicas, Lda","og_description":"A capa que far\u00e1 a nossa vida em casa muito mais f\u00e1cil:  Confecionado com tecido imperme\u00e1vel. Nem uma gota de l\u00edquido vai trespassar at\u00e9 o seu sof\u00e1!  &nbsp;  LADO DA CHAISE LONGUE:  Dispon\u00edvel para chaise longue direita ou esquerda.\u00a0Para ver qual \u00e9 o lado da chaise longue do seu sof\u00e1, coloque-se diante do seu sof\u00e1 (n\u00e3o se sente) e escolha a op\u00e7\u00e3o correta.   TAMANHOS:    Se o seu sof\u00e1 tem at\u00e9 243 cm de comprimento (medida das costas), ent\u00e3o precisa de uma capa tamanho L.  Se o seu sof\u00e1 tem at\u00e9 292 cm de comprimento (medida das costas), ent\u00e3o precisa de uma capa tamanho XL.","og_url":"https:\/\/curiosidadesedicas.com\/loja\/produto\/capa-impermeavel-p-sofa-c-chaise-longue-miami\/","og_site_name":"Curiosidades &amp; Dicas, Lda","article_modified_time":"2022-03-28T15:11:50+00:00","og_image":[{"width":453,"height":466,"url":"https:\/\/curiosidadesedicas.com\/loja\/wp-content\/uploads\/2022\/03\/Capturar-6.png","type":"image\/png"}],"twitter_card":"summary_large_image","twitter_misc":{"Tempo estimado de leitura":"1 minuto"},"schema":{"@context":"https:\/\/schema.org","@graph":[{"@type":"WebPage","@id":"https:\/\/curiosidadesedicas.com\/loja\/produto\/capa-impermeavel-p-sofa-c-chaise-longue-miami\/","url":"https:\/\/curiosidadesedicas.com\/loja\/produto\/capa-impermeavel-p-sofa-c-chaise-longue-miami\/","name":"CAPA IMPERME\u00c1VEL P\/ SOF\u00c1 C\/ CHAISE LONGUE MIAMI - Curiosidades &amp; Dicas, Lda","isPartOf":{"@id":"https:\/\/curiosidadesedicas.com\/loja\/#website"},"primaryImageOfPage":{"@id":"https:\/\/curiosidadesedicas.com\/loja\/produto\/capa-impermeavel-p-sofa-c-chaise-longue-miami\/#primaryimage"},"image":{"@id":"https:\/\/curiosidadesedicas.com\/loja\/produto\/capa-impermeavel-p-sofa-c-chaise-longue-miami\/#primaryimage"},"thumbnailUrl":"https:\/\/curiosidadesedicas.com\/loja\/wp-content\/uploads\/2022\/03\/Capturar-6.png","datePublished":"2022-03-24T13:02:15+00:00","dateModified":"2022-03-28T15:11:50+00:00","breadcrumb":{"@id":"https:\/\/curiosidadesedicas.com\/loja\/produto\/capa-impermeavel-p-sofa-c-chaise-longue-miami\/#breadcrumb"},"inLanguage":"pt-PT","potentialAction":[{"@type":"ReadAction","target":["https:\/\/curiosidadesedicas.com\/loja\/produto\/capa-impermeavel-p-sofa-c-chaise-longue-miami\/"]}]},{"@type":"ImageObject","inLanguage":"pt-PT","@id":"https:\/\/curiosidadesedicas.com\/loja\/produto\/capa-impermeavel-p-sofa-c-chaise-longue-miami\/#primaryimage","url":"https:\/\/curiosidadesedicas.com\/loja\/wp-content\/uploads\/2022\/03\/Capturar-6.png","contentUrl":"https:\/\/curiosidadesedicas.com\/loja\/wp-content\/uploads\/2022\/03\/Capturar-6.png","width":453,"height":466},{"@type":"BreadcrumbList","@id":"https:\/\/curiosidadesedicas.com\/loja\/produto\/capa-impermeavel-p-sofa-c-chaise-longue-miami\/#breadcrumb","itemListElement":[{"@type":"ListItem","position":1,"name":"In\u00edcio","item":"https:\/\/curiosidadesedicas.com\/loja\/"},{"@type":"ListItem","position":2,"name":"Produtos","item":"https:\/\/curiosidadesedicas.com\/loja\/produtos\/"},{"@type":"ListItem","position":3,"name":"CAPA IMPERME\u00c1VEL P\/ SOF\u00c1 C\/ CHAISE LONGUE MIAMI"}]},{"@type":"WebSite","@id":"https:\/\/curiosidadesedicas.com\/loja\/#website","url":"https:\/\/curiosidadesedicas.com\/loja\/","name":"Curiosidades &amp; Dicas, Lda","description":"Apaixonados Por Inova\u00e7\u00e3o","publisher":{"@id":"https:\/\/curiosidadesedicas.com\/loja\/#organization"},"potentialAction":[{"@type":"SearchAction","target":{"@type":"EntryPoint","urlTemplate":"https:\/\/curiosidadesedicas.com\/loja\/?s={search_term_string}"},"query-input":{"@type":"PropertyValueSpecification","valueRequired":true,"valueName":"search_term_string"}}],"inLanguage":"pt-PT"},{"@type":"Organization","@id":"https:\/\/curiosidadesedicas.com\/loja\/#organization","name":"Curiosidades & Dicas","url":"https:\/\/curiosidadesedicas.com\/loja\/","logo":{"@type":"ImageObject","inLanguage":"pt-PT","@id":"https:\/\/curiosidadesedicas.com\/loja\/#\/schema\/logo\/image\/","url":"https:\/\/curiosidadesedicas.com\/loja\/wp-content\/uploads\/2020\/05\/LogoCuriosidadesSimples.png","contentUrl":"https:\/\/curiosidadesedicas.com\/loja\/wp-content\/uploads\/2020\/05\/LogoCuriosidadesSimples.png","width":3528,"height":804,"caption":"Curiosidades & Dicas"},"image":{"@id":"https:\/\/curiosidadesedicas.com\/loja\/#\/schema\/logo\/image\/"}}]}},"_links":{"self":[{"href":"https:\/\/curiosidadesedicas.com\/loja\/wp-json\/wp\/v2\/product\/25390","targetHints":{"allow":["GET"]}}],"collection":[{"href":"https:\/\/curiosidadesedicas.com\/loja\/wp-json\/wp\/v2\/product"}],"about":[{"href":"https:\/\/curiosidadesedicas.com\/loja\/wp-json\/wp\/v2\/types\/product"}],"replies":[{"embeddable":true,"href":"https:\/\/curiosidadesedicas.com\/loja\/wp-json\/wp\/v2\/comments?post=25390"}],"wp:featuredmedia":[{"embeddable":true,"href":"https:\/\/curiosidadesedicas.com\/loja\/wp-json\/wp\/v2\/media\/25595"}],"wp:attachment":[{"href":"https:\/\/curiosidadesedicas.com\/loja\/wp-json\/wp\/v2\/media?parent=25390"}],"wp:term":[{"taxonomy":"product_brand","embeddable":true,"href":"https:\/\/curiosidadesedicas.com\/loja\/wp-json\/wp\/v2\/product_brand?post=25390"},{"taxonomy":"product_cat","embeddable":true,"href":"https:\/\/curiosidadesedicas.com\/loja\/wp-json\/wp\/v2\/product_cat?post=25390"},{"taxonomy":"product_tag","embeddable":true,"href":"https:\/\/curiosidadesedicas.com\/loja\/wp-json\/wp\/v2\/product_tag?post=25390"}],"curies":[{"name":"wp","href":"https:\/\/api.w.org\/{rel}","templated":true}]}}