{"id":25272,"date":"2022-03-21T10:49:32","date_gmt":"2022-03-21T10:49:32","guid":{"rendered":"https:\/\/curiosidadesedicas.com\/loja\/?post_type=product&#038;p=25272"},"modified":"2024-05-02T12:56:50","modified_gmt":"2024-05-02T12:56:50","slug":"colchao-viscoelastico","status":"publish","type":"product","link":"https:\/\/curiosidadesedicas.com\/loja\/produto\/colchao-viscoelastico\/","title":{"rendered":"COLCH\u00c3O VISCOEL\u00c1STICO"},"content":{"rendered":"<ul>\n<li>Acolchoado especial soft que permite uma maior adaptabilidade do corpo ao colch\u00e3o<\/li>\n<li>Acolchoado com uma camada de isolamento de Fibras que ajuda a ter sempre a temperatura ideal para o descanso<\/li>\n<li>Face Superior: Tecido Strech, suave ao tato, com tratamento anti-\u00e1caros e antialerg\u00e9nico<\/li>\n<li>Tecido 3D no acolchoado inferior altamente transpir\u00e1vel e anti-humidade<\/li>\n<li>Faixa Lateral em Tecido Strech e Tecido 3D<\/li>\n<li>TNT<\/li>\n<li>Espuma HR<\/li>\n<li>Espuma EAD<\/li>\n<li>Fibras hipoalerg\u00e9nicas<\/li>\n<li>Elimina pontos de press\u00e3o em 7 zonas de descanso<\/li>\n<li>Independ\u00eancia total de movimentos nos modelos de casal<\/li>\n<li>Colch\u00e3o de grande durabilidade<\/li>\n<li>M\u00e1xima qualidade com garantia de 2 anos<\/li>\n<\/ul>\n<p>&nbsp;<\/p>\n","protected":false},"excerpt":{"rendered":"<ul>\n<li>Viscoel\u00e1stico<\/li>\n<li>Altura: 20\/21 cm<\/li>\n<li>Totalmente transpir\u00e1vel<\/li>\n<li>Sistema anti-\u00e1caros, anti-bact\u00e9rias, anti-fungos, anti-al\u00e9rgico, anti-est\u00e1tico e anat\u00f3mico.<\/li>\n<\/ul>\n<p><strong>Comprimento do colch\u00e3o 190cm, caso seja preciso um tamanho maior, tamb\u00e9m temos a op\u00e7\u00e3o de 195cm ou 200cm, neste caso contacte-nos, por favor.<\/strong><\/p>\n<p><strong>Por exemplo, para colch\u00e3o 140 x 190cm, 140 x 195cm ou 140 x 200cm, o pre\u00e7o \u00e9 o mesmo.<\/strong><\/p>\n","protected":false},"featured_media":25286,"comment_status":"open","ping_status":"closed","template":"","meta":{"_glsr_average":0,"_glsr_ranking":0,"_glsr_reviews":0},"product_brand":[],"product_cat":[357,364,365,514],"product_tag":[],"class_list":{"0":"post-25272","1":"product","2":"type-product","3":"status-publish","4":"has-post-thumbnail","6":"product_cat-bem-estar","7":"product_cat-colchoes","8":"product_cat-para-o-lar","9":"product_cat-colchoes-para-o-lar","11":"first","12":"instock","13":"taxable","14":"shipping-taxable","15":"purchasable","16":"product-type-variable"},"yoast_head":"<!-- This site is optimized with the Yoast SEO plugin v26.8 - https:\/\/yoast.com\/product\/yoast-seo-wordpress\/ -->\n<title>COLCH\u00c3O VISCOEL\u00c1STICO - Curiosidades &amp; Dicas, Lda<\/title>\n<meta name=\"robots\" content=\"index, follow, max-snippet:-1, max-image-preview:large, max-video-preview:-1\" \/>\n<link rel=\"canonical\" href=\"https:\/\/curiosidadesedicas.com\/loja\/produto\/colchao-viscoelastico\/\" \/>\n<meta property=\"og:locale\" content=\"pt_PT\" \/>\n<meta property=\"og:type\" content=\"article\" \/>\n<meta property=\"og:title\" content=\"COLCH\u00c3O VISCOEL\u00c1STICO - Curiosidades &amp; Dicas, Lda\" \/>\n<meta property=\"og:description\" content=\"Viscoel\u00e1stico  Altura: 20\/21 cm  Totalmente transpir\u00e1vel  Sistema anti-\u00e1caros, anti-bact\u00e9rias, anti-fungos, anti-al\u00e9rgico, anti-est\u00e1tico e anat\u00f3mico.  Comprimento do colch\u00e3o 190cm, caso seja preciso um tamanho maior, tamb\u00e9m temos a op\u00e7\u00e3o de 195cm ou 200cm, neste caso contacte-nos, por favor.  Por exemplo, para colch\u00e3o 140 x 190cm, 140 x 195cm ou 140 x 200cm, o pre\u00e7o \u00e9 o mesmo.\" \/>\n<meta property=\"og:url\" content=\"https:\/\/curiosidadesedicas.com\/loja\/produto\/colchao-viscoelastico\/\" \/>\n<meta property=\"og:site_name\" content=\"Curiosidades &amp; Dicas, Lda\" \/>\n<meta property=\"article:modified_time\" content=\"2024-05-02T12:56:50+00:00\" \/>\n<meta property=\"og:image\" content=\"https:\/\/curiosidadesedicas.com\/loja\/wp-content\/uploads\/2022\/03\/Capturar5.png\" \/>\n\t<meta property=\"og:image:width\" content=\"473\" \/>\n\t<meta property=\"og:image:height\" content=\"455\" \/>\n\t<meta property=\"og:image:type\" content=\"image\/png\" \/>\n<meta name=\"twitter:card\" content=\"summary_large_image\" \/>\n<meta name=\"twitter:label1\" content=\"Tempo estimado de leitura\" \/>\n\t<meta name=\"twitter:data1\" content=\"1 minuto\" \/>\n<script type=\"application\/ld+json\" class=\"yoast-schema-graph\">{\"@context\":\"https:\/\/schema.org\",\"@graph\":[{\"@type\":\"WebPage\",\"@id\":\"https:\/\/curiosidadesedicas.com\/loja\/produto\/colchao-viscoelastico\/\",\"url\":\"https:\/\/curiosidadesedicas.com\/loja\/produto\/colchao-viscoelastico\/\",\"name\":\"COLCH\u00c3O VISCOEL\u00c1STICO - Curiosidades &amp; Dicas, Lda\",\"isPartOf\":{\"@id\":\"https:\/\/curiosidadesedicas.com\/loja\/#website\"},\"primaryImageOfPage\":{\"@id\":\"https:\/\/curiosidadesedicas.com\/loja\/produto\/colchao-viscoelastico\/#primaryimage\"},\"image\":{\"@id\":\"https:\/\/curiosidadesedicas.com\/loja\/produto\/colchao-viscoelastico\/#primaryimage\"},\"thumbnailUrl\":\"https:\/\/curiosidadesedicas.com\/loja\/wp-content\/uploads\/2022\/03\/Capturar5.png\",\"datePublished\":\"2022-03-21T10:49:32+00:00\",\"dateModified\":\"2024-05-02T12:56:50+00:00\",\"breadcrumb\":{\"@id\":\"https:\/\/curiosidadesedicas.com\/loja\/produto\/colchao-viscoelastico\/#breadcrumb\"},\"inLanguage\":\"pt-PT\",\"potentialAction\":[{\"@type\":\"ReadAction\",\"target\":[\"https:\/\/curiosidadesedicas.com\/loja\/produto\/colchao-viscoelastico\/\"]}]},{\"@type\":\"ImageObject\",\"inLanguage\":\"pt-PT\",\"@id\":\"https:\/\/curiosidadesedicas.com\/loja\/produto\/colchao-viscoelastico\/#primaryimage\",\"url\":\"https:\/\/curiosidadesedicas.com\/loja\/wp-content\/uploads\/2022\/03\/Capturar5.png\",\"contentUrl\":\"https:\/\/curiosidadesedicas.com\/loja\/wp-content\/uploads\/2022\/03\/Capturar5.png\",\"width\":473,\"height\":455},{\"@type\":\"BreadcrumbList\",\"@id\":\"https:\/\/curiosidadesedicas.com\/loja\/produto\/colchao-viscoelastico\/#breadcrumb\",\"itemListElement\":[{\"@type\":\"ListItem\",\"position\":1,\"name\":\"In\u00edcio\",\"item\":\"https:\/\/curiosidadesedicas.com\/loja\/\"},{\"@type\":\"ListItem\",\"position\":2,\"name\":\"Produtos\",\"item\":\"https:\/\/curiosidadesedicas.com\/loja\/produtos\/\"},{\"@type\":\"ListItem\",\"position\":3,\"name\":\"COLCH\u00c3O VISCOEL\u00c1STICO\"}]},{\"@type\":\"WebSite\",\"@id\":\"https:\/\/curiosidadesedicas.com\/loja\/#website\",\"url\":\"https:\/\/curiosidadesedicas.com\/loja\/\",\"name\":\"Curiosidades &amp; Dicas, Lda\",\"description\":\"Apaixonados Por Inova\u00e7\u00e3o\",\"publisher\":{\"@id\":\"https:\/\/curiosidadesedicas.com\/loja\/#organization\"},\"potentialAction\":[{\"@type\":\"SearchAction\",\"target\":{\"@type\":\"EntryPoint\",\"urlTemplate\":\"https:\/\/curiosidadesedicas.com\/loja\/?s={search_term_string}\"},\"query-input\":{\"@type\":\"PropertyValueSpecification\",\"valueRequired\":true,\"valueName\":\"search_term_string\"}}],\"inLanguage\":\"pt-PT\"},{\"@type\":\"Organization\",\"@id\":\"https:\/\/curiosidadesedicas.com\/loja\/#organization\",\"name\":\"Curiosidades & Dicas\",\"url\":\"https:\/\/curiosidadesedicas.com\/loja\/\",\"logo\":{\"@type\":\"ImageObject\",\"inLanguage\":\"pt-PT\",\"@id\":\"https:\/\/curiosidadesedicas.com\/loja\/#\/schema\/logo\/image\/\",\"url\":\"https:\/\/curiosidadesedicas.com\/loja\/wp-content\/uploads\/2020\/05\/LogoCuriosidadesSimples.png\",\"contentUrl\":\"https:\/\/curiosidadesedicas.com\/loja\/wp-content\/uploads\/2020\/05\/LogoCuriosidadesSimples.png\",\"width\":3528,\"height\":804,\"caption\":\"Curiosidades & Dicas\"},\"image\":{\"@id\":\"https:\/\/curiosidadesedicas.com\/loja\/#\/schema\/logo\/image\/\"}}]}<\/script>\n<!-- \/ Yoast SEO plugin. -->","yoast_head_json":{"title":"COLCH\u00c3O VISCOEL\u00c1STICO - Curiosidades &amp; Dicas, Lda","robots":{"index":"index","follow":"follow","max-snippet":"max-snippet:-1","max-image-preview":"max-image-preview:large","max-video-preview":"max-video-preview:-1"},"canonical":"https:\/\/curiosidadesedicas.com\/loja\/produto\/colchao-viscoelastico\/","og_locale":"pt_PT","og_type":"article","og_title":"COLCH\u00c3O VISCOEL\u00c1STICO - Curiosidades &amp; Dicas, Lda","og_description":"Viscoel\u00e1stico  Altura: 20\/21 cm  Totalmente transpir\u00e1vel  Sistema anti-\u00e1caros, anti-bact\u00e9rias, anti-fungos, anti-al\u00e9rgico, anti-est\u00e1tico e anat\u00f3mico.  Comprimento do colch\u00e3o 190cm, caso seja preciso um tamanho maior, tamb\u00e9m temos a op\u00e7\u00e3o de 195cm ou 200cm, neste caso contacte-nos, por favor.  Por exemplo, para colch\u00e3o 140 x 190cm, 140 x 195cm ou 140 x 200cm, o pre\u00e7o \u00e9 o mesmo.","og_url":"https:\/\/curiosidadesedicas.com\/loja\/produto\/colchao-viscoelastico\/","og_site_name":"Curiosidades &amp; Dicas, Lda","article_modified_time":"2024-05-02T12:56:50+00:00","og_image":[{"width":473,"height":455,"url":"https:\/\/curiosidadesedicas.com\/loja\/wp-content\/uploads\/2022\/03\/Capturar5.png","type":"image\/png"}],"twitter_card":"summary_large_image","twitter_misc":{"Tempo estimado de leitura":"1 minuto"},"schema":{"@context":"https:\/\/schema.org","@graph":[{"@type":"WebPage","@id":"https:\/\/curiosidadesedicas.com\/loja\/produto\/colchao-viscoelastico\/","url":"https:\/\/curiosidadesedicas.com\/loja\/produto\/colchao-viscoelastico\/","name":"COLCH\u00c3O VISCOEL\u00c1STICO - Curiosidades &amp; Dicas, Lda","isPartOf":{"@id":"https:\/\/curiosidadesedicas.com\/loja\/#website"},"primaryImageOfPage":{"@id":"https:\/\/curiosidadesedicas.com\/loja\/produto\/colchao-viscoelastico\/#primaryimage"},"image":{"@id":"https:\/\/curiosidadesedicas.com\/loja\/produto\/colchao-viscoelastico\/#primaryimage"},"thumbnailUrl":"https:\/\/curiosidadesedicas.com\/loja\/wp-content\/uploads\/2022\/03\/Capturar5.png","datePublished":"2022-03-21T10:49:32+00:00","dateModified":"2024-05-02T12:56:50+00:00","breadcrumb":{"@id":"https:\/\/curiosidadesedicas.com\/loja\/produto\/colchao-viscoelastico\/#breadcrumb"},"inLanguage":"pt-PT","potentialAction":[{"@type":"ReadAction","target":["https:\/\/curiosidadesedicas.com\/loja\/produto\/colchao-viscoelastico\/"]}]},{"@type":"ImageObject","inLanguage":"pt-PT","@id":"https:\/\/curiosidadesedicas.com\/loja\/produto\/colchao-viscoelastico\/#primaryimage","url":"https:\/\/curiosidadesedicas.com\/loja\/wp-content\/uploads\/2022\/03\/Capturar5.png","contentUrl":"https:\/\/curiosidadesedicas.com\/loja\/wp-content\/uploads\/2022\/03\/Capturar5.png","width":473,"height":455},{"@type":"BreadcrumbList","@id":"https:\/\/curiosidadesedicas.com\/loja\/produto\/colchao-viscoelastico\/#breadcrumb","itemListElement":[{"@type":"ListItem","position":1,"name":"In\u00edcio","item":"https:\/\/curiosidadesedicas.com\/loja\/"},{"@type":"ListItem","position":2,"name":"Produtos","item":"https:\/\/curiosidadesedicas.com\/loja\/produtos\/"},{"@type":"ListItem","position":3,"name":"COLCH\u00c3O VISCOEL\u00c1STICO"}]},{"@type":"WebSite","@id":"https:\/\/curiosidadesedicas.com\/loja\/#website","url":"https:\/\/curiosidadesedicas.com\/loja\/","name":"Curiosidades &amp; Dicas, Lda","description":"Apaixonados Por Inova\u00e7\u00e3o","publisher":{"@id":"https:\/\/curiosidadesedicas.com\/loja\/#organization"},"potentialAction":[{"@type":"SearchAction","target":{"@type":"EntryPoint","urlTemplate":"https:\/\/curiosidadesedicas.com\/loja\/?s={search_term_string}"},"query-input":{"@type":"PropertyValueSpecification","valueRequired":true,"valueName":"search_term_string"}}],"inLanguage":"pt-PT"},{"@type":"Organization","@id":"https:\/\/curiosidadesedicas.com\/loja\/#organization","name":"Curiosidades & Dicas","url":"https:\/\/curiosidadesedicas.com\/loja\/","logo":{"@type":"ImageObject","inLanguage":"pt-PT","@id":"https:\/\/curiosidadesedicas.com\/loja\/#\/schema\/logo\/image\/","url":"https:\/\/curiosidadesedicas.com\/loja\/wp-content\/uploads\/2020\/05\/LogoCuriosidadesSimples.png","contentUrl":"https:\/\/curiosidadesedicas.com\/loja\/wp-content\/uploads\/2020\/05\/LogoCuriosidadesSimples.png","width":3528,"height":804,"caption":"Curiosidades & Dicas"},"image":{"@id":"https:\/\/curiosidadesedicas.com\/loja\/#\/schema\/logo\/image\/"}}]}},"_links":{"self":[{"href":"https:\/\/curiosidadesedicas.com\/loja\/wp-json\/wp\/v2\/product\/25272","targetHints":{"allow":["GET"]}}],"collection":[{"href":"https:\/\/curiosidadesedicas.com\/loja\/wp-json\/wp\/v2\/product"}],"about":[{"href":"https:\/\/curiosidadesedicas.com\/loja\/wp-json\/wp\/v2\/types\/product"}],"replies":[{"embeddable":true,"href":"https:\/\/curiosidadesedicas.com\/loja\/wp-json\/wp\/v2\/comments?post=25272"}],"wp:featuredmedia":[{"embeddable":true,"href":"https:\/\/curiosidadesedicas.com\/loja\/wp-json\/wp\/v2\/media\/25286"}],"wp:attachment":[{"href":"https:\/\/curiosidadesedicas.com\/loja\/wp-json\/wp\/v2\/media?parent=25272"}],"wp:term":[{"taxonomy":"product_brand","embeddable":true,"href":"https:\/\/curiosidadesedicas.com\/loja\/wp-json\/wp\/v2\/product_brand?post=25272"},{"taxonomy":"product_cat","embeddable":true,"href":"https:\/\/curiosidadesedicas.com\/loja\/wp-json\/wp\/v2\/product_cat?post=25272"},{"taxonomy":"product_tag","embeddable":true,"href":"https:\/\/curiosidadesedicas.com\/loja\/wp-json\/wp\/v2\/product_tag?post=25272"}],"curies":[{"name":"wp","href":"https:\/\/api.w.org\/{rel}","templated":true}]}}