{"id":25180,"date":"2022-03-17T13:56:50","date_gmt":"2022-03-17T13:56:50","guid":{"rendered":"https:\/\/curiosidadesedicas.com\/loja\/?post_type=product&#038;p=25180"},"modified":"2025-06-25T13:55:53","modified_gmt":"2025-06-25T13:55:53","slug":"ventilador-de-ar-%e2%80%8b%e2%80%8bevaporativo-s-laminas-c-led-evareer","status":"publish","type":"product","link":"https:\/\/curiosidadesedicas.com\/loja\/produto\/ventilador-de-ar-%e2%80%8b%e2%80%8bevaporativo-s-laminas-c-led-evareer\/","title":{"rendered":"VENTILADOR DE AR \u200b\u200bEVAPORATIVO S\/ L\u00c2MINAS C\/ LED EVAREER"},"content":{"rendered":"<p>Um ar condicionado ionizante evaporativo port\u00e1til com 4 fun\u00e7\u00f5es: ionizador, ventilador, resfriador e humidificador, que refrescam e purificam o ambiente. A fun\u00e7\u00e3o de ioniza\u00e7\u00e3o est\u00e1 sempre ativa neste humidificador-purificador, atrai sujeira no ar e libera ar limpo. O seu design original sem l\u00e2minas amplifica suavemente e continuamente o fluxo de ar. Esta tecnologia aerodin\u00e2mica inovadora facilita a limpeza e ajuda a reduzir o n\u00edvel de ru\u00eddo e os riscos. Possui difusor de ar 360\u00ba, painel de controle touch, controle remoto, timer (at\u00e9 8 horas), 3 n\u00edveis de velocidade (baixo\/m\u00e9dio\/alto) e 3 n\u00edveis de ventila\u00e7\u00e3o: normal (ar cont\u00ednuo), natural (brisa natural) e noite (brisa suave). O desligamento autom\u00e1tico pode ser ajustado em incrementos de 1 a 8 horas: 1 hora, 2 horas, 3 horas, 4 horas, 8 horas. Disp\u00f5e ainda de uma luz LED de 6 cores que confere ao seu design um toque moderno e elegante, criando um ambiente mais descontra\u00eddo e agrad\u00e1vel. A capacidade do tanque interno \u00e9 de 3 litros e, assim como o filtro, pode ser removido para facilitar a limpeza. Tamb\u00e9m inclui cool packs: 2 tanques remov\u00edveis para gelo que, se desejado, ajudar\u00e3o a aumentar o efeito de resfriamento. As 4 rodas facilitam a movimenta\u00e7\u00e3o de uma parte da casa, escrit\u00f3rio, etc. para outra. O seu alcance \u00e9 de aprox. 20 m\u00b2, a sua pot\u00eancia \u00e9 de 110 W e, como \u00e9 de baixo consumo, tamb\u00e9m economizar\u00e1 energia. As 4 rodas facilitam a movimenta\u00e7\u00e3o de uma parte da casa, escrit\u00f3rio, etc. para outra. O seu alcance \u00e9 de aprox. 20 m\u00b2, a sua pot\u00eancia \u00e9 de 110 W e, como \u00e9 de baixo consumo, tamb\u00e9m economizar\u00e1 energia.<\/p>\n<p><img decoding=\"async\" src=\"https:\/\/curiosidadesedicas.com\/loja\/wp-content\/uploads\/2022\/03\/bladeless-evaporative-air-conditioner-with-led-evareer-innovagoods_321473-9.jpg\" \/><\/p>\n","protected":false},"excerpt":{"rendered":"<p>Um ar condicionado ionizante evaporativo port\u00e1til com 4 fun\u00e7\u00f5es: ionizador, ventilador, resfriador e humidificador, que refrescam e purificam o ambiente. A fun\u00e7\u00e3o de ioniza\u00e7\u00e3o est\u00e1 sempre ativa neste humidificador-purificador, atrai sujeira no ar e libera ar limpo.<\/p>\n<ul>\n<li>Mat\u00e9ria: ABS<\/li>\n<li>Cor:\n<ul>\n<li>Branco<\/li>\n<li>Preto<\/li>\n<\/ul>\n<\/li>\n<li>Design moderno e elegante:\n<ul>\n<li>Sem l\u00e2minas<\/li>\n<li>Controle de toque<\/li>\n<li>Baixo consumo<\/li>\n<\/ul>\n<\/li>\n<li>Multifuncional:\n<ul>\n<li>4 em 1<\/li>\n<li>Ventilador<\/li>\n<li>Umidificador<\/li>\n<li>Ionizador<\/li>\n<li>Resfriador<\/li>\n<\/ul>\n<\/li>\n<li>Capacidade: 3L<\/li>\n<li>Fluxo de ar: 360\u00ba<\/li>\n<li>3 configura\u00e7\u00f5es: Normal-Natural-Sleep<\/li>\n<li>3 velocidades: velocidade ajust\u00e1vel<\/li>\n<li>Luz LED: 6 cores<\/li>\n<li>Temporizador: At\u00e9 8h<\/li>\n<li>Inclui controle remoto: operado por bateria (1 x CR2025, inclu\u00eddo)<\/li>\n<li>Cool packs: 2 bolsas de gelo remov\u00edveis<\/li>\n<li>Com rodas:\n<ul>\n<li>Originais e port\u00e1teis<\/li>\n<li>F\u00e1cil de transportar e armazenar<\/li>\n<\/ul>\n<\/li>\n<li>Aproximadamente.\u00a0alcance: 20 m2<\/li>\n<li>N\u00edvel de ru\u00eddo: \u226455,5 dB<\/li>\n<li>Pot\u00eancia: 110 W<\/li>\n<li>Tipo de plugue:\n<ul>\n<li>C<\/li>\n<li>Comprimento do cabo: 146,5 cm<\/li>\n<\/ul>\n<\/li>\n<li>Entrada CA: 220-240 V \/ 50 Hz<\/li>\n<li>Aproximadamente.\u00a0dimens\u00f5es: 30 x 76 x 17,5 cm<\/li>\n<\/ul>\n","protected":false},"featured_media":25194,"comment_status":"open","ping_status":"closed","template":"","meta":{"_glsr_average":0,"_glsr_ranking":0,"_glsr_reviews":0},"product_brand":[],"product_cat":[533,474,365,484,369],"product_tag":[],"class_list":{"0":"post-25180","1":"product","2":"type-product","3":"status-publish","4":"has-post-thumbnail","6":"product_cat-climatizacao","7":"product_cat-ventilacao","8":"product_cat-para-o-lar","9":"product_cat-evaporativos","10":"product_cat-ventoinhas","12":"first","13":"outofstock","14":"taxable","15":"shipping-taxable","16":"purchasable","17":"product-type-simple"},"yoast_head":"<!-- This site is optimized with the Yoast SEO plugin v26.8 - https:\/\/yoast.com\/product\/yoast-seo-wordpress\/ -->\n<title>VENTILADOR DE AR \u200b\u200bEVAPORATIVO S\/ L\u00c2MINAS C\/ LED EVAREER - Curiosidades &amp; Dicas, Lda<\/title>\n<meta name=\"robots\" content=\"index, follow, max-snippet:-1, max-image-preview:large, max-video-preview:-1\" \/>\n<link rel=\"canonical\" href=\"https:\/\/curiosidadesedicas.com\/loja\/produto\/ventilador-de-ar-\u200b\u200bevaporativo-s-laminas-c-led-evareer\/\" \/>\n<meta property=\"og:locale\" content=\"pt_PT\" \/>\n<meta property=\"og:type\" content=\"article\" \/>\n<meta property=\"og:title\" content=\"VENTILADOR DE AR \u200b\u200bEVAPORATIVO S\/ L\u00c2MINAS C\/ LED EVAREER - Curiosidades &amp; Dicas, Lda\" \/>\n<meta property=\"og:description\" content=\"Um ar condicionado ionizante evaporativo port\u00e1til com 4 fun\u00e7\u00f5es: ionizador, ventilador, resfriador e humidificador, que refrescam e purificam o ambiente. A fun\u00e7\u00e3o de ioniza\u00e7\u00e3o est\u00e1 sempre ativa neste humidificador-purificador, atrai sujeira no ar e libera ar limpo.   Mat\u00e9ria: ABS  Cor:   Branco  Preto    Design moderno e elegante:   Sem l\u00e2minas  Controle de toque  Baixo consumo    Multifuncional:   4 em 1  Ventilador  Umidificador  Ionizador  Resfriador    Capacidade: 3L  Fluxo de ar: 360\u00ba  3 configura\u00e7\u00f5es: Normal-Natural-Sleep  3 velocidades: velocidade ajust\u00e1vel  Luz LED: 6 cores  Temporizador: At\u00e9 8h  Inclui controle remoto: operado por bateria (1 x CR2025, inclu\u00eddo)  Cool packs: 2 bolsas de gelo remov\u00edveis  Com rodas:   Originais e port\u00e1teis  F\u00e1cil de transportar e armazenar    Aproximadamente.\u00a0alcance: 20 m2  N\u00edvel de ru\u00eddo: \u226455,5 dB  Pot\u00eancia: 110 W  Tipo de plugue:   C  Comprimento do cabo: 146,5 cm    Entrada CA: 220-240 V \/ 50 Hz  Aproximadamente.\u00a0dimens\u00f5es: 30 x 76 x 17,5 cm\" \/>\n<meta property=\"og:url\" content=\"https:\/\/curiosidadesedicas.com\/loja\/produto\/ventilador-de-ar-\u200b\u200bevaporativo-s-laminas-c-led-evareer\/\" \/>\n<meta property=\"og:site_name\" content=\"Curiosidades &amp; Dicas, Lda\" \/>\n<meta property=\"article:modified_time\" content=\"2025-06-25T13:55:53+00:00\" \/>\n<meta property=\"og:image\" content=\"https:\/\/curiosidadesedicas.com\/loja\/wp-content\/uploads\/2022\/03\/bladeless-evaporative-air-conditioner-with-led-evareer-innovagoods_321473.jpg\" \/>\n\t<meta property=\"og:image:width\" content=\"600\" \/>\n\t<meta property=\"og:image:height\" content=\"600\" \/>\n\t<meta property=\"og:image:type\" content=\"image\/jpeg\" \/>\n<meta name=\"twitter:card\" content=\"summary_large_image\" \/>\n<meta name=\"twitter:label1\" content=\"Tempo estimado de leitura\" \/>\n\t<meta name=\"twitter:data1\" content=\"2 minutos\" \/>\n<script type=\"application\/ld+json\" class=\"yoast-schema-graph\">{\"@context\":\"https:\/\/schema.org\",\"@graph\":[{\"@type\":\"WebPage\",\"@id\":\"https:\/\/curiosidadesedicas.com\/loja\/produto\/ventilador-de-ar-%e2%80%8b%e2%80%8bevaporativo-s-laminas-c-led-evareer\/\",\"url\":\"https:\/\/curiosidadesedicas.com\/loja\/produto\/ventilador-de-ar-%e2%80%8b%e2%80%8bevaporativo-s-laminas-c-led-evareer\/\",\"name\":\"VENTILADOR DE AR \u200b\u200bEVAPORATIVO S\/ L\u00c2MINAS C\/ LED EVAREER - Curiosidades &amp; Dicas, Lda\",\"isPartOf\":{\"@id\":\"https:\/\/curiosidadesedicas.com\/loja\/#website\"},\"primaryImageOfPage\":{\"@id\":\"https:\/\/curiosidadesedicas.com\/loja\/produto\/ventilador-de-ar-%e2%80%8b%e2%80%8bevaporativo-s-laminas-c-led-evareer\/#primaryimage\"},\"image\":{\"@id\":\"https:\/\/curiosidadesedicas.com\/loja\/produto\/ventilador-de-ar-%e2%80%8b%e2%80%8bevaporativo-s-laminas-c-led-evareer\/#primaryimage\"},\"thumbnailUrl\":\"https:\/\/curiosidadesedicas.com\/loja\/wp-content\/uploads\/2022\/03\/bladeless-evaporative-air-conditioner-with-led-evareer-innovagoods_321473.jpg\",\"datePublished\":\"2022-03-17T13:56:50+00:00\",\"dateModified\":\"2025-06-25T13:55:53+00:00\",\"breadcrumb\":{\"@id\":\"https:\/\/curiosidadesedicas.com\/loja\/produto\/ventilador-de-ar-%e2%80%8b%e2%80%8bevaporativo-s-laminas-c-led-evareer\/#breadcrumb\"},\"inLanguage\":\"pt-PT\",\"potentialAction\":[{\"@type\":\"ReadAction\",\"target\":[\"https:\/\/curiosidadesedicas.com\/loja\/produto\/ventilador-de-ar-%e2%80%8b%e2%80%8bevaporativo-s-laminas-c-led-evareer\/\"]}]},{\"@type\":\"ImageObject\",\"inLanguage\":\"pt-PT\",\"@id\":\"https:\/\/curiosidadesedicas.com\/loja\/produto\/ventilador-de-ar-%e2%80%8b%e2%80%8bevaporativo-s-laminas-c-led-evareer\/#primaryimage\",\"url\":\"https:\/\/curiosidadesedicas.com\/loja\/wp-content\/uploads\/2022\/03\/bladeless-evaporative-air-conditioner-with-led-evareer-innovagoods_321473.jpg\",\"contentUrl\":\"https:\/\/curiosidadesedicas.com\/loja\/wp-content\/uploads\/2022\/03\/bladeless-evaporative-air-conditioner-with-led-evareer-innovagoods_321473.jpg\",\"width\":600,\"height\":600},{\"@type\":\"BreadcrumbList\",\"@id\":\"https:\/\/curiosidadesedicas.com\/loja\/produto\/ventilador-de-ar-%e2%80%8b%e2%80%8bevaporativo-s-laminas-c-led-evareer\/#breadcrumb\",\"itemListElement\":[{\"@type\":\"ListItem\",\"position\":1,\"name\":\"In\u00edcio\",\"item\":\"https:\/\/curiosidadesedicas.com\/loja\/\"},{\"@type\":\"ListItem\",\"position\":2,\"name\":\"Produtos\",\"item\":\"https:\/\/curiosidadesedicas.com\/loja\/produtos\/\"},{\"@type\":\"ListItem\",\"position\":3,\"name\":\"VENTILADOR DE AR \u200b\u200bEVAPORATIVO S\/ L\u00c2MINAS C\/ LED EVAREER\"}]},{\"@type\":\"WebSite\",\"@id\":\"https:\/\/curiosidadesedicas.com\/loja\/#website\",\"url\":\"https:\/\/curiosidadesedicas.com\/loja\/\",\"name\":\"Curiosidades &amp; Dicas, Lda\",\"description\":\"Apaixonados Por Inova\u00e7\u00e3o\",\"publisher\":{\"@id\":\"https:\/\/curiosidadesedicas.com\/loja\/#organization\"},\"potentialAction\":[{\"@type\":\"SearchAction\",\"target\":{\"@type\":\"EntryPoint\",\"urlTemplate\":\"https:\/\/curiosidadesedicas.com\/loja\/?s={search_term_string}\"},\"query-input\":{\"@type\":\"PropertyValueSpecification\",\"valueRequired\":true,\"valueName\":\"search_term_string\"}}],\"inLanguage\":\"pt-PT\"},{\"@type\":\"Organization\",\"@id\":\"https:\/\/curiosidadesedicas.com\/loja\/#organization\",\"name\":\"Curiosidades & Dicas\",\"url\":\"https:\/\/curiosidadesedicas.com\/loja\/\",\"logo\":{\"@type\":\"ImageObject\",\"inLanguage\":\"pt-PT\",\"@id\":\"https:\/\/curiosidadesedicas.com\/loja\/#\/schema\/logo\/image\/\",\"url\":\"https:\/\/curiosidadesedicas.com\/loja\/wp-content\/uploads\/2020\/05\/LogoCuriosidadesSimples.png\",\"contentUrl\":\"https:\/\/curiosidadesedicas.com\/loja\/wp-content\/uploads\/2020\/05\/LogoCuriosidadesSimples.png\",\"width\":3528,\"height\":804,\"caption\":\"Curiosidades & Dicas\"},\"image\":{\"@id\":\"https:\/\/curiosidadesedicas.com\/loja\/#\/schema\/logo\/image\/\"}}]}<\/script>\n<!-- \/ Yoast SEO plugin. -->","yoast_head_json":{"title":"VENTILADOR DE AR \u200b\u200bEVAPORATIVO S\/ L\u00c2MINAS C\/ LED EVAREER - Curiosidades &amp; Dicas, Lda","robots":{"index":"index","follow":"follow","max-snippet":"max-snippet:-1","max-image-preview":"max-image-preview:large","max-video-preview":"max-video-preview:-1"},"canonical":"https:\/\/curiosidadesedicas.com\/loja\/produto\/ventilador-de-ar-\u200b\u200bevaporativo-s-laminas-c-led-evareer\/","og_locale":"pt_PT","og_type":"article","og_title":"VENTILADOR DE AR \u200b\u200bEVAPORATIVO S\/ L\u00c2MINAS C\/ LED EVAREER - Curiosidades &amp; Dicas, Lda","og_description":"Um ar condicionado ionizante evaporativo port\u00e1til com 4 fun\u00e7\u00f5es: ionizador, ventilador, resfriador e humidificador, que refrescam e purificam o ambiente. A fun\u00e7\u00e3o de ioniza\u00e7\u00e3o est\u00e1 sempre ativa neste humidificador-purificador, atrai sujeira no ar e libera ar limpo.   Mat\u00e9ria: ABS  Cor:   Branco  Preto    Design moderno e elegante:   Sem l\u00e2minas  Controle de toque  Baixo consumo    Multifuncional:   4 em 1  Ventilador  Umidificador  Ionizador  Resfriador    Capacidade: 3L  Fluxo de ar: 360\u00ba  3 configura\u00e7\u00f5es: Normal-Natural-Sleep  3 velocidades: velocidade ajust\u00e1vel  Luz LED: 6 cores  Temporizador: At\u00e9 8h  Inclui controle remoto: operado por bateria (1 x CR2025, inclu\u00eddo)  Cool packs: 2 bolsas de gelo remov\u00edveis  Com rodas:   Originais e port\u00e1teis  F\u00e1cil de transportar e armazenar    Aproximadamente.\u00a0alcance: 20 m2  N\u00edvel de ru\u00eddo: \u226455,5 dB  Pot\u00eancia: 110 W  Tipo de plugue:   C  Comprimento do cabo: 146,5 cm    Entrada CA: 220-240 V \/ 50 Hz  Aproximadamente.\u00a0dimens\u00f5es: 30 x 76 x 17,5 cm","og_url":"https:\/\/curiosidadesedicas.com\/loja\/produto\/ventilador-de-ar-\u200b\u200bevaporativo-s-laminas-c-led-evareer\/","og_site_name":"Curiosidades &amp; Dicas, Lda","article_modified_time":"2025-06-25T13:55:53+00:00","og_image":[{"width":600,"height":600,"url":"https:\/\/curiosidadesedicas.com\/loja\/wp-content\/uploads\/2022\/03\/bladeless-evaporative-air-conditioner-with-led-evareer-innovagoods_321473.jpg","type":"image\/jpeg"}],"twitter_card":"summary_large_image","twitter_misc":{"Tempo estimado de leitura":"2 minutos"},"schema":{"@context":"https:\/\/schema.org","@graph":[{"@type":"WebPage","@id":"https:\/\/curiosidadesedicas.com\/loja\/produto\/ventilador-de-ar-%e2%80%8b%e2%80%8bevaporativo-s-laminas-c-led-evareer\/","url":"https:\/\/curiosidadesedicas.com\/loja\/produto\/ventilador-de-ar-%e2%80%8b%e2%80%8bevaporativo-s-laminas-c-led-evareer\/","name":"VENTILADOR DE AR \u200b\u200bEVAPORATIVO S\/ L\u00c2MINAS C\/ LED EVAREER - Curiosidades &amp; Dicas, Lda","isPartOf":{"@id":"https:\/\/curiosidadesedicas.com\/loja\/#website"},"primaryImageOfPage":{"@id":"https:\/\/curiosidadesedicas.com\/loja\/produto\/ventilador-de-ar-%e2%80%8b%e2%80%8bevaporativo-s-laminas-c-led-evareer\/#primaryimage"},"image":{"@id":"https:\/\/curiosidadesedicas.com\/loja\/produto\/ventilador-de-ar-%e2%80%8b%e2%80%8bevaporativo-s-laminas-c-led-evareer\/#primaryimage"},"thumbnailUrl":"https:\/\/curiosidadesedicas.com\/loja\/wp-content\/uploads\/2022\/03\/bladeless-evaporative-air-conditioner-with-led-evareer-innovagoods_321473.jpg","datePublished":"2022-03-17T13:56:50+00:00","dateModified":"2025-06-25T13:55:53+00:00","breadcrumb":{"@id":"https:\/\/curiosidadesedicas.com\/loja\/produto\/ventilador-de-ar-%e2%80%8b%e2%80%8bevaporativo-s-laminas-c-led-evareer\/#breadcrumb"},"inLanguage":"pt-PT","potentialAction":[{"@type":"ReadAction","target":["https:\/\/curiosidadesedicas.com\/loja\/produto\/ventilador-de-ar-%e2%80%8b%e2%80%8bevaporativo-s-laminas-c-led-evareer\/"]}]},{"@type":"ImageObject","inLanguage":"pt-PT","@id":"https:\/\/curiosidadesedicas.com\/loja\/produto\/ventilador-de-ar-%e2%80%8b%e2%80%8bevaporativo-s-laminas-c-led-evareer\/#primaryimage","url":"https:\/\/curiosidadesedicas.com\/loja\/wp-content\/uploads\/2022\/03\/bladeless-evaporative-air-conditioner-with-led-evareer-innovagoods_321473.jpg","contentUrl":"https:\/\/curiosidadesedicas.com\/loja\/wp-content\/uploads\/2022\/03\/bladeless-evaporative-air-conditioner-with-led-evareer-innovagoods_321473.jpg","width":600,"height":600},{"@type":"BreadcrumbList","@id":"https:\/\/curiosidadesedicas.com\/loja\/produto\/ventilador-de-ar-%e2%80%8b%e2%80%8bevaporativo-s-laminas-c-led-evareer\/#breadcrumb","itemListElement":[{"@type":"ListItem","position":1,"name":"In\u00edcio","item":"https:\/\/curiosidadesedicas.com\/loja\/"},{"@type":"ListItem","position":2,"name":"Produtos","item":"https:\/\/curiosidadesedicas.com\/loja\/produtos\/"},{"@type":"ListItem","position":3,"name":"VENTILADOR DE AR \u200b\u200bEVAPORATIVO S\/ L\u00c2MINAS C\/ LED EVAREER"}]},{"@type":"WebSite","@id":"https:\/\/curiosidadesedicas.com\/loja\/#website","url":"https:\/\/curiosidadesedicas.com\/loja\/","name":"Curiosidades &amp; Dicas, Lda","description":"Apaixonados Por Inova\u00e7\u00e3o","publisher":{"@id":"https:\/\/curiosidadesedicas.com\/loja\/#organization"},"potentialAction":[{"@type":"SearchAction","target":{"@type":"EntryPoint","urlTemplate":"https:\/\/curiosidadesedicas.com\/loja\/?s={search_term_string}"},"query-input":{"@type":"PropertyValueSpecification","valueRequired":true,"valueName":"search_term_string"}}],"inLanguage":"pt-PT"},{"@type":"Organization","@id":"https:\/\/curiosidadesedicas.com\/loja\/#organization","name":"Curiosidades & Dicas","url":"https:\/\/curiosidadesedicas.com\/loja\/","logo":{"@type":"ImageObject","inLanguage":"pt-PT","@id":"https:\/\/curiosidadesedicas.com\/loja\/#\/schema\/logo\/image\/","url":"https:\/\/curiosidadesedicas.com\/loja\/wp-content\/uploads\/2020\/05\/LogoCuriosidadesSimples.png","contentUrl":"https:\/\/curiosidadesedicas.com\/loja\/wp-content\/uploads\/2020\/05\/LogoCuriosidadesSimples.png","width":3528,"height":804,"caption":"Curiosidades & Dicas"},"image":{"@id":"https:\/\/curiosidadesedicas.com\/loja\/#\/schema\/logo\/image\/"}}]}},"_links":{"self":[{"href":"https:\/\/curiosidadesedicas.com\/loja\/wp-json\/wp\/v2\/product\/25180","targetHints":{"allow":["GET"]}}],"collection":[{"href":"https:\/\/curiosidadesedicas.com\/loja\/wp-json\/wp\/v2\/product"}],"about":[{"href":"https:\/\/curiosidadesedicas.com\/loja\/wp-json\/wp\/v2\/types\/product"}],"replies":[{"embeddable":true,"href":"https:\/\/curiosidadesedicas.com\/loja\/wp-json\/wp\/v2\/comments?post=25180"}],"wp:featuredmedia":[{"embeddable":true,"href":"https:\/\/curiosidadesedicas.com\/loja\/wp-json\/wp\/v2\/media\/25194"}],"wp:attachment":[{"href":"https:\/\/curiosidadesedicas.com\/loja\/wp-json\/wp\/v2\/media?parent=25180"}],"wp:term":[{"taxonomy":"product_brand","embeddable":true,"href":"https:\/\/curiosidadesedicas.com\/loja\/wp-json\/wp\/v2\/product_brand?post=25180"},{"taxonomy":"product_cat","embeddable":true,"href":"https:\/\/curiosidadesedicas.com\/loja\/wp-json\/wp\/v2\/product_cat?post=25180"},{"taxonomy":"product_tag","embeddable":true,"href":"https:\/\/curiosidadesedicas.com\/loja\/wp-json\/wp\/v2\/product_tag?post=25180"}],"curies":[{"name":"wp","href":"https:\/\/api.w.org\/{rel}","templated":true}]}}