{"id":25151,"date":"2022-03-17T11:22:02","date_gmt":"2022-03-17T11:22:02","guid":{"rendered":"https:\/\/curiosidadesedicas.com\/loja\/?post_type=product&#038;p=25151"},"modified":"2025-06-25T13:55:41","modified_gmt":"2025-06-25T13:55:41","slug":"pulseira-anti-mosquitos-por-ultrassons-recarregavel","status":"publish","type":"product","link":"https:\/\/curiosidadesedicas.com\/loja\/produto\/pulseira-anti-mosquitos-por-ultrassons-recarregavel\/","title":{"rendered":"PULSEIRA ANTI-MOSQUITOS POR ULTRASSONS RECARREG\u00c1VEL"},"content":{"rendered":"<p>Uma pulseira anti mosquitos por ultrassons muito confort\u00e1vel e eficaz para afugentar os inc\u00f3modos insetos de forma natural, sem produtos qu\u00edmicos nem t\u00f3xicos, pelo que se adapta a todos os utilizadores, especialmente a gr\u00e1vidas, beb\u00e9s e crian\u00e7as. Tem 7 frequ\u00eancias com LED de diferentes cores para cada n\u00edvel de frequ\u00eancia, sendo a \u00faltima o modo silencioso. Funciona com carregamento USB e uma carga completa tem uma autonomia de at\u00e9 6 dias. Muito f\u00e1cil de utilizar gra\u00e7as ao controlo t\u00e1til para ligar, desligar e alterar a frequ\u00eancia. Tem uma bracelete ajust\u00e1vel com at\u00e9 13 posi\u00e7\u00f5es para se adaptar a todos os pulsos de adultos e crian\u00e7as.<\/p>\n<p><img decoding=\"async\" src=\"https:\/\/curiosidadesedicas.com\/loja\/wp-content\/uploads\/2022\/03\/pulseira-antimosquitos-por-ultrassons-recarregavel-banic-innovagoods_144842-8.jpg\" \/><\/p>\n","protected":false},"excerpt":{"rendered":"<ul>\n<li>Material: ABS<\/li>\n<li>Design inovador e funcional<\/li>\n<li>Tipo:\n<ul>\n<li>El\u00e9trico<\/li>\n<li>Recarreg\u00e1vel<\/li>\n<\/ul>\n<\/li>\n<li>Ecol\u00f3gico: sem produtos qu\u00edmicos nem t\u00f3xicos<\/li>\n<li>Fun\u00e7\u00e3o antimosquitos<\/li>\n<li>Tecnologia de ultrassons<\/li>\n<li>Controlo t\u00e1til<\/li>\n<li>Correia ajust\u00e1vel: 13 posi\u00e7\u00f5es<\/li>\n<li>Modo silencioso<\/li>\n<li>7 frequ\u00eancias com indicador LED<\/li>\n<li>Utiliza\u00e7\u00e3o c\u00f3moda, simples e segura<\/li>\n<li>Ideal para crian\u00e7as e adultos<\/li>\n<li>Recomendado para gr\u00e1vidas, beb\u00e9s e crian\u00e7as<\/li>\n<li>Carga USB: inclui cabo USB para micro USB<\/li>\n<li>Autonomia aprox.: at\u00e9 6 dias com 1 carregamento completo<\/li>\n<li>Tempo de carga aprox.: 3 h<\/li>\n<li>Bateria: 3,7 V \/ 75 mAh<\/li>\n<li>DC 5 V \/ 500 mA<\/li>\n<li>Medidas aprox.: 3 x 1,5 x 25 cm<\/li>\n<\/ul>\n","protected":false},"featured_media":25163,"comment_status":"open","ping_status":"closed","template":"","meta":{"_glsr_average":0,"_glsr_ranking":0,"_glsr_reviews":0},"product_brand":[],"product_cat":[387,388,475],"product_tag":[],"class_list":{"0":"post-25151","1":"product","2":"type-product","3":"status-publish","4":"has-post-thumbnail","6":"product_cat-anti-insetos","7":"product_cat-eletricos","8":"product_cat-repelentes","10":"first","11":"outofstock","12":"taxable","13":"shipping-taxable","14":"purchasable","15":"product-type-simple"},"yoast_head":"<!-- This site is optimized with the Yoast SEO plugin v26.8 - https:\/\/yoast.com\/product\/yoast-seo-wordpress\/ -->\n<title>PULSEIRA ANTI-MOSQUITOS POR ULTRASSONS RECARREG\u00c1VEL - Curiosidades &amp; Dicas, Lda<\/title>\n<meta name=\"robots\" content=\"index, follow, max-snippet:-1, max-image-preview:large, max-video-preview:-1\" \/>\n<link rel=\"canonical\" href=\"https:\/\/curiosidadesedicas.com\/loja\/produto\/pulseira-anti-mosquitos-por-ultrassons-recarregavel\/\" \/>\n<meta property=\"og:locale\" content=\"pt_PT\" \/>\n<meta property=\"og:type\" content=\"article\" \/>\n<meta property=\"og:title\" content=\"PULSEIRA ANTI-MOSQUITOS POR ULTRASSONS RECARREG\u00c1VEL - Curiosidades &amp; Dicas, Lda\" \/>\n<meta property=\"og:description\" content=\"Material: ABS  Design inovador e funcional  Tipo:   El\u00e9trico  Recarreg\u00e1vel    Ecol\u00f3gico: sem produtos qu\u00edmicos nem t\u00f3xicos  Fun\u00e7\u00e3o antimosquitos  Tecnologia de ultrassons  Controlo t\u00e1til  Correia ajust\u00e1vel: 13 posi\u00e7\u00f5es  Modo silencioso  7 frequ\u00eancias com indicador LED  Utiliza\u00e7\u00e3o c\u00f3moda, simples e segura  Ideal para crian\u00e7as e adultos  Recomendado para gr\u00e1vidas, beb\u00e9s e crian\u00e7as  Carga USB: inclui cabo USB para micro USB  Autonomia aprox.: at\u00e9 6 dias com 1 carregamento completo  Tempo de carga aprox.: 3 h  Bateria: 3,7 V \/ 75 mAh  DC 5 V \/ 500 mA  Medidas aprox.: 3 x 1,5 x 25 cm\" \/>\n<meta property=\"og:url\" content=\"https:\/\/curiosidadesedicas.com\/loja\/produto\/pulseira-anti-mosquitos-por-ultrassons-recarregavel\/\" \/>\n<meta property=\"og:site_name\" content=\"Curiosidades &amp; Dicas, Lda\" \/>\n<meta property=\"article:modified_time\" content=\"2025-06-25T13:55:41+00:00\" \/>\n<meta property=\"og:image\" content=\"https:\/\/curiosidadesedicas.com\/loja\/wp-content\/uploads\/2022\/03\/pulseira-antimosquitos-por-ultrassons-recarregavel-banic-innovagoods_144842.jpg\" \/>\n\t<meta property=\"og:image:width\" content=\"600\" \/>\n\t<meta property=\"og:image:height\" content=\"600\" \/>\n\t<meta property=\"og:image:type\" content=\"image\/jpeg\" \/>\n<meta name=\"twitter:card\" content=\"summary_large_image\" \/>\n<meta name=\"twitter:label1\" content=\"Tempo estimado de leitura\" \/>\n\t<meta name=\"twitter:data1\" content=\"1 minuto\" \/>\n<script type=\"application\/ld+json\" class=\"yoast-schema-graph\">{\"@context\":\"https:\/\/schema.org\",\"@graph\":[{\"@type\":\"WebPage\",\"@id\":\"https:\/\/curiosidadesedicas.com\/loja\/produto\/pulseira-anti-mosquitos-por-ultrassons-recarregavel\/\",\"url\":\"https:\/\/curiosidadesedicas.com\/loja\/produto\/pulseira-anti-mosquitos-por-ultrassons-recarregavel\/\",\"name\":\"PULSEIRA ANTI-MOSQUITOS POR ULTRASSONS RECARREG\u00c1VEL - Curiosidades &amp; Dicas, Lda\",\"isPartOf\":{\"@id\":\"https:\/\/curiosidadesedicas.com\/loja\/#website\"},\"primaryImageOfPage\":{\"@id\":\"https:\/\/curiosidadesedicas.com\/loja\/produto\/pulseira-anti-mosquitos-por-ultrassons-recarregavel\/#primaryimage\"},\"image\":{\"@id\":\"https:\/\/curiosidadesedicas.com\/loja\/produto\/pulseira-anti-mosquitos-por-ultrassons-recarregavel\/#primaryimage\"},\"thumbnailUrl\":\"https:\/\/curiosidadesedicas.com\/loja\/wp-content\/uploads\/2022\/03\/pulseira-antimosquitos-por-ultrassons-recarregavel-banic-innovagoods_144842.jpg\",\"datePublished\":\"2022-03-17T11:22:02+00:00\",\"dateModified\":\"2025-06-25T13:55:41+00:00\",\"breadcrumb\":{\"@id\":\"https:\/\/curiosidadesedicas.com\/loja\/produto\/pulseira-anti-mosquitos-por-ultrassons-recarregavel\/#breadcrumb\"},\"inLanguage\":\"pt-PT\",\"potentialAction\":[{\"@type\":\"ReadAction\",\"target\":[\"https:\/\/curiosidadesedicas.com\/loja\/produto\/pulseira-anti-mosquitos-por-ultrassons-recarregavel\/\"]}]},{\"@type\":\"ImageObject\",\"inLanguage\":\"pt-PT\",\"@id\":\"https:\/\/curiosidadesedicas.com\/loja\/produto\/pulseira-anti-mosquitos-por-ultrassons-recarregavel\/#primaryimage\",\"url\":\"https:\/\/curiosidadesedicas.com\/loja\/wp-content\/uploads\/2022\/03\/pulseira-antimosquitos-por-ultrassons-recarregavel-banic-innovagoods_144842.jpg\",\"contentUrl\":\"https:\/\/curiosidadesedicas.com\/loja\/wp-content\/uploads\/2022\/03\/pulseira-antimosquitos-por-ultrassons-recarregavel-banic-innovagoods_144842.jpg\",\"width\":600,\"height\":600},{\"@type\":\"BreadcrumbList\",\"@id\":\"https:\/\/curiosidadesedicas.com\/loja\/produto\/pulseira-anti-mosquitos-por-ultrassons-recarregavel\/#breadcrumb\",\"itemListElement\":[{\"@type\":\"ListItem\",\"position\":1,\"name\":\"In\u00edcio\",\"item\":\"https:\/\/curiosidadesedicas.com\/loja\/\"},{\"@type\":\"ListItem\",\"position\":2,\"name\":\"Produtos\",\"item\":\"https:\/\/curiosidadesedicas.com\/loja\/produtos\/\"},{\"@type\":\"ListItem\",\"position\":3,\"name\":\"PULSEIRA ANTI-MOSQUITOS POR ULTRASSONS RECARREG\u00c1VEL\"}]},{\"@type\":\"WebSite\",\"@id\":\"https:\/\/curiosidadesedicas.com\/loja\/#website\",\"url\":\"https:\/\/curiosidadesedicas.com\/loja\/\",\"name\":\"Curiosidades &amp; Dicas, Lda\",\"description\":\"Apaixonados Por Inova\u00e7\u00e3o\",\"publisher\":{\"@id\":\"https:\/\/curiosidadesedicas.com\/loja\/#organization\"},\"potentialAction\":[{\"@type\":\"SearchAction\",\"target\":{\"@type\":\"EntryPoint\",\"urlTemplate\":\"https:\/\/curiosidadesedicas.com\/loja\/?s={search_term_string}\"},\"query-input\":{\"@type\":\"PropertyValueSpecification\",\"valueRequired\":true,\"valueName\":\"search_term_string\"}}],\"inLanguage\":\"pt-PT\"},{\"@type\":\"Organization\",\"@id\":\"https:\/\/curiosidadesedicas.com\/loja\/#organization\",\"name\":\"Curiosidades & Dicas\",\"url\":\"https:\/\/curiosidadesedicas.com\/loja\/\",\"logo\":{\"@type\":\"ImageObject\",\"inLanguage\":\"pt-PT\",\"@id\":\"https:\/\/curiosidadesedicas.com\/loja\/#\/schema\/logo\/image\/\",\"url\":\"https:\/\/curiosidadesedicas.com\/loja\/wp-content\/uploads\/2020\/05\/LogoCuriosidadesSimples.png\",\"contentUrl\":\"https:\/\/curiosidadesedicas.com\/loja\/wp-content\/uploads\/2020\/05\/LogoCuriosidadesSimples.png\",\"width\":3528,\"height\":804,\"caption\":\"Curiosidades & Dicas\"},\"image\":{\"@id\":\"https:\/\/curiosidadesedicas.com\/loja\/#\/schema\/logo\/image\/\"}}]}<\/script>\n<!-- \/ Yoast SEO plugin. -->","yoast_head_json":{"title":"PULSEIRA ANTI-MOSQUITOS POR ULTRASSONS RECARREG\u00c1VEL - Curiosidades &amp; Dicas, Lda","robots":{"index":"index","follow":"follow","max-snippet":"max-snippet:-1","max-image-preview":"max-image-preview:large","max-video-preview":"max-video-preview:-1"},"canonical":"https:\/\/curiosidadesedicas.com\/loja\/produto\/pulseira-anti-mosquitos-por-ultrassons-recarregavel\/","og_locale":"pt_PT","og_type":"article","og_title":"PULSEIRA ANTI-MOSQUITOS POR ULTRASSONS RECARREG\u00c1VEL - Curiosidades &amp; Dicas, Lda","og_description":"Material: ABS  Design inovador e funcional  Tipo:   El\u00e9trico  Recarreg\u00e1vel    Ecol\u00f3gico: sem produtos qu\u00edmicos nem t\u00f3xicos  Fun\u00e7\u00e3o antimosquitos  Tecnologia de ultrassons  Controlo t\u00e1til  Correia ajust\u00e1vel: 13 posi\u00e7\u00f5es  Modo silencioso  7 frequ\u00eancias com indicador LED  Utiliza\u00e7\u00e3o c\u00f3moda, simples e segura  Ideal para crian\u00e7as e adultos  Recomendado para gr\u00e1vidas, beb\u00e9s e crian\u00e7as  Carga USB: inclui cabo USB para micro USB  Autonomia aprox.: at\u00e9 6 dias com 1 carregamento completo  Tempo de carga aprox.: 3 h  Bateria: 3,7 V \/ 75 mAh  DC 5 V \/ 500 mA  Medidas aprox.: 3 x 1,5 x 25 cm","og_url":"https:\/\/curiosidadesedicas.com\/loja\/produto\/pulseira-anti-mosquitos-por-ultrassons-recarregavel\/","og_site_name":"Curiosidades &amp; Dicas, Lda","article_modified_time":"2025-06-25T13:55:41+00:00","og_image":[{"width":600,"height":600,"url":"https:\/\/curiosidadesedicas.com\/loja\/wp-content\/uploads\/2022\/03\/pulseira-antimosquitos-por-ultrassons-recarregavel-banic-innovagoods_144842.jpg","type":"image\/jpeg"}],"twitter_card":"summary_large_image","twitter_misc":{"Tempo estimado de leitura":"1 minuto"},"schema":{"@context":"https:\/\/schema.org","@graph":[{"@type":"WebPage","@id":"https:\/\/curiosidadesedicas.com\/loja\/produto\/pulseira-anti-mosquitos-por-ultrassons-recarregavel\/","url":"https:\/\/curiosidadesedicas.com\/loja\/produto\/pulseira-anti-mosquitos-por-ultrassons-recarregavel\/","name":"PULSEIRA ANTI-MOSQUITOS POR ULTRASSONS RECARREG\u00c1VEL - Curiosidades &amp; Dicas, Lda","isPartOf":{"@id":"https:\/\/curiosidadesedicas.com\/loja\/#website"},"primaryImageOfPage":{"@id":"https:\/\/curiosidadesedicas.com\/loja\/produto\/pulseira-anti-mosquitos-por-ultrassons-recarregavel\/#primaryimage"},"image":{"@id":"https:\/\/curiosidadesedicas.com\/loja\/produto\/pulseira-anti-mosquitos-por-ultrassons-recarregavel\/#primaryimage"},"thumbnailUrl":"https:\/\/curiosidadesedicas.com\/loja\/wp-content\/uploads\/2022\/03\/pulseira-antimosquitos-por-ultrassons-recarregavel-banic-innovagoods_144842.jpg","datePublished":"2022-03-17T11:22:02+00:00","dateModified":"2025-06-25T13:55:41+00:00","breadcrumb":{"@id":"https:\/\/curiosidadesedicas.com\/loja\/produto\/pulseira-anti-mosquitos-por-ultrassons-recarregavel\/#breadcrumb"},"inLanguage":"pt-PT","potentialAction":[{"@type":"ReadAction","target":["https:\/\/curiosidadesedicas.com\/loja\/produto\/pulseira-anti-mosquitos-por-ultrassons-recarregavel\/"]}]},{"@type":"ImageObject","inLanguage":"pt-PT","@id":"https:\/\/curiosidadesedicas.com\/loja\/produto\/pulseira-anti-mosquitos-por-ultrassons-recarregavel\/#primaryimage","url":"https:\/\/curiosidadesedicas.com\/loja\/wp-content\/uploads\/2022\/03\/pulseira-antimosquitos-por-ultrassons-recarregavel-banic-innovagoods_144842.jpg","contentUrl":"https:\/\/curiosidadesedicas.com\/loja\/wp-content\/uploads\/2022\/03\/pulseira-antimosquitos-por-ultrassons-recarregavel-banic-innovagoods_144842.jpg","width":600,"height":600},{"@type":"BreadcrumbList","@id":"https:\/\/curiosidadesedicas.com\/loja\/produto\/pulseira-anti-mosquitos-por-ultrassons-recarregavel\/#breadcrumb","itemListElement":[{"@type":"ListItem","position":1,"name":"In\u00edcio","item":"https:\/\/curiosidadesedicas.com\/loja\/"},{"@type":"ListItem","position":2,"name":"Produtos","item":"https:\/\/curiosidadesedicas.com\/loja\/produtos\/"},{"@type":"ListItem","position":3,"name":"PULSEIRA ANTI-MOSQUITOS POR ULTRASSONS RECARREG\u00c1VEL"}]},{"@type":"WebSite","@id":"https:\/\/curiosidadesedicas.com\/loja\/#website","url":"https:\/\/curiosidadesedicas.com\/loja\/","name":"Curiosidades &amp; Dicas, Lda","description":"Apaixonados Por Inova\u00e7\u00e3o","publisher":{"@id":"https:\/\/curiosidadesedicas.com\/loja\/#organization"},"potentialAction":[{"@type":"SearchAction","target":{"@type":"EntryPoint","urlTemplate":"https:\/\/curiosidadesedicas.com\/loja\/?s={search_term_string}"},"query-input":{"@type":"PropertyValueSpecification","valueRequired":true,"valueName":"search_term_string"}}],"inLanguage":"pt-PT"},{"@type":"Organization","@id":"https:\/\/curiosidadesedicas.com\/loja\/#organization","name":"Curiosidades & Dicas","url":"https:\/\/curiosidadesedicas.com\/loja\/","logo":{"@type":"ImageObject","inLanguage":"pt-PT","@id":"https:\/\/curiosidadesedicas.com\/loja\/#\/schema\/logo\/image\/","url":"https:\/\/curiosidadesedicas.com\/loja\/wp-content\/uploads\/2020\/05\/LogoCuriosidadesSimples.png","contentUrl":"https:\/\/curiosidadesedicas.com\/loja\/wp-content\/uploads\/2020\/05\/LogoCuriosidadesSimples.png","width":3528,"height":804,"caption":"Curiosidades & Dicas"},"image":{"@id":"https:\/\/curiosidadesedicas.com\/loja\/#\/schema\/logo\/image\/"}}]}},"_links":{"self":[{"href":"https:\/\/curiosidadesedicas.com\/loja\/wp-json\/wp\/v2\/product\/25151","targetHints":{"allow":["GET"]}}],"collection":[{"href":"https:\/\/curiosidadesedicas.com\/loja\/wp-json\/wp\/v2\/product"}],"about":[{"href":"https:\/\/curiosidadesedicas.com\/loja\/wp-json\/wp\/v2\/types\/product"}],"replies":[{"embeddable":true,"href":"https:\/\/curiosidadesedicas.com\/loja\/wp-json\/wp\/v2\/comments?post=25151"}],"wp:featuredmedia":[{"embeddable":true,"href":"https:\/\/curiosidadesedicas.com\/loja\/wp-json\/wp\/v2\/media\/25163"}],"wp:attachment":[{"href":"https:\/\/curiosidadesedicas.com\/loja\/wp-json\/wp\/v2\/media?parent=25151"}],"wp:term":[{"taxonomy":"product_brand","embeddable":true,"href":"https:\/\/curiosidadesedicas.com\/loja\/wp-json\/wp\/v2\/product_brand?post=25151"},{"taxonomy":"product_cat","embeddable":true,"href":"https:\/\/curiosidadesedicas.com\/loja\/wp-json\/wp\/v2\/product_cat?post=25151"},{"taxonomy":"product_tag","embeddable":true,"href":"https:\/\/curiosidadesedicas.com\/loja\/wp-json\/wp\/v2\/product_tag?post=25151"}],"curies":[{"name":"wp","href":"https:\/\/api.w.org\/{rel}","templated":true}]}}