{"id":25106,"date":"2022-03-16T14:53:16","date_gmt":"2022-03-16T14:53:16","guid":{"rendered":"https:\/\/curiosidadesedicas.com\/loja\/?post_type=product&#038;p=25106"},"modified":"2025-03-13T09:52:31","modified_gmt":"2025-03-13T09:52:31","slug":"lampada-anti-mosquitos-por-succao-kl-drain","status":"publish","type":"product","link":"https:\/\/curiosidadesedicas.com\/loja\/produto\/lampada-anti-mosquitos-por-succao-kl-drain\/","title":{"rendered":"L\u00c2MPADA ANTI-MOSQUITOS POR SUC\u00c7\u00c3O KL DRAIN"},"content":{"rendered":"<p>Uma l\u00e2mpada antimosquitos por suc\u00e7\u00e3o muito eficaz para eliminar insetos de forma c\u00f3moda, higi\u00e9nica e ecol\u00f3gica, sem a necessidade de utilizar produtos qu\u00edmicos ou t\u00f3xicos, de modo a n\u00e3o prejudicar a sa\u00fade ou poluir o ambiente. A l\u00e2mpada disp\u00f5e de uma luz LED UV que atrai os mosquitos, tornando-se especialmente eficaz no escuro. A sua ventoinha interna aspira os mosquitos para dentro do tanque localizado no seu interior, onde ficam retidos e s\u00e3o eliminados. O tanque \u00e9 amov\u00edvel e pode ser facilmente removido para proceder ao seu esvaziamento e limpeza (sempre com a l\u00e2mpada desligada). Al\u00e9m disso, trata-se de uma l\u00e2mpada silenciosa, que emite uma luz p\u00farpura muito suave, pelo que n\u00e3o perturba nem afeta o sono. A sua utiliza\u00e7\u00e3o \u00e9 muito simples e poder\u00e1 coloc\u00e1-la sobre qualquer superf\u00edcie plana e est\u00e1vel. Gra\u00e7as ao seu design \u00fanico, leve, compacto e port\u00e1til, poder\u00e1 igualmente lev\u00e1-la para onde for necess\u00e1rio. \u00c9 usado principalmente no interior, mas tamb\u00e9m pode ser usado no exterior, com um alcance de 20-40 m\u00b2 aprox. O seu cabo com ficha USB permite lig\u00e1-la a qualquer fonte USB, como um port\u00e1til, um powerbank, ou outro dispositivo de carga, ou \u00e0 rede el\u00e9trica, utilizando um adaptador compat\u00edvel (n\u00e3o inclu\u00eddo). O seu consumo energ\u00e9tico \u00e9 muito baixo, pelo que pode ser ligada todos os dias durante longos per\u00edodos de tempo. Recomenda-se deixar o dispositivo ligado durante 6 a 12 horas para obter um efeito \u00f3timo de captura de insetos.<\/p>\n<p><img decoding=\"async\" src=\"https:\/\/curiosidadesedicas.com\/loja\/wp-content\/uploads\/2022\/03\/lampada-anti-mosquitos-por-succao-kl-drain-innovagoods_317234-5.jpg\" \/><\/p>\n","protected":false},"excerpt":{"rendered":"<ul>\n<li>Material: ABS<\/li>\n<li>Cor:\n<ul>\n<li>Cinzento<\/li>\n<li>Branco<\/li>\n<\/ul>\n<\/li>\n<li>Design moderno e elegante: Inovador e funcional<\/li>\n<li>Tipo:\n<ul>\n<li>El\u00e9trico<\/li>\n<li>Silencioso<\/li>\n<\/ul>\n<\/li>\n<li>Ecol\u00f3gico: Sem odores nem produtos qu\u00edmicos<\/li>\n<li>LED UV: 1 W \/ 2000 K \/ 365 nm<\/li>\n<li>Utiliza\u00e7\u00e3o principal: Fun\u00e7\u00e3o antimosquitos<\/li>\n<li>Vers\u00e1til e adapt\u00e1vel: Utiliza\u00e7\u00e3o em interiores e exteriores<\/li>\n<li>Alcance aprox.: 20-40 m\u00b2<\/li>\n<li>Dep\u00f3sito extra\u00edvel: F\u00e1cil limpeza<\/li>\n<li>Original e port\u00e1til: Ocupa pouco espa\u00e7o<\/li>\n<li>F\u00e1cil de utilizar: Utiliza\u00e7\u00e3o c\u00f3moda, simples e segura<\/li>\n<li>Leve e male\u00e1vel: F\u00e1cil de transportar e de guardar<\/li>\n<li>Baixo consumo: Poupan\u00e7a de Energia<\/li>\n<li>Comprimento do cabo: 120 cm<\/li>\n<li>Tipo de tomada: USB<\/li>\n<li>Pot\u00eancia: 4 W<\/li>\n<li>DC In: 5 V \/ 1 A<\/li>\n<li>Medidas aprox.: \u00d812 x 21 cm<\/li>\n<\/ul>\n<p>&nbsp;<\/p>\n<p>&nbsp;<\/p>\n<p>&nbsp;<\/p>\n<p>&nbsp;<\/p>\n<p>&nbsp;<\/p>\n<p>&nbsp;<\/p>\n","protected":false},"featured_media":25117,"comment_status":"open","ping_status":"closed","template":"","meta":{"_glsr_average":0,"_glsr_ranking":0,"_glsr_reviews":0},"product_brand":[],"product_cat":[387,388],"product_tag":[],"class_list":{"0":"post-25106","1":"product","2":"type-product","3":"status-publish","4":"has-post-thumbnail","6":"product_cat-anti-insetos","7":"product_cat-eletricos","9":"first","10":"instock","11":"taxable","12":"shipping-taxable","13":"purchasable","14":"product-type-simple"},"yoast_head":"<!-- This site is optimized with the Yoast SEO plugin v26.8 - https:\/\/yoast.com\/product\/yoast-seo-wordpress\/ -->\n<title>L\u00c2MPADA ANTI-MOSQUITOS POR SUC\u00c7\u00c3O KL DRAIN - Curiosidades &amp; Dicas, Lda<\/title>\n<meta name=\"robots\" content=\"index, follow, max-snippet:-1, max-image-preview:large, max-video-preview:-1\" \/>\n<link rel=\"canonical\" href=\"https:\/\/curiosidadesedicas.com\/loja\/produto\/lampada-anti-mosquitos-por-succao-kl-drain\/\" \/>\n<meta property=\"og:locale\" content=\"pt_PT\" \/>\n<meta property=\"og:type\" content=\"article\" \/>\n<meta property=\"og:title\" content=\"L\u00c2MPADA ANTI-MOSQUITOS POR SUC\u00c7\u00c3O KL DRAIN - Curiosidades &amp; Dicas, Lda\" \/>\n<meta property=\"og:description\" content=\"Material: ABS  Cor:   Cinzento  Branco    Design moderno e elegante: Inovador e funcional  Tipo:   El\u00e9trico  Silencioso    Ecol\u00f3gico: Sem odores nem produtos qu\u00edmicos  LED UV: 1 W \/ 2000 K \/ 365 nm  Utiliza\u00e7\u00e3o principal: Fun\u00e7\u00e3o antimosquitos  Vers\u00e1til e adapt\u00e1vel: Utiliza\u00e7\u00e3o em interiores e exteriores  Alcance aprox.: 20-40 m\u00b2  Dep\u00f3sito extra\u00edvel: F\u00e1cil limpeza  Original e port\u00e1til: Ocupa pouco espa\u00e7o  F\u00e1cil de utilizar: Utiliza\u00e7\u00e3o c\u00f3moda, simples e segura  Leve e male\u00e1vel: F\u00e1cil de transportar e de guardar  Baixo consumo: Poupan\u00e7a de Energia  Comprimento do cabo: 120 cm  Tipo de tomada: USB  Pot\u00eancia: 4 W  DC In: 5 V \/ 1 A  Medidas aprox.: \u00d812 x 21 cm  &nbsp;  &nbsp;  &nbsp;  &nbsp;  &nbsp;  &nbsp;\" \/>\n<meta property=\"og:url\" content=\"https:\/\/curiosidadesedicas.com\/loja\/produto\/lampada-anti-mosquitos-por-succao-kl-drain\/\" \/>\n<meta property=\"og:site_name\" content=\"Curiosidades &amp; Dicas, Lda\" \/>\n<meta property=\"article:modified_time\" content=\"2025-03-13T09:52:31+00:00\" \/>\n<meta property=\"og:image\" content=\"https:\/\/curiosidadesedicas.com\/loja\/wp-content\/uploads\/2022\/03\/lampada-anti-mosquitos-por-succao-kl-drain-innovagoods_317234.jpg\" \/>\n\t<meta property=\"og:image:width\" content=\"600\" \/>\n\t<meta property=\"og:image:height\" content=\"600\" \/>\n\t<meta property=\"og:image:type\" content=\"image\/jpeg\" \/>\n<meta name=\"twitter:card\" content=\"summary_large_image\" \/>\n<meta name=\"twitter:label1\" content=\"Tempo estimado de leitura\" \/>\n\t<meta name=\"twitter:data1\" content=\"1 minuto\" \/>\n<script type=\"application\/ld+json\" class=\"yoast-schema-graph\">{\"@context\":\"https:\/\/schema.org\",\"@graph\":[{\"@type\":\"WebPage\",\"@id\":\"https:\/\/curiosidadesedicas.com\/loja\/produto\/lampada-anti-mosquitos-por-succao-kl-drain\/\",\"url\":\"https:\/\/curiosidadesedicas.com\/loja\/produto\/lampada-anti-mosquitos-por-succao-kl-drain\/\",\"name\":\"L\u00c2MPADA ANTI-MOSQUITOS POR SUC\u00c7\u00c3O KL DRAIN - Curiosidades &amp; Dicas, Lda\",\"isPartOf\":{\"@id\":\"https:\/\/curiosidadesedicas.com\/loja\/#website\"},\"primaryImageOfPage\":{\"@id\":\"https:\/\/curiosidadesedicas.com\/loja\/produto\/lampada-anti-mosquitos-por-succao-kl-drain\/#primaryimage\"},\"image\":{\"@id\":\"https:\/\/curiosidadesedicas.com\/loja\/produto\/lampada-anti-mosquitos-por-succao-kl-drain\/#primaryimage\"},\"thumbnailUrl\":\"https:\/\/curiosidadesedicas.com\/loja\/wp-content\/uploads\/2022\/03\/lampada-anti-mosquitos-por-succao-kl-drain-innovagoods_317234.jpg\",\"datePublished\":\"2022-03-16T14:53:16+00:00\",\"dateModified\":\"2025-03-13T09:52:31+00:00\",\"breadcrumb\":{\"@id\":\"https:\/\/curiosidadesedicas.com\/loja\/produto\/lampada-anti-mosquitos-por-succao-kl-drain\/#breadcrumb\"},\"inLanguage\":\"pt-PT\",\"potentialAction\":[{\"@type\":\"ReadAction\",\"target\":[\"https:\/\/curiosidadesedicas.com\/loja\/produto\/lampada-anti-mosquitos-por-succao-kl-drain\/\"]}]},{\"@type\":\"ImageObject\",\"inLanguage\":\"pt-PT\",\"@id\":\"https:\/\/curiosidadesedicas.com\/loja\/produto\/lampada-anti-mosquitos-por-succao-kl-drain\/#primaryimage\",\"url\":\"https:\/\/curiosidadesedicas.com\/loja\/wp-content\/uploads\/2022\/03\/lampada-anti-mosquitos-por-succao-kl-drain-innovagoods_317234.jpg\",\"contentUrl\":\"https:\/\/curiosidadesedicas.com\/loja\/wp-content\/uploads\/2022\/03\/lampada-anti-mosquitos-por-succao-kl-drain-innovagoods_317234.jpg\",\"width\":600,\"height\":600},{\"@type\":\"BreadcrumbList\",\"@id\":\"https:\/\/curiosidadesedicas.com\/loja\/produto\/lampada-anti-mosquitos-por-succao-kl-drain\/#breadcrumb\",\"itemListElement\":[{\"@type\":\"ListItem\",\"position\":1,\"name\":\"In\u00edcio\",\"item\":\"https:\/\/curiosidadesedicas.com\/loja\/\"},{\"@type\":\"ListItem\",\"position\":2,\"name\":\"Produtos\",\"item\":\"https:\/\/curiosidadesedicas.com\/loja\/produtos\/\"},{\"@type\":\"ListItem\",\"position\":3,\"name\":\"L\u00c2MPADA ANTI-MOSQUITOS POR SUC\u00c7\u00c3O KL DRAIN\"}]},{\"@type\":\"WebSite\",\"@id\":\"https:\/\/curiosidadesedicas.com\/loja\/#website\",\"url\":\"https:\/\/curiosidadesedicas.com\/loja\/\",\"name\":\"Curiosidades &amp; Dicas, Lda\",\"description\":\"Apaixonados Por Inova\u00e7\u00e3o\",\"publisher\":{\"@id\":\"https:\/\/curiosidadesedicas.com\/loja\/#organization\"},\"potentialAction\":[{\"@type\":\"SearchAction\",\"target\":{\"@type\":\"EntryPoint\",\"urlTemplate\":\"https:\/\/curiosidadesedicas.com\/loja\/?s={search_term_string}\"},\"query-input\":{\"@type\":\"PropertyValueSpecification\",\"valueRequired\":true,\"valueName\":\"search_term_string\"}}],\"inLanguage\":\"pt-PT\"},{\"@type\":\"Organization\",\"@id\":\"https:\/\/curiosidadesedicas.com\/loja\/#organization\",\"name\":\"Curiosidades & Dicas\",\"url\":\"https:\/\/curiosidadesedicas.com\/loja\/\",\"logo\":{\"@type\":\"ImageObject\",\"inLanguage\":\"pt-PT\",\"@id\":\"https:\/\/curiosidadesedicas.com\/loja\/#\/schema\/logo\/image\/\",\"url\":\"https:\/\/curiosidadesedicas.com\/loja\/wp-content\/uploads\/2020\/05\/LogoCuriosidadesSimples.png\",\"contentUrl\":\"https:\/\/curiosidadesedicas.com\/loja\/wp-content\/uploads\/2020\/05\/LogoCuriosidadesSimples.png\",\"width\":3528,\"height\":804,\"caption\":\"Curiosidades & Dicas\"},\"image\":{\"@id\":\"https:\/\/curiosidadesedicas.com\/loja\/#\/schema\/logo\/image\/\"}}]}<\/script>\n<!-- \/ Yoast SEO plugin. -->","yoast_head_json":{"title":"L\u00c2MPADA ANTI-MOSQUITOS POR SUC\u00c7\u00c3O KL DRAIN - Curiosidades &amp; Dicas, Lda","robots":{"index":"index","follow":"follow","max-snippet":"max-snippet:-1","max-image-preview":"max-image-preview:large","max-video-preview":"max-video-preview:-1"},"canonical":"https:\/\/curiosidadesedicas.com\/loja\/produto\/lampada-anti-mosquitos-por-succao-kl-drain\/","og_locale":"pt_PT","og_type":"article","og_title":"L\u00c2MPADA ANTI-MOSQUITOS POR SUC\u00c7\u00c3O KL DRAIN - Curiosidades &amp; Dicas, Lda","og_description":"Material: ABS  Cor:   Cinzento  Branco    Design moderno e elegante: Inovador e funcional  Tipo:   El\u00e9trico  Silencioso    Ecol\u00f3gico: Sem odores nem produtos qu\u00edmicos  LED UV: 1 W \/ 2000 K \/ 365 nm  Utiliza\u00e7\u00e3o principal: Fun\u00e7\u00e3o antimosquitos  Vers\u00e1til e adapt\u00e1vel: Utiliza\u00e7\u00e3o em interiores e exteriores  Alcance aprox.: 20-40 m\u00b2  Dep\u00f3sito extra\u00edvel: F\u00e1cil limpeza  Original e port\u00e1til: Ocupa pouco espa\u00e7o  F\u00e1cil de utilizar: Utiliza\u00e7\u00e3o c\u00f3moda, simples e segura  Leve e male\u00e1vel: F\u00e1cil de transportar e de guardar  Baixo consumo: Poupan\u00e7a de Energia  Comprimento do cabo: 120 cm  Tipo de tomada: USB  Pot\u00eancia: 4 W  DC In: 5 V \/ 1 A  Medidas aprox.: \u00d812 x 21 cm  &nbsp;  &nbsp;  &nbsp;  &nbsp;  &nbsp;  &nbsp;","og_url":"https:\/\/curiosidadesedicas.com\/loja\/produto\/lampada-anti-mosquitos-por-succao-kl-drain\/","og_site_name":"Curiosidades &amp; Dicas, Lda","article_modified_time":"2025-03-13T09:52:31+00:00","og_image":[{"width":600,"height":600,"url":"https:\/\/curiosidadesedicas.com\/loja\/wp-content\/uploads\/2022\/03\/lampada-anti-mosquitos-por-succao-kl-drain-innovagoods_317234.jpg","type":"image\/jpeg"}],"twitter_card":"summary_large_image","twitter_misc":{"Tempo estimado de leitura":"1 minuto"},"schema":{"@context":"https:\/\/schema.org","@graph":[{"@type":"WebPage","@id":"https:\/\/curiosidadesedicas.com\/loja\/produto\/lampada-anti-mosquitos-por-succao-kl-drain\/","url":"https:\/\/curiosidadesedicas.com\/loja\/produto\/lampada-anti-mosquitos-por-succao-kl-drain\/","name":"L\u00c2MPADA ANTI-MOSQUITOS POR SUC\u00c7\u00c3O KL DRAIN - Curiosidades &amp; Dicas, Lda","isPartOf":{"@id":"https:\/\/curiosidadesedicas.com\/loja\/#website"},"primaryImageOfPage":{"@id":"https:\/\/curiosidadesedicas.com\/loja\/produto\/lampada-anti-mosquitos-por-succao-kl-drain\/#primaryimage"},"image":{"@id":"https:\/\/curiosidadesedicas.com\/loja\/produto\/lampada-anti-mosquitos-por-succao-kl-drain\/#primaryimage"},"thumbnailUrl":"https:\/\/curiosidadesedicas.com\/loja\/wp-content\/uploads\/2022\/03\/lampada-anti-mosquitos-por-succao-kl-drain-innovagoods_317234.jpg","datePublished":"2022-03-16T14:53:16+00:00","dateModified":"2025-03-13T09:52:31+00:00","breadcrumb":{"@id":"https:\/\/curiosidadesedicas.com\/loja\/produto\/lampada-anti-mosquitos-por-succao-kl-drain\/#breadcrumb"},"inLanguage":"pt-PT","potentialAction":[{"@type":"ReadAction","target":["https:\/\/curiosidadesedicas.com\/loja\/produto\/lampada-anti-mosquitos-por-succao-kl-drain\/"]}]},{"@type":"ImageObject","inLanguage":"pt-PT","@id":"https:\/\/curiosidadesedicas.com\/loja\/produto\/lampada-anti-mosquitos-por-succao-kl-drain\/#primaryimage","url":"https:\/\/curiosidadesedicas.com\/loja\/wp-content\/uploads\/2022\/03\/lampada-anti-mosquitos-por-succao-kl-drain-innovagoods_317234.jpg","contentUrl":"https:\/\/curiosidadesedicas.com\/loja\/wp-content\/uploads\/2022\/03\/lampada-anti-mosquitos-por-succao-kl-drain-innovagoods_317234.jpg","width":600,"height":600},{"@type":"BreadcrumbList","@id":"https:\/\/curiosidadesedicas.com\/loja\/produto\/lampada-anti-mosquitos-por-succao-kl-drain\/#breadcrumb","itemListElement":[{"@type":"ListItem","position":1,"name":"In\u00edcio","item":"https:\/\/curiosidadesedicas.com\/loja\/"},{"@type":"ListItem","position":2,"name":"Produtos","item":"https:\/\/curiosidadesedicas.com\/loja\/produtos\/"},{"@type":"ListItem","position":3,"name":"L\u00c2MPADA ANTI-MOSQUITOS POR SUC\u00c7\u00c3O KL DRAIN"}]},{"@type":"WebSite","@id":"https:\/\/curiosidadesedicas.com\/loja\/#website","url":"https:\/\/curiosidadesedicas.com\/loja\/","name":"Curiosidades &amp; Dicas, Lda","description":"Apaixonados Por Inova\u00e7\u00e3o","publisher":{"@id":"https:\/\/curiosidadesedicas.com\/loja\/#organization"},"potentialAction":[{"@type":"SearchAction","target":{"@type":"EntryPoint","urlTemplate":"https:\/\/curiosidadesedicas.com\/loja\/?s={search_term_string}"},"query-input":{"@type":"PropertyValueSpecification","valueRequired":true,"valueName":"search_term_string"}}],"inLanguage":"pt-PT"},{"@type":"Organization","@id":"https:\/\/curiosidadesedicas.com\/loja\/#organization","name":"Curiosidades & Dicas","url":"https:\/\/curiosidadesedicas.com\/loja\/","logo":{"@type":"ImageObject","inLanguage":"pt-PT","@id":"https:\/\/curiosidadesedicas.com\/loja\/#\/schema\/logo\/image\/","url":"https:\/\/curiosidadesedicas.com\/loja\/wp-content\/uploads\/2020\/05\/LogoCuriosidadesSimples.png","contentUrl":"https:\/\/curiosidadesedicas.com\/loja\/wp-content\/uploads\/2020\/05\/LogoCuriosidadesSimples.png","width":3528,"height":804,"caption":"Curiosidades & Dicas"},"image":{"@id":"https:\/\/curiosidadesedicas.com\/loja\/#\/schema\/logo\/image\/"}}]}},"_links":{"self":[{"href":"https:\/\/curiosidadesedicas.com\/loja\/wp-json\/wp\/v2\/product\/25106","targetHints":{"allow":["GET"]}}],"collection":[{"href":"https:\/\/curiosidadesedicas.com\/loja\/wp-json\/wp\/v2\/product"}],"about":[{"href":"https:\/\/curiosidadesedicas.com\/loja\/wp-json\/wp\/v2\/types\/product"}],"replies":[{"embeddable":true,"href":"https:\/\/curiosidadesedicas.com\/loja\/wp-json\/wp\/v2\/comments?post=25106"}],"wp:featuredmedia":[{"embeddable":true,"href":"https:\/\/curiosidadesedicas.com\/loja\/wp-json\/wp\/v2\/media\/25117"}],"wp:attachment":[{"href":"https:\/\/curiosidadesedicas.com\/loja\/wp-json\/wp\/v2\/media?parent=25106"}],"wp:term":[{"taxonomy":"product_brand","embeddable":true,"href":"https:\/\/curiosidadesedicas.com\/loja\/wp-json\/wp\/v2\/product_brand?post=25106"},{"taxonomy":"product_cat","embeddable":true,"href":"https:\/\/curiosidadesedicas.com\/loja\/wp-json\/wp\/v2\/product_cat?post=25106"},{"taxonomy":"product_tag","embeddable":true,"href":"https:\/\/curiosidadesedicas.com\/loja\/wp-json\/wp\/v2\/product_tag?post=25106"}],"curies":[{"name":"wp","href":"https:\/\/api.w.org\/{rel}","templated":true}]}}