{"id":24985,"date":"2022-03-09T10:47:29","date_gmt":"2022-03-09T10:47:29","guid":{"rendered":"https:\/\/curiosidadesedicas.com\/loja\/?post_type=product&#038;p=24985"},"modified":"2025-05-30T14:18:22","modified_gmt":"2025-05-30T14:18:22","slug":"mini-picadora-manual-400ml","status":"publish","type":"product","link":"https:\/\/curiosidadesedicas.com\/loja\/produto\/mini-picadora-manual-400ml\/","title":{"rendered":"MINI PICADORA MANUAL 400ML"},"content":{"rendered":"<p>Uma original e pr\u00e1tica picadora, muito f\u00e1cil de utilizar, que permite picar os alimentos atrav\u00e9s de um mecanismo simples com fio. Basta segurar a picadora com uma m\u00e3o e com a outra puxar o fio na tampa v\u00e1rias vezes at\u00e9 alcan\u00e7ar o grau de picado desejado; o resultado obtido (peda\u00e7os maiores ou mais pequenos) depende da quantidade de impulsos dados. As afiadas l\u00e2minas curvadas picam eficazmente uma diversidade de alimentos. Tamb\u00e9m conta com um acess\u00f3rio picador para emulsionar molhos, misturar ingredientes, bater ovos, etc. Al\u00e9m disso, inclui uma tampa extra para fechar o recipiente e guardar os alimentos picados. O design compacto ocupa um espa\u00e7o m\u00ednimo e permite desmontar e limpar com facilidade.<\/p>\n<p><img decoding=\"async\" src=\"https:\/\/curiosidadesedicas.com\/loja\/wp-content\/uploads\/2022\/03\/mini-picadora-manual-com-fio-spinop-innovagoods_135350-5.jpg\" \/><\/p>\n","protected":false},"excerpt":{"rendered":"<p>Uma original e pr\u00e1tica picadora, muito f\u00e1cil de utilizar, que permite picar os alimentos atrav\u00e9s de um mecanismo simples com fio. Basta segurar a picadora com uma m\u00e3o e com a outra puxar o fio na tampa v\u00e1rias vezes at\u00e9 alcan\u00e7ar o grau de picado desejado; o resultado obtido (peda\u00e7os maiores ou mais pequenos) depende da quantidade de impulsos dados. As afiadas l\u00e2minas curvadas picam eficazmente uma diversidade de alimentos. Tamb\u00e9m conta com um acess\u00f3rio picador para emulsionar molhos, misturar ingredientes, bater ovos, etc. Al\u00e9m disso, inclui uma tampa extra para fechar o recipiente e guardar os alimentos picados. O design compacto ocupa um espa\u00e7o m\u00ednimo e permite desmontar e limpar com facilidade.<\/p>\n<ul>\n<li>Material:\n<ul>\n<li>ABS<\/li>\n<li>PP<\/li>\n<li>PS<\/li>\n<li>A\u00e7o inoxid\u00e1vel<\/li>\n<\/ul>\n<\/li>\n<li>Livre de BPA<\/li>\n<li>Design inovador e funcional<\/li>\n<li>Capacidade: 400 ml<\/li>\n<li>Tamanho Reduzido Compacto<\/li>\n<li>Picadora acionada com mecanismo manual de fio:\n<ul>\n<li>1-5 impulsos: picado grosso<\/li>\n<li>6-10 impulsos: picado m\u00e9dio<\/li>\n<li>11-20 impulsos: picado fino<\/li>\n<li>20 ou mais impulsos: picado muito fino ou pur\u00e9<\/li>\n<\/ul>\n<\/li>\n<li>Picado r\u00e1pido em segundos gra\u00e7as \u00e0s l\u00e2minas curvadas<\/li>\n<li>Acess\u00f3rio misturador para bater ou emulsionar<\/li>\n<li>Tampa extra para o recipiente<\/li>\n<li>Utiliza\u00e7\u00e3o c\u00f3moda, simples e segura<\/li>\n<li>Ocupa pouco espa\u00e7o<\/li>\n<li>F\u00e1cil de transportar e de guardar<\/li>\n<li>F\u00e1cil de desmontar e limpar<\/li>\n<li>Medidas aprox.: 12,5 x 9,5 x 12,5 cm<\/li>\n<li>Inclui:\n<ul>\n<li>tampa com fio e puxador<\/li>\n<li>recipiente<\/li>\n<li>tampa extra<\/li>\n<li>l\u00e2mina picadora<\/li>\n<li>acess\u00f3rio misturador<\/li>\n<\/ul>\n<\/li>\n<\/ul>\n<p>https:\/\/youtu.be\/zuoxubJAqss?list=PLOzL7coFjl9gLbgZxpoZ6H2OSFETjKRMz<\/p>\n","protected":false},"featured_media":24992,"comment_status":"open","ping_status":"closed","template":"","meta":{"_glsr_average":0,"_glsr_ranking":0,"_glsr_reviews":0},"product_brand":[],"product_cat":[365,366],"product_tag":[],"class_list":{"0":"post-24985","1":"product","2":"type-product","3":"status-publish","4":"has-post-thumbnail","6":"product_cat-para-o-lar","7":"product_cat-cozinha","9":"first","10":"instock","11":"taxable","12":"shipping-taxable","13":"purchasable","14":"product-type-simple"},"yoast_head":"<!-- This site is optimized with the Yoast SEO plugin v26.8 - https:\/\/yoast.com\/product\/yoast-seo-wordpress\/ -->\n<title>MINI PICADORA MANUAL 400ML - Curiosidades &amp; Dicas, Lda<\/title>\n<meta name=\"robots\" content=\"index, follow, max-snippet:-1, max-image-preview:large, max-video-preview:-1\" \/>\n<link rel=\"canonical\" href=\"https:\/\/curiosidadesedicas.com\/loja\/produto\/mini-picadora-manual-400ml\/\" \/>\n<meta property=\"og:locale\" content=\"pt_PT\" \/>\n<meta property=\"og:type\" content=\"article\" \/>\n<meta property=\"og:title\" content=\"MINI PICADORA MANUAL 400ML - Curiosidades &amp; Dicas, Lda\" \/>\n<meta property=\"og:description\" content=\"Uma original e pr\u00e1tica picadora, muito f\u00e1cil de utilizar, que permite picar os alimentos atrav\u00e9s de um mecanismo simples com fio. Basta segurar a picadora com uma m\u00e3o e com a outra puxar o fio na tampa v\u00e1rias vezes at\u00e9 alcan\u00e7ar o grau de picado desejado; o resultado obtido (peda\u00e7os maiores ou mais pequenos) depende da quantidade de impulsos dados. As afiadas l\u00e2minas curvadas picam eficazmente uma diversidade de alimentos. Tamb\u00e9m conta com um acess\u00f3rio picador para emulsionar molhos, misturar ingredientes, bater ovos, etc. Al\u00e9m disso, inclui uma tampa extra para fechar o recipiente e guardar os alimentos picados. O design compacto ocupa um espa\u00e7o m\u00ednimo e permite desmontar e limpar com facilidade.   Material:   ABS  PP  PS  A\u00e7o inoxid\u00e1vel    Livre de BPA  Design inovador e funcional  Capacidade: 400 ml  Tamanho Reduzido Compacto  Picadora acionada com mecanismo manual de fio:   1-5 impulsos: picado grosso  6-10 impulsos: picado m\u00e9dio  11-20 impulsos: picado fino  20 ou mais impulsos: picado muito fino ou pur\u00e9    Picado r\u00e1pido em segundos gra\u00e7as \u00e0s l\u00e2minas curvadas  Acess\u00f3rio misturador para bater ou emulsionar  Tampa extra para o recipiente  Utiliza\u00e7\u00e3o c\u00f3moda, simples e segura  Ocupa pouco espa\u00e7o  F\u00e1cil de transportar e de guardar  F\u00e1cil de desmontar e limpar  Medidas aprox.: 12,5 x 9,5 x 12,5 cm  Inclui:   tampa com fio e puxador  recipiente  tampa extra  l\u00e2mina picadora  acess\u00f3rio misturador    https:\/\/youtu.be\/zuoxubJAqss?list=PLOzL7coFjl9gLbgZxpoZ6H2OSFETjKRMz\" \/>\n<meta property=\"og:url\" content=\"https:\/\/curiosidadesedicas.com\/loja\/produto\/mini-picadora-manual-400ml\/\" \/>\n<meta property=\"og:site_name\" content=\"Curiosidades &amp; Dicas, Lda\" \/>\n<meta property=\"article:modified_time\" content=\"2025-05-30T14:18:22+00:00\" \/>\n<meta property=\"og:image\" content=\"https:\/\/curiosidadesedicas.com\/loja\/wp-content\/uploads\/2022\/03\/mini-picadora-manual-com-fio-spinop-innovagoods_135350-7.jpg\" \/>\n\t<meta property=\"og:image:width\" content=\"600\" \/>\n\t<meta property=\"og:image:height\" content=\"600\" \/>\n\t<meta property=\"og:image:type\" content=\"image\/jpeg\" \/>\n<meta name=\"twitter:card\" content=\"summary_large_image\" \/>\n<meta name=\"twitter:label1\" content=\"Tempo estimado de leitura\" \/>\n\t<meta name=\"twitter:data1\" content=\"2 minutos\" \/>\n<script type=\"application\/ld+json\" class=\"yoast-schema-graph\">{\"@context\":\"https:\/\/schema.org\",\"@graph\":[{\"@type\":\"WebPage\",\"@id\":\"https:\/\/curiosidadesedicas.com\/loja\/produto\/mini-picadora-manual-400ml\/\",\"url\":\"https:\/\/curiosidadesedicas.com\/loja\/produto\/mini-picadora-manual-400ml\/\",\"name\":\"MINI PICADORA MANUAL 400ML - Curiosidades &amp; Dicas, Lda\",\"isPartOf\":{\"@id\":\"https:\/\/curiosidadesedicas.com\/loja\/#website\"},\"primaryImageOfPage\":{\"@id\":\"https:\/\/curiosidadesedicas.com\/loja\/produto\/mini-picadora-manual-400ml\/#primaryimage\"},\"image\":{\"@id\":\"https:\/\/curiosidadesedicas.com\/loja\/produto\/mini-picadora-manual-400ml\/#primaryimage\"},\"thumbnailUrl\":\"https:\/\/curiosidadesedicas.com\/loja\/wp-content\/uploads\/2022\/03\/mini-picadora-manual-com-fio-spinop-innovagoods_135350-7.jpg\",\"datePublished\":\"2022-03-09T10:47:29+00:00\",\"dateModified\":\"2025-05-30T14:18:22+00:00\",\"breadcrumb\":{\"@id\":\"https:\/\/curiosidadesedicas.com\/loja\/produto\/mini-picadora-manual-400ml\/#breadcrumb\"},\"inLanguage\":\"pt-PT\",\"potentialAction\":[{\"@type\":\"ReadAction\",\"target\":[\"https:\/\/curiosidadesedicas.com\/loja\/produto\/mini-picadora-manual-400ml\/\"]}]},{\"@type\":\"ImageObject\",\"inLanguage\":\"pt-PT\",\"@id\":\"https:\/\/curiosidadesedicas.com\/loja\/produto\/mini-picadora-manual-400ml\/#primaryimage\",\"url\":\"https:\/\/curiosidadesedicas.com\/loja\/wp-content\/uploads\/2022\/03\/mini-picadora-manual-com-fio-spinop-innovagoods_135350-7.jpg\",\"contentUrl\":\"https:\/\/curiosidadesedicas.com\/loja\/wp-content\/uploads\/2022\/03\/mini-picadora-manual-com-fio-spinop-innovagoods_135350-7.jpg\",\"width\":600,\"height\":600},{\"@type\":\"BreadcrumbList\",\"@id\":\"https:\/\/curiosidadesedicas.com\/loja\/produto\/mini-picadora-manual-400ml\/#breadcrumb\",\"itemListElement\":[{\"@type\":\"ListItem\",\"position\":1,\"name\":\"In\u00edcio\",\"item\":\"https:\/\/curiosidadesedicas.com\/loja\/\"},{\"@type\":\"ListItem\",\"position\":2,\"name\":\"Produtos\",\"item\":\"https:\/\/curiosidadesedicas.com\/loja\/produtos\/\"},{\"@type\":\"ListItem\",\"position\":3,\"name\":\"MINI PICADORA MANUAL 400ML\"}]},{\"@type\":\"WebSite\",\"@id\":\"https:\/\/curiosidadesedicas.com\/loja\/#website\",\"url\":\"https:\/\/curiosidadesedicas.com\/loja\/\",\"name\":\"Curiosidades &amp; Dicas, Lda\",\"description\":\"Apaixonados Por Inova\u00e7\u00e3o\",\"publisher\":{\"@id\":\"https:\/\/curiosidadesedicas.com\/loja\/#organization\"},\"potentialAction\":[{\"@type\":\"SearchAction\",\"target\":{\"@type\":\"EntryPoint\",\"urlTemplate\":\"https:\/\/curiosidadesedicas.com\/loja\/?s={search_term_string}\"},\"query-input\":{\"@type\":\"PropertyValueSpecification\",\"valueRequired\":true,\"valueName\":\"search_term_string\"}}],\"inLanguage\":\"pt-PT\"},{\"@type\":\"Organization\",\"@id\":\"https:\/\/curiosidadesedicas.com\/loja\/#organization\",\"name\":\"Curiosidades & Dicas\",\"url\":\"https:\/\/curiosidadesedicas.com\/loja\/\",\"logo\":{\"@type\":\"ImageObject\",\"inLanguage\":\"pt-PT\",\"@id\":\"https:\/\/curiosidadesedicas.com\/loja\/#\/schema\/logo\/image\/\",\"url\":\"https:\/\/curiosidadesedicas.com\/loja\/wp-content\/uploads\/2020\/05\/LogoCuriosidadesSimples.png\",\"contentUrl\":\"https:\/\/curiosidadesedicas.com\/loja\/wp-content\/uploads\/2020\/05\/LogoCuriosidadesSimples.png\",\"width\":3528,\"height\":804,\"caption\":\"Curiosidades & Dicas\"},\"image\":{\"@id\":\"https:\/\/curiosidadesedicas.com\/loja\/#\/schema\/logo\/image\/\"}}]}<\/script>\n<!-- \/ Yoast SEO plugin. -->","yoast_head_json":{"title":"MINI PICADORA MANUAL 400ML - Curiosidades &amp; Dicas, Lda","robots":{"index":"index","follow":"follow","max-snippet":"max-snippet:-1","max-image-preview":"max-image-preview:large","max-video-preview":"max-video-preview:-1"},"canonical":"https:\/\/curiosidadesedicas.com\/loja\/produto\/mini-picadora-manual-400ml\/","og_locale":"pt_PT","og_type":"article","og_title":"MINI PICADORA MANUAL 400ML - Curiosidades &amp; Dicas, Lda","og_description":"Uma original e pr\u00e1tica picadora, muito f\u00e1cil de utilizar, que permite picar os alimentos atrav\u00e9s de um mecanismo simples com fio. Basta segurar a picadora com uma m\u00e3o e com a outra puxar o fio na tampa v\u00e1rias vezes at\u00e9 alcan\u00e7ar o grau de picado desejado; o resultado obtido (peda\u00e7os maiores ou mais pequenos) depende da quantidade de impulsos dados. As afiadas l\u00e2minas curvadas picam eficazmente uma diversidade de alimentos. Tamb\u00e9m conta com um acess\u00f3rio picador para emulsionar molhos, misturar ingredientes, bater ovos, etc. Al\u00e9m disso, inclui uma tampa extra para fechar o recipiente e guardar os alimentos picados. O design compacto ocupa um espa\u00e7o m\u00ednimo e permite desmontar e limpar com facilidade.   Material:   ABS  PP  PS  A\u00e7o inoxid\u00e1vel    Livre de BPA  Design inovador e funcional  Capacidade: 400 ml  Tamanho Reduzido Compacto  Picadora acionada com mecanismo manual de fio:   1-5 impulsos: picado grosso  6-10 impulsos: picado m\u00e9dio  11-20 impulsos: picado fino  20 ou mais impulsos: picado muito fino ou pur\u00e9    Picado r\u00e1pido em segundos gra\u00e7as \u00e0s l\u00e2minas curvadas  Acess\u00f3rio misturador para bater ou emulsionar  Tampa extra para o recipiente  Utiliza\u00e7\u00e3o c\u00f3moda, simples e segura  Ocupa pouco espa\u00e7o  F\u00e1cil de transportar e de guardar  F\u00e1cil de desmontar e limpar  Medidas aprox.: 12,5 x 9,5 x 12,5 cm  Inclui:   tampa com fio e puxador  recipiente  tampa extra  l\u00e2mina picadora  acess\u00f3rio misturador    https:\/\/youtu.be\/zuoxubJAqss?list=PLOzL7coFjl9gLbgZxpoZ6H2OSFETjKRMz","og_url":"https:\/\/curiosidadesedicas.com\/loja\/produto\/mini-picadora-manual-400ml\/","og_site_name":"Curiosidades &amp; Dicas, Lda","article_modified_time":"2025-05-30T14:18:22+00:00","og_image":[{"width":600,"height":600,"url":"https:\/\/curiosidadesedicas.com\/loja\/wp-content\/uploads\/2022\/03\/mini-picadora-manual-com-fio-spinop-innovagoods_135350-7.jpg","type":"image\/jpeg"}],"twitter_card":"summary_large_image","twitter_misc":{"Tempo estimado de leitura":"2 minutos"},"schema":{"@context":"https:\/\/schema.org","@graph":[{"@type":"WebPage","@id":"https:\/\/curiosidadesedicas.com\/loja\/produto\/mini-picadora-manual-400ml\/","url":"https:\/\/curiosidadesedicas.com\/loja\/produto\/mini-picadora-manual-400ml\/","name":"MINI PICADORA MANUAL 400ML - Curiosidades &amp; Dicas, Lda","isPartOf":{"@id":"https:\/\/curiosidadesedicas.com\/loja\/#website"},"primaryImageOfPage":{"@id":"https:\/\/curiosidadesedicas.com\/loja\/produto\/mini-picadora-manual-400ml\/#primaryimage"},"image":{"@id":"https:\/\/curiosidadesedicas.com\/loja\/produto\/mini-picadora-manual-400ml\/#primaryimage"},"thumbnailUrl":"https:\/\/curiosidadesedicas.com\/loja\/wp-content\/uploads\/2022\/03\/mini-picadora-manual-com-fio-spinop-innovagoods_135350-7.jpg","datePublished":"2022-03-09T10:47:29+00:00","dateModified":"2025-05-30T14:18:22+00:00","breadcrumb":{"@id":"https:\/\/curiosidadesedicas.com\/loja\/produto\/mini-picadora-manual-400ml\/#breadcrumb"},"inLanguage":"pt-PT","potentialAction":[{"@type":"ReadAction","target":["https:\/\/curiosidadesedicas.com\/loja\/produto\/mini-picadora-manual-400ml\/"]}]},{"@type":"ImageObject","inLanguage":"pt-PT","@id":"https:\/\/curiosidadesedicas.com\/loja\/produto\/mini-picadora-manual-400ml\/#primaryimage","url":"https:\/\/curiosidadesedicas.com\/loja\/wp-content\/uploads\/2022\/03\/mini-picadora-manual-com-fio-spinop-innovagoods_135350-7.jpg","contentUrl":"https:\/\/curiosidadesedicas.com\/loja\/wp-content\/uploads\/2022\/03\/mini-picadora-manual-com-fio-spinop-innovagoods_135350-7.jpg","width":600,"height":600},{"@type":"BreadcrumbList","@id":"https:\/\/curiosidadesedicas.com\/loja\/produto\/mini-picadora-manual-400ml\/#breadcrumb","itemListElement":[{"@type":"ListItem","position":1,"name":"In\u00edcio","item":"https:\/\/curiosidadesedicas.com\/loja\/"},{"@type":"ListItem","position":2,"name":"Produtos","item":"https:\/\/curiosidadesedicas.com\/loja\/produtos\/"},{"@type":"ListItem","position":3,"name":"MINI PICADORA MANUAL 400ML"}]},{"@type":"WebSite","@id":"https:\/\/curiosidadesedicas.com\/loja\/#website","url":"https:\/\/curiosidadesedicas.com\/loja\/","name":"Curiosidades &amp; Dicas, Lda","description":"Apaixonados Por Inova\u00e7\u00e3o","publisher":{"@id":"https:\/\/curiosidadesedicas.com\/loja\/#organization"},"potentialAction":[{"@type":"SearchAction","target":{"@type":"EntryPoint","urlTemplate":"https:\/\/curiosidadesedicas.com\/loja\/?s={search_term_string}"},"query-input":{"@type":"PropertyValueSpecification","valueRequired":true,"valueName":"search_term_string"}}],"inLanguage":"pt-PT"},{"@type":"Organization","@id":"https:\/\/curiosidadesedicas.com\/loja\/#organization","name":"Curiosidades & Dicas","url":"https:\/\/curiosidadesedicas.com\/loja\/","logo":{"@type":"ImageObject","inLanguage":"pt-PT","@id":"https:\/\/curiosidadesedicas.com\/loja\/#\/schema\/logo\/image\/","url":"https:\/\/curiosidadesedicas.com\/loja\/wp-content\/uploads\/2020\/05\/LogoCuriosidadesSimples.png","contentUrl":"https:\/\/curiosidadesedicas.com\/loja\/wp-content\/uploads\/2020\/05\/LogoCuriosidadesSimples.png","width":3528,"height":804,"caption":"Curiosidades & Dicas"},"image":{"@id":"https:\/\/curiosidadesedicas.com\/loja\/#\/schema\/logo\/image\/"}}]}},"_links":{"self":[{"href":"https:\/\/curiosidadesedicas.com\/loja\/wp-json\/wp\/v2\/product\/24985","targetHints":{"allow":["GET"]}}],"collection":[{"href":"https:\/\/curiosidadesedicas.com\/loja\/wp-json\/wp\/v2\/product"}],"about":[{"href":"https:\/\/curiosidadesedicas.com\/loja\/wp-json\/wp\/v2\/types\/product"}],"replies":[{"embeddable":true,"href":"https:\/\/curiosidadesedicas.com\/loja\/wp-json\/wp\/v2\/comments?post=24985"}],"wp:featuredmedia":[{"embeddable":true,"href":"https:\/\/curiosidadesedicas.com\/loja\/wp-json\/wp\/v2\/media\/24992"}],"wp:attachment":[{"href":"https:\/\/curiosidadesedicas.com\/loja\/wp-json\/wp\/v2\/media?parent=24985"}],"wp:term":[{"taxonomy":"product_brand","embeddable":true,"href":"https:\/\/curiosidadesedicas.com\/loja\/wp-json\/wp\/v2\/product_brand?post=24985"},{"taxonomy":"product_cat","embeddable":true,"href":"https:\/\/curiosidadesedicas.com\/loja\/wp-json\/wp\/v2\/product_cat?post=24985"},{"taxonomy":"product_tag","embeddable":true,"href":"https:\/\/curiosidadesedicas.com\/loja\/wp-json\/wp\/v2\/product_tag?post=24985"}],"curies":[{"name":"wp","href":"https:\/\/api.w.org\/{rel}","templated":true}]}}