{"id":24668,"date":"2022-02-24T16:09:44","date_gmt":"2022-02-24T16:09:44","guid":{"rendered":"https:\/\/curiosidadesedicas.com\/loja\/?post_type=product&#038;p=24668"},"modified":"2025-01-27T16:08:49","modified_gmt":"2025-01-27T16:08:49","slug":"difusor-humidificador-de-aromas-sumu-15-bambu","status":"publish","type":"product","link":"https:\/\/curiosidadesedicas.com\/loja\/produto\/difusor-humidificador-de-aromas-sumu-15-bambu\/","title":{"rendered":"DIFUSOR HUMIDIFICADOR DE AROMAS | SUMU 15 BAMBU"},"content":{"rendered":"<p class=\"small_desc\">Melhora a qualidade do ar, ajudando-o a respirar melhor, ao mesmo tempo que aromatiza o ambiente com as fragr\u00e2ncias desejadas.<\/p>\n<p><img decoding=\"async\" src=\"https:\/\/curiosidadesedicas.com\/loja\/wp-content\/uploads\/2022\/02\/difusor-3-44663-scaled.jpg\" \/><\/p>\n<p>&nbsp;<\/p>\n","protected":false},"excerpt":{"rendered":"<p>Difusor de aroma ultrass\u00f3nico. Perfuma a divis\u00e3o de uma forma elegante, suave e eficaz enquanto a define com a luz LED.<\/p>\n<ul>\n<li>Corpo principal feito de madeira de bambu real.<\/li>\n<li>Opera\u00e7\u00e3o muito simples, basta adicionar algumas gotas de aroma no dep\u00f3sito de \u00e1gua.<\/li>\n<li>Temporizador: Cont\u00ednuo, Intervalos 10 segundos, 60 e 120 minutos.<\/li>\n<li>Luz LED ambiente com v\u00e1rias cores diferentes selecion\u00e1veis.<\/li>\n<li>Fabricado em madeira de bambu e polipropileno de alta qualidade.<\/li>\n<li>Consumo: 12W.<\/li>\n<li>Dep\u00f3sito: 150ml.<\/li>\n<li>Peso: 0.5 Kg<\/li>\n<li>Medidas (Largura x Profundidade x Altura): 10 x 10 x 15cm<\/li>\n<\/ul>\n<p><strong>Nota<\/strong>: Ess\u00eancias n\u00e3o inclu\u00eddos no produto, que poder\u00e1 encontrar <a href=\"https:\/\/curiosidadesedicas.com\/loja\/produto\/essencia-aromatizadora\/\" target=\"_blank\" rel=\"noopener\"><strong>aqui<\/strong><\/a><\/p>\n<p>https:\/\/www.youtube.com\/watch?v=zAzDWb0lhPM&amp;t=36s<\/p>\n","protected":false},"featured_media":24672,"comment_status":"open","ping_status":"closed","template":"","meta":{"_glsr_average":0,"_glsr_ranking":0,"_glsr_reviews":0},"product_brand":[],"product_cat":[381,382],"product_tag":[],"class_list":{"0":"post-24668","1":"product","2":"type-product","3":"status-publish","4":"has-post-thumbnail","6":"product_cat-ambientadores","7":"product_cat-humidificadores","9":"first","10":"instock","11":"taxable","12":"shipping-taxable","13":"purchasable","14":"product-type-simple"},"yoast_head":"<!-- This site is optimized with the Yoast SEO plugin v26.8 - https:\/\/yoast.com\/product\/yoast-seo-wordpress\/ -->\n<title>DIFUSOR HUMIDIFICADOR DE AROMAS | SUMU 15 BAMBU - Curiosidades &amp; Dicas, Lda<\/title>\n<meta name=\"robots\" content=\"index, follow, max-snippet:-1, max-image-preview:large, max-video-preview:-1\" \/>\n<link rel=\"canonical\" href=\"https:\/\/curiosidadesedicas.com\/loja\/produto\/difusor-humidificador-de-aromas-sumu-15-bambu\/\" \/>\n<meta property=\"og:locale\" content=\"pt_PT\" \/>\n<meta property=\"og:type\" content=\"article\" \/>\n<meta property=\"og:title\" content=\"DIFUSOR HUMIDIFICADOR DE AROMAS | SUMU 15 BAMBU - Curiosidades &amp; Dicas, Lda\" \/>\n<meta property=\"og:description\" content=\"Difusor de aroma ultrass\u00f3nico. Perfuma a divis\u00e3o de uma forma elegante, suave e eficaz enquanto a define com a luz LED.   Corpo principal feito de madeira de bambu real.  Opera\u00e7\u00e3o muito simples, basta adicionar algumas gotas de aroma no dep\u00f3sito de \u00e1gua.  Temporizador: Cont\u00ednuo, Intervalos 10 segundos, 60 e 120 minutos.  Luz LED ambiente com v\u00e1rias cores diferentes selecion\u00e1veis.  Fabricado em madeira de bambu e polipropileno de alta qualidade.  Consumo: 12W.  Dep\u00f3sito: 150ml.  Peso: 0.5 Kg  Medidas (Largura x Profundidade x Altura): 10 x 10 x 15cm  Nota: Ess\u00eancias n\u00e3o inclu\u00eddos no produto, que poder\u00e1 encontrar aqui  https:\/\/www.youtube.com\/watch?v=zAzDWb0lhPM&amp;t=36s\" \/>\n<meta property=\"og:url\" content=\"https:\/\/curiosidadesedicas.com\/loja\/produto\/difusor-humidificador-de-aromas-sumu-15-bambu\/\" \/>\n<meta property=\"og:site_name\" content=\"Curiosidades &amp; Dicas, Lda\" \/>\n<meta property=\"article:modified_time\" content=\"2025-01-27T16:08:49+00:00\" \/>\n<meta property=\"og:image\" content=\"https:\/\/curiosidadesedicas.com\/loja\/wp-content\/uploads\/2022\/02\/difusor-purline-44663-scaled.jpg\" \/>\n\t<meta property=\"og:image:width\" content=\"2560\" \/>\n\t<meta property=\"og:image:height\" content=\"1925\" \/>\n\t<meta property=\"og:image:type\" content=\"image\/jpeg\" \/>\n<meta name=\"twitter:card\" content=\"summary_large_image\" \/>\n<meta name=\"twitter:label1\" content=\"Tempo estimado de leitura\" \/>\n\t<meta name=\"twitter:data1\" content=\"1 minuto\" \/>\n<script type=\"application\/ld+json\" class=\"yoast-schema-graph\">{\"@context\":\"https:\/\/schema.org\",\"@graph\":[{\"@type\":\"WebPage\",\"@id\":\"https:\/\/curiosidadesedicas.com\/loja\/produto\/difusor-humidificador-de-aromas-sumu-15-bambu\/\",\"url\":\"https:\/\/curiosidadesedicas.com\/loja\/produto\/difusor-humidificador-de-aromas-sumu-15-bambu\/\",\"name\":\"DIFUSOR HUMIDIFICADOR DE AROMAS | SUMU 15 BAMBU - Curiosidades &amp; Dicas, Lda\",\"isPartOf\":{\"@id\":\"https:\/\/curiosidadesedicas.com\/loja\/#website\"},\"primaryImageOfPage\":{\"@id\":\"https:\/\/curiosidadesedicas.com\/loja\/produto\/difusor-humidificador-de-aromas-sumu-15-bambu\/#primaryimage\"},\"image\":{\"@id\":\"https:\/\/curiosidadesedicas.com\/loja\/produto\/difusor-humidificador-de-aromas-sumu-15-bambu\/#primaryimage\"},\"thumbnailUrl\":\"https:\/\/curiosidadesedicas.com\/loja\/wp-content\/uploads\/2022\/02\/difusor-purline-44663-scaled.jpg\",\"datePublished\":\"2022-02-24T16:09:44+00:00\",\"dateModified\":\"2025-01-27T16:08:49+00:00\",\"breadcrumb\":{\"@id\":\"https:\/\/curiosidadesedicas.com\/loja\/produto\/difusor-humidificador-de-aromas-sumu-15-bambu\/#breadcrumb\"},\"inLanguage\":\"pt-PT\",\"potentialAction\":[{\"@type\":\"ReadAction\",\"target\":[\"https:\/\/curiosidadesedicas.com\/loja\/produto\/difusor-humidificador-de-aromas-sumu-15-bambu\/\"]}]},{\"@type\":\"ImageObject\",\"inLanguage\":\"pt-PT\",\"@id\":\"https:\/\/curiosidadesedicas.com\/loja\/produto\/difusor-humidificador-de-aromas-sumu-15-bambu\/#primaryimage\",\"url\":\"https:\/\/curiosidadesedicas.com\/loja\/wp-content\/uploads\/2022\/02\/difusor-purline-44663-scaled.jpg\",\"contentUrl\":\"https:\/\/curiosidadesedicas.com\/loja\/wp-content\/uploads\/2022\/02\/difusor-purline-44663-scaled.jpg\",\"width\":2560,\"height\":1925},{\"@type\":\"BreadcrumbList\",\"@id\":\"https:\/\/curiosidadesedicas.com\/loja\/produto\/difusor-humidificador-de-aromas-sumu-15-bambu\/#breadcrumb\",\"itemListElement\":[{\"@type\":\"ListItem\",\"position\":1,\"name\":\"In\u00edcio\",\"item\":\"https:\/\/curiosidadesedicas.com\/loja\/\"},{\"@type\":\"ListItem\",\"position\":2,\"name\":\"Produtos\",\"item\":\"https:\/\/curiosidadesedicas.com\/loja\/produtos\/\"},{\"@type\":\"ListItem\",\"position\":3,\"name\":\"DIFUSOR HUMIDIFICADOR DE AROMAS | SUMU 15 BAMBU\"}]},{\"@type\":\"WebSite\",\"@id\":\"https:\/\/curiosidadesedicas.com\/loja\/#website\",\"url\":\"https:\/\/curiosidadesedicas.com\/loja\/\",\"name\":\"Curiosidades &amp; Dicas, Lda\",\"description\":\"Apaixonados Por Inova\u00e7\u00e3o\",\"publisher\":{\"@id\":\"https:\/\/curiosidadesedicas.com\/loja\/#organization\"},\"potentialAction\":[{\"@type\":\"SearchAction\",\"target\":{\"@type\":\"EntryPoint\",\"urlTemplate\":\"https:\/\/curiosidadesedicas.com\/loja\/?s={search_term_string}\"},\"query-input\":{\"@type\":\"PropertyValueSpecification\",\"valueRequired\":true,\"valueName\":\"search_term_string\"}}],\"inLanguage\":\"pt-PT\"},{\"@type\":\"Organization\",\"@id\":\"https:\/\/curiosidadesedicas.com\/loja\/#organization\",\"name\":\"Curiosidades & Dicas\",\"url\":\"https:\/\/curiosidadesedicas.com\/loja\/\",\"logo\":{\"@type\":\"ImageObject\",\"inLanguage\":\"pt-PT\",\"@id\":\"https:\/\/curiosidadesedicas.com\/loja\/#\/schema\/logo\/image\/\",\"url\":\"https:\/\/curiosidadesedicas.com\/loja\/wp-content\/uploads\/2020\/05\/LogoCuriosidadesSimples.png\",\"contentUrl\":\"https:\/\/curiosidadesedicas.com\/loja\/wp-content\/uploads\/2020\/05\/LogoCuriosidadesSimples.png\",\"width\":3528,\"height\":804,\"caption\":\"Curiosidades & Dicas\"},\"image\":{\"@id\":\"https:\/\/curiosidadesedicas.com\/loja\/#\/schema\/logo\/image\/\"}}]}<\/script>\n<!-- \/ Yoast SEO plugin. -->","yoast_head_json":{"title":"DIFUSOR HUMIDIFICADOR DE AROMAS | SUMU 15 BAMBU - Curiosidades &amp; Dicas, Lda","robots":{"index":"index","follow":"follow","max-snippet":"max-snippet:-1","max-image-preview":"max-image-preview:large","max-video-preview":"max-video-preview:-1"},"canonical":"https:\/\/curiosidadesedicas.com\/loja\/produto\/difusor-humidificador-de-aromas-sumu-15-bambu\/","og_locale":"pt_PT","og_type":"article","og_title":"DIFUSOR HUMIDIFICADOR DE AROMAS | SUMU 15 BAMBU - Curiosidades &amp; Dicas, Lda","og_description":"Difusor de aroma ultrass\u00f3nico. Perfuma a divis\u00e3o de uma forma elegante, suave e eficaz enquanto a define com a luz LED.   Corpo principal feito de madeira de bambu real.  Opera\u00e7\u00e3o muito simples, basta adicionar algumas gotas de aroma no dep\u00f3sito de \u00e1gua.  Temporizador: Cont\u00ednuo, Intervalos 10 segundos, 60 e 120 minutos.  Luz LED ambiente com v\u00e1rias cores diferentes selecion\u00e1veis.  Fabricado em madeira de bambu e polipropileno de alta qualidade.  Consumo: 12W.  Dep\u00f3sito: 150ml.  Peso: 0.5 Kg  Medidas (Largura x Profundidade x Altura): 10 x 10 x 15cm  Nota: Ess\u00eancias n\u00e3o inclu\u00eddos no produto, que poder\u00e1 encontrar aqui  https:\/\/www.youtube.com\/watch?v=zAzDWb0lhPM&amp;t=36s","og_url":"https:\/\/curiosidadesedicas.com\/loja\/produto\/difusor-humidificador-de-aromas-sumu-15-bambu\/","og_site_name":"Curiosidades &amp; Dicas, Lda","article_modified_time":"2025-01-27T16:08:49+00:00","og_image":[{"width":2560,"height":1925,"url":"https:\/\/curiosidadesedicas.com\/loja\/wp-content\/uploads\/2022\/02\/difusor-purline-44663-scaled.jpg","type":"image\/jpeg"}],"twitter_card":"summary_large_image","twitter_misc":{"Tempo estimado de leitura":"1 minuto"},"schema":{"@context":"https:\/\/schema.org","@graph":[{"@type":"WebPage","@id":"https:\/\/curiosidadesedicas.com\/loja\/produto\/difusor-humidificador-de-aromas-sumu-15-bambu\/","url":"https:\/\/curiosidadesedicas.com\/loja\/produto\/difusor-humidificador-de-aromas-sumu-15-bambu\/","name":"DIFUSOR HUMIDIFICADOR DE AROMAS | SUMU 15 BAMBU - Curiosidades &amp; Dicas, Lda","isPartOf":{"@id":"https:\/\/curiosidadesedicas.com\/loja\/#website"},"primaryImageOfPage":{"@id":"https:\/\/curiosidadesedicas.com\/loja\/produto\/difusor-humidificador-de-aromas-sumu-15-bambu\/#primaryimage"},"image":{"@id":"https:\/\/curiosidadesedicas.com\/loja\/produto\/difusor-humidificador-de-aromas-sumu-15-bambu\/#primaryimage"},"thumbnailUrl":"https:\/\/curiosidadesedicas.com\/loja\/wp-content\/uploads\/2022\/02\/difusor-purline-44663-scaled.jpg","datePublished":"2022-02-24T16:09:44+00:00","dateModified":"2025-01-27T16:08:49+00:00","breadcrumb":{"@id":"https:\/\/curiosidadesedicas.com\/loja\/produto\/difusor-humidificador-de-aromas-sumu-15-bambu\/#breadcrumb"},"inLanguage":"pt-PT","potentialAction":[{"@type":"ReadAction","target":["https:\/\/curiosidadesedicas.com\/loja\/produto\/difusor-humidificador-de-aromas-sumu-15-bambu\/"]}]},{"@type":"ImageObject","inLanguage":"pt-PT","@id":"https:\/\/curiosidadesedicas.com\/loja\/produto\/difusor-humidificador-de-aromas-sumu-15-bambu\/#primaryimage","url":"https:\/\/curiosidadesedicas.com\/loja\/wp-content\/uploads\/2022\/02\/difusor-purline-44663-scaled.jpg","contentUrl":"https:\/\/curiosidadesedicas.com\/loja\/wp-content\/uploads\/2022\/02\/difusor-purline-44663-scaled.jpg","width":2560,"height":1925},{"@type":"BreadcrumbList","@id":"https:\/\/curiosidadesedicas.com\/loja\/produto\/difusor-humidificador-de-aromas-sumu-15-bambu\/#breadcrumb","itemListElement":[{"@type":"ListItem","position":1,"name":"In\u00edcio","item":"https:\/\/curiosidadesedicas.com\/loja\/"},{"@type":"ListItem","position":2,"name":"Produtos","item":"https:\/\/curiosidadesedicas.com\/loja\/produtos\/"},{"@type":"ListItem","position":3,"name":"DIFUSOR HUMIDIFICADOR DE AROMAS | SUMU 15 BAMBU"}]},{"@type":"WebSite","@id":"https:\/\/curiosidadesedicas.com\/loja\/#website","url":"https:\/\/curiosidadesedicas.com\/loja\/","name":"Curiosidades &amp; Dicas, Lda","description":"Apaixonados Por Inova\u00e7\u00e3o","publisher":{"@id":"https:\/\/curiosidadesedicas.com\/loja\/#organization"},"potentialAction":[{"@type":"SearchAction","target":{"@type":"EntryPoint","urlTemplate":"https:\/\/curiosidadesedicas.com\/loja\/?s={search_term_string}"},"query-input":{"@type":"PropertyValueSpecification","valueRequired":true,"valueName":"search_term_string"}}],"inLanguage":"pt-PT"},{"@type":"Organization","@id":"https:\/\/curiosidadesedicas.com\/loja\/#organization","name":"Curiosidades & Dicas","url":"https:\/\/curiosidadesedicas.com\/loja\/","logo":{"@type":"ImageObject","inLanguage":"pt-PT","@id":"https:\/\/curiosidadesedicas.com\/loja\/#\/schema\/logo\/image\/","url":"https:\/\/curiosidadesedicas.com\/loja\/wp-content\/uploads\/2020\/05\/LogoCuriosidadesSimples.png","contentUrl":"https:\/\/curiosidadesedicas.com\/loja\/wp-content\/uploads\/2020\/05\/LogoCuriosidadesSimples.png","width":3528,"height":804,"caption":"Curiosidades & Dicas"},"image":{"@id":"https:\/\/curiosidadesedicas.com\/loja\/#\/schema\/logo\/image\/"}}]}},"_links":{"self":[{"href":"https:\/\/curiosidadesedicas.com\/loja\/wp-json\/wp\/v2\/product\/24668","targetHints":{"allow":["GET"]}}],"collection":[{"href":"https:\/\/curiosidadesedicas.com\/loja\/wp-json\/wp\/v2\/product"}],"about":[{"href":"https:\/\/curiosidadesedicas.com\/loja\/wp-json\/wp\/v2\/types\/product"}],"replies":[{"embeddable":true,"href":"https:\/\/curiosidadesedicas.com\/loja\/wp-json\/wp\/v2\/comments?post=24668"}],"wp:featuredmedia":[{"embeddable":true,"href":"https:\/\/curiosidadesedicas.com\/loja\/wp-json\/wp\/v2\/media\/24672"}],"wp:attachment":[{"href":"https:\/\/curiosidadesedicas.com\/loja\/wp-json\/wp\/v2\/media?parent=24668"}],"wp:term":[{"taxonomy":"product_brand","embeddable":true,"href":"https:\/\/curiosidadesedicas.com\/loja\/wp-json\/wp\/v2\/product_brand?post=24668"},{"taxonomy":"product_cat","embeddable":true,"href":"https:\/\/curiosidadesedicas.com\/loja\/wp-json\/wp\/v2\/product_cat?post=24668"},{"taxonomy":"product_tag","embeddable":true,"href":"https:\/\/curiosidadesedicas.com\/loja\/wp-json\/wp\/v2\/product_tag?post=24668"}],"curies":[{"name":"wp","href":"https:\/\/api.w.org\/{rel}","templated":true}]}}