{"id":23526,"date":"2022-01-24T11:32:26","date_gmt":"2022-01-24T11:32:26","guid":{"rendered":"https:\/\/curiosidadesedicas.com\/loja\/?post_type=product&#038;p=23526"},"modified":"2025-03-13T10:37:58","modified_gmt":"2025-03-13T10:37:58","slug":"mesa-ajustavel-p-portatil-multiposicao","status":"publish","type":"product","link":"https:\/\/curiosidadesedicas.com\/loja\/produto\/mesa-ajustavel-p-portatil-multiposicao\/","title":{"rendered":"MESA AJUST\u00c1VEL P\/ PORT\u00c1TIL MULTIPOSI\u00c7\u00c3O"},"content":{"rendered":"<p>Uma mesa multifuncional ajust\u00e1vel, ideal para trabalhar em port\u00e1til. Tamb\u00e9m \u00e9 muito \u00fatil para comer, como suporte de m\u00fasica, etc. Gra\u00e7as \u00e0 sua grande versatilidade e design dobr\u00e1vel adapt\u00e1vel, pode ser usado em diferentes posi\u00e7\u00f5es: em uma cadeira ou no ch\u00e3o, deitado ou sentado, em p\u00e9 uma superf\u00edcie est\u00e1vel, etc.<\/p>\n<p>Possui uma bandeja separada para um rato e duas pernas articuladas em 3 pontos com rota\u00e7\u00e3o de at\u00e9 360\u00ba, o que permite o ajuste da sua altura e inclina\u00e7\u00e3o para que possa oferecer um n\u00famero infinito de possibilidades de adapta\u00e7\u00e3o total para suas necessidades a qualquer momento. A base de suporte de alum\u00ednio perfurado aumenta a ventila\u00e7\u00e3o e reduz o superaquecimento. Al\u00e9m disso, inclui um manual com posi\u00e7\u00f5es recomendadas para diferentes finalidades.<\/p>\n<p><img decoding=\"async\" src=\"https:\/\/curiosidadesedicas.com\/loja\/wp-content\/uploads\/2022\/01\/adjustable-multi-position-laptop-table-omnible-innovagoods_145756-11.jpg\" \/><\/p>\n","protected":false},"excerpt":{"rendered":"<ul>\n<li>Material: Alum\u00ednio<\/li>\n<li>Design original e port\u00e1til<\/li>\n<li>Modelo:\n<ul>\n<li>Dobr\u00e1vel<\/li>\n<li>V\u00e1rias posi\u00e7\u00f5es<\/li>\n<li>Multifuncional<\/li>\n<\/ul>\n<\/li>\n<li>Alta qualidade, resistente e dur\u00e1vel<\/li>\n<li>Adapta-se a v\u00e1rios espa\u00e7os<\/li>\n<li>Orif\u00edcios de ventila\u00e7\u00e3o<\/li>\n<li>Bandeja extra para o mouse<\/li>\n<li>2 pernas articuladas<\/li>\n<li>Altura ajust\u00e1vel<\/li>\n<li>\u00c2ngulo ajust\u00e1vel<\/li>\n<li>Rota\u00e7\u00e3o 360\u00ba<\/li>\n<li>M\u00e1x.\u00a0peso suportado: 15 kg<\/li>\n<li>Conveniente e f\u00e1cil de usar<\/li>\n<li>Leve e gerenci\u00e1vel<\/li>\n<li>Tamanho compacto reduzido<\/li>\n<li>Ocupa pouco espa\u00e7o<\/li>\n<li>F\u00e1cil de transportar e armazenar<\/li>\n<li>Aproximadamente.\u00a0dimens\u00f5es: 49 x 53 x 26 cm<\/li>\n<\/ul>\n<p>&nbsp;<\/p>\n","protected":false},"featured_media":23280,"comment_status":"open","ping_status":"closed","template":"","meta":{"_glsr_average":0,"_glsr_ranking":0,"_glsr_reviews":0},"product_brand":[],"product_cat":[350,422,365,421],"product_tag":[],"class_list":{"0":"post-23526","1":"product","2":"type-product","3":"status-publish","4":"has-post-thumbnail","6":"product_cat-gadgets","7":"product_cat-p-portatil","8":"product_cat-para-o-lar","9":"product_cat-arrumacao","11":"first","12":"instock","13":"taxable","14":"shipping-taxable","15":"purchasable","16":"product-type-simple"},"yoast_head":"<!-- This site is optimized with the Yoast SEO plugin v26.8 - https:\/\/yoast.com\/product\/yoast-seo-wordpress\/ -->\n<title>MESA AJUST\u00c1VEL P\/ PORT\u00c1TIL MULTIPOSI\u00c7\u00c3O - Curiosidades &amp; Dicas, Lda<\/title>\n<meta name=\"robots\" content=\"index, follow, max-snippet:-1, max-image-preview:large, max-video-preview:-1\" \/>\n<link rel=\"canonical\" href=\"https:\/\/curiosidadesedicas.com\/loja\/produto\/mesa-ajustavel-p-portatil-multiposicao\/\" \/>\n<meta property=\"og:locale\" content=\"pt_PT\" \/>\n<meta property=\"og:type\" content=\"article\" \/>\n<meta property=\"og:title\" content=\"MESA AJUST\u00c1VEL P\/ PORT\u00c1TIL MULTIPOSI\u00c7\u00c3O - Curiosidades &amp; Dicas, Lda\" \/>\n<meta property=\"og:description\" content=\"Material: Alum\u00ednio  Design original e port\u00e1til  Modelo:   Dobr\u00e1vel  V\u00e1rias posi\u00e7\u00f5es  Multifuncional    Alta qualidade, resistente e dur\u00e1vel  Adapta-se a v\u00e1rios espa\u00e7os  Orif\u00edcios de ventila\u00e7\u00e3o  Bandeja extra para o mouse  2 pernas articuladas  Altura ajust\u00e1vel  \u00c2ngulo ajust\u00e1vel  Rota\u00e7\u00e3o 360\u00ba  M\u00e1x.\u00a0peso suportado: 15 kg  Conveniente e f\u00e1cil de usar  Leve e gerenci\u00e1vel  Tamanho compacto reduzido  Ocupa pouco espa\u00e7o  F\u00e1cil de transportar e armazenar  Aproximadamente.\u00a0dimens\u00f5es: 49 x 53 x 26 cm  &nbsp;\" \/>\n<meta property=\"og:url\" content=\"https:\/\/curiosidadesedicas.com\/loja\/produto\/mesa-ajustavel-p-portatil-multiposicao\/\" \/>\n<meta property=\"og:site_name\" content=\"Curiosidades &amp; Dicas, Lda\" \/>\n<meta property=\"article:modified_time\" content=\"2025-03-13T10:37:58+00:00\" \/>\n<meta property=\"og:image\" content=\"https:\/\/curiosidadesedicas.com\/loja\/wp-content\/uploads\/2022\/01\/adjustable-multi-position-laptop-table-omnible-innovagoods_145756.jpg\" \/>\n\t<meta property=\"og:image:width\" content=\"600\" \/>\n\t<meta property=\"og:image:height\" content=\"600\" \/>\n\t<meta property=\"og:image:type\" content=\"image\/jpeg\" \/>\n<meta name=\"twitter:card\" content=\"summary_large_image\" \/>\n<meta name=\"twitter:label1\" content=\"Tempo estimado de leitura\" \/>\n\t<meta name=\"twitter:data1\" content=\"1 minuto\" \/>\n<script type=\"application\/ld+json\" class=\"yoast-schema-graph\">{\"@context\":\"https:\/\/schema.org\",\"@graph\":[{\"@type\":\"WebPage\",\"@id\":\"https:\/\/curiosidadesedicas.com\/loja\/produto\/mesa-ajustavel-p-portatil-multiposicao\/\",\"url\":\"https:\/\/curiosidadesedicas.com\/loja\/produto\/mesa-ajustavel-p-portatil-multiposicao\/\",\"name\":\"MESA AJUST\u00c1VEL P\/ PORT\u00c1TIL MULTIPOSI\u00c7\u00c3O - Curiosidades &amp; Dicas, Lda\",\"isPartOf\":{\"@id\":\"https:\/\/curiosidadesedicas.com\/loja\/#website\"},\"primaryImageOfPage\":{\"@id\":\"https:\/\/curiosidadesedicas.com\/loja\/produto\/mesa-ajustavel-p-portatil-multiposicao\/#primaryimage\"},\"image\":{\"@id\":\"https:\/\/curiosidadesedicas.com\/loja\/produto\/mesa-ajustavel-p-portatil-multiposicao\/#primaryimage\"},\"thumbnailUrl\":\"https:\/\/curiosidadesedicas.com\/loja\/wp-content\/uploads\/2022\/01\/adjustable-multi-position-laptop-table-omnible-innovagoods_145756.jpg\",\"datePublished\":\"2022-01-24T11:32:26+00:00\",\"dateModified\":\"2025-03-13T10:37:58+00:00\",\"breadcrumb\":{\"@id\":\"https:\/\/curiosidadesedicas.com\/loja\/produto\/mesa-ajustavel-p-portatil-multiposicao\/#breadcrumb\"},\"inLanguage\":\"pt-PT\",\"potentialAction\":[{\"@type\":\"ReadAction\",\"target\":[\"https:\/\/curiosidadesedicas.com\/loja\/produto\/mesa-ajustavel-p-portatil-multiposicao\/\"]}]},{\"@type\":\"ImageObject\",\"inLanguage\":\"pt-PT\",\"@id\":\"https:\/\/curiosidadesedicas.com\/loja\/produto\/mesa-ajustavel-p-portatil-multiposicao\/#primaryimage\",\"url\":\"https:\/\/curiosidadesedicas.com\/loja\/wp-content\/uploads\/2022\/01\/adjustable-multi-position-laptop-table-omnible-innovagoods_145756.jpg\",\"contentUrl\":\"https:\/\/curiosidadesedicas.com\/loja\/wp-content\/uploads\/2022\/01\/adjustable-multi-position-laptop-table-omnible-innovagoods_145756.jpg\",\"width\":600,\"height\":600},{\"@type\":\"BreadcrumbList\",\"@id\":\"https:\/\/curiosidadesedicas.com\/loja\/produto\/mesa-ajustavel-p-portatil-multiposicao\/#breadcrumb\",\"itemListElement\":[{\"@type\":\"ListItem\",\"position\":1,\"name\":\"In\u00edcio\",\"item\":\"https:\/\/curiosidadesedicas.com\/loja\/\"},{\"@type\":\"ListItem\",\"position\":2,\"name\":\"Produtos\",\"item\":\"https:\/\/curiosidadesedicas.com\/loja\/produtos\/\"},{\"@type\":\"ListItem\",\"position\":3,\"name\":\"MESA AJUST\u00c1VEL P\/ PORT\u00c1TIL MULTIPOSI\u00c7\u00c3O\"}]},{\"@type\":\"WebSite\",\"@id\":\"https:\/\/curiosidadesedicas.com\/loja\/#website\",\"url\":\"https:\/\/curiosidadesedicas.com\/loja\/\",\"name\":\"Curiosidades &amp; Dicas, Lda\",\"description\":\"Apaixonados Por Inova\u00e7\u00e3o\",\"publisher\":{\"@id\":\"https:\/\/curiosidadesedicas.com\/loja\/#organization\"},\"potentialAction\":[{\"@type\":\"SearchAction\",\"target\":{\"@type\":\"EntryPoint\",\"urlTemplate\":\"https:\/\/curiosidadesedicas.com\/loja\/?s={search_term_string}\"},\"query-input\":{\"@type\":\"PropertyValueSpecification\",\"valueRequired\":true,\"valueName\":\"search_term_string\"}}],\"inLanguage\":\"pt-PT\"},{\"@type\":\"Organization\",\"@id\":\"https:\/\/curiosidadesedicas.com\/loja\/#organization\",\"name\":\"Curiosidades & Dicas\",\"url\":\"https:\/\/curiosidadesedicas.com\/loja\/\",\"logo\":{\"@type\":\"ImageObject\",\"inLanguage\":\"pt-PT\",\"@id\":\"https:\/\/curiosidadesedicas.com\/loja\/#\/schema\/logo\/image\/\",\"url\":\"https:\/\/curiosidadesedicas.com\/loja\/wp-content\/uploads\/2020\/05\/LogoCuriosidadesSimples.png\",\"contentUrl\":\"https:\/\/curiosidadesedicas.com\/loja\/wp-content\/uploads\/2020\/05\/LogoCuriosidadesSimples.png\",\"width\":3528,\"height\":804,\"caption\":\"Curiosidades & Dicas\"},\"image\":{\"@id\":\"https:\/\/curiosidadesedicas.com\/loja\/#\/schema\/logo\/image\/\"}}]}<\/script>\n<!-- \/ Yoast SEO plugin. -->","yoast_head_json":{"title":"MESA AJUST\u00c1VEL P\/ PORT\u00c1TIL MULTIPOSI\u00c7\u00c3O - Curiosidades &amp; Dicas, Lda","robots":{"index":"index","follow":"follow","max-snippet":"max-snippet:-1","max-image-preview":"max-image-preview:large","max-video-preview":"max-video-preview:-1"},"canonical":"https:\/\/curiosidadesedicas.com\/loja\/produto\/mesa-ajustavel-p-portatil-multiposicao\/","og_locale":"pt_PT","og_type":"article","og_title":"MESA AJUST\u00c1VEL P\/ PORT\u00c1TIL MULTIPOSI\u00c7\u00c3O - Curiosidades &amp; Dicas, Lda","og_description":"Material: Alum\u00ednio  Design original e port\u00e1til  Modelo:   Dobr\u00e1vel  V\u00e1rias posi\u00e7\u00f5es  Multifuncional    Alta qualidade, resistente e dur\u00e1vel  Adapta-se a v\u00e1rios espa\u00e7os  Orif\u00edcios de ventila\u00e7\u00e3o  Bandeja extra para o mouse  2 pernas articuladas  Altura ajust\u00e1vel  \u00c2ngulo ajust\u00e1vel  Rota\u00e7\u00e3o 360\u00ba  M\u00e1x.\u00a0peso suportado: 15 kg  Conveniente e f\u00e1cil de usar  Leve e gerenci\u00e1vel  Tamanho compacto reduzido  Ocupa pouco espa\u00e7o  F\u00e1cil de transportar e armazenar  Aproximadamente.\u00a0dimens\u00f5es: 49 x 53 x 26 cm  &nbsp;","og_url":"https:\/\/curiosidadesedicas.com\/loja\/produto\/mesa-ajustavel-p-portatil-multiposicao\/","og_site_name":"Curiosidades &amp; Dicas, Lda","article_modified_time":"2025-03-13T10:37:58+00:00","og_image":[{"width":600,"height":600,"url":"https:\/\/curiosidadesedicas.com\/loja\/wp-content\/uploads\/2022\/01\/adjustable-multi-position-laptop-table-omnible-innovagoods_145756.jpg","type":"image\/jpeg"}],"twitter_card":"summary_large_image","twitter_misc":{"Tempo estimado de leitura":"1 minuto"},"schema":{"@context":"https:\/\/schema.org","@graph":[{"@type":"WebPage","@id":"https:\/\/curiosidadesedicas.com\/loja\/produto\/mesa-ajustavel-p-portatil-multiposicao\/","url":"https:\/\/curiosidadesedicas.com\/loja\/produto\/mesa-ajustavel-p-portatil-multiposicao\/","name":"MESA AJUST\u00c1VEL P\/ PORT\u00c1TIL MULTIPOSI\u00c7\u00c3O - Curiosidades &amp; Dicas, Lda","isPartOf":{"@id":"https:\/\/curiosidadesedicas.com\/loja\/#website"},"primaryImageOfPage":{"@id":"https:\/\/curiosidadesedicas.com\/loja\/produto\/mesa-ajustavel-p-portatil-multiposicao\/#primaryimage"},"image":{"@id":"https:\/\/curiosidadesedicas.com\/loja\/produto\/mesa-ajustavel-p-portatil-multiposicao\/#primaryimage"},"thumbnailUrl":"https:\/\/curiosidadesedicas.com\/loja\/wp-content\/uploads\/2022\/01\/adjustable-multi-position-laptop-table-omnible-innovagoods_145756.jpg","datePublished":"2022-01-24T11:32:26+00:00","dateModified":"2025-03-13T10:37:58+00:00","breadcrumb":{"@id":"https:\/\/curiosidadesedicas.com\/loja\/produto\/mesa-ajustavel-p-portatil-multiposicao\/#breadcrumb"},"inLanguage":"pt-PT","potentialAction":[{"@type":"ReadAction","target":["https:\/\/curiosidadesedicas.com\/loja\/produto\/mesa-ajustavel-p-portatil-multiposicao\/"]}]},{"@type":"ImageObject","inLanguage":"pt-PT","@id":"https:\/\/curiosidadesedicas.com\/loja\/produto\/mesa-ajustavel-p-portatil-multiposicao\/#primaryimage","url":"https:\/\/curiosidadesedicas.com\/loja\/wp-content\/uploads\/2022\/01\/adjustable-multi-position-laptop-table-omnible-innovagoods_145756.jpg","contentUrl":"https:\/\/curiosidadesedicas.com\/loja\/wp-content\/uploads\/2022\/01\/adjustable-multi-position-laptop-table-omnible-innovagoods_145756.jpg","width":600,"height":600},{"@type":"BreadcrumbList","@id":"https:\/\/curiosidadesedicas.com\/loja\/produto\/mesa-ajustavel-p-portatil-multiposicao\/#breadcrumb","itemListElement":[{"@type":"ListItem","position":1,"name":"In\u00edcio","item":"https:\/\/curiosidadesedicas.com\/loja\/"},{"@type":"ListItem","position":2,"name":"Produtos","item":"https:\/\/curiosidadesedicas.com\/loja\/produtos\/"},{"@type":"ListItem","position":3,"name":"MESA AJUST\u00c1VEL P\/ PORT\u00c1TIL MULTIPOSI\u00c7\u00c3O"}]},{"@type":"WebSite","@id":"https:\/\/curiosidadesedicas.com\/loja\/#website","url":"https:\/\/curiosidadesedicas.com\/loja\/","name":"Curiosidades &amp; Dicas, Lda","description":"Apaixonados Por Inova\u00e7\u00e3o","publisher":{"@id":"https:\/\/curiosidadesedicas.com\/loja\/#organization"},"potentialAction":[{"@type":"SearchAction","target":{"@type":"EntryPoint","urlTemplate":"https:\/\/curiosidadesedicas.com\/loja\/?s={search_term_string}"},"query-input":{"@type":"PropertyValueSpecification","valueRequired":true,"valueName":"search_term_string"}}],"inLanguage":"pt-PT"},{"@type":"Organization","@id":"https:\/\/curiosidadesedicas.com\/loja\/#organization","name":"Curiosidades & Dicas","url":"https:\/\/curiosidadesedicas.com\/loja\/","logo":{"@type":"ImageObject","inLanguage":"pt-PT","@id":"https:\/\/curiosidadesedicas.com\/loja\/#\/schema\/logo\/image\/","url":"https:\/\/curiosidadesedicas.com\/loja\/wp-content\/uploads\/2020\/05\/LogoCuriosidadesSimples.png","contentUrl":"https:\/\/curiosidadesedicas.com\/loja\/wp-content\/uploads\/2020\/05\/LogoCuriosidadesSimples.png","width":3528,"height":804,"caption":"Curiosidades & Dicas"},"image":{"@id":"https:\/\/curiosidadesedicas.com\/loja\/#\/schema\/logo\/image\/"}}]}},"_links":{"self":[{"href":"https:\/\/curiosidadesedicas.com\/loja\/wp-json\/wp\/v2\/product\/23526","targetHints":{"allow":["GET"]}}],"collection":[{"href":"https:\/\/curiosidadesedicas.com\/loja\/wp-json\/wp\/v2\/product"}],"about":[{"href":"https:\/\/curiosidadesedicas.com\/loja\/wp-json\/wp\/v2\/types\/product"}],"replies":[{"embeddable":true,"href":"https:\/\/curiosidadesedicas.com\/loja\/wp-json\/wp\/v2\/comments?post=23526"}],"wp:featuredmedia":[{"embeddable":true,"href":"https:\/\/curiosidadesedicas.com\/loja\/wp-json\/wp\/v2\/media\/23280"}],"wp:attachment":[{"href":"https:\/\/curiosidadesedicas.com\/loja\/wp-json\/wp\/v2\/media?parent=23526"}],"wp:term":[{"taxonomy":"product_brand","embeddable":true,"href":"https:\/\/curiosidadesedicas.com\/loja\/wp-json\/wp\/v2\/product_brand?post=23526"},{"taxonomy":"product_cat","embeddable":true,"href":"https:\/\/curiosidadesedicas.com\/loja\/wp-json\/wp\/v2\/product_cat?post=23526"},{"taxonomy":"product_tag","embeddable":true,"href":"https:\/\/curiosidadesedicas.com\/loja\/wp-json\/wp\/v2\/product_tag?post=23526"}],"curies":[{"name":"wp","href":"https:\/\/api.w.org\/{rel}","templated":true}]}}