{"id":23239,"date":"2022-01-20T16:40:04","date_gmt":"2022-01-20T16:40:04","guid":{"rendered":"https:\/\/curiosidadesedicas.com\/loja\/?post_type=product&#038;p=23239"},"modified":"2025-03-13T10:55:52","modified_gmt":"2025-03-13T10:55:52","slug":"secretaria-rebativel-c-prateleira-tablezy","status":"publish","type":"product","link":"https:\/\/curiosidadesedicas.com\/loja\/produto\/secretaria-rebativel-c-prateleira-tablezy\/","title":{"rendered":"SECRET\u00c1RIA REBAT\u00cdVEL C\/ PRATELEIRA TABLEZY"},"content":{"rendered":"<p>Uma secret\u00e1ria original com prateleira muito pr\u00e1tica devido ao seu design multifuncional rebat\u00edvel, uma vez que se adapta \u00e0s necessidades otimizando a utiliza\u00e7\u00e3o do espa\u00e7o. Este tipo de m\u00f3vel tend\u00eancia n\u00e3o requer qualquer tipo de montagem.\u00a0\u00c9 muito f\u00e1cil de montar e rebate-se rapidamente de forma a transportar mais facilmente para qualquer lugar ou armazenar de forma a ocupar um espa\u00e7o m\u00ednimo (num arm\u00e1rio, debaixo da cama, atr\u00e1s da porta, atr\u00e1s de um m\u00f3vel, etc.).<\/p>\n<p>Uma secret\u00e1ria muito vers\u00e1til e resistente que suporta at\u00e9 50 kg. Tem uma prateleira que pode ser dobrada ou desdobrada, conforme seja necess\u00e1rio na altura, e \u00e9 perfeita como suporte para colocar livros, copos, colunas, garrafas ou outros objetos \u00fateis e\/ou decorativos. Devido \u00e0s suas dimens\u00f5es e carater\u00edsticas, \u00e9 ideal para a utilizar em casa, de forma pr\u00e1tica, como mesa de trabalho (no quarto, na sala, etc.).<\/p>\n<p><img decoding=\"async\" src=\"https:\/\/curiosidadesedicas.com\/loja\/wp-content\/uploads\/2022\/01\/secretaria-rebativel-com-prateleira-tablezy-innovagoods_159952-1.jpg\" \/><\/p>\n","protected":false},"excerpt":{"rendered":"<ul>\n<li>Material:\n<ul>\n<li>MDF<\/li>\n<li>A\u00e7o<\/li>\n<\/ul>\n<\/li>\n<li>Design original e port\u00e1til<\/li>\n<li>Tipo:\n<ul>\n<li>Dobr\u00e1vel<\/li>\n<li>Multifun\u00e7\u00e3o<\/li>\n<\/ul>\n<\/li>\n<li>Vers\u00e1til e adapt\u00e1vel<\/li>\n<li>Resistente<\/li>\n<li>N\u00e3o necessita de montagem<\/li>\n<li>Ganho de espa\u00e7o<\/li>\n<li>Estante Dobr\u00e1vel<\/li>\n<li>Peso m\u00e1x. suportado: 50 kg<\/li>\n<li>F\u00e1cil de dobrar e desdobrar<\/li>\n<li>Utiliza\u00e7\u00e3o c\u00f3moda e simples<\/li>\n<li>Leve e male\u00e1vel<\/li>\n<li>F\u00e1cil de transportar e de guardar<\/li>\n<li>F\u00e1cil limpeza<\/li>\n<li>Medidas aprox. desdobrado: 84 x 97 x 60 cm<\/li>\n<li>Medidas aprox. dobrado: 84 x 110 x 3 cm<\/li>\n<\/ul>\n<p>&nbsp;<\/p>\n","protected":false},"featured_media":23251,"comment_status":"open","ping_status":"closed","template":"","meta":{"_glsr_average":0,"_glsr_ranking":0,"_glsr_reviews":0},"product_brand":[],"product_cat":[350,411,422,420,365,421],"product_tag":[],"class_list":{"0":"post-23239","1":"product","2":"type-product","3":"status-publish","4":"has-post-thumbnail","6":"product_cat-gadgets","7":"product_cat-divertidos-e-diversos","8":"product_cat-p-portatil","9":"product_cat-p-trabalho","10":"product_cat-para-o-lar","11":"product_cat-arrumacao","13":"first","14":"instock","15":"taxable","16":"shipping-taxable","17":"purchasable","18":"product-type-simple"},"yoast_head":"<!-- This site is optimized with the Yoast SEO plugin v26.8 - https:\/\/yoast.com\/product\/yoast-seo-wordpress\/ -->\n<title>SECRET\u00c1RIA REBAT\u00cdVEL C\/ PRATELEIRA TABLEZY - Curiosidades &amp; Dicas, Lda<\/title>\n<meta name=\"robots\" content=\"index, follow, max-snippet:-1, max-image-preview:large, max-video-preview:-1\" \/>\n<link rel=\"canonical\" href=\"https:\/\/curiosidadesedicas.com\/loja\/produto\/secretaria-rebativel-c-prateleira-tablezy\/\" \/>\n<meta property=\"og:locale\" content=\"pt_PT\" \/>\n<meta property=\"og:type\" content=\"article\" \/>\n<meta property=\"og:title\" content=\"SECRET\u00c1RIA REBAT\u00cdVEL C\/ PRATELEIRA TABLEZY - Curiosidades &amp; Dicas, Lda\" \/>\n<meta property=\"og:description\" content=\"Material:   MDF  A\u00e7o    Design original e port\u00e1til  Tipo:   Dobr\u00e1vel  Multifun\u00e7\u00e3o    Vers\u00e1til e adapt\u00e1vel  Resistente  N\u00e3o necessita de montagem  Ganho de espa\u00e7o  Estante Dobr\u00e1vel  Peso m\u00e1x. suportado: 50 kg  F\u00e1cil de dobrar e desdobrar  Utiliza\u00e7\u00e3o c\u00f3moda e simples  Leve e male\u00e1vel  F\u00e1cil de transportar e de guardar  F\u00e1cil limpeza  Medidas aprox. desdobrado: 84 x 97 x 60 cm  Medidas aprox. dobrado: 84 x 110 x 3 cm  &nbsp;\" \/>\n<meta property=\"og:url\" content=\"https:\/\/curiosidadesedicas.com\/loja\/produto\/secretaria-rebativel-c-prateleira-tablezy\/\" \/>\n<meta property=\"og:site_name\" content=\"Curiosidades &amp; Dicas, Lda\" \/>\n<meta property=\"article:modified_time\" content=\"2025-03-13T10:55:52+00:00\" \/>\n<meta property=\"og:image\" content=\"https:\/\/curiosidadesedicas.com\/loja\/wp-content\/uploads\/2022\/01\/secretaria-rebativel-com-prateleira-tablezy-innovagoods_159952.jpg\" \/>\n\t<meta property=\"og:image:width\" content=\"600\" \/>\n\t<meta property=\"og:image:height\" content=\"600\" \/>\n\t<meta property=\"og:image:type\" content=\"image\/jpeg\" \/>\n<meta name=\"twitter:card\" content=\"summary_large_image\" \/>\n<meta name=\"twitter:label1\" content=\"Tempo estimado de leitura\" \/>\n\t<meta name=\"twitter:data1\" content=\"1 minuto\" \/>\n<script type=\"application\/ld+json\" class=\"yoast-schema-graph\">{\"@context\":\"https:\/\/schema.org\",\"@graph\":[{\"@type\":\"WebPage\",\"@id\":\"https:\/\/curiosidadesedicas.com\/loja\/produto\/secretaria-rebativel-c-prateleira-tablezy\/\",\"url\":\"https:\/\/curiosidadesedicas.com\/loja\/produto\/secretaria-rebativel-c-prateleira-tablezy\/\",\"name\":\"SECRET\u00c1RIA REBAT\u00cdVEL C\/ PRATELEIRA TABLEZY - Curiosidades &amp; Dicas, Lda\",\"isPartOf\":{\"@id\":\"https:\/\/curiosidadesedicas.com\/loja\/#website\"},\"primaryImageOfPage\":{\"@id\":\"https:\/\/curiosidadesedicas.com\/loja\/produto\/secretaria-rebativel-c-prateleira-tablezy\/#primaryimage\"},\"image\":{\"@id\":\"https:\/\/curiosidadesedicas.com\/loja\/produto\/secretaria-rebativel-c-prateleira-tablezy\/#primaryimage\"},\"thumbnailUrl\":\"https:\/\/curiosidadesedicas.com\/loja\/wp-content\/uploads\/2022\/01\/secretaria-rebativel-com-prateleira-tablezy-innovagoods_159952.jpg\",\"datePublished\":\"2022-01-20T16:40:04+00:00\",\"dateModified\":\"2025-03-13T10:55:52+00:00\",\"breadcrumb\":{\"@id\":\"https:\/\/curiosidadesedicas.com\/loja\/produto\/secretaria-rebativel-c-prateleira-tablezy\/#breadcrumb\"},\"inLanguage\":\"pt-PT\",\"potentialAction\":[{\"@type\":\"ReadAction\",\"target\":[\"https:\/\/curiosidadesedicas.com\/loja\/produto\/secretaria-rebativel-c-prateleira-tablezy\/\"]}]},{\"@type\":\"ImageObject\",\"inLanguage\":\"pt-PT\",\"@id\":\"https:\/\/curiosidadesedicas.com\/loja\/produto\/secretaria-rebativel-c-prateleira-tablezy\/#primaryimage\",\"url\":\"https:\/\/curiosidadesedicas.com\/loja\/wp-content\/uploads\/2022\/01\/secretaria-rebativel-com-prateleira-tablezy-innovagoods_159952.jpg\",\"contentUrl\":\"https:\/\/curiosidadesedicas.com\/loja\/wp-content\/uploads\/2022\/01\/secretaria-rebativel-com-prateleira-tablezy-innovagoods_159952.jpg\",\"width\":600,\"height\":600},{\"@type\":\"BreadcrumbList\",\"@id\":\"https:\/\/curiosidadesedicas.com\/loja\/produto\/secretaria-rebativel-c-prateleira-tablezy\/#breadcrumb\",\"itemListElement\":[{\"@type\":\"ListItem\",\"position\":1,\"name\":\"In\u00edcio\",\"item\":\"https:\/\/curiosidadesedicas.com\/loja\/\"},{\"@type\":\"ListItem\",\"position\":2,\"name\":\"Produtos\",\"item\":\"https:\/\/curiosidadesedicas.com\/loja\/produtos\/\"},{\"@type\":\"ListItem\",\"position\":3,\"name\":\"SECRET\u00c1RIA REBAT\u00cdVEL C\/ PRATELEIRA TABLEZY\"}]},{\"@type\":\"WebSite\",\"@id\":\"https:\/\/curiosidadesedicas.com\/loja\/#website\",\"url\":\"https:\/\/curiosidadesedicas.com\/loja\/\",\"name\":\"Curiosidades &amp; Dicas, Lda\",\"description\":\"Apaixonados Por Inova\u00e7\u00e3o\",\"publisher\":{\"@id\":\"https:\/\/curiosidadesedicas.com\/loja\/#organization\"},\"potentialAction\":[{\"@type\":\"SearchAction\",\"target\":{\"@type\":\"EntryPoint\",\"urlTemplate\":\"https:\/\/curiosidadesedicas.com\/loja\/?s={search_term_string}\"},\"query-input\":{\"@type\":\"PropertyValueSpecification\",\"valueRequired\":true,\"valueName\":\"search_term_string\"}}],\"inLanguage\":\"pt-PT\"},{\"@type\":\"Organization\",\"@id\":\"https:\/\/curiosidadesedicas.com\/loja\/#organization\",\"name\":\"Curiosidades & Dicas\",\"url\":\"https:\/\/curiosidadesedicas.com\/loja\/\",\"logo\":{\"@type\":\"ImageObject\",\"inLanguage\":\"pt-PT\",\"@id\":\"https:\/\/curiosidadesedicas.com\/loja\/#\/schema\/logo\/image\/\",\"url\":\"https:\/\/curiosidadesedicas.com\/loja\/wp-content\/uploads\/2020\/05\/LogoCuriosidadesSimples.png\",\"contentUrl\":\"https:\/\/curiosidadesedicas.com\/loja\/wp-content\/uploads\/2020\/05\/LogoCuriosidadesSimples.png\",\"width\":3528,\"height\":804,\"caption\":\"Curiosidades & Dicas\"},\"image\":{\"@id\":\"https:\/\/curiosidadesedicas.com\/loja\/#\/schema\/logo\/image\/\"}}]}<\/script>\n<!-- \/ Yoast SEO plugin. -->","yoast_head_json":{"title":"SECRET\u00c1RIA REBAT\u00cdVEL C\/ PRATELEIRA TABLEZY - Curiosidades &amp; Dicas, Lda","robots":{"index":"index","follow":"follow","max-snippet":"max-snippet:-1","max-image-preview":"max-image-preview:large","max-video-preview":"max-video-preview:-1"},"canonical":"https:\/\/curiosidadesedicas.com\/loja\/produto\/secretaria-rebativel-c-prateleira-tablezy\/","og_locale":"pt_PT","og_type":"article","og_title":"SECRET\u00c1RIA REBAT\u00cdVEL C\/ PRATELEIRA TABLEZY - Curiosidades &amp; Dicas, Lda","og_description":"Material:   MDF  A\u00e7o    Design original e port\u00e1til  Tipo:   Dobr\u00e1vel  Multifun\u00e7\u00e3o    Vers\u00e1til e adapt\u00e1vel  Resistente  N\u00e3o necessita de montagem  Ganho de espa\u00e7o  Estante Dobr\u00e1vel  Peso m\u00e1x. suportado: 50 kg  F\u00e1cil de dobrar e desdobrar  Utiliza\u00e7\u00e3o c\u00f3moda e simples  Leve e male\u00e1vel  F\u00e1cil de transportar e de guardar  F\u00e1cil limpeza  Medidas aprox. desdobrado: 84 x 97 x 60 cm  Medidas aprox. dobrado: 84 x 110 x 3 cm  &nbsp;","og_url":"https:\/\/curiosidadesedicas.com\/loja\/produto\/secretaria-rebativel-c-prateleira-tablezy\/","og_site_name":"Curiosidades &amp; Dicas, Lda","article_modified_time":"2025-03-13T10:55:52+00:00","og_image":[{"width":600,"height":600,"url":"https:\/\/curiosidadesedicas.com\/loja\/wp-content\/uploads\/2022\/01\/secretaria-rebativel-com-prateleira-tablezy-innovagoods_159952.jpg","type":"image\/jpeg"}],"twitter_card":"summary_large_image","twitter_misc":{"Tempo estimado de leitura":"1 minuto"},"schema":{"@context":"https:\/\/schema.org","@graph":[{"@type":"WebPage","@id":"https:\/\/curiosidadesedicas.com\/loja\/produto\/secretaria-rebativel-c-prateleira-tablezy\/","url":"https:\/\/curiosidadesedicas.com\/loja\/produto\/secretaria-rebativel-c-prateleira-tablezy\/","name":"SECRET\u00c1RIA REBAT\u00cdVEL C\/ PRATELEIRA TABLEZY - Curiosidades &amp; Dicas, Lda","isPartOf":{"@id":"https:\/\/curiosidadesedicas.com\/loja\/#website"},"primaryImageOfPage":{"@id":"https:\/\/curiosidadesedicas.com\/loja\/produto\/secretaria-rebativel-c-prateleira-tablezy\/#primaryimage"},"image":{"@id":"https:\/\/curiosidadesedicas.com\/loja\/produto\/secretaria-rebativel-c-prateleira-tablezy\/#primaryimage"},"thumbnailUrl":"https:\/\/curiosidadesedicas.com\/loja\/wp-content\/uploads\/2022\/01\/secretaria-rebativel-com-prateleira-tablezy-innovagoods_159952.jpg","datePublished":"2022-01-20T16:40:04+00:00","dateModified":"2025-03-13T10:55:52+00:00","breadcrumb":{"@id":"https:\/\/curiosidadesedicas.com\/loja\/produto\/secretaria-rebativel-c-prateleira-tablezy\/#breadcrumb"},"inLanguage":"pt-PT","potentialAction":[{"@type":"ReadAction","target":["https:\/\/curiosidadesedicas.com\/loja\/produto\/secretaria-rebativel-c-prateleira-tablezy\/"]}]},{"@type":"ImageObject","inLanguage":"pt-PT","@id":"https:\/\/curiosidadesedicas.com\/loja\/produto\/secretaria-rebativel-c-prateleira-tablezy\/#primaryimage","url":"https:\/\/curiosidadesedicas.com\/loja\/wp-content\/uploads\/2022\/01\/secretaria-rebativel-com-prateleira-tablezy-innovagoods_159952.jpg","contentUrl":"https:\/\/curiosidadesedicas.com\/loja\/wp-content\/uploads\/2022\/01\/secretaria-rebativel-com-prateleira-tablezy-innovagoods_159952.jpg","width":600,"height":600},{"@type":"BreadcrumbList","@id":"https:\/\/curiosidadesedicas.com\/loja\/produto\/secretaria-rebativel-c-prateleira-tablezy\/#breadcrumb","itemListElement":[{"@type":"ListItem","position":1,"name":"In\u00edcio","item":"https:\/\/curiosidadesedicas.com\/loja\/"},{"@type":"ListItem","position":2,"name":"Produtos","item":"https:\/\/curiosidadesedicas.com\/loja\/produtos\/"},{"@type":"ListItem","position":3,"name":"SECRET\u00c1RIA REBAT\u00cdVEL C\/ PRATELEIRA TABLEZY"}]},{"@type":"WebSite","@id":"https:\/\/curiosidadesedicas.com\/loja\/#website","url":"https:\/\/curiosidadesedicas.com\/loja\/","name":"Curiosidades &amp; Dicas, Lda","description":"Apaixonados Por Inova\u00e7\u00e3o","publisher":{"@id":"https:\/\/curiosidadesedicas.com\/loja\/#organization"},"potentialAction":[{"@type":"SearchAction","target":{"@type":"EntryPoint","urlTemplate":"https:\/\/curiosidadesedicas.com\/loja\/?s={search_term_string}"},"query-input":{"@type":"PropertyValueSpecification","valueRequired":true,"valueName":"search_term_string"}}],"inLanguage":"pt-PT"},{"@type":"Organization","@id":"https:\/\/curiosidadesedicas.com\/loja\/#organization","name":"Curiosidades & Dicas","url":"https:\/\/curiosidadesedicas.com\/loja\/","logo":{"@type":"ImageObject","inLanguage":"pt-PT","@id":"https:\/\/curiosidadesedicas.com\/loja\/#\/schema\/logo\/image\/","url":"https:\/\/curiosidadesedicas.com\/loja\/wp-content\/uploads\/2020\/05\/LogoCuriosidadesSimples.png","contentUrl":"https:\/\/curiosidadesedicas.com\/loja\/wp-content\/uploads\/2020\/05\/LogoCuriosidadesSimples.png","width":3528,"height":804,"caption":"Curiosidades & Dicas"},"image":{"@id":"https:\/\/curiosidadesedicas.com\/loja\/#\/schema\/logo\/image\/"}}]}},"_links":{"self":[{"href":"https:\/\/curiosidadesedicas.com\/loja\/wp-json\/wp\/v2\/product\/23239","targetHints":{"allow":["GET"]}}],"collection":[{"href":"https:\/\/curiosidadesedicas.com\/loja\/wp-json\/wp\/v2\/product"}],"about":[{"href":"https:\/\/curiosidadesedicas.com\/loja\/wp-json\/wp\/v2\/types\/product"}],"replies":[{"embeddable":true,"href":"https:\/\/curiosidadesedicas.com\/loja\/wp-json\/wp\/v2\/comments?post=23239"}],"wp:featuredmedia":[{"embeddable":true,"href":"https:\/\/curiosidadesedicas.com\/loja\/wp-json\/wp\/v2\/media\/23251"}],"wp:attachment":[{"href":"https:\/\/curiosidadesedicas.com\/loja\/wp-json\/wp\/v2\/media?parent=23239"}],"wp:term":[{"taxonomy":"product_brand","embeddable":true,"href":"https:\/\/curiosidadesedicas.com\/loja\/wp-json\/wp\/v2\/product_brand?post=23239"},{"taxonomy":"product_cat","embeddable":true,"href":"https:\/\/curiosidadesedicas.com\/loja\/wp-json\/wp\/v2\/product_cat?post=23239"},{"taxonomy":"product_tag","embeddable":true,"href":"https:\/\/curiosidadesedicas.com\/loja\/wp-json\/wp\/v2\/product_tag?post=23239"}],"curies":[{"name":"wp","href":"https:\/\/api.w.org\/{rel}","templated":true}]}}