{"id":22842,"date":"2022-01-16T16:34:19","date_gmt":"2022-01-16T16:34:19","guid":{"rendered":"https:\/\/curiosidadesedicas.com\/loja\/?post_type=product&#038;p=22842"},"modified":"2022-01-28T15:26:24","modified_gmt":"2022-01-28T15:26:24","slug":"acessorio-de-decoracao-pedras-brancas","status":"publish","type":"product","link":"https:\/\/curiosidadesedicas.com\/loja\/produto\/acessorio-de-decoracao-pedras-brancas\/","title":{"rendered":"ACESS\u00d3RIO DE DECORA\u00c7\u00c3O PEDRAS BRANCAS"},"content":{"rendered":"<ul>\n<li>Pedras decorativas em cer\u00e2mica;<\/li>\n<li>Cor: branca;<\/li>\n<li>Caixa cont\u00e9m 24 unidades de tamanhos distintos;<\/li>\n<li>Resistente a altas temperaturas;<\/li>\n<li>Funcionam como reservat\u00f3rio de calor, armazenando-o e libertando gradualmente.<\/li>\n<\/ul>\n","protected":false},"excerpt":{"rendered":"<ul>\n<li>Pedras decorativas em cer\u00e2mica;<\/li>\n<li>Cor: branca;<\/li>\n<li>Caixa cont\u00e9m 24 unidades de tamanhos distintos;<\/li>\n<li>Resistente a altas temperaturas;<\/li>\n<li>Funcionam como reservat\u00f3rio de calor, armazenando-o e libertando gradualmente.<\/li>\n<\/ul>\n<p>&nbsp;<\/p>\n<p>&nbsp;<\/p>\n","protected":false},"featured_media":23105,"comment_status":"open","ping_status":"closed","template":"","meta":{"_glsr_average":0,"_glsr_ranking":0,"_glsr_reviews":0},"product_brand":[],"product_cat":[368,477,482],"product_tag":[],"class_list":{"0":"post-22842","1":"product","2":"type-product","3":"status-publish","4":"has-post-thumbnail","6":"product_cat-aquecimento","7":"product_cat-lareira-bioetanol","8":"product_cat-acessorios-p-bioetanol","10":"first","11":"instock","12":"taxable","13":"shipping-taxable","14":"purchasable","15":"product-type-simple"},"yoast_head":"<!-- This site is optimized with the Yoast SEO plugin v26.8 - https:\/\/yoast.com\/product\/yoast-seo-wordpress\/ -->\n<title>ACESS\u00d3RIO DE DECORA\u00c7\u00c3O PEDRAS BRANCAS - Curiosidades &amp; Dicas, Lda<\/title>\n<meta name=\"robots\" content=\"index, follow, max-snippet:-1, max-image-preview:large, max-video-preview:-1\" \/>\n<link rel=\"canonical\" href=\"https:\/\/curiosidadesedicas.com\/loja\/produto\/acessorio-de-decoracao-pedras-brancas\/\" \/>\n<meta property=\"og:locale\" content=\"pt_PT\" \/>\n<meta property=\"og:type\" content=\"article\" \/>\n<meta property=\"og:title\" content=\"ACESS\u00d3RIO DE DECORA\u00c7\u00c3O PEDRAS BRANCAS - Curiosidades &amp; Dicas, Lda\" \/>\n<meta property=\"og:description\" content=\"Pedras decorativas em cer\u00e2mica;  Cor: branca;  Caixa cont\u00e9m 24 unidades de tamanhos distintos;  Resistente a altas temperaturas;  Funcionam como reservat\u00f3rio de calor, armazenando-o e libertando gradualmente.  &nbsp;  &nbsp;\" \/>\n<meta property=\"og:url\" content=\"https:\/\/curiosidadesedicas.com\/loja\/produto\/acessorio-de-decoracao-pedras-brancas\/\" \/>\n<meta property=\"og:site_name\" content=\"Curiosidades &amp; Dicas, Lda\" \/>\n<meta property=\"article:modified_time\" content=\"2022-01-28T15:26:24+00:00\" \/>\n<meta property=\"og:image\" content=\"https:\/\/curiosidadesedicas.com\/loja\/wp-content\/uploads\/2022\/01\/3-12.png\" \/>\n\t<meta property=\"og:image:width\" content=\"469\" \/>\n\t<meta property=\"og:image:height\" content=\"492\" \/>\n\t<meta property=\"og:image:type\" content=\"image\/png\" \/>\n<meta name=\"twitter:card\" content=\"summary_large_image\" \/>\n<meta name=\"twitter:label1\" content=\"Tempo estimado de leitura\" \/>\n\t<meta name=\"twitter:data1\" content=\"1 minuto\" \/>\n<script type=\"application\/ld+json\" class=\"yoast-schema-graph\">{\"@context\":\"https:\/\/schema.org\",\"@graph\":[{\"@type\":\"WebPage\",\"@id\":\"https:\/\/curiosidadesedicas.com\/loja\/produto\/acessorio-de-decoracao-pedras-brancas\/\",\"url\":\"https:\/\/curiosidadesedicas.com\/loja\/produto\/acessorio-de-decoracao-pedras-brancas\/\",\"name\":\"ACESS\u00d3RIO DE DECORA\u00c7\u00c3O PEDRAS BRANCAS - Curiosidades &amp; Dicas, Lda\",\"isPartOf\":{\"@id\":\"https:\/\/curiosidadesedicas.com\/loja\/#website\"},\"primaryImageOfPage\":{\"@id\":\"https:\/\/curiosidadesedicas.com\/loja\/produto\/acessorio-de-decoracao-pedras-brancas\/#primaryimage\"},\"image\":{\"@id\":\"https:\/\/curiosidadesedicas.com\/loja\/produto\/acessorio-de-decoracao-pedras-brancas\/#primaryimage\"},\"thumbnailUrl\":\"https:\/\/curiosidadesedicas.com\/loja\/wp-content\/uploads\/2022\/01\/3-12.png\",\"datePublished\":\"2022-01-16T16:34:19+00:00\",\"dateModified\":\"2022-01-28T15:26:24+00:00\",\"breadcrumb\":{\"@id\":\"https:\/\/curiosidadesedicas.com\/loja\/produto\/acessorio-de-decoracao-pedras-brancas\/#breadcrumb\"},\"inLanguage\":\"pt-PT\",\"potentialAction\":[{\"@type\":\"ReadAction\",\"target\":[\"https:\/\/curiosidadesedicas.com\/loja\/produto\/acessorio-de-decoracao-pedras-brancas\/\"]}]},{\"@type\":\"ImageObject\",\"inLanguage\":\"pt-PT\",\"@id\":\"https:\/\/curiosidadesedicas.com\/loja\/produto\/acessorio-de-decoracao-pedras-brancas\/#primaryimage\",\"url\":\"https:\/\/curiosidadesedicas.com\/loja\/wp-content\/uploads\/2022\/01\/3-12.png\",\"contentUrl\":\"https:\/\/curiosidadesedicas.com\/loja\/wp-content\/uploads\/2022\/01\/3-12.png\",\"width\":469,\"height\":492},{\"@type\":\"BreadcrumbList\",\"@id\":\"https:\/\/curiosidadesedicas.com\/loja\/produto\/acessorio-de-decoracao-pedras-brancas\/#breadcrumb\",\"itemListElement\":[{\"@type\":\"ListItem\",\"position\":1,\"name\":\"In\u00edcio\",\"item\":\"https:\/\/curiosidadesedicas.com\/loja\/\"},{\"@type\":\"ListItem\",\"position\":2,\"name\":\"Produtos\",\"item\":\"https:\/\/curiosidadesedicas.com\/loja\/produtos\/\"},{\"@type\":\"ListItem\",\"position\":3,\"name\":\"ACESS\u00d3RIO DE DECORA\u00c7\u00c3O PEDRAS BRANCAS\"}]},{\"@type\":\"WebSite\",\"@id\":\"https:\/\/curiosidadesedicas.com\/loja\/#website\",\"url\":\"https:\/\/curiosidadesedicas.com\/loja\/\",\"name\":\"Curiosidades &amp; Dicas, Lda\",\"description\":\"Apaixonados Por Inova\u00e7\u00e3o\",\"publisher\":{\"@id\":\"https:\/\/curiosidadesedicas.com\/loja\/#organization\"},\"potentialAction\":[{\"@type\":\"SearchAction\",\"target\":{\"@type\":\"EntryPoint\",\"urlTemplate\":\"https:\/\/curiosidadesedicas.com\/loja\/?s={search_term_string}\"},\"query-input\":{\"@type\":\"PropertyValueSpecification\",\"valueRequired\":true,\"valueName\":\"search_term_string\"}}],\"inLanguage\":\"pt-PT\"},{\"@type\":\"Organization\",\"@id\":\"https:\/\/curiosidadesedicas.com\/loja\/#organization\",\"name\":\"Curiosidades & Dicas\",\"url\":\"https:\/\/curiosidadesedicas.com\/loja\/\",\"logo\":{\"@type\":\"ImageObject\",\"inLanguage\":\"pt-PT\",\"@id\":\"https:\/\/curiosidadesedicas.com\/loja\/#\/schema\/logo\/image\/\",\"url\":\"https:\/\/curiosidadesedicas.com\/loja\/wp-content\/uploads\/2020\/05\/LogoCuriosidadesSimples.png\",\"contentUrl\":\"https:\/\/curiosidadesedicas.com\/loja\/wp-content\/uploads\/2020\/05\/LogoCuriosidadesSimples.png\",\"width\":3528,\"height\":804,\"caption\":\"Curiosidades & Dicas\"},\"image\":{\"@id\":\"https:\/\/curiosidadesedicas.com\/loja\/#\/schema\/logo\/image\/\"}}]}<\/script>\n<!-- \/ Yoast SEO plugin. -->","yoast_head_json":{"title":"ACESS\u00d3RIO DE DECORA\u00c7\u00c3O PEDRAS BRANCAS - Curiosidades &amp; Dicas, Lda","robots":{"index":"index","follow":"follow","max-snippet":"max-snippet:-1","max-image-preview":"max-image-preview:large","max-video-preview":"max-video-preview:-1"},"canonical":"https:\/\/curiosidadesedicas.com\/loja\/produto\/acessorio-de-decoracao-pedras-brancas\/","og_locale":"pt_PT","og_type":"article","og_title":"ACESS\u00d3RIO DE DECORA\u00c7\u00c3O PEDRAS BRANCAS - Curiosidades &amp; Dicas, Lda","og_description":"Pedras decorativas em cer\u00e2mica;  Cor: branca;  Caixa cont\u00e9m 24 unidades de tamanhos distintos;  Resistente a altas temperaturas;  Funcionam como reservat\u00f3rio de calor, armazenando-o e libertando gradualmente.  &nbsp;  &nbsp;","og_url":"https:\/\/curiosidadesedicas.com\/loja\/produto\/acessorio-de-decoracao-pedras-brancas\/","og_site_name":"Curiosidades &amp; Dicas, Lda","article_modified_time":"2022-01-28T15:26:24+00:00","og_image":[{"width":469,"height":492,"url":"https:\/\/curiosidadesedicas.com\/loja\/wp-content\/uploads\/2022\/01\/3-12.png","type":"image\/png"}],"twitter_card":"summary_large_image","twitter_misc":{"Tempo estimado de leitura":"1 minuto"},"schema":{"@context":"https:\/\/schema.org","@graph":[{"@type":"WebPage","@id":"https:\/\/curiosidadesedicas.com\/loja\/produto\/acessorio-de-decoracao-pedras-brancas\/","url":"https:\/\/curiosidadesedicas.com\/loja\/produto\/acessorio-de-decoracao-pedras-brancas\/","name":"ACESS\u00d3RIO DE DECORA\u00c7\u00c3O PEDRAS BRANCAS - Curiosidades &amp; Dicas, Lda","isPartOf":{"@id":"https:\/\/curiosidadesedicas.com\/loja\/#website"},"primaryImageOfPage":{"@id":"https:\/\/curiosidadesedicas.com\/loja\/produto\/acessorio-de-decoracao-pedras-brancas\/#primaryimage"},"image":{"@id":"https:\/\/curiosidadesedicas.com\/loja\/produto\/acessorio-de-decoracao-pedras-brancas\/#primaryimage"},"thumbnailUrl":"https:\/\/curiosidadesedicas.com\/loja\/wp-content\/uploads\/2022\/01\/3-12.png","datePublished":"2022-01-16T16:34:19+00:00","dateModified":"2022-01-28T15:26:24+00:00","breadcrumb":{"@id":"https:\/\/curiosidadesedicas.com\/loja\/produto\/acessorio-de-decoracao-pedras-brancas\/#breadcrumb"},"inLanguage":"pt-PT","potentialAction":[{"@type":"ReadAction","target":["https:\/\/curiosidadesedicas.com\/loja\/produto\/acessorio-de-decoracao-pedras-brancas\/"]}]},{"@type":"ImageObject","inLanguage":"pt-PT","@id":"https:\/\/curiosidadesedicas.com\/loja\/produto\/acessorio-de-decoracao-pedras-brancas\/#primaryimage","url":"https:\/\/curiosidadesedicas.com\/loja\/wp-content\/uploads\/2022\/01\/3-12.png","contentUrl":"https:\/\/curiosidadesedicas.com\/loja\/wp-content\/uploads\/2022\/01\/3-12.png","width":469,"height":492},{"@type":"BreadcrumbList","@id":"https:\/\/curiosidadesedicas.com\/loja\/produto\/acessorio-de-decoracao-pedras-brancas\/#breadcrumb","itemListElement":[{"@type":"ListItem","position":1,"name":"In\u00edcio","item":"https:\/\/curiosidadesedicas.com\/loja\/"},{"@type":"ListItem","position":2,"name":"Produtos","item":"https:\/\/curiosidadesedicas.com\/loja\/produtos\/"},{"@type":"ListItem","position":3,"name":"ACESS\u00d3RIO DE DECORA\u00c7\u00c3O PEDRAS BRANCAS"}]},{"@type":"WebSite","@id":"https:\/\/curiosidadesedicas.com\/loja\/#website","url":"https:\/\/curiosidadesedicas.com\/loja\/","name":"Curiosidades &amp; Dicas, Lda","description":"Apaixonados Por Inova\u00e7\u00e3o","publisher":{"@id":"https:\/\/curiosidadesedicas.com\/loja\/#organization"},"potentialAction":[{"@type":"SearchAction","target":{"@type":"EntryPoint","urlTemplate":"https:\/\/curiosidadesedicas.com\/loja\/?s={search_term_string}"},"query-input":{"@type":"PropertyValueSpecification","valueRequired":true,"valueName":"search_term_string"}}],"inLanguage":"pt-PT"},{"@type":"Organization","@id":"https:\/\/curiosidadesedicas.com\/loja\/#organization","name":"Curiosidades & Dicas","url":"https:\/\/curiosidadesedicas.com\/loja\/","logo":{"@type":"ImageObject","inLanguage":"pt-PT","@id":"https:\/\/curiosidadesedicas.com\/loja\/#\/schema\/logo\/image\/","url":"https:\/\/curiosidadesedicas.com\/loja\/wp-content\/uploads\/2020\/05\/LogoCuriosidadesSimples.png","contentUrl":"https:\/\/curiosidadesedicas.com\/loja\/wp-content\/uploads\/2020\/05\/LogoCuriosidadesSimples.png","width":3528,"height":804,"caption":"Curiosidades & Dicas"},"image":{"@id":"https:\/\/curiosidadesedicas.com\/loja\/#\/schema\/logo\/image\/"}}]}},"_links":{"self":[{"href":"https:\/\/curiosidadesedicas.com\/loja\/wp-json\/wp\/v2\/product\/22842","targetHints":{"allow":["GET"]}}],"collection":[{"href":"https:\/\/curiosidadesedicas.com\/loja\/wp-json\/wp\/v2\/product"}],"about":[{"href":"https:\/\/curiosidadesedicas.com\/loja\/wp-json\/wp\/v2\/types\/product"}],"replies":[{"embeddable":true,"href":"https:\/\/curiosidadesedicas.com\/loja\/wp-json\/wp\/v2\/comments?post=22842"}],"wp:featuredmedia":[{"embeddable":true,"href":"https:\/\/curiosidadesedicas.com\/loja\/wp-json\/wp\/v2\/media\/23105"}],"wp:attachment":[{"href":"https:\/\/curiosidadesedicas.com\/loja\/wp-json\/wp\/v2\/media?parent=22842"}],"wp:term":[{"taxonomy":"product_brand","embeddable":true,"href":"https:\/\/curiosidadesedicas.com\/loja\/wp-json\/wp\/v2\/product_brand?post=22842"},{"taxonomy":"product_cat","embeddable":true,"href":"https:\/\/curiosidadesedicas.com\/loja\/wp-json\/wp\/v2\/product_cat?post=22842"},{"taxonomy":"product_tag","embeddable":true,"href":"https:\/\/curiosidadesedicas.com\/loja\/wp-json\/wp\/v2\/product_tag?post=22842"}],"curies":[{"name":"wp","href":"https:\/\/api.w.org\/{rel}","templated":true}]}}