{"id":22726,"date":"2022-01-16T14:33:56","date_gmt":"2022-01-16T14:33:56","guid":{"rendered":"https:\/\/curiosidadesedicas.com\/loja\/?post_type=product&#038;p=22726"},"modified":"2026-04-27T16:37:44","modified_gmt":"2026-04-27T16:37:44","slug":"evaporativo-rafy-96","status":"publish","type":"product","link":"https:\/\/curiosidadesedicas.com\/loja\/produto\/evaporativo-rafy-96\/","title":{"rendered":"VENTILADOR RAFY 96"},"content":{"rendered":"<ul>\n<li>Climatizador Evaporativo digital com aquecedor e comando \u00e0 dist\u00e2ncia;<\/li>\n<li>Caudal:600 m<sup>3<\/sup>\/h;<\/li>\n<li>Painel evaporativo de celulose que aumenta a capacidade de refrigera\u00e7\u00e3o;<\/li>\n<li>Consumo: 75W (frio) e 2000W (calor);<\/li>\n<li>Velocidades: 3;<\/li>\n<li>Capacidade do dep\u00f3sito: 4.5 L;<\/li>\n<li>Painel LED t\u00e1ctil com controlo digital com v\u00e1rias fun\u00e7\u00f5es adicionais;<\/li>\n<li>Temporizador at\u00e9 12H;<\/li>\n<li>Oscila\u00e7\u00e3o horizontal autom\u00e1tica;<\/li>\n<li>Inclui 2 packs de gelo;<\/li>\n<li>Ionizador;<\/li>\n<li>Peso: 7.2 kg;<\/li>\n<li>Dimens\u00f5es (Comprimento x Profundidade x Altura): 25 x 30.5 x 76.2 cm.<\/li>\n<\/ul>\n","protected":false},"excerpt":{"rendered":"<ul>\n<li>Climatizador Evaporativo digital com aquecedor e comando \u00e0 dist\u00e2ncia;<\/li>\n<li>Caudal:600 m<sup>3<\/sup>\/h;<\/li>\n<li>Painel evaporativo de celulose que aumenta a capacidade de refrigera\u00e7\u00e3o;<\/li>\n<li>Consumo: 75W (frio) e 2000W (calor);<\/li>\n<li>Velocidades: 3;<\/li>\n<li>Capacidade do dep\u00f3sito: 4.5 L;<\/li>\n<li>Painel LED t\u00e1ctil com controlo digital com v\u00e1rias fun\u00e7\u00f5es adicionais;<\/li>\n<li>Temporizador at\u00e9 12H;<\/li>\n<li>Oscila\u00e7\u00e3o horizontal autom\u00e1tica;<\/li>\n<li>Inclui 2 packs de gelo;<\/li>\n<li>Ionizador;<\/li>\n<li>Peso: 7.2 kg;<\/li>\n<li>Dimens\u00f5es (Comprimento x Profundidade x Altura): 25 x 30.5 x 76.2 cm.<\/li>\n<\/ul>\n<p>https:\/\/youtu.be\/IWrtNVtl6EU<\/p>\n","protected":false},"featured_media":22733,"comment_status":"open","ping_status":"closed","template":"","meta":{"_glsr_average":0,"_glsr_ranking":0,"_glsr_reviews":0},"product_brand":[],"product_cat":[533,474,365,484,369],"product_tag":[],"class_list":{"0":"post-22726","1":"product","2":"type-product","3":"status-publish","4":"has-post-thumbnail","6":"product_cat-climatizacao","7":"product_cat-ventilacao","8":"product_cat-para-o-lar","9":"product_cat-evaporativos","10":"product_cat-ventoinhas","12":"first","13":"instock","14":"taxable","15":"shipping-taxable","16":"purchasable","17":"product-type-simple"},"yoast_head":"<!-- This site is optimized with the Yoast SEO plugin v26.8 - https:\/\/yoast.com\/product\/yoast-seo-wordpress\/ -->\n<title>VENTILADOR RAFY 96 - Curiosidades &amp; Dicas, Lda<\/title>\n<meta name=\"robots\" content=\"index, follow, max-snippet:-1, max-image-preview:large, max-video-preview:-1\" \/>\n<link rel=\"canonical\" href=\"https:\/\/curiosidadesedicas.com\/loja\/produto\/evaporativo-rafy-96\/\" \/>\n<meta property=\"og:locale\" content=\"pt_PT\" \/>\n<meta property=\"og:type\" content=\"article\" \/>\n<meta property=\"og:title\" content=\"VENTILADOR RAFY 96 - Curiosidades &amp; Dicas, Lda\" \/>\n<meta property=\"og:description\" content=\"Climatizador Evaporativo digital com aquecedor e comando \u00e0 dist\u00e2ncia;  Caudal:600 m3\/h;  Painel evaporativo de celulose que aumenta a capacidade de refrigera\u00e7\u00e3o;  Consumo: 75W (frio) e 2000W (calor);  Velocidades: 3;  Capacidade do dep\u00f3sito: 4.5 L;  Painel LED t\u00e1ctil com controlo digital com v\u00e1rias fun\u00e7\u00f5es adicionais;  Temporizador at\u00e9 12H;  Oscila\u00e7\u00e3o horizontal autom\u00e1tica;  Inclui 2 packs de gelo;  Ionizador;  Peso: 7.2 kg;  Dimens\u00f5es (Comprimento x Profundidade x Altura): 25 x 30.5 x 76.2 cm.  https:\/\/youtu.be\/IWrtNVtl6EU\" \/>\n<meta property=\"og:url\" content=\"https:\/\/curiosidadesedicas.com\/loja\/produto\/evaporativo-rafy-96\/\" \/>\n<meta property=\"og:site_name\" content=\"Curiosidades &amp; Dicas, Lda\" \/>\n<meta property=\"article:modified_time\" content=\"2026-04-27T16:37:44+00:00\" \/>\n<meta property=\"og:image\" content=\"https:\/\/curiosidadesedicas.com\/loja\/wp-content\/uploads\/2022\/01\/climatizador-purline-44796_0-scaled.jpg\" \/>\n\t<meta property=\"og:image:width\" content=\"2560\" \/>\n\t<meta property=\"og:image:height\" content=\"1925\" \/>\n\t<meta property=\"og:image:type\" content=\"image\/jpeg\" \/>\n<meta name=\"twitter:card\" content=\"summary_large_image\" \/>\n<meta name=\"twitter:label1\" content=\"Tempo estimado de leitura\" \/>\n\t<meta name=\"twitter:data1\" content=\"1 minuto\" \/>\n<script type=\"application\/ld+json\" class=\"yoast-schema-graph\">{\"@context\":\"https:\/\/schema.org\",\"@graph\":[{\"@type\":\"WebPage\",\"@id\":\"https:\/\/curiosidadesedicas.com\/loja\/produto\/evaporativo-rafy-96\/\",\"url\":\"https:\/\/curiosidadesedicas.com\/loja\/produto\/evaporativo-rafy-96\/\",\"name\":\"VENTILADOR RAFY 96 - Curiosidades &amp; Dicas, Lda\",\"isPartOf\":{\"@id\":\"https:\/\/curiosidadesedicas.com\/loja\/#website\"},\"primaryImageOfPage\":{\"@id\":\"https:\/\/curiosidadesedicas.com\/loja\/produto\/evaporativo-rafy-96\/#primaryimage\"},\"image\":{\"@id\":\"https:\/\/curiosidadesedicas.com\/loja\/produto\/evaporativo-rafy-96\/#primaryimage\"},\"thumbnailUrl\":\"https:\/\/curiosidadesedicas.com\/loja\/wp-content\/uploads\/2022\/01\/climatizador-purline-44796_0-scaled.jpg\",\"datePublished\":\"2022-01-16T14:33:56+00:00\",\"dateModified\":\"2026-04-27T16:37:44+00:00\",\"breadcrumb\":{\"@id\":\"https:\/\/curiosidadesedicas.com\/loja\/produto\/evaporativo-rafy-96\/#breadcrumb\"},\"inLanguage\":\"pt-PT\",\"potentialAction\":[{\"@type\":\"ReadAction\",\"target\":[\"https:\/\/curiosidadesedicas.com\/loja\/produto\/evaporativo-rafy-96\/\"]}]},{\"@type\":\"ImageObject\",\"inLanguage\":\"pt-PT\",\"@id\":\"https:\/\/curiosidadesedicas.com\/loja\/produto\/evaporativo-rafy-96\/#primaryimage\",\"url\":\"https:\/\/curiosidadesedicas.com\/loja\/wp-content\/uploads\/2022\/01\/climatizador-purline-44796_0-scaled.jpg\",\"contentUrl\":\"https:\/\/curiosidadesedicas.com\/loja\/wp-content\/uploads\/2022\/01\/climatizador-purline-44796_0-scaled.jpg\",\"width\":2560,\"height\":1925},{\"@type\":\"BreadcrumbList\",\"@id\":\"https:\/\/curiosidadesedicas.com\/loja\/produto\/evaporativo-rafy-96\/#breadcrumb\",\"itemListElement\":[{\"@type\":\"ListItem\",\"position\":1,\"name\":\"In\u00edcio\",\"item\":\"https:\/\/curiosidadesedicas.com\/loja\/\"},{\"@type\":\"ListItem\",\"position\":2,\"name\":\"Produtos\",\"item\":\"https:\/\/curiosidadesedicas.com\/loja\/produtos\/\"},{\"@type\":\"ListItem\",\"position\":3,\"name\":\"VENTILADOR RAFY 96\"}]},{\"@type\":\"WebSite\",\"@id\":\"https:\/\/curiosidadesedicas.com\/loja\/#website\",\"url\":\"https:\/\/curiosidadesedicas.com\/loja\/\",\"name\":\"Curiosidades &amp; Dicas, Lda\",\"description\":\"Apaixonados Por Inova\u00e7\u00e3o\",\"publisher\":{\"@id\":\"https:\/\/curiosidadesedicas.com\/loja\/#organization\"},\"potentialAction\":[{\"@type\":\"SearchAction\",\"target\":{\"@type\":\"EntryPoint\",\"urlTemplate\":\"https:\/\/curiosidadesedicas.com\/loja\/?s={search_term_string}\"},\"query-input\":{\"@type\":\"PropertyValueSpecification\",\"valueRequired\":true,\"valueName\":\"search_term_string\"}}],\"inLanguage\":\"pt-PT\"},{\"@type\":\"Organization\",\"@id\":\"https:\/\/curiosidadesedicas.com\/loja\/#organization\",\"name\":\"Curiosidades & Dicas\",\"url\":\"https:\/\/curiosidadesedicas.com\/loja\/\",\"logo\":{\"@type\":\"ImageObject\",\"inLanguage\":\"pt-PT\",\"@id\":\"https:\/\/curiosidadesedicas.com\/loja\/#\/schema\/logo\/image\/\",\"url\":\"https:\/\/curiosidadesedicas.com\/loja\/wp-content\/uploads\/2020\/05\/LogoCuriosidadesSimples.png\",\"contentUrl\":\"https:\/\/curiosidadesedicas.com\/loja\/wp-content\/uploads\/2020\/05\/LogoCuriosidadesSimples.png\",\"width\":3528,\"height\":804,\"caption\":\"Curiosidades & Dicas\"},\"image\":{\"@id\":\"https:\/\/curiosidadesedicas.com\/loja\/#\/schema\/logo\/image\/\"}}]}<\/script>\n<!-- \/ Yoast SEO plugin. -->","yoast_head_json":{"title":"VENTILADOR RAFY 96 - Curiosidades &amp; Dicas, Lda","robots":{"index":"index","follow":"follow","max-snippet":"max-snippet:-1","max-image-preview":"max-image-preview:large","max-video-preview":"max-video-preview:-1"},"canonical":"https:\/\/curiosidadesedicas.com\/loja\/produto\/evaporativo-rafy-96\/","og_locale":"pt_PT","og_type":"article","og_title":"VENTILADOR RAFY 96 - Curiosidades &amp; Dicas, Lda","og_description":"Climatizador Evaporativo digital com aquecedor e comando \u00e0 dist\u00e2ncia;  Caudal:600 m3\/h;  Painel evaporativo de celulose que aumenta a capacidade de refrigera\u00e7\u00e3o;  Consumo: 75W (frio) e 2000W (calor);  Velocidades: 3;  Capacidade do dep\u00f3sito: 4.5 L;  Painel LED t\u00e1ctil com controlo digital com v\u00e1rias fun\u00e7\u00f5es adicionais;  Temporizador at\u00e9 12H;  Oscila\u00e7\u00e3o horizontal autom\u00e1tica;  Inclui 2 packs de gelo;  Ionizador;  Peso: 7.2 kg;  Dimens\u00f5es (Comprimento x Profundidade x Altura): 25 x 30.5 x 76.2 cm.  https:\/\/youtu.be\/IWrtNVtl6EU","og_url":"https:\/\/curiosidadesedicas.com\/loja\/produto\/evaporativo-rafy-96\/","og_site_name":"Curiosidades &amp; Dicas, Lda","article_modified_time":"2026-04-27T16:37:44+00:00","og_image":[{"width":2560,"height":1925,"url":"https:\/\/curiosidadesedicas.com\/loja\/wp-content\/uploads\/2022\/01\/climatizador-purline-44796_0-scaled.jpg","type":"image\/jpeg"}],"twitter_card":"summary_large_image","twitter_misc":{"Tempo estimado de leitura":"1 minuto"},"schema":{"@context":"https:\/\/schema.org","@graph":[{"@type":"WebPage","@id":"https:\/\/curiosidadesedicas.com\/loja\/produto\/evaporativo-rafy-96\/","url":"https:\/\/curiosidadesedicas.com\/loja\/produto\/evaporativo-rafy-96\/","name":"VENTILADOR RAFY 96 - Curiosidades &amp; Dicas, Lda","isPartOf":{"@id":"https:\/\/curiosidadesedicas.com\/loja\/#website"},"primaryImageOfPage":{"@id":"https:\/\/curiosidadesedicas.com\/loja\/produto\/evaporativo-rafy-96\/#primaryimage"},"image":{"@id":"https:\/\/curiosidadesedicas.com\/loja\/produto\/evaporativo-rafy-96\/#primaryimage"},"thumbnailUrl":"https:\/\/curiosidadesedicas.com\/loja\/wp-content\/uploads\/2022\/01\/climatizador-purline-44796_0-scaled.jpg","datePublished":"2022-01-16T14:33:56+00:00","dateModified":"2026-04-27T16:37:44+00:00","breadcrumb":{"@id":"https:\/\/curiosidadesedicas.com\/loja\/produto\/evaporativo-rafy-96\/#breadcrumb"},"inLanguage":"pt-PT","potentialAction":[{"@type":"ReadAction","target":["https:\/\/curiosidadesedicas.com\/loja\/produto\/evaporativo-rafy-96\/"]}]},{"@type":"ImageObject","inLanguage":"pt-PT","@id":"https:\/\/curiosidadesedicas.com\/loja\/produto\/evaporativo-rafy-96\/#primaryimage","url":"https:\/\/curiosidadesedicas.com\/loja\/wp-content\/uploads\/2022\/01\/climatizador-purline-44796_0-scaled.jpg","contentUrl":"https:\/\/curiosidadesedicas.com\/loja\/wp-content\/uploads\/2022\/01\/climatizador-purline-44796_0-scaled.jpg","width":2560,"height":1925},{"@type":"BreadcrumbList","@id":"https:\/\/curiosidadesedicas.com\/loja\/produto\/evaporativo-rafy-96\/#breadcrumb","itemListElement":[{"@type":"ListItem","position":1,"name":"In\u00edcio","item":"https:\/\/curiosidadesedicas.com\/loja\/"},{"@type":"ListItem","position":2,"name":"Produtos","item":"https:\/\/curiosidadesedicas.com\/loja\/produtos\/"},{"@type":"ListItem","position":3,"name":"VENTILADOR RAFY 96"}]},{"@type":"WebSite","@id":"https:\/\/curiosidadesedicas.com\/loja\/#website","url":"https:\/\/curiosidadesedicas.com\/loja\/","name":"Curiosidades &amp; Dicas, Lda","description":"Apaixonados Por Inova\u00e7\u00e3o","publisher":{"@id":"https:\/\/curiosidadesedicas.com\/loja\/#organization"},"potentialAction":[{"@type":"SearchAction","target":{"@type":"EntryPoint","urlTemplate":"https:\/\/curiosidadesedicas.com\/loja\/?s={search_term_string}"},"query-input":{"@type":"PropertyValueSpecification","valueRequired":true,"valueName":"search_term_string"}}],"inLanguage":"pt-PT"},{"@type":"Organization","@id":"https:\/\/curiosidadesedicas.com\/loja\/#organization","name":"Curiosidades & Dicas","url":"https:\/\/curiosidadesedicas.com\/loja\/","logo":{"@type":"ImageObject","inLanguage":"pt-PT","@id":"https:\/\/curiosidadesedicas.com\/loja\/#\/schema\/logo\/image\/","url":"https:\/\/curiosidadesedicas.com\/loja\/wp-content\/uploads\/2020\/05\/LogoCuriosidadesSimples.png","contentUrl":"https:\/\/curiosidadesedicas.com\/loja\/wp-content\/uploads\/2020\/05\/LogoCuriosidadesSimples.png","width":3528,"height":804,"caption":"Curiosidades & Dicas"},"image":{"@id":"https:\/\/curiosidadesedicas.com\/loja\/#\/schema\/logo\/image\/"}}]}},"_links":{"self":[{"href":"https:\/\/curiosidadesedicas.com\/loja\/wp-json\/wp\/v2\/product\/22726","targetHints":{"allow":["GET"]}}],"collection":[{"href":"https:\/\/curiosidadesedicas.com\/loja\/wp-json\/wp\/v2\/product"}],"about":[{"href":"https:\/\/curiosidadesedicas.com\/loja\/wp-json\/wp\/v2\/types\/product"}],"replies":[{"embeddable":true,"href":"https:\/\/curiosidadesedicas.com\/loja\/wp-json\/wp\/v2\/comments?post=22726"}],"wp:featuredmedia":[{"embeddable":true,"href":"https:\/\/curiosidadesedicas.com\/loja\/wp-json\/wp\/v2\/media\/22733"}],"wp:attachment":[{"href":"https:\/\/curiosidadesedicas.com\/loja\/wp-json\/wp\/v2\/media?parent=22726"}],"wp:term":[{"taxonomy":"product_brand","embeddable":true,"href":"https:\/\/curiosidadesedicas.com\/loja\/wp-json\/wp\/v2\/product_brand?post=22726"},{"taxonomy":"product_cat","embeddable":true,"href":"https:\/\/curiosidadesedicas.com\/loja\/wp-json\/wp\/v2\/product_cat?post=22726"},{"taxonomy":"product_tag","embeddable":true,"href":"https:\/\/curiosidadesedicas.com\/loja\/wp-json\/wp\/v2\/product_tag?post=22726"}],"curies":[{"name":"wp","href":"https:\/\/api.w.org\/{rel}","templated":true}]}}