{"id":22451,"date":"2021-12-24T12:15:25","date_gmt":"2021-12-24T12:15:25","guid":{"rendered":"https:\/\/curiosidadesedicas.com\/loja\/?post_type=product&#038;p=22451"},"modified":"2025-03-13T13:03:24","modified_gmt":"2025-03-13T13:03:24","slug":"lareira-eletrica-led-de-chao-e-parede-beira","status":"publish","type":"product","link":"https:\/\/curiosidadesedicas.com\/loja\/produto\/lareira-eletrica-led-de-chao-e-parede-beira\/","title":{"rendered":"LAREIRA EL\u00c9TRICA LED DE CH\u00c3O E PAREDE BEIRA"},"content":{"rendered":"<p>Lareira El\u00e9trica de parede com luz ambiente LED e chama personaliz\u00e1vel.<\/p>\n<ul>\n<li>Medidas (LxPxH): 57x17x45cm.<\/li>\n<li>Pot\u00eancia: 1000 W \/ 2000W.<\/li>\n<li>Comando.<\/li>\n<li>Chamas personaliz\u00e1veis em cor, intensidade, velocidade e brilho.<\/li>\n<li>Luz LED nas laterais com 8 cores diferentes.<\/li>\n<li>Visor LED do painel de toque.<\/li>\n<li>Program\u00e1vel.<\/li>\n<li>Termostato de temperatura.<\/li>\n<li>Parede ou ch\u00e3o, p\u00e9s inclu\u00eddos.<\/li>\n<\/ul>\n<p><img loading=\"lazy\" decoding=\"async\" class=\"\" src=\"https:\/\/curiosidadesedicas.com\/loja\/wp-content\/uploads\/2021\/12\/CHE-400--scaled.jpg\" width=\"537\" height=\"403\" \/><\/p>\n<p><img decoding=\"async\" src=\"https:\/\/curiosidadesedicas.com\/loja\/wp-content\/uploads\/2021\/12\/9-GIF-BEIRA.gif\" \/><\/p>\n","protected":false},"excerpt":{"rendered":"<p>Lareira El\u00e9trica de parede com luz ambiente LED com chama personaliz\u00e1vel e\u00a0painel de toque.<\/p>\n<ul>\n<li>Medidas (LxPxH): 57x17x45cm.<\/li>\n<li>Pot\u00eancia: 1000 W \/ 2000W.<\/li>\n<li>Comando.<\/li>\n<li>Chamas personaliz\u00e1veis em cor, intensidade, velocidade e brilho.<\/li>\n<li>Luz LED nas laterais com 8 cores diferentes.<\/li>\n<li>Visor LED do painel de toque.<\/li>\n<li>Program\u00e1vel.<\/li>\n<li>Termostato de temperatura.<\/li>\n<li>Parede ou ch\u00e3o, p\u00e9s inclu\u00eddos.<\/li>\n<\/ul>\n<p><strong>Informa\u00e7\u00e3o Importante!<\/strong><\/p>\n<p>Para haver aquecimento o aquecedor tem de ter pot\u00eancia, \u00e9 matem\u00e1tica, e n\u00e3o h\u00e1 milagres, mas se existem uns aquecedores eficientes no mercado, as lareiras s\u00e3o muito eficazes a aquecer e n\u00e3o gastam muito.<\/p>\n<p>As lareiras t\u00eam tudo de bom e por isso vendemos h\u00e1 5 anos, com 99% de clientes apaixonados. Conseguem aquecer logo desde o primeiro segundo (poder t\u00e9rmico de 100%), aquecem muito bem e muito r\u00e1pido uma divis\u00e3o na posi\u00e7\u00e3o dos 2000W (depende sempre do isolamento), quando a divis\u00e3o estiver com um bom ambiente \u201cn\u00e3o precisamos de andar em manga curta\u201d, usa a pot\u00eancia m\u00ednima (1000W), para economizar, ou seja, 90% da utiliza\u00e7\u00e3o da lareira vai ser efetuada no m\u00ednimo, a gastar metade de um aquecedor a \u00f3leo.<\/p>\n<p>Um termo-ventilador gasta 2000W e n\u00e3o aquece nada, ou melhor, aquece bem, mas ao desligar, o calor desaparece logo, e o conforto \/ qualidade do calor\u00a0\u00e9 do pior que existe, um aquecedor arranca a 900W, demora meia hora a libertar o calor para aquecer bem, e gasta 2000W os mais pequenos de 6 elementos, os de 8 elementos 2500W e nunca espalha o calor t\u00e3o bem como as lareiras, nem meia d\u00fazia de aquecedores a \u00f3leo se compara \u00e0s lareiras.<\/p>\n<p>Por isso, s\u00e3o t\u00e3o procuradas, muito realistas, super seguras at\u00e9 ao toque, as crian\u00e7as podem brincar e tocar nas lareiras sem qualquer perigo, o fogo \u00e9 uma descontra\u00e7\u00e3o, uma companhia, t\u00eam mesmo tudo de bom, temos 99.9% de clientes rendidos \u00e0s evid\u00eancias.<\/p>\n<h3><strong>Dispon\u00edvel:\u00a0 entrega 24\/48 horas (salvo rotura de stock) para ilhas at\u00e9 8 dias \u00fateis<\/strong><\/h3>\n","protected":false},"featured_media":30610,"comment_status":"open","ping_status":"closed","template":"","meta":{"_glsr_average":0,"_glsr_ranking":0,"_glsr_reviews":0},"product_brand":[],"product_cat":[368,478,365],"product_tag":[],"class_list":{"0":"post-22451","1":"product","2":"type-product","3":"status-publish","4":"has-post-thumbnail","6":"product_cat-aquecimento","7":"product_cat-lareiras-eletricas","8":"product_cat-para-o-lar","10":"first","11":"instock","12":"taxable","13":"shipping-taxable","14":"purchasable","15":"product-type-simple"},"yoast_head":"<!-- This site is optimized with the Yoast SEO plugin v26.8 - https:\/\/yoast.com\/product\/yoast-seo-wordpress\/ -->\n<title>LAREIRA EL\u00c9TRICA LED DE CH\u00c3O E PAREDE BEIRA - Curiosidades &amp; Dicas, Lda<\/title>\n<meta name=\"robots\" content=\"index, follow, max-snippet:-1, max-image-preview:large, max-video-preview:-1\" \/>\n<link rel=\"canonical\" href=\"https:\/\/curiosidadesedicas.com\/loja\/produto\/lareira-eletrica-led-de-chao-e-parede-beira\/\" \/>\n<meta property=\"og:locale\" content=\"pt_PT\" \/>\n<meta property=\"og:type\" content=\"article\" \/>\n<meta property=\"og:title\" content=\"LAREIRA EL\u00c9TRICA LED DE CH\u00c3O E PAREDE BEIRA - Curiosidades &amp; Dicas, Lda\" \/>\n<meta property=\"og:description\" content=\"Lareira El\u00e9trica de parede com luz ambiente LED com chama personaliz\u00e1vel e\u00a0painel de toque.   Medidas (LxPxH): 57x17x45cm.  Pot\u00eancia: 1000 W \/ 2000W.  Comando.  Chamas personaliz\u00e1veis em cor, intensidade, velocidade e brilho.  Luz LED nas laterais com 8 cores diferentes.  Visor LED do painel de toque.  Program\u00e1vel.  Termostato de temperatura.  Parede ou ch\u00e3o, p\u00e9s inclu\u00eddos.  Informa\u00e7\u00e3o Importante!  Para haver aquecimento o aquecedor tem de ter pot\u00eancia, \u00e9 matem\u00e1tica, e n\u00e3o h\u00e1 milagres, mas se existem uns aquecedores eficientes no mercado, as lareiras s\u00e3o muito eficazes a aquecer e n\u00e3o gastam muito.  As lareiras t\u00eam tudo de bom e por isso vendemos h\u00e1 5 anos, com 99% de clientes apaixonados. Conseguem aquecer logo desde o primeiro segundo (poder t\u00e9rmico de 100%), aquecem muito bem e muito r\u00e1pido uma divis\u00e3o na posi\u00e7\u00e3o dos 2000W (depende sempre do isolamento), quando a divis\u00e3o estiver com um bom ambiente \u201cn\u00e3o precisamos de andar em manga curta\u201d, usa a pot\u00eancia m\u00ednima (1000W), para economizar, ou seja, 90% da utiliza\u00e7\u00e3o da lareira vai ser efetuada no m\u00ednimo, a gastar metade de um aquecedor a \u00f3leo.  Um termo-ventilador gasta 2000W e n\u00e3o aquece nada, ou melhor, aquece bem, mas ao desligar, o calor desaparece logo, e o conforto \/ qualidade do calor\u00a0\u00e9 do pior que existe, um aquecedor arranca a 900W, demora meia hora a libertar o calor para aquecer bem, e gasta 2000W os mais pequenos de 6 elementos, os de 8 elementos 2500W e nunca espalha o calor t\u00e3o bem como as lareiras, nem meia d\u00fazia de aquecedores a \u00f3leo se compara \u00e0s lareiras.  Por isso, s\u00e3o t\u00e3o procuradas, muito realistas, super seguras at\u00e9 ao toque, as crian\u00e7as podem brincar e tocar nas lareiras sem qualquer perigo, o fogo \u00e9 uma descontra\u00e7\u00e3o, uma companhia, t\u00eam mesmo tudo de bom, temos 99.9% de clientes rendidos \u00e0s evid\u00eancias. Dispon\u00edvel:\u00a0 entrega 24\/48 horas (salvo rotura de stock) para ilhas at\u00e9 8 dias \u00fateis\" \/>\n<meta property=\"og:url\" content=\"https:\/\/curiosidadesedicas.com\/loja\/produto\/lareira-eletrica-led-de-chao-e-parede-beira\/\" \/>\n<meta property=\"og:site_name\" content=\"Curiosidades &amp; Dicas, Lda\" \/>\n<meta property=\"article:modified_time\" content=\"2025-03-13T13:03:24+00:00\" \/>\n<meta property=\"og:image\" content=\"https:\/\/curiosidadesedicas.com\/loja\/wp-content\/uploads\/2021\/12\/chimenea-purline-45482_0.jpg\" \/>\n\t<meta property=\"og:image:width\" content=\"748\" \/>\n\t<meta property=\"og:image:height\" content=\"561\" \/>\n\t<meta property=\"og:image:type\" content=\"image\/jpeg\" \/>\n<meta name=\"twitter:card\" content=\"summary_large_image\" \/>\n<meta name=\"twitter:label1\" content=\"Tempo estimado de leitura\" \/>\n\t<meta name=\"twitter:data1\" content=\"1 minuto\" \/>\n<script type=\"application\/ld+json\" class=\"yoast-schema-graph\">{\"@context\":\"https:\/\/schema.org\",\"@graph\":[{\"@type\":\"WebPage\",\"@id\":\"https:\/\/curiosidadesedicas.com\/loja\/produto\/lareira-eletrica-led-de-chao-e-parede-beira\/\",\"url\":\"https:\/\/curiosidadesedicas.com\/loja\/produto\/lareira-eletrica-led-de-chao-e-parede-beira\/\",\"name\":\"LAREIRA EL\u00c9TRICA LED DE CH\u00c3O E PAREDE BEIRA - Curiosidades &amp; Dicas, Lda\",\"isPartOf\":{\"@id\":\"https:\/\/curiosidadesedicas.com\/loja\/#website\"},\"primaryImageOfPage\":{\"@id\":\"https:\/\/curiosidadesedicas.com\/loja\/produto\/lareira-eletrica-led-de-chao-e-parede-beira\/#primaryimage\"},\"image\":{\"@id\":\"https:\/\/curiosidadesedicas.com\/loja\/produto\/lareira-eletrica-led-de-chao-e-parede-beira\/#primaryimage\"},\"thumbnailUrl\":\"https:\/\/curiosidadesedicas.com\/loja\/wp-content\/uploads\/2021\/12\/chimenea-purline-45482_0.jpg\",\"datePublished\":\"2021-12-24T12:15:25+00:00\",\"dateModified\":\"2025-03-13T13:03:24+00:00\",\"breadcrumb\":{\"@id\":\"https:\/\/curiosidadesedicas.com\/loja\/produto\/lareira-eletrica-led-de-chao-e-parede-beira\/#breadcrumb\"},\"inLanguage\":\"pt-PT\",\"potentialAction\":[{\"@type\":\"ReadAction\",\"target\":[\"https:\/\/curiosidadesedicas.com\/loja\/produto\/lareira-eletrica-led-de-chao-e-parede-beira\/\"]}]},{\"@type\":\"ImageObject\",\"inLanguage\":\"pt-PT\",\"@id\":\"https:\/\/curiosidadesedicas.com\/loja\/produto\/lareira-eletrica-led-de-chao-e-parede-beira\/#primaryimage\",\"url\":\"https:\/\/curiosidadesedicas.com\/loja\/wp-content\/uploads\/2021\/12\/chimenea-purline-45482_0.jpg\",\"contentUrl\":\"https:\/\/curiosidadesedicas.com\/loja\/wp-content\/uploads\/2021\/12\/chimenea-purline-45482_0.jpg\",\"width\":748,\"height\":561},{\"@type\":\"BreadcrumbList\",\"@id\":\"https:\/\/curiosidadesedicas.com\/loja\/produto\/lareira-eletrica-led-de-chao-e-parede-beira\/#breadcrumb\",\"itemListElement\":[{\"@type\":\"ListItem\",\"position\":1,\"name\":\"In\u00edcio\",\"item\":\"https:\/\/curiosidadesedicas.com\/loja\/\"},{\"@type\":\"ListItem\",\"position\":2,\"name\":\"Produtos\",\"item\":\"https:\/\/curiosidadesedicas.com\/loja\/produtos\/\"},{\"@type\":\"ListItem\",\"position\":3,\"name\":\"LAREIRA EL\u00c9TRICA LED DE CH\u00c3O E PAREDE BEIRA\"}]},{\"@type\":\"WebSite\",\"@id\":\"https:\/\/curiosidadesedicas.com\/loja\/#website\",\"url\":\"https:\/\/curiosidadesedicas.com\/loja\/\",\"name\":\"Curiosidades &amp; Dicas, Lda\",\"description\":\"Apaixonados Por Inova\u00e7\u00e3o\",\"publisher\":{\"@id\":\"https:\/\/curiosidadesedicas.com\/loja\/#organization\"},\"potentialAction\":[{\"@type\":\"SearchAction\",\"target\":{\"@type\":\"EntryPoint\",\"urlTemplate\":\"https:\/\/curiosidadesedicas.com\/loja\/?s={search_term_string}\"},\"query-input\":{\"@type\":\"PropertyValueSpecification\",\"valueRequired\":true,\"valueName\":\"search_term_string\"}}],\"inLanguage\":\"pt-PT\"},{\"@type\":\"Organization\",\"@id\":\"https:\/\/curiosidadesedicas.com\/loja\/#organization\",\"name\":\"Curiosidades & Dicas\",\"url\":\"https:\/\/curiosidadesedicas.com\/loja\/\",\"logo\":{\"@type\":\"ImageObject\",\"inLanguage\":\"pt-PT\",\"@id\":\"https:\/\/curiosidadesedicas.com\/loja\/#\/schema\/logo\/image\/\",\"url\":\"https:\/\/curiosidadesedicas.com\/loja\/wp-content\/uploads\/2020\/05\/LogoCuriosidadesSimples.png\",\"contentUrl\":\"https:\/\/curiosidadesedicas.com\/loja\/wp-content\/uploads\/2020\/05\/LogoCuriosidadesSimples.png\",\"width\":3528,\"height\":804,\"caption\":\"Curiosidades & Dicas\"},\"image\":{\"@id\":\"https:\/\/curiosidadesedicas.com\/loja\/#\/schema\/logo\/image\/\"}}]}<\/script>\n<!-- \/ Yoast SEO plugin. -->","yoast_head_json":{"title":"LAREIRA EL\u00c9TRICA LED DE CH\u00c3O E PAREDE BEIRA - Curiosidades &amp; Dicas, Lda","robots":{"index":"index","follow":"follow","max-snippet":"max-snippet:-1","max-image-preview":"max-image-preview:large","max-video-preview":"max-video-preview:-1"},"canonical":"https:\/\/curiosidadesedicas.com\/loja\/produto\/lareira-eletrica-led-de-chao-e-parede-beira\/","og_locale":"pt_PT","og_type":"article","og_title":"LAREIRA EL\u00c9TRICA LED DE CH\u00c3O E PAREDE BEIRA - Curiosidades &amp; Dicas, Lda","og_description":"Lareira El\u00e9trica de parede com luz ambiente LED com chama personaliz\u00e1vel e\u00a0painel de toque.   Medidas (LxPxH): 57x17x45cm.  Pot\u00eancia: 1000 W \/ 2000W.  Comando.  Chamas personaliz\u00e1veis em cor, intensidade, velocidade e brilho.  Luz LED nas laterais com 8 cores diferentes.  Visor LED do painel de toque.  Program\u00e1vel.  Termostato de temperatura.  Parede ou ch\u00e3o, p\u00e9s inclu\u00eddos.  Informa\u00e7\u00e3o Importante!  Para haver aquecimento o aquecedor tem de ter pot\u00eancia, \u00e9 matem\u00e1tica, e n\u00e3o h\u00e1 milagres, mas se existem uns aquecedores eficientes no mercado, as lareiras s\u00e3o muito eficazes a aquecer e n\u00e3o gastam muito.  As lareiras t\u00eam tudo de bom e por isso vendemos h\u00e1 5 anos, com 99% de clientes apaixonados. Conseguem aquecer logo desde o primeiro segundo (poder t\u00e9rmico de 100%), aquecem muito bem e muito r\u00e1pido uma divis\u00e3o na posi\u00e7\u00e3o dos 2000W (depende sempre do isolamento), quando a divis\u00e3o estiver com um bom ambiente \u201cn\u00e3o precisamos de andar em manga curta\u201d, usa a pot\u00eancia m\u00ednima (1000W), para economizar, ou seja, 90% da utiliza\u00e7\u00e3o da lareira vai ser efetuada no m\u00ednimo, a gastar metade de um aquecedor a \u00f3leo.  Um termo-ventilador gasta 2000W e n\u00e3o aquece nada, ou melhor, aquece bem, mas ao desligar, o calor desaparece logo, e o conforto \/ qualidade do calor\u00a0\u00e9 do pior que existe, um aquecedor arranca a 900W, demora meia hora a libertar o calor para aquecer bem, e gasta 2000W os mais pequenos de 6 elementos, os de 8 elementos 2500W e nunca espalha o calor t\u00e3o bem como as lareiras, nem meia d\u00fazia de aquecedores a \u00f3leo se compara \u00e0s lareiras.  Por isso, s\u00e3o t\u00e3o procuradas, muito realistas, super seguras at\u00e9 ao toque, as crian\u00e7as podem brincar e tocar nas lareiras sem qualquer perigo, o fogo \u00e9 uma descontra\u00e7\u00e3o, uma companhia, t\u00eam mesmo tudo de bom, temos 99.9% de clientes rendidos \u00e0s evid\u00eancias. Dispon\u00edvel:\u00a0 entrega 24\/48 horas (salvo rotura de stock) para ilhas at\u00e9 8 dias \u00fateis","og_url":"https:\/\/curiosidadesedicas.com\/loja\/produto\/lareira-eletrica-led-de-chao-e-parede-beira\/","og_site_name":"Curiosidades &amp; Dicas, Lda","article_modified_time":"2025-03-13T13:03:24+00:00","og_image":[{"width":748,"height":561,"url":"https:\/\/curiosidadesedicas.com\/loja\/wp-content\/uploads\/2021\/12\/chimenea-purline-45482_0.jpg","type":"image\/jpeg"}],"twitter_card":"summary_large_image","twitter_misc":{"Tempo estimado de leitura":"1 minuto"},"schema":{"@context":"https:\/\/schema.org","@graph":[{"@type":"WebPage","@id":"https:\/\/curiosidadesedicas.com\/loja\/produto\/lareira-eletrica-led-de-chao-e-parede-beira\/","url":"https:\/\/curiosidadesedicas.com\/loja\/produto\/lareira-eletrica-led-de-chao-e-parede-beira\/","name":"LAREIRA EL\u00c9TRICA LED DE CH\u00c3O E PAREDE BEIRA - Curiosidades &amp; Dicas, Lda","isPartOf":{"@id":"https:\/\/curiosidadesedicas.com\/loja\/#website"},"primaryImageOfPage":{"@id":"https:\/\/curiosidadesedicas.com\/loja\/produto\/lareira-eletrica-led-de-chao-e-parede-beira\/#primaryimage"},"image":{"@id":"https:\/\/curiosidadesedicas.com\/loja\/produto\/lareira-eletrica-led-de-chao-e-parede-beira\/#primaryimage"},"thumbnailUrl":"https:\/\/curiosidadesedicas.com\/loja\/wp-content\/uploads\/2021\/12\/chimenea-purline-45482_0.jpg","datePublished":"2021-12-24T12:15:25+00:00","dateModified":"2025-03-13T13:03:24+00:00","breadcrumb":{"@id":"https:\/\/curiosidadesedicas.com\/loja\/produto\/lareira-eletrica-led-de-chao-e-parede-beira\/#breadcrumb"},"inLanguage":"pt-PT","potentialAction":[{"@type":"ReadAction","target":["https:\/\/curiosidadesedicas.com\/loja\/produto\/lareira-eletrica-led-de-chao-e-parede-beira\/"]}]},{"@type":"ImageObject","inLanguage":"pt-PT","@id":"https:\/\/curiosidadesedicas.com\/loja\/produto\/lareira-eletrica-led-de-chao-e-parede-beira\/#primaryimage","url":"https:\/\/curiosidadesedicas.com\/loja\/wp-content\/uploads\/2021\/12\/chimenea-purline-45482_0.jpg","contentUrl":"https:\/\/curiosidadesedicas.com\/loja\/wp-content\/uploads\/2021\/12\/chimenea-purline-45482_0.jpg","width":748,"height":561},{"@type":"BreadcrumbList","@id":"https:\/\/curiosidadesedicas.com\/loja\/produto\/lareira-eletrica-led-de-chao-e-parede-beira\/#breadcrumb","itemListElement":[{"@type":"ListItem","position":1,"name":"In\u00edcio","item":"https:\/\/curiosidadesedicas.com\/loja\/"},{"@type":"ListItem","position":2,"name":"Produtos","item":"https:\/\/curiosidadesedicas.com\/loja\/produtos\/"},{"@type":"ListItem","position":3,"name":"LAREIRA EL\u00c9TRICA LED DE CH\u00c3O E PAREDE BEIRA"}]},{"@type":"WebSite","@id":"https:\/\/curiosidadesedicas.com\/loja\/#website","url":"https:\/\/curiosidadesedicas.com\/loja\/","name":"Curiosidades &amp; Dicas, Lda","description":"Apaixonados Por Inova\u00e7\u00e3o","publisher":{"@id":"https:\/\/curiosidadesedicas.com\/loja\/#organization"},"potentialAction":[{"@type":"SearchAction","target":{"@type":"EntryPoint","urlTemplate":"https:\/\/curiosidadesedicas.com\/loja\/?s={search_term_string}"},"query-input":{"@type":"PropertyValueSpecification","valueRequired":true,"valueName":"search_term_string"}}],"inLanguage":"pt-PT"},{"@type":"Organization","@id":"https:\/\/curiosidadesedicas.com\/loja\/#organization","name":"Curiosidades & Dicas","url":"https:\/\/curiosidadesedicas.com\/loja\/","logo":{"@type":"ImageObject","inLanguage":"pt-PT","@id":"https:\/\/curiosidadesedicas.com\/loja\/#\/schema\/logo\/image\/","url":"https:\/\/curiosidadesedicas.com\/loja\/wp-content\/uploads\/2020\/05\/LogoCuriosidadesSimples.png","contentUrl":"https:\/\/curiosidadesedicas.com\/loja\/wp-content\/uploads\/2020\/05\/LogoCuriosidadesSimples.png","width":3528,"height":804,"caption":"Curiosidades & Dicas"},"image":{"@id":"https:\/\/curiosidadesedicas.com\/loja\/#\/schema\/logo\/image\/"}}]}},"_links":{"self":[{"href":"https:\/\/curiosidadesedicas.com\/loja\/wp-json\/wp\/v2\/product\/22451","targetHints":{"allow":["GET"]}}],"collection":[{"href":"https:\/\/curiosidadesedicas.com\/loja\/wp-json\/wp\/v2\/product"}],"about":[{"href":"https:\/\/curiosidadesedicas.com\/loja\/wp-json\/wp\/v2\/types\/product"}],"replies":[{"embeddable":true,"href":"https:\/\/curiosidadesedicas.com\/loja\/wp-json\/wp\/v2\/comments?post=22451"}],"wp:featuredmedia":[{"embeddable":true,"href":"https:\/\/curiosidadesedicas.com\/loja\/wp-json\/wp\/v2\/media\/30610"}],"wp:attachment":[{"href":"https:\/\/curiosidadesedicas.com\/loja\/wp-json\/wp\/v2\/media?parent=22451"}],"wp:term":[{"taxonomy":"product_brand","embeddable":true,"href":"https:\/\/curiosidadesedicas.com\/loja\/wp-json\/wp\/v2\/product_brand?post=22451"},{"taxonomy":"product_cat","embeddable":true,"href":"https:\/\/curiosidadesedicas.com\/loja\/wp-json\/wp\/v2\/product_cat?post=22451"},{"taxonomy":"product_tag","embeddable":true,"href":"https:\/\/curiosidadesedicas.com\/loja\/wp-json\/wp\/v2\/product_tag?post=22451"}],"curies":[{"name":"wp","href":"https:\/\/api.w.org\/{rel}","templated":true}]}}