{"id":22308,"date":"2021-12-09T13:31:37","date_gmt":"2021-12-09T13:31:37","guid":{"rendered":"https:\/\/curiosidadesedicas.com\/loja\/?post_type=product&#038;p=22308"},"modified":"2024-04-23T15:01:39","modified_gmt":"2024-04-23T15:01:39","slug":"almofada-eletrica-40-x-30-cm-100w","status":"publish","type":"product","link":"https:\/\/curiosidadesedicas.com\/loja\/produto\/almofada-eletrica-40-x-30-cm-100w\/","title":{"rendered":"ALMOFADA EL\u00c9TRICA 40 X 30 CM 100W"},"content":{"rendered":"<p>Almofada de aquecimento, proporciona calor e relaxamento em dias frios, tamanho: 40 \u00d7 30 cm. 3 n\u00edveis de temperatura, pot\u00eancia 100W. Ideal para aliviar dores musculares.<\/p>\n","protected":false},"excerpt":{"rendered":"<p>Almofada de aquecimento, proporciona calor e relaxamento em dias frios. Ideal para aliviar dores musculares e perfeito para usar em casa enquanto relaxa no sof\u00e1.<\/p>\n<ul>\n<li>3 n\u00edveis de temperatura<\/li>\n<li>Dimens\u00f5es: 40 x 30cm<\/li>\n<li>Peso l\u00edquido: 0,37 kg<\/li>\n<li>Material: Superf\u00edcie de poli\u00e9ster<\/li>\n<li>Pot\u00eancia: 100W<\/li>\n<li>Desligamento autom\u00e1tico em 90 minutos<\/li>\n<li>Lav\u00e1vel<\/li>\n<li>Controlador destac\u00e1vel<\/li>\n<\/ul>\n","protected":false},"featured_media":22309,"comment_status":"open","ping_status":"closed","template":"","meta":{"_glsr_average":0,"_glsr_ranking":0,"_glsr_reviews":0},"product_brand":[],"product_cat":[357,363,359,358,368,479],"product_tag":[],"class_list":{"0":"post-22308","1":"product","2":"type-product","3":"status-publish","4":"has-post-thumbnail","6":"product_cat-bem-estar","7":"product_cat-almofadas","8":"product_cat-relax","9":"product_cat-saude-e-higiene","10":"product_cat-aquecimento","11":"product_cat-casa","13":"first","14":"outofstock","15":"taxable","16":"shipping-taxable","17":"purchasable","18":"product-type-simple"},"yoast_head":"<!-- This site is optimized with the Yoast SEO plugin v26.8 - https:\/\/yoast.com\/product\/yoast-seo-wordpress\/ -->\n<title>ALMOFADA EL\u00c9TRICA 40 X 30 CM 100W - Curiosidades &amp; Dicas, Lda<\/title>\n<meta name=\"robots\" content=\"index, follow, max-snippet:-1, max-image-preview:large, max-video-preview:-1\" \/>\n<link rel=\"canonical\" href=\"https:\/\/curiosidadesedicas.com\/loja\/produto\/almofada-eletrica-40-x-30-cm-100w\/\" \/>\n<meta property=\"og:locale\" content=\"pt_PT\" \/>\n<meta property=\"og:type\" content=\"article\" \/>\n<meta property=\"og:title\" content=\"ALMOFADA EL\u00c9TRICA 40 X 30 CM 100W - Curiosidades &amp; Dicas, Lda\" \/>\n<meta property=\"og:description\" content=\"Almofada de aquecimento, proporciona calor e relaxamento em dias frios. Ideal para aliviar dores musculares e perfeito para usar em casa enquanto relaxa no sof\u00e1.   3 n\u00edveis de temperatura  Dimens\u00f5es: 40 x 30cm  Peso l\u00edquido: 0,37 kg  Material: Superf\u00edcie de poli\u00e9ster  Pot\u00eancia: 100W  Desligamento autom\u00e1tico em 90 minutos  Lav\u00e1vel  Controlador destac\u00e1vel\" \/>\n<meta property=\"og:url\" content=\"https:\/\/curiosidadesedicas.com\/loja\/produto\/almofada-eletrica-40-x-30-cm-100w\/\" \/>\n<meta property=\"og:site_name\" content=\"Curiosidades &amp; Dicas, Lda\" \/>\n<meta property=\"article:modified_time\" content=\"2024-04-23T15:01:39+00:00\" \/>\n<meta property=\"og:image\" content=\"https:\/\/curiosidadesedicas.com\/loja\/wp-content\/uploads\/2021\/12\/th-eb601-almohadilla-electrica-4030-cm-thulos-th-eb601-almohadilla-electrica-proporciona-calidez-y-relax-en-los-dias-frios-taman1.jpg\" \/>\n\t<meta property=\"og:image:width\" content=\"800\" \/>\n\t<meta property=\"og:image:height\" content=\"800\" \/>\n\t<meta property=\"og:image:type\" content=\"image\/jpeg\" \/>\n<meta name=\"twitter:card\" content=\"summary_large_image\" \/>\n<meta name=\"twitter:label1\" content=\"Tempo estimado de leitura\" \/>\n\t<meta name=\"twitter:data1\" content=\"1 minuto\" \/>\n<script type=\"application\/ld+json\" class=\"yoast-schema-graph\">{\"@context\":\"https:\/\/schema.org\",\"@graph\":[{\"@type\":\"WebPage\",\"@id\":\"https:\/\/curiosidadesedicas.com\/loja\/produto\/almofada-eletrica-40-x-30-cm-100w\/\",\"url\":\"https:\/\/curiosidadesedicas.com\/loja\/produto\/almofada-eletrica-40-x-30-cm-100w\/\",\"name\":\"ALMOFADA EL\u00c9TRICA 40 X 30 CM 100W - Curiosidades &amp; Dicas, Lda\",\"isPartOf\":{\"@id\":\"https:\/\/curiosidadesedicas.com\/loja\/#website\"},\"primaryImageOfPage\":{\"@id\":\"https:\/\/curiosidadesedicas.com\/loja\/produto\/almofada-eletrica-40-x-30-cm-100w\/#primaryimage\"},\"image\":{\"@id\":\"https:\/\/curiosidadesedicas.com\/loja\/produto\/almofada-eletrica-40-x-30-cm-100w\/#primaryimage\"},\"thumbnailUrl\":\"https:\/\/curiosidadesedicas.com\/loja\/wp-content\/uploads\/2021\/12\/th-eb601-almohadilla-electrica-4030-cm-thulos-th-eb601-almohadilla-electrica-proporciona-calidez-y-relax-en-los-dias-frios-taman1.jpg\",\"datePublished\":\"2021-12-09T13:31:37+00:00\",\"dateModified\":\"2024-04-23T15:01:39+00:00\",\"breadcrumb\":{\"@id\":\"https:\/\/curiosidadesedicas.com\/loja\/produto\/almofada-eletrica-40-x-30-cm-100w\/#breadcrumb\"},\"inLanguage\":\"pt-PT\",\"potentialAction\":[{\"@type\":\"ReadAction\",\"target\":[\"https:\/\/curiosidadesedicas.com\/loja\/produto\/almofada-eletrica-40-x-30-cm-100w\/\"]}]},{\"@type\":\"ImageObject\",\"inLanguage\":\"pt-PT\",\"@id\":\"https:\/\/curiosidadesedicas.com\/loja\/produto\/almofada-eletrica-40-x-30-cm-100w\/#primaryimage\",\"url\":\"https:\/\/curiosidadesedicas.com\/loja\/wp-content\/uploads\/2021\/12\/th-eb601-almohadilla-electrica-4030-cm-thulos-th-eb601-almohadilla-electrica-proporciona-calidez-y-relax-en-los-dias-frios-taman1.jpg\",\"contentUrl\":\"https:\/\/curiosidadesedicas.com\/loja\/wp-content\/uploads\/2021\/12\/th-eb601-almohadilla-electrica-4030-cm-thulos-th-eb601-almohadilla-electrica-proporciona-calidez-y-relax-en-los-dias-frios-taman1.jpg\",\"width\":800,\"height\":800},{\"@type\":\"BreadcrumbList\",\"@id\":\"https:\/\/curiosidadesedicas.com\/loja\/produto\/almofada-eletrica-40-x-30-cm-100w\/#breadcrumb\",\"itemListElement\":[{\"@type\":\"ListItem\",\"position\":1,\"name\":\"In\u00edcio\",\"item\":\"https:\/\/curiosidadesedicas.com\/loja\/\"},{\"@type\":\"ListItem\",\"position\":2,\"name\":\"Produtos\",\"item\":\"https:\/\/curiosidadesedicas.com\/loja\/produtos\/\"},{\"@type\":\"ListItem\",\"position\":3,\"name\":\"ALMOFADA EL\u00c9TRICA 40 X 30 CM 100W\"}]},{\"@type\":\"WebSite\",\"@id\":\"https:\/\/curiosidadesedicas.com\/loja\/#website\",\"url\":\"https:\/\/curiosidadesedicas.com\/loja\/\",\"name\":\"Curiosidades &amp; Dicas, Lda\",\"description\":\"Apaixonados Por Inova\u00e7\u00e3o\",\"publisher\":{\"@id\":\"https:\/\/curiosidadesedicas.com\/loja\/#organization\"},\"potentialAction\":[{\"@type\":\"SearchAction\",\"target\":{\"@type\":\"EntryPoint\",\"urlTemplate\":\"https:\/\/curiosidadesedicas.com\/loja\/?s={search_term_string}\"},\"query-input\":{\"@type\":\"PropertyValueSpecification\",\"valueRequired\":true,\"valueName\":\"search_term_string\"}}],\"inLanguage\":\"pt-PT\"},{\"@type\":\"Organization\",\"@id\":\"https:\/\/curiosidadesedicas.com\/loja\/#organization\",\"name\":\"Curiosidades & Dicas\",\"url\":\"https:\/\/curiosidadesedicas.com\/loja\/\",\"logo\":{\"@type\":\"ImageObject\",\"inLanguage\":\"pt-PT\",\"@id\":\"https:\/\/curiosidadesedicas.com\/loja\/#\/schema\/logo\/image\/\",\"url\":\"https:\/\/curiosidadesedicas.com\/loja\/wp-content\/uploads\/2020\/05\/LogoCuriosidadesSimples.png\",\"contentUrl\":\"https:\/\/curiosidadesedicas.com\/loja\/wp-content\/uploads\/2020\/05\/LogoCuriosidadesSimples.png\",\"width\":3528,\"height\":804,\"caption\":\"Curiosidades & Dicas\"},\"image\":{\"@id\":\"https:\/\/curiosidadesedicas.com\/loja\/#\/schema\/logo\/image\/\"}}]}<\/script>\n<!-- \/ Yoast SEO plugin. -->","yoast_head_json":{"title":"ALMOFADA EL\u00c9TRICA 40 X 30 CM 100W - Curiosidades &amp; Dicas, Lda","robots":{"index":"index","follow":"follow","max-snippet":"max-snippet:-1","max-image-preview":"max-image-preview:large","max-video-preview":"max-video-preview:-1"},"canonical":"https:\/\/curiosidadesedicas.com\/loja\/produto\/almofada-eletrica-40-x-30-cm-100w\/","og_locale":"pt_PT","og_type":"article","og_title":"ALMOFADA EL\u00c9TRICA 40 X 30 CM 100W - Curiosidades &amp; Dicas, Lda","og_description":"Almofada de aquecimento, proporciona calor e relaxamento em dias frios. Ideal para aliviar dores musculares e perfeito para usar em casa enquanto relaxa no sof\u00e1.   3 n\u00edveis de temperatura  Dimens\u00f5es: 40 x 30cm  Peso l\u00edquido: 0,37 kg  Material: Superf\u00edcie de poli\u00e9ster  Pot\u00eancia: 100W  Desligamento autom\u00e1tico em 90 minutos  Lav\u00e1vel  Controlador destac\u00e1vel","og_url":"https:\/\/curiosidadesedicas.com\/loja\/produto\/almofada-eletrica-40-x-30-cm-100w\/","og_site_name":"Curiosidades &amp; Dicas, Lda","article_modified_time":"2024-04-23T15:01:39+00:00","og_image":[{"width":800,"height":800,"url":"https:\/\/curiosidadesedicas.com\/loja\/wp-content\/uploads\/2021\/12\/th-eb601-almohadilla-electrica-4030-cm-thulos-th-eb601-almohadilla-electrica-proporciona-calidez-y-relax-en-los-dias-frios-taman1.jpg","type":"image\/jpeg"}],"twitter_card":"summary_large_image","twitter_misc":{"Tempo estimado de leitura":"1 minuto"},"schema":{"@context":"https:\/\/schema.org","@graph":[{"@type":"WebPage","@id":"https:\/\/curiosidadesedicas.com\/loja\/produto\/almofada-eletrica-40-x-30-cm-100w\/","url":"https:\/\/curiosidadesedicas.com\/loja\/produto\/almofada-eletrica-40-x-30-cm-100w\/","name":"ALMOFADA EL\u00c9TRICA 40 X 30 CM 100W - Curiosidades &amp; Dicas, Lda","isPartOf":{"@id":"https:\/\/curiosidadesedicas.com\/loja\/#website"},"primaryImageOfPage":{"@id":"https:\/\/curiosidadesedicas.com\/loja\/produto\/almofada-eletrica-40-x-30-cm-100w\/#primaryimage"},"image":{"@id":"https:\/\/curiosidadesedicas.com\/loja\/produto\/almofada-eletrica-40-x-30-cm-100w\/#primaryimage"},"thumbnailUrl":"https:\/\/curiosidadesedicas.com\/loja\/wp-content\/uploads\/2021\/12\/th-eb601-almohadilla-electrica-4030-cm-thulos-th-eb601-almohadilla-electrica-proporciona-calidez-y-relax-en-los-dias-frios-taman1.jpg","datePublished":"2021-12-09T13:31:37+00:00","dateModified":"2024-04-23T15:01:39+00:00","breadcrumb":{"@id":"https:\/\/curiosidadesedicas.com\/loja\/produto\/almofada-eletrica-40-x-30-cm-100w\/#breadcrumb"},"inLanguage":"pt-PT","potentialAction":[{"@type":"ReadAction","target":["https:\/\/curiosidadesedicas.com\/loja\/produto\/almofada-eletrica-40-x-30-cm-100w\/"]}]},{"@type":"ImageObject","inLanguage":"pt-PT","@id":"https:\/\/curiosidadesedicas.com\/loja\/produto\/almofada-eletrica-40-x-30-cm-100w\/#primaryimage","url":"https:\/\/curiosidadesedicas.com\/loja\/wp-content\/uploads\/2021\/12\/th-eb601-almohadilla-electrica-4030-cm-thulos-th-eb601-almohadilla-electrica-proporciona-calidez-y-relax-en-los-dias-frios-taman1.jpg","contentUrl":"https:\/\/curiosidadesedicas.com\/loja\/wp-content\/uploads\/2021\/12\/th-eb601-almohadilla-electrica-4030-cm-thulos-th-eb601-almohadilla-electrica-proporciona-calidez-y-relax-en-los-dias-frios-taman1.jpg","width":800,"height":800},{"@type":"BreadcrumbList","@id":"https:\/\/curiosidadesedicas.com\/loja\/produto\/almofada-eletrica-40-x-30-cm-100w\/#breadcrumb","itemListElement":[{"@type":"ListItem","position":1,"name":"In\u00edcio","item":"https:\/\/curiosidadesedicas.com\/loja\/"},{"@type":"ListItem","position":2,"name":"Produtos","item":"https:\/\/curiosidadesedicas.com\/loja\/produtos\/"},{"@type":"ListItem","position":3,"name":"ALMOFADA EL\u00c9TRICA 40 X 30 CM 100W"}]},{"@type":"WebSite","@id":"https:\/\/curiosidadesedicas.com\/loja\/#website","url":"https:\/\/curiosidadesedicas.com\/loja\/","name":"Curiosidades &amp; Dicas, Lda","description":"Apaixonados Por Inova\u00e7\u00e3o","publisher":{"@id":"https:\/\/curiosidadesedicas.com\/loja\/#organization"},"potentialAction":[{"@type":"SearchAction","target":{"@type":"EntryPoint","urlTemplate":"https:\/\/curiosidadesedicas.com\/loja\/?s={search_term_string}"},"query-input":{"@type":"PropertyValueSpecification","valueRequired":true,"valueName":"search_term_string"}}],"inLanguage":"pt-PT"},{"@type":"Organization","@id":"https:\/\/curiosidadesedicas.com\/loja\/#organization","name":"Curiosidades & Dicas","url":"https:\/\/curiosidadesedicas.com\/loja\/","logo":{"@type":"ImageObject","inLanguage":"pt-PT","@id":"https:\/\/curiosidadesedicas.com\/loja\/#\/schema\/logo\/image\/","url":"https:\/\/curiosidadesedicas.com\/loja\/wp-content\/uploads\/2020\/05\/LogoCuriosidadesSimples.png","contentUrl":"https:\/\/curiosidadesedicas.com\/loja\/wp-content\/uploads\/2020\/05\/LogoCuriosidadesSimples.png","width":3528,"height":804,"caption":"Curiosidades & Dicas"},"image":{"@id":"https:\/\/curiosidadesedicas.com\/loja\/#\/schema\/logo\/image\/"}}]}},"_links":{"self":[{"href":"https:\/\/curiosidadesedicas.com\/loja\/wp-json\/wp\/v2\/product\/22308","targetHints":{"allow":["GET"]}}],"collection":[{"href":"https:\/\/curiosidadesedicas.com\/loja\/wp-json\/wp\/v2\/product"}],"about":[{"href":"https:\/\/curiosidadesedicas.com\/loja\/wp-json\/wp\/v2\/types\/product"}],"replies":[{"embeddable":true,"href":"https:\/\/curiosidadesedicas.com\/loja\/wp-json\/wp\/v2\/comments?post=22308"}],"wp:featuredmedia":[{"embeddable":true,"href":"https:\/\/curiosidadesedicas.com\/loja\/wp-json\/wp\/v2\/media\/22309"}],"wp:attachment":[{"href":"https:\/\/curiosidadesedicas.com\/loja\/wp-json\/wp\/v2\/media?parent=22308"}],"wp:term":[{"taxonomy":"product_brand","embeddable":true,"href":"https:\/\/curiosidadesedicas.com\/loja\/wp-json\/wp\/v2\/product_brand?post=22308"},{"taxonomy":"product_cat","embeddable":true,"href":"https:\/\/curiosidadesedicas.com\/loja\/wp-json\/wp\/v2\/product_cat?post=22308"},{"taxonomy":"product_tag","embeddable":true,"href":"https:\/\/curiosidadesedicas.com\/loja\/wp-json\/wp\/v2\/product_tag?post=22308"}],"curies":[{"name":"wp","href":"https:\/\/api.w.org\/{rel}","templated":true}]}}